{"id":16012,"date":"2022-06-18T01:13:26","date_gmt":"2022-06-18T01:13:26","guid":{"rendered":"https:\/\/zecovalve.com\/?post_type=product&#038;p=16012"},"modified":"2023-06-15T13:55:53","modified_gmt":"2023-06-15T13:55:53","slug":"manual-globe-valve","status":"publish","type":"product","link":"https:\/\/zecovalve.com\/tr\/urun\/manuel-glob-vana","title":{"rendered":"Manuel Glob Vana"},"content":{"rendered":"<p>ZECO Vana, d\u00f6rt tip glob vana sunan bir glob vana \u00fcreticisidir. \u00c7in'deki vana fabrikam\u0131z d\u00fc\u015f\u00fck ve y\u00fcksek bas\u0131n\u00e7l\u0131 uygulamalar i\u00e7in \u00e7elik d\u00f6k\u00fcm glob vanalar \u00fcretmektedir. ZECO Valve ayr\u0131ca d\u00f6vme \u00e7elik ve k\u00f6r\u00fckl\u00fc s\u0131zd\u0131rmaz glob vanalar\u0131n da tedarik\u00e7isidir.<\/p>\r\n\r\n\r\n\r\n<figure class=\"wp-block-image\">\r\n<p><img loading=\"lazy\" decoding=\"async\" class=\"wp-image-27902 size-medium\" src=\"https:\/\/zecovalve.com\/wp-content\/uploads\/2022\/06\/Manual-Globe-Valve-2-300x225.jpg\" alt=\"Manuel Glob Vana\" width=\"300\" height=\"225\" srcset=\"https:\/\/zecovalve.com\/wp-content\/uploads\/2022\/06\/Manual-Globe-Valve-2-300x225.jpg 300w, https:\/\/zecovalve.com\/wp-content\/uploads\/2022\/06\/Manual-Globe-Valve-2-768x576.jpg 768w, https:\/\/zecovalve.com\/wp-content\/uploads\/2022\/06\/Manual-Globe-Valve-2-600x450.jpg 600w, https:\/\/zecovalve.com\/wp-content\/uploads\/2022\/06\/Manual-Globe-Valve-2.jpg 800w\" sizes=\"auto, (max-width: 300px) 100vw, 300px\" \/><\/p>\r\n<\/figure>\r\n\r\n\r\n<div class=\"gb-button-wrapper gb-button-wrapper-6d8495a3\">\r\n\r\n\r\n<p><a class=\"gb-button gb-button-3d442e11 gb-button-text\" href=\"mailto:commercial@zecovalve.com\" target=\"_blank\" rel=\"noopener noreferrer\"><strong>MANUEL GLOB VANA FIYATI ALIN<\/strong><\/a><\/p>\r\n<\/div>\r\n\r\n\r\n\r\n\r\n<h2 class=\"wp-block-heading\" id=\"h-what-is-a-manual-globe-valve\">Manuel Glob Vana Nedir?<\/h2>\r\n\r\n\r\n\r\n<p>ZECO manuel glob vana, yol tipi yap\u0131 kullan\u0131r. Mil salmastras\u0131ndaki s\u0131zd\u0131rmazl\u0131ktan emin olmak i\u00e7in esnek grafit salmastra kullan\u0131n. Ayn\u0131 zamanda, \u00e7al\u0131\u015fma ko\u015fullar\u0131 alt\u0131nda, bo\u015fluk s\u0131v\u0131s\u0131 erozyonu ve salmastra de\u011fi\u015ftirme kolayl\u0131\u011f\u0131 da g\u00f6z \u00f6n\u00fcnde bulundurulmal\u0131d\u0131r. Vana kapa\u011f\u0131nda bir arka conta yap\u0131s\u0131 vard\u0131, bu yukar\u0131 s\u0131zd\u0131rmazl\u0131k y\u00fcz\u00fc ve g\u00f6vdenin s\u0131zd\u0131rmazl\u0131k y\u00fcz\u00fc, vana kap\u0131s\u0131 a\u00e7\u0131kken g\u00f6vdenin s\u0131zd\u0131rmaz oldu\u011fundan emin olmak i\u00e7in birbiriyle temas ediyordu. ZECO manuel glob vanan\u0131n bas\u0131nca g\u00f6re ak\u0131\u015f y\u00f6n\u00fc gereksinimleri olaca\u011f\u0131ndan, glob vanan\u0131n ak\u0131\u015f y\u00f6n\u00fc gereksinimlerine g\u00f6re monte edilmesi gerekir. Kurulum, vana \u00f6mr\u00fcne karar vermenin anahtar\u0131d\u0131r. Glob vanan\u0131n yanl\u0131\u015f montaj\u0131, \u00f6nemli performans d\u00fc\u015f\u00fc\u015f\u00fc olas\u0131l\u0131\u011f\u0131na neden olabilir, bu nedenle vanalar\u0131 monte etmeden \u00f6nce a\u015fa\u011f\u0131daki gibi noktalar\u0131 onaylamal\u0131d\u0131r. Glob vanalar\u0131n ak\u0131\u015f y\u00f6n\u00fcn\u00fc g\u00f6steren i\u015fareti kontrol edin ve vanalar\u0131 ak\u0131\u015f y\u00f6n\u00fcne g\u00f6re monte edin.<\/p>\r\n\r\n\r\n\r\n<h2 class=\"wp-block-heading\">Glob Vana nas\u0131l \u00e7al\u0131\u015f\u0131r?<\/h2>\r\n\r\n\r\n\r\n<p>Su musluklar\u0131, glob vanalar\u0131n nas\u0131l \u00e7al\u0131\u015ft\u0131\u011f\u0131n\u0131 g\u00f6steren en iyi \u00f6rnektir. Muslu\u011fu a\u00e7mak, tasar\u0131ma ba\u011fl\u0131 olarak sap\u0131 y\u00fckseltmek veya al\u00e7altmak anlam\u0131na gelir. Su daha sonra musluktan \u00e7\u0131kar. Di\u011fer y\u00f6ne \u00e7evrildi\u011finde, \u00f6rne\u011fin kapat\u0131ld\u0131\u011f\u0131nda, y\u00fckseltilmi\u015f kapak al\u00e7alt\u0131l\u0131r veya al\u00e7alt\u0131lm\u0131\u015f kapak y\u00fckseltilir.<\/p>\r\n\r\n\r\n\r\n<p>D\u00f6n\u00fc\u015f say\u0131s\u0131 musluktan \u00e7\u0131kan suyun hacmini etkiler. Benzer \u015fekilde, vanan\u0131n \u00e7ark\u0131n\u0131 kontrol ederek, vanadan belirli bir hacimde gaz veya s\u0131v\u0131 ge\u00e7er. Tamamen a\u00e7\u0131k bir glob vana, ak\u0131\u015f h\u0131z\u0131n\u0131n maksimumda oldu\u011fu anlam\u0131na gelir. \u00d6te yandan, tamamen kapal\u0131 bir glob vana, vanan\u0131n s\u0131zd\u0131rmazl\u0131\u011f\u0131 anlam\u0131na gelir.<\/p>\r\n\r\n\r\n\r\n<h2 class=\"wp-block-heading\">Glob Vanalar\u0131n \u00d6zellikleri<\/h2>\r\n\r\n\r\n\r\n<figure class=\"wp-block-table is-style-stripes\">\r\n<table>\r\n<tbody>\r\n<tr>\r\n<td>Boyut<\/td>\r\n<td>\u00bd\" ila 24\" (DN 15 ila DN 600)<\/td>\r\n<\/tr>\r\n<tr>\r\n<td>Bas\u0131n\u00e7 Derecesi<\/td>\r\n<td>ASME 150# ila 2500#<\/td>\r\n<\/tr>\r\n<tr>\r\n<td>Tasar\u0131m Standard\u0131<\/td>\r\n<td>API 602, MESC SPE 77\/103, BS 1873, DIN 3356, API 623<\/td>\r\n<\/tr>\r\n<tr>\r\n<td>Bas\u0131n\u00e7 \/ S\u0131cakl\u0131k Derecesi<\/td>\r\n<td>ASME B 16.34<\/td>\r\n<\/tr>\r\n<tr>\r\n<td>Test (Muayene) Standard\u0131<\/td>\r\n<td>API 598, API 6D, MESC 77\/103, ISO 5208, ISO15848 -1&amp;2, BS 6364<\/td>\r\n<\/tr>\r\n<tr>\r\n<td>\u0130n\u015faat Detaylar\u0131<\/td>\r\n<td>C\u0131vatal\u0131 Bone \/ Bas\u0131n\u00e7 Contal\u0131 Bone, OS &amp; Y Tipi Y\u00fckselen K\u00f6k<\/td>\r\n<\/tr>\r\n<tr>\r\n<td>U\u00e7 Ba\u011flant\u0131s\u0131<\/td>\r\n<td>Vidal\u0131, Soket Kaynakl\u0131, Flan\u015fl\u0131, G\u00f6bek Ucu, Al\u0131n Kaynakl\u0131<\/td>\r\n<\/tr>\r\n<tr>\r\n<td>Operat\u00f6r \/ Akt\u00fcat\u00f6r<\/td>\r\n<td>Kol, Di\u015fli, Akt\u00fcat\u00f6r (Pn\u00f6matik, Hidrolik, Elektro-Hidrolik ve Elektrik Motorlu)<\/td>\r\n<\/tr>\r\n<tr>\r\n<td>\u00dc\u00e7 farkl\u0131 tipte Kaput Yap\u0131s\u0131<\/td>\r\n<td>C\u0131vatal\u0131 Kaput, Bas\u0131n\u00e7 Contas\u0131, K\u00f6r\u00fckl\u00fc Conta<\/td>\r\n<\/tr>\r\n<\/tbody>\r\n<\/table>\r\n<\/figure>\r\n\r\n\r\n\r\n<h2 class=\"wp-block-heading\" id=\"h-features-of-manual-globe-valve\">Manuel Glob Vana \u00d6zellikleri:<\/h2>\r\n\r\n\r\n\r\n<ul class=\"wp-block-list\">\r\n<li>ZECO manuel glob vanan\u0131n diski, ortamdaki partik\u00fcllerin ve kirliliklerin g\u00f6vde i\u00e7inde birikmesini \u00f6nlemek i\u00e7in kendili\u011finden hizalanacak \u015fekilde tasarlanm\u0131\u015ft\u0131r;<\/li>\r\n<li>ZECO manuel glob vanan\u0131n entegre yata\u011f\u0131 ve kendinden hizalamal\u0131 diski, kabarc\u0131k s\u0131zd\u0131rmaz kapatma ve daha uzun s\u0131zd\u0131rmazl\u0131k \u00f6mr\u00fc sa\u011flar;<\/li>\r\n<li>ZECO glob vana a\u00e7\u0131ld\u0131\u011f\u0131nda, \u00f6zel olarak tasarlanm\u0131\u015f arka yatak, nem ve yabanc\u0131 maddelerin salmastraya s\u0131zmas\u0131n\u0131 \u00f6nler;<\/li>\r\n<li>ZECO manuel glob vanan\u0131n s\u0131zd\u0131rmazl\u0131k y\u00fczeyi, \u00f6zel \u00e7al\u0131\u015fma ko\u015fullar\u0131n\u0131n gereksinimlerini kar\u015f\u0131lamak i\u00e7in \u00e7e\u015fitli sert s\u0131zd\u0131rmazl\u0131k malzemelerinden yap\u0131labilir.<\/li>\r\n<\/ul>\r\n\r\n\r\n\r\n<h2 class=\"wp-block-heading\" id=\"h-material-of-manual-globe-valve\">Manuel Glob Vana Malzemesi:<\/h2>\r\n\r\n\r\n\r\n<figure class=\"wp-block-table is-style-stripes\">\r\n<table>\r\n<tbody>\r\n<tr>\r\n<td>Hay\u0131r<\/td>\r\n<td>Par\u00e7a<\/td>\r\n<td>Malzeme<\/td>\r\n<\/tr>\r\n<tr>\r\n<td>1<\/td>\r\n<td>V\u00fccut<\/td>\r\n<td>ASTM A351 CF8M<\/td>\r\n<\/tr>\r\n<tr>\r\n<td>2<\/td>\r\n<td>Disk<\/td>\r\n<td>ASTM A182 F316<\/td>\r\n<\/tr>\r\n<tr>\r\n<td>3<\/td>\r\n<td>K\u00f6k<\/td>\r\n<td>ASTM A276 316<\/td>\r\n<\/tr>\r\n<tr>\r\n<td>4<\/td>\r\n<td>Kaput Contas\u0131<\/td>\r\n<td>Grafit + SS316<\/td>\r\n<\/tr>\r\n<tr>\r\n<td>5<\/td>\r\n<td>Bone<\/td>\r\n<td>ASTM A351 CF8M<\/td>\r\n<\/tr>\r\n<tr>\r\n<td>6<\/td>\r\n<td>Kaput C\u0131vatas\u0131<\/td>\r\n<td>ASTM A193 B8M<\/td>\r\n<\/tr>\r\n<tr>\r\n<td>7<\/td>\r\n<td>Kaput Somunu<\/td>\r\n<td>ASTM A194 8M<\/td>\r\n<\/tr>\r\n<tr>\r\n<td>8<\/td>\r\n<td>K\u00f6k Ambalaj<\/td>\r\n<td>G\u00fc\u00e7lendirilmi\u015f Grafit<\/td>\r\n<\/tr>\r\n<tr>\r\n<td>9<\/td>\r\n<td>Bez<\/td>\r\n<td>ASTM A276 316<\/td>\r\n<\/tr>\r\n<tr>\r\n<td>10<\/td>\r\n<td>Bezi G\u00f6zl\u00fc C\u0131vata<\/td>\r\n<td>ASTM A193 B8M<\/td>\r\n<\/tr>\r\n<tr>\r\n<td>11<\/td>\r\n<td>K\u00f6k Somun<\/td>\r\n<td>ASTM B148<\/td>\r\n<\/tr>\r\n<\/tbody>\r\n<\/table>\r\n<\/figure>\r\n\r\n\r\n\r\n<h2 class=\"wp-block-heading\">Glob Vana \u00dcreticisi<\/h2>\r\n\r\n\r\n\r\n<p>En b\u00fcy\u00fck Glob Vana \u00dcreticilerinden biri olarak tan\u0131nan ZECO Vana, i\u015flevsel bir glob vana ihtiyac\u0131n\u0131 kar\u015f\u0131layan \u00f6nde gelen bir kurulu\u015f olarak hareket etmektedir. ZECO Glob Vanalar\u0131 buhar, servis ve i\u015fleme boru hatlar\u0131 gibi \u00e7e\u015fitli makine ve end\u00fcstri t\u00fcrlerinde kullan\u0131lmaktad\u0131r. Glob vanalar, tek ak\u0131\u015fl\u0131 ak\u0131\u015f kontrol\u00fc i\u00e7in yayg\u0131n olarak kullan\u0131l\u0131r ve tesisleri d\u00fczenlemek i\u00e7in verimli bir \u015fekilde \u00e7al\u0131\u015f\u0131r.<\/p>\r\n\r\n\r\n\r\n<h2 class=\"wp-block-heading\">Glob Vana Sat\u0131n Al\u0131rken Dikkat Edilmesi Gerekenler<\/h2>\r\n\r\n\r\n\r\n<h3 class=\"wp-block-heading\">Valf Boyutu S\u0131n\u0131rlamalar\u0131<\/h3>\r\n\r\n\r\n\r\n<p>Ak\u0131\u015f ortam\u0131n\u0131n i\u00e7 bas\u0131nc\u0131 nedeniyle vana \u00e7ap\u0131nda bir s\u0131n\u0131rlama vard\u0131r. Glob vana \u00fcreticileri boyutu Nominal Boru Boyutu (NPS) 12 veya Nominal \u00c7ap (DN) 300 ile s\u0131n\u0131rlar. Bu aral\u0131klar\u0131n \u00f6tesinde, bas\u0131n\u00e7 alt\u0131ndayken vanalar kolayca a\u00e7\u0131lmayabilir veya kapanmayabilir.<\/p>\r\n\r\n\r\n\r\n<h3 class=\"wp-block-heading\">Valf Trimleri<\/h3>\r\n\r\n\r\n\r\n<p>K\u0131sma ve 200 psi'yi a\u015fan y\u00fcksek bas\u0131n\u00e7la u\u011fra\u015f\u0131rken, valf trimleri ba\u015far\u0131s\u0131z olma e\u011filimindedir. Bu gibi durumlarda, \u00f6zel bir valf trimi talep etmek daha iyidir.<\/p>\r\n\r\n\r\n\r\n<h3 class=\"wp-block-heading\">P-T Derecelendirmesi<\/h3>\r\n\r\n\r\n\r\n<p>P-T derecesi, metal malzemeye g\u00f6re vanan\u0131n kald\u0131rabilece\u011fi en y\u00fcksek bas\u0131n\u00e7 ve s\u0131cakl\u0131k oran\u0131n\u0131n derecesini ifade eder.<\/p>\r\n\r\n\r\n\r\n<p>S\u0131cakl\u0131k artt\u0131k\u00e7a, g\u00f6vdenin bas\u0131n\u00e7la ba\u015fa \u00e7\u0131kma kapasitesi azal\u0131r. Buna ek olarak, koltuk malzemesi ve tasar\u0131m\u0131 genel derecelendirmeyi belirler.<\/p>\r\n\r\n\r\n\r\n<p>\u00c7o\u011fu glob vana \u00fcreticisi \u015firket ANS taraf\u0131ndan belirlenen toplam de\u011feri, yani 100\u00b0F'deki g\u00f6vde bas\u0131n\u00e7 de\u011ferini kullan\u0131r.<\/p>\r\n\r\n\r\n\r\n<h3 class=\"wp-block-heading\">Orta Tip<\/h3>\r\n\r\n\r\n\r\n<p>Ortam tipi, bir glob vana sat\u0131n al\u0131rken g\u00f6z \u00f6n\u00fcnde bulundurulmas\u0131 gereken en \u00f6nemli hususlardan biridir. Belirli vana tasar\u0131mlar\u0131 i\u00e7in uygun olabilecek veya olmayabilecek bir\u00e7ok ortam t\u00fcr\u00fc vard\u0131r.<\/p>\r\n\r\n\r\n\r\n<p>\u00d6rne\u011fin, bulama\u00e7lar daha a\u011f\u0131r olduklar\u0131ndan ve geride kalabilecek daha b\u00fcy\u00fck bile\u015fenler i\u00e7erdiklerinden uygun ortamlar de\u011fildir. Bunlar da disklere zarar verebilir. Ayr\u0131ca, bu t\u00fcr viskoz malzemeler b\u00fcy\u00fck bir bas\u0131n\u00e7 d\u00fc\u015f\u00fc\u015f\u00fc yaratabilir.<\/p>\r\n\r\n\r\n\r\n<h3 class=\"wp-block-heading\">Malzeme<\/h3>\r\n\r\n\r\n\r\n<p>Vana i\u00e7inde akan ortam, vanan\u0131n yap\u0131m\u0131nda kullan\u0131lan malzeme ile ili\u015fkilidir. Kullan\u0131lan malzeme korozif diren\u00e7li mi? Ak\u0131\u015f malzemesi ne kadar konsantredir? Akan bir ortam ko\u015fulu mu olacak? Yoksa ortam\u0131n akmas\u0131n\u0131 m\u0131 durduracak? Bu sorular\u0131n yan\u0131tlar\u0131 vanan\u0131n kullan\u0131m \u00f6mr\u00fcn\u00fc do\u011frudan etkiler.<\/p>\r\n\r\n\r\n\r\n<h3 class=\"wp-block-heading\">End\u00fcstri Standartlar\u0131na Uygunluk<\/h3>\r\n\r\n\r\n\r\n<p>End\u00fcstri standartlar\u0131n\u0131 takip ederek ve kar\u015f\u0131layarak, vanan\u0131n b\u00fct\u00fcnl\u00fc\u011f\u00fcn\u00fc koruman\u0131n yan\u0131 s\u0131ra g\u00fcvenlik g\u00fcvencesi de sa\u011flar.<\/p>\r\n\r\n\r\n\r\n<p>Bunlar, a\u015fa\u011f\u0131dakiler taraf\u0131ndan verilen sertifikalar\u0131 ve standartlar\u0131 i\u00e7erir:<\/p>\r\n\r\n\r\n\r\n<p>Amerikan Makine M\u00fchendisleri Toplulu\u011fu (ASME) Amerikan Petrol Enstit\u00fcs\u00fc (API) Vana Ba\u011flant\u0131 Par\u00e7alar\u0131 \u0130malat\u00e7\u0131lar\u0131 Standardizasyon Toplulu\u011fu (MSS)<\/p>","protected":false},"excerpt":{"rendered":"<p>ZECO Valve, d\u00f6rt tip k\u00fcresel vana sunan bir k\u00fcresel vana \u00fcreticisidir. \u00c7in&#039;deki vana fabrikam\u0131z \u00e7elik d\u00f6k\u00fcm \u00fcretiyor\u2026 <a title=\"Manuel Glob Vana\" class=\"read-more\" href=\"https:\/\/zecovalve.com\/tr\/urun\/manuel-glob-vana\" aria-label=\"Manuel Glob Vana hakk\u0131nda daha fazla bilgi\">Daha fazla bilgi edinin<\/a><\/p>","protected":false},"featured_media":27902,"comment_status":"closed","ping_status":"closed","template":"","meta":{"_generate-full-width-content":"","kt_blocks_editor_width":""},"product_cat":[2049],"product_tag":[],"class_list":["post-16012","product","type-product","status-publish","has-post-thumbnail","hentry","product_cat-globe-valve","sales-flash-overlay","woocommerce-text-align-center","woocommerce-image-align-center","do-quantity-buttons"],"featured_image_src_large":["https:\/\/zecovalve.com\/wp-content\/uploads\/2022\/06\/Manual-Globe-Valve-2.jpg",800,600,false],"author_info":[],"comment_info":0,"taxonomy_info":{"product_cat":[{"value":2049,"label":"Globe Valve"}]},"yoast_head":"<!-- This site is optimized with the Yoast SEO Premium plugin v15.4 - https:\/\/yoast.com\/wordpress\/plugins\/seo\/ -->\n<title>Globe Valve Manufacturer - Globe Valve Factory | Zeco Valve<\/title>\n<meta name=\"robots\" content=\"index, follow, max-snippet:-1, max-image-preview:large, max-video-preview:-1\" \/>\n<link rel=\"canonical\" href=\"https:\/\/zecovalve.com\/tr\/urun\/manuel-glob-vana\" \/>\n<meta property=\"og:locale\" content=\"tr_TR\" \/>\n<meta property=\"og:type\" content=\"article\" \/>\n<meta property=\"og:title\" content=\"Globe Valve Manufacturer - Globe Valve Factory | Zeco Valve\" \/>\n<meta property=\"og:description\" content=\"ZECO Valve is a globe valve manufacturer that offers four types of globe valves. Our valve factory in China produces cast steel ... Read more\" \/>\n<meta property=\"og:url\" content=\"https:\/\/zecovalve.com\/tr\/urun\/manuel-glob-vana\" \/>\n<meta property=\"og:site_name\" content=\"ZECO Valve\" \/>\n<meta property=\"article:modified_time\" content=\"2023-06-15T13:55:53+00:00\" \/>\n<meta property=\"og:image\" content=\"https:\/\/zecovalve.com\/wp-content\/uploads\/2022\/06\/Manual-Globe-Valve-2.jpg\" \/>\n\t<meta property=\"og:image:width\" content=\"800\" \/>\n\t<meta property=\"og:image:height\" content=\"600\" \/>\n<meta name=\"twitter:card\" content=\"summary_large_image\" \/>\n<meta name=\"twitter:label1\" content=\"Yazan:\">\n\t<meta name=\"twitter:data1\" content=\"ZECO Valve\">\n\t<meta name=\"twitter:label2\" content=\"Tahmini okuma s\u00fcresi\">\n\t<meta name=\"twitter:data2\" content=\"4 dakika\">\n<script type=\"application\/ld+json\" class=\"yoast-schema-graph\">{\"@context\":\"https:\/\/schema.org\",\"@graph\":[{\"@type\":\"WebSite\",\"@id\":\"https:\/\/zecovalve.com\/#website\",\"url\":\"https:\/\/zecovalve.com\/\",\"name\":\"ZECO Valve\",\"description\":\"Industrial Ball Valve, Gate Valve and Globe Valve Manufacturer\",\"potentialAction\":[{\"@type\":\"SearchAction\",\"target\":\"https:\/\/zecovalve.com\/?s={search_term_string}\",\"query-input\":\"required name=search_term_string\"}],\"inLanguage\":\"tr\"},{\"@type\":\"ImageObject\",\"@id\":\"https:\/\/zecovalve.com\/product\/manual-globe-valve#primaryimage\",\"inLanguage\":\"tr\",\"url\":\"https:\/\/zecovalve.com\/wp-content\/uploads\/2022\/06\/Manual-Globe-Valve-2.jpg\",\"width\":800,\"height\":600,\"caption\":\"Manual Globe Valve\"},{\"@type\":\"WebPage\",\"@id\":\"https:\/\/zecovalve.com\/product\/manual-globe-valve#webpage\",\"url\":\"https:\/\/zecovalve.com\/product\/manual-globe-valve\",\"name\":\"Globe Valve Manufacturer - Globe Valve Factory | Zeco Valve\",\"isPartOf\":{\"@id\":\"https:\/\/zecovalve.com\/#website\"},\"primaryImageOfPage\":{\"@id\":\"https:\/\/zecovalve.com\/product\/manual-globe-valve#primaryimage\"},\"datePublished\":\"2022-06-18T01:13:26+00:00\",\"dateModified\":\"2023-06-15T13:55:53+00:00\",\"breadcrumb\":{\"@id\":\"https:\/\/zecovalve.com\/product\/manual-globe-valve#breadcrumb\"},\"inLanguage\":\"tr\",\"potentialAction\":[{\"@type\":\"ReadAction\",\"target\":[\"https:\/\/zecovalve.com\/product\/manual-globe-valve\"]}]},{\"@type\":\"BreadcrumbList\",\"@id\":\"https:\/\/zecovalve.com\/product\/manual-globe-valve#breadcrumb\",\"itemListElement\":[{\"@type\":\"ListItem\",\"position\":1,\"item\":{\"@type\":\"WebPage\",\"@id\":\"https:\/\/zecovalve.com\/\",\"url\":\"https:\/\/zecovalve.com\/\",\"name\":\"Home\"}},{\"@type\":\"ListItem\",\"position\":2,\"item\":{\"@type\":\"WebPage\",\"@id\":\"https:\/\/zecovalve.com\/product-category\",\"url\":\"https:\/\/zecovalve.com\/product-category\",\"name\":\"Industrial Valve Manufacturer | Water Valve Manufacturer\"}},{\"@type\":\"ListItem\",\"position\":3,\"item\":{\"@type\":\"WebPage\",\"@id\":\"https:\/\/zecovalve.com\/product\/manual-globe-valve\",\"url\":\"https:\/\/zecovalve.com\/product\/manual-globe-valve\",\"name\":\"Manual Globe Valve\"}}]}]}<\/script>\n<!-- \/ Yoast SEO Premium plugin. -->","_links":{"self":[{"href":"https:\/\/zecovalve.com\/tr\/wp-json\/wp\/v2\/product\/16012","targetHints":{"allow":["GET"]}}],"collection":[{"href":"https:\/\/zecovalve.com\/tr\/wp-json\/wp\/v2\/product"}],"about":[{"href":"https:\/\/zecovalve.com\/tr\/wp-json\/wp\/v2\/types\/product"}],"replies":[{"embeddable":true,"href":"https:\/\/zecovalve.com\/tr\/wp-json\/wp\/v2\/comments?post=16012"}],"wp:featuredmedia":[{"embeddable":true,"href":"https:\/\/zecovalve.com\/tr\/wp-json\/wp\/v2\/media\/27902"}],"wp:attachment":[{"href":"https:\/\/zecovalve.com\/tr\/wp-json\/wp\/v2\/media?parent=16012"}],"wp:term":[{"taxonomy":"product_cat","embeddable":true,"href":"https:\/\/zecovalve.com\/tr\/wp-json\/wp\/v2\/product_cat?post=16012"},{"taxonomy":"product_tag","embeddable":true,"href":"https:\/\/zecovalve.com\/tr\/wp-json\/wp\/v2\/product_tag?post=16012"}],"curies":[{"name":"wp","href":"https:\/\/api.w.org\/{rel}","templated":true}]}}