{"id":16029,"date":"2022-06-18T07:56:02","date_gmt":"2022-06-18T07:56:02","guid":{"rendered":"https:\/\/zecovalve.com\/?post_type=product&#038;p=16029"},"modified":"2023-08-17T05:29:56","modified_gmt":"2023-08-17T05:29:56","slug":"pneumatic-ball-valve","status":"publish","type":"product","link":"https:\/\/zecovalve.com\/tr\/urun\/pneumatic-ball-valve","title":{"rendered":"Pn\u00f6matik K\u00fcresel Vana"},"content":{"rendered":"<p id=\"h-pneumatic-ball-valve\">K\u00fcresel vanalar, otomasyon ve\/veya uzaktan kontrol i\u00e7in bir pn\u00f6matik akt\u00fcat\u00f6rle (pn\u00f6matik k\u00fcresel vanalar) birle\u015ftirilebilir.<\/p>\r\n\r\n\r\n\r\n\r\n\r\n<figure class=\"wp-block-image size-full is-resized\">\r\n<figure id=\"attachment_28083\" aria-describedby=\"caption-attachment-28083\" style=\"width: 290px\" class=\"wp-caption alignnone\"><img loading=\"lazy\" decoding=\"async\" class=\"wp-image-28083 size-medium\" src=\"https:\/\/zecovalve.com\/wp-content\/uploads\/2022\/06\/Pneumatic-Ball-Valve-3-300x225.jpg\" alt=\"Pn\u00f6matik K\u00fcresel Vana\" width=\"300\" height=\"225\" srcset=\"https:\/\/zecovalve.com\/wp-content\/uploads\/2022\/06\/Pneumatic-Ball-Valve-3-300x225.jpg 300w, https:\/\/zecovalve.com\/wp-content\/uploads\/2022\/06\/Pneumatic-Ball-Valve-3-768x576.jpg 768w, https:\/\/zecovalve.com\/wp-content\/uploads\/2022\/06\/Pneumatic-Ball-Valve-3-600x450.jpg 600w, https:\/\/zecovalve.com\/wp-content\/uploads\/2022\/06\/Pneumatic-Ball-Valve-3.jpg 800w\" sizes=\"auto, (max-width: 300px) 100vw, 300px\" \/><figcaption id=\"caption-attachment-28083\" class=\"wp-caption-text\">Pn\u00f6matik K\u00fcresel Vana<\/figcaption><\/figure>\r\n\r\n<\/figure>\r\n\r\n\r\n<div class=\"gb-button-wrapper gb-button-wrapper-6d8495a3\">\r\n\r\n\r\n<p><a class=\"gb-button gb-button-3d442e11 gb-button-text\" href=\"mailto:commercial@zecovalve.com\" target=\"_blank\" rel=\"noopener noreferrer\"><strong>PN\u00d6MATIK K\u00dcRESEL VANA FIYATI ALIN<\/strong><\/a><\/p>\r\n<\/div>\r\n\r\n\r\n\r\n\r\n<h2 class=\"wp-block-heading\" id=\"h-what-is-a-pneumatic-ball-valve\">Pn\u00f6matik K\u00fcresel Vana Nedir?<\/h2>\r\n\r\n\r\n\r\n<p>ZECO pn\u00f6matik k\u00fcresel vana, pn\u00f6matik akt\u00fcat\u00f6r ve k\u00fcresel vana isimli par\u00e7alardan olu\u015fur. Pn\u00f6matik k\u00fcresel vanan\u0131n avantaj\u0131 h\u0131zl\u0131 anahtarlama h\u0131z\u0131d\u0131r, normal anahtarlama h\u0131z\u0131 0,05 saniye \/ zamana ula\u015fabilir, ayr\u0131ca h\u0131zl\u0131 anahtarlama nedeniyle ZECO pn\u00f6matik k\u00fcresel vana genellikle boru hatt\u0131nda h\u0131zl\u0131 bir kesme vanas\u0131 olarak kullan\u0131l\u0131r. Pn\u00f6matik cihazlar genellikle solenoid valfler, hava kayna\u011f\u0131 i\u015fleme \u00fc\u00e7l\u00fcleri, limit anahtar\u0131, konumland\u0131r\u0131c\u0131 ve kontrol kutusu ile donat\u0131lm\u0131\u015ft\u0131r, bu nedenle ZECO pn\u00f6matik k\u00fcresel vana ve elektrikli k\u00fcresel vana da uzaktan \u00e7al\u0131\u015ft\u0131rma sa\u011flayabilir.<\/p>\r\n\r\n\r\n\r\n<div class=\"wp-block-columns is-layout-flex wp-container-core-columns-is-layout-9d6595d7 wp-block-columns-is-layout-flex\">\r\n<div class=\"wp-block-column is-layout-flow wp-block-column-is-layout-flow\">\r\n<figure class=\"wp-block-image size-large is-resized\"><img loading=\"lazy\" decoding=\"async\" class=\"wp-image-18019\" src=\"https:\/\/zecovalve.com\/wp-content\/uploads\/2022\/07\/Pneumatic-ball-valve-1024x768.jpg\" alt=\"\" width=\"512\" height=\"384\" srcset=\"https:\/\/zecovalve.com\/wp-content\/uploads\/2022\/07\/Pneumatic-ball-valve-1024x768.jpg 1024w, https:\/\/zecovalve.com\/wp-content\/uploads\/2022\/07\/Pneumatic-ball-valve-300x225.jpg 300w, https:\/\/zecovalve.com\/wp-content\/uploads\/2022\/07\/Pneumatic-ball-valve-768x576.jpg 768w, https:\/\/zecovalve.com\/wp-content\/uploads\/2022\/07\/Pneumatic-ball-valve-1536x1152.jpg 1536w, https:\/\/zecovalve.com\/wp-content\/uploads\/2022\/07\/Pneumatic-ball-valve-2048x1536.jpg 2048w, https:\/\/zecovalve.com\/wp-content\/uploads\/2022\/07\/Pneumatic-ball-valve-600x450.jpg 600w\" sizes=\"auto, (max-width: 512px) 100vw, 512px\" \/><\/figure>\r\n<\/div>\r\n\r\n\r\n\r\n<div class=\"wp-block-column is-layout-flow wp-block-column-is-layout-flow\">\r\n<figure class=\"wp-block-image size-large is-resized\"><img loading=\"lazy\" decoding=\"async\" class=\"wp-image-18021\" src=\"https:\/\/zecovalve.com\/wp-content\/uploads\/2022\/07\/Pneumatic-ball-valve-2-1024x768.jpg\" alt=\"\" width=\"512\" height=\"384\" srcset=\"https:\/\/zecovalve.com\/wp-content\/uploads\/2022\/07\/Pneumatic-ball-valve-2-1024x768.jpg 1024w, https:\/\/zecovalve.com\/wp-content\/uploads\/2022\/07\/Pneumatic-ball-valve-2-300x225.jpg 300w, https:\/\/zecovalve.com\/wp-content\/uploads\/2022\/07\/Pneumatic-ball-valve-2-768x576.jpg 768w, https:\/\/zecovalve.com\/wp-content\/uploads\/2022\/07\/Pneumatic-ball-valve-2-1536x1152.jpg 1536w, https:\/\/zecovalve.com\/wp-content\/uploads\/2022\/07\/Pneumatic-ball-valve-2-2048x1536.jpg 2048w, https:\/\/zecovalve.com\/wp-content\/uploads\/2022\/07\/Pneumatic-ball-valve-2-600x450.jpg 600w\" sizes=\"auto, (max-width: 512px) 100vw, 512px\" \/><\/figure>\r\n<\/div>\r\n\r\n\r\n\r\n<div class=\"wp-block-column is-layout-flow wp-block-column-is-layout-flow\">\r\n<figure class=\"wp-block-image size-large is-resized\"><img loading=\"lazy\" decoding=\"async\" class=\"wp-image-18022\" src=\"https:\/\/zecovalve.com\/wp-content\/uploads\/2022\/07\/Pneumatic-ball-valve-3-1024x768.jpg\" alt=\"\" width=\"512\" height=\"384\" srcset=\"https:\/\/zecovalve.com\/wp-content\/uploads\/2022\/07\/Pneumatic-ball-valve-3-1024x768.jpg 1024w, https:\/\/zecovalve.com\/wp-content\/uploads\/2022\/07\/Pneumatic-ball-valve-3-300x225.jpg 300w, https:\/\/zecovalve.com\/wp-content\/uploads\/2022\/07\/Pneumatic-ball-valve-3-768x576.jpg 768w, https:\/\/zecovalve.com\/wp-content\/uploads\/2022\/07\/Pneumatic-ball-valve-3-1536x1152.jpg 1536w, https:\/\/zecovalve.com\/wp-content\/uploads\/2022\/07\/Pneumatic-ball-valve-3-2048x1536.jpg 2048w, https:\/\/zecovalve.com\/wp-content\/uploads\/2022\/07\/Pneumatic-ball-valve-3-600x450.jpg 600w\" sizes=\"auto, (max-width: 512px) 100vw, 512px\" \/><\/figure>\r\n<\/div>\r\n<\/div>\r\n\r\n\r\n\r\n<h2 class=\"wp-block-heading\" id=\"h-what-is-pneumatic-actuator\">Pn\u00f6matik Akt\u00fcat\u00f6r Nedir?<\/h2>\r\n\r\n\r\n\r\n<p>Pn\u00f6matik akt\u00fcat\u00f6rler, bas\u0131n\u00e7l\u0131 hava enerjisini mekanik harekete d\u00f6n\u00fc\u015ft\u00fcrerek k\u00fcresel vanalar\u0131 kontrol eder. Bir k\u00fcresel vanada 90 derecelik bir d\u00f6n\u00fc\u015f i\u00e7in d\u00f6ner bir mekanik hareket gereklidir. Pn\u00f6matik akt\u00fcat\u00f6r k\u00fcresel vanalar\u0131 tek etkili veya \u00e7ift etkili olabilir. Tek etkili bir pn\u00f6matik akt\u00fcat\u00f6r, vanay\u0131 d\u00f6nd\u00fcrmek i\u00e7in tek bir bas\u0131n\u00e7l\u0131 hava giri\u015fi ve vanay\u0131 normal konumuna d\u00f6nd\u00fcrmek i\u00e7in bir yay kullan\u0131r. \u00c7ift etkili bir pn\u00f6matik akt\u00fcat\u00f6r, vanay\u0131 d\u00f6nd\u00fcrmek ve vanay\u0131 orijinal konumuna geri d\u00f6nd\u00fcrmek i\u00e7in iki bas\u0131n\u00e7l\u0131 hava giri\u015fine sahiptir.<\/p>\r\n\r\n\r\n\r\n<h2 class=\"wp-block-heading\" id=\"h-how-does-a-pneumatic-ball-valve-work\">Pn\u00f6matik K\u00fcresel Vana nas\u0131l \u00e7al\u0131\u015f\u0131r?<\/h2>\r\n\r\n\r\n\r\n<p>K\u00fcresel vanalar i\u00e7in pn\u00f6matik bir akt\u00fcat\u00f6r i\u00e7in en yayg\u0131n mekanizma kremayer ve pinyon mekanizmas\u0131d\u0131r. Bu mekanizma kremayer (do\u011frusal bir di\u015fli) ve pinyondan (dairesel bir di\u015fli) olu\u015fur. Kremayer, do\u011frusal hareket elde etmek i\u00e7in bas\u0131n\u00e7l\u0131 hava taraf\u0131ndan itilen bir pistona ba\u011fl\u0131d\u0131r. Bu do\u011frusal hareket pinyon di\u015flisi taraf\u0131ndan dairesel harekete d\u00f6n\u00fc\u015ft\u00fcr\u00fcl\u00fcr. Pinyon di\u015flisi, bir k\u00fcresel vanan\u0131n g\u00f6vdesini a\u00e7\u0131k ve kapal\u0131 konumlara hareket ettirir.<br \/>K\u00fcresel vanalara y\u00f6nelik pn\u00f6matik akt\u00fcat\u00f6r\u00fc kontrol etmek i\u00e7in bas\u0131n\u00e7l\u0131 hava solenoid vanalar taraf\u0131ndan d\u00fczenlenir. Kontrol\u00f6rden gelen elektrik sinyalleri solenoid valfe a\u00e7\u0131k veya kapal\u0131 konumlarda enerji vererek bas\u0131n\u00e7l\u0131 havan\u0131n pn\u00f6matik akt\u00fcat\u00f6r\u00fcn her iki piston taraf\u0131na akmas\u0131n\u0131 sa\u011flar. Piston, k\u00fcresel vanan\u0131n g\u00f6vdesine ba\u011fl\u0131 olan pinyonu d\u00f6nd\u00fcren kremayeri iter.<\/p>\r\n\r\n\r\n\r\n<h2 class=\"wp-block-heading\" id=\"h-applications-of-pneumatic-ball-valves\">Pn\u00f6matik K\u00fcresel Vana Uygulamalar\u0131<\/h2>\r\n\r\n\r\n\r\n<p>Pn\u00f6matik k\u00fcresel vanalar su, gaz, hava, ya\u011f ve di\u011fer ortamlar gibi ak\u0131\u015fkanlar\u0131 kullanan \u00e7ok say\u0131da end\u00fcstride kullan\u0131ma uygundur. Akt\u00fcat\u00f6rl\u00fc k\u00fcresel vanalar sat\u0131n ald\u0131\u011f\u0131n\u0131zda, bunlar\u0131 a\u015fa\u011f\u0131daki uygulamalardan herhangi biri i\u00e7in kullanabilirsiniz:<\/p>\r\n\r\n\r\n\r\n<ul class=\"wp-block-list\">\r\n<li>End\u00fcstriyel s\u00fcre\u00e7ler<\/li>\r\n<li>Kimyasal madde kullan\u0131m\u0131<\/li>\r\n<li>\u00dcretim<\/li>\r\n<li>Yiyecek ve i\u00e7ecek<\/li>\r\n<li>At\u0131k su i\u015fleme<\/li>\r\n<li>Madencilik<\/li>\r\n<li>Belediye ar\u0131tma tesisleri<\/li>\r\n<li>Enerji santralleri<\/li>\r\n<li>Enerji rafinerileri<\/li>\r\n<li>Temiz su \u00fcretimi<\/li>\r\n<li>D\u00fczenli Depolama Alanlar\u0131<\/li>\r\n<li>Ta\u015f\u0131nabilir su<\/li>\r\n<li>Y\u00fczme havuzlar\u0131<\/li>\r\n<li>Sulama<\/li>\r\n<\/ul>\r\n\r\n\r\n\r\n<h2 class=\"wp-block-heading\" id=\"h-features-of-pneumatic-ball-valve\">Pn\u00f6matik K\u00fcresel Vana \u00d6zellikleri:<\/h2>\r\n\r\n\r\n\r\n<ol>\r\n<li>ZECO pn\u00f6matik k\u00fcresel vana, sahaya ko\u015farak veya manuel kontrol riski alt\u0131nda y\u00fcksekli\u011fe t\u0131rmanarak enerji israf\u0131na gerek b\u0131rakmayan, personel verimlili\u011fi israf\u0131n\u0131 b\u00fcy\u00fck \u00f6l\u00e7\u00fcde azaltan ve personelin ki\u015fisel g\u00fcvenli\u011fini sa\u011flayan uzaktan merkezi kontrol\u00fc ger\u00e7ekle\u015ftirebilir;\r\n\r\n<\/li>\r\n<li>ZECO pn\u00f6matik k\u00fcresel vana, yaln\u0131zca bilyenin 90\u00b0 d\u00f6nmesini sa\u011flamak i\u00e7in bir hava kayna\u011f\u0131na ve vanay\u0131 s\u0131k\u0131ca kapatmak i\u00e7in k\u00fc\u00e7\u00fck bir torka ihtiya\u00e7 duyar. Boru hatt\u0131 ge\u00e7i\u015fi ile tam olarak ayn\u0131 boyuttaki vana g\u00f6vdesinin i\u00e7 haznesi, minimum diren\u00e7 sa\u011flar ve ortam da\u011f\u0131t\u0131m\u0131nda enerji israf\u0131n\u0131 azalt\u0131r;\r\n\r\n<\/li>\r\n<li>ZECO pn\u00f6matik k\u00fcresel vana uzun y\u0131llara dayanan \u00fcretim deneyimi ve uluslararas\u0131 ileri teknoloji, \u00e7ift conta yap\u0131s\u0131n\u0131n tasar\u0131m\u0131 ile birle\u015fti\u011finde, vanan\u0131n s\u0131zd\u0131rmazl\u0131k performans\u0131n\u0131n \u00e7e\u015fitli bas\u0131n\u00e7 ko\u015fullar\u0131nda b\u00fcy\u00fck \u00f6l\u00e7\u00fcde olmas\u0131n\u0131 sa\u011flar. Orta bas\u0131n\u00e7 d\u00fc\u015f\u00fck bas\u0131n\u00e7 alan\u0131nda \u00e7al\u0131\u015ft\u0131\u011f\u0131nda, valf yuvas\u0131 s\u0131zd\u0131rmazl\u0131k halkas\u0131 ile bilye aras\u0131ndaki temas alan\u0131 k\u00fc\u00e7\u00fckt\u00fcr, bu nedenle valf yuvas\u0131n\u0131n g\u00fcvenilir bir \u015fekilde kapat\u0131lmas\u0131n\u0131 sa\u011flamak i\u00e7in daha b\u00fcy\u00fck bir s\u0131zd\u0131rmazl\u0131k bas\u0131nc\u0131 vard\u0131r. Ortam y\u00fcksek bir konumda \u00e7al\u0131\u015ft\u0131\u011f\u0131nda, yuva s\u0131zd\u0131rmazl\u0131k halkas\u0131 ile k\u00fcresel vana aras\u0131ndaki temas alan\u0131 artar, b\u00f6ylece yuva s\u0131zd\u0131rmazl\u0131k halkas\u0131 hasar g\u00f6rmeden daha b\u00fcy\u00fck ortam iti\u015fine dayanabilir;\r\n\r\n<\/li>\r\n<li>ZECO pn\u00f6matik k\u00fcresel vanalar, m\u00fc\u015fterilerin \u00f6zel gereksinimlerini kar\u015f\u0131lamak i\u00e7in \u00e7e\u015fitli pn\u00f6matik akt\u00fcat\u00f6r markalar\u0131ndan se\u00e7ilebilir.<\/li>\r\n<\/ol>\r\n\r\n\r\n\r\n<h2 class=\"wp-block-heading\" id=\"h-material-of-pneumatic-ball-valve\">Pn\u00f6matik K\u00fcresel Vana Malzemesi:<\/h2>\r\n\r\n\r\n\r\n<figure class=\"wp-block-table\">\r\n<table>\r\n<tbody>\r\n<tr>\r\n<td>Hay\u0131r<\/td>\r\n<td>Par\u00e7a<\/td>\r\n<td>Malzeme<\/td>\r\n<\/tr>\r\n<tr>\r\n<td>1<\/td>\r\n<td>V\u00fccut<\/td>\r\n<td>D\u00d6VME \u00c7ELIK \/ KARBON \u00c7ELI\u011eI \/ PASLANMAZ \u00c7ELIK<\/td>\r\n<\/tr>\r\n<tr>\r\n<td>2<\/td>\r\n<td>Bone<\/td>\r\n<td>D\u00d6VME \u00c7ELIK \/ KARBON \u00c7ELI\u011eI \/ PASLANMAZ \u00c7ELIK<\/td>\r\n<\/tr>\r\n<tr>\r\n<td>3<\/td>\r\n<td>Top<\/td>\r\n<td>D\u00d6VME \u00c7ELIK \/ PASLANMAZ \u00c7ELIK<\/td>\r\n<\/tr>\r\n<tr>\r\n<td>4<\/td>\r\n<td>Koltuk<\/td>\r\n<td>PEFE \/ DEVELON \/ PEEK \/ METAL<\/td>\r\n<\/tr>\r\n<tr>\r\n<td>5<\/td>\r\n<td>K\u00f6k<\/td>\r\n<td>D\u00d6VME \u00c7ELIK \/ PASLANMAZ \u00c7ELIK<\/td>\r\n<\/tr>\r\n<tr>\r\n<td>6<\/td>\r\n<td>Anti-statik Cihaz<\/td>\r\n<td>SS304 \/ SS316<\/td>\r\n<\/tr>\r\n<tr>\r\n<td>7<\/td>\r\n<td>Conta<\/td>\r\n<td>Grafit + SS304 \/ SS316<\/td>\r\n<\/tr>\r\n<tr>\r\n<td>8<\/td>\r\n<td>C\u0131vata<\/td>\r\n<td>ASTM A193 B7 \/ B8 \/ B8M<\/td>\r\n<\/tr>\r\n<tr>\r\n<td>9<\/td>\r\n<td>F\u0131nd\u0131k<\/td>\r\n<td>ASTM A194 2H \/ 8 \/ 8M<\/td>\r\n<\/tr>\r\n<tr>\r\n<td>10<\/td>\r\n<td>O-ring<\/td>\r\n<td>Viton A<\/td>\r\n<\/tr>\r\n<tr>\r\n<td>11<\/td>\r\n<td>Pn\u00f6matik Akt\u00fcat\u00f6r<\/td>\r\n<td>SS304 \/ SS316 \/ Al\u00fcminyum<\/td>\r\n<\/tr>\r\n<\/tbody>\r\n<\/table>\r\n<\/figure>\r\n\r\n\r\n\r\n<h2 class=\"wp-block-heading\" id=\"h-selection-of-pneumatic-accessories-for-pneumatic-ball-valve\">Pn\u00f6matik K\u00fcresel Vana i\u00e7in Pn\u00f6matik Aksesuar Se\u00e7imi<\/h2>\r\n\r\n\r\n\r\n<h3 class=\"wp-block-heading\">Solenoid valf<\/h3>\r\n\r\n\r\n\r\n<p>\u00c7ift etkili silindir genellikle iki konumlu be\u015f yollu solenoid valf veya \u00fc\u00e7 konumlu be\u015f yollu solenoid valf ile donat\u0131lm\u0131\u015ft\u0131r. Tek etkili silindir, iki konumlu \u00fc\u00e7 yollu bir solenoid valf ile donat\u0131labilir. Voltaj DC24V, AC220V, vb. olabilir. Patlamaya dayan\u0131kl\u0131 gereksinimler dikkate al\u0131nmal\u0131d\u0131r.<\/p>\r\n\r\n\r\n\r\n<h3 class=\"wp-block-heading\">Limit Anahtar\u0131<\/h3>\r\n\r\n\r\n\r\n<p>Akt\u00fcat\u00f6r\u00fcn rol\u00fc, kontak sinyalinin d\u00f6n\u00fc\u015f\u00fcn\u00fc d\u00f6n\u00fc\u015ft\u00fcrmek ve kontrol enstr\u00fcmantasyonuna \u00e7\u0131k\u0131\u015f yapmak ve k\u00fcresel vanan\u0131n a\u00e7\u0131lma ve kapanma durumu hakk\u0131nda geri bildirim sa\u011flamakt\u0131r. Yayg\u0131n olarak mekanik ve manyetik ind\u00fcksiyon tipleri kullan\u0131l\u0131r. Patlamaya dayan\u0131kl\u0131 gereksinimler de dikkate al\u0131nmal\u0131d\u0131r.<\/p>\r\n\r\n\r\n\r\n<h3 class=\"wp-block-heading\">Pn\u00f6matik \u00fc\u00e7l\u00fc (FRL)<\/h3>\r\n\r\n\r\n\r\n<p>\u0130ki ve \u00fc\u00e7 par\u00e7a vard\u0131r, i\u015flev filtreleme, dekompresyon ve ya\u011f buhar\u0131. Silindirdeki kirlilikler nedeniyle silindir s\u0131k\u0131\u015fmas\u0131n\u0131 \u00f6nlemek i\u00e7in bunlar\u0131n tak\u0131lmas\u0131 \u00f6nerilir.<\/p>\r\n\r\n\r\n\r\n<p>Yukar\u0131da belirtilen \u00fc\u00e7 pn\u00f6matik aksesuar genellikle standart olarak tak\u0131l\u0131r, a\u015fa\u011f\u0131dakiler ek se\u00e7eneklerdir.<\/p>\r\n\r\n\r\n\r\n<h3 class=\"wp-block-heading\">Valf Konumland\u0131r\u0131c\u0131<\/h3>\r\n\r\n\r\n\r\n<p>Oransal ayar i\u00e7in pn\u00f6matik k\u00fcresel vanalar\u0131n tak\u0131lmas\u0131 gerekir, \u00e7o\u011funlukla pn\u00f6matik V \u015fekilli k\u00fcresel vanalar i\u00e7in kullan\u0131l\u0131r. Giri\u015f 4-20mA, geri besleme \u00e7\u0131k\u0131\u015f sinyali ile olup olmad\u0131\u011f\u0131n\u0131 dikkate almak i\u00e7in. Patlamaya kar\u015f\u0131 koruman\u0131n gerekli olup olmad\u0131\u011f\u0131. S\u0131radan tipler ve ak\u0131ll\u0131 tipler vard\u0131r.<\/p>\r\n\r\n\r\n\r\n<h3 class=\"wp-block-heading\">El \u00c7ark\u0131<\/h3>\r\n\r\n\r\n\r\n<p>K\u00fcresel vana ile silindir aras\u0131na monte edilir, sistem g\u00fcvenli\u011fini sa\u011flamak ve \u00fcretimi geciktirmemek i\u00e7in gaz kayna\u011f\u0131 ar\u0131zas\u0131 durumunda manuel bir anahtara de\u011fi\u015ftirilebilir.<\/p>\r\n\r\n\r\n\r\n<h3 class=\"wp-block-heading\">H\u0131zl\u0131 Egzoz Valfi<\/h3>\r\n\r\n\r\n\r\n<p>Pn\u00f6matik k\u00fcresel vanalar\u0131n a\u00e7\u0131l\u0131p kapanmas\u0131n\u0131 h\u0131zland\u0131rabilir. Silindir ile solenoid valf aras\u0131na monte edilir, b\u00f6ylece silindirdeki gaz solenoid valften ge\u00e7mez ve h\u0131zl\u0131 bir \u015fekilde bo\u015falt\u0131l\u0131r.<\/p>\r\n\r\n\r\n\r\n<h3 class=\"wp-block-heading\">Pn\u00f6matik Amplifikat\u00f6r<\/h3>\r\n\r\n\r\n\r\n<p>Konumland\u0131r\u0131c\u0131 \u00e7\u0131k\u0131\u015f\u0131ndan bas\u0131n\u00e7 sinyalini almak i\u00e7in silindire giden hava yoluna monte edilir, akt\u00fcat\u00f6re b\u00fcy\u00fck bir ak\u0131\u015f h\u0131z\u0131 sa\u011flar, valf hareket h\u0131z\u0131n\u0131 art\u0131rmak i\u00e7in kullan\u0131l\u0131r. 1:1 oran\u0131nda (sinyalin \u00e7\u0131k\u0131\u015fa oran\u0131). Esas olarak pn\u00f6matik sinyalleri uzun mesafelere (0-300m) iletmek ve iletim gecikmesinin etkilerini azaltmak i\u00e7in kullan\u0131l\u0131r.<\/p>\r\n\r\n\r\n\r\n<h3 class=\"wp-block-heading\">Pn\u00f6matik Pozisyon Tutma Valfi<\/h3>\r\n\r\n\r\n\r\n<p>Esas olarak hava kayna\u011f\u0131 bas\u0131nc\u0131n\u0131n kilitleme i\u015flemi i\u00e7in, hava kayna\u011f\u0131 bas\u0131nc\u0131ndan daha d\u00fc\u015f\u00fck oldu\u011funda valf hava besleme hatt\u0131n\u0131 keser, b\u00f6ylece valf hava kayna\u011f\u0131 ar\u0131zas\u0131ndan \u00f6nceki konumu korur. Hava kayna\u011f\u0131 bas\u0131nc\u0131 geri y\u00fcklendi\u011finde, silindire giden hava beslemesi de ayn\u0131 anda geri y\u00fcklenir.<\/p>","protected":false},"excerpt":{"rendered":"<p>K\u00fcresel vanalar, otomasyon ve\/veya uzaktan kontrol i\u00e7in bir pn\u00f6matik akt\u00fcat\u00f6rle (pn\u00f6matik k\u00fcresel vanalar) birle\u015ftirilebilir. Pn\u00f6matik Nedir? <a title=\"Pn\u00f6matik K\u00fcresel Vana\" class=\"read-more\" href=\"https:\/\/zecovalve.com\/tr\/urun\/pneumatic-ball-valve\" aria-label=\"Pn\u00f6matik K\u00fcresel Vana hakk\u0131nda daha fazlas\u0131\">Daha fazla bilgi edinin<\/a><\/p>","protected":false},"featured_media":28083,"comment_status":"closed","ping_status":"closed","template":"","meta":{"_generate-full-width-content":"","kt_blocks_editor_width":""},"product_cat":[2047,2460,2465],"product_tag":[2804,2802],"class_list":["post-16029","product","type-product","status-publish","has-post-thumbnail","hentry","product_cat-ball-valve","product_cat-ball-valve-by-drive-mode","product_cat-forged-steel-ball-valve","product_tag-2-inch-ball-valve","product_tag-ball-valve-price","sales-flash-overlay","woocommerce-text-align-center","woocommerce-image-align-center","do-quantity-buttons"],"featured_image_src_large":["https:\/\/zecovalve.com\/wp-content\/uploads\/2022\/06\/Pneumatic-Ball-Valve-3.jpg",800,600,false],"author_info":[],"comment_info":0,"taxonomy_info":{"product_cat":[{"value":2047,"label":"Ball Valve"},{"value":2460,"label":"Ball Valve By Drive Mode"},{"value":2465,"label":"Forged Ball Valve"}],"product_tag":[{"value":2804,"label":"2 inch Ball Valve"},{"value":2802,"label":"Ball Valve Price"}]},"yoast_head":"<!-- This site is optimized with the Yoast SEO Premium plugin v15.4 - https:\/\/yoast.com\/wordpress\/plugins\/seo\/ -->\n<title>Pneumatic Ball Valve - Actuated Ball Valve | ZECO Valve<\/title>\n<meta name=\"robots\" content=\"index, follow, max-snippet:-1, max-image-preview:large, max-video-preview:-1\" \/>\n<link rel=\"canonical\" href=\"https:\/\/zecovalve.com\/tr\/urun\/pneumatic-ball-valve\" \/>\n<meta property=\"og:locale\" content=\"tr_TR\" \/>\n<meta property=\"og:type\" content=\"article\" \/>\n<meta property=\"og:title\" content=\"Pneumatic Ball Valve - Actuated Ball Valve | ZECO Valve\" \/>\n<meta property=\"og:description\" content=\"Ball valves can be combined with a pneumatic actuator (pneumatic ball valves) for automation and\/or for controlling remotely. What is a Pneumatic ... Read more\" \/>\n<meta property=\"og:url\" content=\"https:\/\/zecovalve.com\/tr\/urun\/pneumatic-ball-valve\" \/>\n<meta property=\"og:site_name\" content=\"ZECO Valve\" \/>\n<meta property=\"article:modified_time\" content=\"2023-08-17T05:29:56+00:00\" \/>\n<meta property=\"og:image\" content=\"https:\/\/zecovalve.com\/wp-content\/uploads\/2022\/06\/Pneumatic-Ball-Valve-3.jpg\" \/>\n\t<meta property=\"og:image:width\" content=\"800\" \/>\n\t<meta property=\"og:image:height\" content=\"600\" \/>\n<meta name=\"twitter:card\" content=\"summary_large_image\" \/>\n<meta name=\"twitter:label1\" content=\"Yazan:\">\n\t<meta name=\"twitter:data1\" content=\"Jerry\">\n\t<meta name=\"twitter:label2\" content=\"Tahmini okuma s\u00fcresi\">\n\t<meta name=\"twitter:data2\" content=\"4 dakika\">\n<script type=\"application\/ld+json\" class=\"yoast-schema-graph\">{\"@context\":\"https:\/\/schema.org\",\"@graph\":[{\"@type\":\"WebSite\",\"@id\":\"https:\/\/zecovalve.com\/#website\",\"url\":\"https:\/\/zecovalve.com\/\",\"name\":\"ZECO Valve\",\"description\":\"Industrial Ball Valve, Gate Valve and Globe Valve Manufacturer\",\"potentialAction\":[{\"@type\":\"SearchAction\",\"target\":\"https:\/\/zecovalve.com\/?s={search_term_string}\",\"query-input\":\"required name=search_term_string\"}],\"inLanguage\":\"tr\"},{\"@type\":\"ImageObject\",\"@id\":\"https:\/\/zecovalve.com\/product\/pneumatic-ball-valve#primaryimage\",\"inLanguage\":\"tr\",\"url\":\"https:\/\/zecovalve.com\/wp-content\/uploads\/2022\/06\/Pneumatic-Ball-Valve-3.jpg\",\"width\":800,\"height\":600,\"caption\":\"Pneumatic Ball Valve\"},{\"@type\":\"WebPage\",\"@id\":\"https:\/\/zecovalve.com\/product\/pneumatic-ball-valve#webpage\",\"url\":\"https:\/\/zecovalve.com\/product\/pneumatic-ball-valve\",\"name\":\"Pneumatic Ball Valve - Actuated Ball Valve | ZECO Valve\",\"isPartOf\":{\"@id\":\"https:\/\/zecovalve.com\/#website\"},\"primaryImageOfPage\":{\"@id\":\"https:\/\/zecovalve.com\/product\/pneumatic-ball-valve#primaryimage\"},\"datePublished\":\"2022-06-18T07:56:02+00:00\",\"dateModified\":\"2023-08-17T05:29:56+00:00\",\"breadcrumb\":{\"@id\":\"https:\/\/zecovalve.com\/product\/pneumatic-ball-valve#breadcrumb\"},\"inLanguage\":\"tr\",\"potentialAction\":[{\"@type\":\"ReadAction\",\"target\":[\"https:\/\/zecovalve.com\/product\/pneumatic-ball-valve\"]}]},{\"@type\":\"BreadcrumbList\",\"@id\":\"https:\/\/zecovalve.com\/product\/pneumatic-ball-valve#breadcrumb\",\"itemListElement\":[{\"@type\":\"ListItem\",\"position\":1,\"item\":{\"@type\":\"WebPage\",\"@id\":\"https:\/\/zecovalve.com\/\",\"url\":\"https:\/\/zecovalve.com\/\",\"name\":\"Home\"}},{\"@type\":\"ListItem\",\"position\":2,\"item\":{\"@type\":\"WebPage\",\"@id\":\"https:\/\/zecovalve.com\/product-category\",\"url\":\"https:\/\/zecovalve.com\/product-category\",\"name\":\"Industrial Valve Manufacturer | Water Valve Manufacturer\"}},{\"@type\":\"ListItem\",\"position\":3,\"item\":{\"@type\":\"WebPage\",\"@id\":\"https:\/\/zecovalve.com\/product\/pneumatic-ball-valve\",\"url\":\"https:\/\/zecovalve.com\/product\/pneumatic-ball-valve\",\"name\":\"Pneumatic Ball Valve\"}}]}]}<\/script>\n<!-- \/ Yoast SEO Premium plugin. -->","_links":{"self":[{"href":"https:\/\/zecovalve.com\/tr\/wp-json\/wp\/v2\/product\/16029","targetHints":{"allow":["GET"]}}],"collection":[{"href":"https:\/\/zecovalve.com\/tr\/wp-json\/wp\/v2\/product"}],"about":[{"href":"https:\/\/zecovalve.com\/tr\/wp-json\/wp\/v2\/types\/product"}],"replies":[{"embeddable":true,"href":"https:\/\/zecovalve.com\/tr\/wp-json\/wp\/v2\/comments?post=16029"}],"wp:featuredmedia":[{"embeddable":true,"href":"https:\/\/zecovalve.com\/tr\/wp-json\/wp\/v2\/media\/28083"}],"wp:attachment":[{"href":"https:\/\/zecovalve.com\/tr\/wp-json\/wp\/v2\/media?parent=16029"}],"wp:term":[{"taxonomy":"product_cat","embeddable":true,"href":"https:\/\/zecovalve.com\/tr\/wp-json\/wp\/v2\/product_cat?post=16029"},{"taxonomy":"product_tag","embeddable":true,"href":"https:\/\/zecovalve.com\/tr\/wp-json\/wp\/v2\/product_tag?post=16029"}],"curies":[{"name":"wp","href":"https:\/\/api.w.org\/{rel}","templated":true}]}}