{"id":16035,"date":"2022-06-18T08:33:26","date_gmt":"2022-06-18T08:33:26","guid":{"rendered":"https:\/\/zecovalve.com\/?post_type=product&#038;p=16035"},"modified":"2023-06-07T13:51:29","modified_gmt":"2023-06-07T13:51:29","slug":"stainless-steel-gate-valve","status":"publish","type":"product","link":"https:\/\/zecovalve.com\/tr\/urun\/stainless-steel-gate-valve","title":{"rendered":"Paslanmaz \u00c7elik S\u00fcrg\u00fcl\u00fc Vana"},"content":{"rendered":"<p>ZECO Vana, s\u00fcrg\u00fcl\u00fc vana versiyonlar\u0131nda paslanmaz \u00e7elik s\u00fcrg\u00fcl\u00fc vanalar\u0131n yan\u0131 s\u0131ra s\u00fcrg\u00fcl\u00fc vanalar, flan\u015fl\u0131 u\u00e7 \u00e7o\u011funlukla stoktan tedarik etmektedir.<\/p>\r\n\r\n\r\n\r\n<figure class=\"wp-block-image alignnone size-medium wp-image-16036\"><img loading=\"lazy\" decoding=\"async\" width=\"300\" height=\"225\" class=\"wp-image-16036\" src=\"https:\/\/zecovalve.com\/wp-content\/uploads\/2022\/06\/stainless-steel-gate-valve-300x225.jpg\" alt=\"Paslanmaz \u00c7elik S\u00fcrg\u00fcl\u00fc Vana\" srcset=\"https:\/\/zecovalve.com\/wp-content\/uploads\/2022\/06\/stainless-steel-gate-valve-300x225.jpg 300w, https:\/\/zecovalve.com\/wp-content\/uploads\/2022\/06\/stainless-steel-gate-valve-768x576.jpg 768w, https:\/\/zecovalve.com\/wp-content\/uploads\/2022\/06\/stainless-steel-gate-valve-600x450.jpg 600w, https:\/\/zecovalve.com\/wp-content\/uploads\/2022\/06\/stainless-steel-gate-valve.jpg 800w\" sizes=\"auto, (max-width: 300px) 100vw, 300px\" \/><\/figure>\r\n\r\n\r\n<div class=\"gb-button-wrapper gb-button-wrapper-f8260ba6\">\r\n\r\n\r\n<p><a class=\"gb-button gb-button-e4f70767 gb-button-text\" href=\"mailto:commercial@zecovalve.com\" target=\"_blank\" rel=\"noopener noreferrer\"><strong>PASLANMAZ \u00c7ELIK VANA FIYATI ALIN<\/strong><\/a><\/p>\r\n<\/div>\r\n\r\n\r\n\r\n\r\n<h2 class=\"wp-block-heading\" id=\"h-what-is-a-stainless-steel-gate-valve\">Paslanmaz \u00c7elik S\u00fcrg\u00fcl\u00fc Vana Nedir?<\/h2>\r\n\r\n\r\n\r\n<p>ZECO paslanmaz \u00e7elik s\u00fcrg\u00fcl\u00fc vana, korozif ortam i\u00e7eren boru hatlar\u0131 i\u00e7in kullan\u0131l\u0131r. Her t\u00fcrl\u00fc paslanmaz \u00e7elik malzeme i\u00e7in, orta korozyona direnme yetene\u011fi nispeten s\u0131n\u0131rl\u0131d\u0131r ve s\u0131cakl\u0131k, bas\u0131n\u00e7 ve PH gibi bir\u00e7ok d\u0131\u015f fakt\u00f6rden etkilenir. Bununla birlikte, \u0131s\u0131l i\u015flem ve i\u015fleme s\u00fcreci \u00fcretim s\u00fcreciyle tamamen uyumlu oldu\u011fu s\u00fcrece, malzemenin korozyon aral\u0131\u011f\u0131 dahilinde korozyona dayanmas\u0131 garanti edilebilir. Bu nedenle, paslanmaz \u00e7elik s\u00fcrg\u00fcl\u00fc vanalar\u0131n se\u00e7iminde, ortam\u0131n konsantrasyonunu, \u00e7al\u0131\u015fma ortam\u0131 s\u0131cakl\u0131\u011f\u0131n\u0131 ve korozyon direnci \u00fczerindeki malzeme ve di\u011fer fakt\u00f6rlerin se\u00e7imini dikkate almam\u0131z gerekir.\u00a0<\/p>\r\n\r\n\r\n\r\n<p>ZECO Vana, yakla\u015f\u0131k 30 y\u0131ld\u0131r paslanmaz \u00e7elik s\u00fcrg\u00fcl\u00fc vana \u00fcreticisidir ve kullan\u0131c\u0131lar\u0131n \u00e7al\u0131\u015fma ko\u015fullar\u0131 i\u00e7in model ve malzeme se\u00e7meleri i\u00e7in profesyonel \u00f6neriler sunar.<\/p>\r\n\r\n\r\n\r\n<h2 class=\"wp-block-heading\">Paslanmaz \u00c7elik S\u00fcrg\u00fcl\u00fc Vana nas\u0131l \u00e7al\u0131\u015f\u0131r?<\/h2>\r\n\r\n\r\n\r\n<p>Paslanmaz \u00e7elik s\u00fcrg\u00fcl\u00fc vana di\u011fer vanalara benzer \u015fekilde \u00e7al\u0131\u015f\u0131r. Vanay\u0131 a\u00e7mak i\u00e7in el \u00e7ark\u0131n\u0131 \u00e7evirin, bu da kap\u0131y\u0131 di\u015fler arac\u0131l\u0131\u011f\u0131yla mil \u00fczerinde yukar\u0131 veya a\u015fa\u011f\u0131 hareket ettirir. Paslanmaz \u00e7elik s\u00fcrg\u00fcl\u00fc vana, vanay\u0131 tamamen a\u00e7mak veya kapatmak i\u00e7in 360\u00b0'lik bir d\u00f6n\u00fc\u015ften daha fazlas\u0131n\u0131 gerektirir. Paslanmaz \u00e7elik kapak kald\u0131r\u0131ld\u0131\u011f\u0131nda, giri\u015fi \u00e7\u0131k\u0131\u015fa do\u011fru a\u00e7ar ve ortam\u0131n akmas\u0131 i\u00e7in engelsiz bir ge\u00e7i\u015f yolu sa\u011flar. Paslanmaz \u00e7elik kapak indirildi\u011finde kapan\u0131r ve ortam ak\u0131\u015f\u0131n\u0131 engeller.<\/p>\r\n\r\n\r\n\r\n<h2 class=\"wp-block-heading\" id=\"h-applications-of-stainless-steel-gate-valves\">Paslanmaz \u00c7elik S\u00fcrg\u00fcl\u00fc Vana Uygulamalar\u0131<\/h2>\r\n\r\n\r\n\r\n<p>Esnekli\u011fi nedeniyle, paslanmaz \u00e7elik s\u00fcrg\u00fcl\u00fc vana bir dizi end\u00fcstriyel uygulamada kullan\u0131l\u0131r. Bunlar \u015funlar\u0131 i\u00e7erir:<\/p>\r\n\r\n\r\n\r\n<ul class=\"wp-block-list\">\r\n<li>Petrol ve gaz end\u00fcstrisi;<\/li>\r\n<li>Kimyasal ve farmas\u00f6tik \u00fcr\u00fcnler;<\/li>\r\n<li>Denizci;<\/li>\r\n<li>Su ve at\u0131k su ar\u0131t\u0131m\u0131;<\/li>\r\n<li>\u0130malat sanayileri.<\/li>\r\n<\/ul>\r\n\r\n\r\n\r\n<h2 class=\"wp-block-heading\" id=\"h-features-of-stainless-steel-gate-valves\">Paslanmaz \u00c7elik S\u00fcrg\u00fcl\u00fc Vanalar\u0131n \u00d6zellikleri:<\/h2>\r\n\r\n\r\n\r\n<ul class=\"wp-block-list\">\r\n<li>ZECO paslanmaz \u00e7elik s\u00fcrg\u00fcl\u00fc vana, kullan\u0131c\u0131lar\u0131n ger\u00e7ek \u00e7al\u0131\u015fma ko\u015fullar\u0131na g\u00f6re se\u00e7ebilecekleri \u00e7e\u015fitli paslanmaz \u00e7elik malzemelere sahiptir; ASTM A351 CF8, ASTM A351 CF8M, ASTM A351 CF3, ASTM A351 CF3M dahil d\u00f6k\u00fcm, ASTM A182 F304, ASTM A182 F304L, ASTM A182 F316, ASTM A182 F316L ve dubleks paslanmaz \u00e7elik UNS SS32205 ve benzeri dahil d\u00f6vme;<\/li>\r\n<li>ZECO paslanmaz \u00e7elik s\u00fcrg\u00fcl\u00fc vanan\u0131n hammadde tedarik\u00e7ilerinin se\u00e7imleri, tedarik zinciri sistem standard\u0131n\u0131n uluslararas\u0131 \u00fcnl\u00fc i\u015fletmelerine referanst\u0131r. \u00d6ncelikle ZECO kalite kontrol departman\u0131n\u0131n ilk numune analiz raporu ge\u00e7ilir ve ard\u0131ndan teknik departman bunu tedarik\u00e7inin y\u00f6netim sistemi ve \u00fcretim s\u00fcrecine g\u00f6re de\u011ferlendirir. Ancak iki departman\u0131n de\u011ferlendirmesi ve onay\u0131ndan sonra sat\u0131n alma departman\u0131n\u0131n i\u015f g\u00f6r\u00fc\u015fmesine girebilir. Daha sonra, tedariki farkl\u0131 seviyelere ve partilere b\u00f6lmek i\u00e7in tedarik\u00e7i taraf\u0131ndan her teslimat partisini test edecektir;<\/li>\r\n<li>ZECO paslanmaz \u00e7elik s\u00fcrg\u00fcl\u00fc vana, yatak hasar\u0131 durumunda kolay de\u011fi\u015ftirme i\u00e7in yenilenebilir yatak ile tasarlanm\u0131\u015ft\u0131r;<\/li>\r\n<li>ZECO paslanmaz \u00e7elik s\u00fcrg\u00fcl\u00fc vana g\u00fc\u00e7l\u00fc korozyon direncine sahiptir ve malzeme uluslararas\u0131 standartlar\u0131n gereksinimlerini tam olarak kar\u015f\u0131lar.<\/li>\r\n<\/ul>\r\n\r\n\r\n\r\n<h2 class=\"wp-block-heading\" id=\"h-material-of-stainless-steel-gate-valve\">Paslanmaz \u00c7elik S\u00fcrg\u00fcl\u00fc Vana Malzemesi:<\/h2>\r\n\r\n\r\n\r\n<figure class=\"wp-block-table\">\r\n<table>\r\n<tbody>\r\n<tr>\r\n<td>Hay\u0131r<\/td>\r\n<td>Par\u00e7a<\/td>\r\n<td>Malzeme<\/td>\r\n<\/tr>\r\n<tr>\r\n<td>1<\/td>\r\n<td>V\u00fccut<\/td>\r\n<td>ASTM A351 CF8M<\/td>\r\n<\/tr>\r\n<tr>\r\n<td>2<\/td>\r\n<td>Koltuk Halkas\u0131<\/td>\r\n<td>ASTM A182 F316 + STL<\/td>\r\n<\/tr>\r\n<tr>\r\n<td>3<\/td>\r\n<td>Kama<\/td>\r\n<td>ASTM A351 CF8M + STL<\/td>\r\n<\/tr>\r\n<tr>\r\n<td>4<\/td>\r\n<td>K\u00f6k<\/td>\r\n<td>ASTM A276 316<\/td>\r\n<\/tr>\r\n<tr>\r\n<td>5<\/td>\r\n<td>Kaput Contas\u0131<\/td>\r\n<td>Grafit + SS315<\/td>\r\n<\/tr>\r\n<tr>\r\n<td>6<\/td>\r\n<td>Kaput C\u0131vatas\u0131<\/td>\r\n<td>ASTM A193 B8<\/td>\r\n<\/tr>\r\n<tr>\r\n<td>7<\/td>\r\n<td>Kaput Somunu<\/td>\r\n<td>ASTM A194 8<\/td>\r\n<\/tr>\r\n<tr>\r\n<td>8<\/td>\r\n<td>Bone<\/td>\r\n<td>ASTM A351 CF8M<\/td>\r\n<\/tr>\r\n<tr>\r\n<td>9<\/td>\r\n<td>Arka Koltuk<\/td>\r\n<td>ASTM A182 316<\/td>\r\n<\/tr>\r\n<tr>\r\n<td>10<\/td>\r\n<td>K\u00f6k Ambalaj<\/td>\r\n<td>G\u00fc\u00e7lendirilmi\u015f Grafit<\/td>\r\n<\/tr>\r\n<tr>\r\n<td>11<\/td>\r\n<td>El \u00c7ark\u0131<\/td>\r\n<td>KTH330-08<\/td>\r\n<\/tr>\r\n<\/tbody>\r\n<\/table>\r\n<\/figure>\r\n\r\n\r\n\r\n<h2 class=\"wp-block-heading\">Paslanmaz \u00c7elik S\u00fcrg\u00fcl\u00fc Vana Fiyatlar\u0131<\/h2>\r\n\r\n\r\n\r\n<p>Paslanmaz \u00e7elik s\u00fcrg\u00fcl\u00fc vana fiyat\u0131 b\u00fcy\u00fck \u00f6l\u00e7\u00fcde dalgaland\u0131\u011f\u0131ndan, belirli s\u00fcrg\u00fcl\u00fc vana fiyatlar\u0131 veya s\u00fcrg\u00fcl\u00fc vana fiyat listeleri i\u00e7in ZECO Valve ile ileti\u015fime ge\u00e7ebilirsiniz.<\/p>","protected":false},"excerpt":{"rendered":"<p>ZECO Vana, s\u00fcrg\u00fcl\u00fc vanalar\u0131n yan\u0131 s\u0131ra s\u00fcrg\u00fcl\u00fc vanalar (flan\u015fl\u0131 u\u00e7lu) versiyonlar\u0131nda paslanmaz \u00e7elik s\u00fcrg\u00fcl\u00fc vanalar\u0131 \u00e7o\u011funlukla stoktan tedarik etmektedir. \u2026 <a title=\"Paslanmaz \u00c7elik S\u00fcrg\u00fcl\u00fc Vana\" class=\"read-more\" href=\"https:\/\/zecovalve.com\/tr\/urun\/stainless-steel-gate-valve\" aria-label=\"Paslanmaz \u00c7elik S\u00fcrg\u00fcl\u00fc Vana hakk\u0131nda daha fazlas\u0131\">Daha fazla bilgi edinin<\/a><\/p>","protected":false},"featured_media":27868,"comment_status":"closed","ping_status":"closed","template":"","meta":{"_generate-full-width-content":"","kt_blocks_editor_width":""},"product_cat":[2052,2454],"product_tag":[2798],"class_list":["post-16035","product","type-product","status-publish","has-post-thumbnail","hentry","product_cat-gate-valve","product_cat-gate-valve-by-material","product_tag-osy-valve","sales-flash-overlay","woocommerce-text-align-center","woocommerce-image-align-center","do-quantity-buttons"],"featured_image_src_large":["https:\/\/zecovalve.com\/wp-content\/uploads\/2022\/06\/Stainless-Steel-Gate-Valve-1.jpg",800,600,false],"author_info":[],"comment_info":0,"taxonomy_info":{"product_cat":[{"value":2052,"label":"Gate Valve"},{"value":2454,"label":"Gate Valve By Material"}],"product_tag":[{"value":2798,"label":"OS&amp;Y Valve"}]},"yoast_head":"<!-- This site is optimized with the Yoast SEO Premium plugin v15.4 - https:\/\/yoast.com\/wordpress\/plugins\/seo\/ -->\n<title>Stainless Steel Gate Valve - Stainless Steel Valve | ZECO Valve<\/title>\n<meta name=\"robots\" content=\"index, follow, max-snippet:-1, max-image-preview:large, max-video-preview:-1\" \/>\n<link rel=\"canonical\" href=\"https:\/\/zecovalve.com\/tr\/urun\/stainless-steel-gate-valve\" \/>\n<meta property=\"og:locale\" content=\"tr_TR\" \/>\n<meta property=\"og:type\" content=\"article\" \/>\n<meta property=\"og:title\" content=\"Stainless Steel Gate Valve - Stainless Steel Valve | ZECO Valve\" \/>\n<meta property=\"og:description\" content=\"ZECO Valve supplies Stainless steel gate valves in the versions gate valves as well as gate valves, flanged end mostly from stock. ... Read more\" \/>\n<meta property=\"og:url\" content=\"https:\/\/zecovalve.com\/tr\/urun\/stainless-steel-gate-valve\" \/>\n<meta property=\"og:site_name\" content=\"ZECO Valve\" \/>\n<meta property=\"article:modified_time\" content=\"2023-06-07T13:51:29+00:00\" \/>\n<meta property=\"og:image\" content=\"https:\/\/zecovalve.com\/wp-content\/uploads\/2022\/06\/Stainless-Steel-Gate-Valve-1.jpg\" \/>\n\t<meta property=\"og:image:width\" content=\"800\" \/>\n\t<meta property=\"og:image:height\" content=\"600\" \/>\n<meta name=\"twitter:card\" content=\"summary_large_image\" \/>\n<meta name=\"twitter:label1\" content=\"Yazan:\">\n\t<meta name=\"twitter:data1\" content=\"Jerry\">\n\t<meta name=\"twitter:label2\" content=\"Tahmini okuma s\u00fcresi\">\n\t<meta name=\"twitter:data2\" content=\"2 dakika\">\n<script type=\"application\/ld+json\" class=\"yoast-schema-graph\">{\"@context\":\"https:\/\/schema.org\",\"@graph\":[{\"@type\":\"WebSite\",\"@id\":\"https:\/\/zecovalve.com\/#website\",\"url\":\"https:\/\/zecovalve.com\/\",\"name\":\"ZECO Valve\",\"description\":\"Industrial Ball Valve, Gate Valve and Globe Valve Manufacturer\",\"potentialAction\":[{\"@type\":\"SearchAction\",\"target\":\"https:\/\/zecovalve.com\/?s={search_term_string}\",\"query-input\":\"required name=search_term_string\"}],\"inLanguage\":\"tr\"},{\"@type\":\"ImageObject\",\"@id\":\"https:\/\/zecovalve.com\/product\/stainless-steel-gate-valve#primaryimage\",\"inLanguage\":\"tr\",\"url\":\"https:\/\/zecovalve.com\/wp-content\/uploads\/2022\/06\/Stainless-Steel-Gate-Valve-1.jpg\",\"width\":800,\"height\":600,\"caption\":\"Stainless Steel Gate Valve\"},{\"@type\":\"WebPage\",\"@id\":\"https:\/\/zecovalve.com\/product\/stainless-steel-gate-valve#webpage\",\"url\":\"https:\/\/zecovalve.com\/product\/stainless-steel-gate-valve\",\"name\":\"Stainless Steel Gate Valve - Stainless Steel Valve | ZECO Valve\",\"isPartOf\":{\"@id\":\"https:\/\/zecovalve.com\/#website\"},\"primaryImageOfPage\":{\"@id\":\"https:\/\/zecovalve.com\/product\/stainless-steel-gate-valve#primaryimage\"},\"datePublished\":\"2022-06-18T08:33:26+00:00\",\"dateModified\":\"2023-06-07T13:51:29+00:00\",\"breadcrumb\":{\"@id\":\"https:\/\/zecovalve.com\/product\/stainless-steel-gate-valve#breadcrumb\"},\"inLanguage\":\"tr\",\"potentialAction\":[{\"@type\":\"ReadAction\",\"target\":[\"https:\/\/zecovalve.com\/product\/stainless-steel-gate-valve\"]}]},{\"@type\":\"BreadcrumbList\",\"@id\":\"https:\/\/zecovalve.com\/product\/stainless-steel-gate-valve#breadcrumb\",\"itemListElement\":[{\"@type\":\"ListItem\",\"position\":1,\"item\":{\"@type\":\"WebPage\",\"@id\":\"https:\/\/zecovalve.com\/\",\"url\":\"https:\/\/zecovalve.com\/\",\"name\":\"Home\"}},{\"@type\":\"ListItem\",\"position\":2,\"item\":{\"@type\":\"WebPage\",\"@id\":\"https:\/\/zecovalve.com\/product-category\",\"url\":\"https:\/\/zecovalve.com\/product-category\",\"name\":\"Industrial Valve Manufacturer | Water Valve Manufacturer\"}},{\"@type\":\"ListItem\",\"position\":3,\"item\":{\"@type\":\"WebPage\",\"@id\":\"https:\/\/zecovalve.com\/product\/stainless-steel-gate-valve\",\"url\":\"https:\/\/zecovalve.com\/product\/stainless-steel-gate-valve\",\"name\":\"Stainless Steel Gate Valve\"}}]}]}<\/script>\n<!-- \/ Yoast SEO Premium plugin. -->","_links":{"self":[{"href":"https:\/\/zecovalve.com\/tr\/wp-json\/wp\/v2\/product\/16035","targetHints":{"allow":["GET"]}}],"collection":[{"href":"https:\/\/zecovalve.com\/tr\/wp-json\/wp\/v2\/product"}],"about":[{"href":"https:\/\/zecovalve.com\/tr\/wp-json\/wp\/v2\/types\/product"}],"replies":[{"embeddable":true,"href":"https:\/\/zecovalve.com\/tr\/wp-json\/wp\/v2\/comments?post=16035"}],"wp:featuredmedia":[{"embeddable":true,"href":"https:\/\/zecovalve.com\/tr\/wp-json\/wp\/v2\/media\/27868"}],"wp:attachment":[{"href":"https:\/\/zecovalve.com\/tr\/wp-json\/wp\/v2\/media?parent=16035"}],"wp:term":[{"taxonomy":"product_cat","embeddable":true,"href":"https:\/\/zecovalve.com\/tr\/wp-json\/wp\/v2\/product_cat?post=16035"},{"taxonomy":"product_tag","embeddable":true,"href":"https:\/\/zecovalve.com\/tr\/wp-json\/wp\/v2\/product_tag?post=16035"}],"curies":[{"name":"wp","href":"https:\/\/api.w.org\/{rel}","templated":true}]}}