{"id":16037,"date":"2022-06-18T08:40:15","date_gmt":"2022-06-18T08:40:15","guid":{"rendered":"https:\/\/zecovalve.com\/?post_type=product&#038;p=16037"},"modified":"2023-06-07T13:51:56","modified_gmt":"2023-06-07T13:51:56","slug":"motorized-gate-valve","status":"publish","type":"product","link":"https:\/\/zecovalve.com\/tr\/urun\/motorized-gate-valve","title":{"rendered":"Motorlu Vana - Elektrikli S\u00fcrg\u00fcl\u00fc Vana"},"content":{"rendered":"<p>\u00c7ok D\u00f6n\u00fc\u015fl\u00fc Motorlu Vana: \u00c7ok turlu akt\u00fcat\u00f6r, glob vanalar, s\u00fcrg\u00fcl\u00fc vanalar vb. gibi t\u00fcm \u00e7ok turlu vana uygulamalar\u0131 (do\u011frusal hareket vanalar\u0131) i\u00e7in \u00f6zel olarak tasarlanm\u0131\u015ft\u0131r.<\/p>\r\n\r\n\r\n\r\n<figure class=\"wp-block-image alignnone size-medium wp-image-16038\"><img loading=\"lazy\" decoding=\"async\" width=\"300\" height=\"225\" class=\"wp-image-16038\" src=\"https:\/\/zecovalve.com\/wp-content\/uploads\/2022\/06\/motorized-gate-valve-300x225.jpg\" alt=\"Motorlu S\u00fcrg\u00fcl\u00fc Vana\" srcset=\"https:\/\/zecovalve.com\/wp-content\/uploads\/2022\/06\/motorized-gate-valve-300x225.jpg 300w, https:\/\/zecovalve.com\/wp-content\/uploads\/2022\/06\/motorized-gate-valve-768x576.jpg 768w, https:\/\/zecovalve.com\/wp-content\/uploads\/2022\/06\/motorized-gate-valve-600x450.jpg 600w, https:\/\/zecovalve.com\/wp-content\/uploads\/2022\/06\/motorized-gate-valve.jpg 800w\" sizes=\"auto, (max-width: 300px) 100vw, 300px\" \/><\/figure>\r\n\r\n\r\n<div class=\"gb-button-wrapper gb-button-wrapper-6d8495a3\">\r\n\r\n\r\n<p><a class=\"gb-button gb-button-3d442e11 gb-button-text\" href=\"mailto:commercial@zecovalve.com\" target=\"_blank\" rel=\"noopener noreferrer\"><strong>MOTORLU S\u00dcRG\u00dcL\u00dc VANA FIYATI ALIN<\/strong><\/a><\/p>\r\n<\/div>\r\n\r\n\r\n\r\n\r\n<h2 class=\"wp-block-heading\" id=\"h-what-is-motorized-valve\">Motorlu Vana Nedir:<\/h2>\r\n\r\n\r\n\r\n<p>Motorlu vana, mekanizmas\u0131n\u0131 a\u00e7mak veya kapatmak i\u00e7in bir elektrik motoru kullanan bir vana t\u00fcr\u00fcd\u00fcr. Bu t\u00fcr vanalar, \u00e7ok b\u00fcy\u00fck vana tipleri veya u\u00e7ak buz \u00e7\u00f6zme, tar\u0131msal sulama ve otomatik yang\u0131n s\u00f6nd\u00fcrme gibi uzaktan s\u0131v\u0131 kontrol uygulamalar\u0131 i\u00e7in idealdir. \u00c7o\u011fu vana tipi motorlu uygulamalar i\u00e7in uygundur ve yayg\u0131n olarak kullan\u0131lan baz\u0131 tipler s\u00fcrg\u00fcl\u00fc, bilyal\u0131 ve kelebektir. Motorlu vana, sistem giri\u015flerinin art\u0131ml\u0131 vana \u00e7al\u0131\u015fmas\u0131n\u0131 i\u00e7erdi\u011fi uzaktan ak\u0131\u015f kontrol uygulamalar\u0131 i\u00e7in de \u00e7ok uygundur. Motorlu vanalar\u0131n dahili ak\u0131\u015fkan kontrol mekanizmalar\u0131 genellikle manuel muadilleriyle ayn\u0131d\u0131r; vana \u00e7al\u0131\u015ft\u0131rma girdileri ikisi aras\u0131ndaki tek farkt\u0131r.<\/p>\r\n\r\n\r\n\r\n<p>ZECO elektrikli s\u00fcrg\u00fcl\u00fc vana, s\u00fcr\u00fc\u015f moduna g\u00f6re adland\u0131r\u0131l\u0131r,\u00a0 <a href=\"https:\/\/zecovalve.com\/tr\/urun\/motorized-gate-valve\" data-internallinksmanager029f6b8e52c=\"4\" title=\"motorlu s\u00fcrg\u00fcl\u00fc vana\" target=\"_blank\" rel=\"noopener\">motorlu s\u00fcrg\u00fcl\u00fc vana<\/a> Ad\u0131ndan da anla\u015f\u0131laca\u011f\u0131 gibi, elektrikli tahrikli bir s\u00fcrg\u00fcl\u00fc vana taraf\u0131ndan tahrik edilmektedir. ZECO taraf\u0131ndan tasarlanan elektrikli s\u00fcrg\u00fcl\u00fc vana, Otomatik Vanalar i\u00e7in SIL 3 G\u00fcvenlik ve B\u00fct\u00fcnl\u00fck Seviyesi ile uyumludur. ZECO Vana Grubu, kullan\u0131c\u0131lara en y\u00fcksek kalitede ak\u0131\u015f kontrol \u00fcr\u00fcnleri ve \u00e7ok rekabet\u00e7i bir fiyat sunmak i\u00e7in modern makineler ve en son geli\u015fmi\u015f \u00fcretim tesislerini \u00fcretmek i\u00e7in latemolduld kullanmaktad\u0131r. T\u00fcm d\u00f6k\u00fcm par\u00e7alar, \u00f6zellikle g\u00f6vde ve kaput, g\u00fc\u00e7, dayan\u0131kl\u0131l\u0131k ve \u00e7ok \u00e7e\u015fitli hizmet ortamlar\u0131nda g\u00fcvenilir ve g\u00fcvenli kullan\u0131m sa\u011flamak i\u00e7in a\u011f\u0131r b\u00f6l\u00fcmlere sahiptir. G\u00f6vde ve kaput i\u00e7in \u00e7elik ala\u015f\u0131mlar\u0131, iyi d\u00f6k\u00fcm kalitesi, yap\u0131sal stabilite, mekanik gerilme, geni\u015flik ve g\u00fcvenli kaynaklanabilirlik i\u00e7in \u00f6zenle se\u00e7ilmi\u015ftir. D\u00f6k\u00fcmler s\u0131k\u0131 ve kritik metal\u00fcrjik ve laboratuvar g\u00f6zetimi alt\u0131nda d\u00f6k\u00fcl\u00fcr. Is\u0131l i\u015fleme tabi tutulurlar, sabit sprey ile iyice temizlenirler ve hatas\u0131z olduklar\u0131ndan emin olmak i\u00e7in dikkatlice kontrol edilirler. Bu vanalar\u0131n t\u00fcm d\u00f6k\u00fcmleri uygun ASTM standartlar\u0131ndad\u0131r.<\/p>\r\n\r\n\r\n\r\n<h2 class=\"wp-block-heading\">Motorlu Vana nas\u0131l \u00e7al\u0131\u015f\u0131r?<\/h2>\r\n\r\n\r\n\r\n<p>Motorlu Vana, motor d\u00f6n\u00fc\u015f\u00fcn\u00fc tahrik etmek, b\u00f6ylece bir cihaz\u0131n vanas\u0131n\u0131 a\u00e7mak veya kapatmak ve voltaj \u015foklar\u0131na dayanmak i\u00e7in bir g\u00fc\u00e7 kayna\u011f\u0131d\u0131r. Elektrikli valfin d\u00f6nme aral\u0131\u011f\u0131 ayarlanabilir. D\u00f6nme aral\u0131\u011f\u0131, belirtilen ak\u0131m ve voltaj sinyalleri girilerek ayarlanabilir. Genel kontrol sinyalleri \u015funlard\u0131r: ak\u0131m sinyali (4 ~ 20mA, 0 ~ 10mA) veya voltaj sinyali (0 ~ 5V, 1 ~ 5V).<\/p>\r\n\r\n\r\n\r\n<h2 class=\"wp-block-heading\">Motorlu Valflerin Uygulanmas\u0131<\/h2>\r\n\r\n\r\n\r\n<p>Motorlu vanalar tipik olarak, bunlar\u0131 a\u00e7mak veya kapatmak i\u00e7in bir di\u015fli tak\u0131m\u0131 arac\u0131l\u0131\u011f\u0131yla geli\u015fmi\u015f bir mekanizmay\u0131 \u00e7al\u0131\u015ft\u0131ran bir elektrik motoruna sahiptir. Belirli geli\u015fmi\u015f mekanizma vana tipine ba\u011fl\u0131d\u0131r. S\u00fcrg\u00fcl\u00fc veya savak vanalar\u0131 gibi dikey hareketli vanalar genellikle s\u00fcrg\u00fc plakas\u0131n\u0131 kald\u0131ran veya indiren bir kur\u015fun vida mekanizmas\u0131 kullan\u0131r ve genellikle su \u015febekesi gibi daha b\u00fcy\u00fck sistemlerde bulunur. Glob vanalar da y\u00fcksek hassasiyetli \u00f6l\u00e7\u00fcm uygulamalar\u0131nda s\u0131v\u0131 ak\u0131\u015f\u0131n\u0131 kontrol eden konik tapay\u0131 konumland\u0131rmak i\u00e7in bir vida ilerletme mekanizmas\u0131 kullan\u0131r.<\/p>\r\n\r\n\r\n\r\n<h2 class=\"wp-block-heading\" id=\"h-features-of-motorized-valves\">Motorlu Vanalar\u0131n \u00d6zellikleri:<\/h2>\r\n\r\n\r\n\r\n<ul class=\"wp-block-list\">\r\n<li>ZECO elektrikli s\u00fcrg\u00fcl\u00fc vana uzaktan \u00e7al\u0131\u015ft\u0131r\u0131labilir ve kullan\u0131c\u0131 kontrol odas\u0131nda vanay\u0131 \u00e7al\u0131\u015ft\u0131rabilir ve durumunu kontrol edebilir. Elektrikli akt\u00fcat\u00f6rler olmadan s\u00fcrg\u00fcl\u00fc vanalar\u0131 kapatmak i\u00e7in sahaya ko\u015fmak i\u00e7in gereken personel israf\u0131n\u0131 azalt\u0131r ve ayr\u0131ca tehlikeli durumlarda vanalar\u0131n kapat\u0131lamamas\u0131 durumunu azalt\u0131r;<\/li>\r\n<li>ZECO elektrikli s\u00fcrg\u00fcl\u00fc vana, asbestsiz ambalaj veya grafit ambalaj olarak \u00f6zelle\u015ftirilebilir;<\/li>\r\n<li>ZECO elektrikli s\u00fcrg\u00fcl\u00fc vana, nakliye s\u00fcrecinde \u00e7arpman\u0131n neden oldu\u011fu elektrikli akt\u00fcat\u00f6r\u00fcn hasar g\u00f6rmesini \u00f6nlemek i\u00e7in nakliye s\u00fcrecinde elektrikli akt\u00fcat\u00f6r\u00fc sabitleyecektir;<\/li>\r\n<li>ZECO elektrikli s\u00fcrg\u00fcl\u00fc vanan\u0131n d\u00fc\u015f\u00fck torku, elektrikli akt\u00fcat\u00f6r\u00fcn maliyetini azaltabilir.<\/li>\r\n<\/ul>\r\n\r\n\r\n\r\n<h2 class=\"wp-block-heading\" id=\"h-material-of-electric-gate-valve\">Elektrikli S\u00fcrg\u00fcl\u00fc Vana Malzemesi:<\/h2>\r\n\r\n\r\n\r\n<figure class=\"wp-block-table\">\r\n<table>\r\n<tbody>\r\n<tr>\r\n<td>Hay\u0131r<\/td>\r\n<td>Par\u00e7a<\/td>\r\n<td>Malzeme<\/td>\r\n<\/tr>\r\n<tr>\r\n<td>1<\/td>\r\n<td>V\u00fccut<\/td>\r\n<td>ASTM A351 CF8<\/td>\r\n<\/tr>\r\n<tr>\r\n<td>2<\/td>\r\n<td>Koltuk Halkas\u0131<\/td>\r\n<td>ASTM A182 F304 + 13Cr<\/td>\r\n<\/tr>\r\n<tr>\r\n<td>3<\/td>\r\n<td>Kama<\/td>\r\n<td>ASTM A351 CF8 + 13Cr<\/td>\r\n<\/tr>\r\n<tr>\r\n<td>4<\/td>\r\n<td>K\u00f6k<\/td>\r\n<td>ASTM A182 304<\/td>\r\n<\/tr>\r\n<tr>\r\n<td>5<\/td>\r\n<td>Kaput Contas\u0131<\/td>\r\n<td>Grafit + SS304<\/td>\r\n<\/tr>\r\n<tr>\r\n<td>6<\/td>\r\n<td>Kaput C\u0131vatas\u0131<\/td>\r\n<td>ASTM A193 B8<\/td>\r\n<\/tr>\r\n<tr>\r\n<td>7<\/td>\r\n<td>Kaput Somunu<\/td>\r\n<td>ASTM A194 8<\/td>\r\n<\/tr>\r\n<tr>\r\n<td>8<\/td>\r\n<td>Bone<\/td>\r\n<td>ASTM A351 CF8<\/td>\r\n<\/tr>\r\n<tr>\r\n<td>9<\/td>\r\n<td>Arka Koltuk<\/td>\r\n<td>ASTM A182 304<\/td>\r\n<\/tr>\r\n<tr>\r\n<td>10<\/td>\r\n<td>K\u00f6k Ambalaj<\/td>\r\n<td>G\u00fc\u00e7lendirilmi\u015f Grafit<\/td>\r\n<\/tr>\r\n<tr>\r\n<td>11<\/td>\r\n<td>Motorlu Akt\u00fcat\u00f6r<\/td>\r\n<td>ASTM A351 CF8<\/td>\r\n<\/tr>\r\n<\/tbody>\r\n<\/table>\r\n<\/figure>","protected":false},"excerpt":{"rendered":"<p>\u00c7ok Turlu Motorlu Vana: \u00c7ok turlu akt\u00fcat\u00f6r, k\u00fcresel vanalar, s\u00fcrg\u00fcl\u00fc vanalar gibi t\u00fcm \u00e7ok turlu vana uygulamalar\u0131 (do\u011frusal hareket vanalar\u0131) i\u00e7in \u00f6zel olarak tasarlanm\u0131\u015ft\u0131r. <a title=\"Motorlu Vana - Elektrikli S\u00fcrg\u00fcl\u00fc Vana\" class=\"read-more\" href=\"https:\/\/zecovalve.com\/tr\/urun\/motorized-gate-valve\" aria-label=\"Motorlu Vana - Elektrikli S\u00fcrg\u00fcl\u00fc Vana hakk\u0131nda daha fazlas\u0131\">Daha fazla bilgi edinin<\/a><\/p>","protected":false},"featured_media":27869,"comment_status":"closed","ping_status":"closed","template":"","meta":{"_generate-full-width-content":"","kt_blocks_editor_width":""},"product_cat":[2052,2457],"product_tag":[2766,2727],"class_list":["post-16037","product","type-product","status-publish","has-post-thumbnail","hentry","product_cat-gate-valve","product_cat-gate-valve-by-drive-mode","product_tag-motorised-valve","product_tag-motorized-valve","sales-flash-overlay","woocommerce-text-align-center","woocommerce-image-align-center","do-quantity-buttons"],"featured_image_src_large":["https:\/\/zecovalve.com\/wp-content\/uploads\/2022\/06\/Motorized-Valve-\u2013-Electric-Gate-Valve.jpg",800,600,false],"author_info":[],"comment_info":0,"taxonomy_info":{"product_cat":[{"value":2052,"label":"Gate Valve"},{"value":2457,"label":"Gate Valve with Actuator"}],"product_tag":[{"value":2766,"label":"Motorised Valve"},{"value":2727,"label":"Motorized Valve"}]},"yoast_head":"<!-- This site is optimized with the Yoast SEO Premium plugin v15.4 - https:\/\/yoast.com\/wordpress\/plugins\/seo\/ -->\n<title>Motorized Valve - Electric Gate Valve Manufacturer | Zeco Valve<\/title>\n<meta name=\"robots\" content=\"index, follow, max-snippet:-1, max-image-preview:large, max-video-preview:-1\" \/>\n<link rel=\"canonical\" href=\"https:\/\/zecovalve.com\/tr\/urun\/motorized-gate-valve\" \/>\n<meta property=\"og:locale\" content=\"tr_TR\" \/>\n<meta property=\"og:type\" content=\"article\" \/>\n<meta property=\"og:title\" content=\"Motorized Valve - Electric Gate Valve Manufacturer | Zeco Valve\" \/>\n<meta property=\"og:description\" content=\"Multi-Turn Motorized Valve: Multi-turn actuator is specially designed for all multi-turn valve applications (linear motion valves), such as globe valves, gate valves, ... Read more\" \/>\n<meta property=\"og:url\" content=\"https:\/\/zecovalve.com\/tr\/urun\/motorized-gate-valve\" \/>\n<meta property=\"og:site_name\" content=\"ZECO Valve\" \/>\n<meta property=\"article:modified_time\" content=\"2023-06-07T13:51:56+00:00\" \/>\n<meta property=\"og:image\" content=\"https:\/\/zecovalve.com\/wp-content\/uploads\/2022\/06\/Motorized-Valve-\u2013-Electric-Gate-Valve.jpg\" \/>\n\t<meta property=\"og:image:width\" content=\"800\" \/>\n\t<meta property=\"og:image:height\" content=\"600\" \/>\n<meta name=\"twitter:card\" content=\"summary_large_image\" \/>\n<meta name=\"twitter:label1\" content=\"Yazan:\">\n\t<meta name=\"twitter:data1\" content=\"Jerry\">\n\t<meta name=\"twitter:label2\" content=\"Tahmini okuma s\u00fcresi\">\n\t<meta name=\"twitter:data2\" content=\"3 dakika\">\n<script type=\"application\/ld+json\" class=\"yoast-schema-graph\">{\"@context\":\"https:\/\/schema.org\",\"@graph\":[{\"@type\":\"WebSite\",\"@id\":\"https:\/\/zecovalve.com\/#website\",\"url\":\"https:\/\/zecovalve.com\/\",\"name\":\"ZECO Valve\",\"description\":\"Industrial Ball Valve, Gate Valve and Globe Valve Manufacturer\",\"potentialAction\":[{\"@type\":\"SearchAction\",\"target\":\"https:\/\/zecovalve.com\/?s={search_term_string}\",\"query-input\":\"required name=search_term_string\"}],\"inLanguage\":\"tr\"},{\"@type\":\"ImageObject\",\"@id\":\"https:\/\/zecovalve.com\/product\/motorized-gate-valve#primaryimage\",\"inLanguage\":\"tr\",\"url\":\"https:\/\/zecovalve.com\/wp-content\/uploads\/2022\/06\/Motorized-Valve-\\u2013-Electric-Gate-Valve.jpg\",\"width\":800,\"height\":600,\"caption\":\"Motorized Valve \\u2013 Electric Gate Valve\"},{\"@type\":\"WebPage\",\"@id\":\"https:\/\/zecovalve.com\/product\/motorized-gate-valve#webpage\",\"url\":\"https:\/\/zecovalve.com\/product\/motorized-gate-valve\",\"name\":\"Motorized Valve - Electric Gate Valve Manufacturer | Zeco Valve\",\"isPartOf\":{\"@id\":\"https:\/\/zecovalve.com\/#website\"},\"primaryImageOfPage\":{\"@id\":\"https:\/\/zecovalve.com\/product\/motorized-gate-valve#primaryimage\"},\"datePublished\":\"2022-06-18T08:40:15+00:00\",\"dateModified\":\"2023-06-07T13:51:56+00:00\",\"breadcrumb\":{\"@id\":\"https:\/\/zecovalve.com\/product\/motorized-gate-valve#breadcrumb\"},\"inLanguage\":\"tr\",\"potentialAction\":[{\"@type\":\"ReadAction\",\"target\":[\"https:\/\/zecovalve.com\/product\/motorized-gate-valve\"]}]},{\"@type\":\"BreadcrumbList\",\"@id\":\"https:\/\/zecovalve.com\/product\/motorized-gate-valve#breadcrumb\",\"itemListElement\":[{\"@type\":\"ListItem\",\"position\":1,\"item\":{\"@type\":\"WebPage\",\"@id\":\"https:\/\/zecovalve.com\/\",\"url\":\"https:\/\/zecovalve.com\/\",\"name\":\"Home\"}},{\"@type\":\"ListItem\",\"position\":2,\"item\":{\"@type\":\"WebPage\",\"@id\":\"https:\/\/zecovalve.com\/product-category\",\"url\":\"https:\/\/zecovalve.com\/product-category\",\"name\":\"Industrial Valve Manufacturer | Water Valve Manufacturer\"}},{\"@type\":\"ListItem\",\"position\":3,\"item\":{\"@type\":\"WebPage\",\"@id\":\"https:\/\/zecovalve.com\/product\/motorized-gate-valve\",\"url\":\"https:\/\/zecovalve.com\/product\/motorized-gate-valve\",\"name\":\"Motorized Valve &#8211; Electric Gate Valve\"}}]}]}<\/script>\n<!-- \/ Yoast SEO Premium plugin. -->","_links":{"self":[{"href":"https:\/\/zecovalve.com\/tr\/wp-json\/wp\/v2\/product\/16037","targetHints":{"allow":["GET"]}}],"collection":[{"href":"https:\/\/zecovalve.com\/tr\/wp-json\/wp\/v2\/product"}],"about":[{"href":"https:\/\/zecovalve.com\/tr\/wp-json\/wp\/v2\/types\/product"}],"replies":[{"embeddable":true,"href":"https:\/\/zecovalve.com\/tr\/wp-json\/wp\/v2\/comments?post=16037"}],"wp:featuredmedia":[{"embeddable":true,"href":"https:\/\/zecovalve.com\/tr\/wp-json\/wp\/v2\/media\/27869"}],"wp:attachment":[{"href":"https:\/\/zecovalve.com\/tr\/wp-json\/wp\/v2\/media?parent=16037"}],"wp:term":[{"taxonomy":"product_cat","embeddable":true,"href":"https:\/\/zecovalve.com\/tr\/wp-json\/wp\/v2\/product_cat?post=16037"},{"taxonomy":"product_tag","embeddable":true,"href":"https:\/\/zecovalve.com\/tr\/wp-json\/wp\/v2\/product_tag?post=16037"}],"curies":[{"name":"wp","href":"https:\/\/api.w.org\/{rel}","templated":true}]}}