{"id":16054,"date":"2022-06-18T09:35:42","date_gmt":"2022-06-18T09:35:42","guid":{"rendered":"https:\/\/zecovalve.com\/?post_type=product&#038;p=16054"},"modified":"2023-06-07T06:37:47","modified_gmt":"2023-06-07T06:37:47","slug":"gear-operated-ball-valve","status":"publish","type":"product","link":"https:\/\/zecovalve.com\/tr\/urun\/gear-operated-ball-valve","title":{"rendered":"Di\u015fli Vana - Di\u015fli Kumandal\u0131 K\u00fcresel Vana"},"content":{"rendered":"<p>A <a href=\"https:\/\/zecovalve.com\/tr\/urun\/gear-operated-gate-valve\/\" data-internallinksmanager029f6b8e52c=\"2\" title=\"di\u015fli kumandal\u0131 s\u00fcrg\u00fcl\u00fc vanalar\" target=\"_blank\" rel=\"noopener\">di\u015fli valf<\/a> normalde k\u00fcresel vanalar\u0131n manuel olarak \u00e7al\u0131\u015ft\u0131r\u0131lmas\u0131 i\u00e7in kullan\u0131l\u0131r.<\/p>\r\n\r\n\r\n\r\n<div class=\"wp-block-columns is-layout-flex wp-container-core-columns-is-layout-9d6595d7 wp-block-columns-is-layout-flex\">\r\n<div class=\"wp-block-column is-layout-flow wp-block-column-is-layout-flow\">\r\n<figure class=\"wp-block-image size-large\"><img decoding=\"async\" src=\"https:\/\/zecovalve.com\/wp-content\/uploads\/2022\/06\/gear-operated-ball-valve-1-300x225.jpg\" alt=\"\" \/><\/figure>\r\n<\/div>\r\n\r\n\r\n\r\n<div class=\"wp-block-column is-layout-flow wp-block-column-is-layout-flow\">\r\n<figure class=\"wp-block-image size-large\"><img decoding=\"async\" src=\"https:\/\/zecovalve.com\/wp-content\/uploads\/2022\/06\/gear-operated-ball-valve-2-300x225.jpg\" alt=\"\" \/><\/figure>\r\n<\/div>\r\n\r\n\r\n\r\n<div class=\"wp-block-column is-layout-flow wp-block-column-is-layout-flow\">\r\n<figure class=\"wp-block-image size-large\"><img decoding=\"async\" src=\"https:\/\/zecovalve.com\/wp-content\/uploads\/2022\/06\/gear-operated-ball-valve-3-300x225.jpg\" alt=\"\" \/><\/figure>\r\n<\/div>\r\n<\/div>\r\n\r\n\r\n\r\n<div class=\"wp-block-columns is-layout-flex wp-container-core-columns-is-layout-9d6595d7 wp-block-columns-is-layout-flex\">\r\n<div class=\"wp-block-column is-layout-flow wp-block-column-is-layout-flow\"><div class=\"wp-block-image\">\r\n<figure class=\"aligncenter size-full is-resized\"><img loading=\"lazy\" decoding=\"async\" class=\"wp-image-16059\" src=\"https:\/\/zecovalve.com\/wp-content\/uploads\/2022\/06\/gear-operated-ball-valve-6.jpg\" alt=\"\" width=\"400\" height=\"300\" srcset=\"https:\/\/zecovalve.com\/wp-content\/uploads\/2022\/06\/gear-operated-ball-valve-6.jpg 800w, https:\/\/zecovalve.com\/wp-content\/uploads\/2022\/06\/gear-operated-ball-valve-6-300x225.jpg 300w, https:\/\/zecovalve.com\/wp-content\/uploads\/2022\/06\/gear-operated-ball-valve-6-768x576.jpg 768w, https:\/\/zecovalve.com\/wp-content\/uploads\/2022\/06\/gear-operated-ball-valve-6-600x450.jpg 600w\" sizes=\"auto, (max-width: 400px) 100vw, 400px\" \/><\/figure>\r\n<\/div><\/div>\r\n\r\n\r\n\r\n<div class=\"wp-block-column is-layout-flow wp-block-column-is-layout-flow\"><div class=\"wp-block-image\">\r\n<figure class=\"aligncenter size-full is-resized\"><img loading=\"lazy\" decoding=\"async\" class=\"wp-image-16648\" src=\"https:\/\/zecovalve.com\/wp-content\/uploads\/2022\/06\/gear-operated-ball-valve-5.jpg\" alt=\"\" width=\"400\" height=\"300\" srcset=\"https:\/\/zecovalve.com\/wp-content\/uploads\/2022\/06\/gear-operated-ball-valve-5.jpg 800w, https:\/\/zecovalve.com\/wp-content\/uploads\/2022\/06\/gear-operated-ball-valve-5-300x225.jpg 300w, https:\/\/zecovalve.com\/wp-content\/uploads\/2022\/06\/gear-operated-ball-valve-5-768x576.jpg 768w, https:\/\/zecovalve.com\/wp-content\/uploads\/2022\/06\/gear-operated-ball-valve-5-600x450.jpg 600w\" sizes=\"auto, (max-width: 400px) 100vw, 400px\" \/><\/figure>\r\n<\/div><\/div>\r\n<\/div>\r\n\r\n\r\n<div class=\"gb-button-wrapper gb-button-wrapper-6d8495a3\">\r\n\r\n\r\n<p><a class=\"gb-button gb-button-3d442e11 gb-button-text\" href=\"mailto:commercial@zecovalve.com\" target=\"_blank\" rel=\"noopener noreferrer\"><strong>DI\u015eLI KUMANDALI K\u00dcRESEL VANA FIYATI ALIN<\/strong><\/a><\/p>\r\n<\/div>\r\n\r\n\r\n\r\n\r\n<h2 class=\"wp-block-heading\">Di\u015fli Vana nedir?<\/h2>\r\n\r\n\r\n\r\n<p>Bu, tork \u00e7arp\u0131m\u0131n\u0131 art\u0131rmak i\u00e7in di\u015fliler kullanan manuel bir valftir. <a href=\"https:\/\/zecovalve.com\/tr\/urun\/gear-operated-gate-valve\/\" data-internallinksmanager029f6b8e52c=\"2\" title=\"di\u015fli kumandal\u0131 s\u00fcrg\u00fcl\u00fc vanalar\" target=\"_blank\" rel=\"noopener\">Di\u015fli ile \u00e7al\u0131\u015fan valf<\/a> di\u015fli sistemi k\u0131sa bir \u015faft arac\u0131l\u0131\u011f\u0131yla el \u00e7ark\u0131na ba\u011flanm\u0131\u015ft\u0131r. Bu, vana operat\u00f6r\u00fc taraf\u0131ndan uygulanan torkun do\u011frudan di\u015fli sistemine gitmesini sa\u011flar. Tork daha sonra y\u00fcksek tork gerektiren vanalar\u0131n kolayca a\u00e7\u0131lmas\u0131n\u0131 sa\u011flayan bir di\u015fli sistemi arac\u0131l\u0131\u011f\u0131yla \u00e7o\u011falt\u0131l\u0131r. Bu, vana s\u0131k ve y\u00fcksek torklu uygulamalarda kullan\u0131ld\u0131\u011f\u0131nda bile vana operat\u00f6r\u00fcn\u00fcn ak\u0131\u015fkan ak\u0131\u015f\u0131n\u0131 a\u00e7mas\u0131n\u0131 ve kapatmas\u0131n\u0131 kolayla\u015ft\u0131r\u0131r.<\/p>\r\n\r\n\r\n\r\n<h2 class=\"wp-block-heading\" id=\"h-what-is-a-gear-operated-ball-valve\">Di\u015fli Kumandal\u0131 K\u00fcresel Vana Nedir?<\/h2>\r\n\r\n\r\n\r\n<p>Manuel \u00e7al\u0131\u015ft\u0131rma benimsenirse b\u00fcy\u00fck boyutlu k\u00fcresel vana, personelin verimlili\u011fini azaltacakt\u0131r, bir\u00e7ok ki\u015fi yard\u0131m etse bile, b\u00fcy\u00fck boyutlu a\u015f\u0131r\u0131 tork nedeniyle vanay\u0131 a\u00e7amaz veya kapatamaz, bu nedenle b\u00fcy\u00fck \u00e7apl\u0131 k\u00fcresel vana ZECO temelde di\u015fli \u00e7al\u0131\u015fmas\u0131n\u0131 benimser, di\u015fli di\u015fli yap\u0131s\u0131 boyunca yol alabilir, vana torkunu b\u00fcy\u00fck \u00f6l\u00e7\u00fcde azalt\u0131r veya kapat\u0131r, \u00fc\u00e7 i\u015flem olabilirdi, sadece bir i\u015flem tamamlanabilir. Ayr\u0131ca ZECO, m\u00fc\u015fterilerin gereksinimlerine g\u00f6re su ge\u00e7irmez s\u0131n\u0131f veya tam sprey kaplamal\u0131 turbo kafalar \u00fcretebilir.<\/p>\r\n\r\n\r\n\r\n<h2 class=\"wp-block-heading\">Di\u015fli Kumandal\u0131 K\u00fcresel Vana Uygulamalar\u0131<\/h2>\r\n\r\n\r\n\r\n<ul class=\"wp-block-list\">\r\n<li>K\u00fcresel Vanalar, kabarc\u0131k ge\u00e7irmez kapatma \u00f6zelli\u011fine sahip a\u00e7ma\/kapama stop vanalar\u0131 olarak farkl\u0131 ak\u0131\u015fkan hizmetleri i\u00e7in kullan\u0131labilir.<\/li>\r\n<li>Hidrokarbon sistemlerine ek olarak hava, gaz ve buhar sistemlerinde de uygulanabilirler.<\/li>\r\n<li>Aletleri alet hortumlar\u0131 arac\u0131l\u0131\u011f\u0131yla ba\u011flamak i\u00e7in kullan\u0131\u015fl\u0131d\u0131rlar.<\/li>\r\n<li>Metal yatakl\u0131 k\u00fcresel vanalar hem y\u00fcksek s\u0131cakl\u0131k hem de y\u00fcksek bas\u0131n\u00e7 uygulamalar\u0131nda kullan\u0131\u015fl\u0131d\u0131r.<\/li>\r\n<\/ul>\r\n\r\n\r\n\r\n<h2 class=\"wp-block-heading\" id=\"h-features-of-gear-operated-ball-valve\">Di\u015fli Kumandal\u0131 K\u00fcresel Vana \u00d6zellikleri:<\/h2>\r\n\r\n\r\n\r\n<ul class=\"wp-block-list\">\r\n<li>ZECO di\u015fli ile \u00e7al\u0131\u015fan k\u00fcresel vana, g\u00f6vde u\u00e7mas\u0131n\u0131 \u00f6nleyen bir tasar\u0131ma sahiptir. K\u00fcresel vanada salmastray\u0131 de\u011fi\u015ftirmeniz veya ilgili bak\u0131m i\u00e7in, salmastra bezini temizlemeniz gerekir, bo\u015falt\u0131lan salmastray\u0131 \u00f6nlemek i\u00e7in, g\u00f6vde l\u00fcmen i\u00e7indeki bas\u0131n\u00e7tan zarar g\u00f6r\u00fcr ve bak\u0131m personeline \u00fcstten u\u00e7ar, ZECO g\u00f6vde \u00fczerinde bir ayarda g\u00f6vde d\u0131\u015fb\u00fckey i\u00e7in salmastra yerinde, ne kadar l\u00fcmen bas\u0131nc\u0131 olursa olsun g\u00f6vde d\u0131\u015far\u0131 u\u00e7ar patlama hasar\u0131 olmaz;<\/li>\r\n<li>ZECO k\u00fcresel vanan\u0131n vana g\u00f6vdesi ve sol g\u00f6vdesinin ba\u011flant\u0131 par\u00e7alar\u0131 yast\u0131k contalard\u0131r. Yang\u0131n, y\u00fcksek s\u0131cakl\u0131k veya titre\u015fimden kaynaklanan s\u0131zd\u0131rmazl\u0131k s\u0131z\u0131nt\u0131s\u0131n\u0131 \u00f6nlemek i\u00e7in ZECO, vana g\u00f6vdesi ile sol g\u00f6vde aras\u0131ndaki ba\u011flant\u0131y\u0131 metal ve metal temas\u0131 olarak tasarlad\u0131 ve harici s\u0131z\u0131nt\u0131 olmamas\u0131n\u0131 sa\u011flamak i\u00e7in bir flan\u015f olu\u015fturdu;<\/li>\r\n<li>ZECO di\u015fli ile \u00e7al\u0131\u015fan k\u00fcresel vana anti-statik cihaz ile tasarlanm\u0131\u015ft\u0131r. K\u00fcresel vana a\u00e7\u0131lma veya kapanma s\u00fcrecinde, topun y\u00fczeyindeki metalik olmayan malzemeler ve statik ortam gibi elektrostatik \u00fcreten s\u00fcrt\u00fcnme contas\u0131 t\u00fcretildi\u011finde ve hat yan\u0131c\u0131 malzemeler oldu\u011funda \u00e7ok ciddi olaylar olacakt\u0131r, bu nedenle ZECO, elektrostatik taraf\u0131ndan \u00fcretilebilen yay ve metal bilyeden olu\u015fan g\u00f6vde ve bilye anti-statik cihaz \u00fczerinde tasar\u0131m valf g\u00f6vdesini ihra\u00e7 edin;<\/li>\r\n<li>ZECO di\u015fli ile \u00e7al\u0131\u015fan k\u00fcresel vana yang\u0131na kar\u015f\u0131 korumal\u0131 olarak tasarlanm\u0131\u015ft\u0131r. Yang\u0131n durumunda, salmastra ve yatak gibi metalik olmayan malzemeler veya d\u00fc\u015f\u00fck tutu\u015fma noktas\u0131na sahip baz\u0131 malzemeler ciddi \u015fekilde yanacak ve ciddi s\u0131z\u0131nt\u0131ya ve yang\u0131n durumunun geni\u015flemesine yol a\u00e7acakt\u0131r. ZECO'nun yang\u0131na dayan\u0131kl\u0131 yap\u0131s\u0131, bu metalik olmayan malzemeler yand\u0131ktan sonra, boru hatt\u0131n\u0131n normal \u00e7al\u0131\u015fmas\u0131n\u0131 sa\u011flamak i\u00e7in bilye ve valf g\u00f6vdesinin metal contas\u0131 arac\u0131l\u0131\u011f\u0131yla s\u0131z\u0131nt\u0131n\u0131n \u00f6nlenmesini sa\u011flayabilir.<\/li>\r\n<\/ul>\r\n\r\n\r\n\r\n<h2 class=\"wp-block-heading\" id=\"h-material-of-gear-operated-ball-valve\">Di\u015fli Kumandal\u0131 K\u00fcresel Vana Malzemesi:<\/h2>\r\n\r\n\r\n\r\n<figure class=\"wp-block-table\">\r\n<table>\r\n<tbody>\r\n<tr>\r\n<td>Hay\u0131r<\/td>\r\n<td>Par\u00e7a<\/td>\r\n<td>Malzeme<\/td>\r\n<\/tr>\r\n<tr>\r\n<td>1<\/td>\r\n<td>V\u00fccut<\/td>\r\n<td>ASTM A216 WCB<\/td>\r\n<\/tr>\r\n<tr>\r\n<td>2<\/td>\r\n<td>Bone<\/td>\r\n<td>ASTM A216 WCB<\/td>\r\n<\/tr>\r\n<tr>\r\n<td>3<\/td>\r\n<td>Top<\/td>\r\n<td>ASTM A105<\/td>\r\n<\/tr>\r\n<tr>\r\n<td>4<\/td>\r\n<td>Koltuk<\/td>\r\n<td>ASTM A105 + PTFE<\/td>\r\n<\/tr>\r\n<tr>\r\n<td>5<\/td>\r\n<td>K\u00f6k<\/td>\r\n<td>ASTM A182 F6a<\/td>\r\n<\/tr>\r\n<tr>\r\n<td>6<\/td>\r\n<td>Anti-statik Cihaz<\/td>\r\n<td>SS304<\/td>\r\n<\/tr>\r\n<tr>\r\n<td>7<\/td>\r\n<td>Conta<\/td>\r\n<td>Grafit + SS304<\/td>\r\n<\/tr>\r\n<tr>\r\n<td>8<\/td>\r\n<td>C\u0131vata<\/td>\r\n<td>ASTM A193 B7<\/td>\r\n<\/tr>\r\n<tr>\r\n<td>9<\/td>\r\n<td>F\u0131nd\u0131k<\/td>\r\n<td>ASTM A194 2H<\/td>\r\n<\/tr>\r\n<tr>\r\n<td>10<\/td>\r\n<td>O-ring<\/td>\r\n<td>Viton A<\/td>\r\n<\/tr>\r\n<tr>\r\n<td>11<\/td>\r\n<td>Di\u015fli \u00c7al\u0131\u015fmas\u0131<\/td>\r\n<td>ASTM A216 WCB<\/td>\r\n<\/tr>\r\n<\/tbody>\r\n<\/table>\r\n<\/figure>","protected":false},"excerpt":{"rendered":"<p>K\u00fcresel vanalar\u0131n manuel olarak \u00e7al\u0131\u015ft\u0131r\u0131lmas\u0131 i\u00e7in genellikle di\u015fli vana kullan\u0131l\u0131r. Di\u015fli Vana Nedir? Bu manuel bir vanad\u0131r\u2026 <a title=\"Di\u015fli Vana \u2013 Di\u015fliyle \u00c7al\u0131\u015fan K\u00fcresel Vana\" class=\"read-more\" href=\"https:\/\/zecovalve.com\/tr\/urun\/gear-operated-ball-valve\" aria-label=\"Di\u015fli Vana \u2013 Di\u015fliyle \u00c7al\u0131\u015fan K\u00fcresel Vana hakk\u0131nda daha fazlas\u0131\">Daha fazla bilgi edinin<\/a><\/p>","protected":false},"featured_media":27845,"comment_status":"closed","ping_status":"closed","template":"","meta":{"_generate-full-width-content":"","kt_blocks_editor_width":""},"product_cat":[2047,2460],"product_tag":[2802,3913],"class_list":["post-16054","product","type-product","status-publish","has-post-thumbnail","hentry","product_cat-ball-valve","product_cat-ball-valve-by-drive-mode","product_tag-ball-valve-price","product_tag-full-port-ball-valve","sales-flash-overlay","woocommerce-text-align-center","woocommerce-image-align-center","do-quantity-buttons"],"featured_image_src_large":["https:\/\/zecovalve.com\/wp-content\/uploads\/2022\/06\/Gear-Operated-Ball-Valve.jpg",800,600,false],"author_info":[],"comment_info":0,"taxonomy_info":{"product_cat":[{"value":2047,"label":"Ball Valve"},{"value":2460,"label":"Ball Valve By Drive Mode"}],"product_tag":[{"value":2802,"label":"Ball Valve Price"},{"value":3913,"label":"Full Port Ball Valve"}]},"yoast_head":"<!-- This site is optimized with the Yoast SEO Premium plugin v15.4 - https:\/\/yoast.com\/wordpress\/plugins\/seo\/ -->\n<title>Gear Valve - Gear Operated Ball Valve | Zeco Valve<\/title>\n<meta name=\"description\" content=\"ZECO Valve is a API 6D, API 607 certified Ball Valve Manfaucturer, products including Floating Ball Valve, Trunnion Ball Valve....\" \/>\n<meta name=\"robots\" content=\"index, follow, max-snippet:-1, max-image-preview:large, max-video-preview:-1\" \/>\n<link rel=\"canonical\" href=\"https:\/\/zecovalve.com\/tr\/urun\/gear-operated-ball-valve\" \/>\n<meta property=\"og:locale\" content=\"tr_TR\" \/>\n<meta property=\"og:type\" content=\"article\" \/>\n<meta property=\"og:title\" content=\"Gear Valve - Gear Operated Ball Valve | Zeco Valve\" \/>\n<meta property=\"og:description\" content=\"ZECO Valve is a API 6D, API 607 certified Ball Valve Manfaucturer, products including Floating Ball Valve, Trunnion Ball Valve....\" \/>\n<meta property=\"og:url\" content=\"https:\/\/zecovalve.com\/tr\/urun\/gear-operated-ball-valve\" \/>\n<meta property=\"og:site_name\" content=\"ZECO Valve\" \/>\n<meta property=\"article:modified_time\" content=\"2023-06-07T06:37:47+00:00\" \/>\n<meta property=\"og:image\" content=\"https:\/\/zecovalve.com\/wp-content\/uploads\/2022\/06\/Gear-Operated-Ball-Valve.jpg\" \/>\n\t<meta property=\"og:image:width\" content=\"800\" \/>\n\t<meta property=\"og:image:height\" content=\"600\" \/>\n<meta name=\"twitter:card\" content=\"summary_large_image\" \/>\n<meta name=\"twitter:label1\" content=\"Yazan:\">\n\t<meta name=\"twitter:data1\" content=\"Jerry\">\n\t<meta name=\"twitter:label2\" content=\"Tahmini okuma s\u00fcresi\">\n\t<meta name=\"twitter:data2\" content=\"3 dakika\">\n<script type=\"application\/ld+json\" class=\"yoast-schema-graph\">{\"@context\":\"https:\/\/schema.org\",\"@graph\":[{\"@type\":\"WebSite\",\"@id\":\"https:\/\/zecovalve.com\/#website\",\"url\":\"https:\/\/zecovalve.com\/\",\"name\":\"ZECO Valve\",\"description\":\"Industrial Ball Valve, Gate Valve and Globe Valve Manufacturer\",\"potentialAction\":[{\"@type\":\"SearchAction\",\"target\":\"https:\/\/zecovalve.com\/?s={search_term_string}\",\"query-input\":\"required name=search_term_string\"}],\"inLanguage\":\"tr\"},{\"@type\":\"ImageObject\",\"@id\":\"https:\/\/zecovalve.com\/product\/gear-operated-ball-valve#primaryimage\",\"inLanguage\":\"tr\",\"url\":\"https:\/\/zecovalve.com\/wp-content\/uploads\/2022\/06\/Gear-Operated-Ball-Valve.jpg\",\"width\":800,\"height\":600,\"caption\":\"Gear Operated Ball Valve\"},{\"@type\":\"WebPage\",\"@id\":\"https:\/\/zecovalve.com\/product\/gear-operated-ball-valve#webpage\",\"url\":\"https:\/\/zecovalve.com\/product\/gear-operated-ball-valve\",\"name\":\"Gear Valve - Gear Operated Ball Valve | Zeco Valve\",\"isPartOf\":{\"@id\":\"https:\/\/zecovalve.com\/#website\"},\"primaryImageOfPage\":{\"@id\":\"https:\/\/zecovalve.com\/product\/gear-operated-ball-valve#primaryimage\"},\"datePublished\":\"2022-06-18T09:35:42+00:00\",\"dateModified\":\"2023-06-07T06:37:47+00:00\",\"description\":\"ZECO Valve is a API 6D, API 607 certified Ball Valve Manfaucturer, products including Floating Ball Valve, Trunnion Ball Valve....\",\"breadcrumb\":{\"@id\":\"https:\/\/zecovalve.com\/product\/gear-operated-ball-valve#breadcrumb\"},\"inLanguage\":\"tr\",\"potentialAction\":[{\"@type\":\"ReadAction\",\"target\":[\"https:\/\/zecovalve.com\/product\/gear-operated-ball-valve\"]}]},{\"@type\":\"BreadcrumbList\",\"@id\":\"https:\/\/zecovalve.com\/product\/gear-operated-ball-valve#breadcrumb\",\"itemListElement\":[{\"@type\":\"ListItem\",\"position\":1,\"item\":{\"@type\":\"WebPage\",\"@id\":\"https:\/\/zecovalve.com\/\",\"url\":\"https:\/\/zecovalve.com\/\",\"name\":\"Home\"}},{\"@type\":\"ListItem\",\"position\":2,\"item\":{\"@type\":\"WebPage\",\"@id\":\"https:\/\/zecovalve.com\/product-category\",\"url\":\"https:\/\/zecovalve.com\/product-category\",\"name\":\"Industrial Valve Manufacturer | Water Valve Manufacturer\"}},{\"@type\":\"ListItem\",\"position\":3,\"item\":{\"@type\":\"WebPage\",\"@id\":\"https:\/\/zecovalve.com\/product\/gear-operated-ball-valve\",\"url\":\"https:\/\/zecovalve.com\/product\/gear-operated-ball-valve\",\"name\":\"Gear Valve &#8211; Gear Operated Ball Valve\"}}]}]}<\/script>\n<!-- \/ Yoast SEO Premium plugin. -->","_links":{"self":[{"href":"https:\/\/zecovalve.com\/tr\/wp-json\/wp\/v2\/product\/16054","targetHints":{"allow":["GET"]}}],"collection":[{"href":"https:\/\/zecovalve.com\/tr\/wp-json\/wp\/v2\/product"}],"about":[{"href":"https:\/\/zecovalve.com\/tr\/wp-json\/wp\/v2\/types\/product"}],"replies":[{"embeddable":true,"href":"https:\/\/zecovalve.com\/tr\/wp-json\/wp\/v2\/comments?post=16054"}],"wp:featuredmedia":[{"embeddable":true,"href":"https:\/\/zecovalve.com\/tr\/wp-json\/wp\/v2\/media\/27845"}],"wp:attachment":[{"href":"https:\/\/zecovalve.com\/tr\/wp-json\/wp\/v2\/media?parent=16054"}],"wp:term":[{"taxonomy":"product_cat","embeddable":true,"href":"https:\/\/zecovalve.com\/tr\/wp-json\/wp\/v2\/product_cat?post=16054"},{"taxonomy":"product_tag","embeddable":true,"href":"https:\/\/zecovalve.com\/tr\/wp-json\/wp\/v2\/product_tag?post=16054"}],"curies":[{"name":"wp","href":"https:\/\/api.w.org\/{rel}","templated":true}]}}