{"id":16069,"date":"2022-06-18T13:44:05","date_gmt":"2022-06-18T13:44:05","guid":{"rendered":"https:\/\/zecovalve.com\/?post_type=product&#038;p=16069"},"modified":"2023-06-07T06:39:17","modified_gmt":"2023-06-07T06:39:17","slug":"wcb-ball-valve","status":"publish","type":"product","link":"https:\/\/zecovalve.com\/tr\/urun\/wcb-ball-valve","title":{"rendered":"WCB Flagned K\u00fcresel Vana"},"content":{"rendered":"<p>ZECO Valve bir API 6D k\u00fcresel vana tedarik\u00e7isidir. \u00c7in'deki bir\u00e7ok k\u00fcresel vana tedarik\u00e7isi aras\u0131nda ZECO Valve, \u00e7ok \u00e7e\u015fitli API sertifikalar\u0131na sahiptir ve API 6D sertifikas\u0131n\u0131n yan\u0131 s\u0131ra API 607 ve API6FA yang\u0131n sertifikalar\u0131n\u0131 da alm\u0131\u015ft\u0131r.<\/p>\r\n\r\n\r\n\r\n<figure class=\"wp-block-image alignnone size-medium wp-image-16070\"><img loading=\"lazy\" decoding=\"async\" width=\"300\" height=\"225\" class=\"wp-image-16070\" src=\"https:\/\/zecovalve.com\/wp-content\/uploads\/2022\/06\/ball-valve-wcb-ball-valve-300x225.jpg\" alt=\"Wcb K\u00fcresel Vana\" srcset=\"https:\/\/zecovalve.com\/wp-content\/uploads\/2022\/06\/ball-valve-wcb-ball-valve-300x225.jpg 300w, https:\/\/zecovalve.com\/wp-content\/uploads\/2022\/06\/ball-valve-wcb-ball-valve-768x576.jpg 768w, https:\/\/zecovalve.com\/wp-content\/uploads\/2022\/06\/ball-valve-wcb-ball-valve-600x450.jpg 600w, https:\/\/zecovalve.com\/wp-content\/uploads\/2022\/06\/ball-valve-wcb-ball-valve.jpg 800w\" sizes=\"auto, (max-width: 300px) 100vw, 300px\" \/><\/figure>\r\n\r\n\r\n<div class=\"gb-button-wrapper gb-button-wrapper-6d8495a3\">\r\n\r\n\r\n<p><a class=\"gb-button gb-button-3d442e11 gb-button-text\" href=\"https:\/\/zecovalve.com\/tr\/contact\/\" target=\"_blank\" rel=\"noopener noreferrer\"><strong>FLAN\u015eLI K\u00dcRESEL VANA FIYATI ALIN<\/strong><\/a><\/p>\r\n<\/div>\r\n\r\n\r\n\r\n\r\n<h2 class=\"wp-block-heading\">Flan\u015fl\u0131 K\u00fcresel Vana Nedir?<\/h2>\r\n\r\n\r\n\r\n<p>Flan\u015fl\u0131 k\u00fcresel vanalar, k\u00fcresel vanan\u0131n ba\u011flant\u0131s\u0131 i\u00e7in adland\u0131r\u0131l\u0131r, flan\u015fl\u0131 k\u00fcresel vanalar genellikle RF ba\u011flant\u0131s\u0131na ve RTJ ba\u011flant\u0131s\u0131na sahiptir, ba\u011flant\u0131 standartlar\u0131 ASME B16.5, EN1092-1 ve di\u011fer ba\u011flant\u0131lara ayr\u0131lm\u0131\u015ft\u0131r.<\/p>\r\n\r\n\r\n\r\n<h2 class=\"wp-block-heading\" id=\"h-applications-of-wcb-flanged-ball-valve\">WCB Flan\u015fl\u0131 K\u00fcresel Vana Uygulamalar\u0131?<\/h2>\r\n\r\n\r\n\r\n<p>ZECO WCB flan\u015fl\u0131 k\u00fcresel vana, y\u00fczer k\u00fcresel vanalar, muylu a\u011f\u0131zl\u0131 k\u00fcresel vanalar ve \u00fcstten giri\u015fli k\u00fcresel vanalar dahil olmak \u00fczere do\u011fal gaz, petrol, kimya, metalurji, ila\u00e7 ve di\u011fer end\u00fcstriler i\u00e7in uygundur.<\/p>\r\n\r\n\r\n\r\n<h2 class=\"wp-block-heading\">Flan\u015fl\u0131 Y\u00fczer K\u00fcresel Vana Yap\u0131s\u0131<\/h2>\r\n\r\n\r\n\r\n<p>Y\u00fczer k\u00fcresel vana basit yap\u0131 tipidir. Topu destekleyen iki yuvaya sahiptir, top \u00e7\u0131k\u0131\u015f ucunda s\u0131zd\u0131rmazl\u0131k sa\u011flamak i\u00e7in s\u0131zd\u0131rmazl\u0131\u011fa do\u011fru s\u0131k\u0131ca hareket edebilir. Muyluya monte k\u00fcresel vana kullan\u0131mdayken, boru hatt\u0131ndaki k\u00fcresel vanan\u0131n \u00f6n\u00fcndeki orta bas\u0131nc\u0131n bilya \u00fczerinde olu\u015fturdu\u011fu t\u00fcm kuvvetler \u00fcst ve alt yataklara aktar\u0131l\u0131r ve bilya hareket etmez. \u00dcstten giri\u015fli k\u00fcresel vanan\u0131n s\u0131z\u0131nt\u0131 noktalar\u0131, y\u00fczer ve muylu montajl\u0131 k\u00fcresel vanaya g\u00f6re daha azd\u0131r.<\/p>\r\n\r\n\r\n\r\n<h2 class=\"wp-block-heading\" id=\"h-features-of-wcb-flanged-ball-valve\">WCB Flan\u015fl\u0131 K\u00fcresel Vana \u00d6zellikleri:<\/h2>\r\n\r\n\r\n\r\n<ul class=\"wp-block-list\">\r\n<li>Kapal\u0131 konumda, her bir koltuk proses ortam\u0131n\u0131 her bir tarafta ba\u011f\u0131ms\u0131z olarak veya bilyenin her iki taraf\u0131nda ayn\u0131 anda kapat\u0131r, bo\u015fluk vana g\u00f6vdesindeki havaland\u0131rma veya tahliye tapalar\u0131 arac\u0131l\u0131\u011f\u0131yla havaland\u0131r\u0131labilir \/ bo\u015falt\u0131labilir;<\/li>\r\n<li>Anti-statik cihaz, ZECO WCB flan\u015fl\u0131 k\u00fcresel vanan\u0131n standart bir \u00f6zelli\u011fidir. Yayl\u0131 bir pim, k\u00fcresel vanay\u0131 a\u00e7mak ve kapatmak i\u00e7in milin d\u00f6nd\u00fcr\u00fclmesi s\u0131ras\u0131nda k\u0131v\u0131lc\u0131m\u0131 \u00f6nlemek i\u00e7in k\u00fcre, mil ve g\u00f6vde aras\u0131ndaki elektrik s\u00fcreklili\u011fini sa\u011flar;<\/li>\r\n<li>ZECO WCB flan\u015fl\u0131 k\u00fcresel vanan\u0131n g\u00f6vdesi bilyeden ayr\u0131 olarak yap\u0131l\u0131r. G\u00f6vdenin alt ucu, patlamaya dayan\u0131kl\u0131 olmas\u0131 i\u00e7in entegre bir omuz ile tasarlanm\u0131\u015ft\u0131r;<\/li>\r\n<li>ZECO WCB flan\u015fl\u0131 k\u00fcresel vana, g\u00f6vde alan\u0131ndan s\u0131z\u0131nt\u0131y\u0131 \u00f6nleyen iki o-ring contaya sahiptir.<\/li>\r\n<\/ul>\r\n\r\n\r\n\r\n<h2 class=\"wp-block-heading\" id=\"h-material-of-wcb-flanged-ball-valve\">WCB Flan\u015fl\u0131 K\u00fcresel Vana Malzemesi:<\/h2>\r\n\r\n\r\n\r\n<figure class=\"wp-block-table\">\r\n<table>\r\n<tbody>\r\n<tr>\r\n<td>Hay\u0131r<\/td>\r\n<td>Par\u00e7a<\/td>\r\n<td>Malzeme<\/td>\r\n<\/tr>\r\n<tr>\r\n<td>1<\/td>\r\n<td>V\u00fccut<\/td>\r\n<td>ASTM A216 WCB<\/td>\r\n<\/tr>\r\n<tr>\r\n<td>2<\/td>\r\n<td>Bone<\/td>\r\n<td>ASTM A216 WCB<\/td>\r\n<\/tr>\r\n<tr>\r\n<td>3<\/td>\r\n<td>Top<\/td>\r\n<td>ASTM A105<\/td>\r\n<\/tr>\r\n<tr>\r\n<td>4<\/td>\r\n<td>Koltuk<\/td>\r\n<td>ASTM A105 + PTFE<\/td>\r\n<\/tr>\r\n<tr>\r\n<td>5<\/td>\r\n<td>K\u00f6k<\/td>\r\n<td>ASTM A182 F6a<\/td>\r\n<\/tr>\r\n<tr>\r\n<td>6<\/td>\r\n<td>Anti-statik Cihaz<\/td>\r\n<td>SS304<\/td>\r\n<\/tr>\r\n<tr>\r\n<td>7<\/td>\r\n<td>Conta<\/td>\r\n<td>Grafit + SS304<\/td>\r\n<\/tr>\r\n<tr>\r\n<td>8<\/td>\r\n<td>C\u0131vata<\/td>\r\n<td>ASTM A193 B7<\/td>\r\n<\/tr>\r\n<tr>\r\n<td>9<\/td>\r\n<td>F\u0131nd\u0131k<\/td>\r\n<td>ASTM A194 2H<\/td>\r\n<\/tr>\r\n<tr>\r\n<td>10<\/td>\r\n<td>O-ring<\/td>\r\n<td>Viton A<\/td>\r\n<\/tr>\r\n<tr>\r\n<td>11<\/td>\r\n<td>Kol<\/td>\r\n<td>ASTM A216 WCB<\/td>\r\n<\/tr>\r\n<\/tbody>\r\n<\/table>\r\n<\/figure>","protected":false},"excerpt":{"rendered":"<p>ZECO Valve, API 6D k\u00fcresel vana tedarik\u00e7isidir. \u00c7in&#039;deki bir\u00e7ok k\u00fcresel vana tedarik\u00e7isi aras\u0131nda ZECO Valve tam bir \u00fcr\u00fcn yelpazesine sahiptir. <a title=\"WCB Flagned K\u00fcresel Vana\" class=\"read-more\" href=\"https:\/\/zecovalve.com\/tr\/urun\/wcb-ball-valve\" aria-label=\"WCB Bayrakl\u0131 K\u00fcresel Vana hakk\u0131nda daha fazlas\u0131\">Daha fazla bilgi edinin<\/a><\/p>","protected":false},"featured_media":27846,"comment_status":"closed","ping_status":"closed","template":"","meta":{"_generate-full-width-content":"","kt_blocks_editor_width":""},"product_cat":[2047,2461],"product_tag":[2804,2802,3896],"class_list":["post-16069","product","type-product","status-publish","has-post-thumbnail","hentry","product_cat-ball-valve","product_cat-ball-valve-by-material","product_tag-2-inch-ball-valve","product_tag-ball-valve-price","product_tag-flanged-ball-valve","sales-flash-overlay","woocommerce-text-align-center","woocommerce-image-align-center","do-quantity-buttons"],"featured_image_src_large":["https:\/\/zecovalve.com\/wp-content\/uploads\/2022\/06\/WCB-Flanged-Ball-Valve.jpg",800,600,false],"author_info":[],"comment_info":0,"taxonomy_info":{"product_cat":[{"value":2047,"label":"Ball Valve"},{"value":2461,"label":"Ball Valve By Material"}],"product_tag":[{"value":2804,"label":"2 inch Ball Valve"},{"value":2802,"label":"Ball Valve Price"},{"value":3896,"label":"Flanged Ball Valve"}]},"yoast_head":"<!-- This site is optimized with the Yoast SEO Premium plugin v15.4 - https:\/\/yoast.com\/wordpress\/plugins\/seo\/ -->\n<title>Flanged Ball Valve - API 6D Ball Valve Supplier | ZECO Valve<\/title>\n<meta name=\"robots\" content=\"index, follow, max-snippet:-1, max-image-preview:large, max-video-preview:-1\" \/>\n<link rel=\"canonical\" href=\"https:\/\/zecovalve.com\/tr\/urun\/wcb-ball-valve\" \/>\n<meta property=\"og:locale\" content=\"tr_TR\" \/>\n<meta property=\"og:type\" content=\"article\" \/>\n<meta property=\"og:title\" content=\"Flanged Ball Valve - API 6D Ball Valve Supplier | ZECO Valve\" \/>\n<meta property=\"og:description\" content=\"ZECO Valve is a API 6D ball valve supplier. Among the many ball valve suppliers in China, ZECO Valve has a full ... Read more\" \/>\n<meta property=\"og:url\" content=\"https:\/\/zecovalve.com\/tr\/urun\/wcb-ball-valve\" \/>\n<meta property=\"og:site_name\" content=\"ZECO Valve\" \/>\n<meta property=\"article:modified_time\" content=\"2023-06-07T06:39:17+00:00\" \/>\n<meta property=\"og:image\" content=\"https:\/\/zecovalve.com\/wp-content\/uploads\/2022\/06\/WCB-Flanged-Ball-Valve.jpg\" \/>\n\t<meta property=\"og:image:width\" content=\"800\" \/>\n\t<meta property=\"og:image:height\" content=\"600\" \/>\n<meta name=\"twitter:card\" content=\"summary_large_image\" \/>\n<meta name=\"twitter:label1\" content=\"Yazan:\">\n\t<meta name=\"twitter:data1\" content=\"Jerry\">\n\t<meta name=\"twitter:label2\" content=\"Tahmini okuma s\u00fcresi\">\n\t<meta name=\"twitter:data2\" content=\"2 dakika\">\n<script type=\"application\/ld+json\" class=\"yoast-schema-graph\">{\"@context\":\"https:\/\/schema.org\",\"@graph\":[{\"@type\":\"WebSite\",\"@id\":\"https:\/\/zecovalve.com\/#website\",\"url\":\"https:\/\/zecovalve.com\/\",\"name\":\"ZECO Valve\",\"description\":\"Industrial Ball Valve, Gate Valve and Globe Valve Manufacturer\",\"potentialAction\":[{\"@type\":\"SearchAction\",\"target\":\"https:\/\/zecovalve.com\/?s={search_term_string}\",\"query-input\":\"required name=search_term_string\"}],\"inLanguage\":\"tr\"},{\"@type\":\"ImageObject\",\"@id\":\"https:\/\/zecovalve.com\/product\/wcb-ball-valve#primaryimage\",\"inLanguage\":\"tr\",\"url\":\"https:\/\/zecovalve.com\/wp-content\/uploads\/2022\/06\/WCB-Flanged-Ball-Valve.jpg\",\"width\":800,\"height\":600,\"caption\":\"WCB Flanged Ball Valve\"},{\"@type\":\"WebPage\",\"@id\":\"https:\/\/zecovalve.com\/product\/wcb-ball-valve#webpage\",\"url\":\"https:\/\/zecovalve.com\/product\/wcb-ball-valve\",\"name\":\"Flanged Ball Valve - API 6D Ball Valve Supplier | ZECO Valve\",\"isPartOf\":{\"@id\":\"https:\/\/zecovalve.com\/#website\"},\"primaryImageOfPage\":{\"@id\":\"https:\/\/zecovalve.com\/product\/wcb-ball-valve#primaryimage\"},\"datePublished\":\"2022-06-18T13:44:05+00:00\",\"dateModified\":\"2023-06-07T06:39:17+00:00\",\"breadcrumb\":{\"@id\":\"https:\/\/zecovalve.com\/product\/wcb-ball-valve#breadcrumb\"},\"inLanguage\":\"tr\",\"potentialAction\":[{\"@type\":\"ReadAction\",\"target\":[\"https:\/\/zecovalve.com\/product\/wcb-ball-valve\"]}]},{\"@type\":\"BreadcrumbList\",\"@id\":\"https:\/\/zecovalve.com\/product\/wcb-ball-valve#breadcrumb\",\"itemListElement\":[{\"@type\":\"ListItem\",\"position\":1,\"item\":{\"@type\":\"WebPage\",\"@id\":\"https:\/\/zecovalve.com\/\",\"url\":\"https:\/\/zecovalve.com\/\",\"name\":\"Home\"}},{\"@type\":\"ListItem\",\"position\":2,\"item\":{\"@type\":\"WebPage\",\"@id\":\"https:\/\/zecovalve.com\/product-category\",\"url\":\"https:\/\/zecovalve.com\/product-category\",\"name\":\"Industrial Valve Manufacturer | Water Valve Manufacturer\"}},{\"@type\":\"ListItem\",\"position\":3,\"item\":{\"@type\":\"WebPage\",\"@id\":\"https:\/\/zecovalve.com\/product\/wcb-ball-valve\",\"url\":\"https:\/\/zecovalve.com\/product\/wcb-ball-valve\",\"name\":\"WCB Flagned Ball Valve\"}}]}]}<\/script>\n<!-- \/ Yoast SEO Premium plugin. -->","_links":{"self":[{"href":"https:\/\/zecovalve.com\/tr\/wp-json\/wp\/v2\/product\/16069","targetHints":{"allow":["GET"]}}],"collection":[{"href":"https:\/\/zecovalve.com\/tr\/wp-json\/wp\/v2\/product"}],"about":[{"href":"https:\/\/zecovalve.com\/tr\/wp-json\/wp\/v2\/types\/product"}],"replies":[{"embeddable":true,"href":"https:\/\/zecovalve.com\/tr\/wp-json\/wp\/v2\/comments?post=16069"}],"wp:featuredmedia":[{"embeddable":true,"href":"https:\/\/zecovalve.com\/tr\/wp-json\/wp\/v2\/media\/27846"}],"wp:attachment":[{"href":"https:\/\/zecovalve.com\/tr\/wp-json\/wp\/v2\/media?parent=16069"}],"wp:term":[{"taxonomy":"product_cat","embeddable":true,"href":"https:\/\/zecovalve.com\/tr\/wp-json\/wp\/v2\/product_cat?post=16069"},{"taxonomy":"product_tag","embeddable":true,"href":"https:\/\/zecovalve.com\/tr\/wp-json\/wp\/v2\/product_tag?post=16069"}],"curies":[{"name":"wp","href":"https:\/\/api.w.org\/{rel}","templated":true}]}}