{"id":16073,"date":"2022-06-18T13:57:28","date_gmt":"2022-06-18T13:57:28","guid":{"rendered":"https:\/\/zecovalve.com\/?post_type=product&#038;p=16073"},"modified":"2023-06-07T06:40:53","modified_gmt":"2023-06-07T06:40:53","slug":"electric-ball-valve","status":"publish","type":"product","link":"https:\/\/zecovalve.com\/tr\/urun\/electric-ball-valve","title":{"rendered":"Elektrikli K\u00fcresel Vana"},"content":{"rendered":"<p>Elektrikli k\u00fcresel vanalar, ak\u0131\u015f\u0131 kontrol etmek amac\u0131yla merkezinde delik bulunan bir bilyeyi d\u00f6nd\u00fcrmek i\u00e7in elektrikli bir akt\u00fcat\u00f6r kullan\u0131r.<\/p>\r\n\r\n\r\n\r\n<figure class=\"wp-block-image alignnone size-medium wp-image-16074\"><img loading=\"lazy\" decoding=\"async\" width=\"300\" height=\"225\" class=\"wp-image-16074\" src=\"https:\/\/zecovalve.com\/wp-content\/uploads\/2022\/06\/electric-ball-valve-300x225.jpg\" alt=\"Elektrikli K\u00fcresel Vana\" srcset=\"https:\/\/zecovalve.com\/wp-content\/uploads\/2022\/06\/electric-ball-valve-300x225.jpg 300w, https:\/\/zecovalve.com\/wp-content\/uploads\/2022\/06\/electric-ball-valve-768x576.jpg 768w, https:\/\/zecovalve.com\/wp-content\/uploads\/2022\/06\/electric-ball-valve-600x450.jpg 600w, https:\/\/zecovalve.com\/wp-content\/uploads\/2022\/06\/electric-ball-valve.jpg 800w\" sizes=\"auto, (max-width: 300px) 100vw, 300px\" \/><\/figure>\r\n\r\n\r\n<div class=\"gb-button-wrapper gb-button-wrapper-f8260ba6\">\r\n\r\n\r\n<p><a class=\"gb-button gb-button-e4f70767 gb-button-text\" href=\"mailto:commercial@zecovalve.com\" target=\"_blank\" rel=\"noopener noreferrer\"><strong>ELEKTRIKLI K\u00dcRESEL VANA FIYATI ALIN<\/strong><\/a><\/p>\r\n<\/div>\r\n\r\n\r\n\r\n\r\n<h2 class=\"wp-block-heading\" id=\"h-what-is-an-electric-ball-valve\">Elektrikli K\u00fcresel Vana Nedir?<\/h2>\r\n\r\n\r\n\r\n<p>ZECO elektrikli k\u00fcresel vana, ad\u0131n\u0131 bir elektrikli akt\u00fcat\u00f6r ve k\u00fcresel vanan\u0131n kombinasyonundan al\u0131r. Genellikle uzaktan anahtar ve ayar kontrol\u00fc gerektiren orta boru hatlar\u0131nda kullan\u0131l\u0131r. End\u00fcstriyel otomasyon kontrol\u00fcnde \u00f6nemli bir kontrol \u00fcr\u00fcn\u00fcd\u00fcr. ZECO'nun elektrikli akt\u00fcat\u00f6rleri genellikle Alman AUMA elektrikli akt\u00fcat\u00f6rleri ile donat\u0131lm\u0131\u015ft\u0131r. M\u00fc\u015fterilerin ba\u015fka gereksinimleri varsa, ZECO \u015firketi bunlar\u0131 m\u00fc\u015fterilerin gereksinimlerine g\u00f6re de \u00f6zelle\u015ftirebilir. 2 in\u00e7 elektrikli k\u00fcresel vana, elektrikle \u00e7al\u0131\u015fan k\u00fcresel vanan\u0131n yayg\u0131n t\u00fcrlerinden biridir.<\/p>\r\n\r\n\r\n\r\n<h2 class=\"wp-block-heading\">Elektrikli K\u00fcresel Vana nas\u0131l \u00e7al\u0131\u015f\u0131r?<\/h2>\r\n\r\n\r\n\r\n<p>Genel olarak, elektrikli k\u00fcresel vanalar elektrik motorunu kullanarak elektrik enerjisini d\u00f6nme kuvvetine d\u00f6n\u00fc\u015ft\u00fcr\u00fcr ve b\u00f6ylece k\u00fcresel vanalar\u0131 d\u00f6nd\u00fcr\u00fcr. Temiz elektrik enerjisi ve vanalar\u0131 sessiz d\u00f6nd\u00fcrme modu nedeniyle vanalar\u0131 kontrol etmenin en verimli modudur.<\/p>\r\n\r\n\r\n\r\n<p>Daha iyi anlamak i\u00e7in, elektrikli k\u00fcresel vanan\u0131n nas\u0131l \u00e7al\u0131\u015ft\u0131\u011f\u0131 a\u015fa\u011f\u0131da a\u00e7\u0131klanm\u0131\u015ft\u0131r.<\/p>\r\n\r\n\r\n\r\n<h3 class=\"wp-block-heading\">Birinci Ad\u0131m: Sistemin A\u00e7\u0131lmas\u0131<\/h3>\r\n\r\n\r\n\r\n<p>\u0130lk olarak, sistemden do\u011fru elektrik ak\u0131m\u0131 ak\u0131\u015f\u0131n\u0131 sa\u011flamak i\u00e7in elektrikli k\u00fcresel vanalar\u0131 a\u00e7acaks\u0131n\u0131z. Elektrik ak\u0131m\u0131, valf g\u00f6vdesine ba\u011fl\u0131 bir mil taraf\u0131ndan iletilen bir tork \u00fcretecek olan elektrik motoruna g\u00fc\u00e7 verecektir.<\/p>\r\n\r\n\r\n\r\n<p>K\u00fcresel vanan\u0131n, mil ve elektrik motorundan gelen hareket nedeniyle d\u00f6nmeye ba\u015flad\u0131\u011f\u0131n\u0131 fark edeceksiniz. Elektrikli k\u00fcresel vanan\u0131n i\u015flemlerini kontrol etmek i\u00e7in ihtiyac\u0131n\u0131z olan g\u00fc\u00e7 miktar\u0131 buna g\u00f6re de\u011fi\u015fecektir.<\/p>\r\n\r\n\r\n\r\n<p>Elektrikli k\u00fcresel vanay\u0131 kontrol etmenize yard\u0131mc\u0131 olmas\u0131 i\u00e7in 12V, 24V ve 48V do\u011fru ak\u0131ma ihtiyac\u0131n\u0131z olabilir. \u00d6te yandan, vanay\u0131 kontrol etmek i\u00e7in 24V, 48V, 120V, 130V ve 240V alternatif ak\u0131m da kullanabilirsiniz.<\/p>\r\n\r\n\r\n\r\n<h3 class=\"wp-block-heading\">\u0130kinci Ad\u0131m: Torkun Kontrol Edilmesi<\/h3>\r\n\r\n\r\n\r\n<p>G\u00fc\u00e7 motordan ge\u00e7erken, motorun k\u00fcresel vanay\u0131 d\u00f6nd\u00fcrmek i\u00e7in \u00fcretece\u011fi kuvveti kontrol edebilirsiniz. \u015eaft\u0131 kontrol etmeye yard\u0131mc\u0131 olan ve b\u00f6ylece farkl\u0131 seviyelerde kuvvet \u00fcreten farkl\u0131 di\u015flilerden olu\u015fan bir sisteme sahiptir.<\/p>\r\n\r\n\r\n\r\n<p>Buna g\u00f6re elektrikli k\u00fcresel vanay\u0131 kontrol edebilecek en iyi kuvvetleri \u00fcretecek di\u015fliye karar verebilirsiniz. Elektrikli k\u00fcresel vanan\u0131n \u00e7al\u0131\u015faca\u011f\u0131 h\u0131z, elektrikli k\u00fcresel vanan\u0131n torku ile ters orant\u0131l\u0131d\u0131r.<\/p>\r\n\r\n\r\n\r\n<h2 class=\"wp-block-heading\" id=\"h-features-of-electric-ball-valves\">Elektrikli K\u00fcresel Vanalar\u0131n \u00d6zellikleri:<\/h2>\r\n\r\n\r\n\r\n<ul class=\"wp-block-list\">\r\n<li>ZECO, \u00fcr\u00fcnlerin uluslararas\u0131 standartlar\u0131 kar\u015f\u0131lamas\u0131 ve kullan\u0131c\u0131lara maliyeti en aza indirmek i\u00e7in \u015firketin ara\u015ft\u0131rma ve geli\u015ftirme \u00e7al\u0131\u015fmalar\u0131nda elinden gelenin en iyisini yapmas\u0131 konusunda kararl\u0131d\u0131r. Bu nedenle ZECO, k\u00fcresel vana torku konusunda b\u00fcy\u00fck \u00e7aba sarf etmi\u015f ve sonunda piyasadaki k\u00fcresel vanadan daha d\u00fc\u015f\u00fck torka sahip bir \u00fcr\u00fcn geli\u015ftirmi\u015ftir, b\u00f6ylece kullan\u0131c\u0131 maliyetlerini azaltmak i\u00e7in daha d\u00fc\u015f\u00fck birinci vites torkuna sahip bir elektrikli akt\u00fcat\u00f6rle donat\u0131labilir;<\/li>\r\n<li>ZECO elektrikli k\u00fcresel vana, m\u00fc\u015fterilerin farkl\u0131 gereksinimlerini kar\u015f\u0131lamak i\u00e7in tam boyutlu ve k\u00fc\u00e7\u00fclt\u00fclm\u00fc\u015f boyutlu serilerde mevcuttur. Tam ge\u00e7i\u015fli k\u00fcresel vanalar, minimum s\u0131v\u0131 direnci ve kolay boru hatt\u0131 temizli\u011fi i\u00e7in boru hatt\u0131n\u0131n i\u00e7 \u00e7ap\u0131yla ayn\u0131 kanalda sa\u011flan\u0131r. K\u00fc\u00e7\u00fclt\u00fclm\u00fc\u015f \u00e7apl\u0131 k\u00fcresel vanalar\u0131n a\u011f\u0131rl\u0131\u011f\u0131, ayn\u0131 \u00e7aptaki tam ge\u00e7i\u015fli k\u00fcresel vanan\u0131n yaln\u0131zca yakla\u015f\u0131k 70%'si kadard\u0131r, bu da maliyeti ve fiyat\u0131 etkili bir \u015fekilde azaltabilirken, s\u0131v\u0131 direnci katsay\u0131s\u0131 ayn\u0131 \u00e7aptaki k\u00fcresel vanan\u0131n yaln\u0131zca yakla\u015f\u0131k 1\/7'si kadard\u0131r;<\/li>\r\n<li>ZECO elektrik tahrikli k\u00fcresel vana, y\u00fcksek, d\u00fc\u015f\u00fck ve vakum ko\u015fullar\u0131nda g\u00fcvenilir s\u0131zd\u0131rmazl\u0131k sa\u011flar;<\/li>\r\n<li>Otomatik bas\u0131n\u00e7 tahliye yap\u0131s\u0131na sahip ZECO elektrikli k\u00fcresel vana, boru hatt\u0131 bas\u0131nc\u0131 anormal y\u00fckseldi\u011finde, hazne ortam\u0131 yuvay\u0131 itmek ve otomatik bas\u0131n\u00e7 tahliyesi i\u00e7in kendi iti\u015fine g\u00fcvenebilir.<\/li>\r\n<\/ul>\r\n\r\n\r\n\r\n<h2 class=\"wp-block-heading\" id=\"h-applications-of-electric-ball-valves\">Elektrik Akt\u00fcat\u00f6rl\u00fc K\u00fcresel Vana Uygulamalar\u0131<\/h2>\r\n\r\n\r\n\r\n<ul class=\"wp-block-list\">\r\n<li>Yemek Servis Ekipmanlar\u0131<\/li>\r\n<li>Sulama End\u00fcstrisi<\/li>\r\n<li>Ara\u00e7 Y\u0131kama Sistemleri<\/li>\r\n<li>Su Ar\u0131tma Ekipmanlar\u0131<\/li>\r\n<li>\u00dcretim Tesisleri<\/li>\r\n<li>Mobil Uygulamalar<\/li>\r\n<li>Is\u0131 E\u015fanj\u00f6rleri<\/li>\r\n<\/ul>\r\n\r\n\r\n\r\n<h2 class=\"wp-block-heading\" id=\"h-how-to-install-an-electric-ball-valves\">Elektrikli K\u00fcresel Vanalar Nas\u0131l Kurulur?<\/h2>\r\n\r\n\r\n\r\n<p>Elektrikli vana akt\u00fcat\u00f6rlerini yerine monte ederken sa\u011flam, end\u00fcstri standard\u0131 par\u00e7alar kullan\u0131n. Bir\u00e7ok akt\u00fcat\u00f6r ve montaj donan\u0131m\u0131, ba\u011flant\u0131lar i\u00e7in ISO 5211 standartlar\u0131n\u0131 kullan\u0131r, bu da \u00e7e\u015fitli markalar\u0131n ve bile\u015fenlerin sorunsuz bir \u015fekilde birlikte \u00e7al\u0131\u015fmas\u0131n\u0131 sa\u011flar.<\/p>\r\n\r\n\r\n\r\n<p>Montaj i\u00e7in en az \u00fc\u00e7 bile\u015fene ihtiyac\u0131n\u0131z olacak:<\/p>\r\n\r\n\r\n\r\n<ul class=\"wp-block-list\">\r\n<li>Bir \u00e7\u0131k\u0131\u015f s\u00fcr\u00fcc\u00fcs\u00fc<\/li>\r\n<li>Valf kafas\u0131na ba\u011flamak i\u00e7in bir mil<\/li>\r\n<li>Akt\u00fcat\u00f6r\u00fc vanaya monte eden bir flan\u015f<\/li>\r\n<li>\u00c7e\u015fitli akt\u00fcat\u00f6rler, mevcut torka ve ba\u011flant\u0131 elemanlar\u0131na ba\u011fl\u0131 olarak farkl\u0131 tipte flan\u015flar gerektirir.<\/li>\r\n<\/ul>\r\n\r\n\r\n\r\n<h2 class=\"wp-block-heading\" id=\"h-material-of-electrically-opened-ball-valve\">Elektrikle A\u00e7\u0131lan K\u00fcresel Vana Malzemesi:<\/h2>\r\n\r\n\r\n\r\n<figure class=\"wp-block-table\">\r\n<table>\r\n<tbody>\r\n<tr>\r\n<td>Hay\u0131r<\/td>\r\n<td>Par\u00e7a<\/td>\r\n<td>Malzeme<\/td>\r\n<\/tr>\r\n<tr>\r\n<td>1<\/td>\r\n<td>V\u00fccut<\/td>\r\n<td>ASTM A105<\/td>\r\n<\/tr>\r\n<tr>\r\n<td>2<\/td>\r\n<td>Bone<\/td>\r\n<td>ASTM A105<\/td>\r\n<\/tr>\r\n<tr>\r\n<td>3<\/td>\r\n<td>Top<\/td>\r\n<td>ASTM A105<\/td>\r\n<\/tr>\r\n<tr>\r\n<td>4<\/td>\r\n<td>Koltuk<\/td>\r\n<td>ASTM A105 + PTFE<\/td>\r\n<\/tr>\r\n<tr>\r\n<td>5<\/td>\r\n<td>K\u00f6k<\/td>\r\n<td>ASTM A182 F6a<\/td>\r\n<\/tr>\r\n<tr>\r\n<td>6<\/td>\r\n<td>Anti-statik Cihaz<\/td>\r\n<td>SS304<\/td>\r\n<\/tr>\r\n<tr>\r\n<td>7<\/td>\r\n<td>Conta<\/td>\r\n<td>Grafit + SS304<\/td>\r\n<\/tr>\r\n<tr>\r\n<td>8<\/td>\r\n<td>C\u0131vata<\/td>\r\n<td>ASTM A193 B7<\/td>\r\n<\/tr>\r\n<tr>\r\n<td>9<\/td>\r\n<td>F\u0131nd\u0131k<\/td>\r\n<td>ASTM A194 2H<\/td>\r\n<\/tr>\r\n<tr>\r\n<td>10<\/td>\r\n<td>O-ring<\/td>\r\n<td>Viton A<\/td>\r\n<\/tr>\r\n<tr>\r\n<td>11<\/td>\r\n<td>Elektrikli Akt\u00fcat\u00f6r<\/td>\r\n<td>ASTM A182 F304<\/td>\r\n<\/tr>\r\n<\/tbody>\r\n<\/table>\r\n<\/figure>\r\n\r\n\r\n\r\n<h2 class=\"wp-block-heading\" id=\"faq11\">Elektrikli K\u00fcresel Vanada Ar\u0131za Nedenleri Nelerdir?<\/h2>\r\n\r\n\r\n\r\n<h3 class=\"wp-block-heading\">Elektrikli K\u00fcresel Vanan\u0131n K\u00f6t\u00fc Tasar\u0131m\u0131<\/h3>\r\n\r\n\r\n\r\n<p>Elektrikli k\u00fcresel vana tasar\u0131m\u0131n\u0131z \u00e7ok k\u00f6t\u00fc olabilir ve bu da uygulama gereksinimleriyle uyumlu \u00e7al\u0131\u015fmayabilir. Zay\u0131f tasar\u0131m, zay\u0131f kimyasal uyumluluk ve ak\u0131\u015f veya bas\u0131n\u00e7 oran\u0131nda zay\u0131f derecelendirme a\u00e7\u0131s\u0131ndan olabilir.<\/p>\r\n\r\n\r\n\r\n<h3 class=\"wp-block-heading\">Hatal\u0131 Kurulum<\/h3>\r\n\r\n\r\n\r\n<p>Ayr\u0131ca, k\u00f6t\u00fc veya hatal\u0131 kurulumlar\u0131n bir sonucu olarak ortaya \u00e7\u0131kabilecek ba\u015far\u0131l\u0131 operasyonlarda ba\u015far\u0131s\u0131zl\u0131k ya\u015fayabilirsiniz. Elektrikli k\u00fcresel vanalarda s\u0131z\u0131nt\u0131lar veya yanl\u0131\u015f konumlar olabilir, bu da nihai ar\u0131zalar\u0131na yol a\u00e7abilir.<\/p>\r\n\r\n\r\n\r\n<h3 class=\"wp-block-heading\">Uygunsuz Operasyonlar<\/h3>\r\n\r\n\r\n\r\n<p>Yukar\u0131daki etkenlere ek olarak, elektrikli k\u00fcresel vanalar i\u00e7in yanl\u0131\u015f i\u015flemler de yapabilirsiniz. Ba\u015fka bir deyi\u015fle, elektrikli k\u00fcresel vanalar\u0131 yanl\u0131\u015f i\u015flemler i\u00e7in kullanabilir ve b\u00f6ylece tamamen ar\u0131zaya yol a\u00e7abilirsiniz.<\/p>","protected":false},"excerpt":{"rendered":"<p>Elektrikli k\u00fcresel vanalar, ak\u0131\u015f\u0131 kontrol etmek amac\u0131yla ortas\u0131nda bir delik bulunan bir topu d\u00f6nd\u00fcrmek i\u00e7in elektrikli bir akt\u00fcat\u00f6r kullan\u0131r. Nedir \u2026 <a title=\"Elektrikli K\u00fcresel Vana\" class=\"read-more\" href=\"https:\/\/zecovalve.com\/tr\/urun\/electric-ball-valve\" aria-label=\"Elektrikli K\u00fcresel Vana hakk\u0131nda daha fazlas\u0131\">Daha fazla bilgi edinin<\/a><\/p>","protected":false},"featured_media":27847,"comment_status":"closed","ping_status":"closed","template":"","meta":{"_generate-full-width-content":"","kt_blocks_editor_width":""},"product_cat":[2047,2460,2465],"product_tag":[3295,3293,3869,3255,3291,3868,3294,2766,3292,2727],"class_list":["post-16073","product","type-product","status-publish","has-post-thumbnail","hentry","product_cat-ball-valve","product_cat-ball-valve-by-drive-mode","product_cat-forged-steel-ball-valve","product_tag-ball-valve-electric","product_tag-electric-actuated-ball-valve","product_tag-electric-actuator-ball-valve","product_tag-electric-ball-valve","product_tag-electrical-ball-valve","product_tag-electrically-actuated-ball-valve","product_tag-electronic-ball-valve","product_tag-motorised-valve","product_tag-motorized-ball-valve","product_tag-motorized-valve","sales-flash-overlay","woocommerce-text-align-center","woocommerce-image-align-center","do-quantity-buttons"],"featured_image_src_large":["https:\/\/zecovalve.com\/wp-content\/uploads\/2022\/06\/Electric-Ball-Valve-1.jpg",800,600,false],"author_info":[],"comment_info":0,"taxonomy_info":{"product_cat":[{"value":2047,"label":"Ball Valve"},{"value":2460,"label":"Ball Valve By Drive Mode"},{"value":2465,"label":"Forged Ball Valve"}],"product_tag":[{"value":3295,"label":"Ball Valve Electric"},{"value":3293,"label":"Electric Actuated Ball Valve"},{"value":3869,"label":"Electric Actuator Ball Valve"},{"value":3255,"label":"Electric Ball Valve"},{"value":3291,"label":"Electrical Ball Valve"},{"value":3868,"label":"Electrically Actuated Ball Valve"},{"value":3294,"label":"Electronic Ball Valve"},{"value":2766,"label":"Motorised Valve"},{"value":3292,"label":"Motorized Ball Valve"},{"value":2727,"label":"Motorized Valve"}]},"yoast_head":"<!-- This site is optimized with the Yoast SEO Premium plugin v15.4 - https:\/\/yoast.com\/wordpress\/plugins\/seo\/ -->\n<title>Electric Ball Valve - Electric Actuated Ball Valve | ZECO Valve<\/title>\n<meta name=\"robots\" content=\"index, follow, max-snippet:-1, max-image-preview:large, max-video-preview:-1\" \/>\n<link rel=\"canonical\" href=\"https:\/\/zecovalve.com\/tr\/urun\/electric-ball-valve\" \/>\n<meta property=\"og:locale\" content=\"tr_TR\" \/>\n<meta property=\"og:type\" content=\"article\" \/>\n<meta property=\"og:title\" content=\"Electric Ball Valve - Electric Actuated Ball Valve | ZECO Valve\" \/>\n<meta property=\"og:description\" content=\"Electric ball valves use an electric actuator to rotate a ball with a hole in the center to control flow. What is ... Read more\" \/>\n<meta property=\"og:url\" content=\"https:\/\/zecovalve.com\/tr\/urun\/electric-ball-valve\" \/>\n<meta property=\"og:site_name\" content=\"ZECO Valve\" \/>\n<meta property=\"article:modified_time\" content=\"2023-06-07T06:40:53+00:00\" \/>\n<meta property=\"og:image\" content=\"https:\/\/zecovalve.com\/wp-content\/uploads\/2022\/06\/Electric-Ball-Valve-1.jpg\" \/>\n\t<meta property=\"og:image:width\" content=\"800\" \/>\n\t<meta property=\"og:image:height\" content=\"600\" \/>\n<meta name=\"twitter:card\" content=\"summary_large_image\" \/>\n<meta name=\"twitter:label1\" content=\"Yazan:\">\n\t<meta name=\"twitter:data1\" content=\"Jerry\">\n\t<meta name=\"twitter:label2\" content=\"Tahmini okuma s\u00fcresi\">\n\t<meta name=\"twitter:data2\" content=\"4 dakika\">\n<script type=\"application\/ld+json\" class=\"yoast-schema-graph\">{\"@context\":\"https:\/\/schema.org\",\"@graph\":[{\"@type\":\"WebSite\",\"@id\":\"https:\/\/zecovalve.com\/#website\",\"url\":\"https:\/\/zecovalve.com\/\",\"name\":\"ZECO Valve\",\"description\":\"Industrial Ball Valve, Gate Valve and Globe Valve Manufacturer\",\"potentialAction\":[{\"@type\":\"SearchAction\",\"target\":\"https:\/\/zecovalve.com\/?s={search_term_string}\",\"query-input\":\"required name=search_term_string\"}],\"inLanguage\":\"tr\"},{\"@type\":\"ImageObject\",\"@id\":\"https:\/\/zecovalve.com\/product\/electric-ball-valve#primaryimage\",\"inLanguage\":\"tr\",\"url\":\"https:\/\/zecovalve.com\/wp-content\/uploads\/2022\/06\/Electric-Ball-Valve-1.jpg\",\"width\":800,\"height\":600,\"caption\":\"Electric Ball Valve\"},{\"@type\":\"WebPage\",\"@id\":\"https:\/\/zecovalve.com\/product\/electric-ball-valve#webpage\",\"url\":\"https:\/\/zecovalve.com\/product\/electric-ball-valve\",\"name\":\"Electric Ball Valve - Electric Actuated Ball Valve | ZECO Valve\",\"isPartOf\":{\"@id\":\"https:\/\/zecovalve.com\/#website\"},\"primaryImageOfPage\":{\"@id\":\"https:\/\/zecovalve.com\/product\/electric-ball-valve#primaryimage\"},\"datePublished\":\"2022-06-18T13:57:28+00:00\",\"dateModified\":\"2023-06-07T06:40:53+00:00\",\"breadcrumb\":{\"@id\":\"https:\/\/zecovalve.com\/product\/electric-ball-valve#breadcrumb\"},\"inLanguage\":\"tr\",\"potentialAction\":[{\"@type\":\"ReadAction\",\"target\":[\"https:\/\/zecovalve.com\/product\/electric-ball-valve\"]}]},{\"@type\":\"BreadcrumbList\",\"@id\":\"https:\/\/zecovalve.com\/product\/electric-ball-valve#breadcrumb\",\"itemListElement\":[{\"@type\":\"ListItem\",\"position\":1,\"item\":{\"@type\":\"WebPage\",\"@id\":\"https:\/\/zecovalve.com\/\",\"url\":\"https:\/\/zecovalve.com\/\",\"name\":\"Home\"}},{\"@type\":\"ListItem\",\"position\":2,\"item\":{\"@type\":\"WebPage\",\"@id\":\"https:\/\/zecovalve.com\/product-category\",\"url\":\"https:\/\/zecovalve.com\/product-category\",\"name\":\"Industrial Valve Manufacturer | Water Valve Manufacturer\"}},{\"@type\":\"ListItem\",\"position\":3,\"item\":{\"@type\":\"WebPage\",\"@id\":\"https:\/\/zecovalve.com\/product\/electric-ball-valve\",\"url\":\"https:\/\/zecovalve.com\/product\/electric-ball-valve\",\"name\":\"Electric Ball Valve\"}}]}]}<\/script>\n<!-- \/ Yoast SEO Premium plugin. -->","_links":{"self":[{"href":"https:\/\/zecovalve.com\/tr\/wp-json\/wp\/v2\/product\/16073","targetHints":{"allow":["GET"]}}],"collection":[{"href":"https:\/\/zecovalve.com\/tr\/wp-json\/wp\/v2\/product"}],"about":[{"href":"https:\/\/zecovalve.com\/tr\/wp-json\/wp\/v2\/types\/product"}],"replies":[{"embeddable":true,"href":"https:\/\/zecovalve.com\/tr\/wp-json\/wp\/v2\/comments?post=16073"}],"wp:featuredmedia":[{"embeddable":true,"href":"https:\/\/zecovalve.com\/tr\/wp-json\/wp\/v2\/media\/27847"}],"wp:attachment":[{"href":"https:\/\/zecovalve.com\/tr\/wp-json\/wp\/v2\/media?parent=16073"}],"wp:term":[{"taxonomy":"product_cat","embeddable":true,"href":"https:\/\/zecovalve.com\/tr\/wp-json\/wp\/v2\/product_cat?post=16073"},{"taxonomy":"product_tag","embeddable":true,"href":"https:\/\/zecovalve.com\/tr\/wp-json\/wp\/v2\/product_tag?post=16073"}],"curies":[{"name":"wp","href":"https:\/\/api.w.org\/{rel}","templated":true}]}}