{"id":16075,"date":"2022-06-18T14:00:20","date_gmt":"2022-06-18T14:00:20","guid":{"rendered":"https:\/\/zecovalve.com\/?post_type=product&#038;p=16075"},"modified":"2023-06-07T06:43:13","modified_gmt":"2023-06-07T06:43:13","slug":"metal-seated-ball-valve","status":"publish","type":"product","link":"https:\/\/zecovalve.com\/tr\/urun\/metal-seated-ball-valve","title":{"rendered":"Metal Oturmal\u0131 K\u00fcresel Vana"},"content":{"rendered":"<p>Metal Oturmal\u0131 K\u00fcresel Vana, 540\u00b0C'ye kadar y\u00fcksek s\u0131cakl\u0131klar (g\u00f6vde ve trim malzemesine ba\u011fl\u0131 olarak daha y\u00fcksek olabilir) veya a\u015f\u0131nma direnci i\u00e7in \u00fcretilmi\u015ftir.<\/p>\r\n\r\n\r\n\r\n<div class=\"wp-block-columns is-layout-flex wp-container-core-columns-is-layout-9d6595d7 wp-block-columns-is-layout-flex\">\r\n<div class=\"wp-block-column is-layout-flow wp-block-column-is-layout-flow\">\r\n<figure class=\"wp-block-image size-large\"><img decoding=\"async\" src=\"https:\/\/zecovalve.com\/wp-content\/uploads\/2022\/06\/metal-seated-ball-valve-1-300x225.jpg\" alt=\"\" \/><\/figure>\r\n<\/div>\r\n\r\n\r\n\r\n<div class=\"wp-block-column is-layout-flow wp-block-column-is-layout-flow\">\r\n<figure class=\"wp-block-image size-large\"><img decoding=\"async\" src=\"https:\/\/zecovalve.com\/wp-content\/uploads\/2022\/06\/metal-seated-ball-valve-2-300x225.jpg\" alt=\"\" \/><\/figure>\r\n<\/div>\r\n\r\n\r\n\r\n<div class=\"wp-block-column is-layout-flow wp-block-column-is-layout-flow\">\r\n<figure class=\"wp-block-image size-large\"><img decoding=\"async\" src=\"https:\/\/zecovalve.com\/wp-content\/uploads\/2022\/06\/metal-seated-ball-valve-3-300x225.jpg\" alt=\"\" \/><\/figure>\r\n<\/div>\r\n\r\n\r\n\r\n<div class=\"wp-block-column is-layout-flow wp-block-column-is-layout-flow\">\r\n<figure class=\"wp-block-image size-large\"><img decoding=\"async\" src=\"https:\/\/zecovalve.com\/wp-content\/uploads\/2022\/06\/metal-seated-ball-valve-4-300x225.jpg\" alt=\"\" \/><\/figure>\r\n<\/div>\r\n<\/div>\r\n\r\n\r\n<div class=\"gb-button-wrapper gb-button-wrapper-31f123f4\">\r\n\r\n\r\n<p><a class=\"gb-button gb-button-504ddfe8 gb-button-text\" href=\"mailto:commercial@zecovalve.com\" target=\"_blank\" rel=\"noopener noreferrer\"><strong><strong>METAL YATAKLI K\u00dcRESEL VANA FIYATI ALIN<\/strong><\/strong><\/a><\/p>\r\n<\/div>\r\n\r\n\r\n\r\n\r\n<h2 class=\"wp-block-heading\" id=\"h-what-is-a-metal-seated-ball-valve\">Metal Oturmal\u0131 K\u00fcresel Vana Nedir?<\/h2>\r\n\r\n\r\n\r\n<p>ZECO metal yatakl\u0131 k\u00fcresel vana, y\u00fcksek s\u0131cakl\u0131k ve y\u00fcksek bas\u0131n\u00e7l\u0131 \u00f6zel ortam veya boru hatt\u0131ndaki partik\u00fcll\u00fc ortam i\u00e7in uygundur. Analiz ve hesaplaman\u0131n farkl\u0131 \u00e7al\u0131\u015fma ko\u015fullar\u0131na dayanan metal oturmal\u0131 k\u00fcresel vana tipi se\u00e7imi, malzeme sertli\u011finin sertli\u011finin uygun \u00e7al\u0131\u015fma ko\u015fullar\u0131n\u0131 se\u00e7mek, \u00f6zel i\u015fleme i\u00e7in bir k\u00fcre y\u00fczeyinde ve valf yuvas\u0131 s\u0131zd\u0131rmazl\u0131k y\u00fczeyinde ileri sprey kaynak teknolojisini benimsemek, sert k\u00fcre ile ta\u015flama ve yuva s\u0131zd\u0131rmazl\u0131k y\u00fczeyi, uyum hassasiyetini s\u0131z\u0131nt\u0131 yapmaz.<\/p>\r\n\r\n\r\n\r\n<h2 class=\"wp-block-heading\">Metal Oturmal\u0131 K\u00fcresel Vana \u00c7e\u015fitleri<\/h2>\r\n\r\n\r\n\r\n<ul class=\"wp-block-list\">\r\n<li>Metal Oturmal\u0131 Muyluya Monteli K\u00fcresel Vanalar, ayr\u0131k g\u00f6vdeli, muyluya monteli, bo\u015fluk tahliyeli yayl\u0131 yataklara sahip k\u00fcresel vanalard\u0131r, \u00e7ift blokaj ve kanama \u00f6zelli\u011fine sahiptirler.<\/li>\r\n\r\n\r\n\r\n<li>Metal yatakl\u0131 Y\u00fczer k\u00fcresel vana, y\u00fcksek s\u0131cakl\u0131ktaki \u00e7al\u0131\u015fma ko\u015fullar\u0131 i\u00e7in S\u0131f\u0131r s\u0131z\u0131nt\u0131 \u00f6zelli\u011fine sahiptir. Ayr\u0131ca, Krom Karb\u00fcr, Tungsten Karb\u00fcr veya Stellit sert y\u00fczey malzemeli yataklar da mevcuttur. T\u00fcm Relia y\u00fczer k\u00fcresel vanalar Antistatik Tasar\u0131m ve Otomatik G\u00f6vde Bo\u015flu\u011fu Tahliye \u00f6zelli\u011fine sahiptir.<\/li>\r\n<\/ul>\r\n\r\n\r\n\r\n<h2 class=\"wp-block-heading\">Metal Oturmal\u0131 K\u00fcresel Vana Uygulamalar\u0131<\/h2>\r\n\r\n\r\n\r\n<ul class=\"wp-block-list\">\r\n<li>Petrol ve Gaz<\/li>\r\n\r\n\r\n\r\n<li>Rafineri \/ Petrokimya<\/li>\r\n\r\n\r\n\r\n<li>Kimyasal S\u00fcre\u00e7<\/li>\r\n\r\n\r\n\r\n<li>Enerji \u00dcretimi<\/li>\r\n\r\n\r\n\r\n<li>Ka\u011f\u0131t Hamuru ve Ka\u011f\u0131t<\/li>\r\n\r\n\r\n\r\n<li>Madencilik<\/li>\r\n<\/ul>\r\n\r\n\r\n\r\n<h2 class=\"wp-block-heading\" id=\"h-features-of-metal-seat-ball-valve\">Metal Yuval\u0131 K\u00fcresel Vana \u00d6zellikleri:<\/h2>\r\n\r\n\r\n\r\n<ul class=\"wp-block-list\">\r\n<li>Mutlak Yang\u0131n G\u00fcvenli\u011fi Garantisi. ZECO metal yatakl\u0131 k\u00fcresel vanalar kesinlikle yang\u0131n emniyetli tasar\u0131ma sahiptir. Metal-metal temas\u0131, k\u00fcre ve yatak aras\u0131nda tasarlanm\u0131\u015ft\u0131r ve burada ko\u015fulsuz yang\u0131n g\u00fcvenli\u011fi i\u015flevi vard\u0131r. Esnek grafit conta, yang\u0131na kar\u015f\u0131 g\u00fcvenli ama\u00e7lara ula\u015fmak i\u00e7in y\u00fcksek s\u0131cakl\u0131ktaki ortamlarda bile g\u00f6vde ve yatak veya g\u00f6vde ve adapt\u00f6r aras\u0131ndaki s\u0131v\u0131 s\u0131z\u0131nt\u0131s\u0131n\u0131 \u00f6nleyebilir. Ek olarak, g\u00f6vde salmastras\u0131 gibi di\u011fer s\u0131zd\u0131rmazl\u0131k bile\u015fenleri de yang\u0131n g\u00fcvenli\u011fi i\u015flevine ula\u015fabilir ve harici s\u0131z\u0131nt\u0131y\u0131 \u00f6nleyebilir. B\u00f6ylece vanan\u0131n t\u00fcm par\u00e7alar\u0131 y\u00fcksek s\u0131cakl\u0131k hizmetinden etkilenmeyecektir.<\/li>\r\n\r\n\r\n\r\n<li>D\u00fc\u015f\u00fck Bas\u0131n\u00e7ta G\u00fcvenilir S\u0131zd\u0131rmazl\u0131k. ZECO metal yatakl\u0131 k\u00fcresel vanalar, yukar\u0131 ak\u0131\u015f yata\u011f\u0131n\u0131 k\u00fcre y\u00fczeyine s\u0131k\u0131ca itebilen ve son derece d\u00fc\u015f\u00fck bas\u0131n\u00e7ta bile g\u00fcvenilir bir s\u0131zd\u0131rmazl\u0131k sa\u011flayan bir yatak yay\u0131 yap\u0131s\u0131na sahiptir.<\/li>\r\n\r\n\r\n\r\n<li>ZECO metal oturmal\u0131 k\u00fcresel vana anahtar\u0131 tork \u0131\u015f\u0131\u011f\u0131. S\u0131zd\u0131rmazl\u0131k halkas\u0131 yayl\u0131 conta halkas\u0131n\u0131n alt k\u0131sm\u0131 bilye ile birbirine yak\u0131n oldu\u011fundan, anahtar torku, anahtar \u00e7ok hafif oldu\u011funda yay\u0131n \u00f6n y\u00fck\u00fcn\u00fc a\u015ft\u0131\u011f\u0131 s\u00fcrece ve elektrikli akt\u00fcat\u00f6r konfig\u00fcrasyonunda, di\u011fer markalardan daha fazla se\u00e7im yap\u0131labilir. metal oturmal\u0131 k\u00fcresel vana az say\u0131da elektrikli akt\u00fcat\u00f6r;<\/li>\r\n\r\n\r\n\r\n<li>Y\u00fcksek s\u0131cakl\u0131k i\u00e7in ZECO metal yatakl\u0131 k\u00fcresel vanalar uzun bir hizmet \u00f6mr\u00fcne sahiptir. Genel yumu\u015fak yatakl\u0131 k\u00fcresel vanalar\u0131n \u00e7al\u0131\u015fma s\u0131cakl\u0131\u011f\u0131 400 \u00b0 F'ye kadar s\u0131n\u0131rl\u0131d\u0131r, ancak metal yatakl\u0131 k\u00fcresel vanalar maksimum 800 \u00b0 F servis s\u0131cakl\u0131\u011f\u0131n\u0131 garanti eder.<\/li>\r\n\r\n\r\n\r\n<li>Patlamaya Dayan\u0131kl\u0131 G\u00f6vde ve Anti-Statik Cihaz. Genel k\u00fcresel vanalar gibi, ZECO metal yatakl\u0131 k\u00fcresel vanalar da patlamaya dayan\u0131kl\u0131 g\u00f6vde ve anti-statik cihazla sa\u011flan\u0131r.<\/li>\r\n<\/ul>\r\n\r\n\r\n\r\n<h2 class=\"wp-block-heading\" id=\"h-product-range-of-metal-seated-ball-valves\">Metal Oturmal\u0131 K\u00fcresel Vana \u00dcr\u00fcn Yelpazesi<\/h2>\r\n\r\n\r\n\r\n<figure class=\"wp-block-table is-style-stripes\">\r\n<table>\r\n<tbody>\r\n<tr>\r\n<td>\u00a0Tip<\/td>\r\n<td>\u00a0Metal Oturmal\u0131 Y\u00fczer K\u00fcresel Vana\/Metal Oturmal\u0131 Muylu K\u00fcresel Vana<\/td>\r\n<\/tr>\r\n<tr>\r\n<td>\u00a0G\u00f6vde Malzemesi<\/td>\r\n<td>\u00a0Karbon \u00c7elik, D\u00fc\u015f\u00fck S\u0131cakl\u0131k Karbon \u00c7elik, Paslanmaz \u00c7elik, Dubleks \u00c7elik<\/td>\r\n<\/tr>\r\n<tr>\r\n<td>\u00a0Top\/Yatak Y\u00fczeyi<\/td>\r\n<td>\u00a0Stellit, Tungsten Karb\u00fcr, Krom Karb\u00fcr<\/td>\r\n<\/tr>\r\n<tr>\r\n<td>\u00a0Boyut Aral\u0131\u011f\u0131<\/td>\r\n<td>\u00a01\/2\"-48\" (DN15-DN600)<\/td>\r\n<\/tr>\r\n<tr>\r\n<td>\u00a0S\u0131n\u0131f Derecelendirmesi<\/td>\r\n<td>\u00a0ANSI S\u0131n\u0131f\u0131 150-2500 (PN20-PN420)<\/td>\r\n<\/tr>\r\n<tr>\r\n<td>\u00a0U\u00e7 Ba\u011flant\u0131s\u0131<\/td>\r\n<td>\u00a0Al\u0131n Kaynakl\u0131, Flan\u015fl\u0131, G\u00f6bek<\/td>\r\n<\/tr>\r\n<tr>\r\n<td>\u00a0Operat\u00f6r<\/td>\r\n<td>\u00a0Kol, Sonsuz Di\u015fli, Elektrikli, Pn\u00f6matik, Hidrolik<\/td>\r\n<\/tr>\r\n<tr>\r\n<td>S\u0131cakl\u0131k<\/td>\r\n<td>-196\u00b0C - 816\u00b0C (-320\u00b0F - 1.500\u00b0F)<\/td>\r\n<\/tr>\r\n<\/tbody>\r\n<\/table>\r\n<\/figure>\r\n\r\n\r\n\r\n<h2 class=\"wp-block-heading\">Metal Oturmal\u0131 K\u00fcresel Vanalar\u0131n Uygulanabilir Standartlar\u0131<\/h2>\r\n\r\n\r\n\r\n<figure class=\"wp-block-table is-style-stripes\">\r\n<table>\r\n<tbody>\r\n<tr>\r\n<td>\u0130N\u015eAAT<\/td>\r\n<td>\u0130ki Par\u00e7al\u0131 G\u00f6vde veya \u00dc\u00e7 Par\u00e7al\u0131 G\u00f6vde<br \/>Patlamaya Dayan\u0131kl\u0131 G\u00f6vde<\/td>\r\n<\/tr>\r\n<tr>\r\n<td>M\u00dcH\u00dcRLEME<\/td>\r\n<td>Tek Y\u00f6nl\u00fc veya \u00c7ift Y\u00f6nl\u00fc<\/td>\r\n<\/tr>\r\n<tr>\r\n<td>TASARIM<\/td>\r\n<td>API6D<br \/>ASME B16.34<\/td>\r\n<\/tr>\r\n<tr>\r\n<td>TEST<\/td>\r\n<td>API6D<br \/>API598<br \/>EN12266<br \/>MSS SP82<br \/>ISO5208<\/td>\r\n<\/tr>\r\n<tr>\r\n<td>Y\u00dcZ Y\u00dcZE<\/td>\r\n<td>ASME B16.10<br \/>EN558<br \/>JIS B2002<br \/>MSS SP72<\/td>\r\n<\/tr>\r\n<tr>\r\n<td>YANGIN G\u00dcVENL\u0130\u011e\u0130<\/td>\r\n<td>Tasar\u0131m ve Sertifikal\u0131 API607, API6Fa, ISO10497<\/td>\r\n<\/tr>\r\n<tr>\r\n<td>KA\u00c7AK EMISYON<\/td>\r\n<td>ISO EN15848-1<br \/>ISO EN15848-2<\/td>\r\n<\/tr>\r\n<tr>\r\n<td>SE\u00c7ENEKLER<\/td>\r\n<td>Geni\u015fletilmi\u015f Kaput<br \/>Dudak contalar\u0131<br \/>Enjeksiyon S\u0131zd\u0131rmazl\u0131k Yuvas\u0131 ve Paketleme<br \/>Is\u0131tma Ceketi<br \/>Tahliye ve Havaland\u0131rma<br \/>AED M\u00fch\u00fcrler<br \/>API6D uyar\u0131nca DBB- DIB1 - DIB2<\/td>\r\n<\/tr>\r\n<\/tbody>\r\n<\/table>\r\n<\/figure>\r\n\r\n\r\n\r\n<h2 class=\"wp-block-heading\">Metal Yuval\u0131 K\u00fcresel Vana Malzemesi<\/h2>\r\n\r\n\r\n\r\n<figure class=\"wp-block-table is-style-stripes\">\r\n<table>\r\n<tbody>\r\n<tr>\r\n<td>Hay\u0131r<\/td>\r\n<td>Par\u00e7a<\/td>\r\n<td>Malzeme<\/td>\r\n<\/tr>\r\n<tr>\r\n<td>1<\/td>\r\n<td>V\u00fccut<\/td>\r\n<td>ASTM A105<\/td>\r\n<\/tr>\r\n<tr>\r\n<td>2<\/td>\r\n<td>Bone<\/td>\r\n<td>ASTM A105<\/td>\r\n<\/tr>\r\n<tr>\r\n<td>3<\/td>\r\n<td>Top<\/td>\r\n<td>ASTM A105 + Tungsten Karb\u00fcr<\/td>\r\n<\/tr>\r\n<tr>\r\n<td>4<\/td>\r\n<td>Koltuk<\/td>\r\n<td>ASTM A105 + STL<\/td>\r\n<\/tr>\r\n<tr>\r\n<td>5<\/td>\r\n<td>K\u00f6k<\/td>\r\n<td>ASTM A182 F6a<\/td>\r\n<\/tr>\r\n<tr>\r\n<td>6<\/td>\r\n<td>Anti-statik Cihaz<\/td>\r\n<td>SS304<\/td>\r\n<\/tr>\r\n<tr>\r\n<td>7<\/td>\r\n<td>Conta<\/td>\r\n<td>Grafit + SS304<\/td>\r\n<\/tr>\r\n<tr>\r\n<td>8<\/td>\r\n<td>C\u0131vata<\/td>\r\n<td>ASTM A193 B7<\/td>\r\n<\/tr>\r\n<tr>\r\n<td>9<\/td>\r\n<td>F\u0131nd\u0131k<\/td>\r\n<td>ASTM A194 2H<\/td>\r\n<\/tr>\r\n<tr>\r\n<td>10<\/td>\r\n<td>O-ring<\/td>\r\n<td>Viton A<\/td>\r\n<\/tr>\r\n<tr>\r\n<td>11<\/td>\r\n<td>Kol<\/td>\r\n<td>ASTM A216 WCB<\/td>\r\n<\/tr>\r\n<\/tbody>\r\n<\/table>\r\n<\/figure>\r\n\r\n\r\n\r\n<p>G\u00fcvenilir metal yatakl\u0131 k\u00fcresel vana \u00fcreticileri ar\u0131yorsan\u0131z, ZECO \u015firketi en iyi se\u00e7iminiz olabilir.<\/p>\r\n\r\n\r\n\r\n<p>ZECO Vana, \u00fc\u00e7 par\u00e7al\u0131, flan\u015fl\u0131, kaynakl\u0131 g\u00f6vde muylulu ve \u00e7ift yatakl\u0131 metal muylulu vanalar dahil olmak \u00fczere \u00e7e\u015fitli metal yatakl\u0131 k\u00fcresel vanalar sunmaktad\u0131r. Metal yatakl\u0131 vanalar\u0131n birincil avantaj\u0131, y\u00fcksek s\u0131cakl\u0131klara ve a\u011f\u0131r hizmet ko\u015fullar\u0131na dayanabilmeleridir. Metal yataklar \u015fiddetli parlama, hidrolik \u015fok, a\u015f\u0131nd\u0131r\u0131c\u0131 proses s\u0131v\u0131s\u0131 ve y\u00fcksek s\u0131cakl\u0131klara dayanabilir. Ayr\u0131ca y\u00fcksek erozyon veya korozyon uygulamalar\u0131 i\u00e7in de idealdirler.<\/p>","protected":false},"excerpt":{"rendered":"<p>Metal Oturmal\u0131 K\u00fcresel Vana 540\u00b0C&#039;ye kadar y\u00fcksek s\u0131cakl\u0131klar i\u00e7in \u00fcretilmi\u015ftir (g\u00f6vdenin malzemesine g\u00f6re daha y\u00fcksek olabilir\u2026 <a title=\"Metal Oturmal\u0131 K\u00fcresel Vana\" class=\"read-more\" href=\"https:\/\/zecovalve.com\/tr\/urun\/metal-seated-ball-valve\" aria-label=\"Metal Oturmal\u0131 K\u00fcresel Vana hakk\u0131nda daha fazlas\u0131\">Daha fazla bilgi edinin<\/a><\/p>","protected":false},"featured_media":27848,"comment_status":"closed","ping_status":"closed","template":"","meta":{"_generate-full-width-content":"","kt_blocks_editor_width":""},"product_cat":[2047,2459,2465],"product_tag":[3920,3896,3922,3921,3914],"class_list":["post-16075","product","type-product","status-publish","has-post-thumbnail","hentry","product_cat-ball-valve","product_cat-ball-valve-by-form","product_cat-forged-steel-ball-valve","product_tag-api-6d-ball-valve","product_tag-flanged-ball-valve","product_tag-metal-seat-ball-valve","product_tag-metal-seated-ball-valve","product_tag-reduced-bore-ball-valve","sales-flash-overlay","woocommerce-text-align-center","woocommerce-image-align-center","do-quantity-buttons"],"featured_image_src_large":["https:\/\/zecovalve.com\/wp-content\/uploads\/2022\/06\/Metal-Seated-Ball-Valve.jpg",800,600,false],"author_info":[],"comment_info":0,"taxonomy_info":{"product_cat":[{"value":2047,"label":"Ball Valve"},{"value":2459,"label":"Ball Valve By Form"},{"value":2465,"label":"Forged Ball Valve"}],"product_tag":[{"value":3920,"label":"API 6D Ball Valve"},{"value":3896,"label":"Flanged Ball Valve"},{"value":3922,"label":"Metal Seat Ball Valve"},{"value":3921,"label":"Metal Seated Ball Valve"},{"value":3914,"label":"Reduced Bore Ball Valve"}]},"yoast_head":"<!-- This site is optimized with the Yoast SEO Premium plugin v15.4 - https:\/\/yoast.com\/wordpress\/plugins\/seo\/ -->\n<title>Metal Seat Ball Valve - Metal Seated Ball Valves Manufacturer | ZECO Valve<\/title>\n<meta name=\"robots\" content=\"index, follow, max-snippet:-1, max-image-preview:large, max-video-preview:-1\" \/>\n<link rel=\"canonical\" href=\"https:\/\/zecovalve.com\/tr\/urun\/metal-seated-ball-valve\" \/>\n<meta property=\"og:locale\" content=\"tr_TR\" \/>\n<meta property=\"og:type\" content=\"article\" \/>\n<meta property=\"og:title\" content=\"Metal Seat Ball Valve - Metal Seated Ball Valves Manufacturer | ZECO Valve\" \/>\n<meta property=\"og:description\" content=\"Metal Seated Ball Valve is manufactured for high temperatures up to 540\u2103 (may be higher based on the material of the body ... Read more\" \/>\n<meta property=\"og:url\" content=\"https:\/\/zecovalve.com\/tr\/urun\/metal-seated-ball-valve\" \/>\n<meta property=\"og:site_name\" content=\"ZECO Valve\" \/>\n<meta property=\"article:modified_time\" content=\"2023-06-07T06:43:13+00:00\" \/>\n<meta property=\"og:image\" content=\"https:\/\/zecovalve.com\/wp-content\/uploads\/2022\/06\/Metal-Seated-Ball-Valve.jpg\" \/>\n\t<meta property=\"og:image:width\" content=\"800\" \/>\n\t<meta property=\"og:image:height\" content=\"600\" \/>\n<meta name=\"twitter:card\" content=\"summary_large_image\" \/>\n<meta name=\"twitter:label1\" content=\"Yazan:\">\n\t<meta name=\"twitter:data1\" content=\"Jerry\">\n\t<meta name=\"twitter:label2\" content=\"Tahmini okuma s\u00fcresi\">\n\t<meta name=\"twitter:data2\" content=\"3 dakika\">\n<script type=\"application\/ld+json\" class=\"yoast-schema-graph\">{\"@context\":\"https:\/\/schema.org\",\"@graph\":[{\"@type\":\"WebSite\",\"@id\":\"https:\/\/zecovalve.com\/#website\",\"url\":\"https:\/\/zecovalve.com\/\",\"name\":\"ZECO Valve\",\"description\":\"Industrial Ball Valve, Gate Valve and Globe Valve Manufacturer\",\"potentialAction\":[{\"@type\":\"SearchAction\",\"target\":\"https:\/\/zecovalve.com\/?s={search_term_string}\",\"query-input\":\"required name=search_term_string\"}],\"inLanguage\":\"tr\"},{\"@type\":\"ImageObject\",\"@id\":\"https:\/\/zecovalve.com\/product\/metal-seated-ball-valve#primaryimage\",\"inLanguage\":\"tr\",\"url\":\"https:\/\/zecovalve.com\/wp-content\/uploads\/2022\/06\/Metal-Seated-Ball-Valve.jpg\",\"width\":800,\"height\":600,\"caption\":\"Metal Seated Ball Valve\"},{\"@type\":\"WebPage\",\"@id\":\"https:\/\/zecovalve.com\/product\/metal-seated-ball-valve#webpage\",\"url\":\"https:\/\/zecovalve.com\/product\/metal-seated-ball-valve\",\"name\":\"Metal Seat Ball Valve - Metal Seated Ball Valves Manufacturer | ZECO Valve\",\"isPartOf\":{\"@id\":\"https:\/\/zecovalve.com\/#website\"},\"primaryImageOfPage\":{\"@id\":\"https:\/\/zecovalve.com\/product\/metal-seated-ball-valve#primaryimage\"},\"datePublished\":\"2022-06-18T14:00:20+00:00\",\"dateModified\":\"2023-06-07T06:43:13+00:00\",\"breadcrumb\":{\"@id\":\"https:\/\/zecovalve.com\/product\/metal-seated-ball-valve#breadcrumb\"},\"inLanguage\":\"tr\",\"potentialAction\":[{\"@type\":\"ReadAction\",\"target\":[\"https:\/\/zecovalve.com\/product\/metal-seated-ball-valve\"]}]},{\"@type\":\"BreadcrumbList\",\"@id\":\"https:\/\/zecovalve.com\/product\/metal-seated-ball-valve#breadcrumb\",\"itemListElement\":[{\"@type\":\"ListItem\",\"position\":1,\"item\":{\"@type\":\"WebPage\",\"@id\":\"https:\/\/zecovalve.com\/\",\"url\":\"https:\/\/zecovalve.com\/\",\"name\":\"Home\"}},{\"@type\":\"ListItem\",\"position\":2,\"item\":{\"@type\":\"WebPage\",\"@id\":\"https:\/\/zecovalve.com\/product-category\",\"url\":\"https:\/\/zecovalve.com\/product-category\",\"name\":\"Industrial Valve Manufacturer | Water Valve Manufacturer\"}},{\"@type\":\"ListItem\",\"position\":3,\"item\":{\"@type\":\"WebPage\",\"@id\":\"https:\/\/zecovalve.com\/product\/metal-seated-ball-valve\",\"url\":\"https:\/\/zecovalve.com\/product\/metal-seated-ball-valve\",\"name\":\"Metal Seated Ball Valve\"}}]}]}<\/script>\n<!-- \/ Yoast SEO Premium plugin. -->","_links":{"self":[{"href":"https:\/\/zecovalve.com\/tr\/wp-json\/wp\/v2\/product\/16075","targetHints":{"allow":["GET"]}}],"collection":[{"href":"https:\/\/zecovalve.com\/tr\/wp-json\/wp\/v2\/product"}],"about":[{"href":"https:\/\/zecovalve.com\/tr\/wp-json\/wp\/v2\/types\/product"}],"replies":[{"embeddable":true,"href":"https:\/\/zecovalve.com\/tr\/wp-json\/wp\/v2\/comments?post=16075"}],"wp:featuredmedia":[{"embeddable":true,"href":"https:\/\/zecovalve.com\/tr\/wp-json\/wp\/v2\/media\/27848"}],"wp:attachment":[{"href":"https:\/\/zecovalve.com\/tr\/wp-json\/wp\/v2\/media?parent=16075"}],"wp:term":[{"taxonomy":"product_cat","embeddable":true,"href":"https:\/\/zecovalve.com\/tr\/wp-json\/wp\/v2\/product_cat?post=16075"},{"taxonomy":"product_tag","embeddable":true,"href":"https:\/\/zecovalve.com\/tr\/wp-json\/wp\/v2\/product_tag?post=16075"}],"curies":[{"name":"wp","href":"https:\/\/api.w.org\/{rel}","templated":true}]}}