{"id":16083,"date":"2022-06-19T03:24:25","date_gmt":"2022-06-19T03:24:25","guid":{"rendered":"https:\/\/zecovalve.com\/?post_type=product&#038;p=16083"},"modified":"2023-06-07T14:08:05","modified_gmt":"2023-06-07T14:08:05","slug":"3-inch-gate-valve","status":"publish","type":"product","link":"https:\/\/zecovalve.com\/tr\/urun\/3-inch-gate-valve","title":{"rendered":"3 in\u00e7 S\u00fcrg\u00fcl\u00fc Vana"},"content":{"rendered":"<p>S\u00fcrg\u00fcl\u00fc vana 3 in\u00e7, s\u00fcrg\u00fcl\u00fc vanan\u0131n boyutu ile ay\u0131rt edilir, DN80'e kadar DN'li 3 in\u00e7 s\u00fcrg\u00fcl\u00fc vana.<\/p>\r\n\r\n\r\n\r\n<figure class=\"wp-block-image size-full is-resized\">\r\n<p><img loading=\"lazy\" decoding=\"async\" class=\"wp-image-27876 size-medium\" src=\"https:\/\/zecovalve.com\/wp-content\/uploads\/2022\/06\/3-Inch-Bronze-Gate-Valve-300x225.jpg\" alt=\"3 \u0130n\u00e7 Bronz S\u00fcrg\u00fcl\u00fc Vana\" width=\"300\" height=\"225\" srcset=\"https:\/\/zecovalve.com\/wp-content\/uploads\/2022\/06\/3-Inch-Bronze-Gate-Valve-300x225.jpg 300w, https:\/\/zecovalve.com\/wp-content\/uploads\/2022\/06\/3-Inch-Bronze-Gate-Valve-768x576.jpg 768w, https:\/\/zecovalve.com\/wp-content\/uploads\/2022\/06\/3-Inch-Bronze-Gate-Valve-600x450.jpg 600w, https:\/\/zecovalve.com\/wp-content\/uploads\/2022\/06\/3-Inch-Bronze-Gate-Valve.jpg 800w\" sizes=\"auto, (max-width: 300px) 100vw, 300px\" \/><\/p>\r\n<\/figure>\r\n\r\n\r\n<div class=\"gb-button-wrapper gb-button-wrapper-6d8495a3\">\r\n\r\n\r\n<p><a class=\"gb-button gb-button-3d442e11 gb-button-text\" href=\"mailto:commercial@zecovalve.com\" target=\"_blank\" rel=\"noopener noreferrer\"><strong>3 in\u00e7 KAPI VANASI F\u0130YATINI ALIN<\/strong><\/a><\/p>\r\n<\/div>\r\n\r\n\r\n\r\n\r\n<h2 class=\"wp-block-heading\" id=\"h-what-is-a-3-inch-gate-valve\">3 \u0130n\u00e7 S\u00fcrg\u00fcl\u00fc Vana Nedir?<\/h2>\r\n\r\n\r\n\r\n<p>ZECO 3 in\u00e7 s\u00fcrg\u00fcl\u00fc vana esas olarak tam a\u00e7\u0131k veya tam kapal\u0131 anahtarlama vanalar\u0131 i\u00e7in kullan\u0131l\u0131r. Genellikle k\u0131sma amac\u0131yla de\u011fil, bulama\u00e7lar, viskoz s\u0131v\u0131lar vb. i\u00e7in kullan\u0131l\u0131rlar. S\u00fcrg\u00fcl\u00fc vanalarda g\u00f6vde somunuyla birlikte hareket eden \u00e7\u0131kar\u0131labilir bir kama bulunur. Kama ak\u0131\u015f y\u00f6n\u00fcne dik olarak hareket eder. S\u00fcrg\u00fcl\u00fc vanalar genellikle tam a\u00e7\u0131kken minimum bas\u0131n\u00e7 d\u00fc\u015f\u00fc\u015f\u00fcne sahiptir, tam kapal\u0131yken s\u0131k\u0131 kapatma sa\u011flar ve nispeten kirlenme birikiminden uzak kal\u0131r.<\/p>\r\n\r\n\r\n\r\n<h2 class=\"wp-block-heading\" id=\"h-features-of-3-inch-gate-valves\">3 \u0130n\u00e7 S\u00fcrg\u00fcl\u00fc Vanalar\u0131n \u00d6zellikleri<\/h2>\r\n\r\n\r\n\r\n<ul class=\"wp-block-list\">\r\n<li>ZECO 3 in\u00e7 s\u00fcrg\u00fcl\u00fc vanan\u0131n kamas\u0131 yuvalara tam olarak y\u00f6nlendirilir. Bu ama\u00e7la, ZECO 3 in\u00e7 s\u00fcrg\u00fcl\u00fc vana, dikey merkez hatt\u0131na belirli bir a\u00e7\u0131yla kamalanan entegre bir d\u00f6k\u00fcm kapak ile donat\u0131lm\u0131\u015ft\u0131r ve i\u015flevi, kapatma i\u015flemi s\u0131ras\u0131nda giderek daha s\u0131k\u0131 kapanmakt\u0131r. Kapak bir b\u00fct\u00fcn olarak d\u00f6k\u00fcl\u00fcr, i\u015flenir ve otomatik olarak y\u00fczey kaplamas\u0131 yap\u0131l\u0131r ve yuva y\u00fczeyine daha iyi oturmas\u0131 i\u00e7in y\u00fczeyde bir halka olu\u011fu bulunur;<\/li>\r\n<li>ZECO, acil sipari\u015fler nedeniyle \u00fcretim teknolojik s\u00fcrecini g\u00f6z ard\u0131 etmeyecek, ZECO her \u00fcretim hatt\u0131 \u00e7al\u0131\u015fan\u0131, \u00fcretim ve teknoloji departman\u0131 i\u00e7in teknoloji departman\u0131 ortak s\u00fcre\u00e7lerine dayanan herhangi bir ad\u0131m, ayn\u0131 zamanda kalite departman\u0131n\u0131n m\u00fchendisi, \u00fcr\u00fcnlerin nitelikli olmas\u0131n\u0131 sa\u011flamak i\u00e7in test i\u00e7in her ad\u0131m\u0131n \u00fcretimi i\u00e7in uluslararas\u0131 standartlar temelindedir;<\/li>\r\n<li>ZECO 3 in\u00e7 s\u00fcrg\u00fcl\u00fc vanan\u0131n yatak halkas\u0131 d\u00f6v\u00fclm\u00fc\u015ft\u00fcr ve anahtarlama s\u0131ras\u0131nda a\u015f\u0131nmay\u0131 azaltmak ve ak\u0131\u015f s\u0131ras\u0131nda vana g\u00f6vdesinin ve conta halkalar\u0131n\u0131n a\u015f\u0131nmas\u0131n\u0131 \u00f6nlemek i\u00e7in tasarlanm\u0131\u015ft\u0131r;<\/li>\r\n<li>Kaynak ve gerekli \u0131s\u0131l i\u015flemden sonra, ZECO 3 in\u00e7 s\u00fcrg\u00fcl\u00fc vanan\u0131n oturma halkas\u0131 CNC makinesi ile iyice temizlenmeli ve montaja izin verilmeden \u00f6nce denet\u00e7iler taraf\u0131ndan kontrol edilmelidir.<\/li>\r\n<\/ul>\r\n\r\n\r\n\r\n<h2 class=\"wp-block-heading\">S\u00fcrg\u00fcl\u00fc Vana Boyutlar\u0131 ve A\u011f\u0131rl\u0131\u011f\u0131 3 in\u00e7<\/h2>\r\n\r\n\r\n\r\n<table border=\"=1\" width=\"800\">\r\n<tbody>\r\n<tr>\r\n<td rowspan=\"2\">Bas\u0131n\u00e7 Derecesi<\/td>\r\n<td style=\"text-align: center;\">Delik<\/td>\r\n<td style=\"text-align: center;\" colspan=\"3\">\u00a0Y\u00fcz Y\u00fcze Boyut (mm cinsinden)<\/td>\r\n<td style=\"text-align: center;\">A\u011f\u0131rl\u0131k<\/td>\r\n<\/tr>\r\n<tr>\r\n<td style=\"text-align: center;\">(mm cinsinden)<\/td>\r\n<td style=\"text-align: center;\">RF<\/td>\r\n<td style=\"text-align: center;\">BW<\/td>\r\n<td style=\"text-align: center;\">RTJ<\/td>\r\n<td style=\"text-align: center;\">kg<\/td>\r\n<\/tr>\r\n<tr>\r\n<td>SINIF 150<\/td>\r\n<td style=\"text-align: center;\">76<\/td>\r\n<td style=\"text-align: center;\">203<\/td>\r\n<td style=\"text-align: center;\">283<\/td>\r\n<td style=\"text-align: center;\">216<\/td>\r\n<td style=\"text-align: center;\">40<\/td>\r\n<\/tr>\r\n<tr>\r\n<td>SINIF 300<\/td>\r\n<td style=\"text-align: center;\">76<\/td>\r\n<td style=\"text-align: center;\">283<\/td>\r\n<td style=\"text-align: center;\">283<\/td>\r\n<td style=\"text-align: center;\">298<\/td>\r\n<td style=\"text-align: center;\">52<\/td>\r\n<\/tr>\r\n<tr>\r\n<td>SINIF 600<\/td>\r\n<td style=\"text-align: center;\">76<\/td>\r\n<td style=\"text-align: center;\">356<\/td>\r\n<td style=\"text-align: center;\">356<\/td>\r\n<td style=\"text-align: center;\">359<\/td>\r\n<td style=\"text-align: center;\">85<\/td>\r\n<\/tr>\r\n<tr>\r\n<td>SINIF 900<\/td>\r\n<td style=\"text-align: center;\">72<\/td>\r\n<td style=\"text-align: center;\">381<\/td>\r\n<td style=\"text-align: center;\">381<\/td>\r\n<td style=\"text-align: center;\">384<\/td>\r\n<td style=\"text-align: center;\">165<\/td>\r\n<\/tr>\r\n<tr>\r\n<td>SINIF 1500<\/td>\r\n<td style=\"text-align: center;\">69<\/td>\r\n<td style=\"text-align: center;\">470<\/td>\r\n<td style=\"text-align: center;\">470<\/td>\r\n<td style=\"text-align: center;\">473<\/td>\r\n<td style=\"text-align: center;\">182<\/td>\r\n<\/tr>\r\n<tr>\r\n<td>SINIF 2500<\/td>\r\n<td style=\"text-align: center;\">57<\/td>\r\n<td style=\"text-align: center;\">578<\/td>\r\n<td style=\"text-align: center;\">578<\/td>\r\n<td style=\"text-align: center;\">584<\/td>\r\n<td style=\"text-align: center;\">201<\/td>\r\n<\/tr>\r\n<\/tbody>\r\n<\/table>\r\n\r\n\r\n\r\n<h2 class=\"wp-block-heading\" id=\"h-material-of-3-inch-gate-valve\">3 \u0130n\u00e7 S\u00fcrg\u00fcl\u00fc Vana Malzemesi:<\/h2>\r\n\r\n\r\n\r\n<figure class=\"wp-block-table\">\r\n<table>\r\n<tbody>\r\n<tr>\r\n<td>Hay\u0131r<\/td>\r\n<td>Par\u00e7a<\/td>\r\n<td>Malzeme<\/td>\r\n<\/tr>\r\n<tr>\r\n<td>1<\/td>\r\n<td>V\u00fccut<\/td>\r\n<td>C95800<\/td>\r\n<\/tr>\r\n<tr>\r\n<td>2<\/td>\r\n<td>Koltuk Halkas\u0131<\/td>\r\n<td>C95800<\/td>\r\n<\/tr>\r\n<tr>\r\n<td>3<\/td>\r\n<td>Kama<\/td>\r\n<td>C95800<\/td>\r\n<\/tr>\r\n<tr>\r\n<td>4<\/td>\r\n<td>K\u00f6k<\/td>\r\n<td>C95800<\/td>\r\n<\/tr>\r\n<tr>\r\n<td>5<\/td>\r\n<td>Kaput Contas\u0131<\/td>\r\n<td>SS316+Grafit<\/td>\r\n<\/tr>\r\n<tr>\r\n<td>6<\/td>\r\n<td>Kaput C\u0131vatas\u0131<\/td>\r\n<td>ASTM A193 B8<\/td>\r\n<\/tr>\r\n<tr>\r\n<td>7<\/td>\r\n<td>Kaput Somunu<\/td>\r\n<td>ASTM A194 8<\/td>\r\n<\/tr>\r\n<tr>\r\n<td>8<\/td>\r\n<td>Bone<\/td>\r\n<td>C95800<\/td>\r\n<\/tr>\r\n<tr>\r\n<td>9<\/td>\r\n<td>Arka Koltuk<\/td>\r\n<td>C95800<\/td>\r\n<\/tr>\r\n<tr>\r\n<td>10<\/td>\r\n<td>K\u00f6k Ambalaj<\/td>\r\n<td>Grafit<\/td>\r\n<\/tr>\r\n<tr>\r\n<td>11<\/td>\r\n<td>El \u00c7ark\u0131<\/td>\r\n<td>KTH330-08<\/td>\r\n<\/tr>\r\n<\/tbody>\r\n<\/table>\r\n<\/figure>","protected":false},"excerpt":{"rendered":"<p>S\u00fcrg\u00fcl\u00fc vana 3 in\u00e7, s\u00fcrg\u00fcl\u00fc vanan\u0131n boyutuna g\u00f6re ay\u0131rt edilir, DN&#039;li 3 in\u00e7 s\u00fcrg\u00fcl\u00fc vana DN80&#039;dir. \u2026 <a title=\"3 in\u00e7 S\u00fcrg\u00fcl\u00fc Vana\" class=\"read-more\" href=\"https:\/\/zecovalve.com\/tr\/urun\/3-inch-gate-valve\" aria-label=\"3 in\u00e7 S\u00fcrg\u00fcl\u00fc Vana hakk\u0131nda daha fazlas\u0131\">Daha fazla bilgi edinin<\/a><\/p>","protected":false},"featured_media":27876,"comment_status":"closed","ping_status":"closed","template":"","meta":{"_generate-full-width-content":"","kt_blocks_editor_width":""},"product_cat":[2052,2458],"product_tag":[],"class_list":["post-16083","product","type-product","status-publish","has-post-thumbnail","hentry","product_cat-gate-valve","product_cat-gate-valve-by-inch","sales-flash-overlay","woocommerce-text-align-center","woocommerce-image-align-center","do-quantity-buttons"],"featured_image_src_large":["https:\/\/zecovalve.com\/wp-content\/uploads\/2022\/06\/3-Inch-Bronze-Gate-Valve.jpg",800,600,false],"author_info":[],"comment_info":0,"taxonomy_info":{"product_cat":[{"value":2052,"label":"Gate Valve"},{"value":2458,"label":"Gate Valve By Inch"}]},"yoast_head":"<!-- This site is optimized with the Yoast SEO Premium plugin v15.4 - https:\/\/yoast.com\/wordpress\/plugins\/seo\/ -->\n<title>Gate Valve 3 inch - 3 inch Gate Valve Manufacturer | ZECO Valve<\/title>\n<meta name=\"robots\" content=\"index, follow, max-snippet:-1, max-image-preview:large, max-video-preview:-1\" \/>\n<link rel=\"canonical\" href=\"https:\/\/zecovalve.com\/tr\/urun\/3-inch-gate-valve\" \/>\n<meta property=\"og:locale\" content=\"tr_TR\" \/>\n<meta property=\"og:type\" content=\"article\" \/>\n<meta property=\"og:title\" content=\"Gate Valve 3 inch - 3 inch Gate Valve Manufacturer | ZECO Valve\" \/>\n<meta property=\"og:description\" content=\"Gate valve 3 inch is distinguished by the size of the gate valve, 3 inch gate valve with DN to say DN80. ... Read more\" \/>\n<meta property=\"og:url\" content=\"https:\/\/zecovalve.com\/tr\/urun\/3-inch-gate-valve\" \/>\n<meta property=\"og:site_name\" content=\"ZECO Valve\" \/>\n<meta property=\"article:modified_time\" content=\"2023-06-07T14:08:05+00:00\" \/>\n<meta property=\"og:image\" content=\"https:\/\/zecovalve.com\/wp-content\/uploads\/2022\/06\/3-Inch-Bronze-Gate-Valve.jpg\" \/>\n\t<meta property=\"og:image:width\" content=\"800\" \/>\n\t<meta property=\"og:image:height\" content=\"600\" \/>\n<meta name=\"twitter:card\" content=\"summary_large_image\" \/>\n<meta name=\"twitter:label1\" content=\"Yazan:\">\n\t<meta name=\"twitter:data1\" content=\"Jerry\">\n\t<meta name=\"twitter:label2\" content=\"Tahmini okuma s\u00fcresi\">\n\t<meta name=\"twitter:data2\" content=\"2 dakika\">\n<script type=\"application\/ld+json\" class=\"yoast-schema-graph\">{\"@context\":\"https:\/\/schema.org\",\"@graph\":[{\"@type\":\"WebSite\",\"@id\":\"https:\/\/zecovalve.com\/#website\",\"url\":\"https:\/\/zecovalve.com\/\",\"name\":\"ZECO Valve\",\"description\":\"Industrial Ball Valve, Gate Valve and Globe Valve Manufacturer\",\"potentialAction\":[{\"@type\":\"SearchAction\",\"target\":\"https:\/\/zecovalve.com\/?s={search_term_string}\",\"query-input\":\"required name=search_term_string\"}],\"inLanguage\":\"tr\"},{\"@type\":\"ImageObject\",\"@id\":\"https:\/\/zecovalve.com\/product\/3-inch-gate-valve#primaryimage\",\"inLanguage\":\"tr\",\"url\":\"https:\/\/zecovalve.com\/wp-content\/uploads\/2022\/06\/3-Inch-Bronze-Gate-Valve.jpg\",\"width\":800,\"height\":600,\"caption\":\"3 Inch Bronze Gate Valve\"},{\"@type\":\"WebPage\",\"@id\":\"https:\/\/zecovalve.com\/product\/3-inch-gate-valve#webpage\",\"url\":\"https:\/\/zecovalve.com\/product\/3-inch-gate-valve\",\"name\":\"Gate Valve 3 inch - 3 inch Gate Valve Manufacturer | ZECO Valve\",\"isPartOf\":{\"@id\":\"https:\/\/zecovalve.com\/#website\"},\"primaryImageOfPage\":{\"@id\":\"https:\/\/zecovalve.com\/product\/3-inch-gate-valve#primaryimage\"},\"datePublished\":\"2022-06-19T03:24:25+00:00\",\"dateModified\":\"2023-06-07T14:08:05+00:00\",\"breadcrumb\":{\"@id\":\"https:\/\/zecovalve.com\/product\/3-inch-gate-valve#breadcrumb\"},\"inLanguage\":\"tr\",\"potentialAction\":[{\"@type\":\"ReadAction\",\"target\":[\"https:\/\/zecovalve.com\/product\/3-inch-gate-valve\"]}]},{\"@type\":\"BreadcrumbList\",\"@id\":\"https:\/\/zecovalve.com\/product\/3-inch-gate-valve#breadcrumb\",\"itemListElement\":[{\"@type\":\"ListItem\",\"position\":1,\"item\":{\"@type\":\"WebPage\",\"@id\":\"https:\/\/zecovalve.com\/\",\"url\":\"https:\/\/zecovalve.com\/\",\"name\":\"Home\"}},{\"@type\":\"ListItem\",\"position\":2,\"item\":{\"@type\":\"WebPage\",\"@id\":\"https:\/\/zecovalve.com\/product-category\",\"url\":\"https:\/\/zecovalve.com\/product-category\",\"name\":\"Industrial Valve Manufacturer | Water Valve Manufacturer\"}},{\"@type\":\"ListItem\",\"position\":3,\"item\":{\"@type\":\"WebPage\",\"@id\":\"https:\/\/zecovalve.com\/product\/3-inch-gate-valve\",\"url\":\"https:\/\/zecovalve.com\/product\/3-inch-gate-valve\",\"name\":\"3 inch Gate Valve\"}}]}]}<\/script>\n<!-- \/ Yoast SEO Premium plugin. -->","_links":{"self":[{"href":"https:\/\/zecovalve.com\/tr\/wp-json\/wp\/v2\/product\/16083","targetHints":{"allow":["GET"]}}],"collection":[{"href":"https:\/\/zecovalve.com\/tr\/wp-json\/wp\/v2\/product"}],"about":[{"href":"https:\/\/zecovalve.com\/tr\/wp-json\/wp\/v2\/types\/product"}],"replies":[{"embeddable":true,"href":"https:\/\/zecovalve.com\/tr\/wp-json\/wp\/v2\/comments?post=16083"}],"wp:featuredmedia":[{"embeddable":true,"href":"https:\/\/zecovalve.com\/tr\/wp-json\/wp\/v2\/media\/27876"}],"wp:attachment":[{"href":"https:\/\/zecovalve.com\/tr\/wp-json\/wp\/v2\/media?parent=16083"}],"wp:term":[{"taxonomy":"product_cat","embeddable":true,"href":"https:\/\/zecovalve.com\/tr\/wp-json\/wp\/v2\/product_cat?post=16083"},{"taxonomy":"product_tag","embeddable":true,"href":"https:\/\/zecovalve.com\/tr\/wp-json\/wp\/v2\/product_tag?post=16083"}],"curies":[{"name":"wp","href":"https:\/\/api.w.org\/{rel}","templated":true}]}}