{"id":16087,"date":"2022-06-19T03:36:22","date_gmt":"2022-06-19T03:36:22","guid":{"rendered":"https:\/\/zecovalve.com\/?post_type=product&#038;p=16087"},"modified":"2023-06-07T06:43:42","modified_gmt":"2023-06-07T06:43:42","slug":"floating-ball-valve","status":"publish","type":"product","link":"https:\/\/zecovalve.com\/tr\/urun\/floating-ball-valve","title":{"rendered":"Y\u00fczer K\u00fcresel Vana"},"content":{"rendered":"<p>Vana d\u00fcnyas\u0131nda k\u00fcresel vanalar kompakt, dayan\u0131kl\u0131 tasar\u0131mlar\u0131 ve g\u00fcvenilir, h\u0131zl\u0131 hareket eden a\u00e7ma\/kapama kontrolleriyle tan\u0131n\u0131r. K\u00fcresel vanalar, ortam\u0131n ak\u0131\u015f\u0131n\u0131 kontrol etmek i\u00e7in ortas\u0131ndan a\u00e7\u0131lan bir deli\u011fe (port olarak bilinir) sahip bir bilya kullan\u0131r. Deli\u011fi valf g\u00f6vdesiyle hizalamak ve ortam\u0131n valf i\u00e7inden akmas\u0131na izin vermek i\u00e7in bilye 90 derece d\u00f6nd\u00fcr\u00fcl\u00fcr. Vanay\u0131 kapatmak i\u00e7in bilye 90 derece d\u00f6nd\u00fcr\u00fclerek kapal\u0131 konuma getirilir. T\u00fcm k\u00fcresel vanalar, bilyay\u0131 yerinde tutmak ve ortam\u0131n vanadan s\u0131zmas\u0131n\u0131 \u00f6nlemek i\u00e7in s\u0131k\u0131 bir s\u0131zd\u0131rmazl\u0131k olu\u015fturmak i\u00e7in genellikle politetrafloroetilenden (PTFE) yap\u0131lm\u0131\u015f iki yuvan\u0131n kullan\u0131m\u0131na dayan\u0131r.<\/p>\r\n\r\n\r\n\r\n<div class=\"wp-block-columns is-layout-flex wp-container-core-columns-is-layout-9d6595d7 wp-block-columns-is-layout-flex\">\r\n<div class=\"wp-block-column is-layout-flow wp-block-column-is-layout-flow\">\r\n<figure class=\"wp-block-image size-large\"><img decoding=\"async\" src=\"https:\/\/zecovalve.com\/wp-content\/uploads\/2022\/06\/floating-ball-valve-1_1636964328-300x225.jpg\" alt=\"\" \/><\/figure>\r\n<\/div>\r\n\r\n\r\n\r\n<div class=\"wp-block-column is-layout-flow wp-block-column-is-layout-flow\">\r\n<figure class=\"wp-block-image size-large\"><img decoding=\"async\" src=\"https:\/\/zecovalve.com\/wp-content\/uploads\/2022\/06\/floating-ball-valve-2-300x225.jpg\" alt=\"\" \/><\/figure>\r\n<\/div>\r\n\r\n\r\n\r\n<div class=\"wp-block-column is-layout-flow wp-block-column-is-layout-flow\">\r\n<figure class=\"wp-block-image size-large\"><img decoding=\"async\" src=\"https:\/\/zecovalve.com\/wp-content\/uploads\/2022\/06\/floating-ball-valve-3-300x225.jpg\" alt=\"\" \/><\/figure>\r\n<\/div>\r\n<\/div>\r\n\r\n\r\n\r\n<div class=\"wp-block-columns is-layout-flex wp-container-core-columns-is-layout-9d6595d7 wp-block-columns-is-layout-flex\">\r\n<div class=\"wp-block-column is-layout-flow wp-block-column-is-layout-flow\"><div class=\"wp-block-image\">\r\n<figure class=\"aligncenter size-full is-resized\"><img loading=\"lazy\" decoding=\"async\" class=\"wp-image-16091\" src=\"https:\/\/zecovalve.com\/wp-content\/uploads\/2022\/06\/floating-ball-valve-4.jpg\" alt=\"\" width=\"400\" height=\"300\" srcset=\"https:\/\/zecovalve.com\/wp-content\/uploads\/2022\/06\/floating-ball-valve-4.jpg 800w, https:\/\/zecovalve.com\/wp-content\/uploads\/2022\/06\/floating-ball-valve-4-300x225.jpg 300w, https:\/\/zecovalve.com\/wp-content\/uploads\/2022\/06\/floating-ball-valve-4-768x576.jpg 768w, https:\/\/zecovalve.com\/wp-content\/uploads\/2022\/06\/floating-ball-valve-4-600x450.jpg 600w\" sizes=\"auto, (max-width: 400px) 100vw, 400px\" \/><\/figure>\r\n<\/div><\/div>\r\n\r\n\r\n\r\n<div class=\"wp-block-column is-layout-flow wp-block-column-is-layout-flow\"><div class=\"wp-block-image\">\r\n<figure class=\"aligncenter size-full is-resized\"><img loading=\"lazy\" decoding=\"async\" class=\"wp-image-16092\" src=\"https:\/\/zecovalve.com\/wp-content\/uploads\/2022\/06\/floating-ball-valve-5.jpg\" alt=\"\" width=\"400\" height=\"300\" srcset=\"https:\/\/zecovalve.com\/wp-content\/uploads\/2022\/06\/floating-ball-valve-5.jpg 800w, https:\/\/zecovalve.com\/wp-content\/uploads\/2022\/06\/floating-ball-valve-5-300x225.jpg 300w, https:\/\/zecovalve.com\/wp-content\/uploads\/2022\/06\/floating-ball-valve-5-768x576.jpg 768w, https:\/\/zecovalve.com\/wp-content\/uploads\/2022\/06\/floating-ball-valve-5-600x450.jpg 600w\" sizes=\"auto, (max-width: 400px) 100vw, 400px\" \/><\/figure>\r\n<\/div><\/div>\r\n<\/div>\r\n\r\n\r\n<div class=\"gb-button-wrapper gb-button-wrapper-6d8495a3\">\r\n\r\n\r\n<p><a class=\"gb-button gb-button-3d442e11 gb-button-text\" href=\"mailto:commercial@zecovalve.com\" target=\"_blank\" rel=\"noopener noreferrer\"><strong>Y\u00dcZER K\u00dcRESEL VANA F\u0130YAT ALIN<\/strong><\/a><\/p>\r\n<\/div>\r\n\r\n\r\n\r\n\r\n<h2 class=\"wp-block-heading\" id=\"h-what-is-a-floating-ball-valve\">Y\u00fczer K\u00fcresel Vana Nedir?<\/h2>\r\n\r\n\r\n\r\n<p>Y\u00fczer ve muylu, iki temel k\u00fcresel vana tasar\u0131m\u0131 t\u00fcr\u00fcd\u00fcr.<\/p>\r\n\r\n\r\n\r\n<p>Y\u00fczer k\u00fcresel vanalar, end\u00fcstriyel boru sistemlerinde en yayg\u0131n kullan\u0131lan vana t\u00fcr\u00fcd\u00fcr. Bu valfler, yuvalar a\u015f\u0131nmaya ba\u015flad\u0131\u011f\u0131nda, valf i\u00e7inden akan ortamdan gelen bas\u0131n\u00e7, s\u0131k\u0131 bir s\u0131zd\u0131rmazl\u0131k sa\u011flamak i\u00e7in bilyay\u0131 a\u015fa\u011f\u0131 ak\u0131\u015f yata\u011f\u0131na do\u011fru zorlayacak \u015fekilde tasarlanm\u0131\u015ft\u0131r.<\/p>\r\n\r\n\r\n\r\n<p>ZECO y\u00fczer k\u00fcresel vanan\u0131n topu destekleyen iki yuvas\u0131 vard\u0131r. Orta bas\u0131n\u00e7 alt\u0131nda, \u00e7\u0131k\u0131\u015f ucunda s\u0131zd\u0131rmazl\u0131k sa\u011flamak i\u00e7in bilye s\u0131zd\u0131rmazl\u0131k y\u00fczeyine s\u0131k\u0131ca bast\u0131r\u0131labilir.<\/p>\r\n\r\n\r\n\r\n<div class=\"wp-block-columns is-layout-flex wp-container-core-columns-is-layout-9d6595d7 wp-block-columns-is-layout-flex\">\r\n<div class=\"wp-block-column is-vertically-aligned-center is-layout-flow wp-block-column-is-layout-flow\">\r\n<p class=\"has-text-align-left\">Y\u00fczer k\u00fcresel vanalarda, hat i\u00e7i bas\u0131n\u00e7 nedeniyle bilya a\u015fa\u011f\u0131 ak\u0131\u015f yuvas\u0131na do\u011fru itilir ve bu da s\u0131zd\u0131rmazl\u0131k sa\u011flar.<\/p>\r\n\r\n\r\n<div class=\"wp-block-image\">\r\n<figure class=\"aligncenter size-full is-resized\"><img loading=\"lazy\" decoding=\"async\" class=\"wp-image-18011\" src=\"https:\/\/zecovalve.com\/wp-content\/uploads\/2022\/07\/Floating-Ball-Valve.png\" alt=\"\" width=\"727\" height=\"350\" srcset=\"https:\/\/zecovalve.com\/wp-content\/uploads\/2022\/07\/Floating-Ball-Valve.png 800w, https:\/\/zecovalve.com\/wp-content\/uploads\/2022\/07\/Floating-Ball-Valve-300x144.png 300w, https:\/\/zecovalve.com\/wp-content\/uploads\/2022\/07\/Floating-Ball-Valve-768x370.png 768w, https:\/\/zecovalve.com\/wp-content\/uploads\/2022\/07\/Floating-Ball-Valve-600x289.png 600w\" sizes=\"auto, (max-width: 727px) 100vw, 727px\" \/><\/figure>\r\n<\/div><\/div>\r\n\r\n\r\n\r\n<div class=\"wp-block-column is-vertically-aligned-center is-layout-flow wp-block-column-is-layout-flow\">\r\n<p>Muylu k\u00fcresel vanalarda, bilya, a\u015fa\u011f\u0131ya do\u011fru y\u00fczmesini engelleyen rulmanlar ile yerine sabitlenir. Yayl\u0131 koltuk mekanizmas\u0131, koltuk ka\u00e7\u0131n\u0131lmaz olarak a\u015f\u0131nmaya ba\u015flad\u0131\u011f\u0131nda valfin s\u0131zd\u0131rmaz kalmas\u0131n\u0131 sa\u011flar.<\/p>\r\n\r\n\r\n<div class=\"wp-block-image\">\r\n<figure class=\"aligncenter size-large is-resized\"><img loading=\"lazy\" decoding=\"async\" src=\"https:\/\/zecovalve.com\/wp-content\/uploads\/2022\/07\/Trunnion-Ball-Valve-1024x700.png\" alt=\"\" width=\"512\" height=\"350\" \/><\/figure>\r\n<\/div><\/div>\r\n<\/div>\r\n\r\n\r\n\r\n<h2 class=\"wp-block-heading\" id=\"h-how-does-a-floating-ball-valve-work\">Y\u00fczer K\u00fcresel Vana nas\u0131l \u00e7al\u0131\u015f\u0131r?<\/h2>\r\n\r\n\r\n\r\n<p>Y\u00fczer k\u00fcresel vanan\u0131n mili, bilyenin \u00fcst k\u0131sm\u0131na ba\u011flan\u0131r ve \u00e7eyrek d\u00f6n\u00fc\u015f hareketi (90 derece) ile anahtar\u0131n a\u00e7\u0131k konumdan kapal\u0131 konuma ge\u00e7mesine olanak sa\u011flar. \u015eaft hareket ettirildi\u011finde yuvalar\u0131na bast\u0131r\u0131lan topa bir y\u00fck uygulan\u0131r.<\/p>\r\n\r\n\r\n\r\n<p>Kapal\u0131 konumdan a\u00e7\u0131k konuma \u00e7al\u0131\u015ft\u0131r\u0131ld\u0131\u011f\u0131nda, top hem hat i\u00e7i bas\u0131nca (\u2206p) hem de yuvalar\u0131n s\u00fcrt\u00fcnmesine kar\u015f\u0131 d\u00f6nd\u00fcr\u00fclmelidir. Ba\u015fka bir deyi\u015fle: vanay\u0131 \u00e7al\u0131\u015ft\u0131rmak i\u00e7in gereken tork, hem hat i\u00e7i bas\u0131n\u00e7 hem de vana yuvalar\u0131n\u0131n yap\u0131s\u0131 taraf\u0131ndan olu\u015fturulur. Gereken tork miktar\u0131, \u00e7al\u0131\u015fma bas\u0131nc\u0131 (\u2206p) ve\/veya valf boyutu artt\u0131\u011f\u0131nda ve\/veya koltu\u011fun yap\u0131s\u0131 daha sa\u011flam hale getirildi\u011finde \u00f6nemli \u00f6l\u00e7\u00fcde artar. \u0130kincisi, metal yatakl\u0131 valf tasar\u0131m\u0131 durumunda ge\u00e7erlidir.<\/p>\r\n\r\n\r\n\r\n<p>Hafif ve ekonomik olan bu tasar\u0131m, 10 in\u00e7e kadar olan delik boyutlar\u0131na uygundur: bu delik boyutunun \u00fczerinde, valfin yuvalar\u0131 giderek daha a\u011f\u0131r bilyalara dayanamaz ve valf g\u00fcvenli ve verimli bir \u015fekilde \u00e7al\u0131\u015fmaz.<\/p>\r\n\r\n\r\n\r\n<h2 class=\"wp-block-heading\">Y\u00fczer K\u00fcresel Vana Standartlar\u0131<\/h2>\r\n\r\n\r\n\r\n<figure class=\"wp-block-table\">\r\n<table>\r\n<tbody>\r\n<tr>\r\n<td><strong>Tasar\u0131m<\/strong><\/td>\r\n<td>API 6D, API 6DSS, ASME B16.34, ISO 14313, ISO 17292<\/td>\r\n<\/tr>\r\n<tr>\r\n<td><strong>Tasar\u0131m bask\u0131s\u0131<\/strong><\/td>\r\n<td>ASME B16.34, EN 1092-1, ISO 17292<\/td>\r\n<\/tr>\r\n<tr>\r\n<td><strong>G\u00f6vde duvar kal\u0131nl\u0131\u011f\u0131<\/strong><\/td>\r\n<td>ASME B16.34, ASME VIII B\u00f6l\u00fcm. ben, ISO 17292<\/td>\r\n<\/tr>\r\n<tr>\r\n<td><strong>Y\u00fcz Y\u00fcze<\/strong><\/td>\r\n<td>API 6D, ASME B16.10 Uzun model<\/td>\r\n<\/tr>\r\n<tr>\r\n<td><strong>S\u0131cakl\u0131k aral\u0131\u011f\u0131<\/strong><\/td>\r\n<td>-50\u00b0 ila 200\u00b0C (-58\u00b0 ila 392\u00b0F)<\/td>\r\n<\/tr>\r\n<tr>\r\n<td><strong>Bas\u0131n\u00e7 aral\u0131\u011f\u0131<\/strong><\/td>\r\n<td>PN10 (ANSI 150) ila PN420 (ANSI 2500)<\/td>\r\n<\/tr>\r\n<tr>\r\n<td><strong>Boyut aral\u0131\u011f\u0131<\/strong><\/td>\r\n<td>DN15 (1\/2\u2033) ila DN250 (10\u2033)<\/td>\r\n<\/tr>\r\n<tr>\r\n<td><strong>Ba\u011flant\u0131lar\u0131 sonland\u0131r<\/strong><\/td>\r\n<td>ASME B16.5 Flan\u015fl\u0131 RF, FF, RTJ<br \/>ASME B16.25 Al\u0131n Kaynakl\u0131 BW<br \/>ASME B16.11 Soket Kaynakl\u0131 SW<br \/>ASME B36.10 D\u00fcz U\u00e7lu PE<br \/>ASME B1.20.1 Di\u015fli NPT (F\/M)<\/td>\r\n<\/tr>\r\n<\/tbody>\r\n<\/table>\r\n<\/figure>\r\n\r\n\r\n\r\n<h2 class=\"wp-block-heading\" id=\"h-advantages-of-floating-ball-valves\">Y\u00fczer K\u00fcresel Vanalar\u0131n Avantajlar\u0131<\/h2>\r\n\r\n\r\n\r\n<ul class=\"wp-block-list\">\r\n<li>ZECO y\u00fczer k\u00fcresel vana, bir anahtar\u0131 g\u00f6sterme i\u015flevine sahiptir. Bilye, g\u00f6vde ve tutamak, y\u00fczer k\u00fcresel vanan\u0131n hareketli par\u00e7alar\u0131d\u0131r. ZECO tasar\u0131m\u0131, sap\u0131n \u00fcst k\u0131sm\u0131n\u0131 d\u00fcz kare bir yap\u0131ya d\u00f6n\u00fc\u015ft\u00fcr\u00fcr. Bu, sap hatta paralel oldu\u011funda servis s\u0131ras\u0131nda valfin a\u00e7\u0131k konumda oldu\u011funun net bir \u015fekilde g\u00f6sterilmesini sa\u011flar; Kolun \u00e7izgiye dik olmas\u0131 vanan\u0131n kapal\u0131 oldu\u011funu g\u00f6sterir;<\/li>\r\n<li>ZECO y\u00fczer k\u00fcresel vana bir kilitleme cihaz\u0131yla donat\u0131lm\u0131\u015ft\u0131r. ZECO, salmastra bilezi\u011fine iki adet limit vidas\u0131 ekleyerek anahtar yerle\u015ftirme t\u0131rna\u011f\u0131n\u0131 bir kilit deli\u011fi ile koordine ederek vanan\u0131n a\u015f\u0131r\u0131 a\u00e7\u0131lmadan dolay\u0131 hasar g\u00f6rmesini sa\u011flar. \u00d6te yandan vanan\u0131n tam a\u00e7\u0131k veya a\u00e7\u0131k konumda kilitlenebilmesi de garanti edilir. tamamen kapal\u0131 durumdad\u0131r ve ba\u015fka personel taraf\u0131ndan yanl\u0131\u015f \u00e7al\u0131\u015ft\u0131r\u0131lamaz;<\/li>\r\n<li>ZECO y\u00fczer k\u00fcresel vana, vanan\u0131n bak\u0131m\u0131n\u0131 \u00f6nlemek i\u00e7in, valf g\u00f6vdesinin patlamaya kar\u015f\u0131 korumal\u0131 yap\u0131s\u0131na sahip, ortam\u0131n bas\u0131nc\u0131n\u0131n bak\u0131m personelinin zarar g\u00f6rmesini engellemek i\u00e7in, ZECO g\u00f6vde yap\u0131s\u0131n\u0131n alt k\u0131sm\u0131na d\u0131\u015fb\u00fckey bir platform yerle\u015ftirdi, bir yandan milin g\u00f6vde d\u0131\u015f\u0131na \u00e7\u0131kmamas\u0131n\u0131 sa\u011flamak, di\u011fer yandan salmastran\u0131n e\u015fit \u015fekilde hasar g\u00f6rmesini sa\u011flamak, valf g\u00f6vdesinin d\u0131\u015fb\u00fckey yerle\u015fmesini ve g\u00f6vde aras\u0131nda yak\u0131n temasta bulunarak orta-b\u00fcy\u00fck bir s\u0131z\u0131nt\u0131ya yol a\u00e7mamas\u0131n\u0131 sa\u011flamak;<\/li>\r\n<li>ZECO y\u00fczer k\u00fcresel vana, anti-statik cihazla donat\u0131lm\u0131\u015ft\u0131r; bilya, PTFE ve di\u011fer metalik olmayan malzemeler aras\u0131ndaki s\u00fcrt\u00fcnme, \u00e7al\u0131\u015fma ko\u015fulundan kaynaklanan elektrostatik k\u0131v\u0131lc\u0131m tehlikesini \u00f6nlemeden bilya \u00fczerinde elektrostatik birikim olu\u015fturacakt\u0131r, ZECO kurulumu Valf g\u00f6vdesinde, statik elektri\u011fi valf g\u00f6vdesi yoluyla d\u0131\u015far\u0131 aktarabilen bir anti-statik cihaz bulunur.<\/li>\r\n<\/ul>\r\n\r\n\r\n\r\n<h2 class=\"wp-block-heading\">Y\u00fczer K\u00fcresel Vanalar\u0131n Dezavantajlar\u0131<\/h2>\r\n\r\n\r\n\r\n<ul class=\"wp-block-list\">\r\n<li>Orta d\u00fczeyde bir y\u00fck ta\u015f\u0131rken alt taraftaki oturma d\u00fczenine tamamen g\u00fcvenin.<\/li>\r\n<li>Giri\u015f bas\u0131nc\u0131 y\u00fcksek oldu\u011funda \u00e7al\u0131\u015ft\u0131r\u0131lmas\u0131 zordur.<\/li>\r\n<li>Oturma yeri do\u011frudan topun yer \u00e7ekimini emer, dolay\u0131s\u0131yla daha y\u00fcksek bas\u0131n\u00e7lara veya daha b\u00fcy\u00fck toplara g\u00fcvenilir bir \u015fekilde dayanamaz.<\/li>\r\n<\/ul>\r\n\r\n\r\n\r\n<h2 class=\"wp-block-heading\" id=\"h-applications-of-floating-ball-valve\">Y\u00fczer K\u00fcresel Vana Uygulamalar\u0131<\/h2>\r\n\r\n\r\n\r\n<ul class=\"wp-block-list\">\r\n<li>Acil durum kapatma sistemleri: Yak\u0131t, su veya kritik gazlar\u0131 i\u00e7eren boru hatt\u0131 sistemleri genellikle acil durumlarda h\u0131zl\u0131 tepki veren bir kapatma vanas\u0131na ihtiya\u00e7 duyar. Bu tip k\u00fcresel vanalar montesiz oldu\u011fundan h\u0131zl\u0131 \u00e7al\u0131\u015f\u0131r ve bu nedenle SIL 3 acil kapatmalara uygundur.<\/li>\r\n<li>Su sistemleri - su da\u011f\u0131t\u0131m sistemleri, ak\u0131\u015f\u0131 s\u00fcrd\u00fcrmek ve hava bo\u015fluklar\u0131n\u0131n su ak\u0131\u015f\u0131n\u0131 k\u0131s\u0131tlamas\u0131n\u0131 \u00f6nlemek i\u00e7in bas\u0131nc\u0131n optimum seviyelerde tutulmas\u0131n\u0131 gerektirir. Ta\u015fmalar\u0131 \u00f6nlemek i\u00e7in suyun ak\u0131\u015f\u0131n\u0131n da kontrol edilmesi gerekir. Y\u00fczer k\u00fcresel vana, bas\u0131nca duyarl\u0131 oldu\u011fundan ve bas\u0131n\u00e7 ko\u015fullar\u0131na ba\u011fl\u0131 olarak gerekti\u011finde a\u00e7\u0131l\u0131p kapanabildi\u011finden su sistemi kontrol\u00fc i\u00e7in iyi bir se\u00e7im olacakt\u0131r.<\/li>\r\n<li>Boru hatt\u0131 bas\u0131nc\u0131n\u0131n hafifletilmesi \u2013 boru hatt\u0131 bas\u0131n\u00e7 y\u00f6netimi, ar\u0131zalar\u0131 ve benzer aksilikleri \u00f6nlemek i\u00e7in \u00e7ok \u00f6nemlidir. Bazen patlayabilen monte edilmi\u015f bir k\u00fcresel vanan\u0131n aksine, bas\u0131nc\u0131 al\u0131rken sa\u011flam kald\u0131\u011f\u0131 i\u00e7in bir boru hatt\u0131na bir bas\u0131n\u00e7 \u00e7\u0131k\u0131\u015f vanas\u0131 olarak y\u00fczen bir k\u00fcresel vana eklenebilir.<\/li>\r\n<\/ul>\r\n\r\n\r\n\r\n<h2 class=\"wp-block-heading\" id=\"h-material-of-floating-ball-valve\">Y\u00fczer K\u00fcresel Vana Malzemesi:<\/h2>\r\n\r\n\r\n\r\n<figure class=\"wp-block-table is-style-stripes\">\r\n<table>\r\n<tbody>\r\n<tr>\r\n<td>Hay\u0131r<\/td>\r\n<td>Par\u00e7a<\/td>\r\n<td>Malzeme<\/td>\r\n<\/tr>\r\n<tr>\r\n<td>1<\/td>\r\n<td>V\u00fccut<\/td>\r\n<td>ASTM A216 WCB<\/td>\r\n<\/tr>\r\n<tr>\r\n<td>2<\/td>\r\n<td>Bone<\/td>\r\n<td>ASTM A216 WCB<\/td>\r\n<\/tr>\r\n<tr>\r\n<td>3<\/td>\r\n<td>Top<\/td>\r\n<td>ASTM A105<\/td>\r\n<\/tr>\r\n<tr>\r\n<td>4<\/td>\r\n<td>Koltuk<\/td>\r\n<td>ASTM A105 + PTFE<\/td>\r\n<\/tr>\r\n<tr>\r\n<td>5<\/td>\r\n<td>K\u00f6k<\/td>\r\n<td>ASTM A182 F6a<\/td>\r\n<\/tr>\r\n<tr>\r\n<td>6<\/td>\r\n<td>Anti-statik Cihaz<\/td>\r\n<td>SS304<\/td>\r\n<\/tr>\r\n<tr>\r\n<td>7<\/td>\r\n<td>Conta<\/td>\r\n<td>Grafit + SS304<\/td>\r\n<\/tr>\r\n<tr>\r\n<td>8<\/td>\r\n<td>C\u0131vata<\/td>\r\n<td>ASTM A193 B7<\/td>\r\n<\/tr>\r\n<tr>\r\n<td>9<\/td>\r\n<td>F\u0131nd\u0131k<\/td>\r\n<td>ASTM A194 2H<\/td>\r\n<\/tr>\r\n<tr>\r\n<td>10<\/td>\r\n<td>O-ring<\/td>\r\n<td>Viton A<\/td>\r\n<\/tr>\r\n<tr>\r\n<td>11<\/td>\r\n<td>Kol<\/td>\r\n<td>ASTM A216 WCB<\/td>\r\n<\/tr>\r\n<\/tbody>\r\n<\/table>\r\n<\/figure>","protected":false},"excerpt":{"rendered":"<p>Vana d\u00fcnyas\u0131nda k\u00fcresel vanalar kompakt, dayan\u0131kl\u0131 tasar\u0131mlar\u0131 ve g\u00fcvenilir, h\u0131zl\u0131 hareket eden a\u00e7ma\/kapama kontrolleriyle tan\u0131n\u0131r. K\u00fcresel vanalar kullan\u0131l\u0131r\u2026 <a title=\"Y\u00fczer K\u00fcresel Vana\" class=\"read-more\" href=\"https:\/\/zecovalve.com\/tr\/urun\/floating-ball-valve\" aria-label=\"Y\u00fczer K\u00fcresel Vana hakk\u0131nda daha fazlas\u0131\">Daha fazla bilgi edinin<\/a><\/p>","protected":false},"featured_media":27849,"comment_status":"closed","ping_status":"closed","template":"","meta":{"_generate-full-width-content":"","kt_blocks_editor_width":""},"product_cat":[2047,2459],"product_tag":[2655,2804,2656,3920],"class_list":["post-16087","product","type-product","status-publish","has-post-thumbnail","hentry","product_cat-ball-valve","product_cat-ball-valve-by-form","product_tag-1-2-ball-valve","product_tag-2-inch-ball-valve","product_tag-3-4-ball-valve","product_tag-api-6d-ball-valve","sales-flash-overlay","woocommerce-text-align-center","woocommerce-image-align-center","do-quantity-buttons"],"featured_image_src_large":["https:\/\/zecovalve.com\/wp-content\/uploads\/2022\/06\/Floating-Ball-Valve.jpg",800,600,false],"author_info":[],"comment_info":0,"taxonomy_info":{"product_cat":[{"value":2047,"label":"Ball Valve"},{"value":2459,"label":"Ball Valve By Form"}],"product_tag":[{"value":2655,"label":"1 2 ball valve"},{"value":2804,"label":"2 inch Ball Valve"},{"value":2656,"label":"3 4 ball valve"},{"value":3920,"label":"API 6D Ball Valve"}]},"yoast_head":"<!-- This site is optimized with the Yoast SEO Premium plugin v15.4 - https:\/\/yoast.com\/wordpress\/plugins\/seo\/ -->\n<title>Floating Ball Valve - Competitive Ball Valve Price | Ball Valve Supplier | ZECO<\/title>\n<meta name=\"robots\" content=\"index, follow, max-snippet:-1, max-image-preview:large, max-video-preview:-1\" \/>\n<link rel=\"canonical\" href=\"https:\/\/zecovalve.com\/tr\/urun\/floating-ball-valve\" \/>\n<meta property=\"og:locale\" content=\"tr_TR\" \/>\n<meta property=\"og:type\" content=\"article\" \/>\n<meta property=\"og:title\" content=\"Floating Ball Valve - Competitive Ball Valve Price | Ball Valve Supplier | ZECO\" \/>\n<meta property=\"og:description\" content=\"In the world of valves, ball valves are known for their compact, durable design and reliable, fast-acting on\/off control. Ball valves utilize ... Read more\" \/>\n<meta property=\"og:url\" content=\"https:\/\/zecovalve.com\/tr\/urun\/floating-ball-valve\" \/>\n<meta property=\"og:site_name\" content=\"ZECO Valve\" \/>\n<meta property=\"article:modified_time\" content=\"2023-06-07T06:43:42+00:00\" \/>\n<meta property=\"og:image\" content=\"https:\/\/zecovalve.com\/wp-content\/uploads\/2022\/06\/Floating-Ball-Valve.jpg\" \/>\n\t<meta property=\"og:image:width\" content=\"800\" \/>\n\t<meta property=\"og:image:height\" content=\"600\" \/>\n<meta name=\"twitter:card\" content=\"summary_large_image\" \/>\n<meta name=\"twitter:label1\" content=\"Yazan:\">\n\t<meta name=\"twitter:data1\" content=\"Jerry\">\n\t<meta name=\"twitter:label2\" content=\"Tahmini okuma s\u00fcresi\">\n\t<meta name=\"twitter:data2\" content=\"4 dakika\">\n<script type=\"application\/ld+json\" class=\"yoast-schema-graph\">{\"@context\":\"https:\/\/schema.org\",\"@graph\":[{\"@type\":\"WebSite\",\"@id\":\"https:\/\/zecovalve.com\/#website\",\"url\":\"https:\/\/zecovalve.com\/\",\"name\":\"ZECO Valve\",\"description\":\"Industrial Ball Valve, Gate Valve and Globe Valve Manufacturer\",\"potentialAction\":[{\"@type\":\"SearchAction\",\"target\":\"https:\/\/zecovalve.com\/?s={search_term_string}\",\"query-input\":\"required name=search_term_string\"}],\"inLanguage\":\"tr\"},{\"@type\":\"ImageObject\",\"@id\":\"https:\/\/zecovalve.com\/product\/floating-ball-valve#primaryimage\",\"inLanguage\":\"tr\",\"url\":\"https:\/\/zecovalve.com\/wp-content\/uploads\/2022\/06\/Floating-Ball-Valve.jpg\",\"width\":800,\"height\":600,\"caption\":\"Floating Ball Valve\"},{\"@type\":\"WebPage\",\"@id\":\"https:\/\/zecovalve.com\/product\/floating-ball-valve#webpage\",\"url\":\"https:\/\/zecovalve.com\/product\/floating-ball-valve\",\"name\":\"Floating Ball Valve - Competitive Ball Valve Price | Ball Valve Supplier | ZECO\",\"isPartOf\":{\"@id\":\"https:\/\/zecovalve.com\/#website\"},\"primaryImageOfPage\":{\"@id\":\"https:\/\/zecovalve.com\/product\/floating-ball-valve#primaryimage\"},\"datePublished\":\"2022-06-19T03:36:22+00:00\",\"dateModified\":\"2023-06-07T06:43:42+00:00\",\"breadcrumb\":{\"@id\":\"https:\/\/zecovalve.com\/product\/floating-ball-valve#breadcrumb\"},\"inLanguage\":\"tr\",\"potentialAction\":[{\"@type\":\"ReadAction\",\"target\":[\"https:\/\/zecovalve.com\/product\/floating-ball-valve\"]}]},{\"@type\":\"BreadcrumbList\",\"@id\":\"https:\/\/zecovalve.com\/product\/floating-ball-valve#breadcrumb\",\"itemListElement\":[{\"@type\":\"ListItem\",\"position\":1,\"item\":{\"@type\":\"WebPage\",\"@id\":\"https:\/\/zecovalve.com\/\",\"url\":\"https:\/\/zecovalve.com\/\",\"name\":\"Home\"}},{\"@type\":\"ListItem\",\"position\":2,\"item\":{\"@type\":\"WebPage\",\"@id\":\"https:\/\/zecovalve.com\/product-category\",\"url\":\"https:\/\/zecovalve.com\/product-category\",\"name\":\"Industrial Valve Manufacturer | Water Valve Manufacturer\"}},{\"@type\":\"ListItem\",\"position\":3,\"item\":{\"@type\":\"WebPage\",\"@id\":\"https:\/\/zecovalve.com\/product\/floating-ball-valve\",\"url\":\"https:\/\/zecovalve.com\/product\/floating-ball-valve\",\"name\":\"Floating Ball Valve\"}}]}]}<\/script>\n<!-- \/ Yoast SEO Premium plugin. -->","_links":{"self":[{"href":"https:\/\/zecovalve.com\/tr\/wp-json\/wp\/v2\/product\/16087","targetHints":{"allow":["GET"]}}],"collection":[{"href":"https:\/\/zecovalve.com\/tr\/wp-json\/wp\/v2\/product"}],"about":[{"href":"https:\/\/zecovalve.com\/tr\/wp-json\/wp\/v2\/types\/product"}],"replies":[{"embeddable":true,"href":"https:\/\/zecovalve.com\/tr\/wp-json\/wp\/v2\/comments?post=16087"}],"wp:featuredmedia":[{"embeddable":true,"href":"https:\/\/zecovalve.com\/tr\/wp-json\/wp\/v2\/media\/27849"}],"wp:attachment":[{"href":"https:\/\/zecovalve.com\/tr\/wp-json\/wp\/v2\/media?parent=16087"}],"wp:term":[{"taxonomy":"product_cat","embeddable":true,"href":"https:\/\/zecovalve.com\/tr\/wp-json\/wp\/v2\/product_cat?post=16087"},{"taxonomy":"product_tag","embeddable":true,"href":"https:\/\/zecovalve.com\/tr\/wp-json\/wp\/v2\/product_tag?post=16087"}],"curies":[{"name":"wp","href":"https:\/\/api.w.org\/{rel}","templated":true}]}}