{"id":16093,"date":"2022-06-19T03:39:21","date_gmt":"2022-06-19T03:39:21","guid":{"rendered":"https:\/\/zecovalve.com\/?post_type=product&#038;p=16093"},"modified":"2023-06-15T12:37:34","modified_gmt":"2023-06-15T12:37:34","slug":"wedge-gate-valve","status":"publish","type":"product","link":"https:\/\/zecovalve.com\/tr\/urun\/wedge-gate-valve","title":{"rendered":"Kama S\u00fcrg\u00fcl\u00fc Vana"},"content":{"rendered":"<p>Kama s\u00fcrg\u00fcl\u00fc vana, do\u011frusal hareket eden, \u00e7ok turlu bir genel servis vanas\u0131d\u0131r.<\/p>\r\n\r\n\r\n\r\n<div class=\"wp-block-columns is-layout-flex wp-container-core-columns-is-layout-9d6595d7 wp-block-columns-is-layout-flex\">\r\n<div class=\"wp-block-column is-layout-flow wp-block-column-is-layout-flow\">\r\n<figure class=\"wp-block-image size-large\"><img decoding=\"async\" src=\"https:\/\/zecovalve.com\/wp-content\/uploads\/2022\/06\/wedge-gate-valve-1-300x225.jpg\" alt=\"\" \/><\/figure>\r\n<\/div>\r\n\r\n\r\n\r\n<div class=\"wp-block-column is-layout-flow wp-block-column-is-layout-flow\">\r\n<figure class=\"wp-block-image size-large\"><img decoding=\"async\" src=\"https:\/\/zecovalve.com\/wp-content\/uploads\/2022\/06\/wedge-gate-valve-2-300x225.jpg\" alt=\"\" \/><\/figure>\r\n<\/div>\r\n\r\n\r\n\r\n<div class=\"wp-block-column is-layout-flow wp-block-column-is-layout-flow\">\r\n<figure class=\"wp-block-image size-large\"><img decoding=\"async\" src=\"https:\/\/zecovalve.com\/wp-content\/uploads\/2022\/06\/wedge-gate-valve-3-300x225.jpg\" alt=\"\" \/><\/figure>\r\n<\/div>\r\n<\/div>\r\n\r\n\r\n\r\n<div class=\"wp-block-columns is-layout-flex wp-container-core-columns-is-layout-9d6595d7 wp-block-columns-is-layout-flex\">\r\n<div class=\"wp-block-column is-layout-flow wp-block-column-is-layout-flow\">\r\n<figure class=\"wp-block-image size-full is-resized\"><img loading=\"lazy\" decoding=\"async\" class=\"wp-image-16097\" src=\"https:\/\/zecovalve.com\/wp-content\/uploads\/2022\/06\/wedge-gate-valve-4.jpg\" alt=\"\" width=\"400\" height=\"300\" srcset=\"https:\/\/zecovalve.com\/wp-content\/uploads\/2022\/06\/wedge-gate-valve-4.jpg 800w, https:\/\/zecovalve.com\/wp-content\/uploads\/2022\/06\/wedge-gate-valve-4-300x225.jpg 300w, https:\/\/zecovalve.com\/wp-content\/uploads\/2022\/06\/wedge-gate-valve-4-768x576.jpg 768w, https:\/\/zecovalve.com\/wp-content\/uploads\/2022\/06\/wedge-gate-valve-4-600x450.jpg 600w\" sizes=\"auto, (max-width: 400px) 100vw, 400px\" \/><\/figure>\r\n<\/div>\r\n\r\n\r\n\r\n<div class=\"wp-block-column is-layout-flow wp-block-column-is-layout-flow\">\r\n<figure class=\"wp-block-image size-full is-resized\"><img loading=\"lazy\" decoding=\"async\" class=\"wp-image-16098\" src=\"https:\/\/zecovalve.com\/wp-content\/uploads\/2022\/06\/wedge-gate-valve-5_1636963499.jpg\" alt=\"\" width=\"400\" height=\"300\" srcset=\"https:\/\/zecovalve.com\/wp-content\/uploads\/2022\/06\/wedge-gate-valve-5_1636963499.jpg 800w, https:\/\/zecovalve.com\/wp-content\/uploads\/2022\/06\/wedge-gate-valve-5_1636963499-300x225.jpg 300w, https:\/\/zecovalve.com\/wp-content\/uploads\/2022\/06\/wedge-gate-valve-5_1636963499-768x576.jpg 768w, https:\/\/zecovalve.com\/wp-content\/uploads\/2022\/06\/wedge-gate-valve-5_1636963499-600x450.jpg 600w\" sizes=\"auto, (max-width: 400px) 100vw, 400px\" \/><\/figure>\r\n<\/div>\r\n<\/div>\r\n\r\n\r\n<div class=\"gb-button-wrapper gb-button-wrapper-6d8495a3\">\r\n\r\n\r\n<p><a class=\"gb-button gb-button-3d442e11 gb-button-text\" href=\"mailto:commercial@zecovalve.com\" target=\"_blank\" rel=\"noopener noreferrer\"><strong>KAMALI S\u00dcRG\u00dcL\u00dc VANA F\u0130YATI ALIN<\/strong><\/a><\/p>\r\n<\/div>\r\n\r\n\r\n\r\n\r\n<h2 class=\"wp-block-heading\">Kapatma Eleman\u0131 Tipine G\u00f6re S\u00fcrg\u00fcl\u00fc Vana \u00c7e\u015fitleri<\/h2>\r\n\r\n\r\n\r\n<ul class=\"wp-block-list\">\r\n<li>Paralel disk S\u00fcrg\u00fcl\u00fc Vana<\/li>\r\n<li>Kama S\u00fcrg\u00fcl\u00fc Vana<\/li>\r\n<\/ul>\r\n\r\n\r\n\r\n<h2 class=\"wp-block-heading\" id=\"h-what-is-a-wedge-gate-valve\">Kama S\u00fcrg\u00fcl\u00fc Vana Nedir?<\/h2>\r\n\r\n\r\n\r\n<p>ZECO kama s\u00fcrg\u00fcl\u00fc vana, s\u00fcrg\u00fcl\u00fc vana t\u00fcrlerinden biridir. Kama s\u00fcrg\u00fcl\u00fc vanalar, iki s\u0131zd\u0131rmazl\u0131k y\u00fczeyinin g\u00f6vdedeki takozlara benzemesinden dolay\u0131 bu ismi alm\u0131\u015ft\u0131r. Genel olarak, iki kamal\u0131 s\u00fcrg\u00fcl\u00fc vanan\u0131n s\u0131zd\u0131rmazl\u0131k y\u00fczeyi ve dikey merkez \u00e7izgisinin a\u00e7\u0131s\u0131 2 \u00b0 52&#039;, 3&#039; 30 \u00b0, 5 \u00b0, 8 \u00b0 vb.&#039;dir. Kama s\u00fcrg\u00fcl\u00fc vanalar, g\u00f6vde yap\u0131s\u0131na g\u00f6re y\u00fckselen g\u00f6vdeli s\u00fcrg\u00fcl\u00fc vana ve y\u00fckselmeyen g\u00f6vdeli s\u00fcrg\u00fcl\u00fc vanaya ve kap\u0131 yap\u0131s\u0131na g\u00f6re kama s\u00fcrg\u00fcl\u00fc vana ve \u00e7ift diskli s\u00fcrg\u00fcl\u00fc vanaya ayr\u0131labilir. ZECO, s\u00fcrg\u00fcl\u00fc vana \u00fcretiminde yakla\u015f\u0131k 30 y\u0131ll\u0131k deneyime ve ge\u00e7mi\u015fe sahip, \u00c7in&#039;de profesyonel bir s\u00fcrg\u00fcl\u00fc vana \u00fcreticisidir.<\/p>\r\n\r\n\r\n\r\n<h2 class=\"wp-block-heading\">Kama S\u00fcrg\u00fcl\u00fc Vana \u00c7e\u015fitleri<\/h2>\r\n\r\n\r\n\r\n<h3 class=\"wp-block-heading\">Kat\u0131 Kama S\u00fcrg\u00fcl\u00fc Vana<\/h3>\r\n\r\n\r\n\r\n<p>Kat\u0131 veya tek kamal\u0131 s\u00fcrg\u00fcl\u00fc vana, petrol, gaz ve hava hizmetleri i\u00e7in proses end\u00fcstrisinde en yayg\u0131n kullan\u0131lan ve en d\u00fc\u015f\u00fck maliyetli kullan\u0131lan tiptir. Kama \u015feklinin amac\u0131 y\u00fcksek bir ek oturma y\u00fck\u00fc sa\u011flamakt\u0131r. Kat\u0131 Kama S\u00fcrg\u00fcl\u00fc Vana herhangi bir pozisyonda monte edilebilir, hemen hemen t\u00fcm ak\u0131\u015fkanlara uygundur ve t\u00fcrb\u00fclansl\u0131 ak\u0131\u015f hizmetleri i\u00e7in pratiktir.<\/p>\r\n\r\n\r\n\r\n<p>Baz\u0131 durumlarda, sistem s\u0131cakl\u0131\u011f\u0131 vanay\u0131 yeniden \u0131s\u0131t\u0131ncaya kadar vana yeniden a\u00e7\u0131lamaz; bu olaya \u201cTermal k\u00f6rleme\u201d ad\u0131 veriliyor. Kama s\u00fcrg\u00fcl\u00fc vanalar ayr\u0131ca i\u00e7 vida veya d\u0131\u015f vida modelleri olarak tan\u0131mlanabilir. Su i\u015fleri end\u00fcstrisinde kat\u0131 kama s\u00fcrg\u00fcl\u00fc vanalar Savak vanalar\u0131 olarak pop\u00fclerdir.<\/p>\r\n\r\n\r\n<div class=\"wp-block-image\">\r\n<figure class=\"aligncenter size-full is-resized\"><img loading=\"lazy\" decoding=\"async\" class=\"wp-image-19454\" src=\"https:\/\/zecovalve.com\/wp-content\/uploads\/2022\/07\/GATE-VALVE-SOLID-WEDGE.webp\" alt=\"\" width=\"506\" height=\"386\" \/><\/figure>\r\n<\/div>\r\n\r\n\r\n<h3 class=\"wp-block-heading\" id=\"h-flexible-wedge-gate-valve\">Esnek Kamal\u0131 S\u00fcrg\u00fcl\u00fc Vana<\/h3>\r\n\r\n\r\n\r\n<p>Esnek takoz, \u00e7evresi kesilmi\u015f tek par\u00e7al\u0131 kat\u0131 bir disktir. Bu kesiklerin boyutu, \u015fekli ve derinli\u011fi farkl\u0131l\u0131k g\u00f6sterir. Kama \u00e7evresindeki s\u0131\u011f ve dar kesim daha az esneklik sa\u011flar ancak g\u00fcc\u00fc korur. Kama \u00e7evresi \u00fczerinde d\u00f6kme bir girinti veya daha derin ve daha geni\u015f bir kesim daha fazla esneklik sa\u011flar ancak mukavemetten \u00f6d\u00fcn verir.<\/p>\r\n\r\n\r\n\r\n<p>Bu tasar\u0131m koltuk hizalamas\u0131n\u0131 iyile\u015ftirir ve daha iyi s\u0131zd\u0131rmazl\u0131k sa\u011flar. Ayr\u0131ca termal ba\u011flaman\u0131n m\u00fcmk\u00fcn oldu\u011fu durumlarda performans\u0131 da artt\u0131rd\u0131. Esnek takozlar S\u00fcrg\u00fcl\u00fc vanalar buhar sistemlerinde kullan\u0131l\u0131r.<\/p>\r\n\r\n\r\n<div class=\"wp-block-image\">\r\n<figure class=\"aligncenter size-full is-resized\"><img loading=\"lazy\" decoding=\"async\" class=\"wp-image-19455\" src=\"https:\/\/zecovalve.com\/wp-content\/uploads\/2022\/07\/FLEBILE-WEDGE-GATE-VALVE.webp\" alt=\"\" width=\"285\" height=\"362\" \/><\/figure>\r\n<\/div>\r\n\r\n\r\n<h2 class=\"wp-block-heading\">Kamal\u0131 S\u00fcrg\u00fcl\u00fc Vanalar\u0131n Uygulamalar\u0131<\/h2>\r\n\r\n\r\n\r\n<p>A\u00e7ma\/kapama ve izolasyon vanalar\u0131 gibi genel uygulamalara uygundur, k\u0131sma ve\/veya d\u00fczenleme ama\u00e7lar\u0131 i\u00e7in \u00f6nerilmez. Depreme, darbeye, titre\u015fime, bas\u0131nca ve darbelere kar\u015f\u0131 m\u00fckemmel dayan\u0131kl\u0131l\u0131\u011fa sahiptirler ve -196\u00b0C ile 595\u00b0C aras\u0131nda sa\u011fl\u0131kl\u0131 bir \u015fekilde \u00e7al\u0131\u015ft\u0131r\u0131labilirler.<\/p>\r\n\r\n\r\n\r\n<h2 class=\"wp-block-heading\" id=\"h-features-of-wedge-gate-valve\">Kama S\u00fcrg\u00fcl\u00fc Vanan\u0131n \u00d6zellikleri:<\/h2>\r\n\r\n\r\n\r\n<ul class=\"wp-block-list\">\r\n<li>ZECO kama s\u00fcrg\u00fcl\u00fc vana, kama tipi kap\u0131y\u0131 benimser, \u00e7\u00fcnk\u00fc kap\u0131n\u0131n a\u00e7\u0131s\u0131 dikey merkez hatt\u0131 ile kama tipidir, kapatma i\u015fleminde giderek daha s\u0131k\u0131 kapat\u0131labilir, ayr\u0131ca s\u0131zd\u0131rmazl\u0131k etkisi sa\u011flan\u0131r;<\/li>\r\n<li>ZECO kama s\u00fcrg\u00fcl\u00fc vana, vanan\u0131n a\u00e7\u0131lma veya kapanma durumunu uzaktan g\u00f6rsel olarak g\u00f6rebilen ve karar vermesi daha kolay olan kald\u0131rma g\u00f6vdesini benimser. G\u00f6vde ve kap\u0131, t-olu\u011fu ile ba\u011flan\u0131r ve yeterli ba\u011flant\u0131 mukavemetini sa\u011flamak i\u00e7in g\u00f6vdenin t-ba\u015f\u0131 bir b\u00fct\u00fcn olarak d\u00f6v\u00fcl\u00fcr;<\/li>\r\n<li>ZECO kama s\u00fcrg\u00fcl\u00fc vana, salmastran\u0131n tamamen a\u00e7\u0131ld\u0131\u011f\u0131nda de\u011fi\u015ftirilmesine olanak tan\u0131yan s\u0131zd\u0131rmaz bir tasar\u0131mla tasarlanm\u0131\u015ft\u0131r. Bu tasar\u0131m, salmastran\u0131n hasar g\u00f6rmesi durumunda de\u011fi\u015ftirilmesi gerekti\u011finde salmastran\u0131n \u00e7evrimi\u00e7i olarak de\u011fi\u015ftirilebilmesini sa\u011flar ve vanan\u0131n s\u00f6k\u00fclmesi nedeniyle personel israf\u0131n\u0131n \u00f6nlenmesini sa\u011flar;<\/li>\r\n<li>ZECO kama s\u00fcrg\u00fcl\u00fc vana, nakliye s\u0131ras\u0131nda boru flan\u015f\u0131na ba\u011fl\u0131 d\u0131\u015fb\u00fckey y\u00fczeyi koruyabilen ve \u00e7arp\u0131\u015fma s\u0131ras\u0131nda vanan\u0131n hasar g\u00f6rmesini \u00f6nleyebilen, fabrikadan \u00e7\u0131kt\u0131\u011f\u0131nda flan\u015f y\u00fczeyinde \u00e7arp\u0131\u015fma \u00f6nleyici koruma ile tasarlanm\u0131\u015ft\u0131r.<\/li>\r\n<\/ul>\r\n\r\n\r\n\r\n<h2 class=\"wp-block-heading\" id=\"h-material-of-wedge-gate-valve\">Kama S\u00fcrg\u00fcl\u00fc Vana Malzemesi:<\/h2>\r\n\r\n\r\n\r\n<figure class=\"wp-block-table is-style-stripes\">\r\n<table>\r\n<tbody>\r\n<tr>\r\n<td>Hay\u0131r<\/td>\r\n<td>Par\u00e7a<\/td>\r\n<td>Malzeme<\/td>\r\n<\/tr>\r\n<tr>\r\n<td>1<\/td>\r\n<td>V\u00fccut<\/td>\r\n<td>ASTM A216 WCB<\/td>\r\n<\/tr>\r\n<tr>\r\n<td>2<\/td>\r\n<td>Koltuk Halkas\u0131<\/td>\r\n<td>ASTM A105 + 13Cr<\/td>\r\n<\/tr>\r\n<tr>\r\n<td>3<\/td>\r\n<td>Kama<\/td>\r\n<td>ASTM A216 WCB + 13Cr<\/td>\r\n<\/tr>\r\n<tr>\r\n<td>4<\/td>\r\n<td>K\u00f6k<\/td>\r\n<td>ASTM A276 410<\/td>\r\n<\/tr>\r\n<tr>\r\n<td>5<\/td>\r\n<td>Kaput Contas\u0131<\/td>\r\n<td>Grafit + SS304<\/td>\r\n<\/tr>\r\n<tr>\r\n<td>6<\/td>\r\n<td>Kaput C\u0131vatas\u0131<\/td>\r\n<td>ASTM A193 B7<\/td>\r\n<\/tr>\r\n<tr>\r\n<td>7<\/td>\r\n<td>Kaput Somunu<\/td>\r\n<td>ASTM A194 2H<\/td>\r\n<\/tr>\r\n<tr>\r\n<td>8<\/td>\r\n<td>Bone<\/td>\r\n<td>ASTM A216 WCB<\/td>\r\n<\/tr>\r\n<tr>\r\n<td>9<\/td>\r\n<td>Arka Koltuk<\/td>\r\n<td>ASTM A182 F6a<\/td>\r\n<\/tr>\r\n<tr>\r\n<td>10<\/td>\r\n<td>K\u00f6k Ambalaj<\/td>\r\n<td>G\u00fc\u00e7lendirilmi\u015f Grafit<\/td>\r\n<\/tr>\r\n<tr>\r\n<td>11<\/td>\r\n<td>El \u00c7ark\u0131<\/td>\r\n<td>KTH330-08<\/td>\r\n<\/tr>\r\n<\/tbody>\r\n<\/table>\r\n<\/figure>\r\n\r\n\r\n\r\n<h2 class=\"wp-block-heading\" id=\"h-zeco-wedge-gate-valve-licence-approvals\">ZECO Kamal\u0131 S\u00fcrg\u00fcl\u00fc Vana Lisans\u0131 ve Onaylar\u0131<\/h2>\r\n\r\n\r\n\r\n<figure class=\"wp-block-table is-style-stripes\">\r\n<table>\r\n<tbody>\r\n<tr>\r\n<td>SERT\u0130F\u0130KA ADI<\/td>\r\n<td>KURUM<\/td>\r\n<\/tr>\r\n<tr>\r\n<td>API 600-0351<\/td>\r\n<td>Amerikan Petrol Enstit\u00fcs\u00fc<\/td>\r\n<\/tr>\r\n<tr>\r\n<td>API 6D-1225<\/td>\r\n<td>Amerikan Petrol Enstit\u00fcs\u00fc<\/td>\r\n<\/tr>\r\n<tr>\r\n<td>ISO 9001:2015<\/td>\r\n<td>TQCS INTERNATIONAL (GRUP) PTY LTD\\<\/td>\r\n<\/tr>\r\n<tr>\r\n<td>ISO 14001:2015<\/td>\r\n<td>TQCS INTERNATIONAL (GRUP) PTY LTD\\<\/td>\r\n<\/tr>\r\n<tr>\r\n<td>ISO 45001:2018<\/td>\r\n<td>TQCS INTERNATIONAL (GRUP) PTY LTD\\<\/td>\r\n<\/tr>\r\n<tr>\r\n<td>Yang\u0131n Testi Sertifikas\u0131 API 6FA<\/td>\r\n<td>TUV SUD SERV\u0130S GMBH<\/td>\r\n<\/tr>\r\n<tr>\r\n<td>CE-2810<\/td>\r\n<td>BASIN\u00c7LI EK\u0130PMAN D\u0130REKT\u0130F\u0130 2014\/68\/EU<\/td>\r\n<\/tr>\r\n<\/tbody>\r\n<\/table>\r\n<\/figure>","protected":false},"excerpt":{"rendered":"<p>Kama s\u00fcrg\u00fcl\u00fc vana, do\u011frusal hareket eden, \u00e7ok turlu bir genel servis vanas\u0131d\u0131r. Kapama Eleman\u0131 Tipine G\u00f6re S\u00fcrg\u00fcl\u00fc Vana \u00c7e\u015fitleri Paralel disk\u2026 <a title=\"Kama S\u00fcrg\u00fcl\u00fc Vana\" class=\"read-more\" href=\"https:\/\/zecovalve.com\/tr\/urun\/wedge-gate-valve\" aria-label=\"Kama S\u00fcrg\u00fcl\u00fc Vana hakk\u0131nda daha fazlas\u0131\">Daha fazla bilgi edinin<\/a><\/p>","protected":false},"featured_media":27870,"comment_status":"closed","ping_status":"closed","template":"","meta":{"_generate-full-width-content":"","kt_blocks_editor_width":""},"product_cat":[2052,2456],"product_tag":[2798,2723],"class_list":["post-16093","product","type-product","status-publish","has-post-thumbnail","hentry","product_cat-gate-valve","product_cat-gate-valve-by-form","product_tag-osy-valve","product_tag-what-is-a-valve","sales-flash-overlay","woocommerce-text-align-center","woocommerce-image-align-center","do-quantity-buttons"],"featured_image_src_large":["https:\/\/zecovalve.com\/wp-content\/uploads\/2022\/06\/Gear-Valve-Gear-Operated-Gate-Valve.jpg",800,600,false],"author_info":[],"comment_info":0,"taxonomy_info":{"product_cat":[{"value":2052,"label":"Gate Valve"},{"value":2456,"label":"Gate Valve By Form"}],"product_tag":[{"value":2798,"label":"OS&amp;Y Valve"},{"value":2723,"label":"What is a Valve"}]},"yoast_head":"<!-- This site is optimized with the Yoast SEO Premium plugin v15.4 - https:\/\/yoast.com\/wordpress\/plugins\/seo\/ -->\n<title>Wedge Gate Valve - Various Gate Vave Types | ZECO Valve<\/title>\n<meta name=\"robots\" content=\"index, follow, max-snippet:-1, max-image-preview:large, max-video-preview:-1\" \/>\n<link rel=\"canonical\" href=\"https:\/\/zecovalve.com\/tr\/urun\/wedge-gate-valve\" \/>\n<meta property=\"og:locale\" content=\"tr_TR\" \/>\n<meta property=\"og:type\" content=\"article\" \/>\n<meta property=\"og:title\" content=\"Wedge Gate Valve - Various Gate Vave Types | ZECO Valve\" \/>\n<meta property=\"og:description\" content=\"Wedge gate valve is a linear motion, multi-turn general service valve. Gate valve Types as per Type of Closing Element Parallel disk ... Read more\" \/>\n<meta property=\"og:url\" content=\"https:\/\/zecovalve.com\/tr\/urun\/wedge-gate-valve\" \/>\n<meta property=\"og:site_name\" content=\"ZECO Valve\" \/>\n<meta property=\"article:modified_time\" content=\"2023-06-15T12:37:34+00:00\" \/>\n<meta property=\"og:image\" content=\"https:\/\/zecovalve.com\/wp-content\/uploads\/2022\/06\/Gear-Valve-Gear-Operated-Gate-Valve.jpg\" \/>\n\t<meta property=\"og:image:width\" content=\"800\" \/>\n\t<meta property=\"og:image:height\" content=\"600\" \/>\n<meta name=\"twitter:card\" content=\"summary_large_image\" \/>\n<meta name=\"twitter:label1\" content=\"Yazan:\">\n\t<meta name=\"twitter:data1\" content=\"Jerry\">\n\t<meta name=\"twitter:label2\" content=\"Tahmini okuma s\u00fcresi\">\n\t<meta name=\"twitter:data2\" content=\"3 dakika\">\n<script type=\"application\/ld+json\" class=\"yoast-schema-graph\">{\"@context\":\"https:\/\/schema.org\",\"@graph\":[{\"@type\":\"WebSite\",\"@id\":\"https:\/\/zecovalve.com\/#website\",\"url\":\"https:\/\/zecovalve.com\/\",\"name\":\"ZECO Valve\",\"description\":\"Industrial Ball Valve, Gate Valve and Globe Valve Manufacturer\",\"potentialAction\":[{\"@type\":\"SearchAction\",\"target\":\"https:\/\/zecovalve.com\/?s={search_term_string}\",\"query-input\":\"required name=search_term_string\"}],\"inLanguage\":\"tr\"},{\"@type\":\"ImageObject\",\"@id\":\"https:\/\/zecovalve.com\/product\/wedge-gate-valve#primaryimage\",\"inLanguage\":\"tr\",\"url\":\"https:\/\/zecovalve.com\/wp-content\/uploads\/2022\/06\/Gear-Valve-Gear-Operated-Gate-Valve.jpg\",\"width\":800,\"height\":600,\"caption\":\"Gear Valve - Gear Operated Gate Valve\"},{\"@type\":\"WebPage\",\"@id\":\"https:\/\/zecovalve.com\/product\/wedge-gate-valve#webpage\",\"url\":\"https:\/\/zecovalve.com\/product\/wedge-gate-valve\",\"name\":\"Wedge Gate Valve - Various Gate Vave Types | ZECO Valve\",\"isPartOf\":{\"@id\":\"https:\/\/zecovalve.com\/#website\"},\"primaryImageOfPage\":{\"@id\":\"https:\/\/zecovalve.com\/product\/wedge-gate-valve#primaryimage\"},\"datePublished\":\"2022-06-19T03:39:21+00:00\",\"dateModified\":\"2023-06-15T12:37:34+00:00\",\"breadcrumb\":{\"@id\":\"https:\/\/zecovalve.com\/product\/wedge-gate-valve#breadcrumb\"},\"inLanguage\":\"tr\",\"potentialAction\":[{\"@type\":\"ReadAction\",\"target\":[\"https:\/\/zecovalve.com\/product\/wedge-gate-valve\"]}]},{\"@type\":\"BreadcrumbList\",\"@id\":\"https:\/\/zecovalve.com\/product\/wedge-gate-valve#breadcrumb\",\"itemListElement\":[{\"@type\":\"ListItem\",\"position\":1,\"item\":{\"@type\":\"WebPage\",\"@id\":\"https:\/\/zecovalve.com\/\",\"url\":\"https:\/\/zecovalve.com\/\",\"name\":\"Home\"}},{\"@type\":\"ListItem\",\"position\":2,\"item\":{\"@type\":\"WebPage\",\"@id\":\"https:\/\/zecovalve.com\/product-category\",\"url\":\"https:\/\/zecovalve.com\/product-category\",\"name\":\"Industrial Valve Manufacturer | Water Valve Manufacturer\"}},{\"@type\":\"ListItem\",\"position\":3,\"item\":{\"@type\":\"WebPage\",\"@id\":\"https:\/\/zecovalve.com\/product\/wedge-gate-valve\",\"url\":\"https:\/\/zecovalve.com\/product\/wedge-gate-valve\",\"name\":\"Wedge Gate Valve\"}}]}]}<\/script>\n<!-- \/ Yoast SEO Premium plugin. -->","_links":{"self":[{"href":"https:\/\/zecovalve.com\/tr\/wp-json\/wp\/v2\/product\/16093","targetHints":{"allow":["GET"]}}],"collection":[{"href":"https:\/\/zecovalve.com\/tr\/wp-json\/wp\/v2\/product"}],"about":[{"href":"https:\/\/zecovalve.com\/tr\/wp-json\/wp\/v2\/types\/product"}],"replies":[{"embeddable":true,"href":"https:\/\/zecovalve.com\/tr\/wp-json\/wp\/v2\/comments?post=16093"}],"wp:featuredmedia":[{"embeddable":true,"href":"https:\/\/zecovalve.com\/tr\/wp-json\/wp\/v2\/media\/27870"}],"wp:attachment":[{"href":"https:\/\/zecovalve.com\/tr\/wp-json\/wp\/v2\/media?parent=16093"}],"wp:term":[{"taxonomy":"product_cat","embeddable":true,"href":"https:\/\/zecovalve.com\/tr\/wp-json\/wp\/v2\/product_cat?post=16093"},{"taxonomy":"product_tag","embeddable":true,"href":"https:\/\/zecovalve.com\/tr\/wp-json\/wp\/v2\/product_tag?post=16093"}],"curies":[{"name":"wp","href":"https:\/\/api.w.org\/{rel}","templated":true}]}}