{"id":16099,"date":"2022-06-19T03:41:54","date_gmt":"2022-06-19T03:41:54","guid":{"rendered":"https:\/\/zecovalve.com\/?post_type=product&#038;p=16099"},"modified":"2023-06-07T07:37:46","modified_gmt":"2023-06-07T07:37:46","slug":"6-inch-ball-valve","status":"publish","type":"product","link":"https:\/\/zecovalve.com\/tr\/urun\/6-inch-ball-valve","title":{"rendered":"6 in\u00e7 K\u00fcresel Vana"},"content":{"rendered":"<p>K\u00fcresel vana 6 in\u00e7, vana boyutunun 6 in\u00e7 oldu\u011fu anlam\u0131na gelir ve DN&#039;de DN150&#039;dir.<\/p>\r\n\r\n\r\n\r\n<figure class=\"wp-block-image alignnone size-medium wp-image-16100\">\r\n<p><img loading=\"lazy\" decoding=\"async\" class=\"size-medium wp-image-19559\" src=\"https:\/\/zecovalve.com\/wp-content\/uploads\/2022\/06\/6-inch-Ball-Valve-1-208x300.jpg\" alt=\"6 in\u00e7 K\u00fcresel Vana\" width=\"208\" height=\"300\" srcset=\"https:\/\/zecovalve.com\/wp-content\/uploads\/2022\/06\/6-inch-Ball-Valve-1-208x300.jpg 208w, https:\/\/zecovalve.com\/wp-content\/uploads\/2022\/06\/6-inch-Ball-Valve-1-708x1024.jpg 708w, https:\/\/zecovalve.com\/wp-content\/uploads\/2022\/06\/6-inch-Ball-Valve-1-768x1110.jpg 768w, https:\/\/zecovalve.com\/wp-content\/uploads\/2022\/06\/6-inch-Ball-Valve-1-1062x1536.jpg 1062w, https:\/\/zecovalve.com\/wp-content\/uploads\/2022\/06\/6-inch-Ball-Valve-1-1417x2048.jpg 1417w, https:\/\/zecovalve.com\/wp-content\/uploads\/2022\/06\/6-inch-Ball-Valve-1-600x867.jpg 600w, https:\/\/zecovalve.com\/wp-content\/uploads\/2022\/06\/6-inch-Ball-Valve-1-scaled.jpg 1771w\" sizes=\"auto, (max-width: 208px) 100vw, 208px\" \/><\/p>\r\n<\/figure>\r\n\r\n\r\n<div class=\"gb-button-wrapper gb-button-wrapper-6d8495a3\">\r\n\r\n\r\n<p><a class=\"gb-button gb-button-3d442e11 gb-button-text\" href=\"mailto:commercial@zecovalve.com\" target=\"_blank\" rel=\"noopener noreferrer\"><strong>6 \u0130N\u00c7 K\u00dcRESEL VANA F\u0130YAT ALIN<\/strong><\/a><\/p>\r\n<\/div>\r\n\r\n\r\n\r\n\r\n<h2 class=\"wp-block-heading\" id=\"h-what-is-a-6-inch-ball-valve\">6 \u0130n\u00e7 K\u00fcresel Vana Nedir?<\/h2>\r\n\r\n\r\n\r\n<p>6 in\u00e7 k\u00fcresel vanalar, ortas\u0131nda delik bulunan bir toptur. Topun 90\u00b0 d\u00f6nmesiyle tam a\u00e7\u0131k konumdan kapal\u0131 konuma ge\u00e7ilir.<\/p>\r\n\r\n\r\n\r\n<p>ZECO Valve Group, \u00c7in&#039;de tan\u0131nm\u0131\u015f bir k\u00fcresel vana \u00fcreticisidir. Kuruldu\u011fu 1991 y\u0131l\u0131ndan bu yana yakla\u015f\u0131k 30 y\u0131ld\u0131r k\u00fcresel vana \u00fcretimi yapmaktad\u0131r. \u00dcretim s\u00fcrecinde ZECO, her valfi geli\u015fmeye devam edecek bir el sanat\u0131 olarak g\u00f6r\u00fcyor. Y\u00fcksek teknolojiye sahip \u00fcretim ekipmanlar\u0131 ve y\u00fcksek teknolojiye sahip personelin deste\u011fiyle her \u00fcr\u00fcn uluslararas\u0131 kaliteye ula\u015fabilmektedir. ZECO uzun y\u0131llard\u0131r \u00c7in&#039;de y\u00fcksek teknolojiye sahip bir kurulu\u015ftur. ZECO her y\u0131l kendisini daha verimli performansa ve daha uzun hizmet \u00f6mr\u00fcne sahip valflerin ara\u015ft\u0131rma ve geli\u015ftirmesine adamaktad\u0131r. ZECO&#039;nun ara\u015ft\u0131rma ve geli\u015ftirme maliyeti, \u015firketin sat\u0131\u015f maliyetinin yakla\u015f\u0131k 8%&#039;sini olu\u015fturuyor.<\/p>\r\n\r\n\r\n\r\n<h2 class=\"wp-block-heading\">6\u2033 K\u00fcresel Vana \u00c7e\u015fitleri<\/h2>\r\n\r\n\r\n\r\n<ul class=\"wp-block-list\">\r\n<li>6 in\u00e7 Y\u00fczer K\u00fcresel Vana<\/li>\r\n<li>6 in\u00e7 Muylu K\u00fcresel Vana<\/li>\r\n<li>6 in\u00e7 \u00dcstten Giri\u015fli K\u00fcresel Vana<\/li>\r\n<\/ul>\r\n\r\n\r\n\r\n<h2 class=\"wp-block-heading\">6 \u0130n\u00e7 K\u00fcresel Vana \u00dcr\u00fcn Yelpazesi<\/h2>\r\n\r\n\r\n\r\n<ul class=\"wp-block-list\">\r\n<li>G\u00f6vde malzemesi: Karbon \u00c7elik, Paslanmaz \u00c7elik, Ala\u015f\u0131ml\u0131 \u00c7elik.<\/li>\r\n<li>Normal \u00e7ap: 6 \u0130n\u00e7 (DN150).<\/li>\r\n<li>U\u00e7 ba\u011flant\u0131s\u0131: Siyah Beyaz, Flan\u015fl\u0131.<\/li>\r\n<li>Bas\u0131n\u00e7 aral\u0131\u011f\u0131: 150 \u2013 2500 LB (PN16 \u2013 PN420).<\/li>\r\n<li>\u00c7al\u0131\u015fma s\u0131cakl\u0131\u011f\u0131: -46\u00b0C \u2013 +540\u00b0C.<\/li>\r\n<\/ul>\r\n\r\n\r\n\r\n<h2 class=\"wp-block-heading\">6 \u0130n\u00e7 K\u00fcresel Vanan\u0131n Boyutlar\u0131 ve A\u011f\u0131rl\u0131\u011f\u0131<\/h2>\r\n\r\n\r\n\r\n<table border=\"=1\" width=\"800\">\r\n<tbody>\r\n<tr>\r\n<td rowspan=\"2\">Bas\u0131n\u00e7 Derecesi<\/td>\r\n<td style=\"text-align: center;\">Delik<\/td>\r\n<td style=\"text-align: center;\" colspan=\"3\">\u00a0Y\u00fcz Y\u00fcze Boyut (mm cinsinden)<\/td>\r\n<td style=\"text-align: center;\">A\u011f\u0131rl\u0131k<\/td>\r\n<\/tr>\r\n<tr>\r\n<td style=\"text-align: center;\">(mm cinsinden)<\/td>\r\n<td style=\"text-align: center;\">RF<\/td>\r\n<td style=\"text-align: center;\">BW<\/td>\r\n<td style=\"text-align: center;\">RTJ<\/td>\r\n<td style=\"text-align: center;\">kg<\/td>\r\n<\/tr>\r\n<tr>\r\n<td>SINIF 150<\/td>\r\n<td style=\"text-align: center;\">150<\/td>\r\n<td style=\"text-align: center;\">394<\/td>\r\n<td style=\"text-align: center;\">457<\/td>\r\n<td style=\"text-align: center;\">406<\/td>\r\n<td style=\"text-align: center;\">74<\/td>\r\n<\/tr>\r\n<tr>\r\n<td>SINIF 300<\/td>\r\n<td style=\"text-align: center;\">150<\/td>\r\n<td style=\"text-align: center;\">403<\/td>\r\n<td style=\"text-align: center;\">457<\/td>\r\n<td style=\"text-align: center;\">419<\/td>\r\n<td style=\"text-align: center;\">118<\/td>\r\n<\/tr>\r\n<tr>\r\n<td>SINIF 600<\/td>\r\n<td style=\"text-align: center;\">150<\/td>\r\n<td style=\"text-align: center;\">559<\/td>\r\n<td style=\"text-align: center;\">559<\/td>\r\n<td style=\"text-align: center;\">562<\/td>\r\n<td style=\"text-align: center;\">160<\/td>\r\n<\/tr>\r\n<tr>\r\n<td>SINIF 900<\/td>\r\n<td style=\"text-align: center;\">150<\/td>\r\n<td style=\"text-align: center;\">610<\/td>\r\n<td style=\"text-align: center;\">610<\/td>\r\n<td style=\"text-align: center;\">613<\/td>\r\n<td style=\"text-align: center;\">339<\/td>\r\n<\/tr>\r\n<tr>\r\n<td>SINIF 1500<\/td>\r\n<td style=\"text-align: center;\">144<\/td>\r\n<td style=\"text-align: center;\">705<\/td>\r\n<td style=\"text-align: center;\">705<\/td>\r\n<td style=\"text-align: center;\">711<\/td>\r\n<td style=\"text-align: center;\">532<\/td>\r\n<\/tr>\r\n<tr>\r\n<td>SINIF 2500<\/td>\r\n<td style=\"text-align: center;\">131<\/td>\r\n<td style=\"text-align: center;\">914<\/td>\r\n<td style=\"text-align: center;\">914<\/td>\r\n<td style=\"text-align: center;\">927<\/td>\r\n<td style=\"text-align: center;\">800<\/td>\r\n<\/tr>\r\n<\/tbody>\r\n<\/table>\r\n\r\n\r\n\r\n<h2 class=\"wp-block-heading\" id=\"h-features-of-6-ball-valve\">6\u2033 K\u00fcresel Vanan\u0131n \u00d6zellikleri:<\/h2>\r\n\r\n\r\n\r\n<ul class=\"wp-block-list\">\r\n<li>ZECO 6 in\u00e7 valf, yard\u0131mc\u0131 koltuk acil durum conta sistemiyle tasarlanm\u0131\u015ft\u0131r. Yumu\u015fak conta yuvas\u0131 hasar g\u00f6rd\u00fc\u011f\u00fcnde, yard\u0131mc\u0131 conta sistemine uygun s\u0131zd\u0131rmazl\u0131k maddesinin enjekte edilmesiyle acil s\u0131zd\u0131rmazl\u0131k ger\u00e7ekle\u015ftirilebilir. Acil durum contalar\u0131, s\u0131zd\u0131rmazl\u0131\u011f\u0131 etkilemeden koltuk alanlar\u0131n\u0131 temiz tutmak i\u00e7in gerekti\u011finde koltuk alanlar\u0131n\u0131 y\u0131kamak ve ya\u011flamak i\u00e7in de kullan\u0131labilir. G\u00f6vde ayn\u0131 zamanda acil durum s\u0131zd\u0131rmazl\u0131k maddesi dolumu ve y\u0131kama ya\u011flamas\u0131 i\u00e7in bir acil durum conta tasar\u0131m\u0131na sahiptir;<\/li>\r\n<li>Yang\u0131n koruma yap\u0131s\u0131na sahip ZECO 6 in\u00e7 vana. 6 in\u00e7 k\u00fcresel vanan\u0131n yang\u0131ndan korunma yap\u0131s\u0131 API 607&#039;ye uygun olarak tasarlanm\u0131\u015ft\u0131r. Yang\u0131n durumunda, yumu\u015fak conta yata\u011f\u0131 yand\u0131ktan sonra metal koltuk hemen bilya ile temas ederek vanan\u0131n neden oldu\u011fu s\u0131z\u0131nt\u0131y\u0131 \u00f6nleyecektir. daha b\u00fcy\u00fck bir etkiyle;<\/li>\r\n<li>ZECO 6 in\u00e7 valf g\u00f6vdesi duvar kal\u0131nl\u0131\u011f\u0131 belirli miktarda tasar\u0131ma sahip olacak, karbon \u00e7elik g\u00f6vde, yuva, alt kapak ASTM B733 y\u00fczey kimyasal kaplamas\u0131na uygun olacakt\u0131r. Buna ek olarak, kullan\u0131c\u0131n\u0131n \u00f6zel ki\u015fiselle\u015ftirmeye ihtiyac\u0131 varsa, ZECO ayr\u0131ca \u00e7al\u0131\u015fma ko\u015fullar\u0131n\u0131 kar\u015f\u0131lamak \u00fczere \u00e7e\u015fitli korozyon \u00f6nleyici malzemelere de sahiptir;<\/li>\r\n<li>ZECO 6 in\u00e7 valf, bo\u015fluktaki a\u015f\u0131r\u0131 bas\u0131n\u00e7 ve d\u0131\u015far\u0131 f\u0131rlama olgusu nedeniyle valf g\u00f6vdesinin bak\u0131m\u0131n\u0131 \u00f6nlemek amac\u0131yla, g\u00f6vdeden d\u0131\u015far\u0131 f\u0131rlamay\u0131 \u00f6nleyecek bir tasar\u0131m bulunmaktad\u0131r.<\/li>\r\n<\/ul>\r\n\r\n\r\n\r\n<h2 class=\"wp-block-heading\" id=\"h-material-of-6-ball-valve\">6\u2033 K\u00fcresel Vana Malzemesi:<\/h2>\r\n\r\n\r\n\r\n<figure class=\"wp-block-table is-style-stripes\">\r\n<table>\r\n<tbody>\r\n<tr>\r\n<td>Hay\u0131r<\/td>\r\n<td>Par\u00e7a<\/td>\r\n<td>Malzeme<\/td>\r\n<\/tr>\r\n<tr>\r\n<td>1<\/td>\r\n<td>V\u00fccut<\/td>\r\n<td>ASTM A216 WCB<\/td>\r\n<\/tr>\r\n<tr>\r\n<td>2<\/td>\r\n<td>Bone<\/td>\r\n<td>ASTM A216 WCB<\/td>\r\n<\/tr>\r\n<tr>\r\n<td>3<\/td>\r\n<td>Top<\/td>\r\n<td>ASTM A105<\/td>\r\n<\/tr>\r\n<tr>\r\n<td>4<\/td>\r\n<td>Koltuk<\/td>\r\n<td>ASTM A105 +PTFE<\/td>\r\n<\/tr>\r\n<tr>\r\n<td>5<\/td>\r\n<td>K\u00f6k<\/td>\r\n<td>ASTM A182 F6a<\/td>\r\n<\/tr>\r\n<tr>\r\n<td>6<\/td>\r\n<td>Anti-statik Cihaz<\/td>\r\n<td>SS304<\/td>\r\n<\/tr>\r\n<tr>\r\n<td>7<\/td>\r\n<td>Conta<\/td>\r\n<td>Grafit + SS304<\/td>\r\n<\/tr>\r\n<tr>\r\n<td>8<\/td>\r\n<td>C\u0131vata<\/td>\r\n<td>ASTM A193 B7<\/td>\r\n<\/tr>\r\n<tr>\r\n<td>9<\/td>\r\n<td>F\u0131nd\u0131k<\/td>\r\n<td>ASTM A194 2H<\/td>\r\n<\/tr>\r\n<tr>\r\n<td>10<\/td>\r\n<td>O-ring<\/td>\r\n<td>Viton A<\/td>\r\n<\/tr>\r\n<tr>\r\n<td>11<\/td>\r\n<td>Kol<\/td>\r\n<td>ASTM A216 WCB<\/td>\r\n<\/tr>\r\n<\/tbody>\r\n<\/table>\r\n<\/figure>","protected":false},"excerpt":{"rendered":"<p>K\u00fcresel vana 6 in\u00e7, vana boyutunun 6 in\u00e7 oldu\u011fu anlam\u0131na gelir ve DN&#039;de DN150&#039;dir. 6 in\u00e7 nedir? <a title=\"6 in\u00e7 K\u00fcresel Vana\" class=\"read-more\" href=\"https:\/\/zecovalve.com\/tr\/urun\/6-inch-ball-valve\" aria-label=\"6 in\u00e7 K\u00fcresel Vana hakk\u0131nda daha fazlas\u0131\">Daha fazla bilgi edinin<\/a><\/p>","protected":false},"featured_media":27867,"comment_status":"closed","ping_status":"closed","template":"","meta":{"_generate-full-width-content":"","kt_blocks_editor_width":""},"product_cat":[2047,2462],"product_tag":[3896,3914],"class_list":["post-16099","product","type-product","status-publish","has-post-thumbnail","hentry","product_cat-ball-valve","product_cat-ball-valve-by-size","product_tag-flanged-ball-valve","product_tag-reduced-bore-ball-valve","sales-flash-overlay","woocommerce-text-align-center","woocommerce-image-align-center","do-quantity-buttons"],"featured_image_src_large":["https:\/\/zecovalve.com\/wp-content\/uploads\/2022\/06\/6-Inch-Ball-Valve-2.jpg",800,600,false],"author_info":[],"comment_info":0,"taxonomy_info":{"product_cat":[{"value":2047,"label":"Ball Valve"},{"value":2462,"label":"Ball Valve By Size"}],"product_tag":[{"value":3896,"label":"Flanged Ball Valve"},{"value":3914,"label":"Reduced Bore Ball Valve"}]},"yoast_head":"<!-- This site is optimized with the Yoast SEO Premium plugin v15.4 - https:\/\/yoast.com\/wordpress\/plugins\/seo\/ -->\n<title>6 inch Ball Valve - 6&quot; Ball Valve Manufacturer | Competitive Ball Valve Price<\/title>\n<meta name=\"robots\" content=\"index, follow, max-snippet:-1, max-image-preview:large, max-video-preview:-1\" \/>\n<link rel=\"canonical\" href=\"https:\/\/zecovalve.com\/tr\/urun\/6-inch-ball-valve\" \/>\n<meta property=\"og:locale\" content=\"tr_TR\" \/>\n<meta property=\"og:type\" content=\"article\" \/>\n<meta property=\"og:title\" content=\"6 inch Ball Valve - 6&quot; Ball Valve Manufacturer | Competitive Ball Valve Price\" \/>\n<meta property=\"og:description\" content=\"Ball valve 6 inch means the valve size is 6 inch, and in DN it is DN150. What is a 6 Inch ... Read more\" \/>\n<meta property=\"og:url\" content=\"https:\/\/zecovalve.com\/tr\/urun\/6-inch-ball-valve\" \/>\n<meta property=\"og:site_name\" content=\"ZECO Valve\" \/>\n<meta property=\"article:modified_time\" content=\"2023-06-07T07:37:46+00:00\" \/>\n<meta property=\"og:image\" content=\"https:\/\/zecovalve.com\/wp-content\/uploads\/2022\/06\/6-Inch-Ball-Valve-2.jpg\" \/>\n\t<meta property=\"og:image:width\" content=\"800\" \/>\n\t<meta property=\"og:image:height\" content=\"600\" \/>\n<meta name=\"twitter:card\" content=\"summary_large_image\" \/>\n<meta name=\"twitter:label1\" content=\"Yazan:\">\n\t<meta name=\"twitter:data1\" content=\"Jerry\">\n\t<meta name=\"twitter:label2\" content=\"Tahmini okuma s\u00fcresi\">\n\t<meta name=\"twitter:data2\" content=\"2 dakika\">\n<script type=\"application\/ld+json\" class=\"yoast-schema-graph\">{\"@context\":\"https:\/\/schema.org\",\"@graph\":[{\"@type\":\"WebSite\",\"@id\":\"https:\/\/zecovalve.com\/#website\",\"url\":\"https:\/\/zecovalve.com\/\",\"name\":\"ZECO Valve\",\"description\":\"Industrial Ball Valve, Gate Valve and Globe Valve Manufacturer\",\"potentialAction\":[{\"@type\":\"SearchAction\",\"target\":\"https:\/\/zecovalve.com\/?s={search_term_string}\",\"query-input\":\"required name=search_term_string\"}],\"inLanguage\":\"tr\"},{\"@type\":\"ImageObject\",\"@id\":\"https:\/\/zecovalve.com\/product\/6-inch-ball-valve#primaryimage\",\"inLanguage\":\"tr\",\"url\":\"https:\/\/zecovalve.com\/wp-content\/uploads\/2022\/06\/6-Inch-Ball-Valve-2.jpg\",\"width\":800,\"height\":600,\"caption\":\"6 Inch Ball Valve\"},{\"@type\":\"WebPage\",\"@id\":\"https:\/\/zecovalve.com\/product\/6-inch-ball-valve#webpage\",\"url\":\"https:\/\/zecovalve.com\/product\/6-inch-ball-valve\",\"name\":\"6 inch Ball Valve - 6\\\" Ball Valve Manufacturer | Competitive Ball Valve Price\",\"isPartOf\":{\"@id\":\"https:\/\/zecovalve.com\/#website\"},\"primaryImageOfPage\":{\"@id\":\"https:\/\/zecovalve.com\/product\/6-inch-ball-valve#primaryimage\"},\"datePublished\":\"2022-06-19T03:41:54+00:00\",\"dateModified\":\"2023-06-07T07:37:46+00:00\",\"breadcrumb\":{\"@id\":\"https:\/\/zecovalve.com\/product\/6-inch-ball-valve#breadcrumb\"},\"inLanguage\":\"tr\",\"potentialAction\":[{\"@type\":\"ReadAction\",\"target\":[\"https:\/\/zecovalve.com\/product\/6-inch-ball-valve\"]}]},{\"@type\":\"BreadcrumbList\",\"@id\":\"https:\/\/zecovalve.com\/product\/6-inch-ball-valve#breadcrumb\",\"itemListElement\":[{\"@type\":\"ListItem\",\"position\":1,\"item\":{\"@type\":\"WebPage\",\"@id\":\"https:\/\/zecovalve.com\/\",\"url\":\"https:\/\/zecovalve.com\/\",\"name\":\"Home\"}},{\"@type\":\"ListItem\",\"position\":2,\"item\":{\"@type\":\"WebPage\",\"@id\":\"https:\/\/zecovalve.com\/product-category\",\"url\":\"https:\/\/zecovalve.com\/product-category\",\"name\":\"Industrial Valve Manufacturer | Water Valve Manufacturer\"}},{\"@type\":\"ListItem\",\"position\":3,\"item\":{\"@type\":\"WebPage\",\"@id\":\"https:\/\/zecovalve.com\/product\/6-inch-ball-valve\",\"url\":\"https:\/\/zecovalve.com\/product\/6-inch-ball-valve\",\"name\":\"6 inch Ball Valve\"}}]}]}<\/script>\n<!-- \/ Yoast SEO Premium plugin. -->","_links":{"self":[{"href":"https:\/\/zecovalve.com\/tr\/wp-json\/wp\/v2\/product\/16099","targetHints":{"allow":["GET"]}}],"collection":[{"href":"https:\/\/zecovalve.com\/tr\/wp-json\/wp\/v2\/product"}],"about":[{"href":"https:\/\/zecovalve.com\/tr\/wp-json\/wp\/v2\/types\/product"}],"replies":[{"embeddable":true,"href":"https:\/\/zecovalve.com\/tr\/wp-json\/wp\/v2\/comments?post=16099"}],"wp:featuredmedia":[{"embeddable":true,"href":"https:\/\/zecovalve.com\/tr\/wp-json\/wp\/v2\/media\/27867"}],"wp:attachment":[{"href":"https:\/\/zecovalve.com\/tr\/wp-json\/wp\/v2\/media?parent=16099"}],"wp:term":[{"taxonomy":"product_cat","embeddable":true,"href":"https:\/\/zecovalve.com\/tr\/wp-json\/wp\/v2\/product_cat?post=16099"},{"taxonomy":"product_tag","embeddable":true,"href":"https:\/\/zecovalve.com\/tr\/wp-json\/wp\/v2\/product_tag?post=16099"}],"curies":[{"name":"wp","href":"https:\/\/api.w.org\/{rel}","templated":true}]}}