{"id":16101,"date":"2022-06-19T03:44:20","date_gmt":"2022-06-19T03:44:20","guid":{"rendered":"https:\/\/zecovalve.com\/?post_type=product&#038;p=16101"},"modified":"2023-06-07T07:01:41","modified_gmt":"2023-06-07T07:01:41","slug":"motorized-ball-valve","status":"publish","type":"product","link":"https:\/\/zecovalve.com\/tr\/urun\/motorized-ball-valve","title":{"rendered":"Motorlu K\u00fcresel Vana"},"content":{"rendered":"<p>K\u00fcresel vanalar, otomasyon ve\/veya uzaktan kontrol i\u00e7in bir elektrikli akt\u00fcat\u00f6rle (motorlu k\u00fcresel vanalar) birle\u015ftirilebilir.<\/p>\r\n\r\n\r\n\r\n<figure class=\"wp-block-image alignnone size-medium wp-image-16102\"><img loading=\"lazy\" decoding=\"async\" width=\"300\" height=\"225\" class=\"wp-image-16102\" src=\"https:\/\/zecovalve.com\/wp-content\/uploads\/2022\/06\/motorized-ball-valve-300x225.jpg\" alt=\"Motorlu K\u00fcresel Vana\" srcset=\"https:\/\/zecovalve.com\/wp-content\/uploads\/2022\/06\/motorized-ball-valve-300x225.jpg 300w, https:\/\/zecovalve.com\/wp-content\/uploads\/2022\/06\/motorized-ball-valve-768x576.jpg 768w, https:\/\/zecovalve.com\/wp-content\/uploads\/2022\/06\/motorized-ball-valve-600x450.jpg 600w, https:\/\/zecovalve.com\/wp-content\/uploads\/2022\/06\/motorized-ball-valve.jpg 800w\" sizes=\"auto, (max-width: 300px) 100vw, 300px\" \/>\r\n<figcaption>Motorlu K\u00fcresel Vana<\/figcaption>\r\n<\/figure>\r\n\r\n\r\n<div class=\"gb-button-wrapper gb-button-wrapper-6d8495a3\">\r\n\r\n\r\n<p><a class=\"gb-button gb-button-3d442e11 gb-button-text\" href=\"https:\/\/zecovalve.com\/tr\/contact\/\" target=\"_blank\" rel=\"noopener noreferrer\"><strong>MOTORLU K\u00dcRESEL VANA F\u0130YAT ALIN<\/strong><\/a><\/p>\r\n<\/div>\r\n\r\n\r\n\r\n\r\n<h2 class=\"wp-block-heading\" id=\"h-what-is-an-motorized-ball-valve\">Motorlu k\u00fcresel vana nedir?<\/h2>\r\n\r\n\r\n\r\n<p>Motorlu k\u00fcresel vanan\u0131n \u00e7al\u0131\u015fmas\u0131, man\u00fcel muadiline benzer ancak bu vanada, (topa ba\u011fl\u0131 olan) mili tahrik etmek i\u00e7in bir kol yerine elektrikli bir akt\u00fcat\u00f6r monte edilir ve bu da daha sonra istenen vanay\u0131 sa\u011flamak i\u00e7in topu d\u00f6nd\u00fcr\u00fcr. operasyon. Elektrikli akt\u00fcat\u00f6r, konumuna ba\u011fl\u0131 olarak uzaktan kumanda noktas\u0131ndan sinyal ald\u0131\u011f\u0131nda, k\u00fcresel vanadan s\u0131v\u0131 ak\u0131\u015f\u0131n\u0131 ba\u015flatmak veya durdurmak i\u00e7in d\u00f6necektir.<\/p>\r\n\r\n\r\n\r\n<p>Motorlu bir k\u00fcresel vana, sens\u00f6r okumalar\u0131na g\u00f6re konumlar\u0131 de\u011fi\u015ftirecek \u015fekilde tasarlanabilir. Bir sens\u00f6r s\u0131cakl\u0131k veya bas\u0131n\u00e7taki de\u011fi\u015fiklikleri alg\u0131layabilir ve raporlayabilir. Motorlu k\u00fcresel vana, sens\u00f6r makine y\u00f6netim personeli taraf\u0131ndan belirlenen \u00f6nceden belirlenmi\u015f bir noktaya ula\u015ft\u0131\u011f\u0131nda tetiklenir. Bu, zaten dolu olan bir alana daha fazla proses ak\u0131\u015fkan\u0131n\u0131n ula\u015fmas\u0131n\u0131 engellemek gibi \u00f6nemli i\u015flevleri yerine getirebilir. Sens\u00f6r, alan\u0131n daha fazla s\u0131v\u0131 i\u00e7in uygun oldu\u011funu tespit etti\u011finde, motorlu k\u00fcresel vanay\u0131 etkinle\u015ftirir ve bu valf, proses s\u0131v\u0131s\u0131n\u0131n bu konuma ula\u015fmas\u0131n\u0131 sa\u011flayacak \u015fekilde konum de\u011fi\u015ftirir.<\/p>\r\n\r\n\r\n\r\n<h2 class=\"wp-block-heading\">Motorlu k\u00fcresel vana nas\u0131l \u00e7al\u0131\u015f\u0131r?<\/h2>\r\n\r\n\r\n\r\n<p>Motorlu k\u00fcresel vanalar esas olarak elektrikli akt\u00fcat\u00f6r ve vana olmak \u00fczere iki par\u00e7adan olu\u015fur. Belirli kurulum ve hata ay\u0131klama sonras\u0131nda ekipman\u0131n anahtar\u0131 normal \u015fekilde ayarlanabilir ve kontrol edilebilir. Motorlu k\u00fcresel vanalar esas olarak i\u015flemi s\u00fcrmek ve y\u00fcr\u00fctmek i\u00e7in motora dayan\u0131r, a\u00e7\u0131kl\u0131\u011f\u0131n boyutu da ger\u00e7ek duruma g\u00f6re ayarlanabilir, b\u00f6ylece ekipman arac\u0131s\u0131n\u0131n ak\u0131\u015f\u0131n\u0131 kontrol edebilir, \u00e7ok insanc\u0131l bir i\u015fletim sistemidir.<\/p>\r\n\r\n\r\n\r\n<h2 class=\"wp-block-heading\" id=\"h-what-are-motorized-ball-valves-used-for\">Motorlu k\u00fcresel vanalar ne i\u00e7in kullan\u0131l\u0131r?<\/h2>\r\n\r\n\r\n\r\n<h3 class=\"wp-block-heading\">A\u00e7ma\/Kapama Kontrol\u00fc<\/h3>\r\n\r\n\r\n\r\n<p>Motorlu k\u00fcresel vanalar, aradaki herhangi bir konumda herhangi bir duraklama olmadan a\u00e7\u0131ktan tamamen kapal\u0131ya de\u011fi\u015ftirilebilir. \u00c7al\u0131\u015ft\u0131r\u0131lan k\u00fcresel vana, a\u00e7ma ve kapama d\u00f6ng\u00fcs\u00fcn\u00fc her tamamlad\u0131\u011f\u0131nda, elektrik motoru, limit anahtarlar\u0131na \u00e7arpan dahili kamlar arac\u0131l\u0131\u011f\u0131yla kapanacakt\u0131r.<\/p>\r\n\r\n\r\n\r\n<p>\u00d6rne\u011fin, elektrik motoru, motorlu k\u00fcresel vanan\u0131n kapanma sinyalini ald\u0131\u011f\u0131nda, motora enerji verilir ve k\u00fcresel vanalar\u0131 kapatmak i\u00e7in d\u00f6ner. Daha sonra, i\u00e7 kam mil \u00fczerinde d\u00f6nerken, lob elektrik motorunu durduracak anahtar\u0131 yap\u0131p devreyi kesene kadar limit anahtarlar\u0131 kam \u00fczerinde hareket eder.<\/p>\r\n\r\n\r\n\r\n<h3 class=\"wp-block-heading\">Konumland\u0131rma Kontrol\u00fc<\/h3>\r\n\r\n\r\n\r\n<p>Ba\u015fka bir uygulama t\u00fcr\u00fc, motorlu k\u00fcresel vanalar\u0131n k\u0131smen a\u00e7\u0131lmas\u0131n\u0131 veya kapanmas\u0131n\u0131, su ak\u0131\u015f\u0131n\u0131n \u00e7e\u015fitli ko\u015fullar\u0131n\u0131 tespit etmesini ve bunlara yan\u0131t vermesini gerektirir. Bu durumda hedefe dijital konum sens\u00f6r\u00fcn\u00fcn dahil edilmesiyle ula\u015f\u0131labilir.<\/p>\r\n\r\n\r\n\r\n<p>\u00d6zel ak\u0131\u015f gereksinimlerine ba\u011fl\u0131 olarak harici kontrol komut sinyali olu\u015fturulacakt\u0131r. Bu giri\u015f sinyali, motorlu k\u00fcresel vanalar\u0131n akt\u00fcat\u00f6r\u00fc taraf\u0131ndan, \u00e7\u0131k\u0131\u015f geri besleme eleman\u0131 arac\u0131l\u0131\u011f\u0131yla tutarl\u0131 bir \u015fekilde ger\u00e7ek konumla kar\u015f\u0131la\u015ft\u0131r\u0131lacakt\u0131r. Daha sonra \u00e7al\u0131\u015ft\u0131r\u0131lan k\u00fcresel vanalar komutlar\u0131 dengeleyecek ve gerekli konuma ula\u015facak \u015fekilde \u00e7al\u0131\u015ft\u0131r\u0131lacakt\u0131r. Motorlu k\u00fcresel vanalar\u0131 kapatmak i\u00e7in tipik olarak yakla\u015f\u0131k 4mA veya 0V&#039;luk bir sinyal kullan\u0131l\u0131r.<\/p>\r\n\r\n\r\n\r\n<h2 class=\"wp-block-heading\">Motorlu k\u00fcresel vanalar\u0131n uygulamalar\u0131<\/h2>\r\n\r\n\r\n\r\n<p>Motorlu k\u00fcresel vanalar, vanan\u0131n a\u00e7\u0131lmas\u0131n\u0131 ve kapanmas\u0131n\u0131 kontrol etmek i\u00e7in sistemlere dahil edilir. Ak\u0131\u015f\u0131 \u00f6l\u00e7mek i\u00e7in genellikle g\u00f6sterge monit\u00f6rleri veya ak\u0131\u015f \u00f6l\u00e7erlerle donat\u0131l\u0131rlar. End\u00fcstriyel prosesler, imalat fabrikalar\u0131, kimyasal i\u015fleme, yiyecek ve i\u00e7ecek ekipmanlar\u0131, madencilik i\u015flemleri, enerji santralleri ve enerji sekt\u00f6r\u00fc, \u00e7al\u0131\u015ft\u0131r\u0131lan k\u00fcresel vanalar\u0131 kullan\u0131r. Ayr\u0131ca at\u0131k su ar\u0131t\u0131m\u0131nda, belediye ar\u0131tma merkezlerinde, temiz su \u00fcretiminde, akvaryumlarda, su sporlar\u0131nda ve hayvan bak\u0131m\u0131nda, kimyasal \u00fcretimde, metal ve kaplama i\u015flemlerinde ve kimyasal sentezlerde de kullan\u0131l\u0131rlar.<\/p>\r\n\r\n\r\n\r\n<h2 class=\"wp-block-heading\" id=\"h-features-of-motorized-ball-valves\">Motorlu k\u00fcresel vanalar\u0131n \u00f6zellikleri:<\/h2>\r\n\r\n\r\n\r\n<ol class=\"wp-block-list\">\r\n<li>Ortam valften ge\u00e7ti\u011finde, valf g\u00f6vdesindeki bas\u0131n\u00e7 muhtemelen g\u00f6vdeyi d\u0131\u015far\u0131 itebilir veya valf tamirdeyken, orta bo\u015flukta bas\u0131n\u00e7 varsa, g\u00f6vde veya ortam, valfin s\u00f6k\u00fclmesi \u00fczerine kolayca d\u0131\u015far\u0131 u\u00e7uyor gibi g\u00f6r\u00fcnebilir; bu da, insanlar\u0131n yaralanmas\u0131na neden olabilir. Bu olas\u0131l\u0131klar\u0131 \u00f6nlemek i\u00e7in g\u00f6vdenin alt k\u0131sm\u0131na yapay bir sopa yerle\u015ftirilir. Bu sayede, yang\u0131n \u00e7\u0131ksa, salmastra ve bask\u0131 yata\u011f\u0131 yansa veya ba\u015fka sebeplerden dolay\u0131 salmastra hasar g\u00f6rse bile, valf g\u00f6vdesindeki ortam\u0131n bas\u0131nc\u0131, valf g\u00f6vdesinin k\u00f6r kl\u00fcb\u00fcn\u00fcn valfin \u00fcst conta y\u00fcz\u00fc ile yak\u0131n temas halinde olmas\u0131n\u0131 sa\u011flayacakt\u0131r. g\u00f6vde, b\u00f6ylece ortam\u0131n hasarl\u0131 paketleme konumundan d\u0131\u015far\u0131 s\u0131zmas\u0131n\u0131 \u00f6nler;<\/li>\r\n<li>ZECO motorlu k\u00fcresel vana uzaktan, basit ve h\u0131zl\u0131 bir \u015fekilde \u00e7al\u0131\u015ft\u0131r\u0131labilir;<\/li>\r\n<li>ZECO motorlu k\u00fcresel vanan\u0131n elektrikli akt\u00fcat\u00f6r\u00fcn\u00fcn standard\u0131 AUMA elektrikli akt\u00fcat\u00f6rd\u00fcr. M\u00fc\u015fterilerin gereksinimlerine g\u00f6re di\u011fer elektrikli akt\u00fcat\u00f6r t\u00fcrleri se\u00e7ilebilir;<\/li>\r\n<li>ZECO motorlu k\u00fcresel vana, d\u00f6vme g\u00f6vde veya d\u00f6k\u00fcm g\u00f6vdeyi se\u00e7ebilir, ZECO, hangi malzeme malzemesinin uluslararas\u0131 standartlar\u0131n ve kimyasal analizlerin gereksinimlerini tam olarak kar\u015f\u0131layabildi\u011fine bak\u0131lmaks\u0131z\u0131n, hammadde kontrol\u00fcnde \u00e7ok kat\u0131d\u0131r.<\/li>\r\n<\/ol>\r\n\r\n\r\n\r\n<h2 class=\"wp-block-heading\" id=\"h-material-of-motorized-ball-valves\">Motorlu k\u00fcresel vanalar\u0131n malzemesi:<\/h2>\r\n\r\n\r\n\r\n<figure class=\"wp-block-table\">\r\n<table>\r\n<tbody>\r\n<tr>\r\n<td>Hay\u0131r<\/td>\r\n<td>Par\u00e7a<\/td>\r\n<td>Malzeme<\/td>\r\n<\/tr>\r\n<tr>\r\n<td>1<\/td>\r\n<td>V\u00fccut<\/td>\r\n<td>ASTM A105<\/td>\r\n<\/tr>\r\n<tr>\r\n<td>2<\/td>\r\n<td>Bone<\/td>\r\n<td>ASTM A105<\/td>\r\n<\/tr>\r\n<tr>\r\n<td>3<\/td>\r\n<td>Top<\/td>\r\n<td>ASTM A182 F316<\/td>\r\n<\/tr>\r\n<tr>\r\n<td>4<\/td>\r\n<td>Koltuk<\/td>\r\n<td>ASTM A182 F316 + NAYLON<\/td>\r\n<\/tr>\r\n<tr>\r\n<td>5<\/td>\r\n<td>K\u00f6k<\/td>\r\n<td>ASTM A276 316<\/td>\r\n<\/tr>\r\n<tr>\r\n<td>6<\/td>\r\n<td>Anti-statik Cihaz<\/td>\r\n<td>SS316<\/td>\r\n<\/tr>\r\n<tr>\r\n<td>7<\/td>\r\n<td>Conta<\/td>\r\n<td>Grafit + SS316<\/td>\r\n<\/tr>\r\n<tr>\r\n<td>8<\/td>\r\n<td>C\u0131vata<\/td>\r\n<td>ASTM A193 B7<\/td>\r\n<\/tr>\r\n<tr>\r\n<td>9<\/td>\r\n<td>F\u0131nd\u0131k<\/td>\r\n<td>ASTM A194 2H<\/td>\r\n<\/tr>\r\n<tr>\r\n<td>10<\/td>\r\n<td>O-ring<\/td>\r\n<td>Viton A<\/td>\r\n<\/tr>\r\n<tr>\r\n<td>11<\/td>\r\n<td>Motorlu Akt\u00fcat\u00f6r<\/td>\r\n<td>Al\u00fcminyum<\/td>\r\n<\/tr>\r\n<\/tbody>\r\n<\/table>\r\n<\/figure>","protected":false},"excerpt":{"rendered":"<p>K\u00fcresel vanalar, otomasyon ve\/veya uzaktan kontrol i\u00e7in bir elektrikli akt\u00fcat\u00f6rle (motorlu k\u00fcresel vanalar) birle\u015ftirilebilir. Motorlu Ara\u00e7 Nedir? <a title=\"Motorlu K\u00fcresel Vana\" class=\"read-more\" href=\"https:\/\/zecovalve.com\/tr\/urun\/motorized-ball-valve\" aria-label=\"Motorlu K\u00fcresel Vana hakk\u0131nda daha fazlas\u0131\">Daha fazla bilgi edinin<\/a><\/p>","protected":false},"featured_media":27850,"comment_status":"closed","ping_status":"closed","template":"","meta":{"_generate-full-width-content":"","kt_blocks_editor_width":""},"product_cat":[2047,2460,2465],"product_tag":[3295,3293,3869,3255,3291,3868,3294,2766,3292,2727],"class_list":["post-16101","product","type-product","status-publish","has-post-thumbnail","hentry","product_cat-ball-valve","product_cat-ball-valve-by-drive-mode","product_cat-forged-steel-ball-valve","product_tag-ball-valve-electric","product_tag-electric-actuated-ball-valve","product_tag-electric-actuator-ball-valve","product_tag-electric-ball-valve","product_tag-electrical-ball-valve","product_tag-electrically-actuated-ball-valve","product_tag-electronic-ball-valve","product_tag-motorised-valve","product_tag-motorized-ball-valve","product_tag-motorized-valve","sales-flash-overlay","woocommerce-text-align-center","woocommerce-image-align-center","do-quantity-buttons"],"featured_image_src_large":["https:\/\/zecovalve.com\/wp-content\/uploads\/2022\/06\/Motorized-Ball-Valve-1.jpg",800,600,false],"author_info":[],"comment_info":0,"taxonomy_info":{"product_cat":[{"value":2047,"label":"Ball Valve"},{"value":2460,"label":"Ball Valve By Drive Mode"},{"value":2465,"label":"Forged Ball Valve"}],"product_tag":[{"value":3295,"label":"Ball Valve Electric"},{"value":3293,"label":"Electric Actuated Ball Valve"},{"value":3869,"label":"Electric Actuator Ball Valve"},{"value":3255,"label":"Electric Ball Valve"},{"value":3291,"label":"Electrical Ball Valve"},{"value":3868,"label":"Electrically Actuated Ball Valve"},{"value":3294,"label":"Electronic Ball Valve"},{"value":2766,"label":"Motorised Valve"},{"value":3292,"label":"Motorized Ball Valve"},{"value":2727,"label":"Motorized Valve"}]},"yoast_head":"<!-- This site is optimized with the Yoast SEO Premium plugin v15.4 - https:\/\/yoast.com\/wordpress\/plugins\/seo\/ -->\n<title>Motorized Ball Valve - Motorized Ball Valve Supplier | ZECO Valve<\/title>\n<meta name=\"robots\" content=\"index, follow, max-snippet:-1, max-image-preview:large, max-video-preview:-1\" \/>\n<link rel=\"canonical\" href=\"https:\/\/zecovalve.com\/tr\/urun\/motorized-ball-valve\" \/>\n<meta property=\"og:locale\" content=\"tr_TR\" \/>\n<meta property=\"og:type\" content=\"article\" \/>\n<meta property=\"og:title\" content=\"Motorized Ball Valve - Motorized Ball Valve Supplier | ZECO Valve\" \/>\n<meta property=\"og:description\" content=\"Ball valves can be combined with a electric actuator (motorized ball valves) for automation and\/or for controlling remotely. What is an Motorized ... Read more\" \/>\n<meta property=\"og:url\" content=\"https:\/\/zecovalve.com\/tr\/urun\/motorized-ball-valve\" \/>\n<meta property=\"og:site_name\" content=\"ZECO Valve\" \/>\n<meta property=\"article:modified_time\" content=\"2023-06-07T07:01:41+00:00\" \/>\n<meta property=\"og:image\" content=\"https:\/\/zecovalve.com\/wp-content\/uploads\/2022\/06\/Motorized-Ball-Valve-1.jpg\" \/>\n\t<meta property=\"og:image:width\" content=\"800\" \/>\n\t<meta property=\"og:image:height\" content=\"600\" \/>\n<meta name=\"twitter:card\" content=\"summary_large_image\" \/>\n<meta name=\"twitter:label1\" content=\"Yazan:\">\n\t<meta name=\"twitter:data1\" content=\"Jerry\">\n\t<meta name=\"twitter:label2\" content=\"Tahmini okuma s\u00fcresi\">\n\t<meta name=\"twitter:data2\" content=\"3 dakika\">\n<script type=\"application\/ld+json\" class=\"yoast-schema-graph\">{\"@context\":\"https:\/\/schema.org\",\"@graph\":[{\"@type\":\"WebSite\",\"@id\":\"https:\/\/zecovalve.com\/#website\",\"url\":\"https:\/\/zecovalve.com\/\",\"name\":\"ZECO Valve\",\"description\":\"Industrial Ball Valve, Gate Valve and Globe Valve Manufacturer\",\"potentialAction\":[{\"@type\":\"SearchAction\",\"target\":\"https:\/\/zecovalve.com\/?s={search_term_string}\",\"query-input\":\"required name=search_term_string\"}],\"inLanguage\":\"tr\"},{\"@type\":\"ImageObject\",\"@id\":\"https:\/\/zecovalve.com\/product\/motorized-ball-valve#primaryimage\",\"inLanguage\":\"tr\",\"url\":\"https:\/\/zecovalve.com\/wp-content\/uploads\/2022\/06\/Motorized-Ball-Valve-1.jpg\",\"width\":800,\"height\":600,\"caption\":\"Motorized Ball Valve\"},{\"@type\":\"WebPage\",\"@id\":\"https:\/\/zecovalve.com\/product\/motorized-ball-valve#webpage\",\"url\":\"https:\/\/zecovalve.com\/product\/motorized-ball-valve\",\"name\":\"Motorized Ball Valve - Motorized Ball Valve Supplier | ZECO Valve\",\"isPartOf\":{\"@id\":\"https:\/\/zecovalve.com\/#website\"},\"primaryImageOfPage\":{\"@id\":\"https:\/\/zecovalve.com\/product\/motorized-ball-valve#primaryimage\"},\"datePublished\":\"2022-06-19T03:44:20+00:00\",\"dateModified\":\"2023-06-07T07:01:41+00:00\",\"breadcrumb\":{\"@id\":\"https:\/\/zecovalve.com\/product\/motorized-ball-valve#breadcrumb\"},\"inLanguage\":\"tr\",\"potentialAction\":[{\"@type\":\"ReadAction\",\"target\":[\"https:\/\/zecovalve.com\/product\/motorized-ball-valve\"]}]},{\"@type\":\"BreadcrumbList\",\"@id\":\"https:\/\/zecovalve.com\/product\/motorized-ball-valve#breadcrumb\",\"itemListElement\":[{\"@type\":\"ListItem\",\"position\":1,\"item\":{\"@type\":\"WebPage\",\"@id\":\"https:\/\/zecovalve.com\/\",\"url\":\"https:\/\/zecovalve.com\/\",\"name\":\"Home\"}},{\"@type\":\"ListItem\",\"position\":2,\"item\":{\"@type\":\"WebPage\",\"@id\":\"https:\/\/zecovalve.com\/product-category\",\"url\":\"https:\/\/zecovalve.com\/product-category\",\"name\":\"Industrial Valve Manufacturer | Water Valve Manufacturer\"}},{\"@type\":\"ListItem\",\"position\":3,\"item\":{\"@type\":\"WebPage\",\"@id\":\"https:\/\/zecovalve.com\/product\/motorized-ball-valve\",\"url\":\"https:\/\/zecovalve.com\/product\/motorized-ball-valve\",\"name\":\"Motorized Ball Valve\"}}]}]}<\/script>\n<!-- \/ Yoast SEO Premium plugin. -->","_links":{"self":[{"href":"https:\/\/zecovalve.com\/tr\/wp-json\/wp\/v2\/product\/16101","targetHints":{"allow":["GET"]}}],"collection":[{"href":"https:\/\/zecovalve.com\/tr\/wp-json\/wp\/v2\/product"}],"about":[{"href":"https:\/\/zecovalve.com\/tr\/wp-json\/wp\/v2\/types\/product"}],"replies":[{"embeddable":true,"href":"https:\/\/zecovalve.com\/tr\/wp-json\/wp\/v2\/comments?post=16101"}],"wp:featuredmedia":[{"embeddable":true,"href":"https:\/\/zecovalve.com\/tr\/wp-json\/wp\/v2\/media\/27850"}],"wp:attachment":[{"href":"https:\/\/zecovalve.com\/tr\/wp-json\/wp\/v2\/media?parent=16101"}],"wp:term":[{"taxonomy":"product_cat","embeddable":true,"href":"https:\/\/zecovalve.com\/tr\/wp-json\/wp\/v2\/product_cat?post=16101"},{"taxonomy":"product_tag","embeddable":true,"href":"https:\/\/zecovalve.com\/tr\/wp-json\/wp\/v2\/product_tag?post=16101"}],"curies":[{"name":"wp","href":"https:\/\/api.w.org\/{rel}","templated":true}]}}