{"id":16105,"date":"2022-06-19T03:50:30","date_gmt":"2022-06-19T03:50:30","guid":{"rendered":"https:\/\/zecovalve.com\/?post_type=product&#038;p=16105"},"modified":"2023-06-15T13:56:21","modified_gmt":"2023-06-15T13:56:21","slug":"cryogenic-globe-valve","status":"publish","type":"product","link":"https:\/\/zecovalve.com\/tr\/urun\/cryogenic-globe-valve","title":{"rendered":"Kriyojenik Glob Vana"},"content":{"rendered":"<p>Kriyojenik vanalar, ad\u0131ndan da anla\u015f\u0131laca\u011f\u0131 gibi, a\u015f\u0131r\u0131 so\u011fuk uygulamalarda kullan\u0131lan vanalard\u0131r.<\/p>\r\n\r\n\r\n\r\n<figure class=\"wp-block-image alignnone size-medium wp-image-16107\">\r\n<p><img loading=\"lazy\" decoding=\"async\" class=\"wp-image-27903 size-medium\" src=\"https:\/\/zecovalve.com\/wp-content\/uploads\/2022\/06\/Cryogenic-Globe-Valve-1-300x225.jpg\" alt=\"Kriyojenik Glob Vana\" width=\"300\" height=\"225\" srcset=\"https:\/\/zecovalve.com\/wp-content\/uploads\/2022\/06\/Cryogenic-Globe-Valve-1-300x225.jpg 300w, https:\/\/zecovalve.com\/wp-content\/uploads\/2022\/06\/Cryogenic-Globe-Valve-1-768x576.jpg 768w, https:\/\/zecovalve.com\/wp-content\/uploads\/2022\/06\/Cryogenic-Globe-Valve-1-600x450.jpg 600w, https:\/\/zecovalve.com\/wp-content\/uploads\/2022\/06\/Cryogenic-Globe-Valve-1.jpg 800w\" sizes=\"auto, (max-width: 300px) 100vw, 300px\" \/><\/p>\r\n<\/figure>\r\n\r\n\r\n<div class=\"gb-button-wrapper gb-button-wrapper-6d8495a3\">\r\n\r\n\r\n<p><a class=\"gb-button gb-button-3d442e11 gb-button-text\" href=\"https:\/\/zecovalve.com\/tr\/contact\/\" target=\"_blank\" rel=\"noopener noreferrer\"><strong>KRIYOJENIK GLOB VANA FIYATI ALIN<\/strong><\/a><\/p>\r\n<\/div>\r\n\r\n\r\n\r\n\r\n<h2 class=\"wp-block-heading\">Kriyojenik Valf Nedir?<\/h2>\r\n\r\n\r\n\r\n<p>Kriyojenik vanalar \u00e7ok so\u011fuk uygulamalarda kullan\u0131lmak \u00fczere tasarlanm\u0131\u015ft\u0131r.<\/p>\r\n\r\n\r\n\r\n<p>Kriyojenik valfler, bu t\u00fcr kriyojenik gazlar\u0131n g\u00fcvenli ve verimli bir \u015fekilde ta\u015f\u0131nmas\u0131na ve depolanmas\u0131na yard\u0131mc\u0131 olmak i\u00e7in \u00fcretilmi\u015ftir.<\/p>\r\n\r\n\r\n\r\n<h2 class=\"wp-block-heading\">Kriyojenik Valfler nas\u0131l \u00e7al\u0131\u015f\u0131r?<\/h2>\r\n\r\n\r\n\r\n<p>Kriyojenik valfler, kriyojenik gazlar\u0131 veya di\u011fer ortamlar\u0131 g\u00fcvenli ve emniyetli bir \u015fekilde tutmak i\u00e7in do\u011fal kapal\u0131 konumda tutulur. Kriyojenik bir vana genellikle gaz\u0131n veya di\u011fer ortam\u0131n kolayca akmas\u0131na izin vermek i\u00e7in vanay\u0131 a\u00e7\u0131k konuma iten y\u00fcksek bas\u0131nca tepki verecek \u015fekilde tasarlanm\u0131\u015ft\u0131r. Bu a\u00e7\u0131k ak\u0131\u015f, bas\u0131n\u00e7 tekrar d\u00fc\u015fene kadar devam edecek ve bu noktada herhangi bir s\u0131z\u0131nt\u0131y\u0131 \u00f6nlemek i\u00e7in \u00f6zel bir metal yuval\u0131 kabarc\u0131k ge\u00e7irmez kapatma ile s\u0131zd\u0131rmaz hale gelecektir.<\/p>\r\n\r\n\r\n\r\n<h2 class=\"wp-block-heading\" id=\"h-applications-of-cryogenic-valves\">Kriyojenik Valf Uygulamalar\u0131<\/h2>\r\n\r\n\r\n\r\n<ul class=\"wp-block-list\">\r\n<li>LNG (S\u0131v\u0131la\u015ft\u0131r\u0131lm\u0131\u015f Do\u011fal Gaz): LNG S\u0131v\u0131la\u015ft\u0131rma tesisleri, Terminal<\/li>\r\n<li>Etilen Tesisleri<\/li>\r\n<li>End\u00fcstriyel d\u00fc\u015f\u00fck s\u0131cakl\u0131k gazlar\u0131 tesisi<\/li>\r\n<\/ul>\r\n\r\n\r\n\r\n<h2 class=\"wp-block-heading\" id=\"h-what-is-a-cryogenic-globe-valve\">Kriyojenik Glob Vana Nedir?<\/h2>\r\n\r\n\r\n\r\n<p>ZECO kriyojenik k\u00fcresel vana, d\u00fc\u015f\u00fck s\u0131cakl\u0131k ve kararl\u0131 \u00e7al\u0131\u015fma ko\u015fullar\u0131nda d\u00fc\u015f\u00fck s\u0131cakl\u0131kta -196 \u2103 ultra d\u00fc\u015f\u00fck torkta mevcuttur ve d\u00fc\u015f\u00fck s\u0131cakl\u0131k malzemelerinin s\u0131zd\u0131rmazl\u0131k malzemesini do\u011frulam\u0131\u015ft\u0131r ve ayr\u0131ca ZECO kriyojenik k\u00fcresel vanan\u0131n a\u015f\u0131r\u0131 durumlarda, iyi s\u0131zd\u0131rmazl\u0131k performans\u0131nda ve uzun hizmet \u00f6mr\u00fcnde olmas\u0131n\u0131 sa\u011flar ve ZECO, kriyojenik k\u00fcresel vanan\u0131n profesyonel bir ihracat\u00e7\u0131s\u0131d\u0131r, \u00fcr\u00fcnler LNG, LPG ve di\u011fer end\u00fcstriyel ko\u015fullarda d\u00fc\u015f\u00fck s\u0131cakl\u0131kta yayg\u0131n olarak kullan\u0131lmaktad\u0131r. Kriyojenik k\u00fcresel vana depolamas\u0131 da \u00e7ok \u00f6nemlidir, Vanalar\u0131 depolamak i\u00e7in birka\u00e7 hafta veya ay istiyorsan\u0131z, orijinal depolama ko\u015fullar\u0131n\u0131 iyile\u015ftirmek i\u00e7in maliyete ihtiyac\u0131n\u0131z vard\u0131r. Valf genellikle i\u00e7 mekanda depolan\u0131r, valflerin ger\u00e7ek s\u0131cakl\u0131\u011f\u0131n\u0131n \u00e7i\u011flenme noktas\u0131 s\u0131cakl\u0131\u011f\u0131ndan daha y\u00fcksek olmas\u0131n\u0131 sa\u011flar. Vanalar\u0131n d\u0131\u015far\u0131da depolanmas\u0131 gerekiyorsa, desteklenmeli, zeminle temas etmemeli ve \u00f6nlemek i\u00e7in su ge\u00e7irmez kapak kullan\u0131lmal\u0131d\u0131r.<\/p>\r\n\r\n\r\n\r\n<h2 class=\"wp-block-heading\" id=\"h-features-of-cryogenic-globe-valve\">Kriyojenik Glob Vana \u00d6zellikleri:<\/h2>\r\n\r\n\r\n\r\n<ul class=\"wp-block-list\">\r\n<li>ZECO kriyojenik glob vanan\u0131n tapa oturma y\u00fczeyi standart disk tasar\u0131m\u0131n\u0131n yan\u0131 s\u0131ra k\u00fcresel, parabol veya d\u00fcz oturma y\u00fczeyi m\u00fc\u015fteri talebi \u00fczerine iste\u011fe ba\u011fl\u0131d\u0131r;<\/li>\r\n<li>Orta ve d\u00fc\u015f\u00fck bas\u0131n\u00e7l\u0131 boru hatlar\u0131 flan\u015f ba\u011flant\u0131s\u0131 ile iyi bir \u015fekilde ba\u011flan\u0131p s\u0131zd\u0131rmaz hale getirilebildi\u011finden, 600 lb'nin alt\u0131ndaki ZECO kriyojenik glob vanalar genellikle flan\u015f ba\u011flant\u0131s\u0131 ile ba\u011flan\u0131rken, 600 lb'nin \u00fczerinde genellikle y\u00fcksek bas\u0131n\u00e7 nedeniyle vanay\u0131 boru hatt\u0131na daha iyi ba\u011flamak i\u00e7in RTJ ba\u011flant\u0131s\u0131 ile ba\u011flan\u0131r;<\/li>\r\n<li>Salmastra kutusunu d\u00fc\u015f\u00fck s\u0131cakl\u0131ktaki ortamdan uzak tutmak ve s\u0131zd\u0131rmazl\u0131k performans\u0131n\u0131 etkileyen uzun s\u00fcreli temas hasar\u0131n\u0131 \u00f6nlemek i\u00e7in, ZECO kriyojenik glob vanan\u0131n g\u00f6vdesi, salmastran\u0131n daha uzun s\u00fcre dayanmas\u0131n\u0131 sa\u011flamak i\u00e7in uzat\u0131lm\u0131\u015ft\u0131r;<\/li>\r\n<li>ZECO kriyojenik glob vanan\u0131n g\u00f6vdesi patlamaya kar\u015f\u0131 tasarlanm\u0131\u015ft\u0131r.<\/li>\r\n<\/ul>\r\n\r\n\r\n\r\n<h2 class=\"wp-block-heading\" id=\"h-material-of-cryogenic-globe-valve\">Kriyojenik Glob Vana Malzemesi:<\/h2>\r\n\r\n\r\n\r\n<figure class=\"wp-block-table\">\r\n<table>\r\n<tbody>\r\n<tr>\r\n<td>Hay\u0131r<\/td>\r\n<td>Par\u00e7a<\/td>\r\n<td>Malzeme<\/td>\r\n<\/tr>\r\n<tr>\r\n<td>1<\/td>\r\n<td>V\u00fccut<\/td>\r\n<td>ASTM A352 LCC<\/td>\r\n<\/tr>\r\n<tr>\r\n<td>2<\/td>\r\n<td>Disk<\/td>\r\n<td>ASTM A182 F316<\/td>\r\n<\/tr>\r\n<tr>\r\n<td>3<\/td>\r\n<td>K\u00f6k<\/td>\r\n<td>ASTM A276 316<\/td>\r\n<\/tr>\r\n<tr>\r\n<td>4<\/td>\r\n<td>Kaput Contas\u0131<\/td>\r\n<td>Grafit + SS316<\/td>\r\n<\/tr>\r\n<tr>\r\n<td>5<\/td>\r\n<td>Bone<\/td>\r\n<td>ASTM A352 LCC<\/td>\r\n<\/tr>\r\n<tr>\r\n<td>6<\/td>\r\n<td>Kaput C\u0131vatas\u0131<\/td>\r\n<td>ASTM A320 L7M<\/td>\r\n<\/tr>\r\n<tr>\r\n<td>7<\/td>\r\n<td>Kaput Somunu<\/td>\r\n<td>ASTM A194 7M<\/td>\r\n<\/tr>\r\n<tr>\r\n<td>8<\/td>\r\n<td>K\u00f6k Ambalaj<\/td>\r\n<td>G\u00fc\u00e7lendirilmi\u015f Grafit<\/td>\r\n<\/tr>\r\n<tr>\r\n<td>9<\/td>\r\n<td>Bez<\/td>\r\n<td>ASTM A276 316<\/td>\r\n<\/tr>\r\n<tr>\r\n<td>10<\/td>\r\n<td>Bezi G\u00f6zl\u00fc C\u0131vata<\/td>\r\n<td>ASTM A320 L7M<\/td>\r\n<\/tr>\r\n<tr>\r\n<td>11<\/td>\r\n<td>K\u00f6k Somun<\/td>\r\n<td>ASTM B148<\/td>\r\n<\/tr>\r\n<\/tbody>\r\n<\/table>\r\n<\/figure>","protected":false},"excerpt":{"rendered":"<p>Kriyojenik vanalar ad\u0131ndan da anla\u015f\u0131laca\u011f\u0131 \u00fczere a\u015f\u0131r\u0131 so\u011fuk uygulamalarda kullan\u0131lan vanalard\u0131r. Kriyojenik Valf Nedir? Kriyojenik vanalar\u2026 <a title=\"Kriyojenik Glob Vana\" class=\"read-more\" href=\"https:\/\/zecovalve.com\/tr\/urun\/cryogenic-globe-valve\" aria-label=\"Kriyojenik Glob Vana hakk\u0131nda daha fazla bilgi\">Daha fazla bilgi edinin<\/a><\/p>","protected":false},"featured_media":27903,"comment_status":"closed","ping_status":"closed","template":"","meta":{"_generate-full-width-content":"","kt_blocks_editor_width":""},"product_cat":[2457,2049],"product_tag":[3988,3989],"class_list":["post-16105","product","type-product","status-publish","has-post-thumbnail","hentry","product_cat-gate-valve-by-drive-mode","product_cat-globe-valve","product_tag-wholesale-abs-double-union-ball-check-valve-factory","product_tag-wholesale-abs-double-union-ball-check-valve-suppliers","sales-flash-overlay","woocommerce-text-align-center","woocommerce-image-align-center","do-quantity-buttons"],"featured_image_src_large":["https:\/\/zecovalve.com\/wp-content\/uploads\/2022\/06\/Cryogenic-Globe-Valve-1.jpg",800,600,false],"author_info":[],"comment_info":0,"taxonomy_info":{"product_cat":[{"value":2457,"label":"Gate Valve with Actuator"},{"value":2049,"label":"Globe Valve"}],"product_tag":[{"value":3988,"label":"wholesale abs double union ball check valve factory"},{"value":3989,"label":"wholesale abs double union ball check valve suppliers"}]},"yoast_head":"<!-- This site is optimized with the Yoast SEO Premium plugin v15.4 - https:\/\/yoast.com\/wordpress\/plugins\/seo\/ -->\n<title>Cryogenic Globe Valve - Cryogenic Valve Manufacturer | ZECO Valve<\/title>\n<meta name=\"robots\" content=\"index, follow, max-snippet:-1, max-image-preview:large, max-video-preview:-1\" \/>\n<link rel=\"canonical\" href=\"https:\/\/zecovalve.com\/tr\/urun\/cryogenic-globe-valve\" \/>\n<meta property=\"og:locale\" content=\"tr_TR\" \/>\n<meta property=\"og:type\" content=\"article\" \/>\n<meta property=\"og:title\" content=\"Cryogenic Globe Valve - Cryogenic Valve Manufacturer | ZECO Valve\" \/>\n<meta property=\"og:description\" content=\"Cryogenic valves, as the name indicates, are valves that are used in extremely cold applications. What is a Cryogenic Valve? Cryogenic valves ... Read more\" \/>\n<meta property=\"og:url\" content=\"https:\/\/zecovalve.com\/tr\/urun\/cryogenic-globe-valve\" \/>\n<meta property=\"og:site_name\" content=\"ZECO Valve\" \/>\n<meta property=\"article:modified_time\" content=\"2023-06-15T13:56:21+00:00\" \/>\n<meta property=\"og:image\" content=\"https:\/\/zecovalve.com\/wp-content\/uploads\/2022\/06\/Cryogenic-Globe-Valve-1.jpg\" \/>\n\t<meta property=\"og:image:width\" content=\"800\" \/>\n\t<meta property=\"og:image:height\" content=\"600\" \/>\n<meta name=\"twitter:card\" content=\"summary_large_image\" \/>\n<meta name=\"twitter:label1\" content=\"Yazan:\">\n\t<meta name=\"twitter:data1\" content=\"Jerry\">\n\t<meta name=\"twitter:label2\" content=\"Tahmini okuma s\u00fcresi\">\n\t<meta name=\"twitter:data2\" content=\"2 dakika\">\n<script type=\"application\/ld+json\" class=\"yoast-schema-graph\">{\"@context\":\"https:\/\/schema.org\",\"@graph\":[{\"@type\":\"WebSite\",\"@id\":\"https:\/\/zecovalve.com\/#website\",\"url\":\"https:\/\/zecovalve.com\/\",\"name\":\"ZECO Valve\",\"description\":\"Industrial Ball Valve, Gate Valve and Globe Valve Manufacturer\",\"potentialAction\":[{\"@type\":\"SearchAction\",\"target\":\"https:\/\/zecovalve.com\/?s={search_term_string}\",\"query-input\":\"required name=search_term_string\"}],\"inLanguage\":\"tr\"},{\"@type\":\"ImageObject\",\"@id\":\"https:\/\/zecovalve.com\/product\/cryogenic-globe-valve#primaryimage\",\"inLanguage\":\"tr\",\"url\":\"https:\/\/zecovalve.com\/wp-content\/uploads\/2022\/06\/Cryogenic-Globe-Valve-1.jpg\",\"width\":800,\"height\":600,\"caption\":\"Cryogenic Globe Valve\"},{\"@type\":\"WebPage\",\"@id\":\"https:\/\/zecovalve.com\/product\/cryogenic-globe-valve#webpage\",\"url\":\"https:\/\/zecovalve.com\/product\/cryogenic-globe-valve\",\"name\":\"Cryogenic Globe Valve - Cryogenic Valve Manufacturer | ZECO Valve\",\"isPartOf\":{\"@id\":\"https:\/\/zecovalve.com\/#website\"},\"primaryImageOfPage\":{\"@id\":\"https:\/\/zecovalve.com\/product\/cryogenic-globe-valve#primaryimage\"},\"datePublished\":\"2022-06-19T03:50:30+00:00\",\"dateModified\":\"2023-06-15T13:56:21+00:00\",\"breadcrumb\":{\"@id\":\"https:\/\/zecovalve.com\/product\/cryogenic-globe-valve#breadcrumb\"},\"inLanguage\":\"tr\",\"potentialAction\":[{\"@type\":\"ReadAction\",\"target\":[\"https:\/\/zecovalve.com\/product\/cryogenic-globe-valve\"]}]},{\"@type\":\"BreadcrumbList\",\"@id\":\"https:\/\/zecovalve.com\/product\/cryogenic-globe-valve#breadcrumb\",\"itemListElement\":[{\"@type\":\"ListItem\",\"position\":1,\"item\":{\"@type\":\"WebPage\",\"@id\":\"https:\/\/zecovalve.com\/\",\"url\":\"https:\/\/zecovalve.com\/\",\"name\":\"Home\"}},{\"@type\":\"ListItem\",\"position\":2,\"item\":{\"@type\":\"WebPage\",\"@id\":\"https:\/\/zecovalve.com\/product-category\",\"url\":\"https:\/\/zecovalve.com\/product-category\",\"name\":\"Industrial Valve Manufacturer | Water Valve Manufacturer\"}},{\"@type\":\"ListItem\",\"position\":3,\"item\":{\"@type\":\"WebPage\",\"@id\":\"https:\/\/zecovalve.com\/product\/cryogenic-globe-valve\",\"url\":\"https:\/\/zecovalve.com\/product\/cryogenic-globe-valve\",\"name\":\"Cryogenic Globe Valve\"}}]}]}<\/script>\n<!-- \/ Yoast SEO Premium plugin. -->","_links":{"self":[{"href":"https:\/\/zecovalve.com\/tr\/wp-json\/wp\/v2\/product\/16105","targetHints":{"allow":["GET"]}}],"collection":[{"href":"https:\/\/zecovalve.com\/tr\/wp-json\/wp\/v2\/product"}],"about":[{"href":"https:\/\/zecovalve.com\/tr\/wp-json\/wp\/v2\/types\/product"}],"replies":[{"embeddable":true,"href":"https:\/\/zecovalve.com\/tr\/wp-json\/wp\/v2\/comments?post=16105"}],"wp:featuredmedia":[{"embeddable":true,"href":"https:\/\/zecovalve.com\/tr\/wp-json\/wp\/v2\/media\/27903"}],"wp:attachment":[{"href":"https:\/\/zecovalve.com\/tr\/wp-json\/wp\/v2\/media?parent=16105"}],"wp:term":[{"taxonomy":"product_cat","embeddable":true,"href":"https:\/\/zecovalve.com\/tr\/wp-json\/wp\/v2\/product_cat?post=16105"},{"taxonomy":"product_tag","embeddable":true,"href":"https:\/\/zecovalve.com\/tr\/wp-json\/wp\/v2\/product_tag?post=16105"}],"curies":[{"name":"wp","href":"https:\/\/api.w.org\/{rel}","templated":true}]}}