{"id":16108,"date":"2022-06-19T03:52:47","date_gmt":"2022-06-19T03:52:47","guid":{"rendered":"https:\/\/zecovalve.com\/?post_type=product&#038;p=16108"},"modified":"2023-06-15T13:57:03","modified_gmt":"2023-06-15T13:57:03","slug":"cast-steel-globe-valve","status":"publish","type":"product","link":"https:\/\/zecovalve.com\/tr\/urun\/cast-steel-globe-valve","title":{"rendered":"\u00c7elik D\u00f6k\u00fcm Glob Vana"},"content":{"rendered":"<p>ZECO \u00e7elik d\u00f6k\u00fcm glob vana zorlamal\u0131 s\u0131zd\u0131rmaz vanad\u0131r, vana kapanmas\u0131, s\u0131zd\u0131rmazl\u0131k y\u00fczeyinin s\u0131z\u0131nt\u0131 yapmamas\u0131 i\u00e7in disk bas\u0131nc\u0131na uygulanmal\u0131d\u0131r.<\/p>\r\n\r\n\r\n\r\n<figure class=\"wp-block-image alignnone size-medium wp-image-16109\">\r\n<p><img loading=\"lazy\" decoding=\"async\" class=\"wp-image-27904 size-medium\" src=\"https:\/\/zecovalve.com\/wp-content\/uploads\/2022\/06\/Cast-Steel-Globe-Valve-1-300x225.jpg\" alt=\"\u00c7elik D\u00f6k\u00fcm Glob Vana\" width=\"300\" height=\"225\" srcset=\"https:\/\/zecovalve.com\/wp-content\/uploads\/2022\/06\/Cast-Steel-Globe-Valve-1-300x225.jpg 300w, https:\/\/zecovalve.com\/wp-content\/uploads\/2022\/06\/Cast-Steel-Globe-Valve-1-768x576.jpg 768w, https:\/\/zecovalve.com\/wp-content\/uploads\/2022\/06\/Cast-Steel-Globe-Valve-1-600x450.jpg 600w, https:\/\/zecovalve.com\/wp-content\/uploads\/2022\/06\/Cast-Steel-Globe-Valve-1.jpg 800w\" sizes=\"auto, (max-width: 300px) 100vw, 300px\" \/><\/p>\r\n<\/figure>\r\n\r\n\r\n<div class=\"gb-button-wrapper gb-button-wrapper-6d8495a3\">\r\n\r\n\r\n<p><a class=\"gb-button gb-button-3d442e11 gb-button-text\" href=\"https:\/\/zecovalve.com\/tr\/contact\/\" target=\"_blank\" rel=\"noopener noreferrer\"><strong>\u00c7ELIK D\u00d6K\u00dcM GLOB VANA FIYATI ALIN<\/strong><\/a><\/p>\r\n<\/div>\r\n\r\n\r\n\r\n\r\n<h2 class=\"wp-block-heading\" id=\"h-what-is-a-cast-steel-globe-valve\">D\u00f6kme \u00c7elik Glob Vana Nedir?<\/h2>\r\n\r\n\r\n\r\n<p>D\u00f6kme \u00e7elik glob vanalar esas olarak y\u00fcksek bas\u0131n\u00e7l\u0131 ve k\u00fc\u00e7\u00fck boyutlu durumlar i\u00e7in kullan\u0131l\u0131r, i\u015flevi boru ortam\u0131n\u0131 ba\u011flamak veya kesmektir.<\/p>\r\n\r\n\r\n\r\n<p>D\u00f6kme \u00c7elik Glob Vanalar, 100 ppm'den (milyonda bir par\u00e7a) daha az u\u00e7ucu organik bile\u015fik s\u0131z\u0131nt\u0131s\u0131 sa\u011flayacak \u015fekilde tasarlanm\u0131\u015f ve \u00fcretilmi\u015ftir.<\/p>\r\n\r\n\r\n\r\n<p>A\u00e7ma ve kapama s\u0131ras\u0131nda, do\u011frusal hareket i\u00e7in milin mil etraf\u0131nda b\u00fck\u00fclmesi; s\u0131zd\u0131rmazl\u0131k y\u00fczeyleri aras\u0131nda neredeyse hi\u00e7 s\u00fcrt\u00fcnme yoktur ve a\u00e7\u0131k y\u00fckseklik k\u00fc\u00e7\u00fckt\u00fcr (Teorik olarak, a\u00e7\u0131kl\u0131\u011f\u0131n y\u00fcksekli\u011fi 1 \/ 4 Koltuk \u00c7ap\u0131d\u0131r), bu nedenle vanan\u0131n toplam y\u00fcksekli\u011fi nispeten k\u00fc\u00e7\u00fckt\u00fcr. Dezavantaj\u0131, vanan\u0131n yap\u0131sal nedenlerinden kaynaklanmaktad\u0131r, b\u00f6ylece ak\u0131\u015f direnci ve a\u00e7ma ve kapama torku biraz b\u00fcy\u00fckt\u00fcr, orta ak\u0131\u015f y\u00f6n\u00fc gereklidir (genellikle d\u00fc\u015f\u00fckten y\u00fckse\u011fe). Bas\u0131n\u00e7 ve s\u0131cakl\u0131k aral\u0131\u011f\u0131 glob vanan\u0131n geni\u015f uygulama alan\u0131d\u0131r, ancak genellikle orta ve k\u00fc\u00e7\u00fck boyutlu borular i\u00e7in kullan\u0131l\u0131r.<\/p>\r\n\r\n\r\n\r\n<h2 class=\"wp-block-heading\">D\u00f6kme \u00c7elik Glob Vana nas\u0131l \u00e7al\u0131\u015f\u0131r?<\/h2>\r\n\r\n\r\n\r\n<p>Ortam, vana g\u00f6vdesine diskin alt\u0131ndan girdi\u011finde, \u00e7al\u0131\u015fma kuvvetinin \u00fcstesinden gelmesi gereken diren\u00e7, mil ile salmastra aras\u0131ndaki s\u00fcrt\u00fcnme kuvveti ve ortam\u0131n bas\u0131nc\u0131 taraf\u0131ndan \u00fcretilen itme kuvvetidir, bu nedenle vana saplar\u0131n\u0131n \u00e7ap\u0131n\u0131n b\u00fcy\u00fck olmas\u0131, vana sap\u0131n\u0131n b\u00fck\u00fclmesi meydana gelecektir. Glob vanalar\u0131n g\u00f6vdeleri, s\u00fcrg\u00fcl\u00fc vanalarla ayn\u0131 \u00f6zellikler g\u00f6z \u00f6n\u00fcnde bulundurularak tasarlan\u0131r, bu durumda diskin titre\u015fimleri \u00f6nlemek ve daha iyi bir oturma sa\u011flamak i\u00e7in daha b\u00fcy\u00fck vana boyutlar\u0131nda veya y\u00fcksek bas\u0131n\u00e7 hizmetinde y\u00f6nlendirildi\u011fi anlam\u0131na gelir.<\/p>\r\n\r\n\r\n\r\n<h2 class=\"wp-block-heading\" id=\"h-features-of-cast-steel-globe-valves\">D\u00f6kme \u00c7elik Glob Vanalar\u0131n \u00d6zellikleri<\/h2>\r\n\r\n\r\n\r\n<ul class=\"wp-block-list\">\r\n<li>ZECO \u00e7elik d\u00f6k\u00fcm glob vana, bak\u0131m s\u0131ras\u0131nda salmastran\u0131n de\u011fi\u015ftirilmesi gerekti\u011finde vana g\u00f6vdesinin bak\u0131m personeli taraf\u0131ndan hasar g\u00f6rmesini \u00f6nlemek i\u00e7in patlama \u00f6nleyici g\u00f6vde ile tasarlanm\u0131\u015ft\u0131r;<\/li>\r\n<li>ZECO d\u00f6kme \u00e7elik glob vanan\u0131n tapa oturma y\u00fczeyi k\u00fcresel, parabol veya d\u00fcz veya m\u00fc\u015fteri iste\u011fine ba\u011fl\u0131 olarak di\u011fer iste\u011fe ba\u011fl\u0131 olarak tasarlanabilir;<\/li>\r\n<li>ZECO \u00e7elik d\u00f6k\u00fcm glob vanan\u0131n salmastra halkalar\u0131, salmastra bak\u0131m\u0131n\u0131 kolayla\u015ft\u0131rmak i\u00e7in yana sal\u0131nacak \u015fekilde monte edilmi\u015ftir;<\/li>\r\n<li>ZECO d\u00f6kme \u00e7elik k\u00fcresel vanan\u0131n s\u0131zd\u0131rmazl\u0131k y\u00fczeyinin a\u015f\u0131nmas\u0131 ve a\u015f\u0131nmas\u0131 zordur, iyi s\u0131zd\u0131rmazl\u0131k performans\u0131, a\u00e7\u0131l\u0131p kapan\u0131rken Piston ve yatak s\u0131zd\u0131rmazl\u0131k y\u00fczeyi aras\u0131nda g\u00f6receli bir kayma yoktu, bu nedenle a\u015f\u0131nma ve a\u015f\u0131nma ciddi de\u011fildir, iyi s\u0131zd\u0131rmazl\u0131k performans\u0131, uzun \u00f6m\u00fcr.<\/li>\r\n<li>T\u00fcrb\u00fclans\u0131 ve ak\u0131\u015f kay\u0131plar\u0131n\u0131 en aza indiren iyi tasarlanm\u0131\u015f g\u00f6vdeler;<\/li>\r\n<li>Arka oturma d\u00fczeni, Vana tam a\u00e7\u0131k konumdayken salmastran\u0131n de\u011fi\u015ftirilmesine izin verir ve iki farkl\u0131 disk tasar\u0131m\u0131nda mevcuttur ON \/ OFF tipi ve Ak\u0131\u015f kontrol tipi;<\/li>\r\n<li>Sorunsuz performans sa\u011flamak i\u00e7in, oturma y\u00fczeyleri hassas bir \u015fekilde i\u015flenmi\u015f ve m\u00fckemmel bir \u015fekilde al\u0131\u015ft\u0131r\u0131lm\u0131\u015ft\u0131r;<\/li>\r\n<li>Opsiyonel Kilitleme Cihaz\u0131 veya K\u00f6k Uzatma Bas\u0131n\u00e7 s\u0131zd\u0131rmazl\u0131k ba\u015fl\u0131\u011f\u0131;<\/li>\r\n<li>\u0130ste\u011fe Ba\u011fl\u0131 ISO 5211'e Do\u011frudan Montaj.<\/li>\r\n<\/ul>\r\n\r\n\r\n\r\n<h2 class=\"wp-block-heading\" id=\"h-product-range-of-cast-steel-globe-valves\">D\u00f6kme \u00c7elik Glob Vanalar\u0131n \u00dcr\u00fcn Yelpazesi<\/h2>\r\n\r\n\r\n\r\n<ul class=\"wp-block-list\">\r\n<li><span style=\"background-color: var(--base-3); color: var(--contrast);\">Nominal \u00e7ap: 1\/2\u2033\uff5e24\u2033<\/span><\/li>\r\n<li>Bas\u0131n\u00e7 aral\u0131\u011f\u0131: S\u0131n\u0131f150\uff5e2500<\/li>\r\n<li>U\u00e7 ba\u011flant\u0131s\u0131: Uluslararas\u0131 standartlara uygun flan\u015fl\u0131 (FF, RF, RTJ)<\/li>\r\n<li>\u00c7al\u0131\u015fma s\u0131cakl\u0131\u011f\u0131: -29 \u2103 \uff5e 425 \u2103<\/li>\r\n<li>OS&amp;Y, D\u0131\u015f G\u00f6vde ve Boyunduruk<\/li>\r\n<li>Metal s\u0131zd\u0131rmaz (API Trim # 1, #5, #8, #10 ve benzeri)<\/li>\r\n<li>Liman\u0131 Azalt\u0131n<\/li>\r\n<li>Operasyon: El \u00c7ark\u0131, Di\u015fli Kutusu, Elektrikli Akt\u00fcat\u00f6r, vb.<\/li>\r\n<li>Opsiyonel Kilitleme Cihaz\u0131 veya G\u00f6vde Uzatma<\/li>\r\n<li>\u0130ste\u011fe Ba\u011fl\u0131 ISO 5211'e Do\u011frudan Montaj<\/li>\r\n<\/ul>\r\n\r\n\r\n\r\n<h2 class=\"wp-block-heading\" id=\"h-material-of-cast-steel-globe-valves\">D\u00f6kme \u00c7elik Glob Vanalar\u0131n Malzemesi<\/h2>\r\n\r\n\r\n\r\n<figure class=\"wp-block-table is-style-stripes\">\r\n<table>\r\n<tbody>\r\n<tr>\r\n<td>Hay\u0131r<\/td>\r\n<td>Par\u00e7a<\/td>\r\n<td>Malzeme<\/td>\r\n<\/tr>\r\n<tr>\r\n<td>1<\/td>\r\n<td>V\u00fccut<\/td>\r\n<td>ASTM A216 WCB + 13Cr<\/td>\r\n<\/tr>\r\n<tr>\r\n<td>2<\/td>\r\n<td>Disk<\/td>\r\n<td>ASTM A105 + 13Cr<\/td>\r\n<\/tr>\r\n<tr>\r\n<td>3<\/td>\r\n<td>K\u00f6k<\/td>\r\n<td>ASTM A276 410<\/td>\r\n<\/tr>\r\n<tr>\r\n<td>4<\/td>\r\n<td>Kaput Contas\u0131<\/td>\r\n<td>Grafit + SS304<\/td>\r\n<\/tr>\r\n<tr>\r\n<td>5<\/td>\r\n<td>Bone<\/td>\r\n<td>ASTM A216 WCB<\/td>\r\n<\/tr>\r\n<tr>\r\n<td>6<\/td>\r\n<td>Kaput C\u0131vatas\u0131<\/td>\r\n<td>ASTM A193 B7<\/td>\r\n<\/tr>\r\n<tr>\r\n<td>7<\/td>\r\n<td>Kaput Somunu<\/td>\r\n<td>ASTM A194 2H<\/td>\r\n<\/tr>\r\n<tr>\r\n<td>8<\/td>\r\n<td>K\u00f6k Ambalaj<\/td>\r\n<td>G\u00fc\u00e7lendirilmi\u015f Grafit<\/td>\r\n<\/tr>\r\n<tr>\r\n<td>9<\/td>\r\n<td>Bez<\/td>\r\n<td>ASTM A276 410<\/td>\r\n<\/tr>\r\n<tr>\r\n<td>10<\/td>\r\n<td>Bezi G\u00f6zl\u00fc C\u0131vata<\/td>\r\n<td>ASTM A193 B7<\/td>\r\n<\/tr>\r\n<tr>\r\n<td>11<\/td>\r\n<td>K\u00f6k Somun<\/td>\r\n<td>ASTM B148<\/td>\r\n<\/tr>\r\n<\/tbody>\r\n<\/table>\r\n<h2>D\u00f6kme \u00c7elik Glob Vana Sat\u0131n Alma Hakk\u0131nda Detaylar<\/h2>\r\n<\/figure>\r\n\r\n\r\n\r\n<figure class=\"wp-block-table is-style-stripes\">\r\n<table>\r\n<tbody>\r\n<tr>\r\n<td>Glob Vana \u00dcreticisi<\/td>\r\n<td>ZECO<\/td>\r\n<\/tr>\r\n<tr>\r\n<td>Valf Tipi<\/td>\r\n<td>\u00c7elik D\u00f6k\u00fcm Glob Vana<\/td>\r\n<\/tr>\r\n<tr>\r\n<td>Valf Malzemesi<\/td>\r\n<td>D\u00f6kme \u00e7elik vb.<\/td>\r\n<\/tr>\r\n<tr>\r\n<td>Valf Testi<\/td>\r\n<td>100% miktar\u0131 teslimattan \u00f6nce test edilmi\u015ftir<\/td>\r\n<\/tr>\r\n<tr>\r\n<td>Valf Garantisi<\/td>\r\n<td>Fabrika \u00e7\u0131k\u0131\u015fl\u0131 sevkiyat tarihinden itibaren 18 ay veya emtia kurulum tarihinden itibaren 12 ay.<\/td>\r\n<\/tr>\r\n<tr>\r\n<td>Valf Boyama<\/td>\r\n<td>M\u00fc\u015fteri talebi<\/td>\r\n<\/tr>\r\n<tr>\r\n<td>Valf Paketi<\/td>\r\n<td>Tahta sand\u0131k<\/td>\r\n<\/tr>\r\n<tr>\r\n<td>ADEDI<\/td>\r\n<td>Gereklilik yok<\/td>\r\n<\/tr>\r\n<tr>\r\n<td>Valf Sertifikas\u0131<\/td>\r\n<td>API 623, BS1873, ASME B16.34 veya e\u015fde\u011ferleri<\/td>\r\n<\/tr>\r\n<tr>\r\n<td>Teslimat Detay\u0131<\/td>\r\n<td>\u00d6deme yap\u0131ld\u0131ktan sonra 4 veya 6 hafta i\u00e7inde g\u00f6nderilir<\/td>\r\n<\/tr>\r\n<tr>\r\n<td>Liman<\/td>\r\n<td>\u015eANGHAY<\/td>\r\n<\/tr>\r\n<tr>\r\n<td>\u00d6deme Ko\u015fullar\u0131<\/td>\r\n<td>L\/C, D\/A, D\/P, T\/T<\/td>\r\n<\/tr>\r\n<tr>\r\n<td>Sunulan Sertifika<\/td>\r\n<td>Paketleme Listesi, Ticari Fatura, Test Raporlar\u0131 ve Malzeme Sertifikalar\u0131, Kalite ve Miktar Sertifikas\u0131, Sat\u0131c\u0131n\u0131n Garanti Belgesi<\/td>\r\n<\/tr>\r\n<\/tbody>\r\n<\/table>\r\n<\/figure>","protected":false},"excerpt":{"rendered":"<p>ZECO d\u00f6kme \u00e7elik k\u00fcresel vana, zorla s\u0131zd\u0131rmaz hale getirilmi\u015f bir vanad\u0131r, vana kapatma, s\u0131zd\u0131rmazl\u0131\u011f\u0131 zorlamak i\u00e7in disk bas\u0131nc\u0131na uygulanmal\u0131d\u0131r\u2026 <a title=\"\u00c7elik D\u00f6k\u00fcm Glob Vana\" class=\"read-more\" href=\"https:\/\/zecovalve.com\/tr\/urun\/cast-steel-globe-valve\" aria-label=\"D\u00f6kme \u00c7elik Glob Vana hakk\u0131nda daha fazla bilgi\">Daha fazla bilgi edinin<\/a><\/p>","protected":false},"featured_media":27904,"comment_status":"closed","ping_status":"closed","template":"","meta":{"_generate-full-width-content":"","kt_blocks_editor_width":""},"product_cat":[2049],"product_tag":[],"class_list":["post-16108","product","type-product","status-publish","has-post-thumbnail","hentry","product_cat-globe-valve","sales-flash-overlay","woocommerce-text-align-center","woocommerce-image-align-center","do-quantity-buttons"],"featured_image_src_large":["https:\/\/zecovalve.com\/wp-content\/uploads\/2022\/06\/Cast-Steel-Globe-Valve-1.jpg",800,600,false],"author_info":[],"comment_info":0,"taxonomy_info":{"product_cat":[{"value":2049,"label":"Globe Valve"}]},"yoast_head":"<!-- This site is optimized with the Yoast SEO Premium plugin v15.4 - https:\/\/yoast.com\/wordpress\/plugins\/seo\/ -->\n<title>Cast Steel Globe Valve - Globe Valve Manufacturer | ZECO Valve<\/title>\n<meta name=\"robots\" content=\"index, follow, max-snippet:-1, max-image-preview:large, max-video-preview:-1\" \/>\n<link rel=\"canonical\" href=\"https:\/\/zecovalve.com\/tr\/urun\/cast-steel-globe-valve\" \/>\n<meta property=\"og:locale\" content=\"tr_TR\" \/>\n<meta property=\"og:type\" content=\"article\" \/>\n<meta property=\"og:title\" content=\"Cast Steel Globe Valve - Globe Valve Manufacturer | ZECO Valve\" \/>\n<meta property=\"og:description\" content=\"ZECO cast steel globe valve is forced sealed valve, valve closure, must be applied to the disc pressure to force the sealing ... Read more\" \/>\n<meta property=\"og:url\" content=\"https:\/\/zecovalve.com\/tr\/urun\/cast-steel-globe-valve\" \/>\n<meta property=\"og:site_name\" content=\"ZECO Valve\" \/>\n<meta property=\"article:modified_time\" content=\"2023-06-15T13:57:03+00:00\" \/>\n<meta property=\"og:image\" content=\"https:\/\/zecovalve.com\/wp-content\/uploads\/2022\/06\/Cast-Steel-Globe-Valve-1.jpg\" \/>\n\t<meta property=\"og:image:width\" content=\"800\" \/>\n\t<meta property=\"og:image:height\" content=\"600\" \/>\n<meta name=\"twitter:card\" content=\"summary_large_image\" \/>\n<meta name=\"twitter:label1\" content=\"Yazan:\">\n\t<meta name=\"twitter:data1\" content=\"Jerry\">\n\t<meta name=\"twitter:label2\" content=\"Tahmini okuma s\u00fcresi\">\n\t<meta name=\"twitter:data2\" content=\"3 dakika\">\n<script type=\"application\/ld+json\" class=\"yoast-schema-graph\">{\"@context\":\"https:\/\/schema.org\",\"@graph\":[{\"@type\":\"WebSite\",\"@id\":\"https:\/\/zecovalve.com\/#website\",\"url\":\"https:\/\/zecovalve.com\/\",\"name\":\"ZECO Valve\",\"description\":\"Industrial Ball Valve, Gate Valve and Globe Valve Manufacturer\",\"potentialAction\":[{\"@type\":\"SearchAction\",\"target\":\"https:\/\/zecovalve.com\/?s={search_term_string}\",\"query-input\":\"required name=search_term_string\"}],\"inLanguage\":\"tr\"},{\"@type\":\"ImageObject\",\"@id\":\"https:\/\/zecovalve.com\/product\/cast-steel-globe-valve#primaryimage\",\"inLanguage\":\"tr\",\"url\":\"https:\/\/zecovalve.com\/wp-content\/uploads\/2022\/06\/Cast-Steel-Globe-Valve-1.jpg\",\"width\":800,\"height\":600,\"caption\":\"Cast Steel Globe Valve\"},{\"@type\":\"WebPage\",\"@id\":\"https:\/\/zecovalve.com\/product\/cast-steel-globe-valve#webpage\",\"url\":\"https:\/\/zecovalve.com\/product\/cast-steel-globe-valve\",\"name\":\"Cast Steel Globe Valve - Globe Valve Manufacturer | ZECO Valve\",\"isPartOf\":{\"@id\":\"https:\/\/zecovalve.com\/#website\"},\"primaryImageOfPage\":{\"@id\":\"https:\/\/zecovalve.com\/product\/cast-steel-globe-valve#primaryimage\"},\"datePublished\":\"2022-06-19T03:52:47+00:00\",\"dateModified\":\"2023-06-15T13:57:03+00:00\",\"breadcrumb\":{\"@id\":\"https:\/\/zecovalve.com\/product\/cast-steel-globe-valve#breadcrumb\"},\"inLanguage\":\"tr\",\"potentialAction\":[{\"@type\":\"ReadAction\",\"target\":[\"https:\/\/zecovalve.com\/product\/cast-steel-globe-valve\"]}]},{\"@type\":\"BreadcrumbList\",\"@id\":\"https:\/\/zecovalve.com\/product\/cast-steel-globe-valve#breadcrumb\",\"itemListElement\":[{\"@type\":\"ListItem\",\"position\":1,\"item\":{\"@type\":\"WebPage\",\"@id\":\"https:\/\/zecovalve.com\/\",\"url\":\"https:\/\/zecovalve.com\/\",\"name\":\"Home\"}},{\"@type\":\"ListItem\",\"position\":2,\"item\":{\"@type\":\"WebPage\",\"@id\":\"https:\/\/zecovalve.com\/product-category\",\"url\":\"https:\/\/zecovalve.com\/product-category\",\"name\":\"Industrial Valve Manufacturer | Water Valve Manufacturer\"}},{\"@type\":\"ListItem\",\"position\":3,\"item\":{\"@type\":\"WebPage\",\"@id\":\"https:\/\/zecovalve.com\/product\/cast-steel-globe-valve\",\"url\":\"https:\/\/zecovalve.com\/product\/cast-steel-globe-valve\",\"name\":\"Cast Steel Globe Valve\"}}]}]}<\/script>\n<!-- \/ Yoast SEO Premium plugin. -->","_links":{"self":[{"href":"https:\/\/zecovalve.com\/tr\/wp-json\/wp\/v2\/product\/16108","targetHints":{"allow":["GET"]}}],"collection":[{"href":"https:\/\/zecovalve.com\/tr\/wp-json\/wp\/v2\/product"}],"about":[{"href":"https:\/\/zecovalve.com\/tr\/wp-json\/wp\/v2\/types\/product"}],"replies":[{"embeddable":true,"href":"https:\/\/zecovalve.com\/tr\/wp-json\/wp\/v2\/comments?post=16108"}],"wp:featuredmedia":[{"embeddable":true,"href":"https:\/\/zecovalve.com\/tr\/wp-json\/wp\/v2\/media\/27904"}],"wp:attachment":[{"href":"https:\/\/zecovalve.com\/tr\/wp-json\/wp\/v2\/media?parent=16108"}],"wp:term":[{"taxonomy":"product_cat","embeddable":true,"href":"https:\/\/zecovalve.com\/tr\/wp-json\/wp\/v2\/product_cat?post=16108"},{"taxonomy":"product_tag","embeddable":true,"href":"https:\/\/zecovalve.com\/tr\/wp-json\/wp\/v2\/product_tag?post=16108"}],"curies":[{"name":"wp","href":"https:\/\/api.w.org\/{rel}","templated":true}]}}