{"id":16110,"date":"2022-06-19T03:54:59","date_gmt":"2022-06-19T03:54:59","guid":{"rendered":"https:\/\/zecovalve.com\/?post_type=product&#038;p=16110"},"modified":"2022-09-01T00:52:31","modified_gmt":"2022-09-01T00:52:31","slug":"double-offset-butterfly-valve","status":"publish","type":"product","link":"https:\/\/zecovalve.com\/tr\/urun\/double-offset-butterfly-valve","title":{"rendered":"\u00c7ift Ofset Kelebek Vana"},"content":{"rendered":"<p>\u00c7ift Ofset Kelebek Vana, sahada sa\u011flam g\u00fcvenilirlik ve son derece kolay bak\u0131m sunan tasar\u0131md\u0131r.<\/p>\r\n\r\n\r\n\r\n<figure class=\"wp-block-image alignnone size-medium wp-image-16111\"><img loading=\"lazy\" decoding=\"async\" width=\"300\" height=\"225\" class=\"wp-image-16111\" src=\"https:\/\/zecovalve.com\/wp-content\/uploads\/2022\/06\/double-offset-butterfly-valve-300x225.jpg\" alt=\"\u00c7ift Ofset Kelebek Vana\" srcset=\"https:\/\/zecovalve.com\/wp-content\/uploads\/2022\/06\/double-offset-butterfly-valve-300x225.jpg 300w, https:\/\/zecovalve.com\/wp-content\/uploads\/2022\/06\/double-offset-butterfly-valve-768x576.jpg 768w, https:\/\/zecovalve.com\/wp-content\/uploads\/2022\/06\/double-offset-butterfly-valve-600x450.jpg 600w, https:\/\/zecovalve.com\/wp-content\/uploads\/2022\/06\/double-offset-butterfly-valve.jpg 800w\" sizes=\"auto, (max-width: 300px) 100vw, 300px\" \/><\/figure>\r\n\r\n\r\n<div class=\"gb-button-wrapper gb-button-wrapper-6d8495a3\">\r\n\r\n\r\n<p><a class=\"gb-button gb-button-3d442e11 gb-button-text\" href=\"mailto:commercial@zecovalve.com\" target=\"_blank\" rel=\"noopener noreferrer\"><strong>\u00c7\u0130FT OFSETL\u0130 KELEBEK VANA F\u0130YATI ALIN<\/strong><\/a><\/p>\r\n<\/div>\r\n\r\n\r\n\r\n\r\n<h2 class=\"wp-block-heading\" id=\"h-what-is-a-double-offset-butterfly-valve\">\u00c7ift Ofset Kelebek Vana Nedir?<\/h2>\r\n\r\n\r\n\r\n<p>\u00c7ift ofset kelebek vana, halk aras\u0131nda y\u00fcksek performansl\u0131 bir kelebek vana olarak bilinir ve vana g\u00f6vdesinin merkezinden iki ofseti vard\u0131r:<\/p>\r\n\r\n\r\n\r\n<ul class=\"wp-block-list\">\r\n<li>\u015eaft ekseni disk yuvas\u0131ndan ve g\u00f6vde contas\u0131n\u0131n merkez \u00e7izgisinden kayd\u0131r\u0131lm\u0131\u015ft\u0131r<\/li>\r\n<li>\u015eaft ekseni boru hatt\u0131n\u0131n\/vanan\u0131n merkez hatt\u0131na g\u00f6re eksantriktir.<\/li>\r\n<\/ul>\r\n\r\n\r\n\r\n<p>Diskin \u00e7ift ofsetli kelebek vanadaki konumu, vana \u00e7al\u0131\u015ft\u0131\u011f\u0131nda bir kam hareketi yarat\u0131r. Koltuk contadan kald\u0131r\u0131l\u0131r ve bu durum a\u00e7ma ve kapama i\u015flemlerinin ilk 10\u00b0 ve son 10\u00b0&#039;sinde s\u00fcrt\u00fcnme olu\u015fmas\u0131na neden olur.<\/p>\r\n\r\n\r\n\r\n<h2 class=\"wp-block-heading\">\u00c7ift Ofset Kelebek Vanalar nas\u0131l \u00e7al\u0131\u015f\u0131r?<\/h2>\r\n\r\n\r\n\r\n<p>\u00c7ift ofsetli kelebek vanan\u0131n hareketi, vanan\u0131n s\u0131zd\u0131rmazl\u0131\u011f\u0131nda konik bir profili takip eder. Diskin ve \u015faft\u0131n ofsetlerinin d\u00fczenlenmesi, diskin yuvaya do\u011fru bir kam hareketi olu\u015fturarak valfi kapatmak veya a\u00e7mak i\u00e7in gereken torku azalt\u0131r.<\/p>\r\n\r\n\r\n\r\n<p>Bu ofset geometrisi ayn\u0131 zamanda diskin 90\u00b0 d\u00f6n\u00fc\u015f\u00fcn\u00fcn yaln\u0131zca ilk 1\u00b0 ila 3\u00b0 d\u00f6n\u00fc\u015fte yuvaya temas etmesine olanak tan\u0131r. Ayr\u0131ca \u00e7ift ofset kelebek vanalar\u0131n tasar\u0131m\u0131, geleneksel kelebek vanalarda meydana gelen yatak ve diskin temas noktalar\u0131ndaki a\u015f\u0131nmay\u0131 en aza indirir.<\/p>\r\n\r\n\r\n\r\n<p>Vana a\u00e7\u0131ld\u0131\u011f\u0131nda, kelebek diskin \u00fcst ve alt u\u00e7lar\u0131 art\u0131k merkez kelebek vana kadar zahmetli de\u011fildir ancak yuva ile s\u00fcrt\u00fcnme hala mevcuttur. \u00c7ift ofsetli kelebek vanan\u0131n geli\u015ftirilmi\u015f \u00f6zelli\u011fi, t\u0131pk\u0131 tek eksantrik kelebek vana gibi, mil ekseninin diskin merkezinden ve milin merkezinden sapmas\u0131d\u0131r. B\u00f6yle bir yap\u0131, vana a\u00e7\u0131ld\u0131ktan hemen sonra klapenin yuvadan ka\u00e7mas\u0131n\u0131 sa\u011flayabilecek ve tek eksantrik kelebek vana a\u00e7\u0131ld\u0131ktan sonra klape ile yuva aras\u0131nda herhangi bir s\u00fcrt\u00fcnme olmayacakt\u0131r.<\/p>\r\n\r\n\r\n\r\n<h2 class=\"wp-block-heading\">Ba\u011flant\u0131ya G\u00f6re \u00c7ift Ofset Kelebek Vana \u00c7e\u015fitleri<\/h2>\r\n\r\n\r\n\r\n<h3 class=\"wp-block-heading\">Gofret \u00c7ift Ofset Kelebek Vana<\/h3>\r\n\r\n\r\n\r\n<p>\u00c7ift ofset kelebek vanalar\u0131n wafer tipi, g\u00fc\u00e7l\u00fc bir s\u0131zd\u0131rmazl\u0131k sa\u011flamak, \u00e7ift y\u00f6nl\u00fc bas\u0131n\u00e7 farklar\u0131na kar\u015f\u0131 koruma sa\u011flamak ve tek y\u00f6nl\u00fc ak\u0131\u015f i\u00e7in tasarlanm\u0131\u015f cihazlarda herhangi bir geri ak\u0131\u015f\u0131 \u00f6nlemek amac\u0131yla tasarlanm\u0131\u015ft\u0131r. Bu, O-ring veya conta gibi s\u0131k\u0131 bir \u015fekilde i\u015flenmi\u015f conta malzemesinin hassas bir \u015fekilde i\u015flenmi\u015f olmas\u0131 ve valfin alt ve \u00fcst ak\u0131\u015f k\u0131s\u0131mlar\u0131nda p\u00fcr\u00fczs\u00fcz bir valf y\u00fczeyinin kullan\u0131lmas\u0131yla ger\u00e7ekle\u015ftirilir.<\/p>\r\n\r\n\r\n\r\n<h3 class=\"wp-block-heading\">Lug Tip \u00c7ift Ofset Kelebek Vana<\/h3>\r\n\r\n\r\n\r\n<p>\u00c7ift ofset kelebek vana konfig\u00fcrasyonunun pabu\u00e7 g\u00f6vdeli tipinde, boru hatt\u0131n\u0131n bir ucu, vanan\u0131n di\u011fer taraf\u0131na zarar vermeden \u00e7\u0131kar\u0131labilir. Bu, her flan\u015f\u0131n kendi c\u0131vatalar\u0131na sahip olmas\u0131 i\u00e7in somun kullanmayan di\u015fli par\u00e7alar, flan\u015flar ve iki set pabu\u00e7 (c\u0131vata) ile elde edilebilir. Lug tipi ba\u011flant\u0131da, pabu\u00e7 kelebek vanas\u0131n\u0131 incelemek, temizlemek, onarmak veya de\u011fi\u015ftirmek i\u00e7in cihaz\u0131n tamam\u0131n\u0131 kapatman\u0131z gerekmez.<\/p>\r\n\r\n\r\n\r\n<h3 class=\"wp-block-heading\">Flan\u015fl\u0131 \u00c7ift Ofset Kelebek Vana<\/h3>\r\n\r\n\r\n\r\n<p>Flan\u015fl\u0131 \u00e7ift ofset kelebek vana, boru flan\u015flar\u0131na ba\u011flanmak i\u00e7in vanan\u0131n her iki ucunda bir flan\u015f kullan\u0131r. Bu tip u\u00e7 ba\u011flant\u0131, \u00e7ok b\u00fcy\u00fck boyuttaki kelebek vanalar i\u00e7in kullan\u0131l\u0131r.<\/p>\r\n\r\n\r\n\r\n<h3 class=\"wp-block-heading\">Kaynakl\u0131 U\u00e7lu \u00c7ift Ofset Kelebek Vana<\/h3>\r\n\r\n\r\n\r\n<p>Kaynakl\u0131 u\u00e7lu \u00e7ift ofset kelebek vana, sistemin \u00e7ok y\u00fcksek bas\u0131n\u00e7 alt\u0131nda oldu\u011fu yerlerde kullan\u0131l\u0131r. Bu tipler genellikle k\u00fc\u00e7\u00fck boyutlu kelebek vanalarda kullan\u0131l\u0131r.<\/p>\r\n\r\n\r\n\r\n<h2 class=\"wp-block-heading\">\u00c7ift Ofset Kelebek Vana Uygulamalar\u0131<\/h2>\r\n\r\n\r\n\r\n<p>\u00c7ift ofset kelebek vana genellikle a\u015fa\u011f\u0131daki alanlarda kullan\u0131l\u0131r:<\/p>\r\n\r\n\r\n\r\n<ul class=\"wp-block-list\">\r\n<li>G\u00fc\u00e7 \u00fcretimi<\/li>\r\n<li>Ka\u011f\u0131t hamuru ve ka\u011f\u0131t<\/li>\r\n<li>HVAC<\/li>\r\n<li>Kimyasal<\/li>\r\n<li>Ya\u011f ve gaz<\/li>\r\n<li>Su ve at\u0131k su ar\u0131tma<\/li>\r\n<li>Gemi \u0130n\u015faat\u0131<\/li>\r\n<\/ul>\r\n\r\n\r\n\r\n<h2 class=\"wp-block-heading\">\u00c7ift Eksantrik Kelebek Vanan\u0131n \u00d6zellikleri:<\/h2>\r\n\r\n\r\n\r\n<ul class=\"wp-block-list\">\r\n<li>ZECO \u00e7ift eksantrik kelebek vanan\u0131n mil ve disk d\u00fczeni, minimum d\u00f6n\u00fc\u015fte yuvadan ayr\u0131lan diske kam hareketi sa\u011flar. Bu tasar\u0131m, geleneksel kelebek vanalarda oldu\u011fu gibi koltu\u011fun \u00fcst ve alt k\u0131sm\u0131ndaki sava\u015f noktalar\u0131n\u0131 en aza indirir;<\/li>\r\n<li>ZECO \u00e7ift ofset kelebek vanan\u0131n iki ofseti vard\u0131r. \u0130lk sapma, \u015faft\u0131n koltu\u011fun merkez \u00e7izgisinin a\u015fa\u011f\u0131s\u0131nda konumland\u0131r\u0131lmas\u0131d\u0131r. \u0130kinci sapma, \u015faft\u0131n koltu\u011fun dikey ekseninin merkezinin d\u0131\u015f\u0131nda olmas\u0131d\u0131r;<\/li>\r\n<li>ZECO \u00e7ift ofset kelebek vana, kau\u00e7uk bir yuvaya, PTFE yuvaya ve yang\u0131na dayan\u0131kl\u0131 PTFE yuvaya sahip olabilir.;<\/li>\r\n<li>ZECO \u00e7ift eksantrik kelebek vanan\u0131n yang\u0131na dayan\u0131kl\u0131 yuvas\u0131, birincil PTFE yuva par\u00e7as\u0131 ve metal yuvay\u0131 i\u00e7eren \u00e7ift contal\u0131. PTFE ekinin tahrip olmas\u0131 durumunda ikincil metal yuva etkili bir kapatma sa\u011flar.<\/li>\r\n<\/ul>\r\n\r\n\r\n\r\n<h2 class=\"wp-block-heading\" id=\"h-material-of-double-offset-butterfly-valve\">\u00c7ift Eksantrik Kelebek Vana Malzemesi:<\/h2>\r\n\r\n\r\n\r\n<figure class=\"wp-block-table is-style-stripes\">\r\n<table>\r\n<tbody>\r\n<tr>\r\n<td>Hay\u0131r<\/td>\r\n<td>Par\u00e7a<\/td>\r\n<td>Malzeme<\/td>\r\n<\/tr>\r\n<tr>\r\n<td>1<\/td>\r\n<td>V\u00fccut<\/td>\r\n<td>ASTM A351 CF8<\/td>\r\n<\/tr>\r\n<tr>\r\n<td>2<\/td>\r\n<td>Conta Halkas\u0131<\/td>\r\n<td>PTFE<\/td>\r\n<\/tr>\r\n<tr>\r\n<td>3<\/td>\r\n<td>Tutucu Flan\u015f<\/td>\r\n<td>ASTM A182 F304<\/td>\r\n<\/tr>\r\n<tr>\r\n<td>4<\/td>\r\n<td>Pim<\/td>\r\n<td>ASTM A276 304<\/td>\r\n<\/tr>\r\n<tr>\r\n<td>5<\/td>\r\n<td>Disk<\/td>\r\n<td>ASTM A351 CF8<\/td>\r\n<\/tr>\r\n<tr>\r\n<td>6<\/td>\r\n<td>K\u00f6k<\/td>\r\n<td>ASTM A276 304<\/td>\r\n<\/tr>\r\n<tr>\r\n<td>7<\/td>\r\n<td>K\u00f6k Ambalaj<\/td>\r\n<td>PTFE<\/td>\r\n<\/tr>\r\n<tr>\r\n<td>8<\/td>\r\n<td>K\u00f6k Daya\u011f\u0131<\/td>\r\n<td>SS304 + PTFE<\/td>\r\n<\/tr>\r\n<tr>\r\n<td>9<\/td>\r\n<td>C\u0131vata<\/td>\r\n<td>ASTM A193 B8<\/td>\r\n<\/tr>\r\n<tr>\r\n<td>10<\/td>\r\n<td>F\u0131nd\u0131k<\/td>\r\n<td>ASTM A194 8<\/td>\r\n<\/tr>\r\n<tr>\r\n<td>11<\/td>\r\n<td>Boyunduruk<\/td>\r\n<td>ASTM A351 CF8<\/td>\r\n<\/tr>\r\n<\/tbody>\r\n<\/table>\r\n<\/figure>\r\n\r\n\r\n\r\n<p>ZECO Vana, y\u00fcksek s\u0131cakl\u0131klar i\u00e7in kelebek vana \u00fcretiminde uzmanla\u015fm\u0131\u015f bir \u00fcreticidir ve RPTFE koltuklu \u00e7ift ofset kelebek vana, y\u00fcksek s\u0131cakl\u0131k alan\u0131nda \u00e7ift eksantrik kelebek vanalar\u0131n uygulanmas\u0131na katk\u0131da bulunan 230 \u00b0 C ko\u015fuluna daha elveri\u015flidir.<\/p>","protected":false},"excerpt":{"rendered":"<p>\u00c7ift Ofset Kelebek Vana, sahada sa\u011flam g\u00fcvenilirlik ve son derece kolay bak\u0131m sunan bir tasar\u0131md\u0131r. \u00c7ift Ofset Kelebek Nedir? <a title=\"\u00c7ift Ofset Kelebek Vana\" class=\"read-more\" href=\"https:\/\/zecovalve.com\/tr\/urun\/double-offset-butterfly-valve\" aria-label=\"\u00c7ift Ofset Kelebek Vana hakk\u0131nda daha fazlas\u0131\">Daha fazla bilgi edinin<\/a><\/p>","protected":false},"featured_media":16111,"comment_status":"closed","ping_status":"closed","template":"","meta":{"_generate-full-width-content":"","kt_blocks_editor_width":""},"product_cat":[2044,2467],"product_tag":[],"class_list":["post-16110","product","type-product","status-publish","has-post-thumbnail","hentry","product_cat-butterfly-valve","product_cat-butterfly-valve-by-form","sales-flash-overlay","woocommerce-text-align-center","woocommerce-image-align-center","do-quantity-buttons"],"featured_image_src_large":["https:\/\/zecovalve.com\/wp-content\/uploads\/2022\/06\/double-offset-butterfly-valve.jpg",800,600,false],"author_info":[],"comment_info":0,"taxonomy_info":{"product_cat":[{"value":2044,"label":"Butterfly Valve"},{"value":2467,"label":"Butterfly Valve By Form"}]},"yoast_head":"<!-- This site is optimized with the Yoast SEO Premium plugin v15.4 - https:\/\/yoast.com\/wordpress\/plugins\/seo\/ -->\n<title>Double Offset Butterfly Valve - Double Eccentric Butterfly Valve | ZECO Valve<\/title>\n<meta name=\"robots\" content=\"index, follow, max-snippet:-1, max-image-preview:large, max-video-preview:-1\" \/>\n<link rel=\"canonical\" href=\"https:\/\/zecovalve.com\/tr\/urun\/double-offset-butterfly-valve\" \/>\n<meta property=\"og:locale\" content=\"tr_TR\" \/>\n<meta property=\"og:type\" content=\"article\" \/>\n<meta property=\"og:title\" content=\"Double Offset Butterfly Valve - Double Eccentric Butterfly Valve | ZECO Valve\" \/>\n<meta property=\"og:description\" content=\"Double Offset Butterfly Valve is design offers rugged reliability and extremely easy maintenance in the field What is a Double Offset Butterfly ... Read more\" \/>\n<meta property=\"og:url\" content=\"https:\/\/zecovalve.com\/tr\/urun\/double-offset-butterfly-valve\" \/>\n<meta property=\"og:site_name\" content=\"ZECO Valve\" \/>\n<meta property=\"article:modified_time\" content=\"2022-09-01T00:52:31+00:00\" \/>\n<meta property=\"og:image\" content=\"https:\/\/zecovalve.com\/wp-content\/uploads\/2022\/06\/double-offset-butterfly-valve.jpg\" \/>\n\t<meta property=\"og:image:width\" content=\"800\" \/>\n\t<meta property=\"og:image:height\" content=\"600\" \/>\n<meta name=\"twitter:card\" content=\"summary_large_image\" \/>\n<meta name=\"twitter:label1\" content=\"Yazan:\">\n\t<meta name=\"twitter:data1\" content=\"Jerry\">\n\t<meta name=\"twitter:label2\" content=\"Tahmini okuma s\u00fcresi\">\n\t<meta name=\"twitter:data2\" content=\"3 dakika\">\n<script type=\"application\/ld+json\" class=\"yoast-schema-graph\">{\"@context\":\"https:\/\/schema.org\",\"@graph\":[{\"@type\":\"WebSite\",\"@id\":\"https:\/\/zecovalve.com\/#website\",\"url\":\"https:\/\/zecovalve.com\/\",\"name\":\"ZECO Valve\",\"description\":\"Industrial Ball Valve, Gate Valve and Globe Valve Manufacturer\",\"potentialAction\":[{\"@type\":\"SearchAction\",\"target\":\"https:\/\/zecovalve.com\/?s={search_term_string}\",\"query-input\":\"required name=search_term_string\"}],\"inLanguage\":\"tr\"},{\"@type\":\"ImageObject\",\"@id\":\"https:\/\/zecovalve.com\/product\/double-offset-butterfly-valve#primaryimage\",\"inLanguage\":\"tr\",\"url\":\"https:\/\/zecovalve.com\/wp-content\/uploads\/2022\/06\/double-offset-butterfly-valve.jpg\",\"width\":800,\"height\":600,\"caption\":\"Double Offset Butterfly Valve\"},{\"@type\":\"WebPage\",\"@id\":\"https:\/\/zecovalve.com\/product\/double-offset-butterfly-valve#webpage\",\"url\":\"https:\/\/zecovalve.com\/product\/double-offset-butterfly-valve\",\"name\":\"Double Offset Butterfly Valve - Double Eccentric Butterfly Valve | ZECO Valve\",\"isPartOf\":{\"@id\":\"https:\/\/zecovalve.com\/#website\"},\"primaryImageOfPage\":{\"@id\":\"https:\/\/zecovalve.com\/product\/double-offset-butterfly-valve#primaryimage\"},\"datePublished\":\"2022-06-19T03:54:59+00:00\",\"dateModified\":\"2022-09-01T00:52:31+00:00\",\"breadcrumb\":{\"@id\":\"https:\/\/zecovalve.com\/product\/double-offset-butterfly-valve#breadcrumb\"},\"inLanguage\":\"tr\",\"potentialAction\":[{\"@type\":\"ReadAction\",\"target\":[\"https:\/\/zecovalve.com\/product\/double-offset-butterfly-valve\"]}]},{\"@type\":\"BreadcrumbList\",\"@id\":\"https:\/\/zecovalve.com\/product\/double-offset-butterfly-valve#breadcrumb\",\"itemListElement\":[{\"@type\":\"ListItem\",\"position\":1,\"item\":{\"@type\":\"WebPage\",\"@id\":\"https:\/\/zecovalve.com\/\",\"url\":\"https:\/\/zecovalve.com\/\",\"name\":\"Home\"}},{\"@type\":\"ListItem\",\"position\":2,\"item\":{\"@type\":\"WebPage\",\"@id\":\"https:\/\/zecovalve.com\/product-category\",\"url\":\"https:\/\/zecovalve.com\/product-category\",\"name\":\"Industrial Valve Manufacturer | Water Valve Manufacturer\"}},{\"@type\":\"ListItem\",\"position\":3,\"item\":{\"@type\":\"WebPage\",\"@id\":\"https:\/\/zecovalve.com\/product\/double-offset-butterfly-valve\",\"url\":\"https:\/\/zecovalve.com\/product\/double-offset-butterfly-valve\",\"name\":\"Double Offset Butterfly Valve\"}}]}]}<\/script>\n<!-- \/ Yoast SEO Premium plugin. -->","_links":{"self":[{"href":"https:\/\/zecovalve.com\/tr\/wp-json\/wp\/v2\/product\/16110","targetHints":{"allow":["GET"]}}],"collection":[{"href":"https:\/\/zecovalve.com\/tr\/wp-json\/wp\/v2\/product"}],"about":[{"href":"https:\/\/zecovalve.com\/tr\/wp-json\/wp\/v2\/types\/product"}],"replies":[{"embeddable":true,"href":"https:\/\/zecovalve.com\/tr\/wp-json\/wp\/v2\/comments?post=16110"}],"wp:featuredmedia":[{"embeddable":true,"href":"https:\/\/zecovalve.com\/tr\/wp-json\/wp\/v2\/media\/16111"}],"wp:attachment":[{"href":"https:\/\/zecovalve.com\/tr\/wp-json\/wp\/v2\/media?parent=16110"}],"wp:term":[{"taxonomy":"product_cat","embeddable":true,"href":"https:\/\/zecovalve.com\/tr\/wp-json\/wp\/v2\/product_cat?post=16110"},{"taxonomy":"product_tag","embeddable":true,"href":"https:\/\/zecovalve.com\/tr\/wp-json\/wp\/v2\/product_tag?post=16110"}],"curies":[{"name":"wp","href":"https:\/\/api.w.org\/{rel}","templated":true}]}}