{"id":16112,"date":"2022-06-19T03:57:44","date_gmt":"2022-06-19T03:57:44","guid":{"rendered":"https:\/\/zecovalve.com\/?post_type=product&#038;p=16112"},"modified":"2023-06-15T12:44:16","modified_gmt":"2023-06-15T12:44:16","slug":"cryogenic-gate-valve","status":"publish","type":"product","link":"https:\/\/zecovalve.com\/tr\/urun\/cryogenic-gate-valve","title":{"rendered":"Kriyojenik S\u00fcrg\u00fcl\u00fc Vana"},"content":{"rendered":"<p>Kriyojenik s\u00fcrg\u00fcl\u00fc vanalar, \u00f6zel hizmet ko\u015fullar\u0131na uyarlanm\u0131\u015f olup, -40\u00b0C&#039;nin alt\u0131ndaki s\u0131cakl\u0131klarda etkin bir \u015fekilde \u00e7al\u0131\u015facak \u015fekilde tasarlanm\u0131\u015f olup, esas olarak gaz s\u0131v\u0131la\u015ft\u0131rma sistemlerinde kullan\u0131l\u0131r.<\/p>\r\n\r\n\r\n\r\n<figure class=\"wp-block-image alignnone size-medium wp-image-16113\">\r\n<p><img loading=\"lazy\" decoding=\"async\" class=\"wp-image-27885 size-medium\" src=\"https:\/\/zecovalve.com\/wp-content\/uploads\/2022\/06\/Cryogenic-Gate-Valve-1-300x225.jpg\" alt=\"Kriyojenik S\u00fcrg\u00fcl\u00fc Vana\" width=\"300\" height=\"225\" srcset=\"https:\/\/zecovalve.com\/wp-content\/uploads\/2022\/06\/Cryogenic-Gate-Valve-1-300x225.jpg 300w, https:\/\/zecovalve.com\/wp-content\/uploads\/2022\/06\/Cryogenic-Gate-Valve-1-768x576.jpg 768w, https:\/\/zecovalve.com\/wp-content\/uploads\/2022\/06\/Cryogenic-Gate-Valve-1-600x450.jpg 600w, https:\/\/zecovalve.com\/wp-content\/uploads\/2022\/06\/Cryogenic-Gate-Valve-1.jpg 800w\" sizes=\"auto, (max-width: 300px) 100vw, 300px\" \/><\/p>\r\n<\/figure>\r\n\r\n\r\n<div class=\"gb-button-wrapper gb-button-wrapper-6d8495a3\">\r\n\r\n\r\n<p><a class=\"gb-button gb-button-3d442e11 gb-button-text\" href=\"https:\/\/zecovalve.com\/tr\/contact\/\" target=\"_blank\" rel=\"noopener noreferrer\"><strong>KR\u0130YOJEN\u0130K S\u00dcRG\u00dcL\u00dc VANA F\u0130YATI ALIN<\/strong><\/a><\/p>\r\n<\/div>\r\n\r\n\r\n\r\n\r\n<h2 class=\"wp-block-heading\">Kriyojenik Valf Nedir\uff1f<\/h2>\r\n\r\n\r\n\r\n<p>S\u0131v\u0131 hidrojen, oksijen, helyum, nitrojen, s\u0131v\u0131la\u015ft\u0131r\u0131lm\u0131\u015f do\u011fal gaz veya benzeri \u00e7ok so\u011fuk ak\u0131\u015fkanlar\u0131 i\u015fleyen Boru ve Boru Hatt\u0131 sistemleri, kriyojenik vanalar\u0131n kullan\u0131lmas\u0131n\u0131 gerektirir. Kriyojenik terimi -1010C&#039;nin (-2390F) alt\u0131ndaki malzeme ve i\u015flemlerle ilgilidir. Bu nedenle, Kriyojenik vanalar\u0131n bu kadar d\u00fc\u015f\u00fck s\u0131cakl\u0131klara dayanabilecek \u00f6zelliklerde tasarlanmas\u0131 gerekir. Kriyojenik vanalar\u0131n standart vanalardan temel fark\u0131, bu kadar d\u00fc\u015f\u00fck s\u0131cakl\u0131klarda, y\u00fcksek bas\u0131n\u00e7larla \u00e7al\u0131\u015fabilmeleridir.<\/p>\r\n\r\n\r\n\r\n<h2 class=\"wp-block-heading\">Kriyojenik Vanalar\u0131n g\u00f6vdeleri neden uzundur?<\/h2>\r\n\r\n\r\n\r\n<p>S\u0131v\u0131 do\u011falgaz, metan, oksijen, amonyak vb. uygulamalara y\u00f6nelik t\u00fcm kriyojenik vanalar \u00f6zel olarak tasarlanm\u0131\u015ft\u0131r. Kriyojenik valfler genellikle uzat\u0131lm\u0131\u015f kapaklara sahiptir, b\u00f6ylece valf g\u00f6vdesi contalar\u0131 so\u011fuk kaynaktan uzak tutulur. Bu iki \u00f6nemli amaca hizmet edecektir:<\/p>\r\n\r\n\r\n\r\n<ul class=\"wp-block-list\">\r\n<li>Valf g\u00f6vdesi contalar\u0131 nispeten daha y\u00fcksek bir s\u0131cakl\u0131\u011fa sahip olacakt\u0131r.<\/li>\r\n<li>Boru hatt\u0131 ile vanay\u0131 \u00e7al\u0131\u015ft\u0131ran kol\/el \u00e7ark\u0131 aras\u0131nda izolasyon sa\u011flamak i\u00e7in yeterli alan olacakt\u0131r.<\/li>\r\n<\/ul>\r\n\r\n\r\n\r\n<h2 class=\"wp-block-heading\">Kriyojenik Valflerin Malzemeleri<\/h2>\r\n\r\n\r\n\r\n<p>Kriyojenik vana yap\u0131m\u0131nda kullan\u0131lan genel malzemeler Al\u00fcminyum, Monel, Pirin\u00e7, bronz, Paslanmaz \u00c7elik, Incoly, Zirkonyum vb.&#039;dir. Conta malzemesi olarak normalde PTFE veya grafit kullan\u0131l\u0131r.<\/p>\r\n\r\n\r\n\r\n<h2 class=\"wp-block-heading\" id=\"h-what-is-a-cryogenic-gate-valve\">Kriyojenik S\u00fcrg\u00fcl\u00fc Vana Nedir?<\/h2>\r\n\r\n\r\n\r\n<p>ZECO kriyojenik s\u00fcrg\u00fcl\u00fc vanalarla ak\u0131\u015f h\u0131z\u0131, benzer boyuttaki k\u00fcresel vanalara g\u00f6re \u00fc\u00e7 ila be\u015f kat daha y\u00fcksektir. Bu, tanklar\u0131n ve r\u00f6morklar\u0131n doldurulmas\u0131n\u0131 h\u0131zland\u0131r\u0131r ve kriyojenik s\u0131v\u0131la\u015ft\u0131r\u0131lm\u0131\u015f gazlar\u0131n da\u011f\u0131t\u0131m\u0131 i\u00e7in de\u011ferli zamandan tasarruf sa\u011flar.<\/p>\r\n\r\n\r\n\r\n<p>Kriyojenik s\u00fcrg\u00fcl\u00fc vanalar 1&quot; ila 24&quot; boyutlar\u0131nda mevcuttur ve -196\u00b0C ila +120\u00b0C \u00e7al\u0131\u015fma s\u0131cakl\u0131klar\u0131nda 1500LB&#039;ye kadar bas\u0131n\u00e7lar\u0131 korur. S\u00fcrg\u00fcl\u00fc vanalar paslanmaz \u00e7elikten imal edilmi\u015ftir.<\/p>\r\n\r\n\r\n\r\n<h2 class=\"wp-block-heading\" id=\"h-features-of-cryogenic-gate-valve\">Kriyojenik S\u00fcrg\u00fcl\u00fc Vanan\u0131n \u00d6zellikleri:<\/h2>\r\n\r\n\r\n\r\n<p>ZECO \u00e7elik d\u00f6k\u00fcm s\u00fcrg\u00fcl\u00fc vanalar\u0131n t\u00fcm temel tasar\u0131m \u00f6zellikleri, kriyojenik s\u0131cakl\u0131klardaki \u00f6zel servis ko\u015fullar\u0131na uyarlanm\u0131\u015ft\u0131r.<\/p>\r\n\r\n\r\n\r\n<p>EK TASARIM \u00d6ZELL\u0130KLER\u0130:<\/p>\r\n\r\n\r\n\r\n<ul class=\"wp-block-list\">\r\n<li>Genellikle m\u00fc\u015fteri taraf\u0131ndan belirlenen, yeterli gaz s\u00fctunu uzunlu\u011funa sahip uzat\u0131lm\u0131\u015f kapaklar, g\u00f6vde salmastras\u0131n\u0131 i\u015flevsel kalabilmek i\u00e7in so\u011fuk ak\u0131\u015fkandan yeterli mesafede tutmak amac\u0131yla t\u00fcm valfler i\u00e7in sa\u011flan\u0131r.<\/li>\r\n<li>Kriyojenik hizmet i\u00e7in CoCr ala\u015f\u0131ml\u0131 oturma y\u00fczeylerine sahip esnek takozlar.<\/li>\r\n<li>Temizleme: T\u00fcm kriyojenik vanalar iyice ya\u011fdan ar\u0131nd\u0131r\u0131l\u0131r ve temizlenir ve kirlenmeyi \u00f6nlemek i\u00e7in boru u\u00e7lar\u0131 kapat\u0131l\u0131r.<\/li>\r\n<li>D\u00fc\u015f\u00fck emisyonlu paketleme<\/li>\r\n<li>G\u00f6vde bo\u015flu\u011fundaki bas\u0131n\u00e7 art\u0131\u015f\u0131n\u0131 \u00f6nlemek i\u00e7in yukar\u0131 ak\u0131\u015f ve arka koltuk aras\u0131nda hava alma deli\u011fi.<\/li>\r\n<li>K\u00f6k\u00fcn dengesiz yap\u0131s\u0131n\u0131 \u00f6nleyin<\/li>\r\n<\/ul>\r\n\r\n\r\n\r\n<h2 class=\"wp-block-heading\" id=\"h-material-of-cryogenic-gate-valve\">Kriyojenik S\u00fcrg\u00fcl\u00fc Vana Malzemesi:<\/h2>\r\n\r\n\r\n\r\n<figure class=\"wp-block-table is-style-stripes\">\r\n<table>\r\n<tbody>\r\n<tr>\r\n<td>Hay\u0131r<\/td>\r\n<td>Par\u00e7a<\/td>\r\n<td>Malzeme<\/td>\r\n<\/tr>\r\n<tr>\r\n<td>1<\/td>\r\n<td>V\u00fccut<\/td>\r\n<td>ASTM A350 LF3<\/td>\r\n<\/tr>\r\n<tr>\r\n<td>2<\/td>\r\n<td>Koltuk Halkas\u0131<\/td>\r\n<td>ASTM A276 410 + STL<\/td>\r\n<\/tr>\r\n<tr>\r\n<td>3<\/td>\r\n<td>Kama<\/td>\r\n<td>ASTM A350 LF3 + STL<\/td>\r\n<\/tr>\r\n<tr>\r\n<td>4<\/td>\r\n<td>K\u00f6k<\/td>\r\n<td>ASTM A182 F6<\/td>\r\n<\/tr>\r\n<tr>\r\n<td>5<\/td>\r\n<td>Kaput Contas\u0131<\/td>\r\n<td>Grafit + SS316<\/td>\r\n<\/tr>\r\n<tr>\r\n<td>6<\/td>\r\n<td>Kaput C\u0131vatas\u0131<\/td>\r\n<td>ASTM A193 B16<\/td>\r\n<\/tr>\r\n<tr>\r\n<td>7<\/td>\r\n<td>Kaput Somunu<\/td>\r\n<td>ASTM A194 4<\/td>\r\n<\/tr>\r\n<tr>\r\n<td>8<\/td>\r\n<td>Bone<\/td>\r\n<td>ASTM A350 LF3<\/td>\r\n<\/tr>\r\n<tr>\r\n<td>9<\/td>\r\n<td>Arka Koltuk<\/td>\r\n<td>ASTM A182 410<\/td>\r\n<\/tr>\r\n<tr>\r\n<td>10<\/td>\r\n<td>K\u00f6k Ambalaj<\/td>\r\n<td>G\u00fc\u00e7lendirilmi\u015f Grafit<\/td>\r\n<\/tr>\r\n<tr>\r\n<td>11<\/td>\r\n<td>El \u00c7ark\u0131<\/td>\r\n<td>KTH330-08<\/td>\r\n<\/tr>\r\n<\/tbody>\r\n<\/table>\r\n<\/figure>","protected":false},"excerpt":{"rendered":"<p>Kriyojenik s\u00fcrg\u00fcl\u00fc vanalar, \u00f6zel hizmet ko\u015fullar\u0131na uyarlanm\u0131\u015ft\u0131r, -40\u00b0C&#039;nin alt\u0131ndaki s\u0131cakl\u0131klarda etkili bir \u015fekilde \u00e7al\u0131\u015facak \u015fekilde tasarlanm\u0131\u015ft\u0131r ve \u00e7o\u011funlukla \u2026 <a title=\"Kriyojenik S\u00fcrg\u00fcl\u00fc Vana\" class=\"read-more\" href=\"https:\/\/zecovalve.com\/tr\/urun\/cryogenic-gate-valve\" aria-label=\"Kriyojenik S\u00fcrg\u00fcl\u00fc Vana hakk\u0131nda daha fazlas\u0131\">Daha fazla bilgi edinin<\/a><\/p>","protected":false},"featured_media":27885,"comment_status":"closed","ping_status":"closed","template":"","meta":{"_generate-full-width-content":"","kt_blocks_editor_width":""},"product_cat":[2052,2454],"product_tag":[2798],"class_list":["post-16112","product","type-product","status-publish","has-post-thumbnail","hentry","product_cat-gate-valve","product_cat-gate-valve-by-material","product_tag-osy-valve","sales-flash-overlay","woocommerce-text-align-center","woocommerce-image-align-center","do-quantity-buttons"],"featured_image_src_large":["https:\/\/zecovalve.com\/wp-content\/uploads\/2022\/06\/Cryogenic-Gate-Valve-1.jpg",800,600,false],"author_info":[],"comment_info":0,"taxonomy_info":{"product_cat":[{"value":2052,"label":"Gate Valve"},{"value":2454,"label":"Gate Valve By Material"}],"product_tag":[{"value":2798,"label":"OS&amp;Y Valve"}]},"yoast_head":"<!-- This site is optimized with the Yoast SEO Premium plugin v15.4 - https:\/\/yoast.com\/wordpress\/plugins\/seo\/ -->\n<title>Cryogenic Gate Valve - Cryogenic Valve Manufacturer | ZECO Valve<\/title>\n<meta name=\"robots\" content=\"index, follow, max-snippet:-1, max-image-preview:large, max-video-preview:-1\" \/>\n<link rel=\"canonical\" href=\"https:\/\/zecovalve.com\/tr\/urun\/cryogenic-gate-valve\" \/>\n<meta property=\"og:locale\" content=\"tr_TR\" \/>\n<meta property=\"og:type\" content=\"article\" \/>\n<meta property=\"og:title\" content=\"Cryogenic Gate Valve - Cryogenic Valve Manufacturer | ZECO Valve\" \/>\n<meta property=\"og:description\" content=\"Cryogenic gate valves are adapted to special conditions of service, being designed to operate effectively at temperatures below -40\u00baC, mainly used in ... Read more\" \/>\n<meta property=\"og:url\" content=\"https:\/\/zecovalve.com\/tr\/urun\/cryogenic-gate-valve\" \/>\n<meta property=\"og:site_name\" content=\"ZECO Valve\" \/>\n<meta property=\"article:modified_time\" content=\"2023-06-15T12:44:16+00:00\" \/>\n<meta property=\"og:image\" content=\"https:\/\/zecovalve.com\/wp-content\/uploads\/2022\/06\/Cryogenic-Gate-Valve-1.jpg\" \/>\n\t<meta property=\"og:image:width\" content=\"800\" \/>\n\t<meta property=\"og:image:height\" content=\"600\" \/>\n<meta name=\"twitter:card\" content=\"summary_large_image\" \/>\n<meta name=\"twitter:label1\" content=\"Yazan:\">\n\t<meta name=\"twitter:data1\" content=\"Jerry\">\n\t<meta name=\"twitter:label2\" content=\"Tahmini okuma s\u00fcresi\">\n\t<meta name=\"twitter:data2\" content=\"2 dakika\">\n<script type=\"application\/ld+json\" class=\"yoast-schema-graph\">{\"@context\":\"https:\/\/schema.org\",\"@graph\":[{\"@type\":\"WebSite\",\"@id\":\"https:\/\/zecovalve.com\/#website\",\"url\":\"https:\/\/zecovalve.com\/\",\"name\":\"ZECO Valve\",\"description\":\"Industrial Ball Valve, Gate Valve and Globe Valve Manufacturer\",\"potentialAction\":[{\"@type\":\"SearchAction\",\"target\":\"https:\/\/zecovalve.com\/?s={search_term_string}\",\"query-input\":\"required name=search_term_string\"}],\"inLanguage\":\"tr\"},{\"@type\":\"ImageObject\",\"@id\":\"https:\/\/zecovalve.com\/product\/cryogenic-gate-valve#primaryimage\",\"inLanguage\":\"tr\",\"url\":\"https:\/\/zecovalve.com\/wp-content\/uploads\/2022\/06\/Cryogenic-Gate-Valve-1.jpg\",\"width\":800,\"height\":600,\"caption\":\"Cryogenic Gate Valve\"},{\"@type\":\"WebPage\",\"@id\":\"https:\/\/zecovalve.com\/product\/cryogenic-gate-valve#webpage\",\"url\":\"https:\/\/zecovalve.com\/product\/cryogenic-gate-valve\",\"name\":\"Cryogenic Gate Valve - Cryogenic Valve Manufacturer | ZECO Valve\",\"isPartOf\":{\"@id\":\"https:\/\/zecovalve.com\/#website\"},\"primaryImageOfPage\":{\"@id\":\"https:\/\/zecovalve.com\/product\/cryogenic-gate-valve#primaryimage\"},\"datePublished\":\"2022-06-19T03:57:44+00:00\",\"dateModified\":\"2023-06-15T12:44:16+00:00\",\"breadcrumb\":{\"@id\":\"https:\/\/zecovalve.com\/product\/cryogenic-gate-valve#breadcrumb\"},\"inLanguage\":\"tr\",\"potentialAction\":[{\"@type\":\"ReadAction\",\"target\":[\"https:\/\/zecovalve.com\/product\/cryogenic-gate-valve\"]}]},{\"@type\":\"BreadcrumbList\",\"@id\":\"https:\/\/zecovalve.com\/product\/cryogenic-gate-valve#breadcrumb\",\"itemListElement\":[{\"@type\":\"ListItem\",\"position\":1,\"item\":{\"@type\":\"WebPage\",\"@id\":\"https:\/\/zecovalve.com\/\",\"url\":\"https:\/\/zecovalve.com\/\",\"name\":\"Home\"}},{\"@type\":\"ListItem\",\"position\":2,\"item\":{\"@type\":\"WebPage\",\"@id\":\"https:\/\/zecovalve.com\/product-category\",\"url\":\"https:\/\/zecovalve.com\/product-category\",\"name\":\"Industrial Valve Manufacturer | Water Valve Manufacturer\"}},{\"@type\":\"ListItem\",\"position\":3,\"item\":{\"@type\":\"WebPage\",\"@id\":\"https:\/\/zecovalve.com\/product\/cryogenic-gate-valve\",\"url\":\"https:\/\/zecovalve.com\/product\/cryogenic-gate-valve\",\"name\":\"Cryogenic Gate Valve\"}}]}]}<\/script>\n<!-- \/ Yoast SEO Premium plugin. -->","_links":{"self":[{"href":"https:\/\/zecovalve.com\/tr\/wp-json\/wp\/v2\/product\/16112","targetHints":{"allow":["GET"]}}],"collection":[{"href":"https:\/\/zecovalve.com\/tr\/wp-json\/wp\/v2\/product"}],"about":[{"href":"https:\/\/zecovalve.com\/tr\/wp-json\/wp\/v2\/types\/product"}],"replies":[{"embeddable":true,"href":"https:\/\/zecovalve.com\/tr\/wp-json\/wp\/v2\/comments?post=16112"}],"wp:featuredmedia":[{"embeddable":true,"href":"https:\/\/zecovalve.com\/tr\/wp-json\/wp\/v2\/media\/27885"}],"wp:attachment":[{"href":"https:\/\/zecovalve.com\/tr\/wp-json\/wp\/v2\/media?parent=16112"}],"wp:term":[{"taxonomy":"product_cat","embeddable":true,"href":"https:\/\/zecovalve.com\/tr\/wp-json\/wp\/v2\/product_cat?post=16112"},{"taxonomy":"product_tag","embeddable":true,"href":"https:\/\/zecovalve.com\/tr\/wp-json\/wp\/v2\/product_tag?post=16112"}],"curies":[{"name":"wp","href":"https:\/\/api.w.org\/{rel}","templated":true}]}}