{"id":16114,"date":"2022-06-19T04:02:31","date_gmt":"2022-06-19T04:02:31","guid":{"rendered":"https:\/\/zecovalve.com\/?post_type=product&#038;p=16114"},"modified":"2023-06-07T07:02:13","modified_gmt":"2023-06-07T07:02:13","slug":"stainless-steel-ball-valve","status":"publish","type":"product","link":"https:\/\/zecovalve.com\/tr\/urun\/stainless-steel-ball-valve","title":{"rendered":"2\u2033 Paslanmaz \u00c7elik K\u00fcresel Vana"},"content":{"rendered":"<p>ZECO Vana, paslanmaz \u00e7elik k\u00fcresel vana, karbon \u00e7elik k\u00fcresel vana ve dubleks paslanmaz \u00e7elik k\u00fcresel vana dahil olmak \u00fczere \u00e7e\u015fitli k\u00fcresel vana t\u00fcrleri \u00fcreten profesyonel bir k\u00fcresel vana \u00fcreticisidir.<\/p>\r\n\r\n\r\n\r\n<div class=\"wp-block-columns is-layout-flex wp-container-core-columns-is-layout-9d6595d7 wp-block-columns-is-layout-flex\">\r\n<div class=\"wp-block-column is-layout-flow wp-block-column-is-layout-flow\">\r\n<figure class=\"wp-block-image size-large\"><img decoding=\"async\" src=\"https:\/\/zecovalve.com\/wp-content\/uploads\/2022\/06\/stainless-steel-ball-valve-1-300x225.jpg\" alt=\"\" \/><\/figure>\r\n<\/div>\r\n\r\n\r\n\r\n<div class=\"wp-block-column is-layout-flow wp-block-column-is-layout-flow\">\r\n<figure class=\"wp-block-image size-large\"><img decoding=\"async\" src=\"https:\/\/zecovalve.com\/wp-content\/uploads\/2022\/06\/stainless-steel-ball-valve-2-300x225.jpg\" alt=\"\" \/><\/figure>\r\n<\/div>\r\n\r\n\r\n\r\n<div class=\"wp-block-column is-layout-flow wp-block-column-is-layout-flow\">\r\n<figure class=\"wp-block-image size-large\"><img decoding=\"async\" src=\"https:\/\/zecovalve.com\/wp-content\/uploads\/2022\/06\/stainless-steel-ball-valve-3-300x225.jpg\" alt=\"\" \/><\/figure>\r\n<\/div>\r\n\r\n\r\n\r\n<div class=\"wp-block-column is-layout-flow wp-block-column-is-layout-flow\">\r\n<figure class=\"wp-block-image size-large\"><img decoding=\"async\" src=\"https:\/\/zecovalve.com\/wp-content\/uploads\/2022\/06\/stainless-steel-ball-valve-4-300x225.jpg\" alt=\"\" \/><\/figure>\r\n<\/div>\r\n<\/div>\r\n\r\n\r\n\r\n<div class=\"wp-block-columns is-layout-flex wp-container-core-columns-is-layout-9d6595d7 wp-block-columns-is-layout-flex\">\r\n<div class=\"wp-block-column is-layout-flow wp-block-column-is-layout-flow\">\r\n<figure class=\"wp-block-image size-full is-resized\"><img loading=\"lazy\" decoding=\"async\" class=\"wp-image-16119\" src=\"https:\/\/zecovalve.com\/wp-content\/uploads\/2022\/06\/stainless-steel-ball-valve-5.jpg\" alt=\"\" width=\"400\" height=\"300\" srcset=\"https:\/\/zecovalve.com\/wp-content\/uploads\/2022\/06\/stainless-steel-ball-valve-5.jpg 800w, https:\/\/zecovalve.com\/wp-content\/uploads\/2022\/06\/stainless-steel-ball-valve-5-300x225.jpg 300w, https:\/\/zecovalve.com\/wp-content\/uploads\/2022\/06\/stainless-steel-ball-valve-5-768x576.jpg 768w, https:\/\/zecovalve.com\/wp-content\/uploads\/2022\/06\/stainless-steel-ball-valve-5-600x450.jpg 600w\" sizes=\"auto, (max-width: 400px) 100vw, 400px\" \/><\/figure>\r\n<\/div>\r\n\r\n\r\n\r\n<div class=\"wp-block-column is-layout-flow wp-block-column-is-layout-flow\">\r\n<figure class=\"wp-block-image size-full is-resized\"><img loading=\"lazy\" decoding=\"async\" class=\"wp-image-16120\" src=\"https:\/\/zecovalve.com\/wp-content\/uploads\/2022\/06\/stainless-steel-ball-valve-6.jpg\" alt=\"\" width=\"400\" height=\"300\" srcset=\"https:\/\/zecovalve.com\/wp-content\/uploads\/2022\/06\/stainless-steel-ball-valve-6.jpg 800w, https:\/\/zecovalve.com\/wp-content\/uploads\/2022\/06\/stainless-steel-ball-valve-6-300x225.jpg 300w, https:\/\/zecovalve.com\/wp-content\/uploads\/2022\/06\/stainless-steel-ball-valve-6-768x576.jpg 768w, https:\/\/zecovalve.com\/wp-content\/uploads\/2022\/06\/stainless-steel-ball-valve-6-600x450.jpg 600w\" sizes=\"auto, (max-width: 400px) 100vw, 400px\" \/><\/figure>\r\n<\/div>\r\n\r\n\r\n\r\n<div class=\"wp-block-column is-layout-flow wp-block-column-is-layout-flow\">\r\n<figure class=\"wp-block-image size-full is-resized\"><img loading=\"lazy\" decoding=\"async\" class=\"wp-image-16121\" src=\"https:\/\/zecovalve.com\/wp-content\/uploads\/2022\/06\/stainless-steel-ball-valve-7.jpg\" alt=\"\" width=\"400\" height=\"300\" srcset=\"https:\/\/zecovalve.com\/wp-content\/uploads\/2022\/06\/stainless-steel-ball-valve-7.jpg 800w, https:\/\/zecovalve.com\/wp-content\/uploads\/2022\/06\/stainless-steel-ball-valve-7-300x225.jpg 300w, https:\/\/zecovalve.com\/wp-content\/uploads\/2022\/06\/stainless-steel-ball-valve-7-768x576.jpg 768w, https:\/\/zecovalve.com\/wp-content\/uploads\/2022\/06\/stainless-steel-ball-valve-7-600x450.jpg 600w\" sizes=\"auto, (max-width: 400px) 100vw, 400px\" \/><\/figure>\r\n<\/div>\r\n<\/div>\r\n\r\n\r\n<div class=\"gb-button-wrapper gb-button-wrapper-6d8495a3\">\r\n\r\n\r\n<p><a class=\"gb-button gb-button-3d442e11 gb-button-text\" href=\"https:\/\/zecovalve.com\/tr\/contact\/\" target=\"_blank\" rel=\"noopener noreferrer\"><strong>PASLANMAZ \u00c7ELIK K\u00dcRESEL VANA FIYATI ALIN<\/strong><\/a><\/p>\r\n<\/div>\r\n\r\n\r\n\r\n\r\n<h2 class=\"wp-block-heading\" id=\"h-what-is-a-2-stainless-steel-ball-valve\">2\u2033 Paslanmaz \u00c7elik K\u00fcresel Vana nedir?<\/h2>\r\n\r\n\r\n\r\n<p>ZECO paslanmaz \u00e7elik k\u00fcresel vana, korozif ortam i\u00e7eren boru hatlar\u0131nda yayg\u0131n olarak kullan\u0131lmaktad\u0131r. Paslanmaz \u00e7elik malzemeler, vana g\u00f6vdesinin, bilyenin ve s\u0131zd\u0131rmazl\u0131k y\u00fczeyinin korozif ortam nedeniyle ciddi \u015fekilde a\u015f\u0131nmas\u0131n\u0131, s\u0131zd\u0131rmazl\u0131\u011f\u0131n bozulmas\u0131n\u0131 ve hatta s\u0131z\u0131nt\u0131ya neden olmas\u0131n\u0131 \u00f6nlemek i\u00e7in korozyon \u00f6nleyici \u00f6zellikleriyle k\u00fcresel vanalar\u0131 kendi \u00f6zel ortam\u0131nda uzun s\u00fcre koruyabilir. ZECO'nun t\u00fcm paslanmaz \u00e7elik hammaddeleri i\u00e7in \u00f6zel bir gelen denetim s\u00fcreci vard\u0131r. Spektral analiz sayesinde malzemelerin depolanmadan ve i\u015flenmeden \u00f6nce uluslararas\u0131 standartlara uygun olup olmad\u0131\u011f\u0131 tespit edilebilmektedir. Ayr\u0131ca ZECO, denetim sonras\u0131nda hammaddeler i\u00e7in izlenebilirlik kay\u0131tlar\u0131na sahiptir. \u00dcr\u00fcn kullan\u0131c\u0131lara teslim edildi\u011finde, MTC arac\u0131l\u0131\u011f\u0131yla g\u00f6r\u00fcnt\u00fclenecek ve kullan\u0131c\u0131lara g\u00f6nderilecektir.<\/p>\r\n\r\n\r\n\r\n<h2 class=\"wp-block-heading\">2\u2033 Paslanmaz \u00c7elik K\u00fcresel Vana Uygulamalar\u0131<\/h2>\r\n\r\n\r\n\r\n<ul class=\"wp-block-list\">\r\n<li>Is\u0131tma-so\u011futma hatlar\u0131<\/li>\r\n<li>Yemek tesisleri<\/li>\r\n<li>Kimya end\u00fcstrisi<\/li>\r\n<li>Gemi \u0130n\u015faat\u0131<\/li>\r\n<li>Ka\u011f\u0131t fabrikalar\u0131<\/li>\r\n<\/ul>\r\n\r\n\r\n\r\n<h2 class=\"wp-block-heading\" id=\"h-features-of-2-stainless-steel-ball-valves\">2\u2033 Paslanmaz \u00c7elik K\u00fcresel Vanalar\u0131n \u00d6zellikleri:<\/h2>\r\n\r\n\r\n\r\n<ul class=\"wp-block-list\">\r\n<li>Paslanmaz \u00e7elik k\u00fcresel vanan\u0131n hareketli par\u00e7alar\u0131 olarak, k\u00fcre, g\u00f6vde ve kol bir montaj \u00fcnitesidir. Vana sap\u0131n\u0131n ba\u015f\u0131 diploid \u015feklindedir, b\u00f6ylece vanan\u0131n \"A\u00c7IK\" konumda m\u0131 yoksa \"KAPALI\" konumda m\u0131 oldu\u011fu sap konumundan kolayca ay\u0131rt edilebilir. Sap veya g\u00f6vde diploidi boru eksenine paralel oldu\u011funda, vana \"A\u00c7IK\" konumdad\u0131r; sap veya g\u00f6vde diploidi boru eksenine dikey oldu\u011funda, vana \"KAPALI\" konumdad\u0131r;<\/li>\r\n<li>ZECO paslanmaz \u00e7elik k\u00fcresel vana korozyona direnebilmesine ra\u011fmen, temel olarak korozyondan ka\u00e7\u0131nmas\u0131 zor olan a\u015f\u0131nd\u0131r\u0131c\u0131 ortamda kullan\u0131l\u0131r. Bu nedenle ZECO, \u00fcr\u00fcn\u00fcn korozif ortam\u0131n etkisinden uzak uzun s\u00fcreli hizmet \u00f6mr\u00fcn\u00fc sa\u011flamak i\u00e7in vana kal\u0131nl\u0131\u011f\u0131n\u0131n kal\u0131nl\u0131\u011f\u0131n\u0131 tasarlarken belirli bir miktar korozyon marj\u0131 b\u0131rakacakt\u0131r;<\/li>\r\n<li>ZECO paslanmaz \u00e7elik k\u00fcresel vana, kullan\u0131c\u0131lar\u0131n gereksinimlerine g\u00f6re NACE MR0175 standard\u0131na uygun olarak da i\u015flenebilir ve s\u00fclfit \u00e7evre ko\u015fullar\u0131n\u0131n teknolojik gereksinimlerini kar\u015f\u0131lamak i\u00e7in \u00fcretim s\u00fcrecinde kalite kontrol ve testler s\u0131k\u0131 bir \u015fekilde ger\u00e7ekle\u015ftirilir;<\/li>\r\n<li>ZECO paslanmaz \u00e7elik k\u00fcresel vana ayr\u0131ca yang\u0131ndan korunma yap\u0131s\u0131na ve anti-statik yap\u0131ya sahiptir.<\/li>\r\n<\/ul>\r\n\r\n\r\n\r\n<h2 class=\"wp-block-heading\" id=\"h-material-of-2-stainless-steel-ball-valves\">2\u2033 Paslanmaz \u00c7elik K\u00fcresel Vanalar\u0131n Malzemesi:<\/h2>\r\n\r\n\r\n\r\n<figure class=\"wp-block-table is-style-stripes\">\r\n<table>\r\n<tbody>\r\n<tr>\r\n<td>Hay\u0131r<\/td>\r\n<td>Par\u00e7a<\/td>\r\n<td>Malzeme<\/td>\r\n<\/tr>\r\n<tr>\r\n<td>1<\/td>\r\n<td>V\u00fccut<\/td>\r\n<td>ASTM A182 F316<\/td>\r\n<\/tr>\r\n<tr>\r\n<td>2<\/td>\r\n<td>Bone<\/td>\r\n<td>ASTM A182 F316<\/td>\r\n<\/tr>\r\n<tr>\r\n<td>3<\/td>\r\n<td>Top<\/td>\r\n<td>ASTM A182 F316<\/td>\r\n<\/tr>\r\n<tr>\r\n<td>4<\/td>\r\n<td>Koltuk<\/td>\r\n<td>ASTM A182 F316<\/td>\r\n<\/tr>\r\n<tr>\r\n<td>5<\/td>\r\n<td>K\u00f6k<\/td>\r\n<td>ASTM A276 316<\/td>\r\n<\/tr>\r\n<tr>\r\n<td>6<\/td>\r\n<td>Anti-statik Cihaz<\/td>\r\n<td>SS316<\/td>\r\n<\/tr>\r\n<tr>\r\n<td>7<\/td>\r\n<td>Conta<\/td>\r\n<td>Grafit + SS316<\/td>\r\n<\/tr>\r\n<tr>\r\n<td>8<\/td>\r\n<td>C\u0131vata<\/td>\r\n<td>ASTM A193 B8M<\/td>\r\n<\/tr>\r\n<tr>\r\n<td>9<\/td>\r\n<td>F\u0131nd\u0131k<\/td>\r\n<td>ASTM A194 8M<\/td>\r\n<\/tr>\r\n<tr>\r\n<td>10<\/td>\r\n<td>O-ring<\/td>\r\n<td>Viton A<\/td>\r\n<\/tr>\r\n<tr>\r\n<td>11<\/td>\r\n<td>Kol<\/td>\r\n<td>ASTM A276 304<\/td>\r\n<\/tr>\r\n<\/tbody>\r\n<\/table>\r\n<\/figure>","protected":false},"excerpt":{"rendered":"<p>ZECO Vana, paslanmaz \u00e7elik k\u00fcresel vana, karbon \u00e7eli\u011fi dahil olmak \u00fczere \u00e7e\u015fitli tipte k\u00fcresel vanalar \u00fcreten profesyonel bir k\u00fcresel vana \u00fcreticisidir\u2026 <a title=\"2\u2033 Paslanmaz \u00c7elik K\u00fcresel Vana\" class=\"read-more\" href=\"https:\/\/zecovalve.com\/tr\/urun\/stainless-steel-ball-valve\" aria-label=\"2\u2033 Paslanmaz \u00c7elik K\u00fcresel Vana hakk\u0131nda daha fazla bilgi\">Daha fazla bilgi edinin<\/a><\/p>","protected":false},"featured_media":27851,"comment_status":"closed","ping_status":"closed","template":"","meta":{"_generate-full-width-content":"","kt_blocks_editor_width":""},"product_cat":[2047,2461,2465],"product_tag":[2804,3254,3244,2832],"class_list":["post-16114","product","type-product","status-publish","has-post-thumbnail","hentry","product_cat-ball-valve","product_cat-ball-valve-by-material","product_cat-forged-steel-ball-valve","product_tag-2-inch-ball-valve","product_tag-ball-valve-stainless-steel","product_tag-stainless-ball-valve","product_tag-stainless-steel-ball-valve","sales-flash-overlay","woocommerce-text-align-center","woocommerce-image-align-center","do-quantity-buttons"],"featured_image_src_large":["https:\/\/zecovalve.com\/wp-content\/uploads\/2022\/06\/2-Stainlesss-Stell-Ball-Valve.jpg",800,600,false],"author_info":[],"comment_info":0,"taxonomy_info":{"product_cat":[{"value":2047,"label":"Ball Valve"},{"value":2461,"label":"Ball Valve By Material"},{"value":2465,"label":"Forged Ball Valve"}],"product_tag":[{"value":2804,"label":"2 inch Ball Valve"},{"value":3254,"label":"Ball Valve Stainless Steel"},{"value":3244,"label":"Stainless Ball Valve"},{"value":2832,"label":"Stainless Steel Ball Valve"}]},"yoast_head":"<!-- This site is optimized with the Yoast SEO Premium plugin v15.4 - https:\/\/yoast.com\/wordpress\/plugins\/seo\/ -->\n<title>2&quot; Stainless Steel Ball Valve - Stainless Steel Ball Valve Manufacturer | ZECO<\/title>\n<meta name=\"robots\" content=\"index, follow, max-snippet:-1, max-image-preview:large, max-video-preview:-1\" \/>\n<link rel=\"canonical\" href=\"https:\/\/zecovalve.com\/tr\/urun\/stainless-steel-ball-valve\" \/>\n<meta property=\"og:locale\" content=\"tr_TR\" \/>\n<meta property=\"og:type\" content=\"article\" \/>\n<meta property=\"og:title\" content=\"2&quot; Stainless Steel Ball Valve - Stainless Steel Ball Valve Manufacturer | ZECO\" \/>\n<meta property=\"og:description\" content=\"ZECO Valve is a professional ball valve manufacturer, producing various types of ball valves which including stainless stell ball valve, carbon steel ... Read more\" \/>\n<meta property=\"og:url\" content=\"https:\/\/zecovalve.com\/tr\/urun\/stainless-steel-ball-valve\" \/>\n<meta property=\"og:site_name\" content=\"ZECO Valve\" \/>\n<meta property=\"article:modified_time\" content=\"2023-06-07T07:02:13+00:00\" \/>\n<meta property=\"og:image\" content=\"https:\/\/zecovalve.com\/wp-content\/uploads\/2022\/06\/2-Stainlesss-Stell-Ball-Valve.jpg\" \/>\n\t<meta property=\"og:image:width\" content=\"800\" \/>\n\t<meta property=\"og:image:height\" content=\"600\" \/>\n<meta name=\"twitter:card\" content=\"summary_large_image\" \/>\n<meta name=\"twitter:label1\" content=\"Yazan:\">\n\t<meta name=\"twitter:data1\" content=\"Jerry\">\n\t<meta name=\"twitter:label2\" content=\"Tahmini okuma s\u00fcresi\">\n\t<meta name=\"twitter:data2\" content=\"2 dakika\">\n<script type=\"application\/ld+json\" class=\"yoast-schema-graph\">{\"@context\":\"https:\/\/schema.org\",\"@graph\":[{\"@type\":\"WebSite\",\"@id\":\"https:\/\/zecovalve.com\/#website\",\"url\":\"https:\/\/zecovalve.com\/\",\"name\":\"ZECO Valve\",\"description\":\"Industrial Ball Valve, Gate Valve and Globe Valve Manufacturer\",\"potentialAction\":[{\"@type\":\"SearchAction\",\"target\":\"https:\/\/zecovalve.com\/?s={search_term_string}\",\"query-input\":\"required name=search_term_string\"}],\"inLanguage\":\"tr\"},{\"@type\":\"ImageObject\",\"@id\":\"https:\/\/zecovalve.com\/product\/stainless-steel-ball-valve#primaryimage\",\"inLanguage\":\"tr\",\"url\":\"https:\/\/zecovalve.com\/wp-content\/uploads\/2022\/06\/2-Stainlesss-Stell-Ball-Valve.jpg\",\"width\":800,\"height\":600,\"caption\":\"2 Stainlesss Stell Ball Valve\"},{\"@type\":\"WebPage\",\"@id\":\"https:\/\/zecovalve.com\/product\/stainless-steel-ball-valve#webpage\",\"url\":\"https:\/\/zecovalve.com\/product\/stainless-steel-ball-valve\",\"name\":\"2\\\" Stainless Steel Ball Valve - Stainless Steel Ball Valve Manufacturer | ZECO\",\"isPartOf\":{\"@id\":\"https:\/\/zecovalve.com\/#website\"},\"primaryImageOfPage\":{\"@id\":\"https:\/\/zecovalve.com\/product\/stainless-steel-ball-valve#primaryimage\"},\"datePublished\":\"2022-06-19T04:02:31+00:00\",\"dateModified\":\"2023-06-07T07:02:13+00:00\",\"breadcrumb\":{\"@id\":\"https:\/\/zecovalve.com\/product\/stainless-steel-ball-valve#breadcrumb\"},\"inLanguage\":\"tr\",\"potentialAction\":[{\"@type\":\"ReadAction\",\"target\":[\"https:\/\/zecovalve.com\/product\/stainless-steel-ball-valve\"]}]},{\"@type\":\"BreadcrumbList\",\"@id\":\"https:\/\/zecovalve.com\/product\/stainless-steel-ball-valve#breadcrumb\",\"itemListElement\":[{\"@type\":\"ListItem\",\"position\":1,\"item\":{\"@type\":\"WebPage\",\"@id\":\"https:\/\/zecovalve.com\/\",\"url\":\"https:\/\/zecovalve.com\/\",\"name\":\"Home\"}},{\"@type\":\"ListItem\",\"position\":2,\"item\":{\"@type\":\"WebPage\",\"@id\":\"https:\/\/zecovalve.com\/product-category\",\"url\":\"https:\/\/zecovalve.com\/product-category\",\"name\":\"Industrial Valve Manufacturer | Water Valve Manufacturer\"}},{\"@type\":\"ListItem\",\"position\":3,\"item\":{\"@type\":\"WebPage\",\"@id\":\"https:\/\/zecovalve.com\/product\/stainless-steel-ball-valve\",\"url\":\"https:\/\/zecovalve.com\/product\/stainless-steel-ball-valve\",\"name\":\"2&#8243; Stainless Steel Ball Valve\"}}]}]}<\/script>\n<!-- \/ Yoast SEO Premium plugin. -->","_links":{"self":[{"href":"https:\/\/zecovalve.com\/tr\/wp-json\/wp\/v2\/product\/16114","targetHints":{"allow":["GET"]}}],"collection":[{"href":"https:\/\/zecovalve.com\/tr\/wp-json\/wp\/v2\/product"}],"about":[{"href":"https:\/\/zecovalve.com\/tr\/wp-json\/wp\/v2\/types\/product"}],"replies":[{"embeddable":true,"href":"https:\/\/zecovalve.com\/tr\/wp-json\/wp\/v2\/comments?post=16114"}],"wp:featuredmedia":[{"embeddable":true,"href":"https:\/\/zecovalve.com\/tr\/wp-json\/wp\/v2\/media\/27851"}],"wp:attachment":[{"href":"https:\/\/zecovalve.com\/tr\/wp-json\/wp\/v2\/media?parent=16114"}],"wp:term":[{"taxonomy":"product_cat","embeddable":true,"href":"https:\/\/zecovalve.com\/tr\/wp-json\/wp\/v2\/product_cat?post=16114"},{"taxonomy":"product_tag","embeddable":true,"href":"https:\/\/zecovalve.com\/tr\/wp-json\/wp\/v2\/product_tag?post=16114"}],"curies":[{"name":"wp","href":"https:\/\/api.w.org\/{rel}","templated":true}]}}