{"id":16125,"date":"2022-06-19T04:25:15","date_gmt":"2022-06-19T04:25:15","guid":{"rendered":"https:\/\/zecovalve.com\/?post_type=product&#038;p=16125"},"modified":"2023-06-07T14:06:21","modified_gmt":"2023-06-07T14:06:21","slug":"6-inch-gate-valve","status":"publish","type":"product","link":"https:\/\/zecovalve.com\/tr\/urun\/6-inch-gate-valve","title":{"rendered":"6 in\u00e7 S\u00fcrg\u00fcl\u00fc Vana"},"content":{"rendered":"<p>S\u00fcrg\u00fcl\u00fc vana 6 in\u00e7, vana boyutunun 6 in\u00e7 oldu\u011fu ve DN cinsinden DN150 oldu\u011fu anlam\u0131na gelir.<\/p>\r\n\r\n\r\n\r\n<figure class=\"wp-block-image alignnone size-medium wp-image-16126\">\r\n<p><img loading=\"lazy\" decoding=\"async\" class=\"wp-image-27875 size-medium\" src=\"https:\/\/zecovalve.com\/wp-content\/uploads\/2022\/06\/High-Pressure-Gate-Valve-1-300x225.jpg\" alt=\"6 in\u00e7 S\u00fcrg\u00fcl\u00fc Vana\" width=\"300\" height=\"225\" srcset=\"https:\/\/zecovalve.com\/wp-content\/uploads\/2022\/06\/High-Pressure-Gate-Valve-1-300x225.jpg 300w, https:\/\/zecovalve.com\/wp-content\/uploads\/2022\/06\/High-Pressure-Gate-Valve-1-768x576.jpg 768w, https:\/\/zecovalve.com\/wp-content\/uploads\/2022\/06\/High-Pressure-Gate-Valve-1-600x450.jpg 600w, https:\/\/zecovalve.com\/wp-content\/uploads\/2022\/06\/High-Pressure-Gate-Valve-1.jpg 800w\" sizes=\"auto, (max-width: 300px) 100vw, 300px\" \/><\/p>\r\n<\/figure>\r\n\r\n\r\n<div class=\"gb-button-wrapper gb-button-wrapper-6d8495a3\">\r\n\r\n\r\n<p><a class=\"gb-button gb-button-3d442e11 gb-button-text\" href=\"mailto:commercial@zecovalve.com\" target=\"_blank\" rel=\"noopener noreferrer\"><strong>6\u2033 S\u00dcRG\u00dcL\u00dc VANA FIYATI ALIN<\/strong><\/a><\/p>\r\n<\/div>\r\n\r\n\r\n\r\n\r\n<h2 class=\"wp-block-heading\" id=\"h-what-is-a-6-inch-gate-valve\">6 in\u00e7 S\u00fcrg\u00fcl\u00fc Vana nedir?<\/h2>\r\n\r\n\r\n\r\n<p>ZECO 6 in\u00e7 s\u00fcrg\u00fcl\u00fc vanan\u0131n t\u00fcm d\u00f6k\u00fcm ve d\u00f6vme par\u00e7alar\u0131, \u00f6zellikle g\u00f6vde ve kapak ana bas\u0131n\u00e7 bile\u015fenlerinden ikisi, a\u011f\u0131r b\u00f6l\u00fcmlerin yo\u011funlu\u011funu g\u00fc\u00e7lendirmek i\u00e7in kullan\u0131l\u0131r, ancak ZECO g\u00f6vdesi, kapak kal\u0131nl\u0131\u011f\u0131 standartlara uygundur, tasar\u0131m\u0131n a\u011f\u0131r b\u00f6l\u00fcmleri \u00fcr\u00fcn\u00fc daha garantili hale getirebilir, \u00fcr\u00fcn\u00fcn uzun hizmet \u00f6mr\u00fcn\u00fc sa\u011flamak i\u00e7in a\u015f\u0131nd\u0131r\u0131c\u0131 ortamda \u00f6denek.ZECO, hammaddelerin sat\u0131n al\u0131nmas\u0131na ve denetlenmesine b\u00fcy\u00fck \u00f6nem vermektedir \u00e7\u00fcnk\u00fc ZECO, hammaddeler s\u0131k\u0131 bir \u015fekilde kontrol edilmezse, sonraki a\u015famada i\u015fleme teknolojisi ve tespit ara\u00e7lar\u0131 ne kadar iyi olursa olsun, kaynaktan gelen niteliksiz \u00fcr\u00fcnleri m\u00fckemmel \u00fcr\u00fcnlere d\u00f6n\u00fc\u015ft\u00fcremeyeceklerini \u00e7ok iyi bilmektedir. Bu nedenle ZECO, valf \u00fcr\u00fcnlerini ad\u0131m ad\u0131m el sanatlar\u0131 \u00fcr\u00fcnleri rotas\u0131na do\u011fru yava\u015f\u00e7a ilerletmektedir.<\/p>\r\n\r\n\r\n\r\n<h2 class=\"wp-block-heading\" id=\"h-features-of-6-inch-gate-valve\">6 \u0130n\u00e7 S\u00fcrg\u00fcl\u00fc Vana \u00d6zellikleri:<\/h2>\r\n\r\n\r\n\r\n<ul class=\"wp-block-list\">\r\n<li>ZECO 6 in\u00e7 s\u00fcrg\u00fcl\u00fc vana \u00e7ok g\u00fcvenilir bak\u0131m performans\u0131na sahiptir. De\u011fi\u015ftirilebilir valf yata\u011f\u0131 tasar\u0131m\u0131, daha sonraki yatak hasarlar\u0131n\u0131n yerinde de\u011fi\u015ftirilebilmesini sa\u011flar. Ters \u00e7evrilmi\u015f conta tasar\u0131m\u0131, salmastra de\u011fi\u015ftirildi\u011finde \u00e7evrimi\u00e7i de\u011fi\u015fim sa\u011flar;<\/li>\r\n<li>ZECO 6 in\u00e7 s\u00fcrg\u00fcl\u00fc vana ta\u015f\u0131nd\u0131\u011f\u0131nda, paslanmaz \u00e7elik vana ve karbon \u00e7elik vana ayr\u0131 ayr\u0131 paketlenecektir, \u00e7\u00fcnk\u00fc oda s\u0131cakl\u0131\u011f\u0131nda, karbon \u00e7elik vana ve paslanmaz \u00e7elik vana temas etti\u011finde, an\u0131nda karbonlama fenomeni olmayacakt\u0131r ve paslanmaz \u00e7elik vanada korozyon noktalar\u0131 vard\u0131r. belirli bir s\u00fcre g\u00f6r\u00fcnecektir. Nemli bir ortamda, karbon vana ve paslanmaz \u00e7elik vana birlikte istiflenirse kimyasal reaksiyonlar \u00fcretmek kolayd\u0131r, bu nedenle paslanmaz \u00e7elik vanan\u0131n koruyucu tabakas\u0131na zarar verir ve paslanmaz \u00e7elik vana paslanmas\u0131na neden olur;<\/li>\r\n<li>Yakla\u015f\u0131k 30 y\u0131ll\u0131k s\u00fcrg\u00fcl\u00fc vana tasar\u0131m\u0131ndan sonra, ZECO 6 in\u00e7 s\u00fcrg\u00fcl\u00fc vana \u00fcr\u00fcnleri istikrarl\u0131 performansa ve hafif anahtarlama torkuna sahiptir;<\/li>\r\n<li>ZECO 6 in\u00e7 s\u00fcrg\u00fcl\u00fc vanan\u0131n tamam\u0131 kendi hassas d\u00f6k\u00fcm kal\u0131plar\u0131d\u0131r ve d\u00f6k\u00fcm kumu ince kum, g\u00fczel g\u00f6r\u00fcn\u00fcm ve net d\u00f6k\u00fcm karakterlerine sahiptir.<\/li>\r\n<\/ul>\r\n\r\n\r\n\r\n<h2 class=\"wp-block-heading\">6\u2033 S\u00fcrg\u00fcl\u00fc Vana \u00d6zellikleri<\/h2>\r\n\r\n\r\n\r\n<figure class=\"wp-block-table\">\r\n<table>\r\n<tbody>\r\n<tr>\r\n<td>Tasar\u0131m Onayland\u0131<\/td>\r\n<td>API 6D, API 600, BS 5163<\/td>\r\n<\/tr>\r\n<tr>\r\n<td>Delinmi\u015f Flan\u015flar Teyit Ediyor<\/td>\r\n<td>ASME B16.5, EN 1092-1, EN 1092-2<\/td>\r\n<\/tr>\r\n<tr>\r\n<td>S\u0131zd\u0131rmazl\u0131k Kontrol\u00fc<\/td>\r\n<td>API 598, ISO 5208, EN 12266-1<\/td>\r\n<\/tr>\r\n<tr>\r\n<td>Y\u00fcz Y\u00fcze Teyitler<\/td>\r\n<td>API 6D, ASME B16.10, BS 5163, EN 558-1<\/td>\r\n<\/tr>\r\n<tr>\r\n<td>Normal Bas\u0131n\u00e7<\/td>\r\n<td>S\u0131n\u0131f 150 ~ S\u0131n\u0131f 2500, PN10 ~ PN16<\/td>\r\n<\/tr>\r\n<tr>\r\n<td>Kabuk Test Bas\u0131nc\u0131<\/td>\r\n<td>1,5 * Tasar\u0131m Bas\u0131nc\u0131<\/td>\r\n<\/tr>\r\n<tr>\r\n<td>Conta Test Bas\u0131nc\u0131<\/td>\r\n<td>1.1 * Tasar\u0131m Bas\u0131nc\u0131 (Su)<\/td>\r\n<\/tr>\r\n<tr>\r\n<td>Conta Test Bas\u0131nc\u0131 (D\u00fc\u015f\u00fck Bas\u0131n\u00e7)<\/td>\r\n<td>6 Bar (Hava)<\/td>\r\n<\/tr>\r\n<\/tbody>\r\n<\/table>\r\n<\/figure>\r\n\r\n\r\n\r\n<h2 class=\"wp-block-heading\">6\u2033 S\u00fcrg\u00fcl\u00fc Vana Uygulamalar\u0131<\/h2>\r\n\r\n\r\n\r\n<ul class=\"wp-block-list\">\r\n<li>Kimyasal,<\/li>\r\n<li>Petrokimya,<\/li>\r\n<li>Petrol ve Gaz,<\/li>\r\n<li>Enerji Santrali,<\/li>\r\n<li>Genel End\u00fcstri.<\/li>\r\n<\/ul>\r\n\r\n\r\n\r\n<h2 class=\"wp-block-heading\">6\u2033 S\u00fcrg\u00fcl\u00fc Vana Boyutlar\u0131 ve A\u011f\u0131rl\u0131\u011f\u0131<\/h2>\r\n\r\n<table border=\"=1\" width=\"800\">\r\n<tbody>\r\n<tr>\r\n<td rowspan=\"2\">Bas\u0131n\u00e7 Derecesi\u00a0<\/td>\r\n<td>Delik<\/td>\r\n<td colspan=\"3\">\u00a0Y\u00fcz Y\u00fcze Boyut (mm cinsinden)\u00a0 \u00a0<\/td>\r\n<td>A\u011f\u0131rl\u0131k<\/td>\r\n<\/tr>\r\n<tr>\r\n<td>(mm cinsinden)<\/td>\r\n<td>RF<\/td>\r\n<td>BW<\/td>\r\n<td>RTJ<\/td>\r\n<td>kg<\/td>\r\n<\/tr>\r\n<tr>\r\n<td>SINIF 150<\/td>\r\n<td>150<\/td>\r\n<td>267<\/td>\r\n<td>403<\/td>\r\n<td>279<\/td>\r\n<td>85<\/td>\r\n<\/tr>\r\n<tr>\r\n<td>SINIF 300<\/td>\r\n<td>150<\/td>\r\n<td>403<\/td>\r\n<td>403<\/td>\r\n<td>419<\/td>\r\n<td>142<\/td>\r\n<\/tr>\r\n<tr>\r\n<td>SINIF 600<\/td>\r\n<td>150<\/td>\r\n<td>559<\/td>\r\n<td>559<\/td>\r\n<td>562<\/td>\r\n<td>285<\/td>\r\n<\/tr>\r\n<tr>\r\n<td>SINIF 900<\/td>\r\n<td>146<\/td>\r\n<td>610<\/td>\r\n<td>610<\/td>\r\n<td>613<\/td>\r\n<td>453<\/td>\r\n<\/tr>\r\n<tr>\r\n<td>SINIF 1500<\/td>\r\n<td>136<\/td>\r\n<td>705<\/td>\r\n<td>705<\/td>\r\n<td>711<\/td>\r\n<td>617<\/td>\r\n<\/tr>\r\n<tr>\r\n<td>SINIF 2500<\/td>\r\n<td>111<\/td>\r\n<td>914<\/td>\r\n<td>914<\/td>\r\n<td>927<\/td>\r\n<td>1590<\/td>\r\n<\/tr>\r\n<\/tbody>\r\n<\/table>\r\n\r\n<h2 class=\"wp-block-heading\" id=\"h-material-of-6-inch-gate-valve\">6 \u0130n\u00e7 S\u00fcrg\u00fcl\u00fc Vana Malzemesi:<\/h2>\r\n\r\n\r\n\r\n<figure class=\"wp-block-table is-style-stripes\">\r\n<table>\r\n<tbody>\r\n<tr>\r\n<td>Hay\u0131r<\/td>\r\n<td>Par\u00e7a<\/td>\r\n<td>Malzeme<\/td>\r\n<\/tr>\r\n<tr>\r\n<td>1<\/td>\r\n<td>V\u00fccut<\/td>\r\n<td>ASTM A351 CF3<\/td>\r\n<\/tr>\r\n<tr>\r\n<td>2<\/td>\r\n<td>Koltuk Halkas\u0131<\/td>\r\n<td>ASTM A182 F304L + STL<\/td>\r\n<\/tr>\r\n<tr>\r\n<td>3<\/td>\r\n<td>Kama<\/td>\r\n<td>ASTM A351 CF3 + STL<\/td>\r\n<\/tr>\r\n<tr>\r\n<td>4<\/td>\r\n<td>K\u00f6k<\/td>\r\n<td>ASTM A276 304L<\/td>\r\n<\/tr>\r\n<tr>\r\n<td>5<\/td>\r\n<td>Kaput Contas\u0131<\/td>\r\n<td>Grafit + SS304L<\/td>\r\n<\/tr>\r\n<tr>\r\n<td>6<\/td>\r\n<td>Kaput C\u0131vatas\u0131<\/td>\r\n<td>ASTM A193 B8<\/td>\r\n<\/tr>\r\n<tr>\r\n<td>7<\/td>\r\n<td>Kaput Somunu<\/td>\r\n<td>ASTM A194 8<\/td>\r\n<\/tr>\r\n<tr>\r\n<td>8<\/td>\r\n<td>Bone<\/td>\r\n<td>ASTM A351 CF3<\/td>\r\n<\/tr>\r\n<tr>\r\n<td>9<\/td>\r\n<td>Arka Koltuk<\/td>\r\n<td>ASTM A182 304L<\/td>\r\n<\/tr>\r\n<tr>\r\n<td>10<\/td>\r\n<td>K\u00f6k Ambalaj<\/td>\r\n<td>G\u00fc\u00e7lendirilmi\u015f Grafit<\/td>\r\n<\/tr>\r\n<tr>\r\n<td>11<\/td>\r\n<td>El \u00c7ark\u0131<\/td>\r\n<td>KTH330-08<\/td>\r\n<\/tr>\r\n<\/tbody>\r\n<\/table>\r\n<\/figure>","protected":false},"excerpt":{"rendered":"<p>S\u00fcrg\u00fcl\u00fc vana 6 in\u00e7, vana boyutunun 6 in\u00e7 oldu\u011fu anlam\u0131na gelir ve DN&#039;de DN150&#039;dir. 6 in\u00e7 nedir? <a title=\"6 in\u00e7 S\u00fcrg\u00fcl\u00fc Vana\" class=\"read-more\" href=\"https:\/\/zecovalve.com\/tr\/urun\/6-inch-gate-valve\" aria-label=\"6 in\u00e7 S\u00fcrg\u00fcl\u00fc Vana hakk\u0131nda daha fazlas\u0131\">Daha fazla bilgi edinin<\/a><\/p>","protected":false},"featured_media":27875,"comment_status":"closed","ping_status":"closed","template":"","meta":{"_generate-full-width-content":"","kt_blocks_editor_width":""},"product_cat":[2052,2458],"product_tag":[],"class_list":["post-16125","product","type-product","status-publish","has-post-thumbnail","hentry","product_cat-gate-valve","product_cat-gate-valve-by-inch","sales-flash-overlay","woocommerce-text-align-center","woocommerce-image-align-center","do-quantity-buttons"],"featured_image_src_large":["https:\/\/zecovalve.com\/wp-content\/uploads\/2022\/06\/High-Pressure-Gate-Valve-1.jpg",800,600,false],"author_info":[],"comment_info":0,"taxonomy_info":{"product_cat":[{"value":2052,"label":"Gate Valve"},{"value":2458,"label":"Gate Valve By Inch"}]},"yoast_head":"<!-- This site is optimized with the Yoast SEO Premium plugin v15.4 - https:\/\/yoast.com\/wordpress\/plugins\/seo\/ -->\n<title>Gate Valve 6 inch - Competitive 6&quot; Gate Valve Price | ZECO Valve<\/title>\n<meta name=\"robots\" content=\"index, follow, max-snippet:-1, max-image-preview:large, max-video-preview:-1\" \/>\n<link rel=\"canonical\" href=\"https:\/\/zecovalve.com\/tr\/urun\/6-inch-gate-valve\" \/>\n<meta property=\"og:locale\" content=\"tr_TR\" \/>\n<meta property=\"og:type\" content=\"article\" \/>\n<meta property=\"og:title\" content=\"Gate Valve 6 inch - Competitive 6&quot; Gate Valve Price | ZECO Valve\" \/>\n<meta property=\"og:description\" content=\"Gate valve 6 inch means the valve size is 6 inch, and in DN it is DN150. What is a 6 inch ... Read more\" \/>\n<meta property=\"og:url\" content=\"https:\/\/zecovalve.com\/tr\/urun\/6-inch-gate-valve\" \/>\n<meta property=\"og:site_name\" content=\"ZECO Valve\" \/>\n<meta property=\"article:modified_time\" content=\"2023-06-07T14:06:21+00:00\" \/>\n<meta property=\"og:image\" content=\"https:\/\/zecovalve.com\/wp-content\/uploads\/2022\/06\/High-Pressure-Gate-Valve-1.jpg\" \/>\n\t<meta property=\"og:image:width\" content=\"800\" \/>\n\t<meta property=\"og:image:height\" content=\"600\" \/>\n<meta name=\"twitter:card\" content=\"summary_large_image\" \/>\n<meta name=\"twitter:label1\" content=\"Yazan:\">\n\t<meta name=\"twitter:data1\" content=\"Jerry\">\n\t<meta name=\"twitter:label2\" content=\"Tahmini okuma s\u00fcresi\">\n\t<meta name=\"twitter:data2\" content=\"2 dakika\">\n<script type=\"application\/ld+json\" class=\"yoast-schema-graph\">{\"@context\":\"https:\/\/schema.org\",\"@graph\":[{\"@type\":\"WebSite\",\"@id\":\"https:\/\/zecovalve.com\/#website\",\"url\":\"https:\/\/zecovalve.com\/\",\"name\":\"ZECO Valve\",\"description\":\"Industrial Ball Valve, Gate Valve and Globe Valve Manufacturer\",\"potentialAction\":[{\"@type\":\"SearchAction\",\"target\":\"https:\/\/zecovalve.com\/?s={search_term_string}\",\"query-input\":\"required name=search_term_string\"}],\"inLanguage\":\"tr\"},{\"@type\":\"ImageObject\",\"@id\":\"https:\/\/zecovalve.com\/product\/6-inch-gate-valve#primaryimage\",\"inLanguage\":\"tr\",\"url\":\"https:\/\/zecovalve.com\/wp-content\/uploads\/2022\/06\/High-Pressure-Gate-Valve-1.jpg\",\"width\":800,\"height\":600,\"caption\":\"6 inch Gate Valve\"},{\"@type\":\"WebPage\",\"@id\":\"https:\/\/zecovalve.com\/product\/6-inch-gate-valve#webpage\",\"url\":\"https:\/\/zecovalve.com\/product\/6-inch-gate-valve\",\"name\":\"Gate Valve 6 inch - Competitive 6\\\" Gate Valve Price | ZECO Valve\",\"isPartOf\":{\"@id\":\"https:\/\/zecovalve.com\/#website\"},\"primaryImageOfPage\":{\"@id\":\"https:\/\/zecovalve.com\/product\/6-inch-gate-valve#primaryimage\"},\"datePublished\":\"2022-06-19T04:25:15+00:00\",\"dateModified\":\"2023-06-07T14:06:21+00:00\",\"breadcrumb\":{\"@id\":\"https:\/\/zecovalve.com\/product\/6-inch-gate-valve#breadcrumb\"},\"inLanguage\":\"tr\",\"potentialAction\":[{\"@type\":\"ReadAction\",\"target\":[\"https:\/\/zecovalve.com\/product\/6-inch-gate-valve\"]}]},{\"@type\":\"BreadcrumbList\",\"@id\":\"https:\/\/zecovalve.com\/product\/6-inch-gate-valve#breadcrumb\",\"itemListElement\":[{\"@type\":\"ListItem\",\"position\":1,\"item\":{\"@type\":\"WebPage\",\"@id\":\"https:\/\/zecovalve.com\/\",\"url\":\"https:\/\/zecovalve.com\/\",\"name\":\"Home\"}},{\"@type\":\"ListItem\",\"position\":2,\"item\":{\"@type\":\"WebPage\",\"@id\":\"https:\/\/zecovalve.com\/product-category\",\"url\":\"https:\/\/zecovalve.com\/product-category\",\"name\":\"Industrial Valve Manufacturer | Water Valve Manufacturer\"}},{\"@type\":\"ListItem\",\"position\":3,\"item\":{\"@type\":\"WebPage\",\"@id\":\"https:\/\/zecovalve.com\/product\/6-inch-gate-valve\",\"url\":\"https:\/\/zecovalve.com\/product\/6-inch-gate-valve\",\"name\":\"6 inch Gate Valve\"}}]}]}<\/script>\n<!-- \/ Yoast SEO Premium plugin. -->","_links":{"self":[{"href":"https:\/\/zecovalve.com\/tr\/wp-json\/wp\/v2\/product\/16125","targetHints":{"allow":["GET"]}}],"collection":[{"href":"https:\/\/zecovalve.com\/tr\/wp-json\/wp\/v2\/product"}],"about":[{"href":"https:\/\/zecovalve.com\/tr\/wp-json\/wp\/v2\/types\/product"}],"replies":[{"embeddable":true,"href":"https:\/\/zecovalve.com\/tr\/wp-json\/wp\/v2\/comments?post=16125"}],"wp:featuredmedia":[{"embeddable":true,"href":"https:\/\/zecovalve.com\/tr\/wp-json\/wp\/v2\/media\/27875"}],"wp:attachment":[{"href":"https:\/\/zecovalve.com\/tr\/wp-json\/wp\/v2\/media?parent=16125"}],"wp:term":[{"taxonomy":"product_cat","embeddable":true,"href":"https:\/\/zecovalve.com\/tr\/wp-json\/wp\/v2\/product_cat?post=16125"},{"taxonomy":"product_tag","embeddable":true,"href":"https:\/\/zecovalve.com\/tr\/wp-json\/wp\/v2\/product_tag?post=16125"}],"curies":[{"name":"wp","href":"https:\/\/api.w.org\/{rel}","templated":true}]}}