{"id":16127,"date":"2022-06-19T13:33:53","date_gmt":"2022-06-19T13:33:53","guid":{"rendered":"https:\/\/zecovalve.com\/?post_type=product&#038;p=16127"},"modified":"2023-06-15T12:38:01","modified_gmt":"2023-06-15T12:38:01","slug":"industrial-gate-valve","status":"publish","type":"product","link":"https:\/\/zecovalve.com\/tr\/urun\/industrial-gate-valve","title":{"rendered":"End\u00fcstriyel S\u00fcrg\u00fcl\u00fc Vana"},"content":{"rendered":"<p>ZECO Valve, API 600 onayl\u0131 S\u00fcrg\u00fcl\u00fc Vana \u00dcreticisidir.<\/p>\r\n\r\n\r\n\r\n<figure class=\"wp-block-image alignnone size-medium wp-image-16128\"><img loading=\"lazy\" decoding=\"async\" width=\"300\" height=\"225\" class=\"wp-image-16128\" src=\"https:\/\/zecovalve.com\/wp-content\/uploads\/2022\/06\/industrial-gate-valve-300x225.jpg\" alt=\"End\u00fcstriyel S\u00fcrg\u00fcl\u00fc Vana\" srcset=\"https:\/\/zecovalve.com\/wp-content\/uploads\/2022\/06\/industrial-gate-valve-300x225.jpg 300w, https:\/\/zecovalve.com\/wp-content\/uploads\/2022\/06\/industrial-gate-valve-768x576.jpg 768w, https:\/\/zecovalve.com\/wp-content\/uploads\/2022\/06\/industrial-gate-valve-600x450.jpg 600w, https:\/\/zecovalve.com\/wp-content\/uploads\/2022\/06\/industrial-gate-valve.jpg 800w\" sizes=\"auto, (max-width: 300px) 100vw, 300px\" \/><\/figure>\r\n\r\n\r\n<div class=\"gb-button-wrapper gb-button-wrapper-6d8495a3\">\r\n\r\n\r\n<p><a class=\"gb-button gb-button-3d442e11 gb-button-text\" href=\"https:\/\/zecovalve.com\/tr\/contact\/\" target=\"_blank\" rel=\"noopener noreferrer\"><strong>END\u00dcSTR\u0130YEL S\u00dcRG\u00dcL\u00dc VANA F\u0130YAT ALIN<\/strong><\/a><\/p>\r\n<\/div>\r\n\r\n\r\n\r\n\r\n<h2 class=\"wp-block-heading\">End\u00fcstriyel Vanalar Nedir?<\/h2>\r\n\r\n\r\n\r\n<p>End\u00fcstriyel uygulamalarda vanalar, boru sistemlerindeki medya hareketinin kontrol edilmesinde veya d\u00fczenlenmesinde hayati bir rol oynar. End\u00fcstriyel uygulamalar\u0131n geni\u015f kapsam\u0131, vana tasar\u0131m\u0131nda daha fazla \u00e7e\u015fitlili\u011fe olanak tan\u0131r.<\/p>\r\n\r\n\r\n\r\n<p>\u00c7o\u011fu, durdurma-ba\u015flatma mekanizmas\u0131 i\u00e7in olsa da, baz\u0131 valflerin ayn\u0131 zamanda k\u0131sma yetenekleri de vard\u0131r. Ek olarak vanalar manuel olarak veya akt\u00fcat\u00f6r\u00fc hareket ettiren bir di\u015fli kullan\u0131larak \u00e7al\u0131\u015ft\u0131r\u0131l\u0131r.<\/p>\r\n\r\n\r\n\r\n<p>Boru i\u015fiyle u\u011fra\u015fan herkes vanalar\u0131n \u00f6nemini anlamal\u0131d\u0131r. Vanalar\u0131n \u00e7al\u0131\u015fmas\u0131n\u0131 ve bak\u0131m\u0131n\u0131 bilmek bunlar\u0131n daha uzun \u00f6m\u00fcrl\u00fc olmas\u0131n\u0131 sa\u011flar. Ayr\u0131ca t\u00fcm borulama i\u015fleminin gecikme olmadan ger\u00e7ekle\u015fmesini sa\u011flar.<\/p>\r\n\r\n\r\n\r\n<p>Bu makalede end\u00fcstriyel vanalar hakk\u0131nda bilmeniz gereken her \u015fey anlat\u0131lmaktad\u0131r. Bu makalede farkl\u0131 valf fonksiyonlar\u0131 ve genel valf par\u00e7alar\u0131 yer almaktad\u0131r. Bu makalede ayr\u0131ca end\u00fcstriyel uygulamalarda yayg\u0131n olarak kullan\u0131lan vanalar tart\u0131\u015f\u0131lmaktad\u0131r.<\/p>\r\n\r\n\r\n\r\n<h2 class=\"wp-block-heading\" id=\"h-what-is-industrial-gate-valve\">End\u00fcstriyel S\u00fcrg\u00fcl\u00fc Vana Nedir?<\/h2>\r\n\r\n\r\n\r\n<p>End\u00fcstriyel S\u00fcrg\u00fcl\u00fc Vanalar veya \u201cBlok Vanalar\u201d, petrol ve gaz end\u00fcstrisinde en yayg\u0131n kullan\u0131lan vana t\u00fcr\u00fcd\u00fcr. S\u00fcrg\u00fcl\u00fc vanalar a\u00e7ma-kapama ak\u0131\u015f kontrol\u00fc i\u00e7in tasarlanm\u0131\u015ft\u0131r. Tamamen a\u00e7\u0131ld\u0131\u011f\u0131nda, s\u0131v\u0131 vanadan d\u00fcz bir \u00e7izgide akar ve bu da vana boyunca minimum bas\u0131n\u00e7 d\u00fc\u015f\u00fc\u015f\u00fcne neden olur.<\/p>\r\n\r\n\r\n\r\n<p>End\u00fcstriyel s\u00fcrg\u00fcl\u00fc vanalar hem yer \u00fcst\u00fc hem de yer alt\u0131 kurulumuna uygundur ve tamamen a\u00e7\u0131k veya tamamen kapal\u0131 hizmet i\u00e7in tasarlanm\u0131\u015ft\u0131r. Boru hatlar\u0131na izolasyon vanalar\u0131 olarak monte edilirler ve kontrol veya ayar vanas\u0131 olarak kullan\u0131lmamal\u0131d\u0131rlar.<\/p>\r\n\r\n\r\n\r\n<p>Bu vanalar paralel ve kama \u015feklinde olmak \u00fczere iki ana tipe ayr\u0131labilir. Paralel end\u00fcstriyel s\u00fcrg\u00fcl\u00fc vanalar, iki paralel yuva aras\u0131nda d\u00fcz bir ge\u00e7it kullan\u0131r. B\u0131\u00e7akl\u0131 s\u00fcrg\u00fcl\u00fc vana, kap\u0131n\u0131n alt k\u0131sm\u0131nda keskin bir kenar bulunan, bu \u015fekilde tasarlanm\u0131\u015f pop\u00fcler bir vanad\u0131r. Kama \u015feklindeki end\u00fcstriyel s\u00fcrg\u00fcl\u00fc vanalar iki e\u011fimli yuva ve hafif uyumsuz e\u011fimli bir kap\u0131 kullan\u0131r.<\/p>\r\n\r\n\r\n\r\n<p>End\u00fcstriyel s\u00fcrg\u00fcl\u00fc vanalar, konik kama tasar\u0131m\u0131na ve s\u0131k\u0131 bir kapatma sa\u011flamak i\u00e7in vana taban\u0131nda bir \u00e7\u00f6k\u00fcnt\u00fcye ihtiya\u00e7 duyan a\u00e7\u0131sal s\u0131zd\u0131rmazl\u0131k cihazlar\u0131na sahip, metal oturmal\u0131 bir kamayd\u0131. G\u00fcn\u00fcm\u00fczde esnek oturmal\u0131 s\u00fcrg\u00fcl\u00fc vanalar, kum ve \u00e7ak\u0131llar\u0131n vana i\u00e7inde serbest\u00e7e ge\u00e7i\u015fine izin veren d\u00fcz bir vana taban\u0131na sahiptir.<\/p>\r\n\r\n\r\n\r\n<p>Y\u00fckselen g\u00f6vdeler end\u00fcstriyel s\u00fcrg\u00fcl\u00fc vanalara sabitlenir ve kap\u0131 \u00e7al\u0131\u015ft\u0131r\u0131ld\u0131k\u00e7a y\u00fckselir veya al\u00e7al\u0131r. Bu, end\u00fcstriyel s\u00fcrg\u00fcl\u00fc vanan\u0131n konumunun g\u00f6rsel bir g\u00f6stergesidir ve milin ya\u011flanmas\u0131n\u0131 kolayla\u015ft\u0131r\u0131r. Bu tip end\u00fcstriyel s\u00fcrg\u00fcl\u00fc vana genellikle yaln\u0131zca yer \u00fcst\u00fc kurulumlara uygundur.<\/p>\r\n\r\n\r\n\r\n<p>Y\u00fckselmeyen g\u00f6vdeler kap\u0131n\u0131n i\u00e7ine vidalanm\u0131\u015ft\u0131r ve daha az dikey yer kaplar. Bu vanalar hem yer \u00fcst\u00fc hem de yer alt\u0131 tesisatlar\u0131 i\u00e7in uygundur.<\/p>\r\n\r\n\r\n\r\n<p>End\u00fcstriyel s\u00fcrg\u00fcl\u00fc vanalar uzun \u00f6m\u00fcrl\u00fc ve dayan\u0131kl\u0131d\u0131r, fazla bak\u0131m gerektirmez.<\/p>\r\n\r\n\r\n\r\n<h2 class=\"wp-block-heading\">End\u00fcstriyel S\u00fcrg\u00fcl\u00fc Vanan\u0131n \u00d6zellikleri<\/h2>\r\n\r\n\r\n\r\n<figure class=\"wp-block-table\">\r\n<table>\r\n<tbody>\r\n<tr>\r\n<td>BOYUT ARALI\u011eI<\/td>\r\n<td>1\/4\u201d \u2013 60\u201d aras\u0131 Boyut Aral\u0131\u011f\u0131<\/td>\r\n<\/tr>\r\n<tr>\r\n<td>BASIN\u00c7 ARALI\u011eI<\/td>\r\n<td>Boyut Aral\u0131\u011f\u0131 Bas\u0131n\u00e7 Aral\u0131\u011f\u0131 ANSI 150# ila ANSI 1500# bas\u0131n\u00e7 de\u011feri<\/td>\r\n<\/tr>\r\n<tr>\r\n<td>MALZEME KAL\u0130TELER\u0130<\/td>\r\n<td>WCB, A105N, LF2, LCC, CF8M, 316, 316L, A20, Hastelloy C, Di\u011fer egzotik malzemeler<\/td>\r\n<\/tr>\r\n<tr>\r\n<td>D\u00d6\u015eEME MALZEMELER\u0130<\/td>\r\n<td>13Cr, SS 316, A20, Monel, Hastelloy C g\u00f6vde ve kama<\/td>\r\n<\/tr>\r\n<tr>\r\n<td>AMBALAJ &amp; CONTA MALZEMES\u0130<\/td>\r\n<td>Grafit veya Teflon<\/td>\r\n<\/tr>\r\n<tr>\r\n<td>SON YAPILANDIRMALAR<\/td>\r\n<td>Y\u00fckseltilmi\u015f Y\u00fcz, RTJ, Di\u015fli, Soket Kaynakl\u0131, Di\u015fli X Soket<\/td>\r\n<\/tr>\r\n<tr>\r\n<td>STANDARTLAR<\/td>\r\n<td>D\u00fc\u015f\u00fck Emisyonlar, NACE sertifikal\u0131<\/td>\r\n<\/tr>\r\n<\/tbody>\r\n<\/table>\r\n<\/figure>\r\n\r\n\r\n\r\n<h2 class=\"wp-block-heading\">End\u00fcstriyel S\u00fcrg\u00fcl\u00fc Vana Par\u00e7alar\u0131 ve Bile\u015fenleri<\/h2>\r\n\r\n\r\n\r\n<p>End\u00fcstriyel vana, daha k\u00fc\u00e7\u00fck par\u00e7alardan olu\u015fan kolektif bir settir. \u0130\u00e7 ve d\u0131\u015f k\u0131s\u0131mlar\u0131 vard\u0131r. Belirli valf t\u00fcrleri, o tasar\u0131ma \u00f6zg\u00fc belirli bile\u015fenleri i\u00e7erse de, t\u00fcm end\u00fcstriyel valfler ana valf bile\u015fenlerini payla\u015f\u0131r. Bu b\u00f6l\u00fcmde farkl\u0131 valf par\u00e7alar\u0131 tart\u0131\u015f\u0131lacakt\u0131r.<\/p>\r\n\r\n\r\n\r\n<h3 class=\"wp-block-heading\">V\u00fccut<\/h3>\r\n\r\n\r\n\r\n<p>G\u00f6vde, trim dahil olmak \u00fczere valfin i\u00e7 par\u00e7alar\u0131n\u0131 bar\u0131nd\u0131r\u0131r. Bu ayn\u0131 zamanda s\u0131v\u0131n\u0131n ge\u00e7i\u015f yoludur. <a href=\"https:\/\/zecovalve.com\/tr\/\" data-internallinksmanager029f6b8e52c=\"9\" title=\"end\u00fcstriyel vana \u00fcreticisi\" target=\"_blank\" rel=\"noopener\">End\u00fcstriyel vana \u00fcreticileri<\/a> Bunu \u00fc\u00e7\u00fcnden biri olarak \u00fcretin: d\u00f6k\u00fcm, d\u00f6vme veya fabrikasyon. G\u00f6vde ayr\u0131ca her iki ucundaki vanay\u0131 boru sistemine ba\u011flar.<\/p>\r\n\r\n\r\n\r\n<h3 class=\"wp-block-heading\">Bone<\/h3>\r\n\r\n\r\n\r\n<p>Kaputun iki i\u015flevi \u015funlard\u0131r:<\/p>\r\n\r\n\r\n\r\n<p>Valflerin i\u00e7 k\u0131s\u0131mlar\u0131n\u0131 bar\u0131nd\u0131r\u0131r.<\/p>\r\n\r\n\r\n\r\n<p>Bir\u00e7ok valf tipinde kapakta yer ald\u0131\u011f\u0131ndan mili destekler.<\/p>\r\n\r\n\r\n\r\n<h3 class=\"wp-block-heading\">Valf Trimi<\/h3>\r\n\r\n\r\n\r\n<p>Valf trimi, ak\u0131\u015f ortam\u0131yla temas eden kolektif valf par\u00e7alar\u0131n\u0131 ifade eder. Bunlar disk, valf yuvas\u0131 ve g\u00f6vdedir. Baz\u0131 vanalar\u0131n ek par\u00e7alar\u0131 olabilece\u011fini unutmay\u0131n, ancak genel olarak konu\u015fursak bu \u00fc\u00e7\u00fc \u00e7o\u011fu vanada her zaman mevcuttur.<\/p>\r\n\r\n\r\n\r\n<p>Yatak ve disk tipi ve diskin yata\u011fa g\u00f6re yerle\u015fimi valf trimi performans\u0131n\u0131 belirler. Ayn\u0131 zamanda valfin hareketini ve kontrol\u00fcn\u00fc belirleyen de disk, yuva ve mil kombinasyonudur.<\/p>\r\n\r\n\r\n\r\n<ul class=\"wp-block-list\">\r\n<li>Disk\r\n<ul>\r\n<li>Valf tipine ba\u011fl\u0131 olarak diskin alternatif isimleri vard\u0131r. Top ve kap\u0131 diskin di\u011fer iki ad\u0131d\u0131r. Bu par\u00e7a bir k\u0131sma g\u00f6revi g\u00f6rebilir veya medyan\u0131n vanadan borulara ak\u0131\u015f\u0131n\u0131 durdurma\/izin verme i\u015flevi g\u00f6rebilir.<\/li>\r\n<\/ul>\r\n<\/li>\r\n<li>Koltuk\r\n<ul>\r\n<li>Koltuk disk i\u00e7in bir yast\u0131k sa\u011flar. M\u00fch\u00fcr halkalar\u0131 di\u011fer ad\u0131d\u0131r. Baz\u0131 vana t\u00fcrlerinde bir yatak bulunurken baz\u0131lar\u0131nda iki veya daha fazla yatak bulunur. Koltuk say\u0131s\u0131 ne kadar y\u00fcksek olursa s\u0131zd\u0131rmazl\u0131k o kadar iyi olur. \u00c7ok yollu valflerin birden fazla \u00e7\u0131k\u0131\u015f\u0131 oldu\u011fundan daha fazla yuvas\u0131 vard\u0131r. Baz\u0131 yuvalar valf yap\u0131s\u0131na entegre edilmi\u015ftir. Di\u011ferleri de\u011fi\u015ftirilebilir.<\/li>\r\n<li>Valf yuvas\u0131n\u0131n kalitesi, s\u0131z\u0131nt\u0131 \u00f6nleme etkinli\u011fini do\u011frudan etkiler. Ak\u0131\u015f ortam\u0131n\u0131n t\u00fcr\u00fc, s\u0131cakl\u0131k ve bas\u0131n\u00e7 g\u00f6stergeleri ve benzeri gereksinimlere ba\u011fl\u0131 olarak valfler Teflon gibi elastomer veya metaldir.<\/li>\r\n<\/ul>\r\n<\/li>\r\n<li>K\u00f6k\r\n<ul>\r\n<li>Mil, diski akt\u00fcat\u00f6re ba\u011flayan mildir. Bu par\u00e7a diski a\u00e7mak veya kapatmak i\u00e7in gereken hareketi sa\u011flar. A\u00e7ma ve kapama hareketleri s\u00fcrg\u00fcl\u00fc veya k\u00fcresel vanalar gibi do\u011frusald\u0131r veya kelebek ve k\u00fcresel vanalar gibi d\u00f6neldir.<\/li>\r\n<\/ul>\r\n<\/li>\r\n<li>C\u0131vatalar\r\n<ul>\r\n<li>C\u0131vatalar bir valf par\u00e7as\u0131n\u0131 di\u011ferine, \u00f6rne\u011fin kaputu g\u00f6vdeye tutar. C\u0131vatalar contay\u0131 daha s\u0131k\u0131 hale getirir.<\/li>\r\n<\/ul>\r\n<\/li>\r\n<li>Akt\u00fcat\u00f6r\r\n<ul>\r\n<li>Akt\u00fcat\u00f6r, tekerlekler, kollar ve kollar gibi bir\u00e7ok isimle an\u0131l\u0131r. \u00c7o\u011fu zaman isimler akt\u00fcat\u00f6r\u00fcn tasar\u0131m\u0131na uygundur. S\u00fcrg\u00fcl\u00fc ve k\u00fcresel vanalarda akt\u00fcat\u00f6r olarak manuel el \u00e7arklar\u0131 bulunur. \u00d6te yandan k\u00fcresel, tapal\u0131 ve kelebek vanalarda akt\u00fcat\u00f6r g\u00f6revi g\u00f6ren kollar bulunur. Manuel akt\u00fcat\u00f6rler yayg\u0131n olsa da, otomasyonun veya g\u00fcc\u00fcn harekete ge\u00e7irmenin ideal yolu oldu\u011fu durumlar vard\u0131r. Valf konumuyla ilgili uzakl\u0131k gibi sorunlar var. Zaman, vanalar\u0131n manuel y\u00f6ntemlerle h\u0131zl\u0131 bir \u015fekilde a\u00e7\u0131lmas\u0131na izin vermiyor.<\/li>\r\n<li>Valf b\u00fcy\u00fck ve bas\u0131n\u00e7 \u00e7ok y\u00fcksek; manuel a\u00e7ma riskli hale gelir.<\/li>\r\n<\/ul>\r\n<\/li>\r\n<li>Paketleme\r\n<ul>\r\n<li>Buna conta da denir. Salmastra, g\u00f6vde ile kapak aras\u0131nda bir conta g\u00f6revi g\u00f6r\u00fcr. Salmastran\u0131n do\u011fru \u015fekilde tak\u0131lmas\u0131 vanan\u0131n hizmet \u00f6mr\u00fcn\u00fc artt\u0131rd\u0131\u011f\u0131ndan bu \u00f6nemli bir rol oynar.<\/li>\r\n<li>\u00c7ok gev\u015fek tak\u0131ld\u0131\u011f\u0131nda valf s\u0131zd\u0131r\u0131yor. \u00c7ok s\u0131k\u0131 monte edilirse vana hareket edemez. Ba\u015fka bir deyi\u015fle salmastra, hasar\u0131 azalt\u0131r ve vanan\u0131n s\u0131zd\u0131rmazl\u0131k \u00f6zelli\u011fini artt\u0131r\u0131r. Salmastra takip\u00e7isi, salmastra kutusu, salmastra kutusu ve arka koltuk olmak \u00fczere be\u015f bile\u015feni vard\u0131r.<\/li>\r\n<\/ul>\r\n<\/li>\r\n<li>Boyunduruk\r\n<ul>\r\n<li>Boyunduruk, g\u00f6vdeyi ve kaputu akt\u00fcat\u00f6re ba\u011flayan koldur. Kapakla tek par\u00e7a halinde yap\u0131lan boyunduru\u011fun, akt\u00fcat\u00f6re uygulanan kuvvete dayanmas\u0131 gerekir. Boyunduruk, valfin di\u011fer par\u00e7alar\u0131na ba\u011flant\u0131 g\u00f6revi g\u00f6ren somunlar\u0131 ve bur\u00e7lar\u0131 i\u00e7erir.<\/li>\r\n<\/ul>\r\n<\/li>\r\n<\/ul>\r\n\r\n\r\n\r\n<h2 class=\"wp-block-heading\" id=\"h-features-of-industrial-gate-valves\">End\u00fcstriyel S\u00fcrg\u00fcl\u00fc Vanalar\u0131n \u00d6zellikleri<\/h2>\r\n\r\n\r\n\r\n<ul class=\"wp-block-list\">\r\n<li>ZECO end\u00fcstriyel s\u00fcrg\u00fcl\u00fc vana, bak\u0131m alan\u0131nda bas\u0131n\u00e7la salmastran\u0131n de\u011fi\u015ftirilmesi ihtiyac\u0131n\u0131 kar\u015f\u0131layabilecek ve salmastray\u0131 de\u011fi\u015ftirirken s\u0131z\u0131nt\u0131 olmamas\u0131n\u0131 sa\u011flayacak bir conta ile tasarlanm\u0131\u015ft\u0131r. Valfin s\u00f6k\u00fclmesiyle ilgili orijinal de\u011fi\u015ftirme i\u015flemiyle kar\u015f\u0131la\u015ft\u0131r\u0131ld\u0131\u011f\u0131nda, h\u0131z\u0131 b\u00fcy\u00fck \u00f6l\u00e7\u00fcde art\u0131r\u0131r, personelin zaman\u0131ndan tasarruf sa\u011flar ve boru hatt\u0131n\u0131n \u00e7al\u0131\u015fma s\u00fcresini optimize eder;<\/li>\r\n<li>Uzun di\u015fli g\u00f6vde somunu di\u015f \u00f6mr\u00fcn\u00fc uzat\u0131r ve el \u00e7ark\u0131n\u0131n tamamen a\u00e7\u0131k konumda \u00e7\u0131kar\u0131lmas\u0131na olanak tan\u0131r;<\/li>\r\n<li>150 S\u0131n\u0131f\u0131 s\u00fcrg\u00fcl\u00fc vanalar i\u00e7in kullan\u0131lan esnek grafit conta, S\u0131n\u0131f 300 ve 600 vanalar i\u00e7in spiral sar\u0131ml\u0131 conta ve 900 veya daha b\u00fcy\u00fck S\u0131n\u0131f (m\u00fc\u015fteri talep ederse 600 S\u0131n\u0131f\u0131 temin edilebilir) s\u00fcrg\u00fcl\u00fc vanalar i\u00e7in metal halka conta;<\/li>\r\n<li>Vanan\u0131n a\u00e7\u0131l\u0131p kapanmas\u0131 s\u0131ras\u0131nda vana g\u00f6vdesindeki entegre k\u0131lavuz, takozu merkezden uzak tutar. Entegre k\u0131lavuz olmadan, kap\u0131 contas\u0131 kayacakt\u0131r ve ZECO end\u00fcstriyel s\u00fcrg\u00fcl\u00fc vanan\u0131n yap\u0131s\u0131 s\u0131zd\u0131rmazl\u0131k performans\u0131n\u0131 dengeleyecektir.<\/li>\r\n<\/ul>\r\n\r\n\r\n\r\n<h2 class=\"wp-block-heading\">End\u00fcstriyel S\u00fcrg\u00fcl\u00fc Vana Uygulamalar\u0131<\/h2>\r\n\r\n\r\n\r\n<ul class=\"wp-block-list\">\r\n<li>Maliyet ve Enerji Verimlili\u011fi<\/li>\r\n<li>Basit g\u00f6vde tasar\u0131m\u0131 ve kullan\u0131m\u0131 kolay<\/li>\r\n<li>Ortama ba\u011fl\u0131 olarak \u00e7ift ak\u0131\u015f y\u00f6n\u00fc<\/li>\r\n<li>Minimum erozyon ya\u015fand\u0131<\/li>\r\n<li>Ak\u0131\u015f\u0131n d\u00fczenlenmesi nedeniyle minimum bas\u0131n\u00e7<\/li>\r\n<\/ul>\r\n\r\n\r\n\r\n<h2 class=\"wp-block-heading\" id=\"h-product-overview-of-industrial-gate-valves\">End\u00fcstriyel S\u00fcrg\u00fcl\u00fc Vanalara \u00dcr\u00fcne Genel Bak\u0131\u015f<\/h2>\r\n\r\n\r\n\r\n<figure class=\"wp-block-table is-style-stripes\">\r\n<table>\r\n<tbody>\r\n<tr>\r\n<td>BOYUT ARALI\u011eI<\/td>\r\n<td>1\/4\u201d \u2013 60\u201d aras\u0131 Boyut Aral\u0131\u011f\u0131<\/td>\r\n<\/tr>\r\n<tr>\r\n<td>BASIN\u00c7 ARALI\u011eI<\/td>\r\n<td>Boyut Aral\u0131\u011f\u0131 Bas\u0131n\u00e7 Aral\u0131\u011f\u0131 ANSI 150# ila ANSI 1500# bas\u0131n\u00e7 de\u011feri<\/td>\r\n<\/tr>\r\n<tr>\r\n<td>MALZEME KAL\u0130TELER\u0130<\/td>\r\n<td>WCB, A105N, LF2, LCC, CF8M, 316, 316L, A20, Hastelloy C, Di\u011fer egzotik malzemeler<\/td>\r\n<\/tr>\r\n<tr>\r\n<td>D\u00d6\u015eEME MALZEMELER\u0130<\/td>\r\n<td>13Cr, SS 316, A20, Monel, Hastelloy C g\u00f6vde ve kama<\/td>\r\n<\/tr>\r\n<tr>\r\n<td>AMBALAJ &amp; CONTA MALZEMES\u0130<\/td>\r\n<td>Grafit veya Teflon<\/td>\r\n<\/tr>\r\n<tr>\r\n<td>SON YAPILANDIRMALAR<\/td>\r\n<td>Y\u00fckseltilmi\u015f Y\u00fcz, RTJ, Di\u015fli, Soket Kaynakl\u0131, Di\u015fli X Soket<\/td>\r\n<\/tr>\r\n<tr>\r\n<td>STANDARTLAR<\/td>\r\n<td>D\u00fc\u015f\u00fck Emisyonlar, NACE sertifikal\u0131<\/td>\r\n<\/tr>\r\n<\/tbody>\r\n<\/table>\r\n<\/figure>\r\n\r\n\r\n\r\n<h2 class=\"wp-block-heading\">End\u00fcstriyel Vana \u00dcreticisi<\/h2>\r\n\r\n\r\n\r\n<p>ZECO Vana, k\u00fcresel vanalar, s\u00fcrg\u00fcl\u00fc vanalar, glob vanalar, \u00e7ek vanalar, kelebek vanalar, plug vanalar ve pislik tutuculardan olu\u015fan end\u00fcstriyel bir vana \u00fcreticisidir. \u00c7in&#039;deki vana fabrikam\u0131z ANSI, API, DIN, GOST, BS, JIS, \u00c7in B\u00fcy\u00fck Britanya standartlar\u0131na ve m\u00fc\u015fteriye \u00f6zel gereksinimlere uygundur. \u00dcr\u00fcnlerimiz do\u011fal gaz, petrol, petrol rafinerisi, kimya, denizcilik, enerji \u00fcretimi ve boru hatt\u0131 ta\u015f\u0131mac\u0131l\u0131\u011f\u0131 end\u00fcstrilerinde geni\u015f bir uygulama yelpazesi i\u00e7in d\u00fcnya \u00e7ap\u0131nda sat\u0131lmaktad\u0131r.<\/p>","protected":false},"excerpt":{"rendered":"<p>ZECO Valve, API 600 onayl\u0131 S\u00fcrg\u00fcl\u00fc Vana \u00dcreticisidir. End\u00fcstriyel Vanalar Nedir? End\u00fcstriyel uygulamalarda vanalar hayati bir rol oynar\u2026 <a title=\"End\u00fcstriyel S\u00fcrg\u00fcl\u00fc Vana\" class=\"read-more\" href=\"https:\/\/zecovalve.com\/tr\/urun\/industrial-gate-valve\" aria-label=\"End\u00fcstriyel S\u00fcrg\u00fcl\u00fc Vana hakk\u0131nda daha fazlas\u0131\">Daha fazla bilgi edinin<\/a><\/p>","protected":false},"featured_media":27878,"comment_status":"closed","ping_status":"closed","template":"","meta":{"_generate-full-width-content":"","kt_blocks_editor_width":""},"product_cat":[2052,2456],"product_tag":[2798],"class_list":["post-16127","product","type-product","status-publish","has-post-thumbnail","hentry","product_cat-gate-valve","product_cat-gate-valve-by-form","product_tag-osy-valve","sales-flash-overlay","woocommerce-text-align-center","woocommerce-image-align-center","do-quantity-buttons"],"featured_image_src_large":["https:\/\/zecovalve.com\/wp-content\/uploads\/2022\/06\/Industrial-Gate-Valve-1.jpg",800,600,false],"author_info":[],"comment_info":0,"taxonomy_info":{"product_cat":[{"value":2052,"label":"Gate Valve"},{"value":2456,"label":"Gate Valve By Form"}],"product_tag":[{"value":2798,"label":"OS&amp;Y Valve"}]},"yoast_head":"<!-- This site is optimized with the Yoast SEO Premium plugin v15.4 - https:\/\/yoast.com\/wordpress\/plugins\/seo\/ -->\n<title>Industrial Gate Valve - Gate Valve Manufacturer | ZECO Valve<\/title>\n<meta name=\"robots\" content=\"index, follow, max-snippet:-1, max-image-preview:large, max-video-preview:-1\" \/>\n<link rel=\"canonical\" href=\"https:\/\/zecovalve.com\/tr\/urun\/industrial-gate-valve\" \/>\n<meta property=\"og:locale\" content=\"tr_TR\" \/>\n<meta property=\"og:type\" content=\"article\" \/>\n<meta property=\"og:title\" content=\"Industrial Gate Valve - Gate Valve Manufacturer | ZECO Valve\" \/>\n<meta property=\"og:description\" content=\"ZECO Valve is an API 600 approved Gate Valve Manufacturer. What are Industrial Valves? In industrial applications, valves play a vital role ... Read more\" \/>\n<meta property=\"og:url\" content=\"https:\/\/zecovalve.com\/tr\/urun\/industrial-gate-valve\" \/>\n<meta property=\"og:site_name\" content=\"ZECO Valve\" \/>\n<meta property=\"article:modified_time\" content=\"2023-06-15T12:38:01+00:00\" \/>\n<meta property=\"og:image\" content=\"https:\/\/zecovalve.com\/wp-content\/uploads\/2022\/06\/Industrial-Gate-Valve-1.jpg\" \/>\n\t<meta property=\"og:image:width\" content=\"800\" \/>\n\t<meta property=\"og:image:height\" content=\"600\" \/>\n<meta name=\"twitter:card\" content=\"summary_large_image\" \/>\n<meta name=\"twitter:label1\" content=\"Yazan:\">\n\t<meta name=\"twitter:data1\" content=\"Jerry\">\n\t<meta name=\"twitter:label2\" content=\"Tahmini okuma s\u00fcresi\">\n\t<meta name=\"twitter:data2\" content=\"6 dakika\">\n<script type=\"application\/ld+json\" class=\"yoast-schema-graph\">{\"@context\":\"https:\/\/schema.org\",\"@graph\":[{\"@type\":\"WebSite\",\"@id\":\"https:\/\/zecovalve.com\/#website\",\"url\":\"https:\/\/zecovalve.com\/\",\"name\":\"ZECO Valve\",\"description\":\"Industrial Ball Valve, Gate Valve and Globe Valve Manufacturer\",\"potentialAction\":[{\"@type\":\"SearchAction\",\"target\":\"https:\/\/zecovalve.com\/?s={search_term_string}\",\"query-input\":\"required name=search_term_string\"}],\"inLanguage\":\"tr\"},{\"@type\":\"ImageObject\",\"@id\":\"https:\/\/zecovalve.com\/product\/industrial-gate-valve#primaryimage\",\"inLanguage\":\"tr\",\"url\":\"https:\/\/zecovalve.com\/wp-content\/uploads\/2022\/06\/Industrial-Gate-Valve-1.jpg\",\"width\":800,\"height\":600,\"caption\":\"Industrial Gate Valve\"},{\"@type\":\"WebPage\",\"@id\":\"https:\/\/zecovalve.com\/product\/industrial-gate-valve#webpage\",\"url\":\"https:\/\/zecovalve.com\/product\/industrial-gate-valve\",\"name\":\"Industrial Gate Valve - Gate Valve Manufacturer | ZECO Valve\",\"isPartOf\":{\"@id\":\"https:\/\/zecovalve.com\/#website\"},\"primaryImageOfPage\":{\"@id\":\"https:\/\/zecovalve.com\/product\/industrial-gate-valve#primaryimage\"},\"datePublished\":\"2022-06-19T13:33:53+00:00\",\"dateModified\":\"2023-06-15T12:38:01+00:00\",\"breadcrumb\":{\"@id\":\"https:\/\/zecovalve.com\/product\/industrial-gate-valve#breadcrumb\"},\"inLanguage\":\"tr\",\"potentialAction\":[{\"@type\":\"ReadAction\",\"target\":[\"https:\/\/zecovalve.com\/product\/industrial-gate-valve\"]}]},{\"@type\":\"BreadcrumbList\",\"@id\":\"https:\/\/zecovalve.com\/product\/industrial-gate-valve#breadcrumb\",\"itemListElement\":[{\"@type\":\"ListItem\",\"position\":1,\"item\":{\"@type\":\"WebPage\",\"@id\":\"https:\/\/zecovalve.com\/\",\"url\":\"https:\/\/zecovalve.com\/\",\"name\":\"Home\"}},{\"@type\":\"ListItem\",\"position\":2,\"item\":{\"@type\":\"WebPage\",\"@id\":\"https:\/\/zecovalve.com\/product-category\",\"url\":\"https:\/\/zecovalve.com\/product-category\",\"name\":\"Industrial Valve Manufacturer | Water Valve Manufacturer\"}},{\"@type\":\"ListItem\",\"position\":3,\"item\":{\"@type\":\"WebPage\",\"@id\":\"https:\/\/zecovalve.com\/product\/industrial-gate-valve\",\"url\":\"https:\/\/zecovalve.com\/product\/industrial-gate-valve\",\"name\":\"Industrial Gate Valve\"}}]}]}<\/script>\n<!-- \/ Yoast SEO Premium plugin. -->","_links":{"self":[{"href":"https:\/\/zecovalve.com\/tr\/wp-json\/wp\/v2\/product\/16127","targetHints":{"allow":["GET"]}}],"collection":[{"href":"https:\/\/zecovalve.com\/tr\/wp-json\/wp\/v2\/product"}],"about":[{"href":"https:\/\/zecovalve.com\/tr\/wp-json\/wp\/v2\/types\/product"}],"replies":[{"embeddable":true,"href":"https:\/\/zecovalve.com\/tr\/wp-json\/wp\/v2\/comments?post=16127"}],"wp:featuredmedia":[{"embeddable":true,"href":"https:\/\/zecovalve.com\/tr\/wp-json\/wp\/v2\/media\/27878"}],"wp:attachment":[{"href":"https:\/\/zecovalve.com\/tr\/wp-json\/wp\/v2\/media?parent=16127"}],"wp:term":[{"taxonomy":"product_cat","embeddable":true,"href":"https:\/\/zecovalve.com\/tr\/wp-json\/wp\/v2\/product_cat?post=16127"},{"taxonomy":"product_tag","embeddable":true,"href":"https:\/\/zecovalve.com\/tr\/wp-json\/wp\/v2\/product_tag?post=16127"}],"curies":[{"name":"wp","href":"https:\/\/api.w.org\/{rel}","templated":true}]}}