{"id":16131,"date":"2022-06-19T13:46:32","date_gmt":"2022-06-19T13:46:32","guid":{"rendered":"https:\/\/zecovalve.com\/?post_type=product&#038;p=16131"},"modified":"2022-09-01T00:48:37","modified_gmt":"2022-09-01T00:48:37","slug":"3-inch-butterfly-valve","status":"publish","type":"product","link":"https:\/\/zecovalve.com\/tr\/urun\/3-inch-butterfly-valve","title":{"rendered":"3 in\u00e7 Kelebek Vana"},"content":{"rendered":"<figure class=\"wp-block-image alignnone size-full is-resized size-medium wp-image-16132\"><img loading=\"lazy\" decoding=\"async\" class=\"wp-image-14003\" src=\"https:\/\/zecovalve.com\/wp-content\/uploads\/2022\/01\/20220105083946-61d55952c8bd2.jpg\" alt=\"\" width=\"449\" height=\"350\" srcset=\"https:\/\/zecovalve.com\/wp-content\/uploads\/2022\/01\/20220105083946-61d55952c8bd2.jpg 898w, https:\/\/zecovalve.com\/wp-content\/uploads\/2022\/01\/20220105083946-61d55952c8bd2-600x468.jpg 600w, https:\/\/zecovalve.com\/wp-content\/uploads\/2022\/01\/20220105083946-61d55952c8bd2-300x234.jpg 300w, https:\/\/zecovalve.com\/wp-content\/uploads\/2022\/01\/20220105083946-61d55952c8bd2-768x599.jpg 768w\" sizes=\"auto, (max-width: 449px) 100vw, 449px\" \/><\/figure>\r\n\r\n\r\n<div class=\"gb-button-wrapper gb-button-wrapper-6d8495a3\">\r\n\r\n\r\n<p><a class=\"gb-button gb-button-3d442e11 gb-button-text\" href=\"mailto:commercial@zecovalve.com\" target=\"_blank\" rel=\"noopener noreferrer\"><strong>3 in\u00e7 WAFER T\u0130P\u0130 KELEBEK VANA F\u0130YAT ALIN<\/strong><\/a><\/p>\r\n<\/div>\r\n\r\n\r\n\r\n\r\n<h2 class=\"wp-block-heading\" id=\"h-what-is-3-inch-wafer-type-butterfly-valve\">3 \u0130n\u00e7 Wafer Tip Kelebek Vana Nedir?<\/h2>\r\n\r\n\r\n\r\n<p>3 in\u00e7 Wafer Tip Kelebek Vana, sistemdeki ak\u0131\u015f ortam\u0131n\u0131 kontrol etmek i\u00e7in d\u00f6ner disk kullanan bir ak\u0131\u015f kontrol mekanizmas\u0131d\u0131r. Disk ge\u00e7itte kal\u0131r ancak \u00e7ok ince oldu\u011fundan ak\u0131\u015fa \u00e7ok az diren\u00e7 g\u00f6sterir.<\/p>\r\n\r\n\r\n\r\n<p>En yayg\u0131n kelebek vana d\u00fczeni t\u00fcr\u00fc, merkezli veya e\u015fmerkezli bir kelebek vanad\u0131r. Bu tip kelebek vanalar, boru deli\u011finin ortas\u0131ndaki diskin orta \u00e7izgisi boyunca ilerleyen mil ve vana g\u00f6vdesinin i\u00e7 \u00e7ap\u0131ndaki oturma yerinden olu\u015fur. Bu ofset valfi olmayan konfig\u00fcrasyon ayn\u0131 zamanda esnek yatakl\u0131 valf olarak da bilinir, \u00e7\u00fcnk\u00fc contan\u0131n g\u00fcvenilirli\u011fi i\u00e7in ak\u0131\u015f kapat\u0131ld\u0131\u011f\u0131nda yuva kau\u00e7u\u011funun esnekli\u011fine ba\u011fl\u0131d\u0131r. Bu tip valfte disk ilk \u00f6nce 90\u00b0&#039;lik bir d\u00f6n\u00fc\u015f i\u00e7in yakla\u015f\u0131k 85\u00b0&#039;lik bir a\u00e7\u0131yla yuvayla etkile\u015fime girer. Konsantrik kelebek vanalar d\u00fc\u015f\u00fck bas\u0131n\u00e7l\u0131 uygulamalarda yayg\u0131n olarak kullan\u0131lmaktad\u0131r.<\/p>\r\n\r\n\r\n\r\n<h2 class=\"wp-block-heading\">3 \u0130n\u00e7 Kelebek Vanan\u0131n Boyutlar\u0131 ve A\u011f\u0131rl\u0131\u011f\u0131<\/h2>\r\n\r\n\r\n\r\n<table border=\"=1\" width=\"800\">\r\n<tbody>\r\n<tr>\r\n<td rowspan=\"2\">Bas\u0131n\u00e7 Derecesi<\/td>\r\n<td style=\"text-align: center;\" colspan=\"3\">\u00a0Y\u00fcz Y\u00fcze Boyut (mm cinsinden)<\/td>\r\n<td style=\"text-align: center;\">A\u011f\u0131rl\u0131k<\/td>\r\n<\/tr>\r\n<tr>\r\n<td style=\"text-align: center;\">RF<\/td>\r\n<td style=\"text-align: center;\">GOFRET<\/td>\r\n<td style=\"text-align: center;\">LAK<\/td>\r\n<td style=\"text-align: center;\">kg<\/td>\r\n<\/tr>\r\n<tr>\r\n<td>SINIF 150<\/td>\r\n<td style=\"text-align: center;\">114<\/td>\r\n<td style=\"text-align: center;\">46<\/td>\r\n<td style=\"text-align: center;\">46<\/td>\r\n<td style=\"text-align: center;\">8<\/td>\r\n<\/tr>\r\n<\/tbody>\r\n<\/table>\r\n\r\n\r\n\r\n<h2 class=\"wp-block-heading\">3 Wafer Tip Kelebek Vana Uygulamalar\u0131<\/h2>\r\n\r\n\r\n\r\n<ul class=\"wp-block-list\">\r\n<li>Genel End\u00fcstriyel<\/li>\r\n<li>HVAC<\/li>\r\n<li>su<\/li>\r\n<li>Kimyasal\/Petrokimya \u0130\u015fleme<\/li>\r\n<li>Yiyecek ve i\u00e7ecek<\/li>\r\n<li>G\u00fc\u00e7 ve Yard\u0131mc\u0131 Programlar<\/li>\r\n<li>Ka\u011f\u0131t hamuru ve ka\u011f\u0131t<\/li>\r\n<li>Denizcilik ve Ticari Gemi \u0130n\u015fas\u0131<\/li>\r\n<\/ul>\r\n\r\n\r\n\r\n<h2 class=\"wp-block-heading\" id=\"h-features-of-3-inch-wafer-type-butterfly-valve\">3 \u0130n\u00e7 Wafer Tip Kelebek Vanan\u0131n \u00d6zellikleri:<\/h2>\r\n\r\n\r\n\r\n<ul class=\"wp-block-list\">\r\n<li>Hem gazl\u0131 hem de s\u0131v\u0131 servis i\u00e7in uygundur.<\/li>\r\n<li>\u00dcst\u00fcn s\u0131zd\u0131rmazl\u0131k ve uzun s\u00fcreli kullan\u0131m i\u00e7in Fenolik Destekli Koltuk.<\/li>\r\n<li>Tek par\u00e7al\u0131 g\u00f6vde tasar\u0131m\u0131 e\u015fit tork da\u011f\u0131l\u0131m\u0131 sa\u011flar.<\/li>\r\n<li>\u00c7ift y\u00f6nl\u00fc pozitif kapatma.<\/li>\r\n<li>Do\u011frudan montaj otomasyonu.<\/li>\r\n<\/ul>\r\n\r\n\r\n\r\n<h2 class=\"wp-block-heading\" id=\"h-material-of-3-inch-butterfly-valve\">3 \u0130n\u00e7 Kelebek Vana Malzemesi:<\/h2>\r\n\r\n\r\n\r\n<figure class=\"wp-block-table is-style-stripes\">\r\n<table>\r\n<tbody>\r\n<tr>\r\n<td>Hay\u0131r<\/td>\r\n<td>Par\u00e7a<\/td>\r\n<td>Malzeme<\/td>\r\n<\/tr>\r\n<tr>\r\n<td>1<\/td>\r\n<td>V\u00fccut<\/td>\r\n<td>GGG50 \/ ASTM A126 B<\/td>\r\n<\/tr>\r\n<tr>\r\n<td>2<\/td>\r\n<td>Conta Halkas\u0131<\/td>\r\n<td>EPDM \/ NBR<\/td>\r\n<\/tr>\r\n<tr>\r\n<td>3<\/td>\r\n<td>Pim<\/td>\r\n<td>ASTM A276 304<\/td>\r\n<\/tr>\r\n<tr>\r\n<td>4<\/td>\r\n<td>Disk<\/td>\r\n<td>ASTM A351 CF8<\/td>\r\n<\/tr>\r\n<tr>\r\n<td>5<\/td>\r\n<td>K\u00f6k<\/td>\r\n<td>ASTM A276 420<\/td>\r\n<\/tr>\r\n<tr>\r\n<td>6<\/td>\r\n<td>K\u00f6k Ambalaj<\/td>\r\n<td>EPDM<\/td>\r\n<\/tr>\r\n<tr>\r\n<td>7<\/td>\r\n<td>C\u0131vata<\/td>\r\n<td>ASTM A193 B8<\/td>\r\n<\/tr>\r\n<tr>\r\n<td>8<\/td>\r\n<td>F\u0131nd\u0131k<\/td>\r\n<td>ASTM A194 8<\/td>\r\n<\/tr>\r\n<\/tbody>\r\n<\/table>\r\n<\/figure>","protected":false},"excerpt":{"rendered":"<p>3 \u0130n\u00e7 Wafer Tip Kelebek Vana Nedir? 3 in\u00e7 Gofret Tipi Kelebek Vana, bir ak\u0131\u015f kontrol mekanizmas\u0131 kullanan bir\u2026 <a title=\"3 in\u00e7 Kelebek Vana\" class=\"read-more\" href=\"https:\/\/zecovalve.com\/tr\/urun\/3-inch-butterfly-valve\" aria-label=\"3 in\u00e7 Kelebek Vana hakk\u0131nda daha fazlas\u0131\">Daha fazla bilgi edinin<\/a><\/p>","protected":false},"featured_media":14003,"comment_status":"closed","ping_status":"closed","template":"","meta":{"_generate-full-width-content":"","kt_blocks_editor_width":""},"product_cat":[2044,2470],"product_tag":[2806,2801],"class_list":["post-16131","product","type-product","status-publish","has-post-thumbnail","hentry","product_cat-butterfly-valve","product_cat-butterfly-valve-by-inch","product_tag-butterfly-valve-wafer-type","product_tag-wafer-type-butterfly-valve","sales-flash-overlay","woocommerce-text-align-center","woocommerce-image-align-center","do-quantity-buttons"],"featured_image_src_large":["https:\/\/zecovalve.com\/wp-content\/uploads\/2022\/01\/20220105083946-61d55952c8bd2.jpg",898,700,false],"author_info":[],"comment_info":0,"taxonomy_info":{"product_cat":[{"value":2044,"label":"Butterfly Valve"},{"value":2470,"label":"Butterfly Valve By Inch"}],"product_tag":[{"value":2806,"label":"Butterfly Valve Wafer Type"},{"value":2801,"label":"Wafer Type Butterfly Valve"}]},"yoast_head":"<!-- This site is optimized with the Yoast SEO Premium plugin v15.4 - https:\/\/yoast.com\/wordpress\/plugins\/seo\/ -->\n<title>3 inch Wafer Type Butterfly Valve - 3 Butterfly Valve Manufacturer | ZECO<\/title>\n<meta name=\"robots\" content=\"index, follow, max-snippet:-1, max-image-preview:large, max-video-preview:-1\" \/>\n<link rel=\"canonical\" href=\"https:\/\/zecovalve.com\/tr\/urun\/3-inch-butterfly-valve\" \/>\n<meta property=\"og:locale\" content=\"tr_TR\" \/>\n<meta property=\"og:type\" content=\"article\" \/>\n<meta property=\"og:title\" content=\"3 inch Wafer Type Butterfly Valve - 3 Butterfly Valve Manufacturer | ZECO\" \/>\n<meta property=\"og:description\" content=\"What is 3 Inch Wafer Type Butterfly Valve? 3 inch Wafer Type Butterfly Valve is a flow control mechanism that uses a ... Read more\" \/>\n<meta property=\"og:url\" content=\"https:\/\/zecovalve.com\/tr\/urun\/3-inch-butterfly-valve\" \/>\n<meta property=\"og:site_name\" content=\"ZECO Valve\" \/>\n<meta property=\"article:modified_time\" content=\"2022-09-01T00:48:37+00:00\" \/>\n<meta property=\"og:image\" content=\"https:\/\/zecovalve.com\/wp-content\/uploads\/2022\/01\/20220105083946-61d55952c8bd2.jpg\" \/>\n\t<meta property=\"og:image:width\" content=\"898\" \/>\n\t<meta property=\"og:image:height\" content=\"700\" \/>\n<meta name=\"twitter:card\" content=\"summary_large_image\" \/>\n<meta name=\"twitter:label1\" content=\"Yazan:\">\n\t<meta name=\"twitter:data1\" content=\"Jerry\">\n\t<meta name=\"twitter:label2\" content=\"Tahmini okuma s\u00fcresi\">\n\t<meta name=\"twitter:data2\" content=\"1 dakika\">\n<script type=\"application\/ld+json\" class=\"yoast-schema-graph\">{\"@context\":\"https:\/\/schema.org\",\"@graph\":[{\"@type\":\"WebSite\",\"@id\":\"https:\/\/zecovalve.com\/#website\",\"url\":\"https:\/\/zecovalve.com\/\",\"name\":\"ZECO Valve\",\"description\":\"Industrial Ball Valve, Gate Valve and Globe Valve Manufacturer\",\"potentialAction\":[{\"@type\":\"SearchAction\",\"target\":\"https:\/\/zecovalve.com\/?s={search_term_string}\",\"query-input\":\"required name=search_term_string\"}],\"inLanguage\":\"tr\"},{\"@type\":\"ImageObject\",\"@id\":\"https:\/\/zecovalve.com\/product\/3-inch-butterfly-valve#primaryimage\",\"inLanguage\":\"tr\",\"url\":\"https:\/\/zecovalve.com\/wp-content\/uploads\/2022\/01\/20220105083946-61d55952c8bd2.jpg\",\"width\":898,\"height\":700},{\"@type\":\"WebPage\",\"@id\":\"https:\/\/zecovalve.com\/product\/3-inch-butterfly-valve#webpage\",\"url\":\"https:\/\/zecovalve.com\/product\/3-inch-butterfly-valve\",\"name\":\"3 inch Wafer Type Butterfly Valve - 3 Butterfly Valve Manufacturer | ZECO\",\"isPartOf\":{\"@id\":\"https:\/\/zecovalve.com\/#website\"},\"primaryImageOfPage\":{\"@id\":\"https:\/\/zecovalve.com\/product\/3-inch-butterfly-valve#primaryimage\"},\"datePublished\":\"2022-06-19T13:46:32+00:00\",\"dateModified\":\"2022-09-01T00:48:37+00:00\",\"breadcrumb\":{\"@id\":\"https:\/\/zecovalve.com\/product\/3-inch-butterfly-valve#breadcrumb\"},\"inLanguage\":\"tr\",\"potentialAction\":[{\"@type\":\"ReadAction\",\"target\":[\"https:\/\/zecovalve.com\/product\/3-inch-butterfly-valve\"]}]},{\"@type\":\"BreadcrumbList\",\"@id\":\"https:\/\/zecovalve.com\/product\/3-inch-butterfly-valve#breadcrumb\",\"itemListElement\":[{\"@type\":\"ListItem\",\"position\":1,\"item\":{\"@type\":\"WebPage\",\"@id\":\"https:\/\/zecovalve.com\/\",\"url\":\"https:\/\/zecovalve.com\/\",\"name\":\"Home\"}},{\"@type\":\"ListItem\",\"position\":2,\"item\":{\"@type\":\"WebPage\",\"@id\":\"https:\/\/zecovalve.com\/product-category\",\"url\":\"https:\/\/zecovalve.com\/product-category\",\"name\":\"Industrial Valve Manufacturer | Water Valve Manufacturer\"}},{\"@type\":\"ListItem\",\"position\":3,\"item\":{\"@type\":\"WebPage\",\"@id\":\"https:\/\/zecovalve.com\/product\/3-inch-butterfly-valve\",\"url\":\"https:\/\/zecovalve.com\/product\/3-inch-butterfly-valve\",\"name\":\"3 inch Butterfly Valve\"}}]}]}<\/script>\n<!-- \/ Yoast SEO Premium plugin. -->","_links":{"self":[{"href":"https:\/\/zecovalve.com\/tr\/wp-json\/wp\/v2\/product\/16131","targetHints":{"allow":["GET"]}}],"collection":[{"href":"https:\/\/zecovalve.com\/tr\/wp-json\/wp\/v2\/product"}],"about":[{"href":"https:\/\/zecovalve.com\/tr\/wp-json\/wp\/v2\/types\/product"}],"replies":[{"embeddable":true,"href":"https:\/\/zecovalve.com\/tr\/wp-json\/wp\/v2\/comments?post=16131"}],"wp:featuredmedia":[{"embeddable":true,"href":"https:\/\/zecovalve.com\/tr\/wp-json\/wp\/v2\/media\/14003"}],"wp:attachment":[{"href":"https:\/\/zecovalve.com\/tr\/wp-json\/wp\/v2\/media?parent=16131"}],"wp:term":[{"taxonomy":"product_cat","embeddable":true,"href":"https:\/\/zecovalve.com\/tr\/wp-json\/wp\/v2\/product_cat?post=16131"},{"taxonomy":"product_tag","embeddable":true,"href":"https:\/\/zecovalve.com\/tr\/wp-json\/wp\/v2\/product_tag?post=16131"}],"curies":[{"name":"wp","href":"https:\/\/api.w.org\/{rel}","templated":true}]}}