{"id":16135,"date":"2022-06-19T13:59:36","date_gmt":"2022-06-19T13:59:36","guid":{"rendered":"https:\/\/zecovalve.com\/?post_type=product&#038;p=16135"},"modified":"2023-06-15T12:44:49","modified_gmt":"2023-06-15T12:44:49","slug":"8-inch-gate-valve","status":"publish","type":"product","link":"https:\/\/zecovalve.com\/tr\/urun\/8-inch-gate-valve","title":{"rendered":"8 in\u00e7 S\u00fcrg\u00fcl\u00fc Vana"},"content":{"rendered":"<p>8\u2033 S\u00fcrg\u00fcl\u00fc Vanalar, viskoz s\u0131v\u0131lar i\u00e7eren uygulamalarda bas\u0131n\u00e7 d\u00fc\u015f\u00fc\u015f\u00fcn\u00fc en aza indirecek \u015fekilde tasarlanm\u0131\u015f ve performans g\u00f6steren do\u011frusal hareket vanalar\u0131d\u0131r.<\/p>\r\n\r\n\r\n\r\n<figure class=\"wp-block-image size-full is-resized\">\r\n<p><img loading=\"lazy\" decoding=\"async\" class=\"wp-image-27874 size-medium\" src=\"https:\/\/zecovalve.com\/wp-content\/uploads\/2022\/06\/Through-Conduit-Gate-Valve-2-300x225.jpg\" alt=\"Kanal S\u00fcrg\u00fcl\u00fc Vana\" width=\"300\" height=\"225\" srcset=\"https:\/\/zecovalve.com\/wp-content\/uploads\/2022\/06\/Through-Conduit-Gate-Valve-2-300x225.jpg 300w, https:\/\/zecovalve.com\/wp-content\/uploads\/2022\/06\/Through-Conduit-Gate-Valve-2-768x576.jpg 768w, https:\/\/zecovalve.com\/wp-content\/uploads\/2022\/06\/Through-Conduit-Gate-Valve-2-600x450.jpg 600w, https:\/\/zecovalve.com\/wp-content\/uploads\/2022\/06\/Through-Conduit-Gate-Valve-2.jpg 800w\" sizes=\"auto, (max-width: 300px) 100vw, 300px\" \/><\/p>\r\n<\/figure>\r\n\r\n\r\n<div class=\"gb-button-wrapper gb-button-wrapper-6d8495a3\">\r\n\r\n\r\n<p><a class=\"gb-button gb-button-3d442e11 gb-button-text\" href=\"mailto:commercial@zecovalve.com\" target=\"_blank\" rel=\"noopener noreferrer\"><strong>8 \u0130N\u00c7 S\u00dcRG\u00dcL\u00dc VANA F\u0130YATI ALIN<\/strong><\/a><\/p>\r\n<\/div>\r\n\r\n\r\n\r\n\r\n<h2 class=\"wp-block-heading\" id=\"h-description-of-8-inch-gate-valve\">8 \u0130n\u00e7 S\u00fcrg\u00fcl\u00fc Vanan\u0131n A\u00e7\u0131klamas\u0131:<\/h2>\r\n\r\n\r\n\r\n<p>ZECO 8 in\u00e7 s\u00fcrg\u00fcl\u00fc vanan\u0131n i\u00e7 par\u00e7alar\u0131, \u00fcretim i\u00e7in malzemenin en korozyon direncini ve a\u015f\u0131nma direncini se\u00e7mek ve \u00e7e\u015fitli bas\u0131n\u00e7larda, \u00e7e\u015fitli s\u0131cakl\u0131k ortamlar\u0131nda her t\u00fcrl\u00fc a\u015f\u0131nd\u0131r\u0131c\u0131 ortam\u0131n boru hatt\u0131 g\u00fcvenli\u011fini sa\u011flamak amac\u0131yla teknoloji departman\u0131 taraf\u0131ndan yap\u0131lm\u0131\u015ft\u0131r. uzun s\u00fcre, elbette, kullan\u0131c\u0131lar\u0131n ger\u00e7ek ihtiya\u00e7lar\u0131na ve \u00fcretim gereksinimlerine g\u00f6re de yap\u0131labilir, i\u00e7 par\u00e7a malzemesi ZECO, farkl\u0131 ihtiya\u00e7lar\u0131 kar\u015f\u0131lamak i\u00e7in paslanmaz \u00e7elik i\u00e7 par\u00e7alar, dubleks paslanmaz \u00e7elik i\u00e7 par\u00e7alar ve d\u00fc\u015f\u00fck s\u0131cakl\u0131kl\u0131 \u00e7elik i\u00e7 par\u00e7alar sa\u011flayabilir. \u00e7al\u0131\u015fma \u015fartlar\u0131. Baz\u0131 \u00f6zel \u00e7al\u0131\u015fma ko\u015fullar\u0131 i\u00e7in ZECO, kullan\u0131c\u0131lara eksiksiz bir boru hatt\u0131 vana \u00e7\u00f6z\u00fcmleri seti sa\u011flayabilir, b\u00f6ylece kullan\u0131c\u0131lar vana sisteminin tasar\u0131m\u0131n\u0131 ZECO&#039;ya b\u0131rakabilir ve di\u011fer boru hatt\u0131 sorunlar\u0131n\u0131 kendi ba\u015flar\u0131na \u00e7\u00f6zebilirler.<\/p>\r\n\r\n\r\n\r\n<h2 class=\"wp-block-heading\">8\u2033 S\u00fcrg\u00fcl\u00fc Vanan\u0131n \u00d6zellikleri<\/h2>\r\n\r\n\r\n\r\n<ul class=\"wp-block-list\">\r\n<li><strong>G\u00f6vde Malzemesi:\u00a0<\/strong>D\u00f6kme \u00c7elik<\/li>\r\n<li><strong>Biti\u015f Stili:\u00a0<\/strong>Flan\u015fl\u0131<\/li>\r\n<li><strong>Nominal Boyut:\u00a0<\/strong>8 in\u00e7<\/li>\r\n<li><strong>Akt\u00fcat\u00f6r Tipi:\u00a0<\/strong>El \u00c7ark\u0131<\/li>\r\n<li><strong>Yumu\u015fak \u00dcr\u00fcnler Malzemesi:\u00a0<\/strong>Grafit Ambalaj<\/li>\r\n<li><strong>Standart: <\/strong>API 600 Uyumlu<\/li>\r\n<li><strong>Standart: <\/strong>NACE MR0175<\/li>\r\n<\/ul>\r\n\r\n\r\n\r\n<h2 class=\"wp-block-heading\" id=\"h-features-of-8-inch-gate-valves\">8 \u0130n\u00e7 S\u00fcrg\u00fcl\u00fc Vanalar\u0131n \u00d6zellikleri<\/h2>\r\n\r\n\r\n\r\n<ul class=\"wp-block-list\">\r\n<li>ZECO 8 in\u00e7 s\u00fcrg\u00fcl\u00fc vanan\u0131n el \u00e7ark\u0131 uzun s\u00fcre a\u00e7\u0131kta kal\u0131r, bu da pas hasar\u0131na neden olabilir ve de\u011fi\u015ftirilmesi gerekebilir. ZECO bu sorunu g\u00f6z \u00f6n\u00fcnde bulundurarak el \u00e7ark\u0131n\u0131 vana tam a\u00e7\u0131kken \u00e7\u0131kar\u0131labilecek \u015fekilde tasarlad\u0131 ve kap\u0131n\u0131n a\u00e7\u0131k konumda olmas\u0131n\u0131 sa\u011flad\u0131. Ayr\u0131ca ZECO, el \u00e7ark\u0131n\u0131n korozyona kar\u015f\u0131 korunmas\u0131n\u0131 sa\u011flamak i\u00e7in boyal\u0131 bir el \u00e7ark\u0131n\u0131 da benimseyebilir;<\/li>\r\n<li>Normal servis ko\u015fullar\u0131 i\u00e7in ASTM A194 2H ve ASTM A193B7 somunlar\u0131 ve saplama c\u0131vatalar\u0131.ZECO, y\u00fcksek s\u0131cakl\u0131klarda kullan\u0131m i\u00e7in belirtilmesi halinde ASTM A194 4 ve ASTM A193B16 somunlar\u0131 ve saplama c\u0131vatalar\u0131n\u0131 veya daha y\u00fcksek konfig\u00fcrasyonlar\u0131 sa\u011flar. ZECO paslanmaz \u00e7elik vanalar, ASTM A194 8 ve ASTM A193 B8 somun ve saplamalar\u0131ndan standart c\u0131vatalarla donat\u0131lm\u0131\u015ft\u0131r;<\/li>\r\n<li>ZECO 8 in\u00e7 s\u00fcrg\u00fcl\u00fc vanan\u0131n valf g\u00f6vdesi, insanlar\u0131n salmastray\u0131 veya di\u011fer par\u00e7alar\u0131 de\u011fi\u015ftirmeleri gerekti\u011finde i\u00e7 bas\u0131n\u00e7 sorunlar\u0131 nedeniyle valf g\u00f6vdesinden f\u0131rlayarak insanlar\u0131n yaralanmas\u0131n\u0131 \u00f6nlemek \u00fczere tasarlanm\u0131\u015f olan valf g\u00f6vdesinin patlamas\u0131n\u0131 \u00f6nlemek \u00fczere tasarlanm\u0131\u015ft\u0131r. acil durumda bask\u0131;<\/li>\r\n<li>ZECO 8 in\u00e7 s\u00fcrg\u00fcl\u00fc vana 150LB ~ 2500LB&#039;ye kadar \u00fcretilebilir, g\u00fcvenli ve g\u00fcvenilirdir.<\/li>\r\n<li>D\u0131\u015f vida ve boyunduruk<\/li>\r\n<li>Esnek kama diski<\/li>\r\n<li>T\u00fcm oturma halkalar\u0131 standart olarak conta kaynakl\u0131d\u0131r<\/li>\r\n<li>Kalite s\u00fcreci tamamen belgelendirilmi\u015f, malzeme tamamen izlenebilir<\/li>\r\n<li>\u00c7ok \u00e7e\u015fitli \u00f6zel kaplamalar ve se\u00e7enekler mevcuttur<\/li>\r\n<li>Standart yap\u0131: wcb-trim 8, di\u011fer se\u00e7enekler mevcuttur<\/li>\r\n<\/ul>\r\n\r\n\r\n\r\n<h2 class=\"wp-block-heading\">8\u2033 S\u00fcrg\u00fcl\u00fc Vana Uygulamalar\u0131<\/h2>\r\n\r\n\r\n\r\n<p>S\u00fcrg\u00fcl\u00fc vanalar Petrol ve Gaz, \u0130la\u00e7 ve \u0130malat end\u00fcstrilerinde geni\u015f bir uygulama yelpazesini kar\u015f\u0131lar.<\/p>\r\n\r\n\r\n\r\n<h2 class=\"wp-block-heading\" id=\"h-material-of-8-inch-gate-valves\">8 \u0130n\u00e7 S\u00fcrg\u00fcl\u00fc Vanalar\u0131n Malzemesi<\/h2>\r\n\r\n\r\n\r\n<figure class=\"wp-block-table\">\r\n<table>\r\n<tbody>\r\n<tr>\r\n<td>Hay\u0131r<\/td>\r\n<td>Par\u00e7a<\/td>\r\n<td>Malzeme<\/td>\r\n<\/tr>\r\n<tr>\r\n<td>1<\/td>\r\n<td>V\u00fccut<\/td>\r\n<td>ASTM A351 CF3M<\/td>\r\n<\/tr>\r\n<tr>\r\n<td>2<\/td>\r\n<td>Koltuk Halkas\u0131<\/td>\r\n<td>ASTM A182 F316L + STL<\/td>\r\n<\/tr>\r\n<tr>\r\n<td>3<\/td>\r\n<td>Kama<\/td>\r\n<td>ASTM A351 CF3M + STL<\/td>\r\n<\/tr>\r\n<tr>\r\n<td>4<\/td>\r\n<td>K\u00f6k<\/td>\r\n<td>ASTM A276 316L<\/td>\r\n<\/tr>\r\n<tr>\r\n<td>5<\/td>\r\n<td>Kaput Contas\u0131<\/td>\r\n<td>Grafit + SS316L<\/td>\r\n<\/tr>\r\n<tr>\r\n<td>6<\/td>\r\n<td>Kaput C\u0131vatas\u0131<\/td>\r\n<td>ASTM A193 B8M<\/td>\r\n<\/tr>\r\n<tr>\r\n<td>7<\/td>\r\n<td>Kaput Somunu<\/td>\r\n<td>ASTM A194 8M<\/td>\r\n<\/tr>\r\n<tr>\r\n<td>8<\/td>\r\n<td>Bone<\/td>\r\n<td>ASTM A351 CF3M<\/td>\r\n<\/tr>\r\n<tr>\r\n<td>9<\/td>\r\n<td>Arka Koltuk<\/td>\r\n<td>ASTM A182 F316L<\/td>\r\n<\/tr>\r\n<tr>\r\n<td>10<\/td>\r\n<td>K\u00f6k Ambalaj<\/td>\r\n<td>G\u00fc\u00e7lendirilmi\u015f Grafit<\/td>\r\n<\/tr>\r\n<tr>\r\n<td>11<\/td>\r\n<td>El \u00c7ark\u0131<\/td>\r\n<td>KTH330-08<\/td>\r\n<\/tr>\r\n<\/tbody>\r\n<\/table>\r\n<\/figure>","protected":false},"excerpt":{"rendered":"<p>8\u2033 S\u00fcrg\u00fcl\u00fc Vanalar, viskoz i\u00e7eren uygulamalarda bas\u0131n\u00e7 d\u00fc\u015f\u00fc\u015f\u00fcn\u00fc en aza indirecek \u015fekilde tasarlanm\u0131\u015f ve performans g\u00f6steren do\u011frusal hareket vanalar\u0131d\u0131r\u2026 <a title=\"8 in\u00e7 S\u00fcrg\u00fcl\u00fc Vana\" class=\"read-more\" href=\"https:\/\/zecovalve.com\/tr\/urun\/8-inch-gate-valve\" aria-label=\"8 in\u00e7 S\u00fcrg\u00fcl\u00fc Vana hakk\u0131nda daha fazlas\u0131\">Daha fazla bilgi edinin<\/a><\/p>","protected":false},"featured_media":27874,"comment_status":"closed","ping_status":"closed","template":"","meta":{"_generate-full-width-content":"","kt_blocks_editor_width":""},"product_cat":[2052,2458],"product_tag":[],"class_list":["post-16135","product","type-product","status-publish","has-post-thumbnail","hentry","product_cat-gate-valve","product_cat-gate-valve-by-inch","sales-flash-overlay","woocommerce-text-align-center","woocommerce-image-align-center","do-quantity-buttons"],"featured_image_src_large":["https:\/\/zecovalve.com\/wp-content\/uploads\/2022\/06\/Through-Conduit-Gate-Valve-2.jpg",800,600,false],"author_info":[],"comment_info":0,"taxonomy_info":{"product_cat":[{"value":2052,"label":"Gate Valve"},{"value":2458,"label":"Gate Valve By Inch"}]},"yoast_head":"<!-- This site is optimized with the Yoast SEO Premium plugin v15.4 - https:\/\/yoast.com\/wordpress\/plugins\/seo\/ -->\n<title>8&quot; Gate Valve - Competitive 8 inch Gate Valve Price | ZECO Valve<\/title>\n<meta name=\"robots\" content=\"index, follow, max-snippet:-1, max-image-preview:large, max-video-preview:-1\" \/>\n<link rel=\"canonical\" href=\"https:\/\/zecovalve.com\/tr\/urun\/8-inch-gate-valve\" \/>\n<meta property=\"og:locale\" content=\"tr_TR\" \/>\n<meta property=\"og:type\" content=\"article\" \/>\n<meta property=\"og:title\" content=\"8&quot; Gate Valve - Competitive 8 inch Gate Valve Price | ZECO Valve\" \/>\n<meta property=\"og:description\" content=\"8&#8243; Gate Valves are linear motion valves that perform and are designed to minimize the pressure drop in applications that involve viscous ... Read more\" \/>\n<meta property=\"og:url\" content=\"https:\/\/zecovalve.com\/tr\/urun\/8-inch-gate-valve\" \/>\n<meta property=\"og:site_name\" content=\"ZECO Valve\" \/>\n<meta property=\"article:modified_time\" content=\"2023-06-15T12:44:49+00:00\" \/>\n<meta property=\"og:image\" content=\"https:\/\/zecovalve.com\/wp-content\/uploads\/2022\/06\/Through-Conduit-Gate-Valve-2.jpg\" \/>\n\t<meta property=\"og:image:width\" content=\"800\" \/>\n\t<meta property=\"og:image:height\" content=\"600\" \/>\n<meta name=\"twitter:card\" content=\"summary_large_image\" \/>\n<meta name=\"twitter:label1\" content=\"Yazan:\">\n\t<meta name=\"twitter:data1\" content=\"Jerry\">\n\t<meta name=\"twitter:label2\" content=\"Tahmini okuma s\u00fcresi\">\n\t<meta name=\"twitter:data2\" content=\"2 dakika\">\n<script type=\"application\/ld+json\" class=\"yoast-schema-graph\">{\"@context\":\"https:\/\/schema.org\",\"@graph\":[{\"@type\":\"WebSite\",\"@id\":\"https:\/\/zecovalve.com\/#website\",\"url\":\"https:\/\/zecovalve.com\/\",\"name\":\"ZECO Valve\",\"description\":\"Industrial Ball Valve, Gate Valve and Globe Valve Manufacturer\",\"potentialAction\":[{\"@type\":\"SearchAction\",\"target\":\"https:\/\/zecovalve.com\/?s={search_term_string}\",\"query-input\":\"required name=search_term_string\"}],\"inLanguage\":\"tr\"},{\"@type\":\"ImageObject\",\"@id\":\"https:\/\/zecovalve.com\/product\/8-inch-gate-valve#primaryimage\",\"inLanguage\":\"tr\",\"url\":\"https:\/\/zecovalve.com\/wp-content\/uploads\/2022\/06\/Through-Conduit-Gate-Valve-2.jpg\",\"width\":800,\"height\":600,\"caption\":\"Through Conduit Gate Valve\"},{\"@type\":\"WebPage\",\"@id\":\"https:\/\/zecovalve.com\/product\/8-inch-gate-valve#webpage\",\"url\":\"https:\/\/zecovalve.com\/product\/8-inch-gate-valve\",\"name\":\"8\\\" Gate Valve - Competitive 8 inch Gate Valve Price | ZECO Valve\",\"isPartOf\":{\"@id\":\"https:\/\/zecovalve.com\/#website\"},\"primaryImageOfPage\":{\"@id\":\"https:\/\/zecovalve.com\/product\/8-inch-gate-valve#primaryimage\"},\"datePublished\":\"2022-06-19T13:59:36+00:00\",\"dateModified\":\"2023-06-15T12:44:49+00:00\",\"breadcrumb\":{\"@id\":\"https:\/\/zecovalve.com\/product\/8-inch-gate-valve#breadcrumb\"},\"inLanguage\":\"tr\",\"potentialAction\":[{\"@type\":\"ReadAction\",\"target\":[\"https:\/\/zecovalve.com\/product\/8-inch-gate-valve\"]}]},{\"@type\":\"BreadcrumbList\",\"@id\":\"https:\/\/zecovalve.com\/product\/8-inch-gate-valve#breadcrumb\",\"itemListElement\":[{\"@type\":\"ListItem\",\"position\":1,\"item\":{\"@type\":\"WebPage\",\"@id\":\"https:\/\/zecovalve.com\/\",\"url\":\"https:\/\/zecovalve.com\/\",\"name\":\"Home\"}},{\"@type\":\"ListItem\",\"position\":2,\"item\":{\"@type\":\"WebPage\",\"@id\":\"https:\/\/zecovalve.com\/product-category\",\"url\":\"https:\/\/zecovalve.com\/product-category\",\"name\":\"Industrial Valve Manufacturer | Water Valve Manufacturer\"}},{\"@type\":\"ListItem\",\"position\":3,\"item\":{\"@type\":\"WebPage\",\"@id\":\"https:\/\/zecovalve.com\/product\/8-inch-gate-valve\",\"url\":\"https:\/\/zecovalve.com\/product\/8-inch-gate-valve\",\"name\":\"8 inch Gate Valve\"}}]}]}<\/script>\n<!-- \/ Yoast SEO Premium plugin. -->","_links":{"self":[{"href":"https:\/\/zecovalve.com\/tr\/wp-json\/wp\/v2\/product\/16135","targetHints":{"allow":["GET"]}}],"collection":[{"href":"https:\/\/zecovalve.com\/tr\/wp-json\/wp\/v2\/product"}],"about":[{"href":"https:\/\/zecovalve.com\/tr\/wp-json\/wp\/v2\/types\/product"}],"replies":[{"embeddable":true,"href":"https:\/\/zecovalve.com\/tr\/wp-json\/wp\/v2\/comments?post=16135"}],"wp:featuredmedia":[{"embeddable":true,"href":"https:\/\/zecovalve.com\/tr\/wp-json\/wp\/v2\/media\/27874"}],"wp:attachment":[{"href":"https:\/\/zecovalve.com\/tr\/wp-json\/wp\/v2\/media?parent=16135"}],"wp:term":[{"taxonomy":"product_cat","embeddable":true,"href":"https:\/\/zecovalve.com\/tr\/wp-json\/wp\/v2\/product_cat?post=16135"},{"taxonomy":"product_tag","embeddable":true,"href":"https:\/\/zecovalve.com\/tr\/wp-json\/wp\/v2\/product_tag?post=16135"}],"curies":[{"name":"wp","href":"https:\/\/api.w.org\/{rel}","templated":true}]}}