{"id":16139,"date":"2022-06-19T14:04:52","date_gmt":"2022-06-19T14:04:52","guid":{"rendered":"https:\/\/zecovalve.com\/?post_type=product&#038;p=16139"},"modified":"2023-06-15T13:57:33","modified_gmt":"2023-06-15T13:57:33","slug":"a105-globe-valve","status":"publish","type":"product","link":"https:\/\/zecovalve.com\/tr\/urun\/a105-globe-valve","title":{"rendered":"Buhar K\u00fcre Vana"},"content":{"rendered":"<p>ZECO Buhar \u00e7eli\u011fi glob vana tasar\u0131m\u0131 ve \u00fcretimi API 602 uluslararas\u0131 standartlar, API 623, DIN3202 veya e\u015fde\u011feridir.<\/p>\r\n\r\n\r\n\r\n<figure id=\"attachment_17566\" class=\"wp-block-image\">\r\n<p><img loading=\"lazy\" decoding=\"async\" class=\"wp-image-27905 size-medium\" src=\"https:\/\/zecovalve.com\/wp-content\/uploads\/2022\/06\/Steam-Globe-Valve-1-300x225.jpg\" alt=\"Buhar K\u00fcre Vana\" width=\"300\" height=\"225\" srcset=\"https:\/\/zecovalve.com\/wp-content\/uploads\/2022\/06\/Steam-Globe-Valve-1-300x225.jpg 300w, https:\/\/zecovalve.com\/wp-content\/uploads\/2022\/06\/Steam-Globe-Valve-1-768x576.jpg 768w, https:\/\/zecovalve.com\/wp-content\/uploads\/2022\/06\/Steam-Globe-Valve-1-600x450.jpg 600w, https:\/\/zecovalve.com\/wp-content\/uploads\/2022\/06\/Steam-Globe-Valve-1.jpg 800w\" sizes=\"auto, (max-width: 300px) 100vw, 300px\" \/><\/p>\r\n<\/figure>\r\n\r\n\r\n<div class=\"gb-button-wrapper gb-button-wrapper-6d8495a3\">\r\n\r\n\r\n<p><a class=\"gb-button gb-button-3d442e11 gb-button-text\" href=\"https:\/\/zecovalve.com\/tr\/contact\/\" target=\"_blank\" rel=\"noopener noreferrer\"><strong>BUHAR GLOB VANA FIYATI ALIN<\/strong><\/a><\/p>\r\n<\/div>\r\n\r\n\r\n\r\n\r\n<h2 class=\"wp-block-heading\">Steam Globe Valf nedir?<\/h2>\r\n\r\n\r\n\r\n<p>Buhar glob vanas\u0131, buhar ak\u0131\u015f\u0131n\u0131n kontrol\u00fcnde kullan\u0131lmak \u00fczere tasarlanm\u0131\u015f bir glob vana t\u00fcr\u00fcd\u00fcr. Buhar glob vanalar\u0131 s\u0131v\u0131 ak\u0131\u015f\u0131n\u0131 k\u0131smak, a\u00e7mak ve kapatmak i\u00e7in kullan\u0131l\u0131r. Bu vanalar ayn\u0131 zamanda buhar bas\u0131nc\u0131 ak\u0131\u015f\u0131n\u0131 kontrol etmek i\u00e7in de kullan\u0131l\u0131r. Buhar glob vanalar\u0131, di\u011ferlerinin yan\u0131 s\u0131ra yiyecek ve i\u00e7ecek, ila\u00e7 ve buhar enerji santralleri gibi farkl\u0131 uygulamalarda kullan\u0131l\u0131r. S\u0131hhi (\u00f6rne\u011fin g\u0131da ve eczac\u0131l\u0131kta) gibi uygulamalarda kullan\u0131ld\u0131\u011f\u0131nda, bu vanalar buhar\u0131 serbest b\u0131rakmak i\u00e7in kullan\u0131l\u0131r, b\u00f6ylece son \u00fcr\u00fcnle temas eder ve \u00e7ok temiz olmas\u0131 gerekir. Buharl\u0131 glob vana \u00fcreticileri bu vanalar\u0131n g\u00f6vdesini g\u00fc\u00e7l\u00fc metalik malzemeden tasarlar. Bu, g\u00f6vdeye y\u00fcksek bas\u0131nca ve 700 C gibi y\u00fcksek s\u0131cakl\u0131klara dayanmas\u0131 i\u00e7in y\u00fcksek mukavemet kazand\u0131rmaya yard\u0131mc\u0131 olur. Buharl\u0131 k\u00fcresel vana \u00fcreticileri taraf\u0131ndan g\u00f6vdeyi yapmak i\u00e7in kullan\u0131lan bu t\u00fcr malzemeler aras\u0131nda d\u00f6kme demir, sfero d\u00f6k\u00fcm, paslanmaz \u00e7elik ve karbon \u00e7eli\u011fi bulunur. Buhar glob vanalar\u0131 manuel veya otomatik vanalard\u0131r. Manuel buhar glob vanalar\u0131 vana operat\u00f6r\u00fc taraf\u0131ndan el \u00e7ark\u0131 kullan\u0131larak \u00e7al\u0131\u015ft\u0131r\u0131l\u0131rken, otomatik olanlar vana akt\u00fcat\u00f6rleri kullan\u0131larak \u00e7al\u0131\u015ft\u0131r\u0131l\u0131r. Buhar glob vanalar\u0131nda kullan\u0131lan vana akt\u00fcat\u00f6rleri elektrikli, pn\u00f6matik ve hidrolik akt\u00fcat\u00f6rlerdir.<\/p>\r\n\r\n\r\n\r\n<h2 class=\"wp-block-heading\" id=\"h-steam-globe-valve-operations\">Buhar K\u00fcre Vana \u0130\u015flemleri<\/h2>\r\n\r\n\r\n\r\n<p>Tipik olarak, buhar glob vanalar\u0131 boru hatlar\u0131ndaki ak\u0131\u015f\u0131 d\u00fczenlemek i\u00e7in kullan\u0131l\u0131r. Bir s\u00fcrg\u00fcl\u00fc vanan\u0131n \"ya hep ya hi\u00e7\" yakla\u015f\u0131m\u0131 yerine, glob vanalar sabit halka yata\u011f\u0131na g\u00f6re hareketli bir diskin (veya tapan\u0131n) konumuna g\u00f6re d\u00fczenleme yapar.<\/p>\r\n\r\n\r\n\r\n<p>Bir glob vana i\u00e7in en tipik i\u015flem k\u0131sma ak\u0131\u015f kontrol\u00fcd\u00fcr. Do\u011frusal hareket halindeki belirli bir ortam\u0131n ak\u0131\u015f\u0131n\u0131 durdurmak, ba\u015flatmak ve d\u00fczenlemek i\u00e7in tasarlanm\u0131\u015flard\u0131r. Bununla birlikte, ak\u0131\u015fa kar\u015f\u0131 daha fazla diren\u00e7 ve daha y\u00fcksek bas\u0131n\u00e7 d\u00fc\u015f\u00fc\u015fleri ile sonu\u00e7lanan y\u00f6n de\u011fi\u015fikliklerini de kar\u015f\u0131layabilirler.<\/p>\r\n\r\n\r\n\r\n<p>A\u00e7ma-kapama hizmetleri i\u00e7in m\u00fckemmel bir se\u00e7im olsalar da, glob vanalar a\u00e7\u0131k ve kapal\u0131 konumlar aras\u0131nda s\u0131k s\u0131k d\u00f6ng\u00fc ve ortam kontrol\u00fc i\u00e7in \u00e7ok daha uygundur. Glob vanalar son derece \u00e7ok y\u00f6nl\u00fcd\u00fcr, bu da \u00e7e\u015fitli uygulamalarda \u00e7ok \u00e7e\u015fitli ak\u0131\u015f aral\u0131klar\u0131n\u0131 kapsayabilecekleri anlam\u0131na gelir. Yayg\u0131n bir glob vana uygulamas\u0131 buhar kontrol\u00fcd\u00fcr.<\/p>\r\n\r\n\r\n\r\n<p>Kompakt ancak \u00e7ok g\u00fc\u00e7l\u00fc tasar\u0131m\u0131, hizmet nedeniyle, y\u00fcksek kat\u0131 CoCr ala\u015f\u0131ml\u0131 kama (iste\u011fe ba\u011fl\u0131) d\u00fc\u015f\u00fck s\u00fcrt\u00fcnme ve uzun hizmet \u00f6mr\u00fc sa\u011flar, salmastra halkas\u0131 \u00f6n y\u00fcklemesi 4000 psi y\u00fcksek b\u00fct\u00fcnl\u00fckl\u00fc contal\u0131 kaynakl\u0131 kaput valfleri, valf kapa\u011f\u0131 i\u00e7 di\u015fi, m\u00fchendislik tork de\u011ferine tork, kaynak mukavemetinden yap\u0131lm\u0131\u015f valf kaput ba\u011flant\u0131s\u0131, s\u0131z\u0131nt\u0131y\u0131 \u00f6nlemek i\u00e7in iki kat\u0131na \u00e7\u0131kabilir. (g\u00f6vde \/ kaput di\u015fleri ve mukavemet kaynaklar\u0131), tam k\u0131lavuzlu kama, yatak y\u00fczeylerindeki a\u015f\u0131nmay\u0131 azalt\u0131r, iste\u011fe ba\u011fl\u0131 \u00e7ift salmastra, s\u0131zd\u0131rmaz ba\u011flant\u0131, canl\u0131 y\u00fck ve eski salmastran\u0131n kolayca \u00e7\u0131kar\u0131lmas\u0131 i\u00e7in salmastra patlamas\u0131.<\/p>\r\n\r\n\r\n\r\n<h2 class=\"wp-block-heading\" id=\"h-advantages-of-steam-globe-valves\">Buhar Glob Vanalar\u0131n\u0131n Avantajlar\u0131<\/h2>\r\n\r\n\r\n\r\n<ul class=\"wp-block-list\">\r\n<li>D\u00fczg\u00fcn bir y\u00fczey ve \u00fcst\u00fcn s\u0131zd\u0131rmazl\u0131k i\u00e7in yuva y\u00fczeyleri al\u0131\u015ft\u0131r\u0131lm\u0131\u015ft\u0131r;<\/li>\r\n<li>Optimum oturma ve daha uzun koltuk \u00f6mr\u00fc i\u00e7in d\u00f6ner disk;<\/li>\r\n<li>El \u00e7ark\u0131 ile \u00e7al\u0131\u015fan vanalar\u0131n g\u00f6vdeleri d\u00f6ner\/y\u00fckselen tasar\u0131ma sahiptir;<\/li>\r\n<li>Her vana, end\u00fcstri standard\u0131 API 598'e g\u00f6re g\u00f6vde, yatak ve arka yatak bas\u0131n\u00e7 testine tabi tutulmu\u015ftur;<\/li>\r\n<li>Salmastra, optimum hizalama ve d\u00fczg\u00fcn salmastra s\u0131k\u0131\u015ft\u0131rmas\u0131 i\u00e7in iki par\u00e7al\u0131 salmastra \/ salmastra flan\u015f\u0131 tasar\u0131m\u0131na sahiptir;<\/li>\r\n<li>Krom ve paslanmaz \u00e7elik ala\u015f\u0131mlar\u0131 gibi alternatif vana malzemeleri -Alternatif trim malzemeleri -Bypass, drenaj ve di\u011fer yard\u0131mc\u0131 ba\u011flant\u0131lar -Di\u015fli, motor ve silindir akt\u00fcat\u00f6rleri mevcuttur.<\/li>\r\n<\/ul>\r\n\r\n\r\n\r\n<h2 class=\"wp-block-heading\">Buhar Uygulamalar\u0131 i\u00e7in Globe Vanalar<\/h2>\r\n\r\n\r\n\r\n<p>Buhar uygulamalar\u0131 i\u00e7in bir kontrol vanas\u0131 d\u00fc\u015f\u00fcn\u00fcrken, s\u0131cakl\u0131k ve bas\u0131n\u00e7 hususlar\u0131 karar vermenizde \u00f6nemli bir rol oynayacakt\u0131r. Se\u00e7ti\u011finiz uygulamada bunlar\u0131n her ikisi de ne kadar y\u00fcksekse, bu durum buhar\u0131 ve vanay\u0131 o kadar fazla etkiler.<\/p>\r\n\r\n\r\n\r\n<p>Di\u011fer vanalar\u0131n \u00e7o\u011fu buhar\u0131n i\u00e7inden ge\u00e7ip par\u00e7alan\u0131rken, glob vanalar daha fazla esneklik sunar ve teorik olarak baz\u0131 uygulamalarda y\u0131llarca dayanabilir.<\/p>\r\n\r\n\r\n\r\n<p>Glob vanalarla birlikte en s\u0131k kar\u015f\u0131la\u015ft\u0131r\u0131lan vana t\u00fcr\u00fc s\u00fcrg\u00fcl\u00fc vanalard\u0131r. Her ikisinin de amac\u0131 ayn\u0131d\u0131r; ortam ak\u0131\u015f\u0131n\u0131 kontrol etmek. Ancak s\u00fcrg\u00fcl\u00fc vanalar her zaman ya a\u00e7\u0131k ya da kapal\u0131 b\u0131rak\u0131lmal\u0131d\u0131r. S\u00fcrg\u00fcl\u00fc vanalar glob vanalar gibi k\u0131smen a\u00e7\u0131k b\u0131rak\u0131l\u0131rsa, sonunda i\u015fe yaramaz hale gelirler.<\/p>\r\n\r\n\r\n\r\n<p>Ayr\u0131ca s\u00fcrg\u00fcl\u00fc vanalar, tel \u00e7ekme ve yatak erozyonu nedeniyle a\u015f\u0131r\u0131 a\u015f\u0131nmaya neden olaca\u011f\u0131ndan k\u0131sma i\u00e7in uygun olmayacakt\u0131r. Benzer \u015fekilde, k\u00fcresel vanalar da ince kontrolden yoksun olduklar\u0131 i\u00e7in buhar uygulamalar\u0131nda k\u0131smen a\u00e7\u0131k b\u0131rak\u0131ld\u0131klar\u0131nda hasara u\u011frayacakt\u0131r.<\/p>\r\n\r\n\r\n\r\n<p>Buhar uygulamalar\u0131nda glob vanalar taraf\u0131ndan sunulan ek avantaj, ak\u0131\u015f\u0131 do\u011frulukla azaltma yetenekleridir. Ola\u011fan\u00fcst\u00fc bir hassasiyetle hesaplanabilen bir ak\u0131\u015f elde etmek i\u00e7in yayg\u0131n olarak kullan\u0131l\u0131rlar. Bu, buhar kontrol uygulamalar\u0131nda olduk\u00e7a arzu edilen bir \u015feydir.<\/p>\r\n\r\n\r\n\r\n<h2 class=\"wp-block-heading\" id=\"h-product-range-of-steam-globe-valves\">Buhar Glob Vanalar\u0131 \u00dcr\u00fcn Yelpazesi<\/h2>\r\n\r\n\r\n\r\n<ul class=\"wp-block-list\">\r\n<li>G\u00f6vde malzemesi: D\u00f6vme \u00c7elik, Karbon \u00c7elik, Paslanmaz \u00c7elik<\/li>\r\n<li>Nominal \u00e7ap: 1\/2\u2033\uff5e2 1\/2\u2033<\/li>\r\n<li>Pressure range:Class150\uff5e2500\uff08PN10~PN420\uff09<\/li>\r\n<li>U\u00e7 ba\u011flant\u0131s\u0131: RF, RTJ, BW<\/li>\r\n<li>\u00c7al\u0131\u015fma s\u0131cakl\u0131\u011f\u0131: -29 \u2103 \uff5e 560 \u2103<\/li>\r\n<li>Operasyon: El \u00c7ark\u0131, Di\u015fli Kutusu, Elektrikli Akt\u00fcat\u00f6r, vb.<\/li>\r\n<\/ul>\r\n\r\n\r\n\r\n<h2 class=\"wp-block-heading\" id=\"h-material-of-one-of-steam-globe-valves\">Buhar Glob Vanalar\u0131ndan Birinin Malzemesi<\/h2>\r\n\r\n\r\n\r\n<figure class=\"wp-block-table\">\r\n<table>\r\n<tbody>\r\n<tr>\r\n<td>Hay\u0131r<\/td>\r\n<td>Par\u00e7a<\/td>\r\n<td>Malzeme<\/td>\r\n<\/tr>\r\n<tr>\r\n<td>1<\/td>\r\n<td>V\u00fccut<\/td>\r\n<td>ASTM A105<\/td>\r\n<\/tr>\r\n<tr>\r\n<td>2<\/td>\r\n<td>Koltuk Halkas\u0131<\/td>\r\n<td>ASTM A105 +13Cr<\/td>\r\n<\/tr>\r\n<tr>\r\n<td>3<\/td>\r\n<td>Disk<\/td>\r\n<td>ASTM A105 +13Cr<\/td>\r\n<\/tr>\r\n<tr>\r\n<td>4<\/td>\r\n<td>Conta<\/td>\r\n<td>Grafit + SS304<\/td>\r\n<\/tr>\r\n<tr>\r\n<td>5<\/td>\r\n<td>K\u00f6k<\/td>\r\n<td>ASTM A276 410<\/td>\r\n<\/tr>\r\n<tr>\r\n<td>6<\/td>\r\n<td>Bone<\/td>\r\n<td>ASTM A105<\/td>\r\n<\/tr>\r\n<tr>\r\n<td>7<\/td>\r\n<td>Kaput C\u0131vatas\u0131<\/td>\r\n<td>ASTM A193 B7<\/td>\r\n<\/tr>\r\n<tr>\r\n<td>8<\/td>\r\n<td>K\u00f6k Ambalaj<\/td>\r\n<td>G\u00fc\u00e7lendirilmi\u015f Grafit<\/td>\r\n<\/tr>\r\n<tr>\r\n<td>9<\/td>\r\n<td>Bez<\/td>\r\n<td>ASTM A276 410<\/td>\r\n<\/tr>\r\n<tr>\r\n<td>10<\/td>\r\n<td>Bezi Flan\u015f\u0131<\/td>\r\n<td>ASTM A105<\/td>\r\n<\/tr>\r\n<tr>\r\n<td>11<\/td>\r\n<td>El \u00c7ark\u0131<\/td>\r\n<td>ASTM A197<\/td>\r\n<\/tr>\r\n<\/tbody>\r\n<\/table>\r\n<\/figure>\r\n\r\n\r\n\r\n<h2 class=\"wp-block-heading\">Steam Globe Vana Sat\u0131n Alma Detaylar\u0131<\/h2>\r\n\r\n\r\n\r\n<figure class=\"wp-block-table\">\r\n<table>\r\n<tbody>\r\n<tr>\r\n<td>Marka<\/td>\r\n<td>ZECO<\/td>\r\n<\/tr>\r\n<tr>\r\n<td>Valf Tipi<\/td>\r\n<td>Buhar K\u00fcre Vana<\/td>\r\n<\/tr>\r\n<tr>\r\n<td>Valf Malzemesi<\/td>\r\n<td>D\u00f6vme \u00c7elik, Karbon \u00c7elik, Paslanmaz \u00c7elik<\/td>\r\n<\/tr>\r\n<tr>\r\n<td>Valf Testi<\/td>\r\n<td>100% miktar\u0131 teslimattan \u00f6nce test edilmi\u015ftir<\/td>\r\n<\/tr>\r\n<tr>\r\n<td>Valf Garantisi<\/td>\r\n<td>Fabrika \u00e7\u0131k\u0131\u015fl\u0131 sevkiyat tarihinden itibaren 18 ay veya emtia kurulum tarihinden itibaren 12 ay.<\/td>\r\n<\/tr>\r\n<tr>\r\n<td>Valf Boyama<\/td>\r\n<td>M\u00fc\u015fteri talebi<\/td>\r\n<\/tr>\r\n<tr>\r\n<td>Valf Paketi<\/td>\r\n<td>Tahta sand\u0131k<\/td>\r\n<\/tr>\r\n<tr>\r\n<td>ADEDI<\/td>\r\n<td>Gereklilik yok<\/td>\r\n<\/tr>\r\n<tr>\r\n<td>Valf Sertifikas\u0131<\/td>\r\n<td>API 623 \/ API 602 \/ BS 1873 \/ CE \/ ISO9001 \/ ISO14001<\/td>\r\n<\/tr>\r\n<tr>\r\n<td>Teslimat Detay\u0131<\/td>\r\n<td>\u00d6deme yap\u0131ld\u0131ktan sonra 4 veya 6 hafta i\u00e7inde g\u00f6nderilir<\/td>\r\n<\/tr>\r\n<tr>\r\n<td>Liman<\/td>\r\n<td>\u015eANGHAY<\/td>\r\n<\/tr>\r\n<tr>\r\n<td>\u00d6deme Ko\u015fullar\u0131<\/td>\r\n<td>L \/ C, T \/ T<\/td>\r\n<\/tr>\r\n<tr>\r\n<td>Sunulan Sertifika<\/td>\r\n<td>Paketleme Listesi, Ticari Fatura, Test Raporlar\u0131 ve Malzeme Sertifikalar\u0131, Kalite ve Miktar Sertifikas\u0131, Sat\u0131c\u0131n\u0131n Garanti Belgesi<\/td>\r\n<\/tr>\r\n<\/tbody>\r\n<\/table>\r\n<\/figure>","protected":false},"excerpt":{"rendered":"<p>ZECO Buharl\u0131 \u00e7elik k\u00fcresel vana tasar\u0131m\u0131 ve API 602 uluslararas\u0131 standartlar, API 623, DIN3202 veya e\u015fde\u011feri \u00fcretimi. Buhar nedir\u2026 <a title=\"Buhar K\u00fcre Vana\" class=\"read-more\" href=\"https:\/\/zecovalve.com\/tr\/urun\/a105-globe-valve\" aria-label=\"Steam Globe Valve hakk\u0131nda daha fazla bilgi\">Daha fazla bilgi edinin<\/a><\/p>","protected":false},"featured_media":27905,"comment_status":"closed","ping_status":"closed","template":"","meta":{"_generate-full-width-content":"","kt_blocks_editor_width":""},"product_cat":[2466,2049],"product_tag":[2723],"class_list":["post-16139","product","type-product","status-publish","has-post-thumbnail","hentry","product_cat-forged-steel-globe-valve","product_cat-globe-valve","product_tag-what-is-a-valve","sales-flash-overlay","woocommerce-text-align-center","woocommerce-image-align-center","do-quantity-buttons"],"featured_image_src_large":["https:\/\/zecovalve.com\/wp-content\/uploads\/2022\/06\/Steam-Globe-Valve-1.jpg",800,600,false],"author_info":[],"comment_info":0,"taxonomy_info":{"product_cat":[{"value":2466,"label":"Forged Steel Globe Valve"},{"value":2049,"label":"Globe Valve"}],"product_tag":[{"value":2723,"label":"What is a Valve"}]},"yoast_head":"<!-- This site is optimized with the Yoast SEO Premium plugin v15.4 - https:\/\/yoast.com\/wordpress\/plugins\/seo\/ -->\n<title>Steam Globe Valve - Globe Valve China Manufacturer | ZECO Valve<\/title>\n<meta name=\"robots\" content=\"index, follow, max-snippet:-1, max-image-preview:large, max-video-preview:-1\" \/>\n<link rel=\"canonical\" href=\"https:\/\/zecovalve.com\/tr\/urun\/a105-globe-valve\" \/>\n<meta property=\"og:locale\" content=\"tr_TR\" \/>\n<meta property=\"og:type\" content=\"article\" \/>\n<meta property=\"og:title\" content=\"Steam Globe Valve - Globe Valve China Manufacturer | ZECO Valve\" \/>\n<meta property=\"og:description\" content=\"ZECO Steam steel globe valve design and manufacturing of API 602 international standards, API 623, DIN3202, or equivalent. What is a Steam ... Read more\" \/>\n<meta property=\"og:url\" content=\"https:\/\/zecovalve.com\/tr\/urun\/a105-globe-valve\" \/>\n<meta property=\"og:site_name\" content=\"ZECO Valve\" \/>\n<meta property=\"article:modified_time\" content=\"2023-06-15T13:57:33+00:00\" \/>\n<meta property=\"og:image\" content=\"https:\/\/zecovalve.com\/wp-content\/uploads\/2022\/06\/Steam-Globe-Valve-1.jpg\" \/>\n\t<meta property=\"og:image:width\" content=\"800\" \/>\n\t<meta property=\"og:image:height\" content=\"600\" \/>\n<meta name=\"twitter:card\" content=\"summary_large_image\" \/>\n<meta name=\"twitter:label1\" content=\"Yazan:\">\n\t<meta name=\"twitter:data1\" content=\"Jerry\">\n\t<meta name=\"twitter:label2\" content=\"Tahmini okuma s\u00fcresi\">\n\t<meta name=\"twitter:data2\" content=\"4 dakika\">\n<script type=\"application\/ld+json\" class=\"yoast-schema-graph\">{\"@context\":\"https:\/\/schema.org\",\"@graph\":[{\"@type\":\"WebSite\",\"@id\":\"https:\/\/zecovalve.com\/#website\",\"url\":\"https:\/\/zecovalve.com\/\",\"name\":\"ZECO Valve\",\"description\":\"Industrial Ball Valve, Gate Valve and Globe Valve Manufacturer\",\"potentialAction\":[{\"@type\":\"SearchAction\",\"target\":\"https:\/\/zecovalve.com\/?s={search_term_string}\",\"query-input\":\"required name=search_term_string\"}],\"inLanguage\":\"tr\"},{\"@type\":\"ImageObject\",\"@id\":\"https:\/\/zecovalve.com\/product\/a105-globe-valve#primaryimage\",\"inLanguage\":\"tr\",\"url\":\"https:\/\/zecovalve.com\/wp-content\/uploads\/2022\/06\/Steam-Globe-Valve-1.jpg\",\"width\":800,\"height\":600,\"caption\":\"Steam Globe Valve\"},{\"@type\":\"WebPage\",\"@id\":\"https:\/\/zecovalve.com\/product\/a105-globe-valve#webpage\",\"url\":\"https:\/\/zecovalve.com\/product\/a105-globe-valve\",\"name\":\"Steam Globe Valve - Globe Valve China Manufacturer | ZECO Valve\",\"isPartOf\":{\"@id\":\"https:\/\/zecovalve.com\/#website\"},\"primaryImageOfPage\":{\"@id\":\"https:\/\/zecovalve.com\/product\/a105-globe-valve#primaryimage\"},\"datePublished\":\"2022-06-19T14:04:52+00:00\",\"dateModified\":\"2023-06-15T13:57:33+00:00\",\"breadcrumb\":{\"@id\":\"https:\/\/zecovalve.com\/product\/a105-globe-valve#breadcrumb\"},\"inLanguage\":\"tr\",\"potentialAction\":[{\"@type\":\"ReadAction\",\"target\":[\"https:\/\/zecovalve.com\/product\/a105-globe-valve\"]}]},{\"@type\":\"BreadcrumbList\",\"@id\":\"https:\/\/zecovalve.com\/product\/a105-globe-valve#breadcrumb\",\"itemListElement\":[{\"@type\":\"ListItem\",\"position\":1,\"item\":{\"@type\":\"WebPage\",\"@id\":\"https:\/\/zecovalve.com\/\",\"url\":\"https:\/\/zecovalve.com\/\",\"name\":\"Home\"}},{\"@type\":\"ListItem\",\"position\":2,\"item\":{\"@type\":\"WebPage\",\"@id\":\"https:\/\/zecovalve.com\/product-category\",\"url\":\"https:\/\/zecovalve.com\/product-category\",\"name\":\"Industrial Valve Manufacturer | Water Valve Manufacturer\"}},{\"@type\":\"ListItem\",\"position\":3,\"item\":{\"@type\":\"WebPage\",\"@id\":\"https:\/\/zecovalve.com\/product\/a105-globe-valve\",\"url\":\"https:\/\/zecovalve.com\/product\/a105-globe-valve\",\"name\":\"Steam Globe Valve\"}}]}]}<\/script>\n<!-- \/ Yoast SEO Premium plugin. -->","_links":{"self":[{"href":"https:\/\/zecovalve.com\/tr\/wp-json\/wp\/v2\/product\/16139","targetHints":{"allow":["GET"]}}],"collection":[{"href":"https:\/\/zecovalve.com\/tr\/wp-json\/wp\/v2\/product"}],"about":[{"href":"https:\/\/zecovalve.com\/tr\/wp-json\/wp\/v2\/types\/product"}],"replies":[{"embeddable":true,"href":"https:\/\/zecovalve.com\/tr\/wp-json\/wp\/v2\/comments?post=16139"}],"wp:featuredmedia":[{"embeddable":true,"href":"https:\/\/zecovalve.com\/tr\/wp-json\/wp\/v2\/media\/27905"}],"wp:attachment":[{"href":"https:\/\/zecovalve.com\/tr\/wp-json\/wp\/v2\/media?parent=16139"}],"wp:term":[{"taxonomy":"product_cat","embeddable":true,"href":"https:\/\/zecovalve.com\/tr\/wp-json\/wp\/v2\/product_cat?post=16139"},{"taxonomy":"product_tag","embeddable":true,"href":"https:\/\/zecovalve.com\/tr\/wp-json\/wp\/v2\/product_tag?post=16139"}],"curies":[{"name":"wp","href":"https:\/\/api.w.org\/{rel}","templated":true}]}}