{"id":16141,"date":"2022-06-19T14:07:25","date_gmt":"2022-06-19T14:07:25","guid":{"rendered":"https:\/\/zecovalve.com\/?post_type=product&#038;p=16141"},"modified":"2022-09-01T00:42:57","modified_gmt":"2022-09-01T00:42:57","slug":"12-inch-butterfly-valve","status":"publish","type":"product","link":"https:\/\/zecovalve.com\/tr\/urun\/12-inch-butterfly-valve","title":{"rendered":"12\u2033 Kelebek Vana"},"content":{"rendered":"<p>Kelebek vana 12 in\u00e7, vana boyutunun 12 in\u00e7 oldu\u011fu anlam\u0131na gelir ve DN&#039;de DN300&#039;d\u00fcr.<\/p>\r\n\r\n\r\n\r\n<figure class=\"wp-block-image alignnone size-medium wp-image-16142\"><img loading=\"lazy\" decoding=\"async\" class=\"alignnone\" src=\"https:\/\/zecovalve.com\/wp-content\/uploads\/2021\/12\/\u51f8\u8033\u8776\u9600C95800-2-scaled.jpg\" width=\"303\" height=\"404\" \/><\/figure>\r\n\r\n\r\n<div class=\"gb-button-wrapper gb-button-wrapper-6d8495a3\">\r\n\r\n\r\n<p><a class=\"gb-button gb-button-3d442e11 gb-button-text\" href=\"mailto:commercial@zecovalve.com\" target=\"_blank\" rel=\"noopener noreferrer\"><strong>12\u2033 KELEBEK VANA F\u0130YAT ALIN<\/strong><\/a><\/p>\r\n<\/div>\r\n\r\n\r\n\r\n\r\n<h2 class=\"wp-block-heading\" id=\"h-what-is-a-12-butterfly-valve\">12\u2033 Kelebek Vana Nedir?<\/h2>\r\n\r\n\r\n\r\n<p>Kelebek vanalar, boru hatlar\u0131nda ak\u0131\u015f\u0131 kapatmak i\u00e7in kullan\u0131lan \u00e7eyrek turlu d\u00f6nme hareket valflerinin bir ailesidir. Ak\u0131\u015f\u0131 d\u00fczenlemek i\u00e7in kelebek vanalar\u0131n kullan\u0131labilece\u011fi s\u0131kl\u0131kla s\u00f6ylenir.<\/p>\r\n\r\n\r\n\r\n<p>El \u00e7ark\u0131, anahtar ve kulplarla \u00e7al\u0131\u015ft\u0131r\u0131lan ZECO 12 in\u00e7 kelebek vanalar\u0131n \u00e7o\u011fu, ne \u00e7ok h\u0131zl\u0131 ne de \u00e7ok yava\u015f \u00e7al\u0131\u015fma h\u0131z\u0131na dikkat eder ve uygun pozisyonda kuvvet uygular. Son konum, valf performans\u0131 a\u00e7\u0131s\u0131ndan hayati \u00f6neme sahiptir. Yak\u0131n pozisyonda top oturmak i\u00e7in do\u011fru pozisyonda olacakt\u0131r. Valf yuvas\u0131n\u0131n kapatma par\u00e7alar\u0131 kampanyaya \u00e7ok yak\u0131n oldu\u011fundan ve valf yuvas\u0131n\u0131 terk etti\u011finden, valf s\u0131zd\u0131rmazl\u0131k performans\u0131 k\u0131smen valf yuvas\u0131n\u0131n s\u0131zd\u0131rmaz kalmas\u0131 i\u00e7in ilgili g\u00f6vde tahrikli kapatma par\u00e7alar\u0131na ve bunun sonucunda ortaya \u00e7\u0131kan mekanik kuvvete ba\u011fl\u0131d\u0131r. Belirli bir olay\u0131n kapat\u0131lmas\u0131 y\u00f6n\u00fcndeki rol\u00fc ise, kapatman\u0131n koltuktan kapat\u0131lmas\u0131 y\u00f6n\u00fcnde bask\u0131 yap\u0131lmas\u0131 ve bu yetkinin olmas\u0131 esast\u0131r. Valf yuvas\u0131ndaki kayan par\u00e7an\u0131n i\u00e7 kapanmas\u0131n\u0131n b\u00fcy\u00fck bir k\u0131sm\u0131 kuvvet g\u00f6vde contalar\u0131na dayanmaz, ancak bu tip valf konumunun do\u011fru olup olmad\u0131\u011f\u0131 \u00e7ok \u00f6nemlidir. Baz\u0131 durumlarda, kapatma par\u00e7alar\u0131 nihai kapal\u0131 konuma yakla\u015ft\u0131\u011f\u0131nda, kasay\u0131 kapatmak i\u00e7in gereken itici kuvvet b\u00fcy\u00fck \u00f6l\u00e7\u00fcde artabilir; gerekli konuma ula\u015fmak i\u00e7in par\u00e7alar bir yard\u0131mc\u0131 s\u0131k\u0131\u015ft\u0131rmayla kapat\u0131lm\u0131\u015ft\u0131r. Yak\u0131n kasalara ula\u015f\u0131lamad\u0131\u011f\u0131nda veya g\u00fcmr\u00fck mahallinde durdurulmad\u0131\u011f\u0131 takdirde m\u00fch\u00fcr s\u0131z\u0131nt\u0131s\u0131 ve hasar meydana gelecektir. Kelebek Vanalar s\u0131zd\u0131rmazl\u0131\u011f\u0131 garanti etmek i\u00e7in do\u011fru pozisyona ihtiya\u00e7 duyar. G\u00f6sterge Kapal\u0131 konumunu g\u00f6sterdi\u011finde hareket durdurulacakt\u0131r.<\/p>\r\n\r\n\r\n\r\n<h2 class=\"wp-block-heading\">12\u2033 Kelebek Vana nas\u0131l \u00e7al\u0131\u015f\u0131r?<\/h2>\r\n\r\n\r\n\r\n<p>Bir kelebek vana, g\u00f6vde etraf\u0131nda d\u00f6nen ve esnek yuvas\u0131n\u0131n \u00e7evresinde s\u0131k\u0131 bir kapatma i\u015flemi ba\u015flatan metal bir diskten olu\u015fur. Sap ortaya monte edilebilir veya ofset eklenebilir. Ayr\u0131ca kau\u00e7uk koltu\u011fun yang\u0131n nedeniyle hasar g\u00f6rmesi durumunda koruma sa\u011flamak amac\u0131yla ekstra s\u0131zd\u0131rmazl\u0131k sa\u011flayan bir ambalaj bile\u015feni de bulunmaktad\u0131r.<\/p>\r\n\r\n\r\n\r\n<h2 class=\"wp-block-heading\">12 \u0130n\u00e7 Kelebek Vanan\u0131n Boyutlar\u0131 ve A\u011f\u0131rl\u0131\u011f\u0131<\/h2>\r\n\r\n\r\n\r\n<table border=\"=1\" width=\"800\">\r\n<tbody>\r\n<tr>\r\n<td rowspan=\"2\">Bas\u0131n\u00e7 Derecesi<\/td>\r\n<td style=\"text-align: center;\" colspan=\"4\">\u00a0Y\u00fcz Y\u00fcze Boyut (mm cinsinden)<\/td>\r\n<td style=\"text-align: center;\">A\u011f\u0131rl\u0131k<\/td>\r\n<\/tr>\r\n<tr>\r\n<td style=\"text-align: center;\">RF Uzun Desen<\/td>\r\n<td style=\"text-align: center;\">RF K\u0131sa Desen<\/td>\r\n<td style=\"text-align: center;\">GOFRET<\/td>\r\n<td style=\"text-align: center;\">LAK<\/td>\r\n<td style=\"text-align: center;\">kg<\/td>\r\n<\/tr>\r\n<tr>\r\n<td>SINIF 150<\/td>\r\n<td style=\"text-align: center;\">356<\/td>\r\n<td style=\"text-align: center;\">178<\/td>\r\n<td style=\"text-align: center;\">81<\/td>\r\n<td style=\"text-align: center;\">81<\/td>\r\n<td style=\"text-align: center;\">160<\/td>\r\n<\/tr>\r\n<tr>\r\n<td>SINIF 300<\/td>\r\n<td style=\"text-align: center;\">502<\/td>\r\n<td style=\"text-align: center;\">270<\/td>\r\n<td style=\"text-align: center;\">92<\/td>\r\n<td style=\"text-align: center;\">92<\/td>\r\n<td style=\"text-align: center;\">230<\/td>\r\n<\/tr>\r\n<tr>\r\n<td>SINIF 600<\/td>\r\n<td style=\"text-align: center;\">838<\/td>\r\n<td style=\"text-align: center;\">270<\/td>\r\n<td style=\"text-align: center;\">140<\/td>\r\n<td style=\"text-align: center;\">140<\/td>\r\n<td style=\"text-align: center;\">310<\/td>\r\n<\/tr>\r\n<\/tbody>\r\n<\/table>\r\n\r\n\r\n\r\n<h2 class=\"wp-block-heading\" id=\"h-features-of-12-inch-butterfly-valve\">12 \u0130n\u00e7 Kelebek Vanan\u0131n \u00d6zellikleri:<\/h2>\r\n\r\n\r\n\r\n<ul class=\"wp-block-list\">\r\n<li>ZECO 12 in\u00e7 kelebek vanan\u0131n \u00f6l\u00fc b\u00f6lge tasar\u0131m\u0131 yoktur;<\/li>\r\n<li>ZECO 12 in\u00e7 kelebek vana, canl\u0131 y\u00fckl\u00fc paketleme sistemi tasar\u0131m\u0131na sahiptir;<\/li>\r\n<li>ZECO 12 in\u00e7 kelebek vana, yang\u0131ndan korunma yap\u0131 tasar\u0131m\u0131na sahiptir;<\/li>\r\n<li>ZECO 12 in\u00e7 kelebek vana \u00e7ift emniyetli s\u0131zd\u0131rmazl\u0131k tasar\u0131m\u0131na sahiptir.<\/li>\r\n<\/ul>\r\n\r\n\r\n\r\n<h2 class=\"wp-block-heading\" id=\"h-material-of-12-butterfly-valve\">12\u2033 Kelebek Vana Malzemesi:<\/h2>\r\n\r\n\r\n\r\n<figure class=\"wp-block-table\">\r\n<table>\r\n<tbody>\r\n<tr>\r\n<td>Hay\u0131r<\/td>\r\n<td>Par\u00e7a<\/td>\r\n<td>Malzeme<\/td>\r\n<\/tr>\r\n<tr>\r\n<td>1<\/td>\r\n<td>V\u00fccut<\/td>\r\n<td>ASTM A216 WCB + 13Cr<\/td>\r\n<\/tr>\r\n<tr>\r\n<td>2<\/td>\r\n<td>Conta Halkas\u0131<\/td>\r\n<td>Grafit + SS304<\/td>\r\n<\/tr>\r\n<tr>\r\n<td>3<\/td>\r\n<td>Tutucu Flan\u015f<\/td>\r\n<td>ASTM A105<\/td>\r\n<\/tr>\r\n<tr>\r\n<td>4<\/td>\r\n<td>Pim<\/td>\r\n<td>ASTM A276 410<\/td>\r\n<\/tr>\r\n<tr>\r\n<td>5<\/td>\r\n<td>Disk<\/td>\r\n<td>ASTM A216 WCB<\/td>\r\n<\/tr>\r\n<tr>\r\n<td>6<\/td>\r\n<td>K\u00f6k<\/td>\r\n<td>ASTM A276 410<\/td>\r\n<\/tr>\r\n<tr>\r\n<td>7<\/td>\r\n<td>K\u00f6k Ambalaj<\/td>\r\n<td>Grafit<\/td>\r\n<\/tr>\r\n<tr>\r\n<td>8<\/td>\r\n<td>K\u00f6k Daya\u011f\u0131<\/td>\r\n<td>SS304 + PTFE<\/td>\r\n<\/tr>\r\n<tr>\r\n<td>9<\/td>\r\n<td>C\u0131vata<\/td>\r\n<td>ASTM A193 B7<\/td>\r\n<\/tr>\r\n<tr>\r\n<td>10<\/td>\r\n<td>F\u0131nd\u0131k<\/td>\r\n<td>ASTM A194 2H<\/td>\r\n<\/tr>\r\n<tr>\r\n<td>11<\/td>\r\n<td>Boyunduruk<\/td>\r\n<td>ASTM A216 WCB<\/td>\r\n<\/tr>\r\n<\/tbody>\r\n<\/table>\r\n<\/figure>","protected":false},"excerpt":{"rendered":"<p>Kelebek vana 12 in\u00e7, vana boyutunun 12 in\u00e7 oldu\u011fu anlam\u0131na gelir ve DN&#039;de DN300&#039;d\u00fcr. 12\u2033 Kelebek Nedir? <a title=\"12\u2033 Kelebek Vana\" class=\"read-more\" href=\"https:\/\/zecovalve.com\/tr\/urun\/12-inch-butterfly-valve\" aria-label=\"12\u2033 Kelebek Vana hakk\u0131nda daha fazlas\u0131\">Daha fazla bilgi edinin<\/a><\/p>","protected":false},"featured_media":15338,"comment_status":"closed","ping_status":"closed","template":"","meta":{"_generate-full-width-content":"","kt_blocks_editor_width":""},"product_cat":[2044,2470],"product_tag":[],"class_list":["post-16141","product","type-product","status-publish","has-post-thumbnail","hentry","product_cat-butterfly-valve","product_cat-butterfly-valve-by-inch","sales-flash-overlay","woocommerce-text-align-center","woocommerce-image-align-center","do-quantity-buttons"],"featured_image_src_large":["https:\/\/zecovalve.com\/wp-content\/uploads\/2021\/12\/\u51f8\u8033\u8776\u9600C95800-2-768x1024.jpg",768,1024,true],"author_info":[],"comment_info":0,"taxonomy_info":{"product_cat":[{"value":2044,"label":"Butterfly Valve"},{"value":2470,"label":"Butterfly Valve By Inch"}]},"yoast_head":"<!-- This site is optimized with the Yoast SEO Premium plugin v15.4 - https:\/\/yoast.com\/wordpress\/plugins\/seo\/ -->\n<title>12&quot; Butterfly Valve - Competitive 12 inch Butterfly Valve Price | ZECO Valve<\/title>\n<meta name=\"robots\" content=\"index, follow, max-snippet:-1, max-image-preview:large, max-video-preview:-1\" \/>\n<link rel=\"canonical\" href=\"https:\/\/zecovalve.com\/tr\/urun\/12-inch-butterfly-valve\" \/>\n<meta property=\"og:locale\" content=\"tr_TR\" \/>\n<meta property=\"og:type\" content=\"article\" \/>\n<meta property=\"og:title\" content=\"12&quot; Butterfly Valve - Competitive 12 inch Butterfly Valve Price | ZECO Valve\" \/>\n<meta property=\"og:description\" content=\"Butterflly valve 12 inch means the valve size is 12 inch, and in DN it is DN300. What is a 12&#8243; Butterfly ... Read more\" \/>\n<meta property=\"og:url\" content=\"https:\/\/zecovalve.com\/tr\/urun\/12-inch-butterfly-valve\" \/>\n<meta property=\"og:site_name\" content=\"ZECO Valve\" \/>\n<meta property=\"article:modified_time\" content=\"2022-09-01T00:42:57+00:00\" \/>\n<meta property=\"og:image\" content=\"https:\/\/zecovalve.com\/wp-content\/uploads\/2021\/12\/\u51f8\u8033\u8776\u9600C95800-2-scaled.jpg\" \/>\n\t<meta property=\"og:image:width\" content=\"1920\" \/>\n\t<meta property=\"og:image:height\" content=\"2560\" \/>\n<meta name=\"twitter:card\" content=\"summary_large_image\" \/>\n<meta name=\"twitter:label1\" content=\"Yazan:\">\n\t<meta name=\"twitter:data1\" content=\"Jerry\">\n\t<meta name=\"twitter:label2\" content=\"Tahmini okuma s\u00fcresi\">\n\t<meta name=\"twitter:data2\" content=\"2 dakika\">\n<script type=\"application\/ld+json\" class=\"yoast-schema-graph\">{\"@context\":\"https:\/\/schema.org\",\"@graph\":[{\"@type\":\"WebSite\",\"@id\":\"https:\/\/zecovalve.com\/#website\",\"url\":\"https:\/\/zecovalve.com\/\",\"name\":\"ZECO Valve\",\"description\":\"Industrial Ball Valve, Gate Valve and Globe Valve Manufacturer\",\"potentialAction\":[{\"@type\":\"SearchAction\",\"target\":\"https:\/\/zecovalve.com\/?s={search_term_string}\",\"query-input\":\"required name=search_term_string\"}],\"inLanguage\":\"tr\"},{\"@type\":\"ImageObject\",\"@id\":\"https:\/\/zecovalve.com\/product\/12-inch-butterfly-valve#primaryimage\",\"inLanguage\":\"tr\",\"url\":\"https:\/\/zecovalve.com\/wp-content\/uploads\/2021\/12\/\\u51f8\\u8033\\u8776\\u9600C95800-2-scaled.jpg\",\"width\":1920,\"height\":2560,\"caption\":\"BUTTERFLY VALVE\"},{\"@type\":\"WebPage\",\"@id\":\"https:\/\/zecovalve.com\/product\/12-inch-butterfly-valve#webpage\",\"url\":\"https:\/\/zecovalve.com\/product\/12-inch-butterfly-valve\",\"name\":\"12\\\" Butterfly Valve - Competitive 12 inch Butterfly Valve Price | ZECO Valve\",\"isPartOf\":{\"@id\":\"https:\/\/zecovalve.com\/#website\"},\"primaryImageOfPage\":{\"@id\":\"https:\/\/zecovalve.com\/product\/12-inch-butterfly-valve#primaryimage\"},\"datePublished\":\"2022-06-19T14:07:25+00:00\",\"dateModified\":\"2022-09-01T00:42:57+00:00\",\"breadcrumb\":{\"@id\":\"https:\/\/zecovalve.com\/product\/12-inch-butterfly-valve#breadcrumb\"},\"inLanguage\":\"tr\",\"potentialAction\":[{\"@type\":\"ReadAction\",\"target\":[\"https:\/\/zecovalve.com\/product\/12-inch-butterfly-valve\"]}]},{\"@type\":\"BreadcrumbList\",\"@id\":\"https:\/\/zecovalve.com\/product\/12-inch-butterfly-valve#breadcrumb\",\"itemListElement\":[{\"@type\":\"ListItem\",\"position\":1,\"item\":{\"@type\":\"WebPage\",\"@id\":\"https:\/\/zecovalve.com\/\",\"url\":\"https:\/\/zecovalve.com\/\",\"name\":\"Home\"}},{\"@type\":\"ListItem\",\"position\":2,\"item\":{\"@type\":\"WebPage\",\"@id\":\"https:\/\/zecovalve.com\/product-category\",\"url\":\"https:\/\/zecovalve.com\/product-category\",\"name\":\"Industrial Valve Manufacturer | Water Valve Manufacturer\"}},{\"@type\":\"ListItem\",\"position\":3,\"item\":{\"@type\":\"WebPage\",\"@id\":\"https:\/\/zecovalve.com\/product\/12-inch-butterfly-valve\",\"url\":\"https:\/\/zecovalve.com\/product\/12-inch-butterfly-valve\",\"name\":\"12&#8243; Butterfly Valve\"}}]}]}<\/script>\n<!-- \/ Yoast SEO Premium plugin. -->","_links":{"self":[{"href":"https:\/\/zecovalve.com\/tr\/wp-json\/wp\/v2\/product\/16141","targetHints":{"allow":["GET"]}}],"collection":[{"href":"https:\/\/zecovalve.com\/tr\/wp-json\/wp\/v2\/product"}],"about":[{"href":"https:\/\/zecovalve.com\/tr\/wp-json\/wp\/v2\/types\/product"}],"replies":[{"embeddable":true,"href":"https:\/\/zecovalve.com\/tr\/wp-json\/wp\/v2\/comments?post=16141"}],"wp:featuredmedia":[{"embeddable":true,"href":"https:\/\/zecovalve.com\/tr\/wp-json\/wp\/v2\/media\/15338"}],"wp:attachment":[{"href":"https:\/\/zecovalve.com\/tr\/wp-json\/wp\/v2\/media?parent=16141"}],"wp:term":[{"taxonomy":"product_cat","embeddable":true,"href":"https:\/\/zecovalve.com\/tr\/wp-json\/wp\/v2\/product_cat?post=16141"},{"taxonomy":"product_tag","embeddable":true,"href":"https:\/\/zecovalve.com\/tr\/wp-json\/wp\/v2\/product_tag?post=16141"}],"curies":[{"name":"wp","href":"https:\/\/api.w.org\/{rel}","templated":true}]}}