{"id":16143,"date":"2022-06-19T14:10:13","date_gmt":"2022-06-19T14:10:13","guid":{"rendered":"https:\/\/zecovalve.com\/?post_type=product&#038;p=16143"},"modified":"2022-07-31T02:32:33","modified_gmt":"2022-07-31T02:32:33","slug":"triple-offset-butterfly-valve","status":"publish","type":"product","link":"https:\/\/zecovalve.com\/tr\/urun\/triple-offset-butterfly-valve","title":{"rendered":"\u00dc\u00e7l\u00fc Ofset Kelebek Vana"},"content":{"rendered":"<p>\u00dc\u00e7l\u00fc ofset vana veya \u00fc\u00e7l\u00fc eksantrik vana, kelebek vana merkez hatt\u0131n\u0131n hem X hem de Y ekseninde ofset olan bir g\u00f6vdeye sahiptir. Bu, valf \u00e7al\u0131\u015f\u0131rken kam benzeri bir hareket \u00fcretir.<\/p>\r\n\r\n\r\n\r\n<figure class=\"wp-block-image alignnone size-medium wp-image-16144\"><img loading=\"lazy\" decoding=\"async\" width=\"300\" height=\"225\" class=\"wp-image-16144\" src=\"https:\/\/zecovalve.com\/wp-content\/uploads\/2022\/06\/triple-offset-butterfly-valve-300x225.jpg\" alt=\"\u00dc\u00e7l\u00fc Ofset Kelebek Vana\" srcset=\"https:\/\/zecovalve.com\/wp-content\/uploads\/2022\/06\/triple-offset-butterfly-valve-300x225.jpg 300w, https:\/\/zecovalve.com\/wp-content\/uploads\/2022\/06\/triple-offset-butterfly-valve-768x576.jpg 768w, https:\/\/zecovalve.com\/wp-content\/uploads\/2022\/06\/triple-offset-butterfly-valve-600x450.jpg 600w, https:\/\/zecovalve.com\/wp-content\/uploads\/2022\/06\/triple-offset-butterfly-valve.jpg 800w\" sizes=\"auto, (max-width: 300px) 100vw, 300px\" \/><\/figure>\r\n\r\n\r\n<div class=\"gb-button-wrapper gb-button-wrapper-6d8495a3\">\r\n\r\n\r\n<p><a class=\"gb-button gb-button-3d442e11 gb-button-text\" href=\"https:\/\/zecovalve.com\/tr\/contact\/\" target=\"_blank\" rel=\"noopener noreferrer\"><strong>\u00dc\u00c7L\u00dc OFSET VANA FIYATI ALIN<\/strong><\/a><\/p>\r\n<\/div>\r\n\r\n\r\n\r\n\r\n<h2 class=\"wp-block-heading\" id=\"h-what-is-a-triple-offset-butterfly-valve\">\u00dc\u00e7l\u00fc Ofset Kelebek Vana nedir\uff1f<\/h2>\r\n\r\n\r\n\r\n<p>ZECO \u00fc\u00e7l\u00fc ofset kelebek vana, metalden metale contal\u0131 \u00e7ift ofset kelebek vana temelinde zaman i\u00e7inde a\u00e7\u0131 eksantrikli\u011fini art\u0131ran \u00fc\u00e7 eksantrik yap\u0131y\u0131 benimser. A\u00e7\u0131sal eksantriklik, kelebek diskin s\u0131zd\u0131rmazl\u0131k y\u00fczeyinin konik ekseninin g\u00f6vde silindirinin eksenine e\u011fimli oldu\u011fu anlam\u0131na gelir. Bu s\u0131rada, s\u0131zd\u0131rmazl\u0131k y\u00fczeyinin kesiti bir elips haline gelir, bu nedenle s\u0131zd\u0131rmazl\u0131k y\u00fczeyinin \u015fekli asimetriktir.  Bir taraf g\u00f6vdenin merkez hatt\u0131na e\u011fimli, di\u011fer taraf ise g\u00f6vdenin merkez hatt\u0131na paraleldir. Bu a\u00e7\u0131 eksantrikli\u011finin ana rol\u00fc, vanay\u0131 a\u00e7ma veya kapama s\u00fcrecinde yapmakt\u0131r, s\u0131zd\u0131rmazl\u0131k halkas\u0131 ile vana yuvas\u0131 aras\u0131ndaki herhangi bir nokta h\u0131zla kapanacak veya temas edecektir, b\u00f6ylece s\u0131zd\u0131rmazl\u0131k y\u00fczeyi aras\u0131nda s\u00fcrt\u00fcnme olmamas\u0131 vanan\u0131n hizmet \u00f6mr\u00fcn\u00fc uzat\u0131r.<\/p>\r\n\r\n\r\n\r\n<h2 class=\"wp-block-heading\">\u00dc\u00e7l\u00fc Ofset Yap\u0131s\u0131 Nedir?<\/h2>\r\n\r\n\r\n\r\n<p>\u00dc\u00e7l\u00fc Ofset Kelebek Vana 3 ayr\u0131 ofsete sahiptir. Ofsetlerin ikisi, milin deli\u011fin merkez hatt\u0131na ve disk\/yatak s\u0131zd\u0131rmazl\u0131k y\u00fczeylerinin merkez hatt\u0131na g\u00f6re konumu i\u00e7in ge\u00e7erlidir. \u00dc\u00e7\u00fcnc\u00fc ofset ise yatak konisi a\u00e7\u0131s\u0131 eksenindeki tasar\u0131md\u0131r.<\/p>\r\n\r\n\r\n\r\n<p>S\u0131f\u0131r Ofset: Disk merkez eksen etraf\u0131nda d\u00f6nerek potansiyel 360\u00ba d\u00f6n\u00fc\u015f sa\u011flar. S\u0131zd\u0131rmazl\u0131k, diskin yumu\u015fak contay\u0131 deforme ederek tam \u00e7al\u0131\u015fma d\u00f6ng\u00fcs\u00fc boyunca tam s\u00fcrt\u00fcnme sa\u011flamas\u0131yla elde edilir.<\/p>\r\n\r\n\r\n\r\n<p>\u00c7ift Ofset: Yata\u011f\u0131n yer de\u011fi\u015ftirmesini sa\u011flamak i\u00e7in mil, disk yata\u011f\u0131 ve g\u00f6vde contas\u0131n\u0131n merkez hatt\u0131ndan (ofset bir) ve deli\u011fin merkez hatt\u0131ndan (ofset iki) kayd\u0131r\u0131lm\u0131\u015ft\u0131r. Bu, \u00e7al\u0131\u015fma s\u0131ras\u0131nda yata\u011f\u0131 contadan kald\u0131rmak i\u00e7in bir kam hareketi yaratarak ilk 10 derece a\u00e7\u0131lma ve son 10 derece kapanma s\u0131ras\u0131nda s\u00fcrt\u00fcnmeye neden olur.<\/p>\r\n\r\n\r\n\r\n<p>\u00dc\u00e7l\u00fc ofset, s\u0131zd\u0131rmazl\u0131k bile\u015fenlerinin geometri tasar\u0131m\u0131d\u0131r. S\u0131zd\u0131rmazl\u0131k bile\u015fenlerinin her biri ofset konik profil \u015feklinde i\u015flenerek dik a\u00e7\u0131l\u0131 bir koni elde edilir. Bu, \u00e7al\u0131\u015fma d\u00f6ng\u00fcs\u00fc boyunca s\u00fcrt\u00fcnmesiz vuru\u015f sa\u011flar. Temas yaln\u0131zca son kapanma noktas\u0131nda ger\u00e7ekle\u015fir ve 90\u00b0'lik a\u00e7\u0131 mekanik bir durdurma g\u00f6revi g\u00f6rerek disk yuvas\u0131n\u0131n a\u015f\u0131r\u0131 hareket etmemesini sa\u011flar.<\/p>\r\n\r\n\r\n<div class=\"wp-block-image\">\r\n<figure class=\"aligncenter size-full\"><img loading=\"lazy\" decoding=\"async\" width=\"605\" height=\"210\" class=\"wp-image-19466\" src=\"https:\/\/zecovalve.com\/wp-content\/uploads\/2022\/07\/Triple-Offset-Butterfly-Valve.png\" alt=\"\" srcset=\"https:\/\/zecovalve.com\/wp-content\/uploads\/2022\/07\/Triple-Offset-Butterfly-Valve.png 605w, https:\/\/zecovalve.com\/wp-content\/uploads\/2022\/07\/Triple-Offset-Butterfly-Valve-300x104.png 300w, https:\/\/zecovalve.com\/wp-content\/uploads\/2022\/07\/Triple-Offset-Butterfly-Valve-600x208.png 600w\" sizes=\"auto, (max-width: 605px) 100vw, 605px\" \/><\/figure>\r\n<\/div>\r\n\r\n\r\n<h2 class=\"wp-block-heading\">\u00dc\u00e7l\u00fc Ofset Kelebek Vana Uygulamalar\u0131<\/h2>\r\n\r\n\r\n\r\n<p>\u00dc\u00e7l\u00fc ofset kelebek vanalar, a\u015f\u0131nd\u0131r\u0131c\u0131 malzeme, y\u00fcksek bas\u0131n\u00e7 veya s\u0131cakl\u0131k gibi \u00f6zel zorluklara sahip uygulamalarda ve hatta ka\u00e7ak emisyonlara e\u011filimli olanlarda etkilidir.<\/p>\r\n\r\n\r\n\r\n<p>\u00dc\u00e7l\u00fc ofset kelebek vanalar\u0131 150 psi'nin \u00fczerinde buhar veya y\u00fcksek s\u0131cakl\u0131kta saf gaz veya s\u0131v\u0131 gibi uygulamalarda bulabilirsiniz. Bu gibi durumlarda, yumu\u015fak kaplamas\u0131 olmayan metal yatakl\u0131 tipler daha ekonomiktir.<\/p>\r\n\r\n\r\n\r\n<p>Bu vanalar genellikle petrol ve gaz i\u015fleme, rafinaj, kimyasal ve petrokimyasal uygulamalar, enerji \u00fcretimi, a\u00e7\u0131k deniz uygulamalar\u0131, ka\u011f\u0131t hamuru ve ka\u011f\u0131t gibi end\u00fcstrilerde kullan\u0131l\u0131r.<\/p>\r\n\r\n\r\n\r\n<h2 class=\"wp-block-heading\" id=\"h-features-of-triple-offset-butterfly-valve\">\u00dc\u00e7l\u00fc Ofset Kelebek Vana \u00d6zellikleri:<\/h2>\r\n\r\n\r\n\r\n<ul class=\"wp-block-list\">\r\n<li>ZECO \u00fc\u00e7l\u00fc ofset kelebek vana, zaman kaybetmeden ve boru hatt\u0131n\u0131n normal \u00e7al\u0131\u015fma maliyetini kaybetmeden, koltuk hasar\u0131 veya bak\u0131m durumunda vana sahada \u00e7\u0131kar\u0131ld\u0131ktan hemen sonra vana yata\u011f\u0131n\u0131 ve s\u0131zd\u0131rmazl\u0131k halkas\u0131n\u0131 de\u011fi\u015ftirmek i\u00e7in uygun olan de\u011fi\u015ftirilebilir vana yata\u011f\u0131n\u0131 benimser;<\/li>\r\n<li>ZECO \u00fc\u00e7l\u00fc ofset kelebek vana, kullan\u0131c\u0131n\u0131n gereksinimlerini kar\u015f\u0131lamak i\u00e7in kullan\u0131c\u0131n\u0131n ger\u00e7ek \u00e7al\u0131\u015fma ko\u015fullar\u0131na g\u00f6re vana g\u00f6vdesi, kelebek plaka ve s\u0131zd\u0131rmazl\u0131k y\u00fczey malzemesi i\u00e7in \u00e7e\u015fitli malzemeler se\u00e7ebilir;<\/li>\r\n<li>ZECO kelebek vana deste\u011fi, istenen elektrikli, pn\u00f6matik, hidrolik veya t\u00fcrbin akt\u00fcat\u00f6rlerini de\u011fi\u015ftirmek i\u00e7in ZECO sahas\u0131nda veya kullan\u0131c\u0131 sahas\u0131nda kullan\u0131labilen tek tip boyutta ISO 5211 standard\u0131d\u0131r;<\/li>\r\n<li>ZECO kelebek vana, vanan\u0131n maksimum s\u0131z\u0131nt\u0131s\u0131n\u0131 \u226420ppm sa\u011flamak i\u00e7in kombine bir salmastra s\u0131zd\u0131rmazl\u0131k sistemi kullan\u0131r. Kullan\u0131c\u0131lar, salmastran\u0131n kullan\u0131m s\u00fcresini s\u0131k bak\u0131mdan uzatmak i\u00e7in \u00e7al\u0131\u015fma ko\u015fullar\u0131na g\u00f6re dinamik y\u00fck s\u0131zd\u0131rmazl\u0131k yap\u0131s\u0131n\u0131 se\u00e7ebilirler.<\/li>\r\n<\/ul>\r\n\r\n\r\n\r\n<h2 class=\"wp-block-heading\" id=\"h-material-of-triple-offset-butterfly-valve\">\u00dc\u00e7l\u00fc Ofset Kelebek Vana Malzemesi:<\/h2>\r\n\r\n\r\n\r\n<figure class=\"wp-block-table is-style-stripes\">\r\n<table>\r\n<tbody>\r\n<tr>\r\n<td>Hay\u0131r<\/td>\r\n<td>Par\u00e7a<\/td>\r\n<td>Malzeme<\/td>\r\n<\/tr>\r\n<tr>\r\n<td>1<\/td>\r\n<td>V\u00fccut<\/td>\r\n<td>ASTM A216 WCB + 13Cr<\/td>\r\n<\/tr>\r\n<tr>\r\n<td>2<\/td>\r\n<td>Conta Halkas\u0131<\/td>\r\n<td>Grafit + SS304<\/td>\r\n<\/tr>\r\n<tr>\r\n<td>3<\/td>\r\n<td>Tutucu Flan\u015f<\/td>\r\n<td>ASTM A105<\/td>\r\n<\/tr>\r\n<tr>\r\n<td>4<\/td>\r\n<td>Pim<\/td>\r\n<td>ASTM A276 410<\/td>\r\n<\/tr>\r\n<tr>\r\n<td>5<\/td>\r\n<td>Disk<\/td>\r\n<td>ASTM A216 WCB<\/td>\r\n<\/tr>\r\n<tr>\r\n<td>6<\/td>\r\n<td>K\u00f6k<\/td>\r\n<td>ASTM A276 410<\/td>\r\n<\/tr>\r\n<tr>\r\n<td>7<\/td>\r\n<td>K\u00f6k Ambalaj<\/td>\r\n<td>Grafit<\/td>\r\n<\/tr>\r\n<tr>\r\n<td>8<\/td>\r\n<td>K\u00f6k Daya\u011f\u0131<\/td>\r\n<td>SS304 + PTFE<\/td>\r\n<\/tr>\r\n<tr>\r\n<td>9<\/td>\r\n<td>C\u0131vata<\/td>\r\n<td>ASTM A193 B7<\/td>\r\n<\/tr>\r\n<tr>\r\n<td>10<\/td>\r\n<td>F\u0131nd\u0131k<\/td>\r\n<td>ASTM A194 2H<\/td>\r\n<\/tr>\r\n<tr>\r\n<td>11<\/td>\r\n<td>Boyunduruk<\/td>\r\n<td>ASTM A216 WCB<\/td>\r\n<\/tr>\r\n<\/tbody>\r\n<\/table>\r\n<\/figure>","protected":false},"excerpt":{"rendered":"<p>\u00dc\u00e7l\u00fc ofset valf veya \u00fc\u00e7l\u00fc eksantrik valf, hem X hem de Y ekseninde kayd\u0131r\u0131lan bir g\u00f6vdeye sahiptir\u2026 <a title=\"\u00dc\u00e7l\u00fc Ofset Kelebek Vana\" class=\"read-more\" href=\"https:\/\/zecovalve.com\/tr\/urun\/triple-offset-butterfly-valve\" aria-label=\"\u00dc\u00e7l\u00fc Ofset Kelebek Vana hakk\u0131nda daha fazla bilgi\">Daha fazla bilgi edinin<\/a><\/p>","protected":false},"featured_media":16144,"comment_status":"closed","ping_status":"closed","template":"","meta":{"_generate-full-width-content":"","kt_blocks_editor_width":""},"product_cat":[2044,2467,2604],"product_tag":[2723],"class_list":["post-16143","product","type-product","status-publish","has-post-thumbnail","hentry","product_cat-butterfly-valve","product_cat-butterfly-valve-by-form","product_cat-triple-offset-butterfly-valve","product_tag-what-is-a-valve","sales-flash-overlay","woocommerce-text-align-center","woocommerce-image-align-center","do-quantity-buttons"],"featured_image_src_large":["https:\/\/zecovalve.com\/wp-content\/uploads\/2022\/06\/triple-offset-butterfly-valve.jpg",800,600,false],"author_info":[],"comment_info":0,"taxonomy_info":{"product_cat":[{"value":2044,"label":"Butterfly Valve"},{"value":2467,"label":"Butterfly Valve By Form"},{"value":2604,"label":"Triple Offset Butterfly Valve"}],"product_tag":[{"value":2723,"label":"What is a Valve"}]},"yoast_head":"<!-- This site is optimized with the Yoast SEO Premium plugin v15.4 - https:\/\/yoast.com\/wordpress\/plugins\/seo\/ -->\n<title>Triple Offset Butterfly Valve - Butterfly Valve Triple Offset Structure | ZECO<\/title>\n<meta name=\"robots\" content=\"index, follow, max-snippet:-1, max-image-preview:large, max-video-preview:-1\" \/>\n<link rel=\"canonical\" href=\"https:\/\/zecovalve.com\/tr\/urun\/triple-offset-butterfly-valve\" \/>\n<meta property=\"og:locale\" content=\"tr_TR\" \/>\n<meta property=\"og:type\" content=\"article\" \/>\n<meta property=\"og:title\" content=\"Triple Offset Butterfly Valve - Butterfly Valve Triple Offset Structure | ZECO\" \/>\n<meta property=\"og:description\" content=\"The Triple offset valve or triple eccentric valve features a stem that is offset on both the X and Y axis of ... Read more\" \/>\n<meta property=\"og:url\" content=\"https:\/\/zecovalve.com\/tr\/urun\/triple-offset-butterfly-valve\" \/>\n<meta property=\"og:site_name\" content=\"ZECO Valve\" \/>\n<meta property=\"article:modified_time\" content=\"2022-07-31T02:32:33+00:00\" \/>\n<meta property=\"og:image\" content=\"https:\/\/zecovalve.com\/wp-content\/uploads\/2022\/06\/triple-offset-butterfly-valve.jpg\" \/>\n\t<meta property=\"og:image:width\" content=\"800\" \/>\n\t<meta property=\"og:image:height\" content=\"600\" \/>\n<meta name=\"twitter:card\" content=\"summary_large_image\" \/>\n<meta name=\"twitter:label1\" content=\"Yazan:\">\n\t<meta name=\"twitter:data1\" content=\"Jerry\">\n\t<meta name=\"twitter:label2\" content=\"Tahmini okuma s\u00fcresi\">\n\t<meta name=\"twitter:data2\" content=\"3 dakika\">\n<script type=\"application\/ld+json\" class=\"yoast-schema-graph\">{\"@context\":\"https:\/\/schema.org\",\"@graph\":[{\"@type\":\"WebSite\",\"@id\":\"https:\/\/zecovalve.com\/#website\",\"url\":\"https:\/\/zecovalve.com\/\",\"name\":\"ZECO Valve\",\"description\":\"Industrial Ball Valve, Gate Valve and Globe Valve Manufacturer\",\"potentialAction\":[{\"@type\":\"SearchAction\",\"target\":\"https:\/\/zecovalve.com\/?s={search_term_string}\",\"query-input\":\"required name=search_term_string\"}],\"inLanguage\":\"tr\"},{\"@type\":\"ImageObject\",\"@id\":\"https:\/\/zecovalve.com\/product\/triple-offset-butterfly-valve#primaryimage\",\"inLanguage\":\"tr\",\"url\":\"https:\/\/zecovalve.com\/wp-content\/uploads\/2022\/06\/triple-offset-butterfly-valve.jpg\",\"width\":800,\"height\":600,\"caption\":\"Triple Offset Butterfly Valve\"},{\"@type\":\"WebPage\",\"@id\":\"https:\/\/zecovalve.com\/product\/triple-offset-butterfly-valve#webpage\",\"url\":\"https:\/\/zecovalve.com\/product\/triple-offset-butterfly-valve\",\"name\":\"Triple Offset Butterfly Valve - Butterfly Valve Triple Offset Structure | ZECO\",\"isPartOf\":{\"@id\":\"https:\/\/zecovalve.com\/#website\"},\"primaryImageOfPage\":{\"@id\":\"https:\/\/zecovalve.com\/product\/triple-offset-butterfly-valve#primaryimage\"},\"datePublished\":\"2022-06-19T14:10:13+00:00\",\"dateModified\":\"2022-07-31T02:32:33+00:00\",\"breadcrumb\":{\"@id\":\"https:\/\/zecovalve.com\/product\/triple-offset-butterfly-valve#breadcrumb\"},\"inLanguage\":\"tr\",\"potentialAction\":[{\"@type\":\"ReadAction\",\"target\":[\"https:\/\/zecovalve.com\/product\/triple-offset-butterfly-valve\"]}]},{\"@type\":\"BreadcrumbList\",\"@id\":\"https:\/\/zecovalve.com\/product\/triple-offset-butterfly-valve#breadcrumb\",\"itemListElement\":[{\"@type\":\"ListItem\",\"position\":1,\"item\":{\"@type\":\"WebPage\",\"@id\":\"https:\/\/zecovalve.com\/\",\"url\":\"https:\/\/zecovalve.com\/\",\"name\":\"Home\"}},{\"@type\":\"ListItem\",\"position\":2,\"item\":{\"@type\":\"WebPage\",\"@id\":\"https:\/\/zecovalve.com\/product-category\",\"url\":\"https:\/\/zecovalve.com\/product-category\",\"name\":\"Industrial Valve Manufacturer | Water Valve Manufacturer\"}},{\"@type\":\"ListItem\",\"position\":3,\"item\":{\"@type\":\"WebPage\",\"@id\":\"https:\/\/zecovalve.com\/product\/triple-offset-butterfly-valve\",\"url\":\"https:\/\/zecovalve.com\/product\/triple-offset-butterfly-valve\",\"name\":\"Triple Offset Butterfly Valve\"}}]}]}<\/script>\n<!-- \/ Yoast SEO Premium plugin. -->","_links":{"self":[{"href":"https:\/\/zecovalve.com\/tr\/wp-json\/wp\/v2\/product\/16143","targetHints":{"allow":["GET"]}}],"collection":[{"href":"https:\/\/zecovalve.com\/tr\/wp-json\/wp\/v2\/product"}],"about":[{"href":"https:\/\/zecovalve.com\/tr\/wp-json\/wp\/v2\/types\/product"}],"replies":[{"embeddable":true,"href":"https:\/\/zecovalve.com\/tr\/wp-json\/wp\/v2\/comments?post=16143"}],"wp:featuredmedia":[{"embeddable":true,"href":"https:\/\/zecovalve.com\/tr\/wp-json\/wp\/v2\/media\/16144"}],"wp:attachment":[{"href":"https:\/\/zecovalve.com\/tr\/wp-json\/wp\/v2\/media?parent=16143"}],"wp:term":[{"taxonomy":"product_cat","embeddable":true,"href":"https:\/\/zecovalve.com\/tr\/wp-json\/wp\/v2\/product_cat?post=16143"},{"taxonomy":"product_tag","embeddable":true,"href":"https:\/\/zecovalve.com\/tr\/wp-json\/wp\/v2\/product_tag?post=16143"}],"curies":[{"name":"wp","href":"https:\/\/api.w.org\/{rel}","templated":true}]}}