{"id":16145,"date":"2022-06-19T14:13:26","date_gmt":"2022-06-19T14:13:26","guid":{"rendered":"https:\/\/zecovalve.com\/?post_type=product&#038;p=16145"},"modified":"2022-07-16T08:10:36","modified_gmt":"2022-07-16T08:10:36","slug":"metal-seated-butterfly-valve","status":"publish","type":"product","link":"https:\/\/zecovalve.com\/tr\/urun\/metal-seated-butterfly-valve","title":{"rendered":"Metal Oturmal\u0131 Kelebek Vana"},"content":{"rendered":"Metal yatakl\u0131 kelebek vana, yeni geli\u015ftirilen uzun \u00f6m\u00fcrl\u00fc ve enerji tasarruflu \u00fcr\u00fcnlerdir.\r\n\r\n\r\n\r\n\r\n<figure class=\"wp-block-image alignnone size-medium wp-image-16146\"><img loading=\"lazy\" decoding=\"async\" width=\"300\" height=\"225\" class=\"wp-image-16146\" src=\"https:\/\/zecovalve.com\/wp-content\/uploads\/2022\/06\/metal-seated-butterfly-valve-300x225.jpg\" alt=\"Metal Oturmal\u0131 Kelebek Vana\" srcset=\"https:\/\/zecovalve.com\/wp-content\/uploads\/2022\/06\/metal-seated-butterfly-valve-300x225.jpg 300w, https:\/\/zecovalve.com\/wp-content\/uploads\/2022\/06\/metal-seated-butterfly-valve-768x576.jpg 768w, https:\/\/zecovalve.com\/wp-content\/uploads\/2022\/06\/metal-seated-butterfly-valve-600x450.jpg 600w, https:\/\/zecovalve.com\/wp-content\/uploads\/2022\/06\/metal-seated-butterfly-valve.jpg 800w\" sizes=\"auto, (max-width: 300px) 100vw, 300px\" \/><\/figure>\r\n\r\n\r\n<div class=\"gb-button-wrapper gb-button-wrapper-6d8495a3\">\r\n\r\n<a class=\"gb-button gb-button-3d442e11 gb-button-text\" href=\"https:\/\/zecovalve.com\/tr\/contact\/\" target=\"_blank\" rel=\"noopener noreferrer\"><strong>METAL YATAKLI KELEBEK VANA FIYATI ALIN<\/strong><\/a>\r\n\r\n<\/div>\r\n\r\n\r\n\r\n\r\n<h2 class=\"wp-block-heading\" id=\"h-what-is-a-metal-seated-butterfly-valve\">Metal Oturmal\u0131 Kelebek Vana Nedir?<\/h2>\r\n\r\n\r\n\r\n\r\nMetal yatakl\u0131 kelebek vana, ak\u0131\u015f\u0131 izole etmek veya d\u00fczenlemek i\u00e7in kullan\u0131labilen bir vana t\u00fcr\u00fcd\u00fcr. Kapatma mekanizmas\u0131, vana g\u00f6vdesinin ortas\u0131na oturan disktir. Disk, diskten vana g\u00f6vdesinin \u00fcst\u00fcnden ge\u00e7en \u015faft arac\u0131l\u0131\u011f\u0131yla bir kola veya akt\u00fcat\u00f6re ba\u011flan\u0131r. Bir k\u00fcresel vanan\u0131n aksine, kelebek vanan\u0131n diski her zaman ak\u0131\u015fta bulunur ve bu da bir bas\u0131n\u00e7 d\u00fc\u015f\u00fc\u015f\u00fcne neden olur.\r\n\r\n\r\n\r\n\r\n<h2 class=\"wp-block-heading\">Metal Yatakl\u0131 Kelebek Vana nas\u0131l \u00e7al\u0131\u015f\u0131r?<\/h2>\r\n\r\n\r\n\r\n\r\nMetal yatakl\u0131 bir kelebek vana \u00e7eyrek d\u00f6n\u00fc\u015f tarz\u0131nda \u00e7al\u0131\u015f\u0131r, yani kapal\u0131 diskin 90\u00b0 d\u00f6nd\u00fcr\u00fclmesi vanay\u0131 tamamen a\u00e7acakt\u0131r ve bunun tersi de ge\u00e7erlidir. Ayr\u0131ca ak\u0131\u015f\u0131 k\u0131smak i\u00e7in kademeli olarak da a\u00e7\u0131labilirler. Bu manuel olarak ger\u00e7ekle\u015ftirilebilir, ancak bir akt\u00fcat\u00f6rle birlikte kullan\u0131ld\u0131\u011f\u0131nda ak\u0131\u015f\u0131 k\u0131smak daha kesindir. Akt\u00fcat\u00f6rler, pn\u00f6matik ve hidrolik akt\u00fcat\u00f6rlerde pozisyonerler kullan\u0131larak veya elektrikli akt\u00fcat\u00f6rlerde mod\u00fclasyon kartlar\u0131 kullan\u0131larak kademeli ak\u0131\u015fa izin verecek \u015fekilde \u00f6zelle\u015ftirilebilir.\r\n\r\n\r\n\r\n\r\n<h2 class=\"wp-block-heading\" id=\"h-features-of-metal-seated-butterfly-valves\">Metal Oturmal\u0131 Kelebek Vanalar\u0131n \u00d6zellikleri<\/h2>\r\n\r\n\r\n\r\n<ul class=\"wp-block-list\">\r\n \t<li>ZECO metal yatakl\u0131 kelebek vana \u00e7ift y\u00f6nl\u00fc s\u0131zd\u0131rmazl\u0131k ger\u00e7ekle\u015ftirebilir, \u00e7ift y\u00f6nl\u00fc s\u0131zd\u0131rmazl\u0131k kavram\u0131, vana g\u00f6vdesinin ileri bas\u0131nc\u0131ndan veya vana g\u00f6vdesinin ters bas\u0131nc\u0131ndan ba\u011f\u0131ms\u0131z olarak vana g\u00f6vdesinde hi\u00e7bir i\u00e7 s\u0131z\u0131nt\u0131n\u0131n garanti edilememesidir ve API 598 uluslararas\u0131 standard\u0131n\u0131n s\u0131f\u0131r s\u0131z\u0131nt\u0131 gereksinimini kar\u015f\u0131layabilir;<\/li>\r\n \t<li>ZECO metal oturmal\u0131 kelebek vana, \u00e7ift g\u00fcvenlikli mimari tasar\u0131m\u0131, disk, g\u00f6vde ve s\u0131zd\u0131rmazl\u0131k y\u00fczeyini do\u011frudan boru hatt\u0131ndaki orta bas\u0131n\u00e7 alt\u0131nda ve a\u015f\u0131nma ve y\u0131pranmay\u0131 benimser, ZECO, kelebek plaka deformasyonunun neden oldu\u011fu \u00e7e\u015fitli sorunlar nedeniyle olas\u0131 boru hatt\u0131n\u0131 \u00f6nlemek i\u00e7in, g\u00f6vdenin yerinden \u00e7\u0131kmas\u0131, s\u0131zd\u0131rmazl\u0131k y\u00fcz\u00fc oturmas\u0131 gibi fenomen, kelebek disk yukar\u0131 ve a\u015fa\u011f\u0131 iki ayr\u0131 ba\u011f\u0131ms\u0131z itme halkas\u0131 ile donat\u0131lm\u0131\u015ft\u0131r normal \u00e7al\u0131\u015fmay\u0131 sa\u011flar;<\/li>\r\n \t<li>\u00a0ZECO metal yatakl\u0131 kelebek vana, de\u011fi\u015ftirilebilir bir s\u0131zd\u0131rmazl\u0131k halkas\u0131 ile tasarlanm\u0131\u015ft\u0131r. Kelebek diskin ve kelebek diskin s\u0131zd\u0131rmazl\u0131k y\u00fczeyi birbirinden ba\u011f\u0131ms\u0131zd\u0131r ve valf yata\u011f\u0131 ile valf g\u00f6vdesi birbirinden ba\u011f\u0131ms\u0131zd\u0131r, bu nedenle kelebek plaka s\u0131zd\u0131rmazl\u0131k halkas\u0131 ve valf yata\u011f\u0131 ayn\u0131 anda de\u011fi\u015ftirilebilir. S\u0131zd\u0131rmazl\u0131k halkas\u0131 veya yatak hasar g\u00f6rd\u00fc\u011f\u00fcnde, sadece s\u0131zd\u0131rmazl\u0131k halkas\u0131 ve yata\u011f\u0131n de\u011fi\u015ftirilmesi gerekir;<\/li>\r\n \t<li>ZECO kelebek vanan\u0131n vana yuvas\u0131, tamamen metal ala\u015f\u0131ml\u0131 \u00e7elikten yap\u0131lm\u0131\u015f d\u00f6vme vana yuvas\u0131 yap\u0131s\u0131n\u0131 benimser. Sertli\u011fi son derece y\u00fcksektir, a\u015f\u0131nd\u0131r\u0131c\u0131 ortamlarda kullan\u0131labilir ve y\u00fcksek s\u0131cakl\u0131\u011fa ve y\u00fcksek bas\u0131nca dayan\u0131kl\u0131d\u0131r.<\/li>\r\n \t<li>ZECO metal yatakl\u0131 kelebek vana, y\u00fcksek bas\u0131n\u00e7 uygulamalar\u0131 i\u00e7in hafif, d\u00fc\u015f\u00fck maliyetli, a\u011f\u0131r hizmet tipi ve bak\u0131m gerektirmeyen bir \u00e7\u00f6z\u00fcm sunar.<\/li>\r\n<\/ul>\r\n\r\n\r\n\r\n<h2 class=\"wp-block-heading\">Metal Yatakl\u0131 Kelebek Vana Uygulamalar\u0131<\/h2>\r\n\r\n\r\n\r\n\r\nMetal Oturmal\u0131 Kelebek Vana, petrol, do\u011fal gaz, borulu gaz ve ila\u00e7, g\u0131da end\u00fcstrisi, end\u00fcstriyel \u00e7evre su ar\u0131tma ve nakliye end\u00fcstrisinde yayg\u0131n olarak kullan\u0131lmaktad\u0131r.\r\n\r\n\r\n\r\n\r\n<h2 class=\"wp-block-heading\" id=\"h-material-of-metal-seated-butterfly-valves\">Metal Oturmal\u0131 Kelebek Vanalar\u0131n Malzemesi<\/h2>\r\n\r\n\r\n\r\n<figure class=\"wp-block-table\">\r\n<table>\r\n<tbody>\r\n<tr>\r\n<td>Hay\u0131r<\/td>\r\n<td>Par\u00e7a<\/td>\r\n<td>Malzeme<\/td>\r\n<\/tr>\r\n<tr>\r\n<td>1<\/td>\r\n<td>V\u00fccut<\/td>\r\n<td>ASTM A351 CF8<\/td>\r\n<\/tr>\r\n<tr>\r\n<td>2<\/td>\r\n<td>Conta Halkas\u0131<\/td>\r\n<td>Grafit + SS304<\/td>\r\n<\/tr>\r\n<tr>\r\n<td>3<\/td>\r\n<td>Tutucu Flan\u015f<\/td>\r\n<td>ASTM A182 F304<\/td>\r\n<\/tr>\r\n<tr>\r\n<td>4<\/td>\r\n<td>Pim<\/td>\r\n<td>ASTM A276 304<\/td>\r\n<\/tr>\r\n<tr>\r\n<td>5<\/td>\r\n<td>Disk<\/td>\r\n<td>ASTM A351 CF8<\/td>\r\n<\/tr>\r\n<tr>\r\n<td>6<\/td>\r\n<td>K\u00f6k<\/td>\r\n<td>ASTM A276 304<\/td>\r\n<\/tr>\r\n<tr>\r\n<td>7<\/td>\r\n<td>K\u00f6k Ambalaj<\/td>\r\n<td>Grafit<\/td>\r\n<\/tr>\r\n<tr>\r\n<td>8<\/td>\r\n<td>K\u00f6k Daya\u011f\u0131<\/td>\r\n<td>SS304 + PTFE<\/td>\r\n<\/tr>\r\n<tr>\r\n<td>9<\/td>\r\n<td>C\u0131vata<\/td>\r\n<td>ASTM A193 B8<\/td>\r\n<\/tr>\r\n<tr>\r\n<td>10<\/td>\r\n<td>F\u0131nd\u0131k<\/td>\r\n<td>ASTM A194 8<\/td>\r\n<\/tr>\r\n<tr>\r\n<td>11<\/td>\r\n<td>Boyunduruk<\/td>\r\n<td>ASTM A216 WCB<\/td>\r\n<\/tr>\r\n<\/tbody>\r\n<\/table>\r\n<\/figure>","protected":false},"excerpt":{"rendered":"<p>Metal sitli kelebek vana yeni geli\u015ftirilen uzun \u00f6m\u00fcrl\u00fc ve enerji tasarruflu \u00fcr\u00fcnlerdir. Metal Oturmal\u0131 Kelebek Vana Nedir? Metal oturan bir kelebek\u2026 <a title=\"Metal Oturmal\u0131 Kelebek Vana\" class=\"read-more\" href=\"https:\/\/zecovalve.com\/tr\/urun\/metal-seated-butterfly-valve\" aria-label=\"Metal Oturmal\u0131 Kelebek Vana hakk\u0131nda daha fazla bilgi\">Daha fazla bilgi edinin<\/a><\/p>","protected":false},"featured_media":16146,"comment_status":"closed","ping_status":"closed","template":"","meta":{"_generate-full-width-content":"","kt_blocks_editor_width":""},"product_cat":[2044,2467,2604],"product_tag":[],"class_list":["post-16145","product","type-product","status-publish","has-post-thumbnail","hentry","product_cat-butterfly-valve","product_cat-butterfly-valve-by-form","product_cat-triple-offset-butterfly-valve","sales-flash-overlay","woocommerce-text-align-center","woocommerce-image-align-center","do-quantity-buttons"],"featured_image_src_large":["https:\/\/zecovalve.com\/wp-content\/uploads\/2022\/06\/metal-seated-butterfly-valve.jpg",800,600,false],"author_info":[],"comment_info":0,"taxonomy_info":{"product_cat":[{"value":2044,"label":"Butterfly Valve"},{"value":2467,"label":"Butterfly Valve By Form"},{"value":2604,"label":"Triple Offset Butterfly Valve"}]},"yoast_head":"<!-- This site is optimized with the Yoast SEO Premium plugin v15.4 - https:\/\/yoast.com\/wordpress\/plugins\/seo\/ -->\n<title>Metal Seated Butterfly Valve - Butterfly Valve Manufacturer | ZECO Valve<\/title>\n<meta name=\"robots\" content=\"index, follow, max-snippet:-1, max-image-preview:large, max-video-preview:-1\" \/>\n<link rel=\"canonical\" href=\"https:\/\/zecovalve.com\/tr\/urun\/metal-seated-butterfly-valve\" \/>\n<meta property=\"og:locale\" content=\"tr_TR\" \/>\n<meta property=\"og:type\" content=\"article\" \/>\n<meta property=\"og:title\" content=\"Metal Seated Butterfly Valve - Butterfly Valve Manufacturer | ZECO Valve\" \/>\n<meta property=\"og:description\" content=\"Metal seated butterfly valve is the newly-developed long-life and energy-saving products. What is a Metal Seated Butterfly Valve? A metal seated butterfly ... Read more\" \/>\n<meta property=\"og:url\" content=\"https:\/\/zecovalve.com\/tr\/urun\/metal-seated-butterfly-valve\" \/>\n<meta property=\"og:site_name\" content=\"ZECO Valve\" \/>\n<meta property=\"article:modified_time\" content=\"2022-07-16T08:10:36+00:00\" \/>\n<meta property=\"og:image\" content=\"https:\/\/zecovalve.com\/wp-content\/uploads\/2022\/06\/metal-seated-butterfly-valve.jpg\" \/>\n\t<meta property=\"og:image:width\" content=\"800\" \/>\n\t<meta property=\"og:image:height\" content=\"600\" \/>\n<meta name=\"twitter:card\" content=\"summary_large_image\" \/>\n<meta name=\"twitter:label1\" content=\"Yazan:\">\n\t<meta name=\"twitter:data1\" content=\"Jerry\">\n\t<meta name=\"twitter:label2\" content=\"Tahmini okuma s\u00fcresi\">\n\t<meta name=\"twitter:data2\" content=\"2 dakika\">\n<script type=\"application\/ld+json\" class=\"yoast-schema-graph\">{\"@context\":\"https:\/\/schema.org\",\"@graph\":[{\"@type\":\"WebSite\",\"@id\":\"https:\/\/zecovalve.com\/#website\",\"url\":\"https:\/\/zecovalve.com\/\",\"name\":\"ZECO Valve\",\"description\":\"Industrial Ball Valve, Gate Valve and Globe Valve Manufacturer\",\"potentialAction\":[{\"@type\":\"SearchAction\",\"target\":\"https:\/\/zecovalve.com\/?s={search_term_string}\",\"query-input\":\"required name=search_term_string\"}],\"inLanguage\":\"tr\"},{\"@type\":\"ImageObject\",\"@id\":\"https:\/\/zecovalve.com\/product\/metal-seated-butterfly-valve#primaryimage\",\"inLanguage\":\"tr\",\"url\":\"https:\/\/zecovalve.com\/wp-content\/uploads\/2022\/06\/metal-seated-butterfly-valve.jpg\",\"width\":800,\"height\":600,\"caption\":\"Metal Seated Butterfly Valve\"},{\"@type\":\"WebPage\",\"@id\":\"https:\/\/zecovalve.com\/product\/metal-seated-butterfly-valve#webpage\",\"url\":\"https:\/\/zecovalve.com\/product\/metal-seated-butterfly-valve\",\"name\":\"Metal Seated Butterfly Valve - Butterfly Valve Manufacturer | ZECO Valve\",\"isPartOf\":{\"@id\":\"https:\/\/zecovalve.com\/#website\"},\"primaryImageOfPage\":{\"@id\":\"https:\/\/zecovalve.com\/product\/metal-seated-butterfly-valve#primaryimage\"},\"datePublished\":\"2022-06-19T14:13:26+00:00\",\"dateModified\":\"2022-07-16T08:10:36+00:00\",\"breadcrumb\":{\"@id\":\"https:\/\/zecovalve.com\/product\/metal-seated-butterfly-valve#breadcrumb\"},\"inLanguage\":\"tr\",\"potentialAction\":[{\"@type\":\"ReadAction\",\"target\":[\"https:\/\/zecovalve.com\/product\/metal-seated-butterfly-valve\"]}]},{\"@type\":\"BreadcrumbList\",\"@id\":\"https:\/\/zecovalve.com\/product\/metal-seated-butterfly-valve#breadcrumb\",\"itemListElement\":[{\"@type\":\"ListItem\",\"position\":1,\"item\":{\"@type\":\"WebPage\",\"@id\":\"https:\/\/zecovalve.com\/\",\"url\":\"https:\/\/zecovalve.com\/\",\"name\":\"Home\"}},{\"@type\":\"ListItem\",\"position\":2,\"item\":{\"@type\":\"WebPage\",\"@id\":\"https:\/\/zecovalve.com\/product-category\",\"url\":\"https:\/\/zecovalve.com\/product-category\",\"name\":\"Industrial Valve Manufacturer | Water Valve Manufacturer\"}},{\"@type\":\"ListItem\",\"position\":3,\"item\":{\"@type\":\"WebPage\",\"@id\":\"https:\/\/zecovalve.com\/product\/metal-seated-butterfly-valve\",\"url\":\"https:\/\/zecovalve.com\/product\/metal-seated-butterfly-valve\",\"name\":\"Metal Seated Butterfly Valve\"}}]}]}<\/script>\n<!-- \/ Yoast SEO Premium plugin. -->","_links":{"self":[{"href":"https:\/\/zecovalve.com\/tr\/wp-json\/wp\/v2\/product\/16145","targetHints":{"allow":["GET"]}}],"collection":[{"href":"https:\/\/zecovalve.com\/tr\/wp-json\/wp\/v2\/product"}],"about":[{"href":"https:\/\/zecovalve.com\/tr\/wp-json\/wp\/v2\/types\/product"}],"replies":[{"embeddable":true,"href":"https:\/\/zecovalve.com\/tr\/wp-json\/wp\/v2\/comments?post=16145"}],"wp:featuredmedia":[{"embeddable":true,"href":"https:\/\/zecovalve.com\/tr\/wp-json\/wp\/v2\/media\/16146"}],"wp:attachment":[{"href":"https:\/\/zecovalve.com\/tr\/wp-json\/wp\/v2\/media?parent=16145"}],"wp:term":[{"taxonomy":"product_cat","embeddable":true,"href":"https:\/\/zecovalve.com\/tr\/wp-json\/wp\/v2\/product_cat?post=16145"},{"taxonomy":"product_tag","embeddable":true,"href":"https:\/\/zecovalve.com\/tr\/wp-json\/wp\/v2\/product_tag?post=16145"}],"curies":[{"name":"wp","href":"https:\/\/api.w.org\/{rel}","templated":true}]}}