{"id":16147,"date":"2022-06-19T14:16:02","date_gmt":"2022-06-19T14:16:02","guid":{"rendered":"https:\/\/zecovalve.com\/?post_type=product&#038;p=16147"},"modified":"2023-06-07T07:02:42","modified_gmt":"2023-06-07T07:02:42","slug":"top-entry-ball-valve","status":"publish","type":"product","link":"https:\/\/zecovalve.com\/tr\/urun\/top-entry-ball-valve","title":{"rendered":"\u00dcstten Giri\u015fli K\u00fcresel Vana"},"content":{"rendered":"<p>Prosesin \u00e7evre ko\u015fullar\u0131 ve \u00e7al\u0131\u015fma ko\u015fullar\u0131n\u0131n kendine \u00f6zg\u00fc do\u011fas\u0131 nedeniyle, tipik bir k\u00fcresel vana yeterli de\u011fildir ve sistem y\u00fcksek performans gerektirir. \u00dcst giri\u015f yap\u0131s\u0131n\u0131 kullanarak, koltu\u011fun bak\u0131m\u0131 veya de\u011fi\u015ftirilmesi s\u0131ras\u0131nda k\u00fcresel vanan\u0131n hattan \u00e7\u0131kar\u0131lmas\u0131na gerek yoktur, dolay\u0131s\u0131yla k\u00fcresel vanan\u0131n kontrol edilmesi ve bak\u0131m\u0131 kolayd\u0131r.<\/p>\r\n\r\n\r\n\r\n<figure class=\"wp-block-image alignnone size-medium wp-image-16148\"><img loading=\"lazy\" decoding=\"async\" width=\"300\" height=\"225\" class=\"wp-image-16148\" src=\"https:\/\/zecovalve.com\/wp-content\/uploads\/2022\/06\/top-entry-ball-valve-300x225.jpg\" alt=\"\u00dcstten Giri\u015fli K\u00fcresel Vana\" srcset=\"https:\/\/zecovalve.com\/wp-content\/uploads\/2022\/06\/top-entry-ball-valve-300x225.jpg 300w, https:\/\/zecovalve.com\/wp-content\/uploads\/2022\/06\/top-entry-ball-valve-768x576.jpg 768w, https:\/\/zecovalve.com\/wp-content\/uploads\/2022\/06\/top-entry-ball-valve-600x450.jpg 600w, https:\/\/zecovalve.com\/wp-content\/uploads\/2022\/06\/top-entry-ball-valve.jpg 800w\" sizes=\"auto, (max-width: 300px) 100vw, 300px\" \/><\/figure>\r\n\r\n\r\n<div class=\"gb-button-wrapper gb-button-wrapper-6d8495a3\">\r\n\r\n\r\n<p><a class=\"gb-button gb-button-3d442e11 gb-button-text\" href=\"https:\/\/zecovalve.com\/tr\/contact\/\" target=\"_blank\" rel=\"noopener noreferrer\"><strong>\u00dcST G\u0130R\u0130\u015eL\u0130 K\u00dcRESEL VANA F\u0130YATI ALIN<\/strong><\/a><\/p>\r\n<\/div>\r\n\r\n\r\n\r\n\r\n<h2 class=\"wp-block-heading\" id=\"h-what-is-a-top-entry-ball-valve\">\u00dcstten Giri\u015fli K\u00fcresel Vana Nedir?<\/h2>\r\n\r\n\r\n\r\n<p>\u00dcstten giri\u015fli k\u00fcresel vanalar, topun \u00fcst u\u00e7tan montaj\u0131n\u0131 sa\u011flayan vanalard\u0131r. Trim k\u0131sm\u0131n\u0131n bilyeli tip kullanmas\u0131 d\u0131\u015f\u0131nda g\u00f6vdesi ve kapa\u011f\u0131 olan k\u00fcresel vanaya olduk\u00e7a benzer. Tek bir varl\u0131ktan olu\u015fur. Tipik olarak \u00fcstten giri\u015fli k\u00fcresel vanalar d\u00f6kme metalden yap\u0131l\u0131r.<\/p>\r\n\r\n\r\n\r\n<h2 class=\"wp-block-heading\">\u00dcstten Giri\u015fli K\u00fcresel Vana G\u00f6vde Yap\u0131s\u0131<\/h2>\r\n\r\n\r\n\r\n<ul class=\"wp-block-list\">\r\n<li>G\u00f6vde kaputu tasar\u0131m\u0131 c\u0131vatal\u0131 yap\u0131ya sahiptir ve boyutu ASME VIII Div. 1<\/li>\r\n<li>C\u0131vatal\u0131 yap\u0131, incelemeler ve olas\u0131 onar\u0131mlar i\u00e7in hat i\u00e7i s\u00f6kme i\u015flemine olanak tan\u0131r<\/li>\r\n<li>Kaputun valften \u00e7\u0131kar\u0131lmas\u0131, herhangi bir \u00f6zel bak\u0131m aletine ihtiya\u00e7 duyulmadan ayn\u0131 anda \u00e7\u0131kar\u0131labilen bilyaya ve yuvalara serbest eri\u015fim sa\u011flar<\/li>\r\n<li>Bak\u0131mdan sonra oturma y\u00fczeyi b\u00fct\u00fcnl\u00fc\u011f\u00fc, boru hatt\u0131na herhangi bir yeniden bas\u0131n\u00e7 uygulanmadan \u00f6nce yaln\u0131zca g\u00f6vde bo\u015flu\u011funa bas\u0131n\u00e7 uygulanarak de\u011ferlendirilebilir (standart DPE tasar\u0131m\u0131)<\/li>\r\n<li>G\u00fcvenlik tapal\u0131 bir NPT tahliye vanas\u0131na sahip g\u00f6vde bo\u015flu\u011funun en alt k\u0131sm\u0131nda sa\u011flanan g\u00f6vde tahliyesi<\/li>\r\n<\/ul>\r\n\r\n\r\n\r\n<h2 class=\"wp-block-heading\">\u00dcstten Giri\u015fli K\u00fcresel Vanan\u0131n Tasar\u0131m\u0131<\/h2>\r\n\r\n\r\n\r\n<ul class=\"wp-block-list\">\r\n<li>\u00dcst giri\u015f<\/li>\r\n<li>Muylusu monte edilmi\u015f<\/li>\r\n<li>Kol veya di\u015fliyle \u00e7al\u0131\u015ft\u0131r\u0131lan<\/li>\r\n<li>DPE koltuklu tek ki\u015filik koltuk<\/li>\r\n<li>Yang\u0131na dayan\u0131kl\u0131 grafit i\u00e7ermeyen g\u00f6vde s\u0131zd\u0131rmazl\u0131k eleman\u0131<\/li>\r\n<li>\u00c7ift s\u0131zd\u0131rmaz g\u00f6vde-kaporta ba\u011flant\u0131s\u0131<\/li>\r\n<li>Geni\u015fletilmi\u015f al\u0131n kaynak u\u00e7lar\u0131<\/li>\r\n<li>Kaynakl\u0131 ba\u011flant\u0131lar i\u00e7in radyografik incelemeli iste\u011fe ba\u011fl\u0131 kaynakl\u0131 flan\u015flar<\/li>\r\n<li>EN 12266-1, API 598, API 6D&#039;ye g\u00f6re \u00fcretim testleri<\/li>\r\n<li>Kriyojenik testler (talep \u00fczerine): BS 6364<\/li>\r\n<\/ul>\r\n\r\n\r\n\r\n<h2 class=\"wp-block-heading\">\u00dcstten Giri\u015fli K\u00fcresel Vana nas\u0131l \u00e7al\u0131\u015f\u0131r?<\/h2>\r\n\r\n\r\n\r\n<p>K\u00fcresel Vanalar, alt k\u0131sm\u0131nda bir muylu ile desteklenen bir bilyeye sahiptir. Delik boru y\u00f6n\u00fcnde konumland\u0131r\u0131ld\u0131\u011f\u0131nda vana a\u00e7\u0131k konumda olur ve ak\u0131\u015fkan\u0131n i\u00e7eri akmas\u0131na izin verir. Mil a\u015fa\u011f\u0131 do\u011fru inmeye ba\u015flar ve \u00fczerinde i\u015flenmi\u015f kanallar nedeniyle 90\u00b0 d\u00f6nerek bilyenin olu\u015fmas\u0131na neden olur. ayn\u0131s\u0131n\u0131 \u00e7evirmek i\u00e7in. Daha sonra baz\u0131 kanallar d\u00fcz bir \u015fekilde i\u015flenir ve g\u00f6vde \u00f6ylece a\u015fa\u011f\u0131 inemez.<\/p>\r\n\r\n\r\n\r\n<p>Bu durumda, a\u00e7\u0131l\u0131 y\u00fczey sayesinde mil, bilyay\u0131 alt muyluya ve yuvaya do\u011fru hareket ettirir. Bu pozisyonda top yaln\u0131zca koltu\u011fa \u00e7arpar ve hareketin geri kalan\u0131nda herhangi bir bask\u0131 olu\u015fmaz.<\/p>\r\n\r\n\r\n\r\n<p>\u00dcstten Giri\u015fli K\u00fcresel Vana iki ana konfig\u00fcrasyonda gelir:<\/p>\r\n\r\n\r\n\r\n<p>Tam Ge\u00e7i\u015fli: D\u00f6\u015femenin boyutu boru i\u00e7in ayn\u0131d\u0131r. Bu durumda vana a\u015fa\u011f\u0131dakiler i\u00e7in idealdir: <a href=\"https:\/\/zecovalve.com\/tr\/understanding-pigging-and-pig-valves-in-industrial-pipelines-zeco-valve-blog.html\/\" data-internallinksmanager029f6b8e52c=\"12\" title=\"PIGING\" target=\"_blank\" rel=\"noopener\">PIGING<\/a>. Azalt\u0131lm\u0131\u015f Delik: Trimin y\u00fcksekli\u011fi boru hatt\u0131n\u0131n boyutundan daha azd\u0131r.<\/p>\r\n\r\n\r\n\r\n<h2 class=\"wp-block-heading\" id=\"h-features-of-top-entry-ball-valves\">\u00dcstten Giri\u015fli K\u00fcresel Vanalar\u0131n \u00d6zellikleri<\/h2>\r\n\r\n\r\n\r\n<ul class=\"wp-block-list\">\r\n<li>Yumu\u015fak, metal veya kompozit malzemeden oturtulmu\u015ftur.<\/li>\r\n<li>\u00c7ift y\u00f6nl\u00fc s\u0131k\u0131 kapatma.<\/li>\r\n<li>\u00c7ift blok ve ta\u015fma.<\/li>\r\n<li>Yang\u0131na dayan\u0131kl\u0131 ve yang\u0131na kar\u015f\u0131 test edilmi\u015ftir.<\/li>\r\n<li>D\u00fc\u015f\u00fck \u00e7al\u0131\u015fma torku tasar\u0131m\u0131.<\/li>\r\n<li>Geni\u015f malzeme ve boyut yelpazesi.<\/li>\r\n<li>Yayl\u0131 koltuklar.<\/li>\r\n<li>Muylu, enerji verilmi\u015f koltuklarla monte edilmi\u015ftir.<\/li>\r\n<li>Patlama \u00f6nleyici g\u00f6vde tasar\u0131m\u0131.<\/li>\r\n<li>Yer \u00fcst\u00fc veya yer alt\u0131 kurulumuna uygundur.<\/li>\r\n<li>Yumu\u015fak, metal veya kompozit malzemeden oturtulmu\u015ftur.<\/li>\r\n<li>Hafif d\u00f6k\u00fcm g\u00f6vde.<\/li>\r\n<li>S\u0131n\u0131f V kapatma.<\/li>\r\n<li>Grafit k\u00f6k salmastras\u0131.<\/li>\r\n<li>D\u00f6vme tasar\u0131m.<\/li>\r\n<li>Buhar ak\u0131\u015f\u0131nda kesinti yok.<\/li>\r\n<li>Ak\u0131\u015f\u0131n neden oldu\u011fu titre\u015fimi en aza indirmek i\u00e7in konik profil.<\/li>\r\n<li>De\u011fi\u015fken p\u00fcsk\u00fcrtme memesi.<\/li>\r\n<\/ul>\r\n\r\n\r\n\r\n<h2 class=\"wp-block-heading\">\u00dcstten Giri\u015fli K\u00fcresel Vana Uygulamalar\u0131<\/h2>\r\n\r\n\r\n\r\n<ul class=\"wp-block-list\">\r\n<li>A\u015f\u0131nd\u0131r\u0131c\u0131 s\u0131v\u0131lar<\/li>\r\n<li>Do\u011fal Gaz Boru Hatlar\u0131<\/li>\r\n<li>Petrol Boru Hatlar\u0131<\/li>\r\n<li>Rafineriler<\/li>\r\n<\/ul>\r\n\r\n\r\n\r\n<h2 class=\"wp-block-heading\" id=\"h-material-of-top-entry-ball-valve\">\u00dcst Giri\u015f K\u00fcresel Vana Malzemesi:<\/h2>\r\n\r\n\r\n\r\n<figure class=\"wp-block-table\">\r\n<table>\r\n<tbody>\r\n<tr>\r\n<td>Hay\u0131r<\/td>\r\n<td>Par\u00e7a<\/td>\r\n<td>Malzeme<\/td>\r\n<\/tr>\r\n<tr>\r\n<td>1<\/td>\r\n<td>V\u00fccut<\/td>\r\n<td>ASTM A351 CF8M<\/td>\r\n<\/tr>\r\n<tr>\r\n<td>2<\/td>\r\n<td>Bone<\/td>\r\n<td>ASTM A351 CF8M<\/td>\r\n<\/tr>\r\n<tr>\r\n<td>3<\/td>\r\n<td>Top<\/td>\r\n<td>ASTM A182 F316<\/td>\r\n<\/tr>\r\n<tr>\r\n<td>4<\/td>\r\n<td>Koltuk<\/td>\r\n<td>ASTM A182 F316 + DEVLON<\/td>\r\n<\/tr>\r\n<tr>\r\n<td>5<\/td>\r\n<td>K\u00f6k<\/td>\r\n<td>ASTM A276 316<\/td>\r\n<\/tr>\r\n<tr>\r\n<td>6<\/td>\r\n<td>Anti-statik Cihaz<\/td>\r\n<td>SS316<\/td>\r\n<\/tr>\r\n<tr>\r\n<td>7<\/td>\r\n<td>Conta<\/td>\r\n<td>Grafit + SS316<\/td>\r\n<\/tr>\r\n<tr>\r\n<td>8<\/td>\r\n<td>C\u0131vata<\/td>\r\n<td>ASTM A193 B8M<\/td>\r\n<\/tr>\r\n<tr>\r\n<td>9<\/td>\r\n<td>F\u0131nd\u0131k<\/td>\r\n<td>ASTM A194 8M<\/td>\r\n<\/tr>\r\n<tr>\r\n<td>10<\/td>\r\n<td>O-ring<\/td>\r\n<td>Viton A<\/td>\r\n<\/tr>\r\n<tr>\r\n<td>11<\/td>\r\n<td>Vites<\/td>\r\n<td>Toplant\u0131<\/td>\r\n<\/tr>\r\n<\/tbody>\r\n<\/table>\r\n<\/figure>","protected":false},"excerpt":{"rendered":"<p>Prosesin \u00e7evresel ko\u015fullar\u0131 ve \u00e7al\u0131\u015fma ko\u015fullar\u0131n\u0131n kendine \u00f6zg\u00fc do\u011fas\u0131 nedeniyle, tipik bir k\u00fcresel vana yeterli de\u011fildir\u2026 <a title=\"\u00dcstten Giri\u015fli K\u00fcresel Vana\" class=\"read-more\" href=\"https:\/\/zecovalve.com\/tr\/urun\/top-entry-ball-valve\" aria-label=\"\u00dcstten Giri\u015fli K\u00fcresel Vana hakk\u0131nda daha fazlas\u0131\">Daha fazla bilgi edinin<\/a><\/p>","protected":false},"featured_media":27852,"comment_status":"closed","ping_status":"closed","template":"","meta":{"_generate-full-width-content":"","kt_blocks_editor_width":""},"product_cat":[2047,2459],"product_tag":[3896,3913],"class_list":["post-16147","product","type-product","status-publish","has-post-thumbnail","hentry","product_cat-ball-valve","product_cat-ball-valve-by-form","product_tag-flanged-ball-valve","product_tag-full-port-ball-valve","sales-flash-overlay","woocommerce-text-align-center","woocommerce-image-align-center","do-quantity-buttons"],"featured_image_src_large":["https:\/\/zecovalve.com\/wp-content\/uploads\/2022\/06\/Top-Entry-Ball-Valve-1.jpg",800,600,false],"author_info":[],"comment_info":0,"taxonomy_info":{"product_cat":[{"value":2047,"label":"Ball Valve"},{"value":2459,"label":"Ball Valve By Form"}],"product_tag":[{"value":3896,"label":"Flanged Ball Valve"},{"value":3913,"label":"Full Port Ball Valve"}]},"yoast_head":"<!-- This site is optimized with the Yoast SEO Premium plugin v15.4 - https:\/\/yoast.com\/wordpress\/plugins\/seo\/ -->\n<title>Top Entry Ball Valve - Top Entry Ball Valve Manufacturers | ZECO Valve<\/title>\n<meta name=\"robots\" content=\"index, follow, max-snippet:-1, max-image-preview:large, max-video-preview:-1\" \/>\n<link rel=\"canonical\" href=\"https:\/\/zecovalve.com\/tr\/urun\/top-entry-ball-valve\" \/>\n<meta property=\"og:locale\" content=\"tr_TR\" \/>\n<meta property=\"og:type\" content=\"article\" \/>\n<meta property=\"og:title\" content=\"Top Entry Ball Valve - Top Entry Ball Valve Manufacturers | ZECO Valve\" \/>\n<meta property=\"og:description\" content=\"Due to the distinctive nature of the environmental conditions and operating conditions of the process, a typical ball valve is not sufficient ... Read more\" \/>\n<meta property=\"og:url\" content=\"https:\/\/zecovalve.com\/tr\/urun\/top-entry-ball-valve\" \/>\n<meta property=\"og:site_name\" content=\"ZECO Valve\" \/>\n<meta property=\"article:modified_time\" content=\"2023-06-07T07:02:42+00:00\" \/>\n<meta property=\"og:image\" content=\"https:\/\/zecovalve.com\/wp-content\/uploads\/2022\/06\/Top-Entry-Ball-Valve-1.jpg\" \/>\n\t<meta property=\"og:image:width\" content=\"800\" \/>\n\t<meta property=\"og:image:height\" content=\"600\" \/>\n<meta name=\"twitter:card\" content=\"summary_large_image\" \/>\n<meta name=\"twitter:label1\" content=\"Yazan:\">\n\t<meta name=\"twitter:data1\" content=\"Jerry\">\n\t<meta name=\"twitter:label2\" content=\"Tahmini okuma s\u00fcresi\">\n\t<meta name=\"twitter:data2\" content=\"2 dakika\">\n<script type=\"application\/ld+json\" class=\"yoast-schema-graph\">{\"@context\":\"https:\/\/schema.org\",\"@graph\":[{\"@type\":\"WebSite\",\"@id\":\"https:\/\/zecovalve.com\/#website\",\"url\":\"https:\/\/zecovalve.com\/\",\"name\":\"ZECO Valve\",\"description\":\"Industrial Ball Valve, Gate Valve and Globe Valve Manufacturer\",\"potentialAction\":[{\"@type\":\"SearchAction\",\"target\":\"https:\/\/zecovalve.com\/?s={search_term_string}\",\"query-input\":\"required name=search_term_string\"}],\"inLanguage\":\"tr\"},{\"@type\":\"ImageObject\",\"@id\":\"https:\/\/zecovalve.com\/product\/top-entry-ball-valve#primaryimage\",\"inLanguage\":\"tr\",\"url\":\"https:\/\/zecovalve.com\/wp-content\/uploads\/2022\/06\/Top-Entry-Ball-Valve-1.jpg\",\"width\":800,\"height\":600,\"caption\":\"Top Entry Ball Valve\"},{\"@type\":\"WebPage\",\"@id\":\"https:\/\/zecovalve.com\/product\/top-entry-ball-valve#webpage\",\"url\":\"https:\/\/zecovalve.com\/product\/top-entry-ball-valve\",\"name\":\"Top Entry Ball Valve - Top Entry Ball Valve Manufacturers | ZECO Valve\",\"isPartOf\":{\"@id\":\"https:\/\/zecovalve.com\/#website\"},\"primaryImageOfPage\":{\"@id\":\"https:\/\/zecovalve.com\/product\/top-entry-ball-valve#primaryimage\"},\"datePublished\":\"2022-06-19T14:16:02+00:00\",\"dateModified\":\"2023-06-07T07:02:42+00:00\",\"breadcrumb\":{\"@id\":\"https:\/\/zecovalve.com\/product\/top-entry-ball-valve#breadcrumb\"},\"inLanguage\":\"tr\",\"potentialAction\":[{\"@type\":\"ReadAction\",\"target\":[\"https:\/\/zecovalve.com\/product\/top-entry-ball-valve\"]}]},{\"@type\":\"BreadcrumbList\",\"@id\":\"https:\/\/zecovalve.com\/product\/top-entry-ball-valve#breadcrumb\",\"itemListElement\":[{\"@type\":\"ListItem\",\"position\":1,\"item\":{\"@type\":\"WebPage\",\"@id\":\"https:\/\/zecovalve.com\/\",\"url\":\"https:\/\/zecovalve.com\/\",\"name\":\"Home\"}},{\"@type\":\"ListItem\",\"position\":2,\"item\":{\"@type\":\"WebPage\",\"@id\":\"https:\/\/zecovalve.com\/product-category\",\"url\":\"https:\/\/zecovalve.com\/product-category\",\"name\":\"Industrial Valve Manufacturer | Water Valve Manufacturer\"}},{\"@type\":\"ListItem\",\"position\":3,\"item\":{\"@type\":\"WebPage\",\"@id\":\"https:\/\/zecovalve.com\/product\/top-entry-ball-valve\",\"url\":\"https:\/\/zecovalve.com\/product\/top-entry-ball-valve\",\"name\":\"Top Entry Ball Valve\"}}]}]}<\/script>\n<!-- \/ Yoast SEO Premium plugin. -->","_links":{"self":[{"href":"https:\/\/zecovalve.com\/tr\/wp-json\/wp\/v2\/product\/16147","targetHints":{"allow":["GET"]}}],"collection":[{"href":"https:\/\/zecovalve.com\/tr\/wp-json\/wp\/v2\/product"}],"about":[{"href":"https:\/\/zecovalve.com\/tr\/wp-json\/wp\/v2\/types\/product"}],"replies":[{"embeddable":true,"href":"https:\/\/zecovalve.com\/tr\/wp-json\/wp\/v2\/comments?post=16147"}],"wp:featuredmedia":[{"embeddable":true,"href":"https:\/\/zecovalve.com\/tr\/wp-json\/wp\/v2\/media\/27852"}],"wp:attachment":[{"href":"https:\/\/zecovalve.com\/tr\/wp-json\/wp\/v2\/media?parent=16147"}],"wp:term":[{"taxonomy":"product_cat","embeddable":true,"href":"https:\/\/zecovalve.com\/tr\/wp-json\/wp\/v2\/product_cat?post=16147"},{"taxonomy":"product_tag","embeddable":true,"href":"https:\/\/zecovalve.com\/tr\/wp-json\/wp\/v2\/product_tag?post=16147"}],"curies":[{"name":"wp","href":"https:\/\/api.w.org\/{rel}","templated":true}]}}