{"id":16151,"date":"2022-06-19T14:22:43","date_gmt":"2022-06-19T14:22:43","guid":{"rendered":"https:\/\/zecovalve.com\/?post_type=product&#038;p=16151"},"modified":"2023-06-07T07:03:04","modified_gmt":"2023-06-07T07:03:04","slug":"2pc-ball-valve","status":"publish","type":"product","link":"https:\/\/zecovalve.com\/tr\/urun\/2pc-ball-valve","title":{"rendered":"2 Par\u00e7al\u0131 K\u00fcresel Vana"},"content":{"rendered":"<p>2 par\u00e7al\u0131 paslanmaz \u00e7elik k\u00fcresel vana muhtemelen en yayg\u0131n kullan\u0131lan k\u00fcresel vanad\u0131r. 2 par\u00e7al\u0131 k\u00fcresel vana, \u00e7o\u011fu s\u0131v\u0131 ve gazdaki ak\u0131\u015f\u0131 h\u0131zl\u0131 ve kolay bir \u015fekilde a\u00e7ar veya kapat\u0131r ve basit bir a\u00e7ma\/kapama i\u015fleminin gerekli oldu\u011fu hemen hemen her uygulama i\u00e7in uygundur.<\/p>\r\n\r\n\r\n\r\n<figure class=\"wp-block-image alignnone size-medium wp-image-16152\"><img loading=\"lazy\" decoding=\"async\" width=\"300\" height=\"225\" class=\"wp-image-16152\" src=\"https:\/\/zecovalve.com\/wp-content\/uploads\/2022\/06\/2pc-ball-vlave-300x225.jpg\" alt=\"2 adet K\u00fcresel Vana\" srcset=\"https:\/\/zecovalve.com\/wp-content\/uploads\/2022\/06\/2pc-ball-vlave-300x225.jpg 300w, https:\/\/zecovalve.com\/wp-content\/uploads\/2022\/06\/2pc-ball-vlave-768x576.jpg 768w, https:\/\/zecovalve.com\/wp-content\/uploads\/2022\/06\/2pc-ball-vlave-600x450.jpg 600w, https:\/\/zecovalve.com\/wp-content\/uploads\/2022\/06\/2pc-ball-vlave.jpg 800w\" sizes=\"auto, (max-width: 300px) 100vw, 300px\" \/><\/figure>\r\n\r\n\r\n<div class=\"gb-button-wrapper gb-button-wrapper-6d8495a3\">\r\n\r\n\r\n<p><a class=\"gb-button gb-button-3d442e11 gb-button-text\" href=\"https:\/\/zecovalve.com\/tr\/contact\/\" target=\"_blank\" rel=\"noopener noreferrer\"><strong>2 PAR\u00c7ALI K\u00dcRESEL VANA F\u0130YAT ALIN<\/strong><\/a><\/p>\r\n<\/div>\r\n\r\n\r\n\r\n\r\n<h2 class=\"wp-block-heading\" id=\"h-what-is-a-2-piece-ball-valve\">2 Par\u00e7al\u0131 K\u00fcresel Vana Nedir?<\/h2>\r\n\r\n\r\n\r\n<p>2 par\u00e7al\u0131 k\u00fcresel vanalar en yayg\u0131n kullan\u0131lan k\u00fcresel vanalardan baz\u0131lar\u0131d\u0131r. \u0130ki par\u00e7al\u0131 k\u00fcresel vana, ad\u0131ndan da anla\u015f\u0131laca\u011f\u0131 gibi, bir u\u00e7 ba\u011flant\u0131l\u0131 tek par\u00e7a ve g\u00f6vde olmak \u00fczere iki par\u00e7adan olu\u015fur. \u0130kinci par\u00e7a birinciye oturur, kaplamay\u0131 yerinde tutar ve ikinci u\u00e7 ba\u011flant\u0131s\u0131n\u0131 i\u00e7erir. Bu vanalar bir kez kurulduktan sonra hizmetten \u00e7\u0131kar\u0131lmad\u0131k\u00e7a genellikle tamir edilemez.<\/p>\r\n\r\n\r\n\r\n<p>ZECO K\u00fcresel vana, a\u00e7ma\/kapama amac\u0131na ula\u015fmak i\u00e7in g\u00f6vdeli trim yay\u0131yla ayn\u0131 olup, esas olarak boru \u00fczerindeki ortam\u0131 kesmek i\u00e7in benimsenmi\u015ftir. Basit yap\u0131, iyi s\u0131zd\u0131rmazl\u0131k kapasitesi, esneklik, k\u00fc\u00e7\u00fck t\u0131kanma katsay\u0131s\u0131, kolay kullan\u0131m vb. \u00f6zelliklere sahiptir. ZECO, 2 par\u00e7al\u0131 y\u00fczer k\u00fcresel vanalara ve 2 par\u00e7al\u0131 muylu monteli k\u00fcresel vanalara b\u00f6l\u00fcnebilen 2PC k\u00fcresel vanalar\u0131n k\u00fcresel tedarik\u00e7isidir.<\/p>\r\n\r\n\r\n\r\n<h2 class=\"wp-block-heading\">2 Par\u00e7al\u0131 K\u00fcresel Vana \u0130n\u015faat\u0131<\/h2>\r\n\r\n\r\n\r\n<p>K\u00fcresel Vanalar iki par\u00e7al\u0131 bir yap\u0131ya sahiptir ve sa\u011flam, tam ge\u00e7i\u015fli bir bilyeye sahiptir. \u0130lgili tasar\u0131m standartlar\u0131 EN ISO 17292, EN 12516, ASME B16.34 ve API 608&#039;dir.<\/p>\r\n\r\n\r\n\r\n<h2 class=\"wp-block-heading\">2 Par\u00e7al\u0131 K\u00fcresel Vana Uygulamalar\u0131<\/h2>\r\n\r\n\r\n\r\n<p>2 par\u00e7al\u0131 k\u00fcresel vanalar, a\u015f\u0131nd\u0131r\u0131c\u0131 ve a\u015f\u0131nd\u0131r\u0131c\u0131 olmayan s\u0131v\u0131lar, gazlar, buharlar ve gev\u015fek malzemeler i\u00e7in kapatma vanas\u0131 olarak kullan\u0131lmak \u00fczere tasarlanm\u0131\u015ft\u0131r. Ak\u0131\u015fkan k\u00fcresel vanalardan her iki y\u00f6nde de akabilir.<\/p>\r\n\r\n\r\n\r\n<h2 class=\"wp-block-heading\" id=\"h-features-of-2-piece-ball-valve\">2 Par\u00e7al\u0131 K\u00fcresel Vanan\u0131n \u00d6zellikleri<\/h2>\r\n\r\n\r\n\r\n<ul class=\"wp-block-list\">\r\n<li>Vanan\u0131n hareketli par\u00e7alar\u0131 oldu\u011fundan bilye, vana mili ve kol bir montaj \u00fcnitesidir. Valf g\u00f6vdesinin ba\u015f\u0131 diploid \u015feklindedir, b\u00f6ylece valfin &quot;A\u00c7IK&quot; konumda olup olmad\u0131\u011f\u0131n\u0131 kol konumundan kolayca ay\u0131rt edebilirsiniz. Kol veya g\u00f6vde diploidi boru eksenine paralel oldu\u011funda vanalar \u201cA\u00c7IK\u201d konumdad\u0131r, kol veya g\u00f6vde diploidi boru eksenine dik oldu\u011funda vana \u201cKAPALI\u201d konumdad\u0131r;<\/li>\r\n<li>Ortam valften ge\u00e7ti\u011finde, orta bo\u015fluktaki bas\u0131n\u00e7 g\u00f6vdeyi d\u0131\u015far\u0131 \u00e7ekecektir. Bu durumun ya\u015fanmas\u0131n\u0131 \u00f6nlemek i\u00e7in bir d\u0131\u015fb\u00fckeylik tasarlanm\u0131\u015ft\u0131r. Ayn\u0131 zamanda, bir ya\u011flay\u0131c\u0131 cihaz eklenmi\u015ftir, b\u00f6ylece yang\u0131n hasar\u0131 O-ring&#039;e zarar verse bile, ya\u011flay\u0131c\u0131 cihaz ortam\u0131n s\u0131zmas\u0131n\u0131 \u00f6nlemek i\u00e7in s\u0131zd\u0131rmazl\u0131k ya\u011f\u0131 enjekte edecektir;<\/li>\r\n<li>Vanay\u0131 \u00e7al\u0131\u015ft\u0131r\u0131rken, bilye ile PTFE vb. gibi metal olmayan yuva aras\u0131ndaki s\u00fcrt\u00fcnme, bilya \u00fczerinde birikebilecek elektrostatik y\u00fck \u00fcretecektir. Statik k\u0131v\u0131lc\u0131m\u0131 \u00f6nlemek i\u00e7in, valflerin \u00fczerine anti-statik bir cihaz yerle\u015ftirilmi\u015ftir. bilye ile g\u00f6vde aras\u0131ndaki veya g\u00f6vde ile valf g\u00f6vdesi aras\u0131ndaki statik kanaldan bilyada biriken elektrik y\u00fck\u00fc;<\/li>\r\n<li>Vanan\u0131n hatal\u0131 \u00e7al\u0131\u015fmas\u0131n\u0131 \u00f6nlemek i\u00e7in, \u00f6zellikle a\u00e7\u0131k havada kullan\u0131ld\u0131\u011f\u0131nda veya ar\u0131zan\u0131n yasak oldu\u011fu durumlarda, a\u00e7\u0131k\/kapal\u0131 konumu kilitleme cihaz\u0131 ile donat\u0131labilir.<\/li>\r\n<\/ul>\r\n\r\n\r\n\r\n<h2 class=\"wp-block-heading\" id=\"h-material-of-2-piece-ball-valve\">2 Par\u00e7al\u0131 K\u00fcresel Vanan\u0131n Malzemesi<\/h2>\r\n\r\n\r\n\r\n<figure class=\"wp-block-table\">\r\n<table>\r\n<tbody>\r\n<tr>\r\n<td>Hay\u0131r<\/td>\r\n<td>Par\u00e7a<\/td>\r\n<td>Malzeme<\/td>\r\n<\/tr>\r\n<tr>\r\n<td>1<\/td>\r\n<td>V\u00fccut<\/td>\r\n<td>ASTM A182 F316<\/td>\r\n<\/tr>\r\n<tr>\r\n<td>2<\/td>\r\n<td>Bone<\/td>\r\n<td>ASTM A182 F316<\/td>\r\n<\/tr>\r\n<tr>\r\n<td>3<\/td>\r\n<td>Kaput C\u0131vatas\u0131<\/td>\r\n<td>ASTM A193 B8M<\/td>\r\n<\/tr>\r\n<tr>\r\n<td>4<\/td>\r\n<td>Kaput Somunu<\/td>\r\n<td>ASTM A194 8M<\/td>\r\n<\/tr>\r\n<tr>\r\n<td>5<\/td>\r\n<td>Kaput Contas\u0131<\/td>\r\n<td>Grafit +SS316<\/td>\r\n<\/tr>\r\n<tr>\r\n<td>6<\/td>\r\n<td>Koltuk Halkas\u0131<\/td>\r\n<td>V\u0130TON<\/td>\r\n<\/tr>\r\n<tr>\r\n<td>7<\/td>\r\n<td>Top<\/td>\r\n<td>ASTM A182 F316<\/td>\r\n<\/tr>\r\n<tr>\r\n<td>8<\/td>\r\n<td>K\u00f6k<\/td>\r\n<td>ASTM A276 316<\/td>\r\n<\/tr>\r\n<tr>\r\n<td>9<\/td>\r\n<td>K\u00f6k Ambalaj<\/td>\r\n<td>Grafit<\/td>\r\n<\/tr>\r\n<tr>\r\n<td>10<\/td>\r\n<td>Bez<\/td>\r\n<td>ASTM A351 CF8M<\/td>\r\n<\/tr>\r\n<tr>\r\n<td>11<\/td>\r\n<td>Durdurma Tasmas\u0131<\/td>\r\n<td>ANSI 1025<\/td>\r\n<\/tr>\r\n<\/tbody>\r\n<\/table>\r\n<\/figure>","protected":false},"excerpt":{"rendered":"<p>2 par\u00e7al\u0131 paslanmaz \u00e7elik k\u00fcresel vana muhtemelen en yayg\u0131n kullan\u0131lan k\u00fcresel vanad\u0131r. 2 par\u00e7al\u0131 k\u00fcresel vana a\u00e7\u0131lacakt\u0131r\u2026 <a title=\"2 Par\u00e7al\u0131 K\u00fcresel Vana\" class=\"read-more\" href=\"https:\/\/zecovalve.com\/tr\/urun\/2pc-ball-valve\" aria-label=\"2 Par\u00e7al\u0131 K\u00fcresel Vana hakk\u0131nda daha fazlas\u0131\">Daha fazla bilgi edinin<\/a><\/p>","protected":false},"featured_media":27853,"comment_status":"closed","ping_status":"closed","template":"","meta":{"_generate-full-width-content":"","kt_blocks_editor_width":""},"product_cat":[2047,2465],"product_tag":[2655,2804,2656],"class_list":["post-16151","product","type-product","status-publish","has-post-thumbnail","hentry","product_cat-ball-valve","product_cat-forged-steel-ball-valve","product_tag-1-2-ball-valve","product_tag-2-inch-ball-valve","product_tag-3-4-ball-valve","sales-flash-overlay","woocommerce-text-align-center","woocommerce-image-align-center","do-quantity-buttons"],"featured_image_src_large":["https:\/\/zecovalve.com\/wp-content\/uploads\/2022\/06\/2-Piece-Ball-Valve.jpg",800,600,false],"author_info":[],"comment_info":0,"taxonomy_info":{"product_cat":[{"value":2047,"label":"Ball Valve"},{"value":2465,"label":"Forged Ball Valve"}],"product_tag":[{"value":2655,"label":"1 2 ball valve"},{"value":2804,"label":"2 inch Ball Valve"},{"value":2656,"label":"3 4 ball valve"}]},"yoast_head":"<!-- This site is optimized with the Yoast SEO Premium plugin v15.4 - https:\/\/yoast.com\/wordpress\/plugins\/seo\/ -->\n<title>Ball Valve 2 Piece - 2 Piece Ball Valve Manufacturer | ZECO Valve<\/title>\n<meta name=\"robots\" content=\"index, follow, max-snippet:-1, max-image-preview:large, max-video-preview:-1\" \/>\n<link rel=\"canonical\" href=\"https:\/\/zecovalve.com\/tr\/urun\/2pc-ball-valve\" \/>\n<meta property=\"og:locale\" content=\"tr_TR\" \/>\n<meta property=\"og:type\" content=\"article\" \/>\n<meta property=\"og:title\" content=\"Ball Valve 2 Piece - 2 Piece Ball Valve Manufacturer | ZECO Valve\" \/>\n<meta property=\"og:description\" content=\"The 2 piece stainless steel ball valve is probably the most widely used ball valve. The 2 piece ball valve will open ... Read more\" \/>\n<meta property=\"og:url\" content=\"https:\/\/zecovalve.com\/tr\/urun\/2pc-ball-valve\" \/>\n<meta property=\"og:site_name\" content=\"ZECO Valve\" \/>\n<meta property=\"article:modified_time\" content=\"2023-06-07T07:03:04+00:00\" \/>\n<meta property=\"og:image\" content=\"https:\/\/zecovalve.com\/wp-content\/uploads\/2022\/06\/2-Piece-Ball-Valve.jpg\" \/>\n\t<meta property=\"og:image:width\" content=\"800\" \/>\n\t<meta property=\"og:image:height\" content=\"600\" \/>\n<meta name=\"twitter:card\" content=\"summary_large_image\" \/>\n<meta name=\"twitter:label1\" content=\"Yazan:\">\n\t<meta name=\"twitter:data1\" content=\"Jerry\">\n\t<meta name=\"twitter:label2\" content=\"Tahmini okuma s\u00fcresi\">\n\t<meta name=\"twitter:data2\" content=\"2 dakika\">\n<script type=\"application\/ld+json\" class=\"yoast-schema-graph\">{\"@context\":\"https:\/\/schema.org\",\"@graph\":[{\"@type\":\"WebSite\",\"@id\":\"https:\/\/zecovalve.com\/#website\",\"url\":\"https:\/\/zecovalve.com\/\",\"name\":\"ZECO Valve\",\"description\":\"Industrial Ball Valve, Gate Valve and Globe Valve Manufacturer\",\"potentialAction\":[{\"@type\":\"SearchAction\",\"target\":\"https:\/\/zecovalve.com\/?s={search_term_string}\",\"query-input\":\"required name=search_term_string\"}],\"inLanguage\":\"tr\"},{\"@type\":\"ImageObject\",\"@id\":\"https:\/\/zecovalve.com\/product\/2pc-ball-valve#primaryimage\",\"inLanguage\":\"tr\",\"url\":\"https:\/\/zecovalve.com\/wp-content\/uploads\/2022\/06\/2-Piece-Ball-Valve.jpg\",\"width\":800,\"height\":600,\"caption\":\"2 Piece Ball Valve\"},{\"@type\":\"WebPage\",\"@id\":\"https:\/\/zecovalve.com\/product\/2pc-ball-valve#webpage\",\"url\":\"https:\/\/zecovalve.com\/product\/2pc-ball-valve\",\"name\":\"Ball Valve 2 Piece - 2 Piece Ball Valve Manufacturer | ZECO Valve\",\"isPartOf\":{\"@id\":\"https:\/\/zecovalve.com\/#website\"},\"primaryImageOfPage\":{\"@id\":\"https:\/\/zecovalve.com\/product\/2pc-ball-valve#primaryimage\"},\"datePublished\":\"2022-06-19T14:22:43+00:00\",\"dateModified\":\"2023-06-07T07:03:04+00:00\",\"breadcrumb\":{\"@id\":\"https:\/\/zecovalve.com\/product\/2pc-ball-valve#breadcrumb\"},\"inLanguage\":\"tr\",\"potentialAction\":[{\"@type\":\"ReadAction\",\"target\":[\"https:\/\/zecovalve.com\/product\/2pc-ball-valve\"]}]},{\"@type\":\"BreadcrumbList\",\"@id\":\"https:\/\/zecovalve.com\/product\/2pc-ball-valve#breadcrumb\",\"itemListElement\":[{\"@type\":\"ListItem\",\"position\":1,\"item\":{\"@type\":\"WebPage\",\"@id\":\"https:\/\/zecovalve.com\/\",\"url\":\"https:\/\/zecovalve.com\/\",\"name\":\"Home\"}},{\"@type\":\"ListItem\",\"position\":2,\"item\":{\"@type\":\"WebPage\",\"@id\":\"https:\/\/zecovalve.com\/product-category\",\"url\":\"https:\/\/zecovalve.com\/product-category\",\"name\":\"Industrial Valve Manufacturer | Water Valve Manufacturer\"}},{\"@type\":\"ListItem\",\"position\":3,\"item\":{\"@type\":\"WebPage\",\"@id\":\"https:\/\/zecovalve.com\/product\/2pc-ball-valve\",\"url\":\"https:\/\/zecovalve.com\/product\/2pc-ball-valve\",\"name\":\"2 Piece Ball Valve\"}}]}]}<\/script>\n<!-- \/ Yoast SEO Premium plugin. -->","_links":{"self":[{"href":"https:\/\/zecovalve.com\/tr\/wp-json\/wp\/v2\/product\/16151","targetHints":{"allow":["GET"]}}],"collection":[{"href":"https:\/\/zecovalve.com\/tr\/wp-json\/wp\/v2\/product"}],"about":[{"href":"https:\/\/zecovalve.com\/tr\/wp-json\/wp\/v2\/types\/product"}],"replies":[{"embeddable":true,"href":"https:\/\/zecovalve.com\/tr\/wp-json\/wp\/v2\/comments?post=16151"}],"wp:featuredmedia":[{"embeddable":true,"href":"https:\/\/zecovalve.com\/tr\/wp-json\/wp\/v2\/media\/27853"}],"wp:attachment":[{"href":"https:\/\/zecovalve.com\/tr\/wp-json\/wp\/v2\/media?parent=16151"}],"wp:term":[{"taxonomy":"product_cat","embeddable":true,"href":"https:\/\/zecovalve.com\/tr\/wp-json\/wp\/v2\/product_cat?post=16151"},{"taxonomy":"product_tag","embeddable":true,"href":"https:\/\/zecovalve.com\/tr\/wp-json\/wp\/v2\/product_tag?post=16151"}],"curies":[{"name":"wp","href":"https:\/\/api.w.org\/{rel}","templated":true}]}}