{"id":16155,"date":"2022-06-19T14:28:37","date_gmt":"2022-06-19T14:28:37","guid":{"rendered":"https:\/\/zecovalve.com\/?post_type=product&#038;p=16155"},"modified":"2023-06-07T14:00:52","modified_gmt":"2023-06-07T14:00:52","slug":"through-conduit-gate-valve","status":"publish","type":"product","link":"https:\/\/zecovalve.com\/tr\/urun\/through-conduit-gate-valve","title":{"rendered":"Kanal S\u00fcrg\u00fcl\u00fc Vana"},"content":{"rendered":"<p>ZECO Valve, sekt\u00f6rdeki en g\u00fcvenilir d\u00f6kme \u00e7elik Boru S\u00fcrg\u00fcl\u00fc Vanalar\u0131ndan baz\u0131lar\u0131n\u0131 \u00fcretmektedir.<\/p>\r\n\r\n\r\n\r\n<figure class=\"wp-block-image alignnone size-medium wp-image-17929\"><img loading=\"lazy\" decoding=\"async\" width=\"300\" height=\"225\" class=\"wp-image-17929\" src=\"https:\/\/zecovalve.com\/wp-content\/uploads\/2022\/06\/Through-Conduit-Gate-Valve-1-300x225.jpg\" alt=\"Kanal S\u00fcrg\u00fcl\u00fc Vana\" srcset=\"https:\/\/zecovalve.com\/wp-content\/uploads\/2022\/06\/Through-Conduit-Gate-Valve-1-300x225.jpg 300w, https:\/\/zecovalve.com\/wp-content\/uploads\/2022\/06\/Through-Conduit-Gate-Valve-1-768x576.jpg 768w, https:\/\/zecovalve.com\/wp-content\/uploads\/2022\/06\/Through-Conduit-Gate-Valve-1-600x450.jpg 600w, https:\/\/zecovalve.com\/wp-content\/uploads\/2022\/06\/Through-Conduit-Gate-Valve-1.jpg 800w\" sizes=\"auto, (max-width: 300px) 100vw, 300px\" \/><\/figure>\r\n\r\n\r\n<div class=\"gb-button-wrapper gb-button-wrapper-6d8495a3\">\r\n\r\n\r\n<p><a class=\"gb-button gb-button-3d442e11 gb-button-text\" href=\"https:\/\/zecovalve.com\/tr\/contact\/\" target=\"_blank\" rel=\"noopener noreferrer\"><strong>GE\u00c7\u0130\u015e BORUSU S\u00dcRG\u00dcL\u00dc VANA F\u0130YATI<\/strong><\/a><\/p>\r\n<\/div>\r\n\r\n\r\n\r\n\r\n<h2 class=\"wp-block-heading\" id=\"h-what-is-a-through-conduit-gate-valve\">Ge\u00e7i\u015fli S\u00fcrg\u00fcl\u00fc Vana Nedir?<\/h2>\r\n\r\n\r\n\r\n<p>Ge\u00e7i\u015fli s\u00fcrg\u00fcl\u00fc vanalar, \u00e7al\u0131\u015fma ortam\u0131 ak\u0131\u015f\u0131n\u0131n tamamen kapat\u0131lmas\u0131 i\u00e7in tasarlanm\u0131\u015f izolasyon vanalar\u0131d\u0131r. 200\u00b0C&#039;ye kadar s\u0131cakl\u0131klarda kullan\u0131labilirler. S\u00fcrg\u00fcl\u00fc vanalar\u0131n d\u00fczenleme veya k\u0131sma amac\u0131yla kullan\u0131lmas\u0131 halinde \u00fcretici, s\u0131zd\u0131rmazl\u0131\u011f\u0131 garanti etmez. S\u00fcrg\u00fcl\u00fc vanalar, borular\u0131nkine e\u015fit ak\u0131\u015f direnci katsay\u0131s\u0131na sahip, tam ge\u00e7i\u015fli piggable vanalard\u0131r. Bu nedenle \u00f6zellikle uzun mesafeli boru hatt\u0131 sistemleri i\u00e7in uygundurlar.<\/p>\r\n\r\n\r\n\r\n<p>ZECO ge\u00e7i\u015fli vana, d\u00fcz borulu bir vanad\u0131r. Tasar\u0131m, bas\u0131n\u00e7 d\u00fc\u015f\u00fc\u015f\u00fcn\u00fc en aza indirmek ve \u00e7amur gibi harici malzemelerin valf haznesinde birikmesini \u00f6nlemek i\u00e7in idealdir. Bu vana tipi petrol ve gaz ta\u015f\u0131mac\u0131l\u0131\u011f\u0131nda yayg\u0131n olarak kullan\u0131lmaktad\u0131r ve API 6D standard\u0131na uygundur. ZECO ge\u00e7i\u015fli s\u00fcrg\u00fcl\u00fc vana \u00fc\u00e7 tipte mevcuttur: y\u00f6nlendirme delikli, y\u00f6nlendirme deliksiz ve ayar darl\u0131\u011f\u0131 ile. Bas\u0131n\u00e7 150LB ila 900LB aras\u0131nda de\u011fi\u015fir ve boyut 1 in\u00e7 ila 48 in\u00e7 aras\u0131nda de\u011fi\u015fir. \u00c7in&#039;de bir y\u00fcksek teknoloji kurulu\u015fu olarak ZECO, teknoloji ve yenilik yoluyla ZECO markas\u0131n\u0131 yaratmaya kendini adam\u0131\u015ft\u0131r ve uluslararas\u0131 markalarla rekabet edebilecek birinci s\u0131n\u0131f \u00fcr\u00fcnler geli\u015ftirme ve \u00fcretme yetene\u011fine sahip oldu\u011fumuza inan\u0131yoruz.<\/p>\r\n\r\n\r\n\r\n<h2 class=\"wp-block-heading\">Ge\u00e7i\u015fli S\u00fcrg\u00fcl\u00fc Vanan\u0131n Tasar\u0131m ve \u00dcretim Standartlar\u0131<\/h2>\r\n\r\n\r\n\r\n<p>Her iki tasar\u0131m da flan\u015fl\u0131 ve al\u0131n kaynakl\u0131 u\u00e7 ba\u011flant\u0131lar\u0131 kullan\u0131r ve API 6D&#039;ye uygun olarak \u00fcretilip test edilir. Tam portlu \u00e7ift y\u00f6nl\u00fc ak\u0131\u015f kapasitesi, bas\u0131n\u00e7 d\u00fc\u015f\u00fc\u015f\u00fcn\u00fc ve t\u00fcrb\u00fclans\u0131 en aza indirir.<\/p>\r\n\r\n\r\n\r\n<figure class=\"wp-block-table is-style-stripes\">\r\n<table>\r\n<tbody>\r\n<tr>\r\n<td>Temel tasar\u0131m<\/td>\r\n<td>API 6D<\/td>\r\n<\/tr>\r\n<tr>\r\n<td>Y\u00fcz Y\u00fcze Boyut<\/td>\r\n<td>ANSI B16.10<\/td>\r\n<\/tr>\r\n<tr>\r\n<td>Flan\u015f Ucu Boyutu<\/td>\r\n<td>ANSI\/ASME B16.5 (2&quot; ila 24&quot;) ANSI\/ASME B16.47 ve MSS SP-44 (26&quot; ve \u00fczeri)<\/td>\r\n<\/tr>\r\n<tr>\r\n<td>Al\u0131n Kaynak Ucu Boyutu<\/td>\r\n<td>ANSI\/ASME B16.25<\/td>\r\n<\/tr>\r\n<tr>\r\n<td>Muayene ve Test<\/td>\r\n<td>API 6D<\/td>\r\n<\/tr>\r\n<tr>\r\n<td>Yang\u0131na Kar\u015f\u0131 G\u00fcvenli Tasar\u0131m<\/td>\r\n<td>API 6FA<\/td>\r\n<\/tr>\r\n<\/tbody>\r\n<\/table>\r\n<\/figure>\r\n\r\n\r\n\r\n<h2 class=\"wp-block-heading\">Ge\u00e7i\u015fli S\u00fcrg\u00fcl\u00fc Vana \u00c7e\u015fitleri<\/h2>\r\n\r\n\r\n\r\n<h3 class=\"wp-block-heading\">\u00c7ift Blok ve Ta\u015fma (DBB)<\/h3>\r\n\r\n\r\n\r\n<p>Kapal\u0131 konumda iki oturma y\u00fczeyi bulunan vanalar, her iki vana ucundan ak\u0131\u015f\u0131 bloke ederek g\u00f6vde bo\u015flu\u011fu \u00fczerinde bulunan bir bo\u015faltma ba\u011flant\u0131s\u0131 sayesinde oturma y\u00fczeyi aras\u0131ndaki bo\u015flu\u011fun havaland\u0131r\u0131lmas\u0131n\u0131 sa\u011flar. Her iki koltu\u011fun da s\u0131k\u0131 olmas\u0131 durumunda DBB, g\u00f6vde bo\u015flu\u011funun bo\u015falt\u0131lmas\u0131n\u0131 ve bas\u0131nc\u0131n azalt\u0131lmas\u0131n\u0131 sa\u011flar. B\u00f6ylece valf yuvalar\u0131n\u0131n performans\u0131n\u0131n izlenmesi ve hatt\u0131n di\u011fer taraf\u0131nda g\u00fcvenli bir \u00e7al\u0131\u015fma ortam\u0131 sa\u011flanmas\u0131 m\u00fcmk\u00fcn olacakt\u0131r.<\/p>\r\n\r\n\r\n\r\n<h3 class=\"wp-block-heading\">\u00c7ift Yal\u0131t\u0131ml\u0131 S\u0131zd\u0131rma (DIB)<\/h3>\r\n\r\n\r\n\r\n<p>Bu ayn\u0131 zamanda valf bo\u015flu\u011funun bo\u015falt\u0131lmas\u0131n\u0131 ve bas\u0131nc\u0131n azalt\u0131lmas\u0131n\u0131 sa\u011flayacakt\u0131r. Bununla birlikte, e\u011fer yukar\u0131 ak\u0131\u015f taraf\u0131ndaki bas\u0131n\u00e7 serbest b\u0131rak\u0131l\u0131rsa ve g\u00f6vde bo\u015flu\u011funda s\u0131k\u0131\u015fan s\u0131v\u0131 termal de\u011fi\u015fiklikler nedeniyle geni\u015flerse, ak\u0131\u015f yukar\u0131 tarafa do\u011fru drenaj meydana gelir. Bu, boru hatlar\u0131n\u0131n blok vanalar\u0131 i\u00e7in \u00f6nemli bir tasar\u0131md\u0131r. Uygulama t\u00fcr\u00fcne g\u00f6re do\u011fru se\u00e7im yap\u0131lmal\u0131d\u0131r.<\/p>\r\n\r\n\r\n\r\n<h2 class=\"wp-block-heading\">Ge\u00e7i\u015fli S\u00fcrg\u00fcl\u00fc Vanalar\u0131n Uygulamalar\u0131<\/h2>\r\n\r\n\r\n\r\n<p>Ge\u00e7i\u015fli s\u00fcrg\u00fcl\u00fc vanalar a\u00e7\u0131k deniz platformlar\u0131, k\u0131y\u0131 terminalleri ve iletim hatlar\u0131 gibi uygulamalarda kullan\u0131l\u0131r.<\/p>\r\n\r\n\r\n\r\n<p>Bu uygulamalarda yayg\u0131n olarak kullan\u0131lan ortam t\u00fcrleri \u015funlard\u0131r: a\u015f\u0131nd\u0131r\u0131c\u0131 olmayan s\u0131v\u0131lar, gaz, su, asitli servis, hidrokarbon s\u0131v\u0131lar\u0131 veya gaz<\/p>\r\n\r\n\r\n\r\n<h2 class=\"wp-block-heading\" id=\"h-features-of-through-conduit-gate-valves\">Ge\u00e7i\u015fli S\u00fcrg\u00fcl\u00fc Vanalar\u0131n \u00d6zellikleri<\/h2>\r\n\r\n\r\n\r\n<ul class=\"wp-block-list\">\r\n<li>Diskin veya koltu\u011fun minimum d\u00fczeyde gerilmesi veya a\u015f\u0131nmas\u0131yla etkili bo\u011fulma.<\/li>\r\n<li>Diskin k\u0131sa stroku ve bunlar\u0131 harekete ge\u00e7irmek i\u00e7in birka\u00e7 tur d\u00f6nd\u00fcr\u00fclmesi, zaman\u0131 ve g\u00f6vde ile kaputtaki a\u015f\u0131nmay\u0131 azalt\u0131r.<\/li>\r\n<li>Hassas trafik kontrol\u00fc.<\/li>\r\n<li>\u00c7oklu matkaplarla mevcuttur.<\/li>\r\n<\/ul>\r\n\r\n\r\n\r\n<h2 class=\"wp-block-heading\" id=\"h-material-of-through-conduit-gate-valve\">Ge\u00e7i\u015fli S\u00fcrg\u00fcl\u00fc Vana Malzemesi:<\/h2>\r\n\r\n\r\n\r\n<figure class=\"wp-block-table\">\r\n<table>\r\n<tbody>\r\n<tr>\r\n<td>Hay\u0131r<\/td>\r\n<td>Par\u00e7a<\/td>\r\n<td>Malzeme<\/td>\r\n<\/tr>\r\n<tr>\r\n<td>1<\/td>\r\n<td>V\u00fccut<\/td>\r\n<td>ASTM A216 WCB<\/td>\r\n<\/tr>\r\n<tr>\r\n<td>2<\/td>\r\n<td>Koltuk<\/td>\r\n<td>ASTM A105 + PTFE<\/td>\r\n<\/tr>\r\n<tr>\r\n<td>3<\/td>\r\n<td>Kama<\/td>\r\n<td>ASTM A105<\/td>\r\n<\/tr>\r\n<tr>\r\n<td>4<\/td>\r\n<td>K\u00f6k<\/td>\r\n<td>ASTM A182 F6a<\/td>\r\n<\/tr>\r\n<tr>\r\n<td>5<\/td>\r\n<td>Conta<\/td>\r\n<td>Grafit + SS304<\/td>\r\n<\/tr>\r\n<tr>\r\n<td>6<\/td>\r\n<td>Kaput C\u0131vatas\u0131<\/td>\r\n<td>ASTM A193 B7<\/td>\r\n<\/tr>\r\n<tr>\r\n<td>7<\/td>\r\n<td>Kaput Somunu<\/td>\r\n<td>ASTM A194 2H<\/td>\r\n<\/tr>\r\n<tr>\r\n<td>8<\/td>\r\n<td>Bone<\/td>\r\n<td>ASTM A216 WCB<\/td>\r\n<\/tr>\r\n<tr>\r\n<td>9<\/td>\r\n<td>\u00dcst Ambalaj<\/td>\r\n<td>PTFE<\/td>\r\n<\/tr>\r\n<tr>\r\n<td>10<\/td>\r\n<td>Alt Paketleme<\/td>\r\n<td>PTFE<\/td>\r\n<\/tr>\r\n<tr>\r\n<td>11<\/td>\r\n<td>El \u00c7ark\u0131<\/td>\r\n<td>ASTM A536-60-40-18<\/td>\r\n<\/tr>\r\n<\/tbody>\r\n<\/table>\r\n<\/figure>","protected":false},"excerpt":{"rendered":"<p>ZECO Valve, sekt\u00f6rdeki en g\u00fcvenilir d\u00f6kme \u00e7elik Boru S\u00fcrg\u00fcl\u00fc Vanalar\u0131ndan baz\u0131lar\u0131n\u0131 \u00fcretmektedir. Ge\u00e7i\u015fli Boru Nedir? <a title=\"Kanal S\u00fcrg\u00fcl\u00fc Vana\" class=\"read-more\" href=\"https:\/\/zecovalve.com\/tr\/urun\/through-conduit-gate-valve\" aria-label=\"Ge\u00e7i\u015fli S\u00fcrg\u00fcl\u00fc Vana hakk\u0131nda daha fazla bilgi\">Daha fazla bilgi edinin<\/a><\/p>","protected":false},"featured_media":27874,"comment_status":"closed","ping_status":"closed","template":"","meta":{"_generate-full-width-content":"","kt_blocks_editor_width":""},"product_cat":[2052,2456],"product_tag":[2798],"class_list":["post-16155","product","type-product","status-publish","has-post-thumbnail","hentry","product_cat-gate-valve","product_cat-gate-valve-by-form","product_tag-osy-valve","sales-flash-overlay","woocommerce-text-align-center","woocommerce-image-align-center","do-quantity-buttons"],"featured_image_src_large":["https:\/\/zecovalve.com\/wp-content\/uploads\/2022\/06\/Through-Conduit-Gate-Valve-2.jpg",800,600,false],"author_info":[],"comment_info":0,"taxonomy_info":{"product_cat":[{"value":2052,"label":"Gate Valve"},{"value":2456,"label":"Gate Valve By Form"}],"product_tag":[{"value":2798,"label":"OS&amp;Y Valve"}]},"yoast_head":"<!-- This site is optimized with the Yoast SEO Premium plugin v15.4 - https:\/\/yoast.com\/wordpress\/plugins\/seo\/ -->\n<title>Through Conduit Gate Valve - Gate Valve Manufacturer | ZECO Valve<\/title>\n<meta name=\"robots\" content=\"index, follow, max-snippet:-1, max-image-preview:large, max-video-preview:-1\" \/>\n<link rel=\"canonical\" href=\"https:\/\/zecovalve.com\/tr\/urun\/through-conduit-gate-valve\" \/>\n<meta property=\"og:locale\" content=\"tr_TR\" \/>\n<meta property=\"og:type\" content=\"article\" \/>\n<meta property=\"og:title\" content=\"Through Conduit Gate Valve - Gate Valve Manufacturer | ZECO Valve\" \/>\n<meta property=\"og:description\" content=\"ZECO Valve \u200bmanufactures some of the most dependable cast steel Though Conduit Gate Valves in the industry. What is a Through Conduit ... Read more\" \/>\n<meta property=\"og:url\" content=\"https:\/\/zecovalve.com\/tr\/urun\/through-conduit-gate-valve\" \/>\n<meta property=\"og:site_name\" content=\"ZECO Valve\" \/>\n<meta property=\"article:modified_time\" content=\"2023-06-07T14:00:52+00:00\" \/>\n<meta property=\"og:image\" content=\"https:\/\/zecovalve.com\/wp-content\/uploads\/2022\/06\/Through-Conduit-Gate-Valve-2.jpg\" \/>\n\t<meta property=\"og:image:width\" content=\"800\" \/>\n\t<meta property=\"og:image:height\" content=\"600\" \/>\n<meta name=\"twitter:card\" content=\"summary_large_image\" \/>\n<meta name=\"twitter:label1\" content=\"Yazan:\">\n\t<meta name=\"twitter:data1\" content=\"Jerry\">\n\t<meta name=\"twitter:label2\" content=\"Tahmini okuma s\u00fcresi\">\n\t<meta name=\"twitter:data2\" content=\"2 dakika\">\n<script type=\"application\/ld+json\" class=\"yoast-schema-graph\">{\"@context\":\"https:\/\/schema.org\",\"@graph\":[{\"@type\":\"WebSite\",\"@id\":\"https:\/\/zecovalve.com\/#website\",\"url\":\"https:\/\/zecovalve.com\/\",\"name\":\"ZECO Valve\",\"description\":\"Industrial Ball Valve, Gate Valve and Globe Valve Manufacturer\",\"potentialAction\":[{\"@type\":\"SearchAction\",\"target\":\"https:\/\/zecovalve.com\/?s={search_term_string}\",\"query-input\":\"required name=search_term_string\"}],\"inLanguage\":\"tr\"},{\"@type\":\"ImageObject\",\"@id\":\"https:\/\/zecovalve.com\/product\/through-conduit-gate-valve#primaryimage\",\"inLanguage\":\"tr\",\"url\":\"https:\/\/zecovalve.com\/wp-content\/uploads\/2022\/06\/Through-Conduit-Gate-Valve-2.jpg\",\"width\":800,\"height\":600,\"caption\":\"Through Conduit Gate Valve\"},{\"@type\":\"WebPage\",\"@id\":\"https:\/\/zecovalve.com\/product\/through-conduit-gate-valve#webpage\",\"url\":\"https:\/\/zecovalve.com\/product\/through-conduit-gate-valve\",\"name\":\"Through Conduit Gate Valve - Gate Valve Manufacturer | ZECO Valve\",\"isPartOf\":{\"@id\":\"https:\/\/zecovalve.com\/#website\"},\"primaryImageOfPage\":{\"@id\":\"https:\/\/zecovalve.com\/product\/through-conduit-gate-valve#primaryimage\"},\"datePublished\":\"2022-06-19T14:28:37+00:00\",\"dateModified\":\"2023-06-07T14:00:52+00:00\",\"breadcrumb\":{\"@id\":\"https:\/\/zecovalve.com\/product\/through-conduit-gate-valve#breadcrumb\"},\"inLanguage\":\"tr\",\"potentialAction\":[{\"@type\":\"ReadAction\",\"target\":[\"https:\/\/zecovalve.com\/product\/through-conduit-gate-valve\"]}]},{\"@type\":\"BreadcrumbList\",\"@id\":\"https:\/\/zecovalve.com\/product\/through-conduit-gate-valve#breadcrumb\",\"itemListElement\":[{\"@type\":\"ListItem\",\"position\":1,\"item\":{\"@type\":\"WebPage\",\"@id\":\"https:\/\/zecovalve.com\/\",\"url\":\"https:\/\/zecovalve.com\/\",\"name\":\"Home\"}},{\"@type\":\"ListItem\",\"position\":2,\"item\":{\"@type\":\"WebPage\",\"@id\":\"https:\/\/zecovalve.com\/product-category\",\"url\":\"https:\/\/zecovalve.com\/product-category\",\"name\":\"Industrial Valve Manufacturer | Water Valve Manufacturer\"}},{\"@type\":\"ListItem\",\"position\":3,\"item\":{\"@type\":\"WebPage\",\"@id\":\"https:\/\/zecovalve.com\/product\/through-conduit-gate-valve\",\"url\":\"https:\/\/zecovalve.com\/product\/through-conduit-gate-valve\",\"name\":\"Through Conduit Gate Valve\"}}]}]}<\/script>\n<!-- \/ Yoast SEO Premium plugin. -->","_links":{"self":[{"href":"https:\/\/zecovalve.com\/tr\/wp-json\/wp\/v2\/product\/16155","targetHints":{"allow":["GET"]}}],"collection":[{"href":"https:\/\/zecovalve.com\/tr\/wp-json\/wp\/v2\/product"}],"about":[{"href":"https:\/\/zecovalve.com\/tr\/wp-json\/wp\/v2\/types\/product"}],"replies":[{"embeddable":true,"href":"https:\/\/zecovalve.com\/tr\/wp-json\/wp\/v2\/comments?post=16155"}],"wp:featuredmedia":[{"embeddable":true,"href":"https:\/\/zecovalve.com\/tr\/wp-json\/wp\/v2\/media\/27874"}],"wp:attachment":[{"href":"https:\/\/zecovalve.com\/tr\/wp-json\/wp\/v2\/media?parent=16155"}],"wp:term":[{"taxonomy":"product_cat","embeddable":true,"href":"https:\/\/zecovalve.com\/tr\/wp-json\/wp\/v2\/product_cat?post=16155"},{"taxonomy":"product_tag","embeddable":true,"href":"https:\/\/zecovalve.com\/tr\/wp-json\/wp\/v2\/product_tag?post=16155"}],"curies":[{"name":"wp","href":"https:\/\/api.w.org\/{rel}","templated":true}]}}