{"id":16157,"date":"2022-06-19T14:31:25","date_gmt":"2022-06-19T14:31:25","guid":{"rendered":"https:\/\/zecovalve.com\/?post_type=product&#038;p=16157"},"modified":"2023-06-07T07:03:30","modified_gmt":"2023-06-07T07:03:30","slug":"12-inch-ball-valve","status":"publish","type":"product","link":"https:\/\/zecovalve.com\/tr\/urun\/12-inch-ball-valve","title":{"rendered":"12 in\u00e7 K\u00fcresel Vana"},"content":{"rendered":"<p>12 in\u00e7 K\u00fcresel Vanalar normalde muylu k\u00fcresel vanalar, yandan giri\u015fli k\u00fcresel vanalar veya \u00fcstten giri\u015fli k\u00fcresel vanalard\u0131r; tasar\u0131m, \u00fcretim ve testler kesinlikle API 6D\/API 598 standard\u0131na uygundur<\/p>\r\n\r\n\r\n\r\n<figure class=\"wp-block-image alignnone size-medium wp-image-16158\">\r\n<p><img loading=\"lazy\" decoding=\"async\" class=\"wp-image-27831 size-medium\" src=\"https:\/\/zecovalve.com\/wp-content\/uploads\/2022\/06\/12-inch-Ball-Valve-3-300x300.jpg\" alt=\"12 in\u00e7 K\u00fcresel Vana\" width=\"300\" height=\"300\" srcset=\"https:\/\/zecovalve.com\/wp-content\/uploads\/2022\/06\/12-inch-Ball-Valve-3-300x300.jpg 300w, https:\/\/zecovalve.com\/wp-content\/uploads\/2022\/06\/12-inch-Ball-Valve-3-150x150.jpg 150w, https:\/\/zecovalve.com\/wp-content\/uploads\/2022\/06\/12-inch-Ball-Valve-3-400x400.jpg 400w, https:\/\/zecovalve.com\/wp-content\/uploads\/2022\/06\/12-inch-Ball-Valve-3-100x100.jpg 100w, https:\/\/zecovalve.com\/wp-content\/uploads\/2022\/06\/12-inch-Ball-Valve-3.jpg 600w\" sizes=\"auto, (max-width: 300px) 100vw, 300px\" \/><\/p>\r\n<\/figure>\r\n\r\n\r\n<div class=\"gb-button-wrapper gb-button-wrapper-6d8495a3\">\r\n\r\n\r\n<p><a class=\"gb-button gb-button-3d442e11 gb-button-text\" href=\"https:\/\/zecovalve.com\/tr\/contact\/\" target=\"_blank\" rel=\"noopener noreferrer\"><strong>12 in\u00e7 K\u00dcRESEL VANA F\u0130YAT ALIN<\/strong><\/a><\/p>\r\n<\/div>\r\n\r\n\r\n\r\n\r\n<h2 class=\"wp-block-heading\" id=\"h-what-is-12-inch-ball-valve\">12\u2033 \u0130n\u00e7 K\u00fcresel Vana Nedir?<\/h2>\r\n\r\n\r\n\r\n<p>ZECO 12 in\u00e7 k\u00fcresel vana, y\u00fczer k\u00fcresel vana, muylu monteli k\u00fcresel vana veya \u00fcstten giri\u015fli k\u00fcresel vanay\u0131 se\u00e7ebilir. Tek toptan biri olarak <a href=\"https:\/\/zecovalve.com\/tr\/\" data-internallinksmanager029f6b8e52c=\"9\" title=\"end\u00fcstriyel vana \u00fcreticisi\" target=\"_blank\" rel=\"noopener\">\u00c7in&#039;deki vana \u00fcreticileri<\/a> Yakla\u015f\u0131k 30 y\u0131ll\u0131k bir ge\u00e7mi\u015fe sahip olan ZECO, s\u00fcrekli yenilik ve teknolojik yenilik tarihsel misyonuyla, ZECO&#039;nun k\u00fcresel vana \u00fcr\u00fcnlerini ard\u0131 ard\u0131na petrol \u015firketlerine, a\u00e7\u0131k deniz platformlar\u0131na ve end\u00fcstriyel projelere ba\u015far\u0131yla g\u00f6nderdi ve sahipleri taraf\u0131ndan tam olarak tan\u0131nd\u0131. ZECO, \u00fcr\u00fcn performans\u0131 ara\u015ft\u0131rma ve geli\u015ftirmesi ile \u00fcr\u00fcn malzemesi ara\u015ft\u0131rma ve geli\u015ftirmesine kendini adam\u0131\u015ft\u0131r ve uluslararas\u0131 \u00fcne sahip bir \u00c7inli valf \u00fcreticisi olu\u015fturmaya kendini adam\u0131\u015ft\u0131r.<\/p>\r\n\r\n\r\n\r\n<h2 class=\"wp-block-heading\">12 \u0130n\u00e7 K\u00fcresel Vanan\u0131n Boyutlar\u0131 ve A\u011f\u0131rl\u0131\u011f\u0131<\/h2>\r\n\r\n\r\n\r\n<table border=\"=1\" width=\"800\">\r\n<tbody>\r\n<tr>\r\n<td rowspan=\"2\">Bas\u0131n\u00e7 Derecesi<\/td>\r\n<td>Delik<\/td>\r\n<td colspan=\"3\">\u00a0Y\u00fcz Y\u00fcze Boyut (mm cinsinden)<\/td>\r\n<td>A\u011f\u0131rl\u0131k<\/td>\r\n<\/tr>\r\n<tr>\r\n<td>(mm cinsinden)<\/td>\r\n<td>RF<\/td>\r\n<td>BW<\/td>\r\n<td>RTJ<\/td>\r\n<td>kg<\/td>\r\n<\/tr>\r\n<tr>\r\n<td>SINIF 150<\/td>\r\n<td>303<\/td>\r\n<td>610<\/td>\r\n<td>635<\/td>\r\n<td>622<\/td>\r\n<td>596<\/td>\r\n<\/tr>\r\n<tr>\r\n<td>SINIF 300<\/td>\r\n<td>303<\/td>\r\n<td>648<\/td>\r\n<td>635<\/td>\r\n<td>664<\/td>\r\n<td>658<\/td>\r\n<\/tr>\r\n<tr>\r\n<td>SINIF 600<\/td>\r\n<td>303<\/td>\r\n<td>838<\/td>\r\n<td>838<\/td>\r\n<td>841<\/td>\r\n<td>1075<\/td>\r\n<\/tr>\r\n<tr>\r\n<td>SINIF 900<\/td>\r\n<td>303<\/td>\r\n<td>965<\/td>\r\n<td>965<\/td>\r\n<td>968<\/td>\r\n<td>1378<\/td>\r\n<\/tr>\r\n<tr>\r\n<td>SINIF 1500<\/td>\r\n<td>287<\/td>\r\n<td>1130<\/td>\r\n<td>1130<\/td>\r\n<td>1146<\/td>\r\n<td>2348<\/td>\r\n<\/tr>\r\n<tr>\r\n<td>SINIF 2500<\/td>\r\n<td>265<\/td>\r\n<td>1422<\/td>\r\n<td>1422<\/td>\r\n<td>1445<\/td>\r\n<td>3500<\/td>\r\n<\/tr>\r\n<\/tbody>\r\n<\/table>\r\n\r\n\r\n\r\n<h2 class=\"wp-block-heading\" id=\"specification-of-6-gate-valve\">12\u2033 K\u00fcresel Vanan\u0131n \u00d6zellikleri<\/h2>\r\n\r\n\r\n\r\n<figure class=\"wp-block-table\">\r\n<table>\r\n<tbody>\r\n<tr>\r\n<td>Tasar\u0131m Onayland\u0131<\/td>\r\n<td>API 6D, API 608<\/td>\r\n<\/tr>\r\n<tr>\r\n<td>Delinmi\u015f Flan\u015flar Teyit Ediyor<\/td>\r\n<td>ASME B16.5, EN 1092-1<\/td>\r\n<\/tr>\r\n<tr>\r\n<td>S\u0131zd\u0131rmazl\u0131k Kontrol\u00fc<\/td>\r\n<td>API 598, ISO 5208, EN 12266-1<\/td>\r\n<\/tr>\r\n<tr>\r\n<td>Y\u00fcz Y\u00fcze Teyitler<\/td>\r\n<td>API 6D, ASME B16.10, EN 558-1<\/td>\r\n<\/tr>\r\n<tr>\r\n<td>Normal Bas\u0131n\u00e7<\/td>\r\n<td>S\u0131n\u0131f 150 ~ S\u0131n\u0131f 2500, PN10 ~ PN400<\/td>\r\n<\/tr>\r\n<tr>\r\n<td>Kabuk Test Bas\u0131nc\u0131<\/td>\r\n<td>1,5 * Tasar\u0131m Bas\u0131nc\u0131<\/td>\r\n<\/tr>\r\n<tr>\r\n<td>Conta Test Bas\u0131nc\u0131<\/td>\r\n<td>1.1 * Tasar\u0131m Bas\u0131nc\u0131 (Su)<\/td>\r\n<\/tr>\r\n<tr>\r\n<td>Conta Test Bas\u0131nc\u0131 (D\u00fc\u015f\u00fck Bas\u0131n\u00e7)<\/td>\r\n<td>6 Bar (Hava)<\/td>\r\n<\/tr>\r\n<\/tbody>\r\n<\/table>\r\n<\/figure>\r\n\r\n\r\n\r\n<h2 class=\"wp-block-heading\" id=\"h-features-of-12-inch-ball-valve\">12 \u0130n\u00e7 K\u00fcresel Vanan\u0131n \u00d6zellikleri:<\/h2>\r\n\r\n\r\n\r\n<ul class=\"wp-block-list\">\r\n<li>ZECO 12 in\u00e7 k\u00fcresel vana, metalden metale oturma tasar\u0131m\u0131na sahiptir. K\u00fcresel vana y\u00fcksek a\u015f\u0131nd\u0131r\u0131c\u0131 veya y\u00fcksek s\u0131cakl\u0131ktaki servislerde uyguland\u0131\u011f\u0131nda metalden metale yuva se\u00e7ilmelidir;<\/li>\r\n<li>ZECO, vanan\u0131n ak\u0131\u015f katsay\u0131s\u0131na dikkat eder \u00e7\u00fcnk\u00fc bu, vanan\u0131n ak\u0131m kapasitesini \u00f6l\u00e7en endekstir, ak\u0131\u015f katsay\u0131s\u0131 daha b\u00fcy\u00fck, vanadan ge\u00e7en ortam ak\u0131\u015flar\u0131n\u0131 g\u00f6steren bas\u0131n\u00e7 kayb\u0131 daha k\u00fc\u00e7\u00fckt\u00fcr. ZECO, kullan\u0131c\u0131lar\u0131n ZECO \u00fcr\u00fcnlerini kullan\u0131rken vana ak\u0131\u015f\u0131 nedeniyle ekstra maliyete maruz kalmamalar\u0131n\u0131 sa\u011flamak i\u00e7in her seri ve her \u00e7aptaki yeni geli\u015ftirilen \u00fcr\u00fcnler ve eski \u00fcr\u00fcnlerin ak\u0131\u015f katsay\u0131s\u0131n\u0131 d\u00fczenli olarak test edecek;<\/li>\r\n<li>ZECO, \u00fcr\u00fcn malzemelerinin ara\u015ft\u0131r\u0131lmas\u0131na \u00f6nem verir ve sipari\u015fi onaylamadan \u00f6nce m\u00fc\u015fterilerin ihtiya\u00e7 duydu\u011fu bilgileri do\u011frular. K\u00fcresel vanan\u0131n bas\u0131n\u00e7 ve s\u0131cakl\u0131k tolerans\u0131 derecesi yaln\u0131zca kabuk malzemesiyle de\u011fil ayn\u0131 zamanda yuva, salmastra, conta ve di\u011fer contalarla da ilgilidir; contalar polimer malzemeleri, grafit asbesti veya kau\u00e7u\u011fu deneyebilir; Boru hatt\u0131ndaki ortama ba\u011fl\u0131 olarak s\u0131zd\u0131rmazl\u0131k malzemesi;<\/li>\r\n<li>ZECO 12 in\u00e7 k\u00fcresel vana d\u00fc\u015f\u00fck emisyon kontrol\u00fcne sahiptir. Maksimum s\u0131z\u0131nt\u0131 tasar\u0131m ve test oran\u0131 100PPM&#039;de olan d\u00fc\u015f\u00fck emisyonlu ambalaj monte edilmi\u015ftir.<\/li>\r\n<\/ul>\r\n\r\n\r\n\r\n<h2 class=\"wp-block-heading\" id=\"h-material-of-12-inch-ball-valve\">12 \u0130n\u00e7 K\u00fcresel Vana Malzemesi:<\/h2>\r\n\r\n\r\n\r\n<figure class=\"wp-block-table\">\r\n<table>\r\n<tbody>\r\n<tr>\r\n<td>Hay\u0131r<\/td>\r\n<td>Par\u00e7a<\/td>\r\n<td>Malzeme<\/td>\r\n<\/tr>\r\n<tr>\r\n<td>1<\/td>\r\n<td>V\u00fccut<\/td>\r\n<td>ASTM A350 LF2<\/td>\r\n<\/tr>\r\n<tr>\r\n<td>2<\/td>\r\n<td>Bone<\/td>\r\n<td>ASTM A350 LF2<\/td>\r\n<\/tr>\r\n<tr>\r\n<td>3<\/td>\r\n<td>Top<\/td>\r\n<td>ASTM A182 F316<\/td>\r\n<\/tr>\r\n<tr>\r\n<td>4<\/td>\r\n<td>Koltuk<\/td>\r\n<td>ASTM A182 F316<\/td>\r\n<\/tr>\r\n<tr>\r\n<td>5<\/td>\r\n<td>K\u00f6k<\/td>\r\n<td>ASTM A276 316<\/td>\r\n<\/tr>\r\n<tr>\r\n<td>6<\/td>\r\n<td>Anti-statik Cihaz<\/td>\r\n<td>SS316<\/td>\r\n<\/tr>\r\n<tr>\r\n<td>7<\/td>\r\n<td>Conta<\/td>\r\n<td>Grafit + SS316<\/td>\r\n<\/tr>\r\n<tr>\r\n<td>8<\/td>\r\n<td>C\u0131vata<\/td>\r\n<td>ASTM A193 B8<\/td>\r\n<\/tr>\r\n<tr>\r\n<td>9<\/td>\r\n<td>F\u0131nd\u0131k<\/td>\r\n<td>ASTM A194 8<\/td>\r\n<\/tr>\r\n<tr>\r\n<td>10<\/td>\r\n<td>O-ring<\/td>\r\n<td>Viton A<\/td>\r\n<\/tr>\r\n<tr>\r\n<td>11<\/td>\r\n<td>Di\u015fli Akt\u00fcat\u00f6r<\/td>\r\n<td>ASTM A216 WCB<\/td>\r\n<\/tr>\r\n<\/tbody>\r\n<\/table>\r\n<\/figure>","protected":false},"excerpt":{"rendered":"<p>12 in\u00e7 K\u00fcresel Vanalar normalde muylu k\u00fcresel vanalar, yandan giri\u015fli k\u00fcresel vanalar veya \u00fcstten giri\u015fli k\u00fcresel vanalard\u0131r; tasar\u0131m, \u00fcretim ve\u2026 <a title=\"12 in\u00e7 K\u00fcresel Vana\" class=\"read-more\" href=\"https:\/\/zecovalve.com\/tr\/urun\/12-inch-ball-valve\" aria-label=\"12 in\u00e7 K\u00fcresel Vana hakk\u0131nda daha fazlas\u0131\">Daha fazla bilgi edinin<\/a><\/p>","protected":false},"featured_media":27854,"comment_status":"closed","ping_status":"closed","template":"","meta":{"_generate-full-width-content":"","kt_blocks_editor_width":""},"product_cat":[2047,2462,2465],"product_tag":[2802],"class_list":["post-16157","product","type-product","status-publish","has-post-thumbnail","hentry","product_cat-ball-valve","product_cat-ball-valve-by-size","product_cat-forged-steel-ball-valve","product_tag-ball-valve-price","sales-flash-overlay","woocommerce-text-align-center","woocommerce-image-align-center","do-quantity-buttons"],"featured_image_src_large":["https:\/\/zecovalve.com\/wp-content\/uploads\/2022\/06\/12-inch-Ball-Valve-4.jpg",800,600,false],"author_info":[],"comment_info":0,"taxonomy_info":{"product_cat":[{"value":2047,"label":"Ball Valve"},{"value":2462,"label":"Ball Valve By Size"},{"value":2465,"label":"Forged Ball Valve"}],"product_tag":[{"value":2802,"label":"Ball Valve Price"}]},"yoast_head":"<!-- This site is optimized with the Yoast SEO Premium plugin v15.4 - https:\/\/yoast.com\/wordpress\/plugins\/seo\/ -->\n<title>12&quot; Ball Valve - 12 inch Ball Valve | Competitive Ball Valve Price - ZECO<\/title>\n<meta name=\"robots\" content=\"index, follow, max-snippet:-1, max-image-preview:large, max-video-preview:-1\" \/>\n<link rel=\"canonical\" href=\"https:\/\/zecovalve.com\/tr\/urun\/12-inch-ball-valve\" \/>\n<meta property=\"og:locale\" content=\"tr_TR\" \/>\n<meta property=\"og:type\" content=\"article\" \/>\n<meta property=\"og:title\" content=\"12&quot; Ball Valve - 12 inch Ball Valve | Competitive Ball Valve Price - ZECO\" \/>\n<meta property=\"og:description\" content=\"12 inch Ball Valves are normally trunnion ball valves, side entry ball valves, or top entry ball valves; the design, manufacture, and ... Read more\" \/>\n<meta property=\"og:url\" content=\"https:\/\/zecovalve.com\/tr\/urun\/12-inch-ball-valve\" \/>\n<meta property=\"og:site_name\" content=\"ZECO Valve\" \/>\n<meta property=\"article:modified_time\" content=\"2023-06-07T07:03:30+00:00\" \/>\n<meta property=\"og:image\" content=\"https:\/\/zecovalve.com\/wp-content\/uploads\/2022\/06\/12-inch-Ball-Valve-4.jpg\" \/>\n\t<meta property=\"og:image:width\" content=\"800\" \/>\n\t<meta property=\"og:image:height\" content=\"600\" \/>\n<meta name=\"twitter:card\" content=\"summary_large_image\" \/>\n<meta name=\"twitter:label1\" content=\"Yazan:\">\n\t<meta name=\"twitter:data1\" content=\"Jerry\">\n\t<meta name=\"twitter:label2\" content=\"Tahmini okuma s\u00fcresi\">\n\t<meta name=\"twitter:data2\" content=\"2 dakika\">\n<script type=\"application\/ld+json\" class=\"yoast-schema-graph\">{\"@context\":\"https:\/\/schema.org\",\"@graph\":[{\"@type\":\"WebSite\",\"@id\":\"https:\/\/zecovalve.com\/#website\",\"url\":\"https:\/\/zecovalve.com\/\",\"name\":\"ZECO Valve\",\"description\":\"Industrial Ball Valve, Gate Valve and Globe Valve Manufacturer\",\"potentialAction\":[{\"@type\":\"SearchAction\",\"target\":\"https:\/\/zecovalve.com\/?s={search_term_string}\",\"query-input\":\"required name=search_term_string\"}],\"inLanguage\":\"tr\"},{\"@type\":\"ImageObject\",\"@id\":\"https:\/\/zecovalve.com\/product\/12-inch-ball-valve#primaryimage\",\"inLanguage\":\"tr\",\"url\":\"https:\/\/zecovalve.com\/wp-content\/uploads\/2022\/06\/12-inch-Ball-Valve-4.jpg\",\"width\":800,\"height\":600,\"caption\":\"12 inch Ball Valve\"},{\"@type\":\"WebPage\",\"@id\":\"https:\/\/zecovalve.com\/product\/12-inch-ball-valve#webpage\",\"url\":\"https:\/\/zecovalve.com\/product\/12-inch-ball-valve\",\"name\":\"12\\\" Ball Valve - 12 inch Ball Valve | Competitive Ball Valve Price - ZECO\",\"isPartOf\":{\"@id\":\"https:\/\/zecovalve.com\/#website\"},\"primaryImageOfPage\":{\"@id\":\"https:\/\/zecovalve.com\/product\/12-inch-ball-valve#primaryimage\"},\"datePublished\":\"2022-06-19T14:31:25+00:00\",\"dateModified\":\"2023-06-07T07:03:30+00:00\",\"breadcrumb\":{\"@id\":\"https:\/\/zecovalve.com\/product\/12-inch-ball-valve#breadcrumb\"},\"inLanguage\":\"tr\",\"potentialAction\":[{\"@type\":\"ReadAction\",\"target\":[\"https:\/\/zecovalve.com\/product\/12-inch-ball-valve\"]}]},{\"@type\":\"BreadcrumbList\",\"@id\":\"https:\/\/zecovalve.com\/product\/12-inch-ball-valve#breadcrumb\",\"itemListElement\":[{\"@type\":\"ListItem\",\"position\":1,\"item\":{\"@type\":\"WebPage\",\"@id\":\"https:\/\/zecovalve.com\/\",\"url\":\"https:\/\/zecovalve.com\/\",\"name\":\"Home\"}},{\"@type\":\"ListItem\",\"position\":2,\"item\":{\"@type\":\"WebPage\",\"@id\":\"https:\/\/zecovalve.com\/product-category\",\"url\":\"https:\/\/zecovalve.com\/product-category\",\"name\":\"Industrial Valve Manufacturer | Water Valve Manufacturer\"}},{\"@type\":\"ListItem\",\"position\":3,\"item\":{\"@type\":\"WebPage\",\"@id\":\"https:\/\/zecovalve.com\/product\/12-inch-ball-valve\",\"url\":\"https:\/\/zecovalve.com\/product\/12-inch-ball-valve\",\"name\":\"12 inch Ball Valve\"}}]}]}<\/script>\n<!-- \/ Yoast SEO Premium plugin. -->","_links":{"self":[{"href":"https:\/\/zecovalve.com\/tr\/wp-json\/wp\/v2\/product\/16157","targetHints":{"allow":["GET"]}}],"collection":[{"href":"https:\/\/zecovalve.com\/tr\/wp-json\/wp\/v2\/product"}],"about":[{"href":"https:\/\/zecovalve.com\/tr\/wp-json\/wp\/v2\/types\/product"}],"replies":[{"embeddable":true,"href":"https:\/\/zecovalve.com\/tr\/wp-json\/wp\/v2\/comments?post=16157"}],"wp:featuredmedia":[{"embeddable":true,"href":"https:\/\/zecovalve.com\/tr\/wp-json\/wp\/v2\/media\/27854"}],"wp:attachment":[{"href":"https:\/\/zecovalve.com\/tr\/wp-json\/wp\/v2\/media?parent=16157"}],"wp:term":[{"taxonomy":"product_cat","embeddable":true,"href":"https:\/\/zecovalve.com\/tr\/wp-json\/wp\/v2\/product_cat?post=16157"},{"taxonomy":"product_tag","embeddable":true,"href":"https:\/\/zecovalve.com\/tr\/wp-json\/wp\/v2\/product_tag?post=16157"}],"curies":[{"name":"wp","href":"https:\/\/api.w.org\/{rel}","templated":true}]}}