{"id":16159,"date":"2022-06-19T14:34:00","date_gmt":"2022-06-19T14:34:00","guid":{"rendered":"https:\/\/zecovalve.com\/?post_type=product&#038;p=16159"},"modified":"2023-06-15T12:39:53","modified_gmt":"2023-06-15T12:39:53","slug":"sw-gate-valve","status":"publish","type":"product","link":"https:\/\/zecovalve.com\/tr\/urun\/sw-gate-valve","title":{"rendered":"D\u00f6vme \u00c7elik S\u00fcrg\u00fcl\u00fc Vana"},"content":{"rendered":"<p>API 602 D\u00f6vme S\u00fcrg\u00fcl\u00fc vanalar i\u00e7in ZECO \u00fcretim yetenekleri aras\u0131nda 1\/2\u201d-2\u201d, ANSI Bas\u0131n\u00e7 s\u0131n\u0131f\u0131 150#-2500# bulunur. \u0130n\u015faat malzemeleri aras\u0131nda Karbon \u00c7elik, Paslanmaz \u00c7elik, Ala\u015f\u0131m 20 ve di\u011fer egzotik malzemeler bulunur.<\/p>\r\n\r\n\r\n\r\n<figure class=\"wp-block-image alignnone size-medium wp-image-16160\">\r\n<p><img loading=\"lazy\" decoding=\"async\" class=\"wp-image-27879 size-medium\" src=\"https:\/\/zecovalve.com\/wp-content\/uploads\/2022\/06\/Forged-Steel-Gate-Valve-300x225.jpg\" alt=\"D\u00f6vme \u00c7elik S\u00fcrg\u00fcl\u00fc Vana\" width=\"300\" height=\"225\" srcset=\"https:\/\/zecovalve.com\/wp-content\/uploads\/2022\/06\/Forged-Steel-Gate-Valve-300x225.jpg 300w, https:\/\/zecovalve.com\/wp-content\/uploads\/2022\/06\/Forged-Steel-Gate-Valve-768x576.jpg 768w, https:\/\/zecovalve.com\/wp-content\/uploads\/2022\/06\/Forged-Steel-Gate-Valve-600x450.jpg 600w, https:\/\/zecovalve.com\/wp-content\/uploads\/2022\/06\/Forged-Steel-Gate-Valve.jpg 800w\" sizes=\"auto, (max-width: 300px) 100vw, 300px\" \/><\/p>\r\n<\/figure>\r\n\r\n\r\n<div class=\"gb-button-wrapper gb-button-wrapper-6d8495a3\">\r\n\r\n\r\n<p><a class=\"gb-button gb-button-3d442e11 gb-button-text\" href=\"mailto:commercial@zecovalve.com\" target=\"_blank\" rel=\"noopener noreferrer\"><strong>D\u00d6VME \u00c7EL\u0130K S\u00dcRG\u00dcL\u00dc VANA F\u0130YAT ALIN<\/strong><\/a><\/p>\r\n<\/div>\r\n\r\n\r\n\r\n\r\n<h2 class=\"wp-block-heading\" id=\"h-what-is-a-forged-steel-gate-valve\">D\u00f6vme \u00c7elik S\u00fcrg\u00fcl\u00fc Vana Nedir?<\/h2>\r\n\r\n\r\n\r\n<p>D\u00f6vme s\u00fcrg\u00fcl\u00fc vana, en kaliteli bile\u015fenlerden ve deneyimli kalite kontrol\u00f6rlerinin s\u0131k\u0131 y\u00f6netimi alt\u0131nda \u00fcretilmektedir. Bunlar, en kaliteli bile\u015fenler kullan\u0131larak ve uluslararas\u0131 end\u00fcstriyel standartlara uygun olarak tasarlanm\u0131\u015ft\u0131r.<\/p>\r\n\r\n\r\n\r\n<p>D\u00f6vme \u00e7elik s\u00fcrg\u00fcl\u00fc vana, API602 i\u00e7in tasarlanm\u0131\u015ft\u0131r ve y\u00fckseltilmi\u015f bir g\u00f6vde d\u0131\u015f vidas\u0131na ve boyunduru\u011funa sahiptir. Her iki ak\u0131\u015f y\u00f6n\u00fc izolasyonu i\u00e7in ayr\u0131lm\u0131\u015ft\u0131r.<\/p>\r\n\r\n\r\n\r\n<h2 class=\"wp-block-heading\">Neden D\u00f6vme \u00c7elik S\u00fcrg\u00fcl\u00fc Vanalar kullan\u0131lmal\u0131?<\/h2>\r\n\r\n\r\n\r\n<p>D\u00f6vme s\u00fcrg\u00fcl\u00fc vanalar, boru hatlar\u0131ndaki s\u0131v\u0131lar\u0131n i\u015flenmesi i\u00e7in m\u00fckemmeldir. Bu d\u00f6vme s\u00fcrg\u00fcl\u00fc vanalar, hem yatay hem de dikey durumlarda uygun bir s\u0131k\u0131 kapatma sa\u011flar.<\/p>\r\n\r\n\r\n\r\n<p>D\u00f6vme s\u00fcrg\u00fcl\u00fc vanalar da az miktarda kontrol sa\u011flar ve buhar, gaz veya s\u0131v\u0131lar\u0131 k\u0131smak i\u00e7in kullan\u0131l\u0131r. \u00c7al\u0131\u015ft\u0131r\u0131lmas\u0131 kolayd\u0131r ve yakalama istasyonlar\u0131n\u0131 izole etmek i\u00e7in m\u00fchendisler taraf\u0131ndan k\u00fcresel vanalara tercih edilir.<\/p>\r\n\r\n\r\n\r\n<h2 class=\"wp-block-heading\" id=\"h-features-of-forged-steel-gate-valve\">D\u00f6vme \u00c7elik S\u00fcrg\u00fcl\u00fc Vanan\u0131n \u00d6zellikleri<\/h2>\r\n\r\n\r\n\r\n<ul class=\"wp-block-list\">\r\n<li><span style=\"background-color: var(--base-3); color: var(--contrast);\">OS&amp;Y, Y\u00fckselen K\u00f6k<\/span><\/li>\r\n<li>Kat\u0131 Kama<\/li>\r\n<li>Grafit Salmastra ve Conta<\/li>\r\n<li>\u0130ki Par\u00e7al\u0131 kendinden hizalamal\u0131 salmastra bilezi\u011fi<\/li>\r\n<li>Spiral sarg\u0131l\u0131 contal\u0131 c\u0131vatal\u0131 kaput<\/li>\r\n<li>Entegre arka koltuk<\/li>\r\n<\/ul>\r\n\r\n\r\n\r\n<h2 class=\"wp-block-heading\">D\u00f6vme \u00c7elik S\u00fcrg\u00fcl\u00fc Vanalar\u0131n Opsiyonel \u00d6zellikleri<\/h2>\r\n\r\n\r\n\r\n<ul class=\"wp-block-list\">\r\n<li>Tam Ba\u011flant\u0131 Noktas\u0131 veya Normal Ba\u011flant\u0131 Noktas\u0131<\/li>\r\n<li>Uzat\u0131lm\u0131\u015f K\u00f6k veya Contan\u0131n Alt\u0131nda<\/li>\r\n<li>Kaynakl\u0131 Kaput veya Bas\u0131n\u00e7 Contal\u0131 Kaput<\/li>\r\n<li>Talep \u00fczerine Kilitleme Cihaz\u0131<\/li>\r\n<li>Talep \u00fczerine NACE MR0175&#039;e g\u00f6re \u00fcretim<\/li>\r\n<li>D\u00fc\u015f\u00fck Ka\u00e7ak Emisyon<\/li>\r\n<\/ul>\r\n\r\n\r\n\r\n<h2 class=\"wp-block-heading\">D\u00f6vme \u00c7elik S\u00fcrg\u00fcl\u00fc Vana Uygulamalar\u0131<\/h2>\r\n\r\n\r\n\r\n<ul class=\"wp-block-list\">\r\n<li>T\u00fcrbin odas\u0131<\/li>\r\n<li>\u0130zolasyon<\/li>\r\n<li>Kondens Hatlar\u0131<\/li>\r\n<li>Pahal\u0131 tesis ekipmanlar\u0131ndan \u00f6nce Ya\u011f yak\u0131c\u0131 hatlar\u0131<\/li>\r\n<li>Kazan Tesisi yak\u0131t hatt\u0131 Geri d\u00f6n\u00fc\u015f\u00fcm tesisleri Kimya end\u00fcstrisi Buhar Tesisi Hastaneler, okullar ve HVAC<\/li>\r\n<\/ul>\r\n\r\n\r\n\r\n<h2 class=\"wp-block-heading\" id=\"h-product-details-of-forged-steel-gate-valve\">D\u00f6vme \u00c7elik S\u00fcrg\u00fcl\u00fc Vanan\u0131n \u00dcr\u00fcn Detaylar\u0131<\/h2>\r\n\r\n\r\n\r\n<figure class=\"wp-block-table is-style-stripes\">\r\n<table>\r\n<tbody>\r\n<tr>\r\n<td><strong>ANSI S\u0131n\u0131f\u0131 \/ Derecelendirmesi<\/strong><\/td>\r\n<td>800#, 1500#, 2500#<\/td>\r\n<\/tr>\r\n<tr>\r\n<td><strong>Tasar\u0131m Standard\u0131<\/strong><\/td>\r\n<td>API602<\/td>\r\n<\/tr>\r\n<tr>\r\n<td><strong>Test Standard\u0131<\/strong><\/td>\r\n<td>API 598<\/td>\r\n<\/tr>\r\n<tr>\r\n<td><strong>Boyut<\/strong><\/td>\r\n<td>1\/2\u2033 -2\u2033<\/td>\r\n<\/tr>\r\n<tr>\r\n<td><strong>Malzemeler<\/strong><\/td>\r\n<td>G\u00f6vde : A105, F11, F22, F51, LF2, F304, F304L, F316, F316L Trim : 13 % Cr, Stellite vb.<\/td>\r\n<\/tr>\r\n<tr>\r\n<td><strong>biter<\/strong><\/td>\r\n<td>ANSI\/ASME B1.20.1&#039;e g\u00f6re Vidal\u0131 U\u00e7lar (NPT) ASME B16.11&#039;e g\u00f6re soket kaynak u\u00e7lar\u0131 ASME B16.25&#039;e g\u00f6re al\u0131n kaynak u\u00e7lar\u0131 U\u00e7 Flan\u015f\u0131: ANSI B16.5<\/td>\r\n<\/tr>\r\n<tr>\r\n<td><strong>Operasyon<\/strong><\/td>\r\n<td>Manuel, Elektrikli<\/td>\r\n<\/tr>\r\n<tr>\r\n<td><strong>Limanlar<\/strong><\/td>\r\n<td>Standart ve Tam Ba\u011flant\u0131 Noktas\u0131<\/td>\r\n<\/tr>\r\n<\/tbody>\r\n<\/table>\r\n<\/figure>","protected":false},"excerpt":{"rendered":"<p>API 602 D\u00f6vme S\u00fcrg\u00fcl\u00fc vanalar i\u00e7in ZECO \u00fcretim yetenekleri aras\u0131nda 1\/2\u201d-2\u201d, ANSI Bas\u0131n\u00e7 s\u0131n\u0131f\u0131 150#-2500# bulunur. \u0130n\u015faat malzemeleri aras\u0131nda Karbon \u00c7elik, Paslanmaz\u2026 <a title=\"D\u00f6vme \u00c7elik S\u00fcrg\u00fcl\u00fc Vana\" class=\"read-more\" href=\"https:\/\/zecovalve.com\/tr\/urun\/sw-gate-valve\" aria-label=\"D\u00f6vme \u00c7elik S\u00fcrg\u00fcl\u00fc Vana hakk\u0131nda daha fazlas\u0131\">Daha fazla bilgi edinin<\/a><\/p>","protected":false},"featured_media":27879,"comment_status":"closed","ping_status":"closed","template":"","meta":{"_generate-full-width-content":"","kt_blocks_editor_width":""},"product_cat":[2464,2052],"product_tag":[2798],"class_list":["post-16159","product","type-product","status-publish","has-post-thumbnail","hentry","product_cat-forged-steel-gate-valve","product_cat-gate-valve","product_tag-osy-valve","sales-flash-overlay","woocommerce-text-align-center","woocommerce-image-align-center","do-quantity-buttons"],"featured_image_src_large":["https:\/\/zecovalve.com\/wp-content\/uploads\/2022\/06\/Forged-Steel-Gate-Valve.jpg",800,600,false],"author_info":[],"comment_info":0,"taxonomy_info":{"product_cat":[{"value":2464,"label":"Forged Steel Gate Valve"},{"value":2052,"label":"Gate Valve"}],"product_tag":[{"value":2798,"label":"OS&amp;Y Valve"}]},"yoast_head":"<!-- This site is optimized with the Yoast SEO Premium plugin v15.4 - https:\/\/yoast.com\/wordpress\/plugins\/seo\/ -->\n<title>Forged Steel Gate Valve - OS&amp;Y Gate Valve Manufacturer | ZECO Valve<\/title>\n<meta name=\"robots\" content=\"index, follow, max-snippet:-1, max-image-preview:large, max-video-preview:-1\" \/>\n<link rel=\"canonical\" href=\"https:\/\/zecovalve.com\/tr\/urun\/sw-gate-valve\" \/>\n<meta property=\"og:locale\" content=\"tr_TR\" \/>\n<meta property=\"og:type\" content=\"article\" \/>\n<meta property=\"og:title\" content=\"Forged Steel Gate Valve - OS&amp;Y Gate Valve Manufacturer | ZECO Valve\" \/>\n<meta property=\"og:description\" content=\"ZECO manufacturing capabilities for API 602 Forged Gate valves include 1\/2\u201d-2\u201d, ANSI Pressure class 150#-2500#. Materials of construction include Carbon Steel, Stainless ... Read more\" \/>\n<meta property=\"og:url\" content=\"https:\/\/zecovalve.com\/tr\/urun\/sw-gate-valve\" \/>\n<meta property=\"og:site_name\" content=\"ZECO Valve\" \/>\n<meta property=\"article:modified_time\" content=\"2023-06-15T12:39:53+00:00\" \/>\n<meta property=\"og:image\" content=\"https:\/\/zecovalve.com\/wp-content\/uploads\/2022\/06\/Forged-Steel-Gate-Valve.jpg\" \/>\n\t<meta property=\"og:image:width\" content=\"800\" \/>\n\t<meta property=\"og:image:height\" content=\"600\" \/>\n<meta name=\"twitter:card\" content=\"summary_large_image\" \/>\n<meta name=\"twitter:label1\" content=\"Yazan:\">\n\t<meta name=\"twitter:data1\" content=\"Jerry\">\n\t<meta name=\"twitter:label2\" content=\"Tahmini okuma s\u00fcresi\">\n\t<meta name=\"twitter:data2\" content=\"1 dakika\">\n<script type=\"application\/ld+json\" class=\"yoast-schema-graph\">{\"@context\":\"https:\/\/schema.org\",\"@graph\":[{\"@type\":\"WebSite\",\"@id\":\"https:\/\/zecovalve.com\/#website\",\"url\":\"https:\/\/zecovalve.com\/\",\"name\":\"ZECO Valve\",\"description\":\"Industrial Ball Valve, Gate Valve and Globe Valve Manufacturer\",\"potentialAction\":[{\"@type\":\"SearchAction\",\"target\":\"https:\/\/zecovalve.com\/?s={search_term_string}\",\"query-input\":\"required name=search_term_string\"}],\"inLanguage\":\"tr\"},{\"@type\":\"ImageObject\",\"@id\":\"https:\/\/zecovalve.com\/product\/sw-gate-valve#primaryimage\",\"inLanguage\":\"tr\",\"url\":\"https:\/\/zecovalve.com\/wp-content\/uploads\/2022\/06\/Forged-Steel-Gate-Valve.jpg\",\"width\":800,\"height\":600,\"caption\":\"Forged Steel Gate Valve\"},{\"@type\":\"WebPage\",\"@id\":\"https:\/\/zecovalve.com\/product\/sw-gate-valve#webpage\",\"url\":\"https:\/\/zecovalve.com\/product\/sw-gate-valve\",\"name\":\"Forged Steel Gate Valve - OS&Y Gate Valve Manufacturer | ZECO Valve\",\"isPartOf\":{\"@id\":\"https:\/\/zecovalve.com\/#website\"},\"primaryImageOfPage\":{\"@id\":\"https:\/\/zecovalve.com\/product\/sw-gate-valve#primaryimage\"},\"datePublished\":\"2022-06-19T14:34:00+00:00\",\"dateModified\":\"2023-06-15T12:39:53+00:00\",\"breadcrumb\":{\"@id\":\"https:\/\/zecovalve.com\/product\/sw-gate-valve#breadcrumb\"},\"inLanguage\":\"tr\",\"potentialAction\":[{\"@type\":\"ReadAction\",\"target\":[\"https:\/\/zecovalve.com\/product\/sw-gate-valve\"]}]},{\"@type\":\"BreadcrumbList\",\"@id\":\"https:\/\/zecovalve.com\/product\/sw-gate-valve#breadcrumb\",\"itemListElement\":[{\"@type\":\"ListItem\",\"position\":1,\"item\":{\"@type\":\"WebPage\",\"@id\":\"https:\/\/zecovalve.com\/\",\"url\":\"https:\/\/zecovalve.com\/\",\"name\":\"Home\"}},{\"@type\":\"ListItem\",\"position\":2,\"item\":{\"@type\":\"WebPage\",\"@id\":\"https:\/\/zecovalve.com\/product-category\",\"url\":\"https:\/\/zecovalve.com\/product-category\",\"name\":\"Industrial Valve Manufacturer | Water Valve Manufacturer\"}},{\"@type\":\"ListItem\",\"position\":3,\"item\":{\"@type\":\"WebPage\",\"@id\":\"https:\/\/zecovalve.com\/product\/sw-gate-valve\",\"url\":\"https:\/\/zecovalve.com\/product\/sw-gate-valve\",\"name\":\"Forged Steel Gate Valve\"}}]}]}<\/script>\n<!-- \/ Yoast SEO Premium plugin. -->","_links":{"self":[{"href":"https:\/\/zecovalve.com\/tr\/wp-json\/wp\/v2\/product\/16159","targetHints":{"allow":["GET"]}}],"collection":[{"href":"https:\/\/zecovalve.com\/tr\/wp-json\/wp\/v2\/product"}],"about":[{"href":"https:\/\/zecovalve.com\/tr\/wp-json\/wp\/v2\/types\/product"}],"replies":[{"embeddable":true,"href":"https:\/\/zecovalve.com\/tr\/wp-json\/wp\/v2\/comments?post=16159"}],"wp:featuredmedia":[{"embeddable":true,"href":"https:\/\/zecovalve.com\/tr\/wp-json\/wp\/v2\/media\/27879"}],"wp:attachment":[{"href":"https:\/\/zecovalve.com\/tr\/wp-json\/wp\/v2\/media?parent=16159"}],"wp:term":[{"taxonomy":"product_cat","embeddable":true,"href":"https:\/\/zecovalve.com\/tr\/wp-json\/wp\/v2\/product_cat?post=16159"},{"taxonomy":"product_tag","embeddable":true,"href":"https:\/\/zecovalve.com\/tr\/wp-json\/wp\/v2\/product_tag?post=16159"}],"curies":[{"name":"wp","href":"https:\/\/api.w.org\/{rel}","templated":true}]}}