{"id":16161,"date":"2022-06-19T14:36:10","date_gmt":"2022-06-19T14:36:10","guid":{"rendered":"https:\/\/zecovalve.com\/?post_type=product&#038;p=16161"},"modified":"2023-06-07T07:16:30","modified_gmt":"2023-06-07T07:16:30","slug":"two-piece-ball-valve","status":"publish","type":"product","link":"https:\/\/zecovalve.com\/tr\/urun\/two-piece-ball-valve","title":{"rendered":"\u0130ki Par\u00e7al\u0131 K\u00fcresel Vana"},"content":{"rendered":"<p>\u0130ki Par\u00e7al\u0131 K\u00fcresel Vana flan\u015fl\u0131 tam ge\u00e7i\u015fli k\u00fcresel vanalar yang\u0131na dayan\u0131kl\u0131d\u0131r ve TA Luft sertifikal\u0131d\u0131r. Standart ISO do\u011frudan montaj \u00f6zelli\u011fi, manuel konfig\u00fcrasyonda ilk \u00e7al\u0131\u015ft\u0131rmadan sonra bile herhangi bir akt\u00fcat\u00f6r\u00fcn kolay kurulumuna olanak tan\u0131r.<\/p>\r\n\r\n\r\n\r\n<figure class=\"wp-block-image alignnone size-medium wp-image-16162\"><img loading=\"lazy\" decoding=\"async\" width=\"300\" height=\"225\" class=\"wp-image-16162\" src=\"https:\/\/zecovalve.com\/wp-content\/uploads\/2022\/06\/two-piece-ball-valve-300x225.jpg\" alt=\"\u0130ki Par\u00e7al\u0131 K\u00fcresel Vana\" srcset=\"https:\/\/zecovalve.com\/wp-content\/uploads\/2022\/06\/two-piece-ball-valve-300x225.jpg 300w, https:\/\/zecovalve.com\/wp-content\/uploads\/2022\/06\/two-piece-ball-valve-768x576.jpg 768w, https:\/\/zecovalve.com\/wp-content\/uploads\/2022\/06\/two-piece-ball-valve-600x450.jpg 600w, https:\/\/zecovalve.com\/wp-content\/uploads\/2022\/06\/two-piece-ball-valve.jpg 800w\" sizes=\"auto, (max-width: 300px) 100vw, 300px\" \/><\/figure>\r\n\r\n\r\n<div class=\"gb-button-wrapper gb-button-wrapper-6d8495a3\">\r\n\r\n\r\n<p><a class=\"gb-button gb-button-3d442e11 gb-button-text\" href=\"https:\/\/zecovalve.com\/tr\/contact\/\" target=\"_blank\" rel=\"noopener noreferrer\"><strong>\u0130K\u0130 PAR\u00c7ALI K\u00dcRESEL VANA F\u0130YAT ALIN<\/strong><\/a><\/p>\r\n<\/div>\r\n\r\n\r\n\r\n\r\n<h2 class=\"wp-block-heading\" id=\"h-what-is-a-two-piece-ball-valve\">\u0130ki Par\u00e7al\u0131 K\u00fcresel Vana Nedir?<\/h2>\r\n\r\n\r\n\r\n<p>ZECO iki par\u00e7al\u0131 k\u00fcresel vana, iki par\u00e7al\u0131 muylu monteli k\u00fcresel vana ve iki par\u00e7al\u0131 y\u00fczer k\u00fcresel vanaya b\u00f6l\u00fcnm\u00fc\u015ft\u00fcr. \u0130ki par\u00e7al\u0131 y\u00fczer k\u00fcresel vana, bilyenin ortam\u0131n bas\u0131nc\u0131 alt\u0131nda y\u00fczer olmas\u0131, bilyan\u0131n belirli bir yer de\u011fi\u015ftirme \u00fcretmesi ve \u00e7\u0131k\u0131\u015f ucunun s\u0131zd\u0131rmazl\u0131k y\u00fczeyinin s\u0131zd\u0131rmazl\u0131\u011f\u0131 sa\u011flamak i\u00e7in s\u0131k\u0131 temas halinde tutulabilmesi nedeniyle \u00e7a\u011fr\u0131l\u0131r; \u0130ki par\u00e7al\u0131 muyluya monteli k\u00fcresel vana, uzun mesafeli boru hatt\u0131 ve genel end\u00fcstriyel boru hatt\u0131, muyluya monteli k\u00fcresel vana i\u00e7in uygundur \u00e7\u00fcnk\u00fc bilya, ortam\u0131n bas\u0131nc\u0131 nedeniyle topa hareket etmeyecek, ancak ortam\u0131n bas\u0131nc\u0131n\u0131 aktaracakt\u0131r. Rulman, bu nedenle muylu monteli k\u00fcresel vanan\u0131n torku, y\u00fczen k\u00fcresel vanadan \u00e7ok daha k\u00fc\u00e7\u00fck olacak ve \u00f6mr\u00fc daha uzun olacakt\u0131r.<\/p>\r\n\r\n\r\n\r\n<h2 class=\"wp-block-heading\">\u0130ki Par\u00e7al\u0131 K\u00fcresel Vana Par\u00e7alar\u0131<\/h2>\r\n\r\n\r\n\r\n<ul class=\"wp-block-list\">\r\n<li>Top\r\n<ul>\r\n<li>Olduk\u00e7a cilalanm\u0131\u015f kat\u0131 top, g\u00f6vde bo\u015flu\u011funda bas\u0131n\u00e7 birikmesini \u00f6nlemek i\u00e7in g\u00f6vde yuvas\u0131nda bir bas\u0131n\u00e7 tahliye deli\u011fine sahiptir. Bu, s\u0131k\u0131 bir kapatma ve uzun servis \u00f6mr\u00fc sa\u011flar.<\/li>\r\n<\/ul>\r\n<\/li>\r\n<li>K\u00f6k\r\n<ul>\r\n<li>Valf g\u00f6vdesi tertibat\u0131, patlamaya dayan\u0131kl\u0131 bir yap\u0131ya ve kare \u00fcst ba\u011flant\u0131ya sahiptir. PTFE bask\u0131 rondelas\u0131 contas\u0131, d\u00fc\u015f\u00fck \u00e7al\u0131\u015fma torkunun elde edilmesine yard\u0131mc\u0131 olur.<\/li>\r\n<\/ul>\r\n<\/li>\r\n<li>Koltuklar\r\n<ul>\r\n<li>Esnek koltuk tasar\u0131m\u0131, y\u00fcksek ve d\u00fc\u015f\u00fck bas\u0131n\u00e7larda s\u0131k\u0131 kapatma sa\u011flar. \u00d6zel koltuk yap\u0131s\u0131 a\u015f\u0131nmay\u0131 minimuma indirir ve t\u00fcm \u00e7al\u0131\u015fma ko\u015fullar\u0131nda d\u00fc\u015f\u00fck tork de\u011ferleri sa\u011flar. Standart koltuk malzemesi y\u00fcksek dereceli PTFE TFM1600&#039;d\u00fcr. PTFE&#039;nin kan\u0131tlanm\u0131\u015f mekanik ve kimyasal \u00f6zelliklerinin yan\u0131 s\u0131ra, kimyasal olarak g\u00fc\u00e7lendirilmi\u015f bu versiyon, bas\u0131n\u00e7 ve s\u0131cakl\u0131k a\u00e7\u0131s\u0131ndan daha geni\u015f bir uygulama yelpazesine uygunluk sunmaktad\u0131r.<\/li>\r\n<\/ul>\r\n<\/li>\r\n<\/ul>\r\n\r\n\r\n\r\n<h2 class=\"wp-block-heading\">2PC K\u00fcresel Vanalar\u0131n A\u00e7\u0131klamas\u0131<\/h2>\r\n\r\n\r\n\r\n<ul class=\"wp-block-list\">\r\n<li>2 adet tam ge\u00e7i\u015fli k\u00fcresel vana<\/li>\r\n<li>Karbon \u00e7eli\u011fi ve paslanmaz \u00e7elik<\/li>\r\n<li>Flan\u015f ba\u011flant\u0131lar\u0131 ASME B16.5<\/li>\r\n<li>ASME CLASS 150&#039;den ASME CLASS 2500&#039;e kadar Bas\u0131n\u00e7 De\u011feri<\/li>\r\n<li>Boyut 1\/2\u2033 \u2013 16\u2033<\/li>\r\n<li>ASME B16.34, API 608, API 6D Tasar\u0131m\u0131<\/li>\r\n<li>Y\u00fcz Y\u00fcze uzunluk ASME B16.10 uzun model<\/li>\r\n<li>ISO 5211 do\u011frudan montaj<\/li>\r\n<li>API 607 6. Bask\u0131 Yang\u0131n g\u00fcvenli\u011fi sertifikal\u0131<\/li>\r\n<li>Anti-statik cihaz<\/li>\r\n<\/ul>\r\n\r\n\r\n\r\n<h2 class=\"wp-block-heading\" id=\"h-features-of-2pc-ball-valves\">2PC K\u00fcresel Vanalar\u0131n \u00d6zellikleri<\/h2>\r\n\r\n\r\n\r\n<ul class=\"wp-block-list\">\r\n<li>ZECO iki par\u00e7al\u0131 k\u00fcresel vanan\u0131n valf yuvas\u0131, \u00f6n tasar\u0131m yap\u0131s\u0131yla benimsenmi\u015ftir; bu yap\u0131, her iki tarafta s\u0131zd\u0131rmazl\u0131k kapasitesine ve kendi kendini bo\u015faltma i\u015flevine sahiptir. Kompozit malzemeli koltuk y\u00fczer, yay y\u00fckl\u00fcd\u00fcr. Kapal\u0131 konumdayken, y\u00fcksek bas\u0131n\u00e7 ve al\u00e7ak bas\u0131n\u00e7 aras\u0131nda s\u0131z\u0131nt\u0131 olmad\u0131\u011f\u0131ndan emin olmak i\u00e7in s\u0131zd\u0131rmazl\u0131k y\u00fczeyi bilyeyle yak\u0131n temas\u0131 korur;<\/li>\r\n<li>Acil s\u0131zd\u0131rmazl\u0131k sistemi-yard\u0131mc\u0131 yuvas\u0131 ile ZECO iki par\u00e7al\u0131 k\u00fcresel vana tasar\u0131m\u0131. S\u0131zd\u0131rmazl\u0131k hasar g\u00f6rd\u00fc\u011f\u00fcnde veya s\u0131zd\u0131rmazl\u0131k y\u00fczeyi kapasitesi hasar g\u00f6rd\u00fc\u011f\u00fcnde, yard\u0131mc\u0131 sisteme s\u0131zd\u0131rmazl\u0131k maddesi enjeksiyonu onu acilen kapatabilecektir. Acil s\u0131zd\u0131rmazl\u0131k cihaz\u0131 ayn\u0131 zamanda temizleme veya ya\u011flama amac\u0131yla da kullan\u0131labilecektir. Stem ayr\u0131ca acil s\u0131zd\u0131rmazl\u0131k sistemi ile tasarlanm\u0131\u015ft\u0131r;<\/li>\r\n<li>ZECO iki par\u00e7al\u0131 k\u00fcresel vana, anlat\u0131m \u015fartlar\u0131na uygun olarak yang\u0131na dayan\u0131kl\u0131 yap\u0131da tasarlanm\u0131\u015ft\u0131r. Bu tasar\u0131m API 607&#039;ye uygundur, yang\u0131n meydana geldi\u011finde yang\u0131na dayan\u0131kl\u0131 yap\u0131 k\u00fctlesel s\u0131z\u0131nt\u0131y\u0131 \u00f6nleyebilecektir;<\/li>\r\n<li>Valf kapal\u0131 konumdayken yuva s\u0131v\u0131y\u0131 bloke eder, g\u00f6vde bo\u015flu\u011funda biriken tortular tahliye cihaz\u0131 taraf\u0131ndan tahliye edilebilecektir.<\/li>\r\n<\/ul>\r\n\r\n\r\n\r\n<h2 class=\"wp-block-heading\" id=\"h-material-of-two-piece-ball-valve\">\u0130ki Par\u00e7al\u0131 K\u00fcresel Vana Malzemesi:<\/h2>\r\n\r\n\r\n\r\n<figure class=\"wp-block-table\">\r\n<table>\r\n<tbody>\r\n<tr>\r\n<td>Hay\u0131r<\/td>\r\n<td>Par\u00e7a<\/td>\r\n<td>Malzeme<\/td>\r\n<\/tr>\r\n<tr>\r\n<td>1<\/td>\r\n<td>V\u00fccut<\/td>\r\n<td>ASTM A182 F304<\/td>\r\n<\/tr>\r\n<tr>\r\n<td>2<\/td>\r\n<td>Bone<\/td>\r\n<td>ASTM A182 F304<\/td>\r\n<\/tr>\r\n<tr>\r\n<td>3<\/td>\r\n<td>Kaput C\u0131vatas\u0131<\/td>\r\n<td>ASTM A193 B8<\/td>\r\n<\/tr>\r\n<tr>\r\n<td>4<\/td>\r\n<td>Kaput Somunu<\/td>\r\n<td>ASTM A194 8<\/td>\r\n<\/tr>\r\n<tr>\r\n<td>5<\/td>\r\n<td>Kaput Contas\u0131<\/td>\r\n<td>Grafit +SS304<\/td>\r\n<\/tr>\r\n<tr>\r\n<td>6<\/td>\r\n<td>Koltuk Halkas\u0131<\/td>\r\n<td>V\u0130TON<\/td>\r\n<\/tr>\r\n<tr>\r\n<td>7<\/td>\r\n<td>Top<\/td>\r\n<td>ASTM A182 F304<\/td>\r\n<\/tr>\r\n<tr>\r\n<td>8<\/td>\r\n<td>K\u00f6k<\/td>\r\n<td>ASTM A276 304<\/td>\r\n<\/tr>\r\n<tr>\r\n<td>9<\/td>\r\n<td>K\u00f6k Ambalaj<\/td>\r\n<td>Grafit<\/td>\r\n<\/tr>\r\n<tr>\r\n<td>10<\/td>\r\n<td>Bez<\/td>\r\n<td>ASTM A351 CF8<\/td>\r\n<\/tr>\r\n<tr>\r\n<td>11<\/td>\r\n<td>Durdurma Tasmas\u0131<\/td>\r\n<td>ANSI 1025<\/td>\r\n<\/tr>\r\n<\/tbody>\r\n<\/table>\r\n<\/figure>","protected":false},"excerpt":{"rendered":"<p>\u0130ki Par\u00e7al\u0131 K\u00fcresel Vana flan\u015fl\u0131 tam ge\u00e7i\u015fli k\u00fcresel vanalar yang\u0131na dayan\u0131kl\u0131d\u0131r ve TA Luft sertifikal\u0131d\u0131r. Standart ISO do\u011frudan montaj \u00f6zelli\u011fi\u2026 <a title=\"\u0130ki Par\u00e7al\u0131 K\u00fcresel Vana\" class=\"read-more\" href=\"https:\/\/zecovalve.com\/tr\/urun\/two-piece-ball-valve\" aria-label=\"\u0130ki Par\u00e7al\u0131 K\u00fcresel Vana hakk\u0131nda daha fazlas\u0131\">Daha fazla bilgi edinin<\/a><\/p>","protected":false},"featured_media":27866,"comment_status":"closed","ping_status":"closed","template":"","meta":{"_generate-full-width-content":"","kt_blocks_editor_width":""},"product_cat":[2047,2465],"product_tag":[2655,2804,2656],"class_list":["post-16161","product","type-product","status-publish","has-post-thumbnail","hentry","product_cat-ball-valve","product_cat-forged-steel-ball-valve","product_tag-1-2-ball-valve","product_tag-2-inch-ball-valve","product_tag-3-4-ball-valve","sales-flash-overlay","woocommerce-text-align-center","woocommerce-image-align-center","do-quantity-buttons"],"featured_image_src_large":["https:\/\/zecovalve.com\/wp-content\/uploads\/2022\/06\/Two-Piece-Ball-Valve-1.jpg",800,600,false],"author_info":[],"comment_info":0,"taxonomy_info":{"product_cat":[{"value":2047,"label":"Ball Valve"},{"value":2465,"label":"Forged Ball Valve"}],"product_tag":[{"value":2655,"label":"1 2 ball valve"},{"value":2804,"label":"2 inch Ball Valve"},{"value":2656,"label":"3 4 ball valve"}]},"yoast_head":"<!-- This site is optimized with the Yoast SEO Premium plugin v15.4 - https:\/\/yoast.com\/wordpress\/plugins\/seo\/ -->\n<title>Two Piece Ball Valve - 2PC Ball Valve Manufacturer | ZECO Valve<\/title>\n<meta name=\"robots\" content=\"index, follow, max-snippet:-1, max-image-preview:large, max-video-preview:-1\" \/>\n<link rel=\"canonical\" href=\"https:\/\/zecovalve.com\/tr\/urun\/two-piece-ball-valve\" \/>\n<meta property=\"og:locale\" content=\"tr_TR\" \/>\n<meta property=\"og:type\" content=\"article\" \/>\n<meta property=\"og:title\" content=\"Two Piece Ball Valve - 2PC Ball Valve Manufacturer | ZECO Valve\" \/>\n<meta property=\"og:description\" content=\"Two Piece Ball Valve flanged full bore ball valves are fire safe and TA Luft certified. The standard ISO direct mount feature ... Read more\" \/>\n<meta property=\"og:url\" content=\"https:\/\/zecovalve.com\/tr\/urun\/two-piece-ball-valve\" \/>\n<meta property=\"og:site_name\" content=\"ZECO Valve\" \/>\n<meta property=\"article:modified_time\" content=\"2023-06-07T07:16:30+00:00\" \/>\n<meta property=\"og:image\" content=\"https:\/\/zecovalve.com\/wp-content\/uploads\/2022\/06\/Two-Piece-Ball-Valve-1.jpg\" \/>\n\t<meta property=\"og:image:width\" content=\"800\" \/>\n\t<meta property=\"og:image:height\" content=\"600\" \/>\n<meta name=\"twitter:card\" content=\"summary_large_image\" \/>\n<meta name=\"twitter:label1\" content=\"Yazan:\">\n\t<meta name=\"twitter:data1\" content=\"Jerry\">\n\t<meta name=\"twitter:label2\" content=\"Tahmini okuma s\u00fcresi\">\n\t<meta name=\"twitter:data2\" content=\"2 dakika\">\n<script type=\"application\/ld+json\" class=\"yoast-schema-graph\">{\"@context\":\"https:\/\/schema.org\",\"@graph\":[{\"@type\":\"WebSite\",\"@id\":\"https:\/\/zecovalve.com\/#website\",\"url\":\"https:\/\/zecovalve.com\/\",\"name\":\"ZECO Valve\",\"description\":\"Industrial Ball Valve, Gate Valve and Globe Valve Manufacturer\",\"potentialAction\":[{\"@type\":\"SearchAction\",\"target\":\"https:\/\/zecovalve.com\/?s={search_term_string}\",\"query-input\":\"required name=search_term_string\"}],\"inLanguage\":\"tr\"},{\"@type\":\"ImageObject\",\"@id\":\"https:\/\/zecovalve.com\/product\/two-piece-ball-valve#primaryimage\",\"inLanguage\":\"tr\",\"url\":\"https:\/\/zecovalve.com\/wp-content\/uploads\/2022\/06\/Two-Piece-Ball-Valve-1.jpg\",\"width\":800,\"height\":600,\"caption\":\"Two Piece Ball Valve\"},{\"@type\":\"WebPage\",\"@id\":\"https:\/\/zecovalve.com\/product\/two-piece-ball-valve#webpage\",\"url\":\"https:\/\/zecovalve.com\/product\/two-piece-ball-valve\",\"name\":\"Two Piece Ball Valve - 2PC Ball Valve Manufacturer | ZECO Valve\",\"isPartOf\":{\"@id\":\"https:\/\/zecovalve.com\/#website\"},\"primaryImageOfPage\":{\"@id\":\"https:\/\/zecovalve.com\/product\/two-piece-ball-valve#primaryimage\"},\"datePublished\":\"2022-06-19T14:36:10+00:00\",\"dateModified\":\"2023-06-07T07:16:30+00:00\",\"breadcrumb\":{\"@id\":\"https:\/\/zecovalve.com\/product\/two-piece-ball-valve#breadcrumb\"},\"inLanguage\":\"tr\",\"potentialAction\":[{\"@type\":\"ReadAction\",\"target\":[\"https:\/\/zecovalve.com\/product\/two-piece-ball-valve\"]}]},{\"@type\":\"BreadcrumbList\",\"@id\":\"https:\/\/zecovalve.com\/product\/two-piece-ball-valve#breadcrumb\",\"itemListElement\":[{\"@type\":\"ListItem\",\"position\":1,\"item\":{\"@type\":\"WebPage\",\"@id\":\"https:\/\/zecovalve.com\/\",\"url\":\"https:\/\/zecovalve.com\/\",\"name\":\"Home\"}},{\"@type\":\"ListItem\",\"position\":2,\"item\":{\"@type\":\"WebPage\",\"@id\":\"https:\/\/zecovalve.com\/product-category\",\"url\":\"https:\/\/zecovalve.com\/product-category\",\"name\":\"Industrial Valve Manufacturer | Water Valve Manufacturer\"}},{\"@type\":\"ListItem\",\"position\":3,\"item\":{\"@type\":\"WebPage\",\"@id\":\"https:\/\/zecovalve.com\/product\/two-piece-ball-valve\",\"url\":\"https:\/\/zecovalve.com\/product\/two-piece-ball-valve\",\"name\":\"Two Piece Ball Valve\"}}]}]}<\/script>\n<!-- \/ Yoast SEO Premium plugin. -->","_links":{"self":[{"href":"https:\/\/zecovalve.com\/tr\/wp-json\/wp\/v2\/product\/16161","targetHints":{"allow":["GET"]}}],"collection":[{"href":"https:\/\/zecovalve.com\/tr\/wp-json\/wp\/v2\/product"}],"about":[{"href":"https:\/\/zecovalve.com\/tr\/wp-json\/wp\/v2\/types\/product"}],"replies":[{"embeddable":true,"href":"https:\/\/zecovalve.com\/tr\/wp-json\/wp\/v2\/comments?post=16161"}],"wp:featuredmedia":[{"embeddable":true,"href":"https:\/\/zecovalve.com\/tr\/wp-json\/wp\/v2\/media\/27866"}],"wp:attachment":[{"href":"https:\/\/zecovalve.com\/tr\/wp-json\/wp\/v2\/media?parent=16161"}],"wp:term":[{"taxonomy":"product_cat","embeddable":true,"href":"https:\/\/zecovalve.com\/tr\/wp-json\/wp\/v2\/product_cat?post=16161"},{"taxonomy":"product_tag","embeddable":true,"href":"https:\/\/zecovalve.com\/tr\/wp-json\/wp\/v2\/product_tag?post=16161"}],"curies":[{"name":"wp","href":"https:\/\/api.w.org\/{rel}","templated":true}]}}