{"id":16167,"date":"2022-06-19T14:50:15","date_gmt":"2022-06-19T14:50:15","guid":{"rendered":"https:\/\/zecovalve.com\/?post_type=product&#038;p=16167"},"modified":"2022-07-18T14:23:16","modified_gmt":"2022-07-18T14:23:16","slug":"stainless-steel-butterfly-valve","status":"publish","type":"product","link":"https:\/\/zecovalve.com\/tr\/urun\/stainless-steel-butterfly-valve","title":{"rendered":"Paslanmaz \u00c7elik Kelebek Vana"},"content":{"rendered":"Kelebek vanalar, hizmet verdi\u011fi uygulamalar i\u00e7in son derece avantajl\u0131 olan \u00e7ok basit bir \u00e7al\u0131\u015fma mekanizmas\u0131na sahiptir. Kelebek vanalar hakk\u0131nda daha fazla bilgi edinmek istiyorsan\u0131z, ZECO Vana sayg\u0131n bir kelebek vana \u00fcreticisidir.\r\n\r\n\r\n\r\n\r\n<figure class=\"wp-block-image alignnone size-medium wp-image-16168\"><img loading=\"lazy\" decoding=\"async\" width=\"300\" height=\"225\" class=\"wp-image-16168\" src=\"https:\/\/zecovalve.com\/wp-content\/uploads\/2022\/06\/stainless-steel-butterfly-valve-300x225.jpg\" alt=\"Paslanmaz \u00c7elik Kelebek Vana\" srcset=\"https:\/\/zecovalve.com\/wp-content\/uploads\/2022\/06\/stainless-steel-butterfly-valve-300x225.jpg 300w, https:\/\/zecovalve.com\/wp-content\/uploads\/2022\/06\/stainless-steel-butterfly-valve-768x576.jpg 768w, https:\/\/zecovalve.com\/wp-content\/uploads\/2022\/06\/stainless-steel-butterfly-valve-600x450.jpg 600w, https:\/\/zecovalve.com\/wp-content\/uploads\/2022\/06\/stainless-steel-butterfly-valve.jpg 800w\" sizes=\"auto, (max-width: 300px) 100vw, 300px\" \/><\/figure>\r\n\r\n\r\n<div class=\"gb-button-wrapper gb-button-wrapper-6d8495a3\">\r\n\r\n<a class=\"gb-button gb-button-3d442e11 gb-button-text\" href=\"https:\/\/zecovalve.com\/tr\/contact\/\" target=\"_blank\" rel=\"noopener noreferrer\"><strong>PASLANMAZ \u00c7ELIK KELEBEK VANA FIYATI ALIN<\/strong><\/a>\r\n\r\n<\/div>\r\n\r\n\r\n\r\n\r\n<h2 class=\"wp-block-heading\" id=\"h-what-is-a-stainless-steel-butterfly-valve\">Paslanmaz \u00c7elik Kelebek Vana Nedir?<\/h2>\r\n\r\n\r\n\r\n\r\nPaslanmaz \u00e7elik kelebek vana, paslanmaz \u00e7elik malzemeden yap\u0131lm\u0131\u015f bir vanad\u0131r. Bu vana \u00e7elikten yap\u0131lm\u0131\u015f olsa da, yataklar, contalar, O-ringler ve contalar gibi di\u011fer i\u00e7 bile\u015fenler plastik, kau\u00e7uk veya di\u011fer malzemeler gibi farkl\u0131 malzemelerden yap\u0131labilir. Bu i\u00e7 bile\u015fenleri yapmak i\u00e7in kullan\u0131lan malzeme t\u00fcr\u00fc, vanan\u0131n kullan\u0131labilece\u011fi ortam ve s\u0131cakl\u0131k t\u00fcr\u00fcn\u00fc belirler. Tamamen metalik malzemelerden yap\u0131lan SS kelebek vanalar hem d\u00fc\u015f\u00fck hem de y\u00fcksek s\u0131cakl\u0131klarda kullan\u0131ma uygundur, \u00e7\u00fcnk\u00fc metalik malzemeler y\u00fcksek termal \u0131s\u0131 seviyelerine dayanabilir. Paslanmaz \u00e7elik kelebek vana \u00fcreticileri bu vanalar\u0131 a\u011f\u0131r hizmet ve zorlu ko\u015fullar i\u00e7in tasarlar. Bu nedenle, bu vanalar \u00e7ok g\u00fc\u00e7l\u00fcd\u00fcr ve y\u00fcksek bas\u0131n\u00e7 ve bulama\u00e7lara kusursuz bir \u015fekilde dayanabilirler. SS kelebek vanalar manuel veya otomatik olarak \u00e7al\u0131\u015f\u0131r. Bu vanalar\u0131n \u00e7al\u0131\u015fmas\u0131, ak\u0131\u015fkan ak\u0131\u015f\u0131n\u0131 ba\u015flatmak veya durdurmak i\u00e7in el \u00e7ark\u0131n\u0131n \u00e7eyrek d\u00f6n\u00fc\u015f\u00fcne ba\u011fl\u0131d\u0131r. El \u00e7ark\u0131n\u0131n \u00e7eyrek d\u00f6n\u00fc\u015f\u00fc, bu vanalar\u0131n h\u0131zl\u0131 \u00e7al\u0131\u015fmas\u0131n\u0131 ve \u00e7al\u0131\u015fmas\u0131 i\u00e7in birden fazla d\u00f6n\u00fc\u015fe ihtiya\u00e7 duyan di\u011fer vanalara g\u00f6re daha az yorucu olmas\u0131n\u0131 sa\u011flar.\r\n\r\n\r\n\r\n\r\n<h2 class=\"wp-block-heading\">Paslanmaz \u00c7elik Kelebek Vana nas\u0131l \u00e7al\u0131\u015f\u0131r?<\/h2>\r\n\r\n\r\n\r\n\r\nPaslanmaz \u00c7elik Kelebek vanalar nispeten basit bir yap\u0131ya sahiptir. Bir kelebek vanan\u0131n ana bile\u015fenleri g\u00f6vde, conta, disk ve g\u00f6vdedir. Tipik bir kelebek vanada, ba\u011fl\u0131 borunun ortas\u0131na yerle\u015ftirilmi\u015f disk ve vanan\u0131n d\u0131\u015f\u0131ndaki bir akt\u00fcat\u00f6re veya kola ba\u011fl\u0131 bir g\u00f6vde bulunur. Kapal\u0131 konumda, disk ak\u0131\u015fa diktir ve vana yata\u011f\u0131 taraf\u0131ndan s\u0131zd\u0131rmazl\u0131\u011f\u0131 sa\u011flan\u0131r. G\u00f6vde de bir o-ring kullan\u0131larak s\u0131zd\u0131rmaz hale getirilir. Akt\u00fcat\u00f6r veya kol kelebek vana g\u00f6vdesini 90 derece geriye d\u00f6nd\u00fcrd\u00fc\u011f\u00fcnde, disk kelebek vana yuvas\u0131ndan uzakla\u015f\u0131r ve ak\u0131\u015fa paralel olarak konumlan\u0131r. K\u0131smi d\u00f6n\u00fc\u015f, ak\u0131\u015f\u0131n k\u0131s\u0131lmas\u0131n\u0131 veya orant\u0131l\u0131 olmas\u0131n\u0131 sa\u011flar.\r\n\r\n\r\n\r\n\r\n<h2 class=\"wp-block-heading\" id=\"h-features-of-stainless-steel-butterfly-valves\">Paslanmaz \u00c7elik Kelebek Vanalar\u0131n \u00d6zellikleri<\/h2>\r\n\r\n\r\n\r\n<ul class=\"wp-block-list\">\r\n \t<li>ZECO paslanmaz \u00e7elik kelebek vana, oturma y\u00fczeyinin \u00fc\u00e7 ofsetini grafit laminasyonun esnekli\u011fi ile birle\u015ftirerek d\u00fc\u015f\u00fck bir gerekli tork ile s\u0131k\u0131 ve d\u00fczg\u00fcn bir s\u0131zd\u0131rmazl\u0131k sa\u011flar;<\/li>\r\n \t<li>ZECO paslanmaz \u00e7elik kelebek vanan\u0131n \u00e7ift patlama \u00f6nleyici tasar\u0131m\u0131, hem i\u00e7 hem de d\u0131\u015f g\u00f6vde tutma yoluyla API 609 ve ASME B31.1 gereksinimlerini kar\u015f\u0131lar;<\/li>\r\n \t<li>ZECO paslanmaz \u00e7elik kelebek vanan\u0131n lamine conta halkalar\u0131 kendili\u011finden hizalanacak \u015fekilde tasarlanm\u0131\u015ft\u0131r ve vanalar\u0131n API 598'e g\u00f6re s\u0131f\u0131r s\u0131z\u0131nt\u0131y\u0131 kar\u015f\u0131lamas\u0131n\u0131 sa\u011flar;<\/li>\r\n \t<li>ZECO paslanmaz \u00e7elik kelebek vanan\u0131n \u015faft\u0131, hat bas\u0131nc\u0131 iti\u015finden kaynaklanan yan y\u00fck\u00fc azaltmak i\u00e7in \u015faft yata\u011f\u0131 ve salmastra takip\u00e7isi taraf\u0131ndan tamamen y\u00f6nlendirilir.<\/li>\r\n<\/ul>\r\n\r\n\r\n\r\n<h2 class=\"wp-block-heading\">SS Kelebek Vana Uygulamalar\u0131<\/h2>\r\n\r\n\r\n\r\n\r\nSS Kelebek vanalar genellikle ila\u00e7, kimya ve g\u0131da end\u00fcstrilerinde kullan\u0131l\u0131r. Bu vana ayn\u0131 zamanda at\u0131k su ar\u0131tma tesislerinde, yang\u0131ndan korunma hizmetlerinde ve yak\u0131t i\u015flemede de kullan\u0131labilir. Genel olarak, kelebek vana b\u00fcy\u00fck hacimleri ve \u00e7amurlar\u0131 i\u015fleyebilir.\r\n\r\n\r\n\r\n\r\n<h2 class=\"wp-block-heading\" id=\"h-material-of-stainless-steel-butterfly-valve\">Paslanmaz \u00c7elik Kelebek Vana Malzemesi:<\/h2>\r\n\r\n\r\n\r\n<figure class=\"wp-block-table\">\r\n<table>\r\n<tbody>\r\n<tr>\r\n<td>Hay\u0131r<\/td>\r\n<td>Par\u00e7a<\/td>\r\n<td>Malzeme<\/td>\r\n<\/tr>\r\n<tr>\r\n<td>1<\/td>\r\n<td>V\u00fccut<\/td>\r\n<td>ASTM A351 CF8<\/td>\r\n<\/tr>\r\n<tr>\r\n<td>2<\/td>\r\n<td>Conta Halkas\u0131<\/td>\r\n<td>Grafit + SS304<\/td>\r\n<\/tr>\r\n<tr>\r\n<td>3<\/td>\r\n<td>Tutucu Flan\u015f<\/td>\r\n<td>ASTM A182 F304<\/td>\r\n<\/tr>\r\n<tr>\r\n<td>4<\/td>\r\n<td>Pim<\/td>\r\n<td>ASTM A276 304<\/td>\r\n<\/tr>\r\n<tr>\r\n<td>5<\/td>\r\n<td>Disk<\/td>\r\n<td>ASTM A351 CF8<\/td>\r\n<\/tr>\r\n<tr>\r\n<td>6<\/td>\r\n<td>K\u00f6k<\/td>\r\n<td>ASTM A276 304<\/td>\r\n<\/tr>\r\n<tr>\r\n<td>7<\/td>\r\n<td>K\u00f6k Ambalaj<\/td>\r\n<td>Grafit<\/td>\r\n<\/tr>\r\n<tr>\r\n<td>8<\/td>\r\n<td>K\u00f6k Daya\u011f\u0131<\/td>\r\n<td>SS304 + PTFE<\/td>\r\n<\/tr>\r\n<tr>\r\n<td>9<\/td>\r\n<td>C\u0131vata<\/td>\r\n<td>ASTM A193 B8<\/td>\r\n<\/tr>\r\n<tr>\r\n<td>10<\/td>\r\n<td>F\u0131nd\u0131k<\/td>\r\n<td>ASTM A194 8<\/td>\r\n<\/tr>\r\n<tr>\r\n<td>11<\/td>\r\n<td>Boyunduruk<\/td>\r\n<td>ASTM A216 WCB<\/td>\r\n<\/tr>\r\n<\/tbody>\r\n<\/table>\r\n<\/figure>","protected":false},"excerpt":{"rendered":"<p>Kelebek vanalar, hizmet verdi\u011fi uygulamalara son derece avantajl\u0131 olan \u00e7ok basit bir \u00e7al\u0131\u015fma mekanizmas\u0131na sahiptir. E\u011fer \u00f6\u011frenmen gerekiyorsa\u2026 <a title=\"Paslanmaz \u00c7elik Kelebek Vana\" class=\"read-more\" href=\"https:\/\/zecovalve.com\/tr\/urun\/stainless-steel-butterfly-valve\" aria-label=\"Paslanmaz \u00c7elik Kelebek Vana hakk\u0131nda daha fazla bilgi\">Daha fazla bilgi edinin<\/a><\/p>","protected":false},"featured_media":16168,"comment_status":"closed","ping_status":"closed","template":"","meta":{"_generate-full-width-content":"","kt_blocks_editor_width":""},"product_cat":[2044,2469,2604],"product_tag":[],"class_list":["post-16167","product","type-product","status-publish","has-post-thumbnail","hentry","product_cat-butterfly-valve","product_cat-butterfly-valve-by-material","product_cat-triple-offset-butterfly-valve","sales-flash-overlay","woocommerce-text-align-center","woocommerce-image-align-center","do-quantity-buttons"],"featured_image_src_large":["https:\/\/zecovalve.com\/wp-content\/uploads\/2022\/06\/stainless-steel-butterfly-valve.jpg",800,600,false],"author_info":[],"comment_info":0,"taxonomy_info":{"product_cat":[{"value":2044,"label":"Butterfly Valve"},{"value":2469,"label":"Butterfly Valve By Material"},{"value":2604,"label":"Triple Offset Butterfly Valve"}]},"yoast_head":"<!-- This site is optimized with the Yoast SEO Premium plugin v15.4 - https:\/\/yoast.com\/wordpress\/plugins\/seo\/ -->\n<title>Stainless Steel Butterfly Valve - SS Butterfly Valve Manufacturer | ZECO<\/title>\n<meta name=\"robots\" content=\"index, follow, max-snippet:-1, max-image-preview:large, max-video-preview:-1\" \/>\n<link rel=\"canonical\" href=\"https:\/\/zecovalve.com\/tr\/urun\/stainless-steel-butterfly-valve\" \/>\n<meta property=\"og:locale\" content=\"tr_TR\" \/>\n<meta property=\"og:type\" content=\"article\" \/>\n<meta property=\"og:title\" content=\"Stainless Steel Butterfly Valve - SS Butterfly Valve Manufacturer | ZECO\" \/>\n<meta property=\"og:description\" content=\"Butterfly valves have a very simple working mechanism that is extremely advantageous to the applications it services. If you need to learn ... Read more\" \/>\n<meta property=\"og:url\" content=\"https:\/\/zecovalve.com\/tr\/urun\/stainless-steel-butterfly-valve\" \/>\n<meta property=\"og:site_name\" content=\"ZECO Valve\" \/>\n<meta property=\"article:modified_time\" content=\"2022-07-18T14:23:16+00:00\" \/>\n<meta property=\"og:image\" content=\"https:\/\/zecovalve.com\/wp-content\/uploads\/2022\/06\/stainless-steel-butterfly-valve.jpg\" \/>\n\t<meta property=\"og:image:width\" content=\"800\" \/>\n\t<meta property=\"og:image:height\" content=\"600\" \/>\n<meta name=\"twitter:card\" content=\"summary_large_image\" \/>\n<meta name=\"twitter:label1\" content=\"Yazan:\">\n\t<meta name=\"twitter:data1\" content=\"Jerry\">\n\t<meta name=\"twitter:label2\" content=\"Tahmini okuma s\u00fcresi\">\n\t<meta name=\"twitter:data2\" content=\"2 dakika\">\n<script type=\"application\/ld+json\" class=\"yoast-schema-graph\">{\"@context\":\"https:\/\/schema.org\",\"@graph\":[{\"@type\":\"WebSite\",\"@id\":\"https:\/\/zecovalve.com\/#website\",\"url\":\"https:\/\/zecovalve.com\/\",\"name\":\"ZECO Valve\",\"description\":\"Industrial Ball Valve, Gate Valve and Globe Valve Manufacturer\",\"potentialAction\":[{\"@type\":\"SearchAction\",\"target\":\"https:\/\/zecovalve.com\/?s={search_term_string}\",\"query-input\":\"required name=search_term_string\"}],\"inLanguage\":\"tr\"},{\"@type\":\"ImageObject\",\"@id\":\"https:\/\/zecovalve.com\/product\/stainless-steel-butterfly-valve#primaryimage\",\"inLanguage\":\"tr\",\"url\":\"https:\/\/zecovalve.com\/wp-content\/uploads\/2022\/06\/stainless-steel-butterfly-valve.jpg\",\"width\":800,\"height\":600,\"caption\":\"Stainless Steel Butterfly Valve\"},{\"@type\":\"WebPage\",\"@id\":\"https:\/\/zecovalve.com\/product\/stainless-steel-butterfly-valve#webpage\",\"url\":\"https:\/\/zecovalve.com\/product\/stainless-steel-butterfly-valve\",\"name\":\"Stainless Steel Butterfly Valve - SS Butterfly Valve Manufacturer | ZECO\",\"isPartOf\":{\"@id\":\"https:\/\/zecovalve.com\/#website\"},\"primaryImageOfPage\":{\"@id\":\"https:\/\/zecovalve.com\/product\/stainless-steel-butterfly-valve#primaryimage\"},\"datePublished\":\"2022-06-19T14:50:15+00:00\",\"dateModified\":\"2022-07-18T14:23:16+00:00\",\"breadcrumb\":{\"@id\":\"https:\/\/zecovalve.com\/product\/stainless-steel-butterfly-valve#breadcrumb\"},\"inLanguage\":\"tr\",\"potentialAction\":[{\"@type\":\"ReadAction\",\"target\":[\"https:\/\/zecovalve.com\/product\/stainless-steel-butterfly-valve\"]}]},{\"@type\":\"BreadcrumbList\",\"@id\":\"https:\/\/zecovalve.com\/product\/stainless-steel-butterfly-valve#breadcrumb\",\"itemListElement\":[{\"@type\":\"ListItem\",\"position\":1,\"item\":{\"@type\":\"WebPage\",\"@id\":\"https:\/\/zecovalve.com\/\",\"url\":\"https:\/\/zecovalve.com\/\",\"name\":\"Home\"}},{\"@type\":\"ListItem\",\"position\":2,\"item\":{\"@type\":\"WebPage\",\"@id\":\"https:\/\/zecovalve.com\/product-category\",\"url\":\"https:\/\/zecovalve.com\/product-category\",\"name\":\"Industrial Valve Manufacturer | Water Valve Manufacturer\"}},{\"@type\":\"ListItem\",\"position\":3,\"item\":{\"@type\":\"WebPage\",\"@id\":\"https:\/\/zecovalve.com\/product\/stainless-steel-butterfly-valve\",\"url\":\"https:\/\/zecovalve.com\/product\/stainless-steel-butterfly-valve\",\"name\":\"Stainless Steel Butterfly Valve\"}}]}]}<\/script>\n<!-- \/ Yoast SEO Premium plugin. -->","_links":{"self":[{"href":"https:\/\/zecovalve.com\/tr\/wp-json\/wp\/v2\/product\/16167","targetHints":{"allow":["GET"]}}],"collection":[{"href":"https:\/\/zecovalve.com\/tr\/wp-json\/wp\/v2\/product"}],"about":[{"href":"https:\/\/zecovalve.com\/tr\/wp-json\/wp\/v2\/types\/product"}],"replies":[{"embeddable":true,"href":"https:\/\/zecovalve.com\/tr\/wp-json\/wp\/v2\/comments?post=16167"}],"wp:featuredmedia":[{"embeddable":true,"href":"https:\/\/zecovalve.com\/tr\/wp-json\/wp\/v2\/media\/16168"}],"wp:attachment":[{"href":"https:\/\/zecovalve.com\/tr\/wp-json\/wp\/v2\/media?parent=16167"}],"wp:term":[{"taxonomy":"product_cat","embeddable":true,"href":"https:\/\/zecovalve.com\/tr\/wp-json\/wp\/v2\/product_cat?post=16167"},{"taxonomy":"product_tag","embeddable":true,"href":"https:\/\/zecovalve.com\/tr\/wp-json\/wp\/v2\/product_tag?post=16167"}],"curies":[{"name":"wp","href":"https:\/\/api.w.org\/{rel}","templated":true}]}}