{"id":16179,"date":"2022-06-19T15:07:41","date_gmt":"2022-06-19T15:07:41","guid":{"rendered":"https:\/\/zecovalve.com\/?post_type=product&#038;p=16179"},"modified":"2023-06-15T13:58:41","modified_gmt":"2023-06-15T13:58:41","slug":"stainless-steel-globe-valve","status":"publish","type":"product","link":"https:\/\/zecovalve.com\/tr\/urun\/stainless-steel-globe-valve","title":{"rendered":"Paslanmaz \u00c7elik Glob Vana"},"content":{"rendered":"<p>Bir boru hatt\u0131ndaki ak\u0131\u015f\u0131 durdurman\u0131z ve ba\u015flatman\u0131z ve bir s\u0131v\u0131 veya gaz\u0131n ak\u0131\u015f h\u0131z\u0131n\u0131 kontrol etmeniz gerekti\u011finde, ZECO'nun bu glob vanas\u0131n\u0131 se\u00e7in.<\/p>\r\n\r\n\r\n\r\n<figure class=\"wp-block-image alignnone size-medium wp-image-16180\">\r\n<p><img loading=\"lazy\" decoding=\"async\" class=\"wp-image-27907 size-medium\" src=\"https:\/\/zecovalve.com\/wp-content\/uploads\/2022\/06\/Stainless-Steel-Globe-Valve-1-300x225.jpg\" alt=\"Paslanmaz \u00c7elik Glob Vana\" width=\"300\" height=\"225\" srcset=\"https:\/\/zecovalve.com\/wp-content\/uploads\/2022\/06\/Stainless-Steel-Globe-Valve-1-300x225.jpg 300w, https:\/\/zecovalve.com\/wp-content\/uploads\/2022\/06\/Stainless-Steel-Globe-Valve-1-768x576.jpg 768w, https:\/\/zecovalve.com\/wp-content\/uploads\/2022\/06\/Stainless-Steel-Globe-Valve-1-600x450.jpg 600w, https:\/\/zecovalve.com\/wp-content\/uploads\/2022\/06\/Stainless-Steel-Globe-Valve-1.jpg 800w\" sizes=\"auto, (max-width: 300px) 100vw, 300px\" \/><\/p>\r\n<\/figure>\r\n\r\n\r\n<div class=\"gb-button-wrapper gb-button-wrapper-6d8495a3\">\r\n\r\n\r\n<p><a class=\"gb-button gb-button-3d442e11 gb-button-text\" href=\"https:\/\/zecovalve.com\/tr\/contact\/\" target=\"_blank\" rel=\"noopener noreferrer\"><strong>PASLANMAZ \u00c7ELIK GLOB VANA FIYATI ALIN<\/strong><\/a><\/p>\r\n<\/div>\r\n\r\n\r\n\r\n\r\n<h2 class=\"wp-block-heading\" id=\"h-what-is-a-stainless-steel-globe-valve\">Paslanmaz \u00c7elik Glob Vana Nedir?<\/h2>\r\n\r\n\r\n\r\n<p>ZECO paslanmaz \u00e7elik glob vanan\u0131n prensibi, tahrik mekanizmas\u0131 arac\u0131l\u0131\u011f\u0131yla g\u00f6vde ve tekerlek somununun g\u00f6receli d\u00f6n\u00fc\u015f\u00fcn\u00fc sa\u011flamak, g\u00f6vde tahrik Pistonunun eksen boyunca yukar\u0131 ve a\u015fa\u011f\u0131 hareket etmesini sa\u011flamak, anahtarlamada rol oynamakt\u0131r. S\u0131zd\u0131rmazl\u0131k, g\u00f6vde ve tekerlek somununun, Piston ve yatak s\u0131zd\u0131rmazl\u0131k y\u00fczeyinde kar\u015f\u0131l\u0131kl\u0131 \u00f6n s\u0131kma kuvveti rol\u00fc oynamas\u0131yla yap\u0131l\u0131r. Milin konumuna g\u00f6re, di\u015f iki t\u00fcre ayr\u0131labilir: yukar\u0131 di\u015f mili ve a\u015fa\u011f\u0131 di\u015f mili. Yukar\u0131 di\u015fli g\u00f6vde: g\u00f6vde di\u015fi ortam\u0131n d\u0131\u015f\u0131ndad\u0131r, g\u00f6vde ortamdan erozyona u\u011frar, kolay ya\u011flama. A\u015fa\u011f\u0131 di\u015fli g\u00f6vde: valf g\u00f6vdesindeki g\u00f6vde di\u015fi, ortamla do\u011frudan temas halindedir, g\u00f6vde ortam taraf\u0131ndan a\u015f\u0131nmaya kar\u015f\u0131 do\u011fudad\u0131r, ya\u011flama yoktur.<\/p>\r\n\r\n\r\n\r\n<h2 class=\"wp-block-heading\" id=\"h-features-of-stainless-steel-globe-valves\">Paslanmaz \u00c7elik Glob Vanalar\u0131n \u00d6zellikleri<\/h2>\r\n\r\n\r\n\r\n<ul class=\"wp-block-list\">\r\n<li>ZECO paslanmaz \u00e7elik glob vana proseste a\u00e7\u0131l\u0131r veya kapan\u0131r, vana diskinin hareket hareketi k\u00fc\u00e7\u00fckt\u00fcr, bu nedenle a\u00e7ma ve kapama s\u00fcresi s\u00fcrg\u00fcl\u00fc vanaya g\u00f6re k\u0131salacak, vana y\u00fcksekli\u011fi \u00e7ok daha k\u0131sa olacak, ancak yap\u0131 uzunlu\u011fu daha uzun olacakt\u0131r;<\/li>\r\n<li>ZECO paslanmaz \u00e7elik glob vanan\u0131n s\u0131zd\u0131rmazl\u0131k y\u00fczeyinin a\u015f\u0131nmas\u0131 ve kaz\u0131nmas\u0131 kolay de\u011fildir, \u00e7\u00fcnk\u00fc glob vana diskinin ve vana yuvas\u0131n\u0131n s\u0131zd\u0131rmazl\u0131k y\u00fczeyi, vana g\u00f6vdesinin sert torku ile kapat\u0131l\u0131r ve bir s\u00fcrg\u00fcl\u00fc vana gibi uzun s\u00fcre kar\u015f\u0131l\u0131kl\u0131 s\u00fcrt\u00fcnme temas\u0131 olmayacakt\u0131r, bu nedenle glob vana daha uzun bir hizmet \u00f6mr\u00fcne sahiptir ve vanan\u0131n normal \u00e7al\u0131\u015fmas\u0131n\u0131 s\u00fcrd\u00fcrmek i\u00e7in uzun s\u00fcreli bak\u0131ma ihtiya\u00e7 duymaz;<\/li>\r\n<li>ZECO paslanmaz \u00e7elik glob vana basit bir yap\u0131ya, kolay \u00fcretime ve bak\u0131ma sahiptir;<\/li>\r\n<li>ZECO paslanmaz \u00e7elik glob vanan\u0131n g\u00f6vdesi, vanan\u0131n tamamen a\u00e7\u0131k konumda yeniden paketlenmesine izin vermek i\u00e7in \u00fcfleme \u00f6nleyici g\u00f6vde konik arka oturma y\u00fczeyinde tasarlanm\u0131\u015ft\u0131r.<\/li>\r\n<\/ul>\r\n\r\n\r\n\r\n<h2 class=\"wp-block-heading\">Paslanmaz \u00c7elik Glob Vanalar\u0131n Uygulamalar\u0131<\/h2>\r\n\r\n\r\n\r\n<p>Paslanmaz \u00c7elik Glob Vana hafif agresif ve korozif s\u0131v\u0131lar i\u00e7in uygundur; izolasyon g\u00f6revi ve hava, gaz, ya\u011f ve su gibi ortamlar i\u00e7in idealdir.<\/p>\r\n\r\n\r\n\r\n<h2 class=\"wp-block-heading\" id=\"h-material-of-stainless-steel-globe-valve\">Paslanmaz \u00c7elik Glob Vana Malzemesi:<\/h2>\r\n\r\n\r\n\r\n<figure class=\"wp-block-table\">\r\n<table>\r\n<tbody>\r\n<tr>\r\n<td>Hay\u0131r<\/td>\r\n<td>Par\u00e7a<\/td>\r\n<td>Malzeme<\/td>\r\n<\/tr>\r\n<tr>\r\n<td>1<\/td>\r\n<td>V\u00fccut<\/td>\r\n<td>ASTM A351 CF8<\/td>\r\n<\/tr>\r\n<tr>\r\n<td>2<\/td>\r\n<td>Disk<\/td>\r\n<td>ASTM A182 F304<\/td>\r\n<\/tr>\r\n<tr>\r\n<td>3<\/td>\r\n<td>K\u00f6k<\/td>\r\n<td>ASTM A276 304<\/td>\r\n<\/tr>\r\n<tr>\r\n<td>4<\/td>\r\n<td>Kaput Contas\u0131<\/td>\r\n<td>Grafit + SS304<\/td>\r\n<\/tr>\r\n<tr>\r\n<td>5<\/td>\r\n<td>Bone<\/td>\r\n<td>ASTM A351 CF8<\/td>\r\n<\/tr>\r\n<tr>\r\n<td>6<\/td>\r\n<td>Kaput C\u0131vatas\u0131<\/td>\r\n<td>ASTM A193 B8<\/td>\r\n<\/tr>\r\n<tr>\r\n<td>7<\/td>\r\n<td>Kaput Somunu<\/td>\r\n<td>ASTM A194 8<\/td>\r\n<\/tr>\r\n<tr>\r\n<td>8<\/td>\r\n<td>K\u00f6k Ambalaj<\/td>\r\n<td>G\u00fc\u00e7lendirilmi\u015f Grafit<\/td>\r\n<\/tr>\r\n<tr>\r\n<td>9<\/td>\r\n<td>Bez<\/td>\r\n<td>ASTM A276 304<\/td>\r\n<\/tr>\r\n<tr>\r\n<td>10<\/td>\r\n<td>Bezi G\u00f6zl\u00fc C\u0131vata<\/td>\r\n<td>ASTM A193 B8<\/td>\r\n<\/tr>\r\n<tr>\r\n<td>11<\/td>\r\n<td>K\u00f6k Somun<\/td>\r\n<td>ASTM B148<\/td>\r\n<\/tr>\r\n<\/tbody>\r\n<\/table>\r\n<\/figure>","protected":false},"excerpt":{"rendered":"<p>Bir boru hatt\u0131ndaki ak\u0131\u015f\u0131 durdurup ba\u015flatman\u0131z ve bir s\u0131v\u0131 veya gaz\u0131n ak\u0131\u015f h\u0131z\u0131n\u0131 kontrol etmeniz gerekti\u011finde,\u2026 <a title=\"Paslanmaz \u00c7elik Glob Vana\" class=\"read-more\" href=\"https:\/\/zecovalve.com\/tr\/urun\/stainless-steel-globe-valve\" aria-label=\"Paslanmaz \u00c7elik Glob Vana hakk\u0131nda daha fazla bilgi\">Daha fazla bilgi edinin<\/a><\/p>","protected":false},"featured_media":27907,"comment_status":"closed","ping_status":"closed","template":"","meta":{"_generate-full-width-content":"","kt_blocks_editor_width":""},"product_cat":[2049],"product_tag":[],"class_list":["post-16179","product","type-product","status-publish","has-post-thumbnail","hentry","product_cat-globe-valve","sales-flash-overlay","woocommerce-text-align-center","woocommerce-image-align-center","do-quantity-buttons"],"featured_image_src_large":["https:\/\/zecovalve.com\/wp-content\/uploads\/2022\/06\/Stainless-Steel-Globe-Valve-1.jpg",800,600,false],"author_info":[],"comment_info":0,"taxonomy_info":{"product_cat":[{"value":2049,"label":"Globe Valve"}]},"yoast_head":"<!-- This site is optimized with the Yoast SEO Premium plugin v15.4 - https:\/\/yoast.com\/wordpress\/plugins\/seo\/ -->\n<title>Stainless Steel Globe Valve - Globe Valve Manufacturer | ZECO Valve<\/title>\n<meta name=\"robots\" content=\"index, follow, max-snippet:-1, max-image-preview:large, max-video-preview:-1\" \/>\n<link rel=\"canonical\" href=\"https:\/\/zecovalve.com\/tr\/urun\/stainless-steel-globe-valve\" \/>\n<meta property=\"og:locale\" content=\"tr_TR\" \/>\n<meta property=\"og:type\" content=\"article\" \/>\n<meta property=\"og:title\" content=\"Stainless Steel Globe Valve - Globe Valve Manufacturer | ZECO Valve\" \/>\n<meta property=\"og:description\" content=\"When you need to stop and start the flow through a pipeline and control the flow rate of a liquid or gas, ... Read more\" \/>\n<meta property=\"og:url\" content=\"https:\/\/zecovalve.com\/tr\/urun\/stainless-steel-globe-valve\" \/>\n<meta property=\"og:site_name\" content=\"ZECO Valve\" \/>\n<meta property=\"article:modified_time\" content=\"2023-06-15T13:58:41+00:00\" \/>\n<meta property=\"og:image\" content=\"https:\/\/zecovalve.com\/wp-content\/uploads\/2022\/06\/Stainless-Steel-Globe-Valve-1.jpg\" \/>\n\t<meta property=\"og:image:width\" content=\"800\" \/>\n\t<meta property=\"og:image:height\" content=\"600\" \/>\n<meta name=\"twitter:card\" content=\"summary_large_image\" \/>\n<meta name=\"twitter:label1\" content=\"Yazan:\">\n\t<meta name=\"twitter:data1\" content=\"Jerry\">\n\t<meta name=\"twitter:label2\" content=\"Tahmini okuma s\u00fcresi\">\n\t<meta name=\"twitter:data2\" content=\"2 dakika\">\n<script type=\"application\/ld+json\" class=\"yoast-schema-graph\">{\"@context\":\"https:\/\/schema.org\",\"@graph\":[{\"@type\":\"WebSite\",\"@id\":\"https:\/\/zecovalve.com\/#website\",\"url\":\"https:\/\/zecovalve.com\/\",\"name\":\"ZECO Valve\",\"description\":\"Industrial Ball Valve, Gate Valve and Globe Valve Manufacturer\",\"potentialAction\":[{\"@type\":\"SearchAction\",\"target\":\"https:\/\/zecovalve.com\/?s={search_term_string}\",\"query-input\":\"required name=search_term_string\"}],\"inLanguage\":\"tr\"},{\"@type\":\"ImageObject\",\"@id\":\"https:\/\/zecovalve.com\/product\/stainless-steel-globe-valve#primaryimage\",\"inLanguage\":\"tr\",\"url\":\"https:\/\/zecovalve.com\/wp-content\/uploads\/2022\/06\/Stainless-Steel-Globe-Valve-1.jpg\",\"width\":800,\"height\":600,\"caption\":\"Stainless Steel Globe Valve\"},{\"@type\":\"WebPage\",\"@id\":\"https:\/\/zecovalve.com\/product\/stainless-steel-globe-valve#webpage\",\"url\":\"https:\/\/zecovalve.com\/product\/stainless-steel-globe-valve\",\"name\":\"Stainless Steel Globe Valve - Globe Valve Manufacturer | ZECO Valve\",\"isPartOf\":{\"@id\":\"https:\/\/zecovalve.com\/#website\"},\"primaryImageOfPage\":{\"@id\":\"https:\/\/zecovalve.com\/product\/stainless-steel-globe-valve#primaryimage\"},\"datePublished\":\"2022-06-19T15:07:41+00:00\",\"dateModified\":\"2023-06-15T13:58:41+00:00\",\"breadcrumb\":{\"@id\":\"https:\/\/zecovalve.com\/product\/stainless-steel-globe-valve#breadcrumb\"},\"inLanguage\":\"tr\",\"potentialAction\":[{\"@type\":\"ReadAction\",\"target\":[\"https:\/\/zecovalve.com\/product\/stainless-steel-globe-valve\"]}]},{\"@type\":\"BreadcrumbList\",\"@id\":\"https:\/\/zecovalve.com\/product\/stainless-steel-globe-valve#breadcrumb\",\"itemListElement\":[{\"@type\":\"ListItem\",\"position\":1,\"item\":{\"@type\":\"WebPage\",\"@id\":\"https:\/\/zecovalve.com\/\",\"url\":\"https:\/\/zecovalve.com\/\",\"name\":\"Home\"}},{\"@type\":\"ListItem\",\"position\":2,\"item\":{\"@type\":\"WebPage\",\"@id\":\"https:\/\/zecovalve.com\/product-category\",\"url\":\"https:\/\/zecovalve.com\/product-category\",\"name\":\"Industrial Valve Manufacturer | Water Valve Manufacturer\"}},{\"@type\":\"ListItem\",\"position\":3,\"item\":{\"@type\":\"WebPage\",\"@id\":\"https:\/\/zecovalve.com\/product\/stainless-steel-globe-valve\",\"url\":\"https:\/\/zecovalve.com\/product\/stainless-steel-globe-valve\",\"name\":\"Stainless Steel Globe Valve\"}}]}]}<\/script>\n<!-- \/ Yoast SEO Premium plugin. -->","_links":{"self":[{"href":"https:\/\/zecovalve.com\/tr\/wp-json\/wp\/v2\/product\/16179","targetHints":{"allow":["GET"]}}],"collection":[{"href":"https:\/\/zecovalve.com\/tr\/wp-json\/wp\/v2\/product"}],"about":[{"href":"https:\/\/zecovalve.com\/tr\/wp-json\/wp\/v2\/types\/product"}],"replies":[{"embeddable":true,"href":"https:\/\/zecovalve.com\/tr\/wp-json\/wp\/v2\/comments?post=16179"}],"wp:featuredmedia":[{"embeddable":true,"href":"https:\/\/zecovalve.com\/tr\/wp-json\/wp\/v2\/media\/27907"}],"wp:attachment":[{"href":"https:\/\/zecovalve.com\/tr\/wp-json\/wp\/v2\/media?parent=16179"}],"wp:term":[{"taxonomy":"product_cat","embeddable":true,"href":"https:\/\/zecovalve.com\/tr\/wp-json\/wp\/v2\/product_cat?post=16179"},{"taxonomy":"product_tag","embeddable":true,"href":"https:\/\/zecovalve.com\/tr\/wp-json\/wp\/v2\/product_tag?post=16179"}],"curies":[{"name":"wp","href":"https:\/\/api.w.org\/{rel}","templated":true}]}}