{"id":16181,"date":"2022-06-19T15:12:21","date_gmt":"2022-06-19T15:12:21","guid":{"rendered":"https:\/\/zecovalve.com\/?post_type=product&#038;p=16181"},"modified":"2023-06-15T12:40:17","modified_gmt":"2023-06-15T12:40:17","slug":"carbon-steel-gate-valve","status":"publish","type":"product","link":"https:\/\/zecovalve.com\/tr\/urun\/carbon-steel-gate-valve","title":{"rendered":"Karbon \u00c7elik S\u00fcrg\u00fcl\u00fc Vana"},"content":{"rendered":"<p>ZECO karbon \u00e7eli\u011fi s\u00fcrg\u00fcl\u00fc vana \u00fcr\u00fcn grubu 1\/2\u201d-48\u201d, ANSI Bas\u0131n\u00e7 s\u0131n\u0131f\u0131 150# \u2013 300# \u2013 600# \u2013 900# \u2013 1500# \u2013 2500# i\u00e7erir. Yap\u0131 malzemesi, d\u00f6k\u00fcm WCB ve d\u00fc\u015f\u00fck s\u0131cakl\u0131k karbon \u00e7eli\u011fi LCC ve LCB&#039;yi i\u00e7erir. Se\u00e7enekler aras\u0131nda NACE uyumlulu\u011fu, konik di\u015fliler, harekete haz\u0131r montaj pedleri, termal tahliye DTR sistemleri ve h\u0131zl\u0131 strok s\u00fcresi i\u00e7in \u00e7ift kur\u015fun g\u00f6vde bulunur<\/p>\r\n\r\n\r\n\r\n<figure class=\"wp-block-image alignnone size-medium wp-image-16182\"><img loading=\"lazy\" decoding=\"async\" width=\"300\" height=\"225\" class=\"wp-image-16182\" src=\"https:\/\/zecovalve.com\/wp-content\/uploads\/2022\/06\/carbon-steel-gate-valve-300x225.jpg\" alt=\"Karbon \u00c7elik S\u00fcrg\u00fcl\u00fc Vana\" srcset=\"https:\/\/zecovalve.com\/wp-content\/uploads\/2022\/06\/carbon-steel-gate-valve-300x225.jpg 300w, https:\/\/zecovalve.com\/wp-content\/uploads\/2022\/06\/carbon-steel-gate-valve-768x576.jpg 768w, https:\/\/zecovalve.com\/wp-content\/uploads\/2022\/06\/carbon-steel-gate-valve-600x450.jpg 600w, https:\/\/zecovalve.com\/wp-content\/uploads\/2022\/06\/carbon-steel-gate-valve.jpg 800w\" sizes=\"auto, (max-width: 300px) 100vw, 300px\" \/><\/figure>\r\n\r\n\r\n<div class=\"gb-button-wrapper gb-button-wrapper-6d8495a3\">\r\n\r\n\r\n<p><a class=\"gb-button gb-button-3d442e11 gb-button-text\" href=\"https:\/\/zecovalve.com\/tr\/contact\/\" target=\"_blank\" rel=\"noopener noreferrer\"><strong>KARBON \u00c7EL\u0130K S\u00dcRG\u00dcL\u00dc VANA F\u0130YAT ALIN<\/strong><\/a><\/p>\r\n<\/div>\r\n\r\n\r\n\r\n\r\n<h2 class=\"wp-block-heading\" id=\"h-what-is-a-carbon-steel-gate-valve\">Karbon \u00c7elik S\u00fcrg\u00fcl\u00fc Vana Nedir?<\/h2>\r\n\r\n\r\n\r\n<p>ZECO karbon \u00e7elik s\u00fcrg\u00fcl\u00fc vana, kullan\u0131c\u0131lara en b\u00fcy\u00fck ve en g\u00fcvenilir s\u0131zd\u0131rmazl\u0131k performans\u0131n\u0131n hizmet \u00f6mr\u00fc boyunca \u00fcr\u00fcn tasar\u0131m\u0131 sunmay\u0131 taahh\u00fct eder ve tam boyutlu tasar\u0131m\u0131 kullan\u0131r, API 6D, API 600, BS 1414 ve EN 1984&#039;\u00fcn tasar\u0131m gereksinimlerine uygundur. ZECO g\u00f6vde ve kaputta toplam \u00fc\u00e7 \u00e7e\u015fit karbon \u00e7eli\u011fi malzeme vard\u0131, ASTM A216 WCA, ASTM A216 WCB, ASTM A216 WCC, ASTM A216 WCB i\u00e7in en yayg\u0131n kullan\u0131lan malzeme, uygun s\u0131cakl\u0131k aral\u0131\u011f\u0131 \u2013 29 \u2070 ~ 425 \u2070. Y\u00fcksek s\u0131cakl\u0131kta karbon \u00e7eli\u011fi, karbon atomlar\u0131n\u0131n grafite g\u00f6\u00e7\u00fc ve toplanmas\u0131 nedeniyle, grafitin d\u00fc\u015f\u00fck mukavemeti nedeniyle, karbon \u00e7eli\u011finin y\u00fcksek s\u0131cakl\u0131ktaki mukavemeti b\u00fcy\u00fck \u00f6l\u00e7\u00fcde azalacak ve k\u0131r\u0131lganl\u0131k artacakt\u0131r.<\/p>\r\n\r\n\r\n\r\n<p>G\u00f6vdeler ve kaputlar y\u00fcksek kaliteli d\u00f6k\u00fcmden yap\u0131lm\u0131\u015ft\u0131r ve daha sonra hassas bir \u015fekilde i\u015flenerek stres yo\u011funla\u015fmas\u0131n\u0131 \u00f6nlemeye dikkat edilir. Karbon \u00e7eli\u011fi s\u00fcrg\u00fcl\u00fc vanalar\u0131n g\u00f6vdeleri, minimum t\u00fcrb\u00fclans ve ak\u0131\u015f direncini garanti eden d\u00fcz bir ba\u011flant\u0131 noktas\u0131ndan olu\u015fur. Her iki tasar\u0131mda da, c\u0131vatal\u0131 kapak ve bas\u0131n\u00e7 contas\u0131, g\u00f6vdeler, vanan\u0131n a\u00e7\u0131lmas\u0131 veya kapanmas\u0131 s\u0131ras\u0131nda takozun yerle\u015ftirilmesi i\u00e7in k\u0131lavuz yuvalardan olu\u015fur. Kapaklar, karbon \u00e7eli\u011fi s\u00fcrg\u00fcl\u00fc vanan\u0131n boyutuna ba\u011fl\u0131 olarak ya yaln\u0131zca tek par\u00e7adan (boyunduruk onun ayr\u0131lmaz bir par\u00e7as\u0131 olur) ya da iki par\u00e7adan yap\u0131l\u0131r. Bu, g\u00f6vdeyle m\u00fckemmel uyum sa\u011flayarak do\u011fru bir a\u00e7ma ve kapama sa\u011flar.<\/p>\r\n\r\n\r\n\r\n<h2 class=\"wp-block-heading\" id=\"h-features-of-carbon-steel-gate-valve\">Karbon \u00c7elik S\u00fcrg\u00fcl\u00fc Vanan\u0131n \u00d6zellikleri:<\/h2>\r\n\r\n\r\n\r\n<ul class=\"wp-block-list\">\r\n<li>ZECO karbon \u00e7eli\u011fi s\u00fcrg\u00fcl\u00fc vanan\u0131n karbon \u00e7eli\u011fi malzemesi s\u0131k\u0131 kimyasal analiz ve mekanik analiz yoluyla ithal edilmektedir. ASTM A216 WCB, 485~655 mpa \u00e7ekme mukavemetine, 250 mpa&#039;dan fazla akma noktas\u0131na, 22%&#039;den fazla uzamaya, 35%&#039;den fazla kesit b\u00fcz\u00fclmesine sahiptir;<\/li>\r\n<li>ZECO karbon \u00e7eli\u011fi s\u00fcrg\u00fcl\u00fc vana, vana a\u00e7\u0131lmas\u0131 s\u0131ras\u0131nda kolayl\u0131k ve esneklik sa\u011flamak i\u00e7in g\u00f6vde somunu \u00fczerinde bask\u0131 yata\u011f\u0131 tasar\u0131m\u0131na sahiptir;<\/li>\r\n<li>ZECO karbon \u00e7eli\u011fi s\u00fcrg\u00fcl\u00fc vana, kapa\u011f\u0131n \u00fcst ucunda s\u0131zd\u0131rmaz bir yap\u0131 ile tasarlanm\u0131\u015ft\u0131r; bu, bak\u0131m personelinin bak\u0131m s\u0131ras\u0131nda salmastray\u0131 s\u0131z\u0131nt\u0131ya neden olmadan g\u00fcvenli bir \u015fekilde de\u011fi\u015ftirmesine olanak tan\u0131r, b\u00f6ylece salmastran\u0131n de\u011fi\u015ftirilmesinden kaynaklanan daha ciddi s\u0131z\u0131nt\u0131 riskini \u00f6nler;<\/li>\r\n<li>ZECO karbon \u00e7eli\u011fi s\u00fcrg\u00fcl\u00fc vanan\u0131n a\u00e7ma veya kapama i\u015fleminde kama daima vana g\u00f6vdesinin k\u0131lavuz ray\u0131na sabitlenir. Vana g\u00f6vdesinde k\u0131lavuz ray yoksa kapak a\u00e7ma kapama i\u015fleminde s\u0131k\u0131\u015f\u0131p kullan\u0131lamaz hale gelecektir.<\/li>\r\n<li>Koltuk y\u00fcz\u00fc ala\u015f\u0131m\u0131 sert y\u00fczeyli, ta\u015flanm\u0131\u015f ve ayna kaplamas\u0131na kadar al\u0131\u015ft\u0131r\u0131lm\u0131\u015ft\u0131r;<\/li>\r\n<li>D\u00fc\u015f\u00fck merkez g\u00f6vde kama temas\u0131na sahip esnek kama, yekpare CA15 (13Cr) veya 13Cr, SS 316, Monel veya ala\u015f\u0131mla sert y\u00fczeyli. Takoz ta\u015flanm\u0131\u015ft\u0131r ve ayna y\u00fczeyi elde edilecek \u015fekilde al\u0131\u015ft\u0131r\u0131lm\u0131\u015ft\u0131r ve s\u00fcr\u00fcklenmeyi ve koltu\u011fun hasar g\u00f6rmesini \u00f6nlemek i\u00e7in s\u0131k\u0131ca y\u00f6nlendirilmi\u015ftir. ala\u015f\u0131ml\u0131 sert y\u00fczl\u00fc CF8M takoz da mevcuttur;<\/li>\r\n<li>Hassas Acme di\u015fli ve cilal\u0131 y\u00fczeyli, d\u00f6nmeyen g\u00f6vde. Daha h\u0131zl\u0131 \u00e7al\u0131\u015fma i\u00e7in Double Acme;<\/li>\r\n<li>G\u00f6vde ve kaput ba\u011flant\u0131s\u0131 hassas bir \u015fekilde i\u015flenmi\u015ftir;<\/li>\r\n<li>G\u00f6vde ve kaporta d\u00f6k\u00fcmleri hassas \u015fekilde i\u015flenmi\u015ftir. Daha iyi hizalama ve daha az par\u00e7a i\u00e7in NPS 12&#039;ye (DN 300) kadar tek par\u00e7a kaporta;<\/li>\r\n<li>\u0130ste\u011fe ba\u011fl\u0131 kilitleme cihaz\u0131 veya g\u00f6vde uzatmas\u0131;<\/li>\r\n<li>ISO 5211&#039;e iste\u011fe ba\u011fl\u0131 do\u011frudan montaj.<\/li>\r\n<\/ul>\r\n\r\n\r\n\r\n<h2 class=\"wp-block-heading\" id=\"h-product-range-of-carbon-steel-gate-valve\">Karbon \u00c7elik S\u00fcrg\u00fcl\u00fc Vana \u00dcr\u00fcn Yelpazesi<\/h2>\r\n\r\n\r\n\r\n<figure class=\"wp-block-table is-style-stripes\">\r\n<table>\r\n<tbody>\r\n<tr>\r\n<td>\u00d6L\u00c7\u00dcLER<\/td>\r\n<td>2\u2033 - 48\u2033<\/td>\r\n<\/tr>\r\n<tr>\r\n<td>BASIN\u00c7LAR<\/td>\r\n<td>150# - 2500#<\/td>\r\n<\/tr>\r\n<tr>\r\n<td>MALZEME KAL\u0130TELER\u0130<\/td>\r\n<td>WCB, WCC, LCB, LCC vb.<\/td>\r\n<\/tr>\r\n<tr>\r\n<td>BA\u011eLANTIYI SONLANDIR<\/td>\r\n<td>RF, RTJ, BW vb.<\/td>\r\n<\/tr>\r\n<tr>\r\n<td>D\u00d6\u015eEME MALZEMELER\u0130<\/td>\r\n<td>TRIM 5, 8, 12, 16 ve \u00d6zel Malzemeler<\/td>\r\n<\/tr>\r\n<tr>\r\n<td>OPERASYON<\/td>\r\n<td>El \u00e7ark\u0131, Di\u015fli Kutusu, Elektrikli Akt\u00fcat\u00f6r, Pn\u00f6matik Akt\u00fcat\u00f6r, vb.<\/td>\r\n<\/tr>\r\n<tr>\r\n<td>SE\u00c7ENEKLER<\/td>\r\n<td>NACE, Konik Di\u015fliler, \u00c7al\u0131\u015ft\u0131rmaya Haz\u0131r Montaj Pedleri, Termal Tahliye DTR Sistemleri, H\u0131zl\u0131 \u00c7al\u0131\u015fma S\u00fcresi i\u00e7in \u00c7ift Kur\u015fun Mil<\/td>\r\n<\/tr>\r\n<tr>\r\n<td>\u00d6ZELL\u0130KLER<\/td>\r\n<td>OS&amp;Y, Y\u00fckselen Mil, Esnek Takoz, C\u0131vatal\u0131 Kapak, Salmastra ve Conta (D\u00fc\u015f\u00fck Ka\u00e7ak Emisyon) *Ayr\u0131ca 2\u201d-12\u201d Y\u00fcklenici Serilerimizde de mevcuttur<\/td>\r\n<\/tr>\r\n<\/tbody>\r\n<\/table>\r\n<\/figure>\r\n\r\n\r\n\r\n<h2 class=\"wp-block-heading\">Karbon \u00c7elik S\u00fcrg\u00fcl\u00fc Vana Valf Kabu\u011fu Malzemeleri<\/h2>\r\n\r\n\r\n\r\n<figure class=\"wp-block-table\">\r\n<table>\r\n<tbody>\r\n<tr>\r\n<td>ASTM Spesifikasyonu<\/td>\r\n<td>Malzeme Tan\u0131m\u0131<\/td>\r\n<td>\u00c7al\u0131\u015fma S\u0131cakl\u0131\u011f\u0131 OC<\/td>\r\n<\/tr>\r\n<tr>\r\n<td>A216 WCB \/ A216 WCC<\/td>\r\n<td>Karbon \u00e7elik<\/td>\r\n<td>538 Maksimum<\/td>\r\n<\/tr>\r\n<tr>\r\n<td>A217 WC1<\/td>\r\n<td>C \u2013 1\/2 Ay<\/td>\r\n<td>538 Maksimum<\/td>\r\n<\/tr>\r\n<tr>\r\n<td>A217 WC6<\/td>\r\n<td>1 1\/4 Cr- 1\/2 Mo<\/td>\r\n<td>593 Maksimum<\/td>\r\n<\/tr>\r\n<tr>\r\n<td>A217 WC9<\/td>\r\n<td>2 1\/4 Cr \u2013 1 Ay<\/td>\r\n<td>593 Maksimum<\/td>\r\n<\/tr>\r\n<tr>\r\n<td>A217 C5<\/td>\r\n<td>5Cr \u2013 1\/2 Ay<\/td>\r\n<td>649 Maksimum<\/td>\r\n<\/tr>\r\n<tr>\r\n<td>A217 C12<\/td>\r\n<td>9Cr \u2013 1 Ay<\/td>\r\n<td>649 Maksimum<\/td>\r\n<\/tr>\r\n<tr>\r\n<td>A352 LCB<\/td>\r\n<td>Karbon \u00e7elik<\/td>\r\n<td>-46 Minimum<\/td>\r\n<\/tr>\r\n<tr>\r\n<td>A352 LCC<\/td>\r\n<td>Karbon \u00e7elik<\/td>\r\n<td>-46 Minimum<\/td>\r\n<\/tr>\r\n<tr>\r\n<td>A352 LC1<\/td>\r\n<td>C \u2013 1\/2 Ay<\/td>\r\n<td>-59 Asgari<\/td>\r\n<\/tr>\r\n<tr>\r\n<td>A352 LC2<\/td>\r\n<td>2 1\/2 Ni \u2013 100<\/td>\r\n<td>-73 Asgari<\/td>\r\n<\/tr>\r\n<tr>\r\n<td>A352 LC3<\/td>\r\n<td>3 1\/2 Ni \u2013 150<\/td>\r\n<td>-101 Asgari<\/td>\r\n<\/tr>\r\n<\/tbody>\r\n<\/table>\r\n<\/figure>","protected":false},"excerpt":{"rendered":"<p>ZECO karbon \u00e7eli\u011fi s\u00fcrg\u00fcl\u00fc vana \u00fcr\u00fcn grubu 1\/2\u201d-48\u201d, ANSI Bas\u0131n\u00e7 s\u0131n\u0131f\u0131 150# \u2013 300# \u2013 600# \u2013 900# \u2013 1500# \u2013 \u2026 <a title=\"Karbon \u00c7elik S\u00fcrg\u00fcl\u00fc Vana\" class=\"read-more\" href=\"https:\/\/zecovalve.com\/tr\/urun\/carbon-steel-gate-valve\" aria-label=\"Karbon \u00c7elik S\u00fcrg\u00fcl\u00fc Vana hakk\u0131nda daha fazlas\u0131\">Daha fazla bilgi edinin<\/a><\/p>","protected":false},"featured_media":27880,"comment_status":"closed","ping_status":"closed","template":"","meta":{"_generate-full-width-content":"","kt_blocks_editor_width":""},"product_cat":[2052,2454],"product_tag":[2798],"class_list":["post-16181","product","type-product","status-publish","has-post-thumbnail","hentry","product_cat-gate-valve","product_cat-gate-valve-by-material","product_tag-osy-valve","sales-flash-overlay","woocommerce-text-align-center","woocommerce-image-align-center","do-quantity-buttons"],"featured_image_src_large":["https:\/\/zecovalve.com\/wp-content\/uploads\/2022\/06\/Carbon-Steel-Gate-Valve-1.jpg",800,600,false],"author_info":[],"comment_info":0,"taxonomy_info":{"product_cat":[{"value":2052,"label":"Gate Valve"},{"value":2454,"label":"Gate Valve By Material"}],"product_tag":[{"value":2798,"label":"OS&amp;Y Valve"}]},"yoast_head":"<!-- This site is optimized with the Yoast SEO Premium plugin v15.4 - https:\/\/yoast.com\/wordpress\/plugins\/seo\/ -->\n<title>Carbon Steel Gate Valve - Carbon Steel Valve | ZECO Valve<\/title>\n<meta name=\"robots\" content=\"index, follow, max-snippet:-1, max-image-preview:large, max-video-preview:-1\" \/>\n<link rel=\"canonical\" href=\"https:\/\/zecovalve.com\/tr\/urun\/carbon-steel-gate-valve\" \/>\n<meta property=\"og:locale\" content=\"tr_TR\" \/>\n<meta property=\"og:type\" content=\"article\" \/>\n<meta property=\"og:title\" content=\"Carbon Steel Gate Valve - Carbon Steel Valve | ZECO Valve\" \/>\n<meta property=\"og:description\" content=\"ZECO carbon steel gate valve product line includes 1\/2\u201d-48\u201d, ANSI Pressure class 150# &#8211; 300# &#8211; 600# &#8211; 900# &#8211; 1500# &#8211; ... Read more\" \/>\n<meta property=\"og:url\" content=\"https:\/\/zecovalve.com\/tr\/urun\/carbon-steel-gate-valve\" \/>\n<meta property=\"og:site_name\" content=\"ZECO Valve\" \/>\n<meta property=\"article:modified_time\" content=\"2023-06-15T12:40:17+00:00\" \/>\n<meta property=\"og:image\" content=\"https:\/\/zecovalve.com\/wp-content\/uploads\/2022\/06\/Carbon-Steel-Gate-Valve-1.jpg\" \/>\n\t<meta property=\"og:image:width\" content=\"800\" \/>\n\t<meta property=\"og:image:height\" content=\"600\" \/>\n<meta name=\"twitter:card\" content=\"summary_large_image\" \/>\n<meta name=\"twitter:label1\" content=\"Yazan:\">\n\t<meta name=\"twitter:data1\" content=\"Jerry\">\n\t<meta name=\"twitter:label2\" content=\"Tahmini okuma s\u00fcresi\">\n\t<meta name=\"twitter:data2\" content=\"3 dakika\">\n<script type=\"application\/ld+json\" class=\"yoast-schema-graph\">{\"@context\":\"https:\/\/schema.org\",\"@graph\":[{\"@type\":\"WebSite\",\"@id\":\"https:\/\/zecovalve.com\/#website\",\"url\":\"https:\/\/zecovalve.com\/\",\"name\":\"ZECO Valve\",\"description\":\"Industrial Ball Valve, Gate Valve and Globe Valve Manufacturer\",\"potentialAction\":[{\"@type\":\"SearchAction\",\"target\":\"https:\/\/zecovalve.com\/?s={search_term_string}\",\"query-input\":\"required name=search_term_string\"}],\"inLanguage\":\"tr\"},{\"@type\":\"ImageObject\",\"@id\":\"https:\/\/zecovalve.com\/product\/carbon-steel-gate-valve#primaryimage\",\"inLanguage\":\"tr\",\"url\":\"https:\/\/zecovalve.com\/wp-content\/uploads\/2022\/06\/Carbon-Steel-Gate-Valve-1.jpg\",\"width\":800,\"height\":600,\"caption\":\"Carbon Steel Gate Valve\"},{\"@type\":\"WebPage\",\"@id\":\"https:\/\/zecovalve.com\/product\/carbon-steel-gate-valve#webpage\",\"url\":\"https:\/\/zecovalve.com\/product\/carbon-steel-gate-valve\",\"name\":\"Carbon Steel Gate Valve - Carbon Steel Valve | ZECO Valve\",\"isPartOf\":{\"@id\":\"https:\/\/zecovalve.com\/#website\"},\"primaryImageOfPage\":{\"@id\":\"https:\/\/zecovalve.com\/product\/carbon-steel-gate-valve#primaryimage\"},\"datePublished\":\"2022-06-19T15:12:21+00:00\",\"dateModified\":\"2023-06-15T12:40:17+00:00\",\"breadcrumb\":{\"@id\":\"https:\/\/zecovalve.com\/product\/carbon-steel-gate-valve#breadcrumb\"},\"inLanguage\":\"tr\",\"potentialAction\":[{\"@type\":\"ReadAction\",\"target\":[\"https:\/\/zecovalve.com\/product\/carbon-steel-gate-valve\"]}]},{\"@type\":\"BreadcrumbList\",\"@id\":\"https:\/\/zecovalve.com\/product\/carbon-steel-gate-valve#breadcrumb\",\"itemListElement\":[{\"@type\":\"ListItem\",\"position\":1,\"item\":{\"@type\":\"WebPage\",\"@id\":\"https:\/\/zecovalve.com\/\",\"url\":\"https:\/\/zecovalve.com\/\",\"name\":\"Home\"}},{\"@type\":\"ListItem\",\"position\":2,\"item\":{\"@type\":\"WebPage\",\"@id\":\"https:\/\/zecovalve.com\/product-category\",\"url\":\"https:\/\/zecovalve.com\/product-category\",\"name\":\"Industrial Valve Manufacturer | Water Valve Manufacturer\"}},{\"@type\":\"ListItem\",\"position\":3,\"item\":{\"@type\":\"WebPage\",\"@id\":\"https:\/\/zecovalve.com\/product\/carbon-steel-gate-valve\",\"url\":\"https:\/\/zecovalve.com\/product\/carbon-steel-gate-valve\",\"name\":\"Carbon Steel Gate Valve\"}}]}]}<\/script>\n<!-- \/ Yoast SEO Premium plugin. -->","_links":{"self":[{"href":"https:\/\/zecovalve.com\/tr\/wp-json\/wp\/v2\/product\/16181","targetHints":{"allow":["GET"]}}],"collection":[{"href":"https:\/\/zecovalve.com\/tr\/wp-json\/wp\/v2\/product"}],"about":[{"href":"https:\/\/zecovalve.com\/tr\/wp-json\/wp\/v2\/types\/product"}],"replies":[{"embeddable":true,"href":"https:\/\/zecovalve.com\/tr\/wp-json\/wp\/v2\/comments?post=16181"}],"wp:featuredmedia":[{"embeddable":true,"href":"https:\/\/zecovalve.com\/tr\/wp-json\/wp\/v2\/media\/27880"}],"wp:attachment":[{"href":"https:\/\/zecovalve.com\/tr\/wp-json\/wp\/v2\/media?parent=16181"}],"wp:term":[{"taxonomy":"product_cat","embeddable":true,"href":"https:\/\/zecovalve.com\/tr\/wp-json\/wp\/v2\/product_cat?post=16181"},{"taxonomy":"product_tag","embeddable":true,"href":"https:\/\/zecovalve.com\/tr\/wp-json\/wp\/v2\/product_tag?post=16181"}],"curies":[{"name":"wp","href":"https:\/\/api.w.org\/{rel}","templated":true}]}}