{"id":16188,"date":"2022-06-19T15:33:39","date_gmt":"2022-06-19T15:33:39","guid":{"rendered":"https:\/\/zecovalve.com\/?post_type=product&#038;p=16188"},"modified":"2023-06-16T13:39:22","modified_gmt":"2023-06-16T13:39:22","slug":"high-temperature-check-valve","status":"publish","type":"product","link":"https:\/\/zecovalve.com\/tr\/urun\/high-temperature-check-valve","title":{"rendered":"Y\u00fcksek S\u0131cakl\u0131k \u00c7ekvalfi"},"content":{"rendered":"<figure class=\"wp-block-image alignnone size-medium wp-image-16189\"><img loading=\"lazy\" decoding=\"async\" class=\"alignnone wp-image-27914 size-medium\" src=\"https:\/\/zecovalve.com\/wp-content\/uploads\/2022\/06\/High-Temperature-Check-Valve-1-300x225.jpg\" alt=\"Y\u00fcksek S\u0131cakl\u0131k \u00c7ekvalfi\" width=\"300\" height=\"225\" srcset=\"https:\/\/zecovalve.com\/wp-content\/uploads\/2022\/06\/High-Temperature-Check-Valve-1-300x225.jpg 300w, https:\/\/zecovalve.com\/wp-content\/uploads\/2022\/06\/High-Temperature-Check-Valve-1-768x576.jpg 768w, https:\/\/zecovalve.com\/wp-content\/uploads\/2022\/06\/High-Temperature-Check-Valve-1-600x450.jpg 600w, https:\/\/zecovalve.com\/wp-content\/uploads\/2022\/06\/High-Temperature-Check-Valve-1.jpg 800w\" sizes=\"auto, (max-width: 300px) 100vw, 300px\" \/><\/figure>\r\n\r\n\r\n<div class=\"gb-button-wrapper gb-button-wrapper-6d8495a3\">\r\n\r\n\r\n<p><a class=\"gb-button gb-button-3d442e11 gb-button-text\" href=\"mailto:commercial@zecovalve.com\" target=\"_blank\" rel=\"noopener noreferrer\"><strong>Y\u00dcKSEK ISI \u00c7EKVALF F\u0130YATI ALIN<\/strong><\/a><\/p>\r\n<\/div>\r\n\r\n\r\n\r\n\r\n<h2 class=\"wp-block-heading\" id=\"h-what-is-a-high-temperature-valve\">Y\u00fcksek S\u0131cakl\u0131k Vanas\u0131 Nedir?<\/h2>\r\n\r\n\r\n\r\n<p>Vana tasar\u0131m\u0131 ve malzeme se\u00e7imi yap\u0131l\u0131rken vanan\u0131n \u00e7al\u0131\u015fma s\u0131cakl\u0131\u011f\u0131 vana g\u00f6vdesi ve trim malzemeleriyle uyumlu olmal\u0131d\u0131r. Y\u00fcksek S\u0131cakl\u0131k Vanalar\u0131 petrokimya, kimya, g\u00fcbre, elektrik enerjisi ve metalurji end\u00fcstrilerinde bulunur. Demir d\u0131\u015f\u0131, karbon \u00e7eli\u011fi ve ala\u015f\u0131m kalitelerinin malzeme \u00f6zellikleri, malzemenin s\u0131n\u0131rlar\u0131na g\u00f6re belirlenir. \u00d6rne\u011fin bronz 550F dereceyi a\u015famaz, dolay\u0131s\u0131yla y\u00fcksek s\u0131cakl\u0131k olarak kabul edilmez. Y\u00fcksek s\u0131cakl\u0131k dereceleri \u015funlard\u0131r:<\/p>\r\n\r\n\r\n\r\n<h3 class=\"wp-block-heading\">D\u00fc\u015f\u00fck s\u0131cakl\u0131k<\/h3>\r\n\r\n\r\n\r\n<p>Alt y\u00fcksek s\u0131cakl\u0131k vanalar\u0131, vanan\u0131n 625f ile 800f derece aras\u0131ndaki \u00e7al\u0131\u015fma s\u0131cakl\u0131\u011f\u0131n\u0131 ifade eder.<\/p>\r\n\r\n\r\n\r\n<p>WCB, WCC, A105, WC6 ve WC9 esas olarak bu aral\u0131ktaki a\u015f\u0131nd\u0131r\u0131c\u0131 hizmetler i\u00e7in kullan\u0131l\u0131r: C5, CF8, CF3, CF8M ve CF3M kullan\u0131l\u0131r<\/p>\r\n\r\n\r\n\r\n<h3 class=\"wp-block-heading\">Y\u00fcksek S\u0131cakl\u0131k Seviyesi I<\/h3>\r\n\r\n\r\n\r\n<p>Y\u00fcksek S\u0131cakl\u0131k Seviyesi I, vanan\u0131n 800f ile 1025f derece aral\u0131\u011f\u0131ndaki \u00e7al\u0131\u015fma s\u0131cakl\u0131\u011f\u0131d\u0131r.<\/p>\r\n\r\n\r\n\r\n<p>Bu aral\u0131ktaki malzemeler ASTM A351 ailesindeki CF8 Paslanmaz \u00e7eli\u011fe dayanmaktad\u0131r.<\/p>\r\n\r\n\r\n\r\n<h3 class=\"wp-block-heading\">Y\u00fcksek S\u0131cakl\u0131k Seviyesi II ve Seviye III<\/h3>\r\n\r\n\r\n\r\n<p>Y\u00fcksek S\u0131cakl\u0131k Seviye II ve Seviye III, vanan\u0131n \u00e7al\u0131\u015fma s\u0131cakl\u0131klar\u0131 1025f ile 1350 derece aral\u0131\u011f\u0131ndad\u0131r.<\/p>\r\n\r\n\r\n\r\n<p>Bu aral\u0131ktaki malzemeler ASTM A351 ailesindeki CF8 Paslanmaz \u00e7eli\u011fe dayanmaktad\u0131r.<\/p>\r\n\r\n\r\n\r\n<p>1350f&#039;nin \u00fczerindeki S\u0131cakl\u0131klar i\u00e7in vanan\u0131n \u00e7al\u0131\u015fma s\u0131cakl\u0131\u011f\u0131, y\u00fcksek s\u0131cakl\u0131k S\u0131n\u0131f IV ve S\u0131n\u0131f V olarak s\u0131n\u0131fland\u0131r\u0131l\u0131r. Bu, uygulamaya \u00f6zel tavsiyeler gerektirir ve bas\u0131n\u00e7-s\u0131cakl\u0131k seviyesi plastik deformasyona neden olabilece\u011finden rutin olarak fiyatland\u0131r\u0131lamaz.<\/p>\r\n\r\n\r\n\r\n<h3 class=\"wp-block-heading\">Bas\u0131n\u00e7\/S\u0131cakl\u0131k Matrisi<\/h3>\r\n\r\n\r\n\r\n<p>D\u00f6kme \u00c7elik veya d\u00f6vme \u00e7elik vanalar, karbon \u00e7eli\u011fi veya paslanmaz \u00e7elik ala\u015f\u0131mlar\u0131ndan yap\u0131labilir ve kaplamalar, 10.000 psi&#039;ye kadar 1000f derecelik s\u0131cakl\u0131klara dayanabilir. Bu valfler metalden metale tam sert y\u00fczeyli yuvalardan veya \u00e7e\u015fitli krom-moly ala\u015f\u0131mlar\u0131ndan ve Monel 400, Hastelloy C276, Inconel 600 ve Inconel 625 gibi egzotik malzemelerden yap\u0131lm\u0131\u015ft\u0131r.<\/p>\r\n\r\n\r\n\r\n<p>Bas\u0131n\u00e7-s\u0131cakl\u0131k i\u00e7in vanalar nas\u0131l belirlenir?<\/p>\r\n\r\n\r\n\r\n<p>ASME B16.34 Bas\u0131n\u00e7 S\u0131cakl\u0131k Tablosu, \u00f6nerilen uygulama i\u00e7in malzemeleri bas\u0131n\u00e7 ve s\u0131cakl\u0131\u011fa g\u00f6re grupland\u0131r\u0131r.<\/p>\r\n\r\n\r\n\r\n<h2 class=\"wp-block-heading\">Y\u00fcksek S\u0131cakl\u0131k Grubu Malzemeleri<\/h2>\r\n\r\n\r\n\r\n<p>\u00d6rne\u011fin, s\u00fcrg\u00fcl\u00fc vanalar, k\u00fcresel vanalar, stop-\u00e7ek vanalar ve \u00c7ek vanalar, ASME B16.34 Bas\u0131n\u00e7 S\u0131cakl\u0131k Tablosuna dayal\u0131 olarak \u00f6nerilen malzeme kombinasyonlar\u0131na sahiptir. SA 182 F11, SA 182 F22, SA 182 F316, ASTM A351 CF8M, A 351 CN7M, C-276, A217 WC6, A217 WC9, A216 WCB, A352 LCB, A352 LCC, A352 LC2, A352 LC3, A217 WC1, A217 WC 4 , A217 WC6, A217 WC9, A 217 C5&#039;in t\u00fcm\u00fc bas\u0131n\u00e7, s\u0131cakl\u0131k ve korozyon direnci a\u00e7\u0131s\u0131ndan farkl\u0131 yeteneklere sahiptir.<\/p>\r\n\r\n\r\n\r\n<p>Valf s\u0131n\u0131rlamalar\u0131n\u0131 belirleyen ek bir fakt\u00f6r, daha y\u00fcksek s\u0131cakl\u0131klar i\u00e7in Grafoil veya Grafitten, 500F derecenin alt\u0131ndaki s\u0131cakl\u0131klar i\u00e7in Teflondan ve y\u00fcksek s\u0131cakl\u0131kta iki katl\u0131 ve \u00fc\u00e7 katl\u0131 Monel k\u00f6r\u00fcklerden yap\u0131labilen salmastra ve conta malzemeleridir.<\/p>\r\n\r\n\r\n\r\n<h2 class=\"wp-block-heading\" id=\"h-features-of-high-temperature-check-valve\">Y\u00fcksek S\u0131cakl\u0131k \u00c7ek Valf\u0131n\u0131n \u00d6zellikleri<\/h2>\r\n\r\n\r\n\r\n<ul class=\"wp-block-list\">\r\n<li>A\u015f\u0131r\u0131 y\u00fcksek s\u0131cakl\u0131klar veya kriyojenik uygulamalar i\u00e7in vanalar y\u00fcksek s\u0131cakl\u0131k uzatmalar\u0131yla donat\u0131labilir.<\/li>\r\n<li>B\u00f6ylece salmastra y\u00fcksek veya d\u00fc\u015f\u00fck s\u0131cakl\u0131k valf g\u00f6vdesinden \u00e7\u0131kar\u0131l\u0131r.<\/li>\r\n<li>Vana g\u00f6vdesi AISI 316Ti paslanmaz \u00e7elikten yap\u0131lm\u0131\u015ft\u0131r.<\/li>\r\n<li>D\u00f6nmeyen alt g\u00f6vdeye sahip iki par\u00e7al\u0131 g\u00f6vde salmastran\u0131n ve yata\u011f\u0131n servis \u00f6mr\u00fcn\u00fc uzat\u0131r.<\/li>\r\n<li>En y\u00fcksek bas\u0131n\u00e7larda kolay kullan\u0131m i\u00e7in b\u00fcy\u00fck sap. Minimum gerekli tork ve bo\u015fluk sorunu yok.<\/li>\r\n<li>Gaz ve s\u0131v\u0131lara kar\u015f\u0131 s\u0131zd\u0131rmaz.<\/li>\r\n<li>\u0130nert PTFE veya g\u00fcm\u00fc\u015f salmastra halkas\u0131.<\/li>\r\n<li>Boru ba\u011flant\u0131lar\u0131nda ve salmastrada g\u00fcvenlik s\u0131z\u0131nt\u0131 delikleri.<\/li>\r\n<li>\u0130n\u00e7 ve metrik SITEC HP borular\u0131 i\u00e7in ba\u011flant\u0131lar.<\/li>\r\n<li>Ak\u0131\u015fkan \u00e7al\u0131\u015fma s\u0131cakl\u0131\u011f\u0131 \u2013200\u00b0C (\u2013300\u00b0F) ila +300\u00b0C (570\u00b0F). +450\u00b0C&#039;ye kadar y\u00fcksek s\u0131cakl\u0131k uzatmas\u0131nda so\u011futma ceketi bulunur.<\/li>\r\n<li>T\u00fcm vanalar\u0131m\u0131z salmastra somunlar\u0131 ve bilezikleriyle donat\u0131lm\u0131\u015ft\u0131r.<\/li>\r\n<li>T\u00fcm vanalar fabrikada test edilmi\u015ftir ve k\u0131sa s\u00fcreli olarak mevcuttur.<\/li>\r\n<\/ul>\r\n\r\n\r\n\r\n<h2 class=\"wp-block-heading\" id=\"h-material-of-high-temperature-check-valve\">Y\u00fcksek S\u0131cakl\u0131k \u00c7ek Valf\u0131n\u0131n Malzemesi<\/h2>\r\n\r\n\r\n\r\n<figure class=\"wp-block-table\">\r\n<table>\r\n<tbody>\r\n<tr>\r\n<td>Hay\u0131r<\/td>\r\n<td>Par\u00e7a<\/td>\r\n<td>Malzeme<\/td>\r\n<\/tr>\r\n<tr>\r\n<td>1<\/td>\r\n<td>V\u00fccut<\/td>\r\n<td>ASTM A217 WC9<\/td>\r\n<\/tr>\r\n<tr>\r\n<td>2<\/td>\r\n<td>Koltuk<\/td>\r\n<td>ASTM A182 F22 + STL<\/td>\r\n<\/tr>\r\n<tr>\r\n<td>3<\/td>\r\n<td>Disk<\/td>\r\n<td>ASTM A217 WC9 +STL<\/td>\r\n<\/tr>\r\n<tr>\r\n<td>4<\/td>\r\n<td>Kol<\/td>\r\n<td>ASTM A217 WC9<\/td>\r\n<\/tr>\r\n<tr>\r\n<td>5<\/td>\r\n<td>F\u0131nd\u0131k<\/td>\r\n<td>ASTM A194 4<\/td>\r\n<\/tr>\r\n<tr>\r\n<td>6<\/td>\r\n<td>Pim<\/td>\r\n<td>ASTM A182 F6a<\/td>\r\n<\/tr>\r\n<tr>\r\n<td>7<\/td>\r\n<td>Ba\u011flay\u0131c\u0131<\/td>\r\n<td>ASTM A217 WC9<\/td>\r\n<\/tr>\r\n<tr>\r\n<td>8<\/td>\r\n<td>Conta<\/td>\r\n<td>Grafit + SS316<\/td>\r\n<\/tr>\r\n<tr>\r\n<td>9<\/td>\r\n<td>Bone<\/td>\r\n<td>ASTM A217 WC9<\/td>\r\n<\/tr>\r\n<tr>\r\n<td>10<\/td>\r\n<td>C\u0131vata<\/td>\r\n<td>ASTM A193 B16<\/td>\r\n<\/tr>\r\n<\/tbody>\r\n<\/table>\r\n<\/figure>","protected":false},"excerpt":{"rendered":"<p>Y\u00fcksek S\u0131cakl\u0131k Vanas\u0131 Nedir? Vana tasar\u0131m\u0131 ve malzeme se\u00e7imi yap\u0131l\u0131rken vanan\u0131n \u00e7al\u0131\u015fma s\u0131cakl\u0131\u011f\u0131 \u2026 <a title=\"Y\u00fcksek S\u0131cakl\u0131k \u00c7ekvalfi\" class=\"read-more\" href=\"https:\/\/zecovalve.com\/tr\/urun\/high-temperature-check-valve\" aria-label=\"Y\u00fcksek S\u0131cakl\u0131k \u00c7ekvalfi hakk\u0131nda daha fazlas\u0131\">Daha fazla bilgi edinin<\/a><\/p>","protected":false},"featured_media":27914,"comment_status":"closed","ping_status":"closed","template":"","meta":{"_generate-full-width-content":"","kt_blocks_editor_width":""},"product_cat":[2455,2067],"product_tag":[2657,2661,2660],"class_list":["post-16188","product","type-product","status-publish","has-post-thumbnail","hentry","product_cat-check-valve","product_cat-swing-check-valve","product_tag-non-return-valve","product_tag-nrv-valve","product_tag-swing-check-valve","sales-flash-overlay","woocommerce-text-align-center","woocommerce-image-align-center","do-quantity-buttons"],"featured_image_src_large":["https:\/\/zecovalve.com\/wp-content\/uploads\/2022\/06\/High-Temperature-Check-Valve-1.jpg",800,600,false],"author_info":[],"comment_info":0,"taxonomy_info":{"product_cat":[{"value":2455,"label":"Check Valve"},{"value":2067,"label":"Swing Check Valve"}],"product_tag":[{"value":2657,"label":"Non Return Valve"},{"value":2661,"label":"NRV Valve"},{"value":2660,"label":"Swing Check Valve"}]},"yoast_head":"<!-- This site is optimized with the Yoast SEO Premium plugin v15.4 - https:\/\/yoast.com\/wordpress\/plugins\/seo\/ -->\n<title>High Temperature Check Valve - High Temperature Valve | ZECO Valve<\/title>\n<meta name=\"robots\" content=\"index, follow, max-snippet:-1, max-image-preview:large, max-video-preview:-1\" \/>\n<link rel=\"canonical\" href=\"https:\/\/zecovalve.com\/tr\/urun\/high-temperature-check-valve\" \/>\n<meta property=\"og:locale\" content=\"tr_TR\" \/>\n<meta property=\"og:type\" content=\"article\" \/>\n<meta property=\"og:title\" content=\"High Temperature Check Valve - High Temperature Valve | ZECO Valve\" \/>\n<meta property=\"og:description\" content=\"What is a High Temperature Valve? When choosing a valve design and material selection, the working temperature of the valve should be ... Read more\" \/>\n<meta property=\"og:url\" content=\"https:\/\/zecovalve.com\/tr\/urun\/high-temperature-check-valve\" \/>\n<meta property=\"og:site_name\" content=\"ZECO Valve\" \/>\n<meta property=\"article:modified_time\" content=\"2023-06-16T13:39:22+00:00\" \/>\n<meta property=\"og:image\" content=\"https:\/\/zecovalve.com\/wp-content\/uploads\/2022\/06\/High-Temperature-Check-Valve-1.jpg\" \/>\n\t<meta property=\"og:image:width\" content=\"800\" \/>\n\t<meta property=\"og:image:height\" content=\"600\" \/>\n<meta name=\"twitter:card\" content=\"summary_large_image\" \/>\n<meta name=\"twitter:label1\" content=\"Yazan:\">\n\t<meta name=\"twitter:data1\" content=\"Jerry\">\n\t<meta name=\"twitter:label2\" content=\"Tahmini okuma s\u00fcresi\">\n\t<meta name=\"twitter:data2\" content=\"2 dakika\">\n<script type=\"application\/ld+json\" class=\"yoast-schema-graph\">{\"@context\":\"https:\/\/schema.org\",\"@graph\":[{\"@type\":\"WebSite\",\"@id\":\"https:\/\/zecovalve.com\/#website\",\"url\":\"https:\/\/zecovalve.com\/\",\"name\":\"ZECO Valve\",\"description\":\"Industrial Ball Valve, Gate Valve and Globe Valve Manufacturer\",\"potentialAction\":[{\"@type\":\"SearchAction\",\"target\":\"https:\/\/zecovalve.com\/?s={search_term_string}\",\"query-input\":\"required name=search_term_string\"}],\"inLanguage\":\"tr\"},{\"@type\":\"ImageObject\",\"@id\":\"https:\/\/zecovalve.com\/product\/high-temperature-check-valve#primaryimage\",\"inLanguage\":\"tr\",\"url\":\"https:\/\/zecovalve.com\/wp-content\/uploads\/2022\/06\/High-Temperature-Check-Valve-1.jpg\",\"width\":800,\"height\":600,\"caption\":\"High Temperature Check Valve\"},{\"@type\":\"WebPage\",\"@id\":\"https:\/\/zecovalve.com\/product\/high-temperature-check-valve#webpage\",\"url\":\"https:\/\/zecovalve.com\/product\/high-temperature-check-valve\",\"name\":\"High Temperature Check Valve - High Temperature Valve | ZECO Valve\",\"isPartOf\":{\"@id\":\"https:\/\/zecovalve.com\/#website\"},\"primaryImageOfPage\":{\"@id\":\"https:\/\/zecovalve.com\/product\/high-temperature-check-valve#primaryimage\"},\"datePublished\":\"2022-06-19T15:33:39+00:00\",\"dateModified\":\"2023-06-16T13:39:22+00:00\",\"breadcrumb\":{\"@id\":\"https:\/\/zecovalve.com\/product\/high-temperature-check-valve#breadcrumb\"},\"inLanguage\":\"tr\",\"potentialAction\":[{\"@type\":\"ReadAction\",\"target\":[\"https:\/\/zecovalve.com\/product\/high-temperature-check-valve\"]}]},{\"@type\":\"BreadcrumbList\",\"@id\":\"https:\/\/zecovalve.com\/product\/high-temperature-check-valve#breadcrumb\",\"itemListElement\":[{\"@type\":\"ListItem\",\"position\":1,\"item\":{\"@type\":\"WebPage\",\"@id\":\"https:\/\/zecovalve.com\/\",\"url\":\"https:\/\/zecovalve.com\/\",\"name\":\"Home\"}},{\"@type\":\"ListItem\",\"position\":2,\"item\":{\"@type\":\"WebPage\",\"@id\":\"https:\/\/zecovalve.com\/product-category\",\"url\":\"https:\/\/zecovalve.com\/product-category\",\"name\":\"Industrial Valve Manufacturer | Water Valve Manufacturer\"}},{\"@type\":\"ListItem\",\"position\":3,\"item\":{\"@type\":\"WebPage\",\"@id\":\"https:\/\/zecovalve.com\/product\/high-temperature-check-valve\",\"url\":\"https:\/\/zecovalve.com\/product\/high-temperature-check-valve\",\"name\":\"High Temperature Check Valve\"}}]}]}<\/script>\n<!-- \/ Yoast SEO Premium plugin. -->","_links":{"self":[{"href":"https:\/\/zecovalve.com\/tr\/wp-json\/wp\/v2\/product\/16188","targetHints":{"allow":["GET"]}}],"collection":[{"href":"https:\/\/zecovalve.com\/tr\/wp-json\/wp\/v2\/product"}],"about":[{"href":"https:\/\/zecovalve.com\/tr\/wp-json\/wp\/v2\/types\/product"}],"replies":[{"embeddable":true,"href":"https:\/\/zecovalve.com\/tr\/wp-json\/wp\/v2\/comments?post=16188"}],"wp:featuredmedia":[{"embeddable":true,"href":"https:\/\/zecovalve.com\/tr\/wp-json\/wp\/v2\/media\/27914"}],"wp:attachment":[{"href":"https:\/\/zecovalve.com\/tr\/wp-json\/wp\/v2\/media?parent=16188"}],"wp:term":[{"taxonomy":"product_cat","embeddable":true,"href":"https:\/\/zecovalve.com\/tr\/wp-json\/wp\/v2\/product_cat?post=16188"},{"taxonomy":"product_tag","embeddable":true,"href":"https:\/\/zecovalve.com\/tr\/wp-json\/wp\/v2\/product_tag?post=16188"}],"curies":[{"name":"wp","href":"https:\/\/api.w.org\/{rel}","templated":true}]}}