{"id":16192,"date":"2022-06-19T15:45:58","date_gmt":"2022-06-19T15:45:58","guid":{"rendered":"https:\/\/zecovalve.com\/?post_type=product&#038;p=16192"},"modified":"2023-06-16T13:39:47","modified_gmt":"2023-06-16T13:39:47","slug":"wafer-type-nrv","status":"publish","type":"product","link":"https:\/\/zecovalve.com\/tr\/urun\/wafer-type-nrv","title":{"rendered":"Wafer Tip NRV"},"content":{"rendered":"<p>ZECO Vana, kaliteli end\u00fcstriyel vanalar tasarlayan tan\u0131nm\u0131\u015f bir \u00c7ekvalf \u00dcreticisidir. Tasar\u0131mlar\u0131nda sa\u011flam, kullan\u0131c\u0131 dostu, mod\u00fcler ve son derece dayan\u0131kl\u0131 geni\u015f bir valf yelpazesi sunuyoruz.<\/p>\r\n\r\n\r\n\r\n<figure class=\"wp-block-image alignnone size-medium wp-image-16193\">\r\n<p><img loading=\"lazy\" decoding=\"async\" class=\"wp-image-27915 size-medium\" src=\"https:\/\/zecovalve.com\/wp-content\/uploads\/2022\/06\/Wafer-Type-NRV-2-300x225.jpg\" alt=\"Wafer Tip NRV\" width=\"300\" height=\"225\" srcset=\"https:\/\/zecovalve.com\/wp-content\/uploads\/2022\/06\/Wafer-Type-NRV-2-300x225.jpg 300w, https:\/\/zecovalve.com\/wp-content\/uploads\/2022\/06\/Wafer-Type-NRV-2-768x576.jpg 768w, https:\/\/zecovalve.com\/wp-content\/uploads\/2022\/06\/Wafer-Type-NRV-2-600x450.jpg 600w, https:\/\/zecovalve.com\/wp-content\/uploads\/2022\/06\/Wafer-Type-NRV-2.jpg 800w\" sizes=\"auto, (max-width: 300px) 100vw, 300px\" \/><\/p>\r\n<\/figure>\r\n\r\n\r\n<div class=\"gb-button-wrapper gb-button-wrapper-6d8495a3\">\r\n\r\n\r\n<p><a class=\"gb-button gb-button-3d442e11 gb-button-text\" href=\"mailto:commercial@zecovalve.com\" target=\"_blank\" rel=\"noopener noreferrer\"><strong>GOFRET TIPI NRV FIYATI ALIN<\/strong><\/a><\/p>\r\n<\/div>\r\n\r\n\r\n\r\n\r\n<h2 class=\"wp-block-heading\" id=\"h-what-is-nrv-wafer-type\">NRV Gofret Tipi Nedir?<\/h2>\r\n\r\n\r\n\r\n<p>ZECO wafer tipi NRV daha k\u0131sa y\u00fcz y\u00fcze boyuta ve \u00e7ift plaka tasar\u0131m\u0131na sahiptir, u\u00e7 ba\u011flant\u0131 se\u00e7enekleri wafer tipi, pabu\u00e7 tipi ve \u00e7ift flan\u015f tipini i\u00e7erir ve 2\u2033 ila 60\u2033 boyutlar\u0131nda ve ASME s\u0131n\u0131f\u0131 150 ila 2500 bas\u0131n\u00e7 de\u011ferlerinde mevcuttur. M\u00fc\u015fterinin talebi \u00fczerine \u00e7ok \u00e7e\u015fitli g\u00f6vde ve trim malzemeleri iste\u011fe ba\u011fl\u0131d\u0131r. Geleneksel sal\u0131n\u0131ml\u0131 \u00e7ek valflerle kar\u015f\u0131la\u015ft\u0131r\u0131ld\u0131\u011f\u0131nda, ZECO'nun wafer tipi NRV'si d\u0131\u015far\u0131ya do\u011fru s\u0131f\u0131r s\u0131z\u0131nt\u0131 (c\u0131vatal\u0131 veya di\u015fli ba\u011flant\u0131 yok), maliyet tasarrufu, herhangi bir hat y\u00f6n\u00fcne monte edilebilme, \u00fcst\u00fcn s\u0131zd\u0131rmazl\u0131k performans\u0131, minimum hat \u015foku, daha d\u00fc\u015f\u00fck bas\u0131n\u00e7 kayb\u0131 ve s\u0131f\u0131r yatak a\u015f\u0131nmas\u0131 avantaj\u0131na sahiptir.<\/p>\r\n\r\n\r\n\r\n<h2 class=\"wp-block-heading\">NRV Wafer Tipleri<\/h2>\r\n\r\n\r\n\r\n<h3 class=\"wp-block-heading\">TEK DISKLI \u00c7EK VALF<\/h3>\r\n\r\n\r\n\r\n<p>Hafif, \u00e7ok y\u00f6nl\u00fc tasar\u0131m - 80% ila 90% geleneksel tam g\u00f6vdeli sal\u0131n\u0131ml\u0131 \u00e7ek valflerden daha az Tek Disk a\u00e7\u0131kl\u0131\u011f\u0131, Tek entegre kol \/ disk tertibat\u0131, Diskin yan\u0131t verebilirli\u011fini art\u0131rmak i\u00e7in hesaplanan yayl\u0131 disk, G\u00f6vdeye g\u00fcvercin kuyru\u011fu olu\u011fu ile sabitlenmi\u015f elastomer o-ring yatak, Entegre g\u00f6vde yata\u011f\u0131, \u00dcflemesiz \u015faft tasar\u0131m\u0131. Alan kullan\u0131m\u0131n\u0131 optimize eder, Kurulum maliyetlerini d\u00fc\u015f\u00fcr\u00fcr, Boru desteklerini azalt\u0131r, Daha az adam-saat gerektirir, Engelsiz ak\u0131\u015f D\u00fc\u015f\u00fck ak\u0131\u015f h\u0131zlar\u0131nda kararl\u0131 disk, Diskin koldan kesilmesi yok, Daha uzun \u00f6m\u00fcr i\u00e7in d\u00f6nmeyen disk.<\/p>\r\n\r\n\r\n\r\n<h3 class=\"wp-block-heading\">\u00c7ARPMAYAN \u00c7EK VALF<\/h3>\r\n\r\n\r\n\r\n<p>Diskli \u00c7ekvalf, tam ak\u0131\u015f sa\u011flayan ve di\u011fer Geri D\u00f6n\u00fc\u015fs\u00fcz Vana t\u00fcrlerine g\u00f6re \u00e7ok daha az yer kaplayan geli\u015fmi\u015f tasar\u0131mlard\u0131r. DCV'lerin iki boru flan\u015f\u0131 aras\u0131na tak\u0131lmas\u0131 kolayd\u0131r. Boru hatlar\u0131nda ters ak\u0131\u015f\u0131 \u00f6nlemek i\u00e7in yay y\u00fckl\u00fc disk. Geleneksel sal\u0131n\u0131ml\u0131 \u00e7ek valflerden daha g\u00fc\u00e7l\u00fc, daha hafif ve daha k\u00fc\u00e7\u00fckt\u00fcr, bu nedenle kurulumu ve bak\u0131m\u0131 daha ucuzdur. Vanalar\u0131n kompakt tasar\u0131m\u0131, \u00e7e\u015fitli flan\u015f se\u00e7imlerine esnek bir \u015fekilde uyum sa\u011flar. Vanalar boru hatlar\u0131na herhangi bir y\u00f6nde tak\u0131labilir. Yumu\u015fak yatakl\u0131 vanalar i\u00e7in s\u0131f\u0131r s\u0131z\u0131nt\u0131.<\/p>\r\n\r\n\r\n\r\n<h3 class=\"wp-block-heading\">\u00c7IFT PLAKALI \u00c7EK VALF<\/h3>\r\n\r\n\r\n\r\n<p>\u00c7ift Plakal\u0131 \u00c7ekvalf, geleneksel bir sal\u0131n\u0131m \u00e7ekvalfine veya \u00f6m\u00fcr \u00e7ekvalfine k\u0131yasla \u00e7ok daha g\u00fc\u00e7l\u00fc, daha hafif ve boyut olarak daha k\u00fc\u00e7\u00fck olan \u00e7ok ama\u00e7l\u0131 bir geri d\u00f6n\u00fc\u015fs\u00fcz valftir. \u00c7ift Plakal\u0131 \u00c7ekvalf, vanan\u0131n di\u011fer boru ba\u011flant\u0131 par\u00e7alar\u0131 gibi g\u00f6r\u00fcnmesini sa\u011flayan silindirik g\u00f6vdeye sahiptir. Silindirik bir g\u00f6vde, geleneksel bir sal\u0131n\u0131ml\u0131 \u00e7ek valfe k\u0131yasla \u00e7ok daha d\u00fczg\u00fcn bir gerilim da\u011f\u0131l\u0131m\u0131na sahiptir. \u00c7ift Plakal\u0131 \u00c7ek Valfin bas\u0131n\u00e7 i\u00e7eren k\u0131sm\u0131n\u0131n silindirik g\u00f6vdesi, valfin a\u011f\u0131rl\u0131\u011f\u0131na (kal\u0131nl\u0131\u011f\u0131na) a\u015f\u0131r\u0131 derecede dayanacak \u015fekilde tasarlanabilir. Bu nedenle, a\u011f\u0131r \/ zorlu y\u00fckleme ko\u015fullar\u0131 i\u00e7in, bu vanalar genel \u00e7ok y\u00f6nl\u00fcl\u00fc\u011f\u00fcn yan\u0131 s\u0131ra hem g\u00fcvenlik hem de ekonomik a\u00e7\u0131dan geleneksel vanalara g\u00f6re belirgin bir avantaja sahiptir. \u00c7ift Plakal\u0131 \u00c7ekvalf, merkezi bir mente\u015fe pimi \u00fczerine mente\u015felenmi\u015f yay y\u00fckl\u00fc iki plaka kullan\u0131r. Ak\u0131\u015f azald\u0131\u011f\u0131nda, plakalar ters ak\u0131\u015fa gerek kalmadan burulma yay\u0131 hareketiyle kapan\u0131r. Bu tasar\u0131m, ayn\u0131 anda Su Darbesi Olmamas\u0131 ve \u00c7arpma Olmamas\u0131 gibi ikiz avantajlar sunar. T\u00fcm \u00f6zellikler bir araya geldi\u011finde \u00c7ift Plakal\u0131 \u00c7ekvalfi en verimli tasar\u0131mlardan biri haline getirir. \u00c7ift Plakal\u0131 \u00c7ekvalfler gofret tasar\u0131ml\u0131, flan\u015fl\u0131 gofret tasar\u0131ml\u0131 ve flan\u015fl\u0131 u\u00e7lara sahip geni\u015fletilmi\u015f tasar\u0131ml\u0131 olarak mevcuttur.<\/p>\r\n\r\n\r\n\r\n<h2 class=\"wp-block-heading\">Wafer Tipi NRV nas\u0131l \u00e7al\u0131\u015f\u0131r?<\/h2>\r\n\r\n\r\n\r\n<p>Wafer tipi bir \u00e7ek valf bas\u0131n\u00e7 fark\u0131na ba\u011fl\u0131 olarak \u00e7al\u0131\u015f\u0131r. Bu, wafer tipi NRV'nin giri\u015f ve \u00e7\u0131k\u0131\u015f portlar\u0131 aras\u0131ndaki bas\u0131n\u00e7 fark\u0131d\u0131r. Giri\u015f bas\u0131nc\u0131 \u00e7\u0131k\u0131\u015f bas\u0131nc\u0131ndan fazla oldu\u011funda valf diski a\u00e7\u0131l\u0131r. Bu bas\u0131n\u00e7, valf disklerini \u00e7\u0131rpmak i\u00e7in gereken kuvveti sa\u011flar. Diskler \u00e7\u0131rp\u0131ld\u0131\u011f\u0131nda ak\u0131\u015fkan\u0131n vanadan akmas\u0131 i\u00e7in bo\u015fluk b\u0131rak\u0131rlar. Diskler, \u00e7\u0131k\u0131\u015f taraf\u0131na g\u00f6re daha y\u00fcksek emme bas\u0131nc\u0131 oldu\u011fu s\u00fcrece a\u00e7\u0131k kal\u0131r. Emme bas\u0131nc\u0131 d\u00fc\u015ft\u00fc\u011f\u00fcnde veya ak\u0131\u015fkan ters ak\u0131\u015fa ge\u00e7meye \u00e7al\u0131\u015ft\u0131\u011f\u0131nda, yay valf plakalar\u0131n\u0131 oturma pozisyonuna geri d\u00f6nd\u00fcrmek i\u00e7in enerji kazan\u0131r ve b\u00f6ylece ters ak\u0131\u015fkan ak\u0131\u015f\u0131n\u0131n \u00f6nlenmesine yard\u0131mc\u0131 olur.<\/p>\r\n\r\n\r\n<div class=\"wp-block-image\">\r\n<figure class=\"aligncenter size-full\"><img loading=\"lazy\" decoding=\"async\" width=\"566\" height=\"154\" class=\"wp-image-19681\" src=\"https:\/\/zecovalve.com\/wp-content\/uploads\/2022\/07\/Working-of-a-wafer-type-non-return-check-valve.jpg\" alt=\"\" srcset=\"https:\/\/zecovalve.com\/wp-content\/uploads\/2022\/07\/Working-of-a-wafer-type-non-return-check-valve.jpg 566w, https:\/\/zecovalve.com\/wp-content\/uploads\/2022\/07\/Working-of-a-wafer-type-non-return-check-valve-300x82.jpg 300w\" sizes=\"auto, (max-width: 566px) 100vw, 566px\" \/><\/figure>\r\n<\/div>\r\n\r\n\r\n<h2 class=\"wp-block-heading\" id=\"h-features-of-wafer-type-nrv\">Wafer Tip NRV'nin \u00d6zellikleri<\/h2>\r\n\r\n\r\n\r\n<ul class=\"wp-block-list\">\r\n<li>ZECO wafer tipi NRV'nin \u00e7ift plaka tasar\u0131m\u0131, dahili bir tutma ba\u011flant\u0131s\u0131 i\u00e7erir. Ba\u011flant\u0131 par\u00e7as\u0131, vana ve boru hatt\u0131 aras\u0131nda etkili bir s\u0131zd\u0131rmazl\u0131k sa\u011flamak i\u00e7in conta s\u0131zd\u0131rmazl\u0131k y\u00fczeyine girmez;<\/li>\r\n<li>ZECO gofret tipi NRV'nin \u00e7ift plakal\u0131 gofret tasar\u0131m\u0131, bu \u00e7ek valfi daha hafif hale getirir, bu da geleneksel sal\u0131n\u0131ml\u0131 \u00e7ek valf a\u011f\u0131rl\u0131\u011f\u0131n\u0131n sadece 10 ~ 25%'si kadard\u0131r, ilk valf maliyetinde tasarruf sa\u011flar ve daha d\u00fc\u015f\u00fck kurulum maliyeti sa\u011flar;<\/li>\r\n<li>ZECO wafer tipi NRV'nin yay \u00f6zelli\u011fi vanay\u0131 kapal\u0131 tutmaya yard\u0131mc\u0131 olur ve boru hatt\u0131 b\u00fck\u00fclme y\u00fcklerini ortadan kald\u0131rmada daha hafif olmas\u0131, boru d\u00fczeninizi en verimli ve en ucuz y\u00f6ntemle tasarlaman\u0131za olanak sa\u011flamak i\u00e7in vanay\u0131 herhangi bir konumda esnek bir \u015fekilde monte eder;<\/li>\r\n<li>Vana a\u00e7\u0131ld\u0131\u011f\u0131nda, topu\u011fun oturma y\u00fczeyi boyunca s\u00fcr\u00fcklenmesini ve a\u015f\u0131nmaya neden olmas\u0131n\u0131 \u00f6nlemek i\u00e7in \u00e7ift plakan\u0131n topu\u011fu ak\u0131\u015f y\u00f6n\u00fcnde kald\u0131r\u0131l\u0131r. Vanay\u0131 kapat\u0131rken, hem iki y\u00fcksek burulma yay\u0131 hem de geri bas\u0131n\u00e7, s\u0131zd\u0131rmazl\u0131\u011f\u0131 tamamlamak i\u00e7in diskin ucunu ve topu\u011funu s\u0131rayla d\u00fcz yuvaya geri itecektir.<\/li>\r\n<li>Wafer tipi \u00e7ek valfler, bir el \u00e7ark\u0131 veya valf akt\u00fcat\u00f6r\u00fc kullan\u0131lmadan kendi ba\u015flar\u0131na \u00e7al\u0131\u015f\u0131r.<\/li>\r\n<li>Bu valfler ters ak\u0131\u015fkan ak\u0131\u015f\u0131na izin vermez. Ak\u0131\u015fkan ileri y\u00f6nde akar ve valf hemen kapand\u0131\u011f\u0131ndan geri gitme giri\u015fimleri k\u0131s\u0131tlan\u0131r.<\/li>\r\n<li>Bu valfler di\u011fer valflere g\u00f6re y\u00fcksek verimlili\u011fe sahiptir \u00e7\u00fcnk\u00fc bas\u0131n\u00e7 d\u00fc\u015f\u00fc\u015fleri minimumdur.<\/li>\r\n<li>Wafer tipi \u00e7ek valfler, \u00e7al\u0131\u015fma s\u0131v\u0131s\u0131 bas\u0131nc\u0131n\u0131 korumak i\u00e7in tasarlanm\u0131\u015ft\u0131r.<\/li>\r\n<li>Wafer tipi NRV, ev uygulamalar\u0131ndan end\u00fcstriyel uygulamalara kadar \u00e7e\u015fitli uygulamalarda kullan\u0131ld\u0131\u011f\u0131ndan \u00e7ok y\u00f6nl\u00fcd\u00fcr.<\/li>\r\n<li>Bu vanalar\u0131n kurulumu, onar\u0131m\u0131 ve temizli\u011fi kolayd\u0131r.<\/li>\r\n<li>S\u0131v\u0131 s\u0131z\u0131nt\u0131s\u0131 yoktur.<\/li>\r\n<li>Wafer tipi \u00e7ek valfler su darbesini ve ilgili etkileri hafifletir.<\/li>\r\n<li>Di\u011fer \u00e7ek valflere g\u00f6re hafiftirler.<\/li>\r\n<li>Bu vanalar, ters ak\u0131\u015fkan ak\u0131\u015f\u0131n\u0131 \u00f6nlemek i\u00e7in yaln\u0131zca yer\u00e7ekimine ba\u011fl\u0131 olmad\u0131klar\u0131ndan yatay veya dikey konumlarda monte edilebilirler.<\/li>\r\n<li>Wafer tipi NRV, glob vanalar gibi di\u011fer vanalara g\u00f6re daha h\u0131zl\u0131 hareket eder.<\/li>\r\n<\/ul>\r\n\r\n\r\n\r\n<h2 class=\"wp-block-heading\">Wafer Tipi NRV Uygulamalar\u0131<\/h2>\r\n\r\n\r\n\r\n<ul class=\"wp-block-list\">\r\n<li>Buhar<\/li>\r\n<li>S\u0131cak ve so\u011fuk su<\/li>\r\n<li>G\u00fc\u00e7 ve \u0131s\u0131 m\u00fchendisli\u011fi<\/li>\r\n<li>Bas\u0131n\u00e7l\u0131 Hava<\/li>\r\n<li>End\u00fcstriyel teknolojiler<\/li>\r\n<li>Asitlik veya alkalilik \u00f6zelli\u011fi olmayan s\u0131v\u0131lar<\/li>\r\n<\/ul>\r\n\r\n\r\n\r\n<h2 class=\"wp-block-heading\">NRV Wafer Tipinin \u00d6zellikleri<\/h2>\r\n\r\n\r\n\r\n<figure class=\"wp-block-table is-style-stripes\">\r\n<table>\r\n<tbody>\r\n<tr>\r\n<td>Tek Diskli \u00c7ekvalf<\/td>\r\n<td>API 594 \/ API 6D<\/td>\r\n<\/tr>\r\n<tr>\r\n<td>S\u0131zd\u0131rmaz \u00c7ekvalf<\/td>\r\n<td>API 594<\/td>\r\n<\/tr>\r\n<tr>\r\n<td>\u00c7ift Plakal\u0131 \u00c7ekvalf<\/td>\r\n<td>API 594<\/td>\r\n<\/tr>\r\n<tr>\r\n<td>Flan\u015fl\u0131 U\u00e7 \u00d6l\u00e7\u00fcleri<\/td>\r\n<td>ASME B16.5, ASME B16.47 A &amp; B<\/td>\r\n<\/tr>\r\n<tr>\r\n<td>Valf Muayenesi ve Testi<\/td>\r\n<td>API 598<\/td>\r\n<\/tr>\r\n<tr>\r\n<td>G\u00f6rsel Denetim<\/td>\r\n<td>MSS SP 55<\/td>\r\n<\/tr>\r\n<tr>\r\n<td>Tahribats\u0131z Test (RT, UT, MT, PT)<\/td>\r\n<td>ASME B16.34<\/td>\r\n<\/tr>\r\n<tr>\r\n<td>Bas\u0131n\u00e7 - S\u0131cakl\u0131k Derecesi<\/td>\r\n<td>ASME B16.34<\/td>\r\n<\/tr>\r\n<\/tbody>\r\n<\/table>\r\n<\/figure>\r\n\r\n\r\n\r\n<figure class=\"wp-block-table is-style-stripes\">\r\n<table>\r\n<tbody>\r\n<tr>\r\n<td>G\u00d6VDE<\/td>\r\n<td>CI IS 210 GR FG 200\/220\/CS ASTMA 216 GR WCB \/SG DEMI\u0307R\/ CF8\/SS 304 \/ CF8M\/SS 316 \/CF3\/CF3M\/GUN METAL\/AL\u00dcMI\u0307NYUM<\/td>\r\n<\/tr>\r\n<tr>\r\n<td>PIN<\/td>\r\n<td>MS\/AISI 304\/ AISI 316<\/td>\r\n<\/tr>\r\n<tr>\r\n<td>HALKALAR<\/td>\r\n<td>NBR\/NEOPREN\/NITRIL\/SILIKON\/ VITON\/PTFE\/STL\/INTREGAL<\/td>\r\n<\/tr>\r\n<tr>\r\n<td>BOYUT ARALI\u011eI<\/td>\r\n<td>25NB ILA 1200 NB (1\u2033 ILA 48\u2033)<\/td>\r\n<\/tr>\r\n<tr>\r\n<td>BASIN\u00c7 SINIFI<\/td>\r\n<td>150# ila 1500#<\/td>\r\n<\/tr>\r\n<\/tbody>\r\n<\/table>\r\n<\/figure>","protected":false},"excerpt":{"rendered":"<p>ZECO Valve, kaliteli end\u00fcstriyel valfler tasarlamakla ilgilenen tan\u0131nm\u0131\u015f bir \u00c7ek Valf \u00dcreticisidir. \u00c7ok \u00e7e\u015fitli vanalar sunuyoruz\u2026 <a title=\"Wafer Tip NRV\" class=\"read-more\" href=\"https:\/\/zecovalve.com\/tr\/urun\/wafer-type-nrv\" aria-label=\"Wafer Tipi NRV hakk\u0131nda daha fazla bilgi\">Daha fazla bilgi edinin<\/a><\/p>","protected":false},"featured_media":27915,"comment_status":"closed","ping_status":"closed","template":"","meta":{"_generate-full-width-content":"","kt_blocks_editor_width":""},"product_cat":[2455,2442],"product_tag":[2657,2661,2725],"class_list":["post-16192","product","type-product","status-publish","has-post-thumbnail","hentry","product_cat-check-valve","product_cat-wafer-check-valve","product_tag-non-return-valve","product_tag-nrv-valve","product_tag-wafer-check-valve","sales-flash-overlay","woocommerce-text-align-center","woocommerce-image-align-center","do-quantity-buttons"],"featured_image_src_large":["https:\/\/zecovalve.com\/wp-content\/uploads\/2022\/06\/Wafer-Type-NRV-2.jpg",800,600,false],"author_info":[],"comment_info":0,"taxonomy_info":{"product_cat":[{"value":2455,"label":"Check Valve"},{"value":2442,"label":"Wafer Check Valve"}],"product_tag":[{"value":2657,"label":"Non Return Valve"},{"value":2661,"label":"NRV Valve"},{"value":2725,"label":"Wafer Check Valve"}]},"yoast_head":"<!-- This site is optimized with the Yoast SEO Premium plugin v15.4 - https:\/\/yoast.com\/wordpress\/plugins\/seo\/ -->\n<title>Wafer Type NRV - Types of Wafer Type NRV Valve | ZECO Valve<\/title>\n<meta name=\"robots\" content=\"index, follow, max-snippet:-1, max-image-preview:large, max-video-preview:-1\" \/>\n<link rel=\"canonical\" href=\"https:\/\/zecovalve.com\/tr\/urun\/wafer-type-nrv\" \/>\n<meta property=\"og:locale\" content=\"tr_TR\" \/>\n<meta property=\"og:type\" content=\"article\" \/>\n<meta property=\"og:title\" content=\"Wafer Type NRV - Types of Wafer Type NRV Valve | ZECO Valve\" \/>\n<meta property=\"og:description\" content=\"ZECO Valve is a reputed Check Valve Manufacturer engaged in designing fine-quality industrial valves. We offer a wide range of valves that ... Read more\" \/>\n<meta property=\"og:url\" content=\"https:\/\/zecovalve.com\/tr\/urun\/wafer-type-nrv\" \/>\n<meta property=\"og:site_name\" content=\"ZECO Valve\" \/>\n<meta property=\"article:modified_time\" content=\"2023-06-16T13:39:47+00:00\" \/>\n<meta property=\"og:image\" content=\"https:\/\/zecovalve.com\/wp-content\/uploads\/2022\/06\/Wafer-Type-NRV-2.jpg\" \/>\n\t<meta property=\"og:image:width\" content=\"800\" \/>\n\t<meta property=\"og:image:height\" content=\"600\" \/>\n<meta name=\"twitter:card\" content=\"summary_large_image\" \/>\n<meta name=\"twitter:label1\" content=\"Yazan:\">\n\t<meta name=\"twitter:data1\" content=\"Jerry\">\n\t<meta name=\"twitter:label2\" content=\"Tahmini okuma s\u00fcresi\">\n\t<meta name=\"twitter:data2\" content=\"4 dakika\">\n<script type=\"application\/ld+json\" class=\"yoast-schema-graph\">{\"@context\":\"https:\/\/schema.org\",\"@graph\":[{\"@type\":\"WebSite\",\"@id\":\"https:\/\/zecovalve.com\/#website\",\"url\":\"https:\/\/zecovalve.com\/\",\"name\":\"ZECO Valve\",\"description\":\"Industrial Ball Valve, Gate Valve and Globe Valve Manufacturer\",\"potentialAction\":[{\"@type\":\"SearchAction\",\"target\":\"https:\/\/zecovalve.com\/?s={search_term_string}\",\"query-input\":\"required name=search_term_string\"}],\"inLanguage\":\"tr\"},{\"@type\":\"ImageObject\",\"@id\":\"https:\/\/zecovalve.com\/product\/wafer-type-nrv#primaryimage\",\"inLanguage\":\"tr\",\"url\":\"https:\/\/zecovalve.com\/wp-content\/uploads\/2022\/06\/Wafer-Type-NRV-2.jpg\",\"width\":800,\"height\":600,\"caption\":\"Wafer Type NRV\"},{\"@type\":\"WebPage\",\"@id\":\"https:\/\/zecovalve.com\/product\/wafer-type-nrv#webpage\",\"url\":\"https:\/\/zecovalve.com\/product\/wafer-type-nrv\",\"name\":\"Wafer Type NRV - Types of Wafer Type NRV Valve | ZECO Valve\",\"isPartOf\":{\"@id\":\"https:\/\/zecovalve.com\/#website\"},\"primaryImageOfPage\":{\"@id\":\"https:\/\/zecovalve.com\/product\/wafer-type-nrv#primaryimage\"},\"datePublished\":\"2022-06-19T15:45:58+00:00\",\"dateModified\":\"2023-06-16T13:39:47+00:00\",\"breadcrumb\":{\"@id\":\"https:\/\/zecovalve.com\/product\/wafer-type-nrv#breadcrumb\"},\"inLanguage\":\"tr\",\"potentialAction\":[{\"@type\":\"ReadAction\",\"target\":[\"https:\/\/zecovalve.com\/product\/wafer-type-nrv\"]}]},{\"@type\":\"BreadcrumbList\",\"@id\":\"https:\/\/zecovalve.com\/product\/wafer-type-nrv#breadcrumb\",\"itemListElement\":[{\"@type\":\"ListItem\",\"position\":1,\"item\":{\"@type\":\"WebPage\",\"@id\":\"https:\/\/zecovalve.com\/\",\"url\":\"https:\/\/zecovalve.com\/\",\"name\":\"Home\"}},{\"@type\":\"ListItem\",\"position\":2,\"item\":{\"@type\":\"WebPage\",\"@id\":\"https:\/\/zecovalve.com\/product-category\",\"url\":\"https:\/\/zecovalve.com\/product-category\",\"name\":\"Industrial Valve Manufacturer | Water Valve Manufacturer\"}},{\"@type\":\"ListItem\",\"position\":3,\"item\":{\"@type\":\"WebPage\",\"@id\":\"https:\/\/zecovalve.com\/product\/wafer-type-nrv\",\"url\":\"https:\/\/zecovalve.com\/product\/wafer-type-nrv\",\"name\":\"Wafer Type NRV\"}}]}]}<\/script>\n<!-- \/ Yoast SEO Premium plugin. -->","_links":{"self":[{"href":"https:\/\/zecovalve.com\/tr\/wp-json\/wp\/v2\/product\/16192","targetHints":{"allow":["GET"]}}],"collection":[{"href":"https:\/\/zecovalve.com\/tr\/wp-json\/wp\/v2\/product"}],"about":[{"href":"https:\/\/zecovalve.com\/tr\/wp-json\/wp\/v2\/types\/product"}],"replies":[{"embeddable":true,"href":"https:\/\/zecovalve.com\/tr\/wp-json\/wp\/v2\/comments?post=16192"}],"wp:featuredmedia":[{"embeddable":true,"href":"https:\/\/zecovalve.com\/tr\/wp-json\/wp\/v2\/media\/27915"}],"wp:attachment":[{"href":"https:\/\/zecovalve.com\/tr\/wp-json\/wp\/v2\/media?parent=16192"}],"wp:term":[{"taxonomy":"product_cat","embeddable":true,"href":"https:\/\/zecovalve.com\/tr\/wp-json\/wp\/v2\/product_cat?post=16192"},{"taxonomy":"product_tag","embeddable":true,"href":"https:\/\/zecovalve.com\/tr\/wp-json\/wp\/v2\/product_tag?post=16192"}],"curies":[{"name":"wp","href":"https:\/\/api.w.org\/{rel}","templated":true}]}}