{"id":16194,"date":"2022-06-19T15:49:59","date_gmt":"2022-06-19T15:49:59","guid":{"rendered":"https:\/\/zecovalve.com\/?post_type=product&#038;p=16194"},"modified":"2022-09-01T00:56:53","modified_gmt":"2022-09-01T00:56:53","slug":"gear-operated-butterfly-valve","status":"publish","type":"product","link":"https:\/\/zecovalve.com\/tr\/urun\/gear-operated-butterfly-valve","title":{"rendered":"Di\u015fli Kumandal\u0131 Kelebek Vana"},"content":{"rendered":"<p>Di\u015fli Kumandal\u0131 Kelebek Vana, bir boru hatt\u0131 i\u00e7indeki s\u0131v\u0131 ak\u0131\u015f\u0131n\u0131 d\u00fczenlemek veya kontrol etmek i\u00e7in kullan\u0131l\u0131r.<\/p>\r\n\r\n\r\n\r\n<figure class=\"wp-block-image alignnone size-medium wp-image-16195\"><img loading=\"lazy\" decoding=\"async\" width=\"300\" height=\"225\" class=\"wp-image-16195\" src=\"https:\/\/zecovalve.com\/wp-content\/uploads\/2022\/06\/gear-operated-butterfly-valve-300x225.jpg\" alt=\"Di\u015fli Kumandal\u0131 Kelebek Vana\" srcset=\"https:\/\/zecovalve.com\/wp-content\/uploads\/2022\/06\/gear-operated-butterfly-valve-300x225.jpg 300w, https:\/\/zecovalve.com\/wp-content\/uploads\/2022\/06\/gear-operated-butterfly-valve-768x576.jpg 768w, https:\/\/zecovalve.com\/wp-content\/uploads\/2022\/06\/gear-operated-butterfly-valve-600x450.jpg 600w, https:\/\/zecovalve.com\/wp-content\/uploads\/2022\/06\/gear-operated-butterfly-valve.jpg 800w\" sizes=\"auto, (max-width: 300px) 100vw, 300px\" \/><\/figure>\r\n\r\n\r\n<div class=\"gb-button-wrapper gb-button-wrapper-6d8495a3\">\r\n\r\n\r\n<p><a class=\"gb-button gb-button-3d442e11 gb-button-text\" href=\"mailto:commercial@zecovalve.com\" target=\"_blank\" rel=\"noopener noreferrer\"><strong>DI\u015eLI KUMANDALI KELEBEK VANA FIYATI ALIN<\/strong><\/a><\/p>\r\n<\/div>\r\n\r\n\r\n\r\n\r\n<h2 class=\"wp-block-heading\" id=\"h-what-is-a-gear-operated-butterfly-valve\">Di\u015fli Kumandal\u0131 Kelebek Vana Nedir?<\/h2>\r\n\r\n\r\n\r\n<p>ZECO di\u015fli ile \u00e7al\u0131\u015fan kelebek vana, ad\u0131n\u0131 di\u015flinin \u00e7al\u0131\u015fma \u015feklinden al\u0131r. ZECO, vanan\u0131n her ayr\u0131nt\u0131s\u0131na dikkat eder. Her vana, vanan\u0131n iyi durumda ve \u00e7al\u0131\u015fmaya haz\u0131r oldu\u011fundan emin olmak i\u00e7in s\u0131k\u0131 bir \u015fekilde denetlenir ve monte edilir. Bununla birlikte, hammaddelerin kontrol\u00fcndeki vana veya sonraki \u00fcretim ve i\u015fleme, m\u00fcfetti\u015fler sadece her bir ba\u011flant\u0131y\u0131 teknik m\u00fchendis testi, bas\u0131n\u00e7 testi gereksinimlerine g\u00f6re iyi kontrol eder, performans\u0131n\u0131 kan\u0131tlamak i\u00e7in en sonuna kadar cevaplar\u0131 vard\u0131r. Ayr\u0131ca, deneme ba\u015far\u0131l\u0131 olsa bile, valf g\u00f6vdesi contas\u0131n\u0131 ve salmastray\u0131 kontrol etmeli ve salmastra ilk konumda olmal\u0131d\u0131r. Vana, belirli hareket kurallar\u0131 ve s\u00fcrt\u00fcnme kurallar\u0131 olan \u00f6zel bir \u00fcr\u00fcnd\u00fcr. Tatmin edici bir performans elde etmek i\u00e7in makinenin baz\u0131 par\u00e7alar\u0131 dikkatlice korunmal\u0131d\u0131r. Do\u011fru bas\u0131n\u00e7, ortam ve s\u0131cakl\u0131kta, vanan\u0131n s\u00fcrekli hizmet \u00f6mr\u00fc 6 y\u0131ldan az olmayacakt\u0131r.<\/p>\r\n\r\n\r\n\r\n<h2 class=\"wp-block-heading\">Di\u015fli Kumandal\u0131 Kelebek Vana Bile\u015fenleri<\/h2>\r\n\r\n\r\n\r\n<p>Kelebek Vanalar\u0131n a\u00e7\u0131lmas\u0131 kolay ve h\u0131zl\u0131d\u0131r. Kolun dik a\u00e7\u0131yla d\u00f6nd\u00fcr\u00fclmesi kelebek vanan\u0131n tamamen kapanmas\u0131n\u0131 veya a\u00e7\u0131lmas\u0131n\u0131 sa\u011flar. B\u00fcy\u00fck Kelebek Vanalar genellikle di\u015fliler taraf\u0131ndan el \u00e7ark\u0131n\u0131n g\u00f6vdeye ba\u011fland\u0131\u011f\u0131 bir di\u015fli kutusundan olu\u015fur. Bu, Kelebek Vanan\u0131n \u00e7al\u0131\u015fmas\u0131na kolayl\u0131k sa\u011flar, ancak h\u0131z pahas\u0131na. ZECO Vanalar\u0131 k\u0131sa dairesel bir g\u00f6vdeye, yumu\u015fak yataklara, mil yataklar\u0131na ve bir salmastra kutusuna sahiptir. Bir Kelebek vana g\u00f6vdesinin yap\u0131s\u0131 tasar\u0131m olarak de\u011fi\u015fir. \u00c7o\u011funlukla kullan\u0131lan bir tasar\u0131m, iki flan\u015f aras\u0131na oturan gofret tipidir. Lug gofret tasar\u0131m\u0131, iki flan\u015f\u0131 birle\u015ftiren ve deliklerden ge\u00e7en ba\u015fka bir yayg\u0131n tasar\u0131md\u0131r. Kelebek vanalar, flan\u015fl\u0131 ve al\u0131n kayna\u011f\u0131 u\u00e7lar\u0131na sahip di\u015flerle bile mevcuttur, ancak bunlar s\u0131k kullan\u0131lmaz.<\/p>\r\n\r\n\r\n\r\n<h2 class=\"wp-block-heading\">Di\u015fli Kumandal\u0131 Kelebek Vana nas\u0131l \u00e7al\u0131\u015f\u0131r?<\/h2>\r\n\r\n\r\n\r\n<p>Di\u015fli ile \u00e7al\u0131\u015fan bir kelebek vana, vana operat\u00f6r\u00fcnden g\u00fc\u00e7 alarak \u00e7al\u0131\u015f\u0131r. Operat\u00f6r vanay\u0131 \u00e7al\u0131\u015ft\u0131rmak i\u00e7in el \u00e7ark\u0131na kuvvet uygular. El \u00e7ark\u0131 k\u0131sa bir mil arac\u0131l\u0131\u011f\u0131yla bir di\u015fli sistemine ba\u011fl\u0131d\u0131r. Vanay\u0131 a\u00e7mak i\u00e7in operat\u00f6r el \u00e7ark\u0131n\u0131 saat y\u00f6n\u00fcn\u00fcn tersine \u00e7eyrek tur \u00e7evirir. Bu, el \u00e7ark\u0131na uygulanan torkun (veya d\u00f6nme kuvvetinin) mil arac\u0131l\u0131\u011f\u0131yla vana diskine iletilmesini sa\u011flar. B\u00f6ylece disk, ak\u0131\u015fkan ak\u0131\u015f\u0131na paralel hale geldi\u011fi \u00e7eyrek turluk bir a\u00e7\u0131 yapar. Diskin bu durumunda, ak\u0131\u015fkan vanadan engellenmeden akar. Ak\u0131\u015fkan ak\u0131\u015f\u0131n\u0131 kapatmak i\u00e7in vana operat\u00f6r\u00fc el \u00e7ark\u0131n\u0131 saat y\u00f6n\u00fcnde \u00e7evirir. Bu, diski 90o derecelik bir d\u00f6n\u00fc\u015f yapmaya ve ak\u0131\u015fkan ak\u0131\u015f\u0131na dik hale gelmeye zorlar. Bu durumda disk, ak\u0131\u015fkan ak\u0131\u015f\u0131n\u0131n vanay\u0131 ge\u00e7mesini engeller. Di\u015fli kumandal\u0131 kelebek vana \u00fcreticileri bu vanalar\u0131 k\u0131sma uygulamalar\u0131nda bile kullan\u0131lmak \u00fczere \u00fcretmektedir. Bununla birlikte, bu vanalar\u0131n bu t\u00fcr k\u0131sma uygulamalar\u0131nda kullan\u0131lmas\u0131, bas\u0131n\u00e7 d\u00fc\u015f\u00fc\u015f\u00fcn\u00fcn d\u00fc\u015f\u00fck oldu\u011fu yerlerde \u00f6nerilir. Vanan\u0131n k\u0131sma uygulamalar\u0131nda kullan\u0131lmas\u0131 gerekti\u011finde, vana operat\u00f6r\u00fc gerekli s\u0131v\u0131 ak\u0131\u015f miktar\u0131na ba\u011fl\u0131 olarak el \u00e7ark\u0131n\u0131 90o dereceden daha az bir a\u00e7\u0131 i\u00e7in hafif\u00e7e d\u00f6nd\u00fcr\u00fcr.<\/p>\r\n\r\n\r\n\r\n<h2 class=\"wp-block-heading\" id=\"h-features-of-gear-operated-butterfly-valve\">Di\u015fli Kumandal\u0131 Kelebek Vana \u00d6zellikleri<\/h2>\r\n\r\n\r\n\r\n<ul class=\"wp-block-list\">\r\n<li>Operat\u00f6r flan\u015f\u0131 ISO 5211'e uygundur. Manuel, pn\u00f6matik veya elektrikli akt\u00fcat\u00f6rlerle \u00e7al\u0131\u015fmak \u00fczere tasarlanm\u0131\u015ft\u0131r.<\/li>\r\n<li>Kau\u00e7uk koltuk katlanamaz, esnemeye dayan\u0131kl\u0131 ve patlamaya kar\u015f\u0131 dayan\u0131kl\u0131d\u0131r.<\/li>\r\n<li>Hassas i\u015flenmi\u015f disk, d\u00fc\u015f\u00fck \u00e7al\u0131\u015fma torku ve 200 psi'ye kadar etkili s\u0131zd\u0131rmazl\u0131k sa\u011flar. Hidro-dinamik olarak tasarlanm\u0131\u015f disk, y\u00fcksek kapasiteli ak\u0131\u015f sa\u011flar.<\/li>\r\n<li>Tek par\u00e7al\u0131 \u015faft tasar\u0131m\u0131 g\u00fcvenilirlik ve pozitif disk konumland\u0131rmas\u0131 sa\u011flar.<\/li>\r\n<li>Vanalar epoksi kapl\u0131d\u0131r ve boyun ve di\u015fli kutusu (varsa) \u00fczerinde kolay ya\u011flama i\u00e7in \"zerk\" tarz\u0131 gres ba\u011flant\u0131 par\u00e7alar\u0131 i\u00e7erir.<\/li>\r\n<\/ul>\r\n\r\n\r\n\r\n<h2 class=\"wp-block-heading\" id=\"h-material-of-gear-operated-butterfly-valve\">Di\u015fli Kumandal\u0131 Kelebek Vana Malzemesi<\/h2>\r\n\r\n\r\n\r\n<figure class=\"wp-block-table\">\r\n<table>\r\n<tbody>\r\n<tr>\r\n<td>Hay\u0131r<\/td>\r\n<td>Par\u00e7a<\/td>\r\n<td>Malzeme<\/td>\r\n<\/tr>\r\n<tr>\r\n<td>1<\/td>\r\n<td>V\u00fccut<\/td>\r\n<td>ASTM A216 WCB + 13Cr<\/td>\r\n<\/tr>\r\n<tr>\r\n<td>2<\/td>\r\n<td>Conta Halkas\u0131<\/td>\r\n<td>Grafit + SS304<\/td>\r\n<\/tr>\r\n<tr>\r\n<td>3<\/td>\r\n<td>Tutucu Flan\u015f<\/td>\r\n<td>ASTM A182 F304<\/td>\r\n<\/tr>\r\n<tr>\r\n<td>4<\/td>\r\n<td>Pim<\/td>\r\n<td>ASTM A276 304<\/td>\r\n<\/tr>\r\n<tr>\r\n<td>5<\/td>\r\n<td>Disk<\/td>\r\n<td>ASTM A351 CF8<\/td>\r\n<\/tr>\r\n<tr>\r\n<td>6<\/td>\r\n<td>K\u00f6k<\/td>\r\n<td>ASTM A276 304<\/td>\r\n<\/tr>\r\n<tr>\r\n<td>7<\/td>\r\n<td>K\u00f6k Ambalaj<\/td>\r\n<td>Grafit<\/td>\r\n<\/tr>\r\n<tr>\r\n<td>8<\/td>\r\n<td>K\u00f6k Daya\u011f\u0131<\/td>\r\n<td>SS304 + PTFE<\/td>\r\n<\/tr>\r\n<tr>\r\n<td>9<\/td>\r\n<td>C\u0131vata<\/td>\r\n<td>ASTM A193 B7<\/td>\r\n<\/tr>\r\n<tr>\r\n<td>10<\/td>\r\n<td>F\u0131nd\u0131k<\/td>\r\n<td>ASTM A194 2H<\/td>\r\n<\/tr>\r\n<tr>\r\n<td>11<\/td>\r\n<td>Boyunduruk<\/td>\r\n<td>ASTM A216 WCB<\/td>\r\n<\/tr>\r\n<\/tbody>\r\n<\/table>\r\n<\/figure>","protected":false},"excerpt":{"rendered":"<p>Di\u015fliyle \u00c7al\u0131\u015fan Kelebek Vana, bir boru hatt\u0131ndaki s\u0131v\u0131 ak\u0131\u015f\u0131n\u0131 d\u00fczenlemek veya kontrol etmek i\u00e7in kullan\u0131l\u0131r. Di\u015fliyle \u00c7al\u0131\u015fan Kelebek Vana Nedir? \u2026 <a title=\"Di\u015fli Kumandal\u0131 Kelebek Vana\" class=\"read-more\" href=\"https:\/\/zecovalve.com\/tr\/urun\/gear-operated-butterfly-valve\" aria-label=\"Di\u015fli Kumandal\u0131 Kelebek Vana hakk\u0131nda daha fazla bilgi\">Daha fazla bilgi edinin<\/a><\/p>","protected":false},"featured_media":16195,"comment_status":"closed","ping_status":"closed","template":"","meta":{"_generate-full-width-content":"","kt_blocks_editor_width":""},"product_cat":[2044,2468,2604],"product_tag":[2806,2801],"class_list":["post-16194","product","type-product","status-publish","has-post-thumbnail","hentry","product_cat-butterfly-valve","product_cat-butterfly-valve-by-drive-mode","product_cat-triple-offset-butterfly-valve","product_tag-butterfly-valve-wafer-type","product_tag-wafer-type-butterfly-valve","sales-flash-overlay","woocommerce-text-align-center","woocommerce-image-align-center","do-quantity-buttons"],"featured_image_src_large":["https:\/\/zecovalve.com\/wp-content\/uploads\/2022\/06\/gear-operated-butterfly-valve.jpg",800,600,false],"author_info":[],"comment_info":0,"taxonomy_info":{"product_cat":[{"value":2044,"label":"Butterfly Valve"},{"value":2468,"label":"Butterfly Valve By Drive Mode"},{"value":2604,"label":"Triple Offset Butterfly Valve"}],"product_tag":[{"value":2806,"label":"Butterfly Valve Wafer Type"},{"value":2801,"label":"Wafer Type Butterfly Valve"}]},"yoast_head":"<!-- This site is optimized with the Yoast SEO Premium plugin v15.4 - https:\/\/yoast.com\/wordpress\/plugins\/seo\/ -->\n<title>Gear Operated Butterfly Valve - Butterfly Valve Gear Operated | ZECO Valve<\/title>\n<meta name=\"robots\" content=\"index, follow, max-snippet:-1, max-image-preview:large, max-video-preview:-1\" \/>\n<link rel=\"canonical\" href=\"https:\/\/zecovalve.com\/tr\/urun\/gear-operated-butterfly-valve\" \/>\n<meta property=\"og:locale\" content=\"tr_TR\" \/>\n<meta property=\"og:type\" content=\"article\" \/>\n<meta property=\"og:title\" content=\"Gear Operated Butterfly Valve - Butterfly Valve Gear Operated | ZECO Valve\" \/>\n<meta property=\"og:description\" content=\"Gear Operated Butterfly Valve is used to regulate or control fluid flow within a pipeline. What is a Gear Operated Butterfly Valve? ... Read more\" \/>\n<meta property=\"og:url\" content=\"https:\/\/zecovalve.com\/tr\/urun\/gear-operated-butterfly-valve\" \/>\n<meta property=\"og:site_name\" content=\"ZECO Valve\" \/>\n<meta property=\"article:modified_time\" content=\"2022-09-01T00:56:53+00:00\" \/>\n<meta property=\"og:image\" content=\"https:\/\/zecovalve.com\/wp-content\/uploads\/2022\/06\/gear-operated-butterfly-valve.jpg\" \/>\n\t<meta property=\"og:image:width\" content=\"800\" \/>\n\t<meta property=\"og:image:height\" content=\"600\" \/>\n<meta name=\"twitter:card\" content=\"summary_large_image\" \/>\n<meta name=\"twitter:label1\" content=\"Yazan:\">\n\t<meta name=\"twitter:data1\" content=\"Jerry\">\n\t<meta name=\"twitter:label2\" content=\"Tahmini okuma s\u00fcresi\">\n\t<meta name=\"twitter:data2\" content=\"3 dakika\">\n<script type=\"application\/ld+json\" class=\"yoast-schema-graph\">{\"@context\":\"https:\/\/schema.org\",\"@graph\":[{\"@type\":\"WebSite\",\"@id\":\"https:\/\/zecovalve.com\/#website\",\"url\":\"https:\/\/zecovalve.com\/\",\"name\":\"ZECO Valve\",\"description\":\"Industrial Ball Valve, Gate Valve and Globe Valve Manufacturer\",\"potentialAction\":[{\"@type\":\"SearchAction\",\"target\":\"https:\/\/zecovalve.com\/?s={search_term_string}\",\"query-input\":\"required name=search_term_string\"}],\"inLanguage\":\"tr\"},{\"@type\":\"ImageObject\",\"@id\":\"https:\/\/zecovalve.com\/product\/gear-operated-butterfly-valve#primaryimage\",\"inLanguage\":\"tr\",\"url\":\"https:\/\/zecovalve.com\/wp-content\/uploads\/2022\/06\/gear-operated-butterfly-valve.jpg\",\"width\":800,\"height\":600,\"caption\":\"Gear Operated Butterfly Valve\"},{\"@type\":\"WebPage\",\"@id\":\"https:\/\/zecovalve.com\/product\/gear-operated-butterfly-valve#webpage\",\"url\":\"https:\/\/zecovalve.com\/product\/gear-operated-butterfly-valve\",\"name\":\"Gear Operated Butterfly Valve - Butterfly Valve Gear Operated | ZECO Valve\",\"isPartOf\":{\"@id\":\"https:\/\/zecovalve.com\/#website\"},\"primaryImageOfPage\":{\"@id\":\"https:\/\/zecovalve.com\/product\/gear-operated-butterfly-valve#primaryimage\"},\"datePublished\":\"2022-06-19T15:49:59+00:00\",\"dateModified\":\"2022-09-01T00:56:53+00:00\",\"breadcrumb\":{\"@id\":\"https:\/\/zecovalve.com\/product\/gear-operated-butterfly-valve#breadcrumb\"},\"inLanguage\":\"tr\",\"potentialAction\":[{\"@type\":\"ReadAction\",\"target\":[\"https:\/\/zecovalve.com\/product\/gear-operated-butterfly-valve\"]}]},{\"@type\":\"BreadcrumbList\",\"@id\":\"https:\/\/zecovalve.com\/product\/gear-operated-butterfly-valve#breadcrumb\",\"itemListElement\":[{\"@type\":\"ListItem\",\"position\":1,\"item\":{\"@type\":\"WebPage\",\"@id\":\"https:\/\/zecovalve.com\/\",\"url\":\"https:\/\/zecovalve.com\/\",\"name\":\"Home\"}},{\"@type\":\"ListItem\",\"position\":2,\"item\":{\"@type\":\"WebPage\",\"@id\":\"https:\/\/zecovalve.com\/product-category\",\"url\":\"https:\/\/zecovalve.com\/product-category\",\"name\":\"Industrial Valve Manufacturer | Water Valve Manufacturer\"}},{\"@type\":\"ListItem\",\"position\":3,\"item\":{\"@type\":\"WebPage\",\"@id\":\"https:\/\/zecovalve.com\/product\/gear-operated-butterfly-valve\",\"url\":\"https:\/\/zecovalve.com\/product\/gear-operated-butterfly-valve\",\"name\":\"Gear Operated Butterfly Valve\"}}]}]}<\/script>\n<!-- \/ Yoast SEO Premium plugin. -->","_links":{"self":[{"href":"https:\/\/zecovalve.com\/tr\/wp-json\/wp\/v2\/product\/16194","targetHints":{"allow":["GET"]}}],"collection":[{"href":"https:\/\/zecovalve.com\/tr\/wp-json\/wp\/v2\/product"}],"about":[{"href":"https:\/\/zecovalve.com\/tr\/wp-json\/wp\/v2\/types\/product"}],"replies":[{"embeddable":true,"href":"https:\/\/zecovalve.com\/tr\/wp-json\/wp\/v2\/comments?post=16194"}],"wp:featuredmedia":[{"embeddable":true,"href":"https:\/\/zecovalve.com\/tr\/wp-json\/wp\/v2\/media\/16195"}],"wp:attachment":[{"href":"https:\/\/zecovalve.com\/tr\/wp-json\/wp\/v2\/media?parent=16194"}],"wp:term":[{"taxonomy":"product_cat","embeddable":true,"href":"https:\/\/zecovalve.com\/tr\/wp-json\/wp\/v2\/product_cat?post=16194"},{"taxonomy":"product_tag","embeddable":true,"href":"https:\/\/zecovalve.com\/tr\/wp-json\/wp\/v2\/product_tag?post=16194"}],"curies":[{"name":"wp","href":"https:\/\/api.w.org\/{rel}","templated":true}]}}