{"id":16209,"date":"2022-06-19T16:01:25","date_gmt":"2022-06-19T16:01:25","guid":{"rendered":"https:\/\/zecovalve.com\/?post_type=product&#038;p=16209"},"modified":"2022-09-01T00:50:44","modified_gmt":"2022-09-01T00:50:44","slug":"electric-butterfly-valve","status":"publish","type":"product","link":"https:\/\/zecovalve.com\/tr\/urun\/electric-butterfly-valve","title":{"rendered":"Elektrikli Kelebek Vana"},"content":{"rendered":"<p>Kelebek vanalar genellikle pn\u00f6matik veya elektrikli akt\u00fcat\u00f6rlerle otomatikle\u015ftirilir. Akt\u00fcat\u00f6r, bir mekanizmay\u0131 veya sistemi hareket ettirmek veya kontrol etmek i\u00e7in kullan\u0131lan mekanik bir cihazd\u0131r. Bir akt\u00fcat\u00f6r (akt\u00fcat\u00f6rl\u00fc kelebek vanan\u0131n bir par\u00e7as\u0131 olarak) tipik olarak, genellikle hava, elektrik veya s\u0131v\u0131 taraf\u0131ndan olu\u015fturulan enerjiyi alan ve bunu bir t\u00fcr harekete d\u00f6n\u00fc\u015ft\u00fcren mekanik bir cihazd\u0131r.<\/p>\r\n\r\n\r\n\r\n<figure class=\"wp-block-image alignnone size-medium wp-image-16210\"><img loading=\"lazy\" decoding=\"async\" width=\"300\" height=\"225\" class=\"wp-image-16210\" src=\"https:\/\/zecovalve.com\/wp-content\/uploads\/2022\/06\/electric-butterfly-valve-300x225.jpg\" alt=\"Elektrikli Kelebek Vana\" srcset=\"https:\/\/zecovalve.com\/wp-content\/uploads\/2022\/06\/electric-butterfly-valve-300x225.jpg 300w, https:\/\/zecovalve.com\/wp-content\/uploads\/2022\/06\/electric-butterfly-valve-768x576.jpg 768w, https:\/\/zecovalve.com\/wp-content\/uploads\/2022\/06\/electric-butterfly-valve-600x450.jpg 600w, https:\/\/zecovalve.com\/wp-content\/uploads\/2022\/06\/electric-butterfly-valve.jpg 800w\" sizes=\"auto, (max-width: 300px) 100vw, 300px\" \/><\/figure>\r\n\r\n\r\n<div class=\"gb-button-wrapper gb-button-wrapper-6d8495a3\">\r\n\r\n\r\n<p><a class=\"gb-button gb-button-3d442e11 gb-button-text\" href=\"mailto:commercial@zecovalve.com\" target=\"_blank\" rel=\"noopener noreferrer\"><strong>ELEKTRIKLI KELEBEK VANA FIYATI ALIN<\/strong><\/a><\/p>\r\n<\/div>\r\n\r\n\r\n\r\n\r\n<h2 class=\"wp-block-heading\" id=\"h-what-is-a-electric-butterfly-valve\">Elektrikli Kelebek Vana Nedir?<\/h2>\r\n\r\n\r\n\r\n<p>Bir ortam\u0131n ak\u0131\u015f\u0131n\u0131 uzaktan kontrol etmek i\u00e7in kullan\u0131lan ZECO elektrikle \u00e7al\u0131\u015ft\u0131r\u0131lan kelebek vanalar serisini g\u00f6r\u00fcnt\u00fcleyin. Lug veya wafer ba\u011flant\u0131 stiline sahip olabilirler. Akt\u00fcat\u00f6r, vanay\u0131 bir elektrik ak\u0131m\u0131yla a\u00e7ar veya kapat\u0131r, ancak bu durumda kalmak i\u00e7in enerji gerektirmez. Kelebek vana, kelebek vanay\u0131 a\u00e7mak veya kapatmak i\u00e7in akt\u00fcat\u00f6rle birlikte d\u00f6nen bir diske sahiptir. Kelebek vana tasar\u0131m\u0131, uygulaman\u0131z i\u00e7in iyi s\u0131zd\u0131rmazl\u0131k \u00f6zellikleri, dayan\u0131kl\u0131l\u0131k ve g\u00fcvenilirlik sa\u011flar. Elektrikli akt\u00fcat\u00f6rler mevcut bir sisteme kolayca monte edilir ve kablolan\u0131r. Uygulaman\u0131z i\u00e7in do\u011fru olan\u0131 bulman\u0131z\u0131 sa\u011flamak i\u00e7in \u00e7e\u015fitli muhafazalar, contalar ve elektrik kontroll\u00fc kelebek vanalar\u0131n boyutlar\u0131 vard\u0131r.<\/p>\r\n\r\n\r\n\r\n<p>Vana i\u00e7indeki iyi s\u0131zd\u0131rmazl\u0131k, hasar veya normal a\u015f\u0131nma nedeniyle s\u0131zd\u0131rmazl\u0131k performans\u0131n\u0131 etkileyecektir. Zorlu \u00e7al\u0131\u015fma ko\u015fullar\u0131 i\u00e7in, bu k\u0131lavuzun kapsam\u0131 d\u0131\u015f\u0131ndaki tahmin ve onar\u0131m, \u00e7e\u015fitli farkl\u0131 yap\u0131sal formlar nedeniyle, \u00f6nceden bilinmesi gerekiyorsa, uygun bir y\u00f6ntem bulmak i\u00e7in \u00fcretici ile i\u015fbirli\u011fi yapmal\u0131d\u0131r. Vanan\u0131n d\u0131\u015f yap\u0131s\u0131n\u0131n kontrol edilmesi ve bak\u0131m\u0131 kolayd\u0131r. Bu nedenle, mekaniklerin vanaya zarar vermesini \u00f6nlemek, atmosferdeki tortular, kimyasal maddeler veya \u0131slak gaz nedeniyle vana korozyonunu ve kalitesinin bozulmas\u0131n\u0131 \u00f6nlemek i\u00e7in rasyonel bir yakla\u015f\u0131m benimsenmelidir. Di\u015fli, yatak veya di\u015fliler \u00e7al\u0131\u015fma aray\u00fcz\u00fc gibi \u00e7al\u0131\u015f\u0131r, periyodik ya\u011flama yap\u0131lmal\u0131d\u0131r.<\/p>\r\n\r\n\r\n\r\n<h2 class=\"wp-block-heading\">Elektrikli Kelebek Vana nas\u0131l \u00e7al\u0131\u015f\u0131r?<\/h2>\r\n\r\n\r\n\r\n<p>Kelebek vana, diskin bir disk \u015feklini ald\u0131\u011f\u0131 b\u00fcy\u00fck boru \u00e7aplar\u0131nda ak\u0131\u015f d\u00fczenlemesi i\u00e7in kullan\u0131lan bir vanad\u0131r. \u00c7al\u0131\u015fma \u015fekli k\u00fcresel vanan\u0131nkine benzer. Borunun ortas\u0131na bir plaka veya disk yerle\u015ftirilir. Disk, i\u00e7inden ge\u00e7en ve vanan\u0131n d\u0131\u015f\u0131ndaki bir akt\u00fcat\u00f6re ba\u011fl\u0131 olan bir \u00e7ubu\u011fa sahiptir. Akt\u00fcat\u00f6r\u00fcn d\u00f6nd\u00fcr\u00fclmesi diski ak\u0131\u015fa paralel ya da dik olarak d\u00f6nd\u00fcr\u00fcr. Bir k\u00fcresel vanan\u0131n aksine, disk her zaman ak\u0131\u015f i\u00e7inde bulunur, bu nedenle vana konumundan ba\u011f\u0131ms\u0131z olarak ak\u0131\u015fta her zaman bir bas\u0131n\u00e7 d\u00fc\u015f\u00fc\u015f\u00fc meydana gelir.<\/p>\r\n\r\n\r\n\r\n<p>Bir kelebek vana akt\u00fcat\u00f6r\u00fc, bir borunun i\u00e7indeki \u00e7apsal bir eksen \u00fczerinde d\u00f6nen bir disk veya ortak bir mil \u00fczerine mente\u015felenmi\u015f iki yar\u0131m daire plaka vas\u0131tas\u0131yla gaz veya s\u0131v\u0131 ak\u0131\u015f\u0131n\u0131 kontrol eder ve bu da yaln\u0131zca bir y\u00f6nde ak\u0131\u015fa izin verir. Bu akt\u00fcat\u00f6rl\u00fc kelebek vanalar, kompakt bir tasar\u0131mda 90 derece veya daha az bir d\u00f6ner g\u00f6vde hareketi sunar. K\u00fcresel vanalar\u0131n aksine, kelebek vanalarda vana kapand\u0131\u011f\u0131nda s\u0131v\u0131lar\u0131n s\u0131k\u0131\u015fabilece\u011fi herhangi bir cep yoktur.<\/p>\r\n\r\n\r\n\r\n<h2 class=\"wp-block-heading\" id=\"h-features-of-electric-actuated-butterfly-valve\">Elektrik Akt\u00fcat\u00f6rl\u00fc Kelebek Vana \u00d6zellikleri<\/h2>\r\n\r\n\r\n\r\n<ul class=\"wp-block-list\">\r\n<li>\u00d6zel bir talep olmamas\u0131 durumunda, ZECO elektrikli kelebek vana genellikle boru hatt\u0131nda uzun s\u00fcre kullanmak i\u00e7in bir Alman AUMA elektrikli akt\u00fcat\u00f6r ile donat\u0131lm\u0131\u015ft\u0131r, ZECO kaliteyi de\u011fi\u015ftirmek i\u00e7in fiyat\u0131 kullanmaz, amac\u0131m\u0131z kullan\u0131c\u0131n\u0131n ZECO'yu se\u00e7mesine izin vermektir \u00e7\u00fcnk\u00fc ZECO \u00fcr\u00fcn kalitesi ve g\u00fcvenilirli\u011fi, d\u00fc\u015f\u00fck bir fiyattan ziyade boru hatt\u0131n\u0131n bak\u0131m maliyetlerini d\u00fc\u015f\u00fcrmenin uzun vadeli kullan\u0131m\u0131nda kullan\u0131c\u0131 i\u00e7in uzun s\u00fcre kullanabilir;<\/li>\r\n<li>ZECO elektrikli kelebek vana, sert s\u0131zd\u0131rmaz vana yuvas\u0131na sahiptir. Sert s\u0131zd\u0131rmaz valf yuvas\u0131 y\u00fczeyi, valf yuvas\u0131n\u0131n ve s\u0131zd\u0131rmazl\u0131k y\u00fczeyinin g\u00fc\u00e7l\u00fc a\u015f\u0131nd\u0131r\u0131c\u0131 ortam taraf\u0131ndan hasar g\u00f6rmesi nedeniyle valfin s\u0131zd\u0131rmaz hale gelmesini \u00f6nlemek i\u00e7in y\u00fczey kayna\u011f\u0131 yap\u0131labilir;<\/li>\r\n<li>ZECO elektrikli kelebek vanan\u0131n g\u00f6vdesi, bak\u0131m s\u0131ras\u0131nda g\u00f6vdenin patlamas\u0131n\u0131 \u00f6nleyen anti blow out olarak tasarlanm\u0131\u015ft\u0131r;<\/li>\r\n<li>ZECO elektrikli kelebek vana malzemesi uluslararas\u0131 standartlara uygun olarak \u00fcretilmektedir;<\/li>\r\n<li>\u0130\u015f\u00e7ilikten tasarruf;<\/li>\r\n<li>Tesis g\u00fcvenli\u011fi;<\/li>\r\n<li>\u00dcr\u00fcn kalite g\u00fcvencesi;<\/li>\r\n<li>Otomatik s\u0131ralama.<\/li>\r\n<\/ul>\r\n\r\n\r\n\r\n<h2 class=\"wp-block-heading\" id=\"h-material-of-butterfly-valve-with-electric-actuator\">Elektrikli Akt\u00fcat\u00f6rl\u00fc Kelebek Vana Malzemesi<\/h2>\r\n\r\n\r\n\r\n<figure class=\"wp-block-table\">\r\n<table>\r\n<tbody>\r\n<tr>\r\n<td>Hay\u0131r<\/td>\r\n<td>Par\u00e7a<\/td>\r\n<td>Malzeme<\/td>\r\n<\/tr>\r\n<tr>\r\n<td>1<\/td>\r\n<td>V\u00fccut<\/td>\r\n<td>ASTM A216 WCB + 13Cr<\/td>\r\n<\/tr>\r\n<tr>\r\n<td>2<\/td>\r\n<td>Conta Halkas\u0131<\/td>\r\n<td>Grafit + SS304<\/td>\r\n<\/tr>\r\n<tr>\r\n<td>3<\/td>\r\n<td>Tutucu Flan\u015f<\/td>\r\n<td>ASTM A105<\/td>\r\n<\/tr>\r\n<tr>\r\n<td>4<\/td>\r\n<td>Pim<\/td>\r\n<td>ASTM A276 410<\/td>\r\n<\/tr>\r\n<tr>\r\n<td>5<\/td>\r\n<td>Disk<\/td>\r\n<td>ASTM A216 WCB<\/td>\r\n<\/tr>\r\n<tr>\r\n<td>6<\/td>\r\n<td>K\u00f6k<\/td>\r\n<td>ASTM A276 410<\/td>\r\n<\/tr>\r\n<tr>\r\n<td>7<\/td>\r\n<td>K\u00f6k Ambalaj<\/td>\r\n<td>Grafit<\/td>\r\n<\/tr>\r\n<tr>\r\n<td>8<\/td>\r\n<td>K\u00f6k Daya\u011f\u0131<\/td>\r\n<td>SS304 + PTFE<\/td>\r\n<\/tr>\r\n<tr>\r\n<td>9<\/td>\r\n<td>C\u0131vata<\/td>\r\n<td>ASTM A193 B7<\/td>\r\n<\/tr>\r\n<tr>\r\n<td>10<\/td>\r\n<td>F\u0131nd\u0131k<\/td>\r\n<td>ASTM A194 2H<\/td>\r\n<\/tr>\r\n<tr>\r\n<td>11<\/td>\r\n<td>Boyunduruk<\/td>\r\n<td>ASTM A216 WCB<\/td>\r\n<\/tr>\r\n<\/tbody>\r\n<\/table>\r\n<\/figure>","protected":false},"excerpt":{"rendered":"<p>Kelebek vanalar genellikle pn\u00f6matik veya elektrikli akt\u00fcat\u00f6rlerle otomatikle\u015ftirilir. Akt\u00fcat\u00f6r, bir mekanizmay\u0131 hareket ettirmek veya kontrol etmek i\u00e7in kullan\u0131lan mekanik bir cihazd\u0131r\u2026 <a title=\"Elektrikli Kelebek Vana\" class=\"read-more\" href=\"https:\/\/zecovalve.com\/tr\/urun\/electric-butterfly-valve\" aria-label=\"Elektrikli Kelebek Vana hakk\u0131nda daha fazla bilgi\">Daha fazla bilgi edinin<\/a><\/p>","protected":false},"featured_media":16210,"comment_status":"closed","ping_status":"closed","template":"","meta":{"_generate-full-width-content":"","kt_blocks_editor_width":""},"product_cat":[2044,2468,2604],"product_tag":[2766,2727],"class_list":["post-16209","product","type-product","status-publish","has-post-thumbnail","hentry","product_cat-butterfly-valve","product_cat-butterfly-valve-by-drive-mode","product_cat-triple-offset-butterfly-valve","product_tag-motorised-valve","product_tag-motorized-valve","sales-flash-overlay","woocommerce-text-align-center","woocommerce-image-align-center","do-quantity-buttons"],"featured_image_src_large":["https:\/\/zecovalve.com\/wp-content\/uploads\/2022\/06\/electric-butterfly-valve.jpg",800,600,false],"author_info":[],"comment_info":0,"taxonomy_info":{"product_cat":[{"value":2044,"label":"Butterfly Valve"},{"value":2468,"label":"Butterfly Valve By Drive Mode"},{"value":2604,"label":"Triple Offset Butterfly Valve"}],"product_tag":[{"value":2766,"label":"Motorised Valve"},{"value":2727,"label":"Motorized Valve"}]},"yoast_head":"<!-- This site is optimized with the Yoast SEO Premium plugin v15.4 - https:\/\/yoast.com\/wordpress\/plugins\/seo\/ -->\n<title>Electric Butterfly Valve - Electric Actuated Butterfly Valve | ZECO Valve<\/title>\n<meta name=\"robots\" content=\"index, follow, max-snippet:-1, max-image-preview:large, max-video-preview:-1\" \/>\n<link rel=\"canonical\" href=\"https:\/\/zecovalve.com\/tr\/urun\/electric-butterfly-valve\" \/>\n<meta property=\"og:locale\" content=\"tr_TR\" \/>\n<meta property=\"og:type\" content=\"article\" \/>\n<meta property=\"og:title\" content=\"Electric Butterfly Valve - Electric Actuated Butterfly Valve | ZECO Valve\" \/>\n<meta property=\"og:description\" content=\"Butterfly valves are often automated with pneumatic or electric actuators. An actuator is a mechanical device for moving or controlling a mechanism ... Read more\" \/>\n<meta property=\"og:url\" content=\"https:\/\/zecovalve.com\/tr\/urun\/electric-butterfly-valve\" \/>\n<meta property=\"og:site_name\" content=\"ZECO Valve\" \/>\n<meta property=\"article:modified_time\" content=\"2022-09-01T00:50:44+00:00\" \/>\n<meta property=\"og:image\" content=\"https:\/\/zecovalve.com\/wp-content\/uploads\/2022\/06\/electric-butterfly-valve.jpg\" \/>\n\t<meta property=\"og:image:width\" content=\"800\" \/>\n\t<meta property=\"og:image:height\" content=\"600\" \/>\n<meta name=\"twitter:card\" content=\"summary_large_image\" \/>\n<meta name=\"twitter:label1\" content=\"Yazan:\">\n\t<meta name=\"twitter:data1\" content=\"Jerry\">\n\t<meta name=\"twitter:label2\" content=\"Tahmini okuma s\u00fcresi\">\n\t<meta name=\"twitter:data2\" content=\"3 dakika\">\n<script type=\"application\/ld+json\" class=\"yoast-schema-graph\">{\"@context\":\"https:\/\/schema.org\",\"@graph\":[{\"@type\":\"WebSite\",\"@id\":\"https:\/\/zecovalve.com\/#website\",\"url\":\"https:\/\/zecovalve.com\/\",\"name\":\"ZECO Valve\",\"description\":\"Industrial Ball Valve, Gate Valve and Globe Valve Manufacturer\",\"potentialAction\":[{\"@type\":\"SearchAction\",\"target\":\"https:\/\/zecovalve.com\/?s={search_term_string}\",\"query-input\":\"required name=search_term_string\"}],\"inLanguage\":\"tr\"},{\"@type\":\"ImageObject\",\"@id\":\"https:\/\/zecovalve.com\/product\/electric-butterfly-valve#primaryimage\",\"inLanguage\":\"tr\",\"url\":\"https:\/\/zecovalve.com\/wp-content\/uploads\/2022\/06\/electric-butterfly-valve.jpg\",\"width\":800,\"height\":600,\"caption\":\"Electric Butterfly Valve\"},{\"@type\":\"WebPage\",\"@id\":\"https:\/\/zecovalve.com\/product\/electric-butterfly-valve#webpage\",\"url\":\"https:\/\/zecovalve.com\/product\/electric-butterfly-valve\",\"name\":\"Electric Butterfly Valve - Electric Actuated Butterfly Valve | ZECO Valve\",\"isPartOf\":{\"@id\":\"https:\/\/zecovalve.com\/#website\"},\"primaryImageOfPage\":{\"@id\":\"https:\/\/zecovalve.com\/product\/electric-butterfly-valve#primaryimage\"},\"datePublished\":\"2022-06-19T16:01:25+00:00\",\"dateModified\":\"2022-09-01T00:50:44+00:00\",\"breadcrumb\":{\"@id\":\"https:\/\/zecovalve.com\/product\/electric-butterfly-valve#breadcrumb\"},\"inLanguage\":\"tr\",\"potentialAction\":[{\"@type\":\"ReadAction\",\"target\":[\"https:\/\/zecovalve.com\/product\/electric-butterfly-valve\"]}]},{\"@type\":\"BreadcrumbList\",\"@id\":\"https:\/\/zecovalve.com\/product\/electric-butterfly-valve#breadcrumb\",\"itemListElement\":[{\"@type\":\"ListItem\",\"position\":1,\"item\":{\"@type\":\"WebPage\",\"@id\":\"https:\/\/zecovalve.com\/\",\"url\":\"https:\/\/zecovalve.com\/\",\"name\":\"Home\"}},{\"@type\":\"ListItem\",\"position\":2,\"item\":{\"@type\":\"WebPage\",\"@id\":\"https:\/\/zecovalve.com\/product-category\",\"url\":\"https:\/\/zecovalve.com\/product-category\",\"name\":\"Industrial Valve Manufacturer | Water Valve Manufacturer\"}},{\"@type\":\"ListItem\",\"position\":3,\"item\":{\"@type\":\"WebPage\",\"@id\":\"https:\/\/zecovalve.com\/product\/electric-butterfly-valve\",\"url\":\"https:\/\/zecovalve.com\/product\/electric-butterfly-valve\",\"name\":\"Electric Butterfly Valve\"}}]}]}<\/script>\n<!-- \/ Yoast SEO Premium plugin. -->","_links":{"self":[{"href":"https:\/\/zecovalve.com\/tr\/wp-json\/wp\/v2\/product\/16209","targetHints":{"allow":["GET"]}}],"collection":[{"href":"https:\/\/zecovalve.com\/tr\/wp-json\/wp\/v2\/product"}],"about":[{"href":"https:\/\/zecovalve.com\/tr\/wp-json\/wp\/v2\/types\/product"}],"replies":[{"embeddable":true,"href":"https:\/\/zecovalve.com\/tr\/wp-json\/wp\/v2\/comments?post=16209"}],"wp:featuredmedia":[{"embeddable":true,"href":"https:\/\/zecovalve.com\/tr\/wp-json\/wp\/v2\/media\/16210"}],"wp:attachment":[{"href":"https:\/\/zecovalve.com\/tr\/wp-json\/wp\/v2\/media?parent=16209"}],"wp:term":[{"taxonomy":"product_cat","embeddable":true,"href":"https:\/\/zecovalve.com\/tr\/wp-json\/wp\/v2\/product_cat?post=16209"},{"taxonomy":"product_tag","embeddable":true,"href":"https:\/\/zecovalve.com\/tr\/wp-json\/wp\/v2\/product_tag?post=16209"}],"curies":[{"name":"wp","href":"https:\/\/api.w.org\/{rel}","templated":true}]}}