{"id":16245,"date":"2022-06-20T09:04:23","date_gmt":"2022-06-20T09:04:23","guid":{"rendered":"https:\/\/zecovalve.com\/?post_type=product&#038;p=16245"},"modified":"2022-09-01T00:56:22","modified_gmt":"2022-09-01T00:56:22","slug":"motorized-butterfly-valve","status":"publish","type":"product","link":"https:\/\/zecovalve.com\/tr\/urun\/motorized-butterfly-valve","title":{"rendered":"Motorlu Kelebek Vana"},"content":{"rendered":"<p>Elektrikle \u00e7al\u0131\u015ft\u0131r\u0131lan kelebek vana, su ve in\u015faat malzemeleriyle uyumlu di\u011fer ortamlar\u0131n a\u00e7ma-kapama kontrol\u00fc i\u00e7in kullan\u0131l\u0131r.<\/p>\r\n\r\n\r\n\r\n<figure class=\"wp-block-image alignnone size-medium wp-image-16246\"><img loading=\"lazy\" decoding=\"async\" width=\"300\" height=\"225\" class=\"wp-image-16246\" src=\"https:\/\/zecovalve.com\/wp-content\/uploads\/2022\/06\/motorized-butterfly-valve-300x225.jpg\" alt=\"Motorlu Kelebek Vana\" srcset=\"https:\/\/zecovalve.com\/wp-content\/uploads\/2022\/06\/motorized-butterfly-valve-300x225.jpg 300w, https:\/\/zecovalve.com\/wp-content\/uploads\/2022\/06\/motorized-butterfly-valve-768x576.jpg 768w, https:\/\/zecovalve.com\/wp-content\/uploads\/2022\/06\/motorized-butterfly-valve-600x450.jpg 600w, https:\/\/zecovalve.com\/wp-content\/uploads\/2022\/06\/motorized-butterfly-valve.jpg 800w\" sizes=\"auto, (max-width: 300px) 100vw, 300px\" \/><\/figure>\r\n\r\n\r\n<div class=\"gb-button-wrapper gb-button-wrapper-6d8495a3\">\r\n\r\n\r\n<p><a class=\"gb-button gb-button-3d442e11 gb-button-text\" href=\"mailto:commercial@zecovalve.com\" target=\"_blank\" rel=\"noopener noreferrer\"><strong>MOTORLU KELEBEK VANA F\u0130YAT ALIN<\/strong><\/a><\/p>\r\n<\/div>\r\n\r\n\r\n\r\n\r\n<h2 class=\"wp-block-heading\" id=\"h-what-is-a-motorized-butterfly-valve\">Motorlu Kelebek Vana Nedir?<\/h2>\r\n\r\n\r\n\r\n<p>Motorlu kelebek vana, ak\u0131\u015f\u0131 izole etmek veya d\u00fczenlemek i\u00e7in kullan\u0131labilen bir vana t\u00fcr\u00fcd\u00fcr. Kapatma mekanizmas\u0131, valf g\u00f6vdesinin ortas\u0131nda bulunan disktir. Disk, diskten valf g\u00f6vdesinin \u00fcst k\u0131sm\u0131na ge\u00e7en \u015faft arac\u0131l\u0131\u011f\u0131yla bir kola veya akt\u00fcat\u00f6re ba\u011flan\u0131r.<\/p>\r\n\r\n\r\n\r\n<p>ZECO motorlu kelebek vana, ak\u0131\u015f reg\u00fclasyonu i\u00e7in uygundur. Kelebek vana diski ve g\u00f6vde bile\u015fenleri hala boru hatt\u0131ndaki ortam ak\u0131\u015f\u0131na direnme sorununa sahip oldu\u011fundan, kelebek vanan\u0131n bas\u0131n\u00e7 kayb\u0131 hala s\u00fcrg\u00fcl\u00fc vanan\u0131nkinden daha fazlad\u0131r. Bu nedenle, d\u00fczenleme veya anahtarlama vanas\u0131 olarak motorlu bir kelebek vana se\u00e7erken bas\u0131n\u00e7 kayb\u0131n\u0131n etkisi dikkate al\u0131nmal\u0131d\u0131r. Ancak kelebek vanan\u0131n yap\u0131s\u0131 k\u0131sad\u0131r, genel y\u00fcksekli\u011fi di\u011fer vanalara g\u00f6re \u00e7ok daha k\u0131sa olacakt\u0131r, ayn\u0131 zamanda elektrikle, di\u015fliyle veya kolla a\u00e7\u0131lma h\u0131z\u0131 di\u011fer bir\u00e7ok vana i\u015fleminden daha h\u0131zl\u0131d\u0131r, ayn\u0131 zamanda iyi bir ak\u0131\u015f kontrol\u00fcne sahiptir. \u00f6zellikleri, bu nedenle motorlu kelebek vanalar\u0131n kullan\u0131m\u0131 \u00e7ok geni\u015ftir, genellikle motorlu vanalar ve motorlu anahtar vanalar\u0131n d\u00fczenlenmesi petrol, kimya end\u00fcstrisi, enerji santralleri, ila\u00e7, gemi yap\u0131m\u0131, metalurji ve di\u011fer end\u00fcstriyel alanlarda ayn\u0131 anda kullan\u0131ld\u0131\u011f\u0131ndan kesme vanas\u0131n\u0131n, kontrol vanas\u0131n\u0131n ve \u00e7ek vanan\u0131n boru hatt\u0131 sistemi olarak zaman. ZECO, motorlu kelebek vanalar\u0131n profesyonel \u00fcreticisi olarak, \u00f6zel \u00e7al\u0131\u015fma ko\u015fullar\u0131ndaki kullan\u0131c\u0131lara \u00f6nerilen \u00fcr\u00fcnler olarak genellikle \u00f6zel tasarlanm\u0131\u015f metal contal\u0131 \u00fc\u00e7 eksantrik veya \u00e7ift eksantrik kelebek vanalar\u0131 kullan\u0131r.<\/p>\r\n\r\n\r\n\r\n<h2 class=\"wp-block-heading\">Motorlu Kelebek Vana nas\u0131l \u00e7al\u0131\u015f\u0131r?<\/h2>\r\n\r\n\r\n\r\n<p>Motorlu kelebek vana, boru hatt\u0131 i\u00e7inde bulunan yuvarlak bir diskin konumunu de\u011fi\u015ftirerek \u00e7al\u0131\u015f\u0131r. Disk, boru \u00e7evresi boyutunda olup, proses ortam\u0131n\u0131n ak\u0131\u015f\u0131n\u0131n k\u0131s\u0131tlanmas\u0131 veya durdurulmas\u0131 gerekti\u011finde g\u00fcvenilir bir s\u0131zd\u0131rmazl\u0131k olu\u015fturmas\u0131na olanak tan\u0131r. Motorlu kelebek vanalar \u00e7e\u015fitli boyutlarda mevcuttur; dolay\u0131s\u0131yla herhangi bir fabrika, boru hatlar\u0131na \u00f6zel olarak uyan ve \u00e7al\u0131\u015fan bir vana sipari\u015f edebilecektir. Kelebek vanalar ve diskleri i\u00e7in en yayg\u0131n boyut aral\u0131klar\u0131 birka\u00e7 in\u00e7 ile birka\u00e7 fit aras\u0131ndad\u0131r, ancak bu \u00f6zel vanan\u0131n daha b\u00fcy\u00fck end\u00fcstriyel uygulamalar\u0131, bu tipik aral\u0131klardan biraz daha geni\u015f bir alan\u0131 kapsayabilir.<\/p>\r\n\r\n\r\n\r\n<p>Motorlu kelebek vana diski kapal\u0131 konumda oldu\u011funda boru hatt\u0131 tamamen t\u0131kan\u0131r ve ak\u0131\u015f durur. Valf diski, daha sonra bir motor taraf\u0131ndan kontrol edilen valf miline tak\u0131l\u0131r. Bu motor, vanay\u0131 a\u00e7\u0131k konuma getirdi\u011finde, disk boru hatt\u0131na paralel olur ve s\u0131v\u0131lar diskin her iki taraf\u0131ndan da ge\u00e7erek akabilir. Diskin kendisi hala boru hatt\u0131n\u0131n i\u00e7inde mevcut oldu\u011fundan ak\u0131\u015f hacminde hala bir d\u00fc\u015f\u00fc\u015f var. Ancak ak\u0131\u015f\u0131n ge\u00e7mesine izin verilir. \u00dcretimin de\u011fi\u015fmesi gerekti\u011finden ak\u0131\u015f\u0131n k\u0131s\u0131lmas\u0131, kontrol edilmesi veya hacme g\u00f6re d\u00fczenlenmesi gerekiyorsa motor, diski k\u0131smen a\u00e7\u0131k bir konuma \u00e7evirebilir. \u00dcretim i\u00e7in de\u011fi\u015fen miktarda proses ortam\u0131 hacim ak\u0131\u015f\u0131na ihtiya\u00e7 duyulursa, motorlu kelebek vana, proses s\u0131ras\u0131nda uygun miktarda s\u0131v\u0131 sa\u011flayacak \u015fekilde ayarlama yapabilir.<\/p>\r\n\r\n\r\n\r\n<h2 class=\"wp-block-heading\">Elektrikle \u00c7al\u0131\u015ft\u0131r\u0131lan Kelebek Vana Uygulamalar\u0131<\/h2>\r\n\r\n\r\n\r\n<p>Kelebek vanalar, su \u015febekelerinde, \u015febeke ara ba\u011flant\u0131lar\u0131nda, fabrikalarda, pompa istasyonlar\u0131nda, genel \u015febekelerde, end\u00fcstriyel tesislerin yang\u0131n koruma \u015febekelerinde kullan\u0131lan izolasyon vanalar\u0131d\u0131r.<\/p>\r\n\r\n\r\n\r\n<h2 class=\"wp-block-heading\" id=\"h-features-of-motorized-butterfly-valves\">Motorlu Kelebek Vanalar\u0131n \u00d6zellikleri<\/h2>\r\n\r\n\r\n\r\n<ul class=\"wp-block-list\">\r\n<li>1. ZECO motorlu kelebek vanan\u0131n montaj pedi ISO 5211&#039;e uygun olarak tasarlanm\u0131\u015ft\u0131r. Kullan\u0131c\u0131n\u0131n standart elektrikli akt\u00fcat\u00f6r\u00fc tek ba\u015f\u0131na veya do\u011frudan ZECO&#039;nun tamamen yap\u0131land\u0131r\u0131lm\u0131\u015f elektrikli akt\u00fcat\u00f6r teslimat\u0131 ile yap\u0131land\u0131rmas\u0131 kolayd\u0131r;<\/li>\r\n<li>2. ZECO motorlu kelebek vanan\u0131n \u00fcst ve alt g\u00f6vdesi, patlamay\u0131 \u00f6nleyecek \u015fekilde tasarlanm\u0131\u015ft\u0131r. Bu tasar\u0131m, bak\u0131m gerekti\u011finde patlama riskini \u00f6nler;<\/li>\r\n<li>3. ZECO motorlu kelebek vanan\u0131n contas\u0131 yang\u0131n g\u00fcvenli\u011fi i\u00e7in tasarlanm\u0131\u015ft\u0131r. S\u0131zd\u0131rmazl\u0131k esnek oturmaz ve API 607 yang\u0131n testi gereksinimlerini kar\u015f\u0131layabilir;<\/li>\r\n<li>4. ZECO motorlu kelebek vanan\u0131n torku d\u00fc\u015f\u00fckt\u00fcr. Kullan\u0131c\u0131lar geleneksel elektrikli akt\u00fcat\u00f6re g\u00f6re daha d\u00fc\u015f\u00fck bir vitesi e\u015fle\u015ftirerek maliyetten tasarruf edebilir.<\/li>\r\n<li>A\u015f\u0131r\u0131 y\u00fckleme korumas\u0131 vanay\u0131 ve projenizi g\u00fcvende tutar<\/li>\r\n<li>Se\u00e7im i\u00e7in \u00e7oklu kontrol y\u00f6ntemleri<\/li>\r\n<li>D\u0131\u015f mekan kullan\u0131m\u0131na uygun, hava ko\u015fullar\u0131na dayan\u0131kl\u0131 koruma s\u0131n\u0131f\u0131<\/li>\r\n<li>Her t\u00fcrl\u00fc kelebek vanaya uygun ISO 5211 montaj standard\u0131<\/li>\r\n<li>Ak\u0131\u015f kontrol\u00fcn\u00fc daha kolay hale getirmek i\u00e7in a\u00e7ma\/kapama a\u00e7\u0131s\u0131n\u0131n ayarlanmas\u0131 mevcuttur<\/li>\r\n<li>Akt\u00fcat\u00f6r\u00fcn ar\u0131za oran\u0131n\u0131n d\u00fc\u015f\u00fck olmas\u0131n\u0131 sa\u011flamak i\u00e7in ISO9001:2015 ile s\u0131k\u0131 kalite kontrol<\/li>\r\n<li>Boru hatt\u0131 gereksinimlerinizi kar\u015f\u0131lamak i\u00e7in wafer\/lugged\/flan\u015fl\u0131\/\u00fc\u00e7 kelep\u00e7eli kelebek vanalar sa\u011flay\u0131n.<\/li>\r\n<li>Se\u00e7im i\u00e7in geni\u015f boyut aral\u0131\u011f\u0131 ve bu, boru hatt\u0131 boyutunuzu kar\u015f\u0131layabilir.<\/li>\r\n<li>Kolay kurulum ve kolay bak\u0131m. Uzun servis \u00f6mr\u00fc.<\/li>\r\n<li>T\u00fcm kelebek vanalar malzeme testini ge\u00e7mi\u015ftir. \u00c7evre dostu.<\/li>\r\n<li>Se\u00e7im i\u00e7in y\u00fcksek ak\u0131\u015fl\u0131, hafif, \u00e7oklu ba\u011flant\u0131 t\u00fcrleri<\/li>\r\n<\/ul>\r\n\r\n\r\n\r\n<h2 class=\"wp-block-heading\" id=\"h-material-of-motorized-butterfly-valves\">Motorlu Kelebek Vanalar\u0131n Malzemesi<\/h2>\r\n\r\n\r\n\r\n<figure class=\"wp-block-table\">\r\n<table>\r\n<tbody>\r\n<tr>\r\n<td>Hay\u0131r<\/td>\r\n<td>Par\u00e7a<\/td>\r\n<td>Malzeme<\/td>\r\n<\/tr>\r\n<tr>\r\n<td>1<\/td>\r\n<td>V\u00fccut<\/td>\r\n<td>ASTM A351 CF8M<\/td>\r\n<\/tr>\r\n<tr>\r\n<td>2<\/td>\r\n<td>Conta Halkas\u0131<\/td>\r\n<td>Grafit + SS316<\/td>\r\n<\/tr>\r\n<tr>\r\n<td>3<\/td>\r\n<td>Tutucu Flan\u015f<\/td>\r\n<td>ASTM A182 F316<\/td>\r\n<\/tr>\r\n<tr>\r\n<td>4<\/td>\r\n<td>Pim<\/td>\r\n<td>ASTM A276 316<\/td>\r\n<\/tr>\r\n<tr>\r\n<td>5<\/td>\r\n<td>Disk<\/td>\r\n<td>ASTM A351 CF8M<\/td>\r\n<\/tr>\r\n<tr>\r\n<td>6<\/td>\r\n<td>K\u00f6k<\/td>\r\n<td>ASTM A276 316<\/td>\r\n<\/tr>\r\n<tr>\r\n<td>7<\/td>\r\n<td>K\u00f6k Ambalaj<\/td>\r\n<td>Grafit<\/td>\r\n<\/tr>\r\n<tr>\r\n<td>8<\/td>\r\n<td>K\u00f6k Daya\u011f\u0131<\/td>\r\n<td>SS316 + PTFE<\/td>\r\n<\/tr>\r\n<tr>\r\n<td>9<\/td>\r\n<td>C\u0131vata<\/td>\r\n<td>ASTM A193 B8M<\/td>\r\n<\/tr>\r\n<tr>\r\n<td>10<\/td>\r\n<td>F\u0131nd\u0131k<\/td>\r\n<td>ASTM A194 8M<\/td>\r\n<\/tr>\r\n<tr>\r\n<td>11<\/td>\r\n<td>Boyunduruk<\/td>\r\n<td>ASTM A216 WCB<\/td>\r\n<\/tr>\r\n<\/tbody>\r\n<\/table>\r\n<\/figure>","protected":false},"excerpt":{"rendered":"<p>Elektrikle \u00e7al\u0131\u015ft\u0131r\u0131lan kelebek vana, su ve in\u015faat malzemeleriyle uyumlu di\u011fer ortamlar\u0131n a\u00e7ma-kapama kontrol\u00fc i\u00e7in kullan\u0131l\u0131r. Ne \u2026 <a title=\"Motorlu Kelebek Vana\" class=\"read-more\" href=\"https:\/\/zecovalve.com\/tr\/urun\/motorized-butterfly-valve\" aria-label=\"Motorlu Kelebek Vana hakk\u0131nda daha fazlas\u0131\">Daha fazla bilgi edinin<\/a><\/p>","protected":false},"featured_media":16246,"comment_status":"closed","ping_status":"closed","template":"","meta":{"_generate-full-width-content":"","kt_blocks_editor_width":""},"product_cat":[2044,2468],"product_tag":[2806,2766,2727,2801],"class_list":["post-16245","product","type-product","status-publish","has-post-thumbnail","hentry","product_cat-butterfly-valve","product_cat-butterfly-valve-by-drive-mode","product_tag-butterfly-valve-wafer-type","product_tag-motorised-valve","product_tag-motorized-valve","product_tag-wafer-type-butterfly-valve","sales-flash-overlay","woocommerce-text-align-center","woocommerce-image-align-center","do-quantity-buttons"],"featured_image_src_large":["https:\/\/zecovalve.com\/wp-content\/uploads\/2022\/06\/motorized-butterfly-valve.jpg",800,600,false],"author_info":[],"comment_info":0,"taxonomy_info":{"product_cat":[{"value":2044,"label":"Butterfly Valve"},{"value":2468,"label":"Butterfly Valve By Drive Mode"}],"product_tag":[{"value":2806,"label":"Butterfly Valve Wafer Type"},{"value":2766,"label":"Motorised Valve"},{"value":2727,"label":"Motorized Valve"},{"value":2801,"label":"Wafer Type Butterfly Valve"}]},"yoast_head":"<!-- This site is optimized with the Yoast SEO Premium plugin v15.4 - https:\/\/yoast.com\/wordpress\/plugins\/seo\/ -->\n<title>Motorized Butterfly Valve - Electrically Actuated Butterfly Valve | ZECO Valve<\/title>\n<meta name=\"robots\" content=\"index, follow, max-snippet:-1, max-image-preview:large, max-video-preview:-1\" \/>\n<link rel=\"canonical\" href=\"https:\/\/zecovalve.com\/tr\/urun\/motorized-butterfly-valve\" \/>\n<meta property=\"og:locale\" content=\"tr_TR\" \/>\n<meta property=\"og:type\" content=\"article\" \/>\n<meta property=\"og:title\" content=\"Motorized Butterfly Valve - Electrically Actuated Butterfly Valve | ZECO Valve\" \/>\n<meta property=\"og:description\" content=\"The electrically actuated butterfly valve is used for on-off control of water and other media compatible with the materials of construction. What ... Read more\" \/>\n<meta property=\"og:url\" content=\"https:\/\/zecovalve.com\/tr\/urun\/motorized-butterfly-valve\" \/>\n<meta property=\"og:site_name\" content=\"ZECO Valve\" \/>\n<meta property=\"article:modified_time\" content=\"2022-09-01T00:56:22+00:00\" \/>\n<meta property=\"og:image\" content=\"https:\/\/zecovalve.com\/wp-content\/uploads\/2022\/06\/motorized-butterfly-valve.jpg\" \/>\n\t<meta property=\"og:image:width\" content=\"800\" \/>\n\t<meta property=\"og:image:height\" content=\"600\" \/>\n<meta name=\"twitter:card\" content=\"summary_large_image\" \/>\n<meta name=\"twitter:label1\" content=\"Yazan:\">\n\t<meta name=\"twitter:data1\" content=\"Jerry\">\n\t<meta name=\"twitter:label2\" content=\"Tahmini okuma s\u00fcresi\">\n\t<meta name=\"twitter:data2\" content=\"4 dakika\">\n<script type=\"application\/ld+json\" class=\"yoast-schema-graph\">{\"@context\":\"https:\/\/schema.org\",\"@graph\":[{\"@type\":\"WebSite\",\"@id\":\"https:\/\/zecovalve.com\/#website\",\"url\":\"https:\/\/zecovalve.com\/\",\"name\":\"ZECO Valve\",\"description\":\"Industrial Ball Valve, Gate Valve and Globe Valve Manufacturer\",\"potentialAction\":[{\"@type\":\"SearchAction\",\"target\":\"https:\/\/zecovalve.com\/?s={search_term_string}\",\"query-input\":\"required name=search_term_string\"}],\"inLanguage\":\"tr\"},{\"@type\":\"ImageObject\",\"@id\":\"https:\/\/zecovalve.com\/product\/motorized-butterfly-valve#primaryimage\",\"inLanguage\":\"tr\",\"url\":\"https:\/\/zecovalve.com\/wp-content\/uploads\/2022\/06\/motorized-butterfly-valve.jpg\",\"width\":800,\"height\":600,\"caption\":\"Motorized Butterfly Valve\"},{\"@type\":\"WebPage\",\"@id\":\"https:\/\/zecovalve.com\/product\/motorized-butterfly-valve#webpage\",\"url\":\"https:\/\/zecovalve.com\/product\/motorized-butterfly-valve\",\"name\":\"Motorized Butterfly Valve - Electrically Actuated Butterfly Valve | ZECO Valve\",\"isPartOf\":{\"@id\":\"https:\/\/zecovalve.com\/#website\"},\"primaryImageOfPage\":{\"@id\":\"https:\/\/zecovalve.com\/product\/motorized-butterfly-valve#primaryimage\"},\"datePublished\":\"2022-06-20T09:04:23+00:00\",\"dateModified\":\"2022-09-01T00:56:22+00:00\",\"breadcrumb\":{\"@id\":\"https:\/\/zecovalve.com\/product\/motorized-butterfly-valve#breadcrumb\"},\"inLanguage\":\"tr\",\"potentialAction\":[{\"@type\":\"ReadAction\",\"target\":[\"https:\/\/zecovalve.com\/product\/motorized-butterfly-valve\"]}]},{\"@type\":\"BreadcrumbList\",\"@id\":\"https:\/\/zecovalve.com\/product\/motorized-butterfly-valve#breadcrumb\",\"itemListElement\":[{\"@type\":\"ListItem\",\"position\":1,\"item\":{\"@type\":\"WebPage\",\"@id\":\"https:\/\/zecovalve.com\/\",\"url\":\"https:\/\/zecovalve.com\/\",\"name\":\"Home\"}},{\"@type\":\"ListItem\",\"position\":2,\"item\":{\"@type\":\"WebPage\",\"@id\":\"https:\/\/zecovalve.com\/product-category\",\"url\":\"https:\/\/zecovalve.com\/product-category\",\"name\":\"Industrial Valve Manufacturer | Water Valve Manufacturer\"}},{\"@type\":\"ListItem\",\"position\":3,\"item\":{\"@type\":\"WebPage\",\"@id\":\"https:\/\/zecovalve.com\/product\/motorized-butterfly-valve\",\"url\":\"https:\/\/zecovalve.com\/product\/motorized-butterfly-valve\",\"name\":\"Motorized Butterfly Valve\"}}]}]}<\/script>\n<!-- \/ Yoast SEO Premium plugin. -->","_links":{"self":[{"href":"https:\/\/zecovalve.com\/tr\/wp-json\/wp\/v2\/product\/16245","targetHints":{"allow":["GET"]}}],"collection":[{"href":"https:\/\/zecovalve.com\/tr\/wp-json\/wp\/v2\/product"}],"about":[{"href":"https:\/\/zecovalve.com\/tr\/wp-json\/wp\/v2\/types\/product"}],"replies":[{"embeddable":true,"href":"https:\/\/zecovalve.com\/tr\/wp-json\/wp\/v2\/comments?post=16245"}],"wp:featuredmedia":[{"embeddable":true,"href":"https:\/\/zecovalve.com\/tr\/wp-json\/wp\/v2\/media\/16246"}],"wp:attachment":[{"href":"https:\/\/zecovalve.com\/tr\/wp-json\/wp\/v2\/media?parent=16245"}],"wp:term":[{"taxonomy":"product_cat","embeddable":true,"href":"https:\/\/zecovalve.com\/tr\/wp-json\/wp\/v2\/product_cat?post=16245"},{"taxonomy":"product_tag","embeddable":true,"href":"https:\/\/zecovalve.com\/tr\/wp-json\/wp\/v2\/product_tag?post=16245"}],"curies":[{"name":"wp","href":"https:\/\/api.w.org\/{rel}","templated":true}]}}