{"id":16247,"date":"2022-06-20T09:11:40","date_gmt":"2022-06-20T09:11:40","guid":{"rendered":"https:\/\/zecovalve.com\/?post_type=product&#038;p=16247"},"modified":"2023-06-15T12:40:40","modified_gmt":"2023-06-15T12:40:40","slug":"manual-gate-valve","status":"publish","type":"product","link":"https:\/\/zecovalve.com\/tr\/urun\/manual-gate-valve","title":{"rendered":"Manuel S\u00fcrg\u00fcl\u00fc Vana"},"content":{"rendered":"<p>ZECO Valve, manuel kumandal\u0131 s\u00fcrg\u00fcl\u00fc vanan\u0131n lider \u00fcreticisi, tedarik\u00e7isi ve ihracat\u00e7\u0131s\u0131d\u0131r. End\u00fcstriyel veya ticari ama\u00e7lar i\u00e7in farkl\u0131 boyut ve boyutlarda manuel s\u00fcrg\u00fcl\u00fc vana sunuyoruz.<\/p>\r\n\r\n\r\n\r\n<figure class=\"wp-block-image alignnone size-medium wp-image-16248\"><img loading=\"lazy\" decoding=\"async\" width=\"300\" height=\"225\" class=\"wp-image-16248\" src=\"https:\/\/zecovalve.com\/wp-content\/uploads\/2022\/06\/manual-gate-valve-300x225.jpg\" alt=\"Manuel S\u00fcrg\u00fcl\u00fc Vana\" srcset=\"https:\/\/zecovalve.com\/wp-content\/uploads\/2022\/06\/manual-gate-valve-300x225.jpg 300w, https:\/\/zecovalve.com\/wp-content\/uploads\/2022\/06\/manual-gate-valve-768x576.jpg 768w, https:\/\/zecovalve.com\/wp-content\/uploads\/2022\/06\/manual-gate-valve-600x450.jpg 600w, https:\/\/zecovalve.com\/wp-content\/uploads\/2022\/06\/manual-gate-valve.jpg 800w\" sizes=\"auto, (max-width: 300px) 100vw, 300px\" \/><\/figure>\r\n\r\n\r\n<div class=\"gb-button-wrapper gb-button-wrapper-6d8495a3\">\r\n\r\n\r\n<p><a class=\"gb-button gb-button-3d442e11 gb-button-text\" href=\"mailto:commercial@zecovalve.com\" target=\"_blank\" rel=\"noopener noreferrer\"><strong>MANUEL S\u00dcRG\u00dcL\u00dc VANA F\u0130YAT ALIN<\/strong><\/a><\/p>\r\n<\/div>\r\n\r\n\r\n\r\n\r\n<h2 class=\"wp-block-heading\" id=\"h-what-is-a-manual-gate-valve\">Manuel S\u00fcrg\u00fcl\u00fc Vana Nedir?<\/h2>\r\n\r\n\r\n\r\n<p>ZECO manuel s\u00fcrg\u00fcl\u00fc vana s\u00fcr\u00fc\u015f moduna g\u00f6re isimlendirilir. Elle \u00e7al\u0131\u015ft\u0131r\u0131lan s\u00fcrg\u00fcl\u00fc vana genellikle k\u00fc\u00e7\u00fck \u00e7apl\u0131 bir s\u00fcrg\u00fcl\u00fc vanad\u0131r. K\u00fc\u00e7\u00fck \u00e7apl\u0131 tork d\u00fc\u015f\u00fck oldu\u011fundan insan g\u00fcc\u00fc ile kolayca a\u00e7\u0131labilir, b\u00f6ylece kullan\u0131c\u0131 maliyeti art\u0131 t\u00fcrbin kafas\u0131 veya konik di\u015fli cihaz\u0131n\u0131 bo\u015fa harcamaya gerek kalmaz. \u015eangay \u00c7in ve Jiangsu \u00c7in&#039;in \u00fcnl\u00fc bir marka \u00fcr\u00fcn\u00fc olan ZECO, ZECO markas\u0131n\u0131 d\u00fcnyaya tan\u0131tmaya, ZECO markas\u0131n\u0131n kalitesini ve hizmetini d\u00fcnyaca \u00fcnl\u00fc \u00fcr\u00fcnler haline getirmeye ve petrol \u015firketlerinin, m\u00fchendislik \u015firketlerinin ve tasar\u0131m\u0131n kullan\u0131c\u0131lar\u0131n\u0131 yapmaya adam\u0131\u015ft\u0131r. Firmalar ad\u0131m ad\u0131m ZECO&#039;yu daha \u00e7ok tan\u0131yor. Bu, ZECO vanas\u0131n\u0131n d\u00fcnyan\u0131n her k\u00f6\u015fesinde g\u00f6r\u00fcnmesini sa\u011flayan ve d\u00fcnyadaki her boru hatt\u0131n\u0131 koruyan, ulusal bir marka olarak ZECO&#039;nun misyon ve sorumluluk duygusudur.<\/p>\r\n\r\n\r\n\r\n<h2 class=\"wp-block-heading\" id=\"h-features-of-manual-gate-valve\">Manuel S\u00fcrg\u00fcl\u00fc Vanan\u0131n \u00d6zellikleri<\/h2>\r\n\r\n\r\n\r\n<ul class=\"wp-block-list\">\r\n<li>ZECO manuel s\u00fcrg\u00fcl\u00fc vanan\u0131n takozu, daha fazla s\u0131zd\u0131rmazl\u0131k kapasitesi ve daha d\u00fc\u015f\u00fck tork gereksinimleri sa\u011flayan tek kamal\u0131 esnek tiptedir. Bu ayn\u0131 zamanda ZECO man\u00fcel s\u00fcrg\u00fcl\u00fc vanan\u0131n a\u00e7\u0131lmas\u0131n\u0131 daha kolay ve man\u00fcel \u00e7al\u0131\u015ft\u0131rma i\u00e7in daha uygun hale getirir;<\/li>\r\n<li>ZECO man\u00fcel s\u00fcrg\u00fcl\u00fc vanan\u0131n kamas\u0131, do\u011fru hizalama sa\u011flayan ve \u00e7al\u0131\u015fma s\u0131ras\u0131nda tam rehberlik sa\u011flayan do\u011fru k\u0131lavuz yuvalar\u0131na sahiptir;<\/li>\r\n<li>ZECO manuel s\u00fcrg\u00fcl\u00fc vanan\u0131n oturma halkalar\u0131 g\u00f6vdeye conta kaynakl\u0131d\u0131r ve sert y\u00fczeyli oturma y\u00fczeylerine sahip karbon \u00e7eli\u011finden yap\u0131lm\u0131\u015ft\u0131r. Takozlardaki oturma y\u00fczeyleri 13 CR Paslanmaz \u00c7elik veya Stellit \u00fczerine kaynak yap\u0131larak yap\u0131lm\u0131\u015ft\u0131r. Ayr\u0131ca, ZECO kaynak m\u00fchendislerinin m\u00fckemmel becerileri ve kaynak robotunun hassas hata ay\u0131klamas\u0131, m\u00fckemmel kaynak sonunu sa\u011flar;<\/li>\r\n<li>ZECO man\u00fcel s\u00fcrg\u00fcl\u00fc vana, kaportada bir arka koltuk burcuyla donat\u0131lm\u0131\u015ft\u0131r; bu, vana tamamen a\u00e7\u0131k konumdayken g\u00f6vde salmastras\u0131n\u0131n de\u011fi\u015ftirilmesine olanak sa\u011flar.<\/li>\r\n<li>D\u00fc\u015f\u00fck Emisyon: &lt; 100 ppm<\/li>\r\n<li>K\u00f6k d\u00fczl\u00fc\u011f\u00fc ve yuvarlakl\u0131\u011f\u0131<\/li>\r\n<li>Sap y\u00fczey kalitesi maks. 32 Ra<\/li>\r\n<li>Salmastra kutusu y\u00fczey kalitesi maks. 125 Ra<\/li>\r\n<li>Salmastra kutusu ve salmastra silindirikli\u011fi<\/li>\r\n<li>Kendili\u011finden merkezlenen salmastra tasar\u0131m\u0131<\/li>\r\n<li>Salmastra salmastras\u0131: \u00d6rg\u00fcl\u00fc grafit \u00fcst ve alt halkalara sahip kal\u0131pla \u015fekillendirilmi\u015f grafit halkalar<\/li>\r\n<li>Oluklu SS ve grafit kaporta contalar\u0131<\/li>\r\n<\/ul>\r\n\r\n\r\n\r\n<h2 class=\"wp-block-heading\">Manuel S\u00fcrg\u00fcl\u00fc Vanan\u0131n \u00dcr\u00fcne Genel Bak\u0131\u015f<\/h2>\r\n\r\n\r\n\r\n<figure class=\"wp-block-table\">\r\n<table>\r\n<tbody>\r\n<tr>\r\n<td>Tasar\u0131m &amp; \u0130malat<\/td>\r\n<td>ASME B16.34, API600, API 6D<\/td>\r\n<\/tr>\r\n<tr>\r\n<td>Y\u00fcz Y\u00fcze<\/td>\r\n<td>ASME B16.10<\/td>\r\n<\/tr>\r\n<tr>\r\n<td>Ba\u011flant\u0131 Boyutu<\/td>\r\n<td>ASME B16.5, ASME B16.25<\/td>\r\n<\/tr>\r\n<tr>\r\n<td>Muayene ve Test<\/td>\r\n<td>ISO5208, API598<\/td>\r\n<\/tr>\r\n<tr>\r\n<td>Boyut Aral\u0131\u011f\u0131<\/td>\r\n<td>1\/2 in\u00e7 ila 48 in\u00e7<\/td>\r\n<\/tr>\r\n<tr>\r\n<td>Bas\u0131n\u00e7<\/td>\r\n<td>S\u0131n\u0131f 150\/S\u0131n\u0131f 300\/S\u0131n\u0131f 600\/S\u0131n\u0131f 900\/S\u0131n\u0131f 1500<\/td>\r\n<\/tr>\r\n<tr>\r\n<td>Ortam S\u0131cakl\u0131\u011f\u0131<\/td>\r\n<td>-30\u00b0C ila 450\u00b0C<\/td>\r\n<\/tr>\r\n<tr>\r\n<td>Malzeme Se\u00e7enekleri<\/td>\r\n<td>Paslanmaz \u00e7elik 304\/316\/316L veya WCB<\/td>\r\n<\/tr>\r\n<\/tbody>\r\n<\/table>\r\n<\/figure>\r\n\r\n\r\n\r\n<h2 class=\"wp-block-heading\" id=\"h-material-of-manual-gate-valve\">Manuel S\u00fcrg\u00fcl\u00fc Vana Malzemesi<\/h2>\r\n\r\n\r\n\r\n<figure class=\"wp-block-table\">\r\n<table>\r\n<tbody>\r\n<tr>\r\n<td>Hay\u0131r<\/td>\r\n<td>Par\u00e7a<\/td>\r\n<td>Malzeme<\/td>\r\n<\/tr>\r\n<tr>\r\n<td>1<\/td>\r\n<td>V\u00fccut<\/td>\r\n<td>ASTM A216 WCB<\/td>\r\n<\/tr>\r\n<tr>\r\n<td>2<\/td>\r\n<td>Koltuk Halkas\u0131<\/td>\r\n<td>ASTM A105 + STL<\/td>\r\n<\/tr>\r\n<tr>\r\n<td>3<\/td>\r\n<td>Kama<\/td>\r\n<td>ASTM A216 WCB + 13Cr<\/td>\r\n<\/tr>\r\n<tr>\r\n<td>4<\/td>\r\n<td>K\u00f6k<\/td>\r\n<td>ASTM A276 410<\/td>\r\n<\/tr>\r\n<tr>\r\n<td>5<\/td>\r\n<td>Kaput Contas\u0131<\/td>\r\n<td>Grafit + SS304<\/td>\r\n<\/tr>\r\n<tr>\r\n<td>6<\/td>\r\n<td>Kaput C\u0131vatas\u0131<\/td>\r\n<td>ASTM A193 B7<\/td>\r\n<\/tr>\r\n<tr>\r\n<td>7<\/td>\r\n<td>Kaput Somunu<\/td>\r\n<td>ASTM A194 2H<\/td>\r\n<\/tr>\r\n<tr>\r\n<td>8<\/td>\r\n<td>Bone<\/td>\r\n<td>ASTM A216 WCB<\/td>\r\n<\/tr>\r\n<tr>\r\n<td>9<\/td>\r\n<td>Arka Koltuk<\/td>\r\n<td>ASTM A182 F6a<\/td>\r\n<\/tr>\r\n<tr>\r\n<td>10<\/td>\r\n<td>K\u00f6k Ambalaj<\/td>\r\n<td>G\u00fc\u00e7lendirilmi\u015f Grafit<\/td>\r\n<\/tr>\r\n<tr>\r\n<td>11<\/td>\r\n<td>El \u00c7ark\u0131<\/td>\r\n<td>KTH330-08<\/td>\r\n<\/tr>\r\n<\/tbody>\r\n<\/table>\r\n<\/figure>\r\n\r\n\r\n\r\n<h2 class=\"wp-block-heading\">Manuel S\u00fcrg\u00fcl\u00fc Vana Uygulamalar\u0131<\/h2>\r\n\r\n\r\n\r\n<ul class=\"wp-block-list\">\r\n<li>Petrol ar\u0131tma<\/li>\r\n<li>Kimyasal i\u015fleme<\/li>\r\n<li>G\u00fc\u00e7 \u00fcretimi<\/li>\r\n<li>\u00dcreticilerin onayl\u0131 \u00fcretici listesinde (AML) yer almas\u0131n\u0131 gerektiren uygulamalar<\/li>\r\n<\/ul>\r\n\r\n\r\n\r\n<h2 class=\"wp-block-heading\">Manuel Kumandal\u0131 S\u00fcrg\u00fcl\u00fc Vana \u00dcreticisi ve Fabrikas\u0131<\/h2>\r\n\r\n\r\n\r\n<p>E\u011fer ar\u0131yorsan\u0131z <a href=\"https:\/\/zecovalve.com\/tr\/urun\/manual-gate-valve\" data-internallinksmanager029f6b8e52c=\"5\" title=\"manuel \u00e7al\u0131\u015ft\u0131rma giri\u015f valfi \u00fcreticisi\" target=\"_blank\" rel=\"noopener\">manuel \u00e7al\u0131\u015ft\u0131rma giri\u015f valfi \u00fcreticisi<\/a>, burada do\u011fru yerdesiniz. ZECO Vana end\u00fcstriyel bir vanad\u0131r. <a href=\"https:\/\/zecovalve.com\/tr\/urun\/manual-gate-valve\" data-internallinksmanager029f6b8e52c=\"5\" title=\"manuel \u00e7al\u0131\u015ft\u0131rma giri\u015f valfi \u00fcreticisi\" target=\"_blank\" rel=\"noopener\">manuel \u00e7al\u0131\u015ft\u0131rma giri\u015f valfi fabrikas\u0131<\/a> \u00c7in&#039;de. Ana \u00fcr\u00fcn\u00fcm\u00fcz ANSI API 600 S\u00fcrg\u00fcl\u00fc vanad\u0131r. Di\u011fer standartlar da \u00f6zelle\u015ftirilebilir. WCB ve paslanmaz \u00e7elik gibi t\u00fcm malzemelerde, se\u00e7iminize g\u00f6re tasar\u0131m ve bas\u0131n\u00e7 aral\u0131klar\u0131nda her t\u00fcrl\u00fc s\u00fcrg\u00fcl\u00fc vanay\u0131 sunuyoruz. \u0130htiya\u00e7lar\u0131n\u0131z\u0131 kar\u015f\u0131lamak ve projenizin iyi ilerlemesine yard\u0131mc\u0131 olmak i\u00e7in \u00f6zelle\u015ftirilmi\u015f vana hizmeti de sunuyoruz. Proje gereksinimlerinize g\u00f6re do\u011fru s\u00fcrg\u00fcl\u00fc vana temelini se\u00e7mek i\u00e7in bize dan\u0131\u015fmaktan memnuniyet duyar\u0131z.<\/p>","protected":false},"excerpt":{"rendered":"<p>ZECO Valve, manuel kumandal\u0131 s\u00fcrg\u00fcl\u00fc vanan\u0131n lider \u00fcreticisi, tedarik\u00e7isi ve ihracat\u00e7\u0131s\u0131d\u0131r. Farkl\u0131 boyutlarda manuel s\u00fcrg\u00fcl\u00fc vana sunuyoruz\u2026 <a title=\"Manuel S\u00fcrg\u00fcl\u00fc Vana\" class=\"read-more\" href=\"https:\/\/zecovalve.com\/tr\/urun\/manual-gate-valve\" aria-label=\"Manuel S\u00fcrg\u00fcl\u00fc Vana hakk\u0131nda daha fazlas\u0131\">Daha fazla bilgi edinin<\/a><\/p>","protected":false},"featured_media":27881,"comment_status":"closed","ping_status":"closed","template":"","meta":{"_generate-full-width-content":"","kt_blocks_editor_width":""},"product_cat":[2052,2457],"product_tag":[2798],"class_list":["post-16247","product","type-product","status-publish","has-post-thumbnail","hentry","product_cat-gate-valve","product_cat-gate-valve-by-drive-mode","product_tag-osy-valve","sales-flash-overlay","woocommerce-text-align-center","woocommerce-image-align-center","do-quantity-buttons"],"featured_image_src_large":["https:\/\/zecovalve.com\/wp-content\/uploads\/2022\/06\/Manual-Gate-Valve-1.jpg",800,600,false],"author_info":[],"comment_info":0,"taxonomy_info":{"product_cat":[{"value":2052,"label":"Gate Valve"},{"value":2457,"label":"Gate Valve with Actuator"}],"product_tag":[{"value":2798,"label":"OS&amp;Y Valve"}]},"yoast_head":"<!-- This site is optimized with the Yoast SEO Premium plugin v15.4 - https:\/\/yoast.com\/wordpress\/plugins\/seo\/ -->\n<title>Manual Gate Valve - Manual Operate Gate Valve Manufacturer | ZECO<\/title>\n<meta name=\"robots\" content=\"index, follow, max-snippet:-1, max-image-preview:large, max-video-preview:-1\" \/>\n<link rel=\"canonical\" href=\"https:\/\/zecovalve.com\/tr\/urun\/manual-gate-valve\" \/>\n<meta property=\"og:locale\" content=\"tr_TR\" \/>\n<meta property=\"og:type\" content=\"article\" \/>\n<meta property=\"og:title\" content=\"Manual Gate Valve - Manual Operate Gate Valve Manufacturer | ZECO\" \/>\n<meta property=\"og:description\" content=\"ZECO Valve is a leading manufacturer, supplier and exporter of manual operated gate valve. We offer manual gate valve with different sizes ... Read more\" \/>\n<meta property=\"og:url\" content=\"https:\/\/zecovalve.com\/tr\/urun\/manual-gate-valve\" \/>\n<meta property=\"og:site_name\" content=\"ZECO Valve\" \/>\n<meta property=\"article:modified_time\" content=\"2023-06-15T12:40:40+00:00\" \/>\n<meta property=\"og:image\" content=\"https:\/\/zecovalve.com\/wp-content\/uploads\/2022\/06\/Manual-Gate-Valve-1.jpg\" \/>\n\t<meta property=\"og:image:width\" content=\"800\" \/>\n\t<meta property=\"og:image:height\" content=\"600\" \/>\n<meta name=\"twitter:card\" content=\"summary_large_image\" \/>\n<meta name=\"twitter:label1\" content=\"Yazan:\">\n\t<meta name=\"twitter:data1\" content=\"Jerry\">\n\t<meta name=\"twitter:label2\" content=\"Tahmini okuma s\u00fcresi\">\n\t<meta name=\"twitter:data2\" content=\"2 dakika\">\n<script type=\"application\/ld+json\" class=\"yoast-schema-graph\">{\"@context\":\"https:\/\/schema.org\",\"@graph\":[{\"@type\":\"WebSite\",\"@id\":\"https:\/\/zecovalve.com\/#website\",\"url\":\"https:\/\/zecovalve.com\/\",\"name\":\"ZECO Valve\",\"description\":\"Industrial Ball Valve, Gate Valve and Globe Valve Manufacturer\",\"potentialAction\":[{\"@type\":\"SearchAction\",\"target\":\"https:\/\/zecovalve.com\/?s={search_term_string}\",\"query-input\":\"required name=search_term_string\"}],\"inLanguage\":\"tr\"},{\"@type\":\"ImageObject\",\"@id\":\"https:\/\/zecovalve.com\/product\/manual-gate-valve#primaryimage\",\"inLanguage\":\"tr\",\"url\":\"https:\/\/zecovalve.com\/wp-content\/uploads\/2022\/06\/Manual-Gate-Valve-1.jpg\",\"width\":800,\"height\":600,\"caption\":\"Manual Gate Valve\"},{\"@type\":\"WebPage\",\"@id\":\"https:\/\/zecovalve.com\/product\/manual-gate-valve#webpage\",\"url\":\"https:\/\/zecovalve.com\/product\/manual-gate-valve\",\"name\":\"Manual Gate Valve - Manual Operate Gate Valve Manufacturer | ZECO\",\"isPartOf\":{\"@id\":\"https:\/\/zecovalve.com\/#website\"},\"primaryImageOfPage\":{\"@id\":\"https:\/\/zecovalve.com\/product\/manual-gate-valve#primaryimage\"},\"datePublished\":\"2022-06-20T09:11:40+00:00\",\"dateModified\":\"2023-06-15T12:40:40+00:00\",\"breadcrumb\":{\"@id\":\"https:\/\/zecovalve.com\/product\/manual-gate-valve#breadcrumb\"},\"inLanguage\":\"tr\",\"potentialAction\":[{\"@type\":\"ReadAction\",\"target\":[\"https:\/\/zecovalve.com\/product\/manual-gate-valve\"]}]},{\"@type\":\"BreadcrumbList\",\"@id\":\"https:\/\/zecovalve.com\/product\/manual-gate-valve#breadcrumb\",\"itemListElement\":[{\"@type\":\"ListItem\",\"position\":1,\"item\":{\"@type\":\"WebPage\",\"@id\":\"https:\/\/zecovalve.com\/\",\"url\":\"https:\/\/zecovalve.com\/\",\"name\":\"Home\"}},{\"@type\":\"ListItem\",\"position\":2,\"item\":{\"@type\":\"WebPage\",\"@id\":\"https:\/\/zecovalve.com\/product-category\",\"url\":\"https:\/\/zecovalve.com\/product-category\",\"name\":\"Industrial Valve Manufacturer | Water Valve Manufacturer\"}},{\"@type\":\"ListItem\",\"position\":3,\"item\":{\"@type\":\"WebPage\",\"@id\":\"https:\/\/zecovalve.com\/product\/manual-gate-valve\",\"url\":\"https:\/\/zecovalve.com\/product\/manual-gate-valve\",\"name\":\"Manual Gate Valve\"}}]}]}<\/script>\n<!-- \/ Yoast SEO Premium plugin. -->","_links":{"self":[{"href":"https:\/\/zecovalve.com\/tr\/wp-json\/wp\/v2\/product\/16247","targetHints":{"allow":["GET"]}}],"collection":[{"href":"https:\/\/zecovalve.com\/tr\/wp-json\/wp\/v2\/product"}],"about":[{"href":"https:\/\/zecovalve.com\/tr\/wp-json\/wp\/v2\/types\/product"}],"replies":[{"embeddable":true,"href":"https:\/\/zecovalve.com\/tr\/wp-json\/wp\/v2\/comments?post=16247"}],"wp:featuredmedia":[{"embeddable":true,"href":"https:\/\/zecovalve.com\/tr\/wp-json\/wp\/v2\/media\/27881"}],"wp:attachment":[{"href":"https:\/\/zecovalve.com\/tr\/wp-json\/wp\/v2\/media?parent=16247"}],"wp:term":[{"taxonomy":"product_cat","embeddable":true,"href":"https:\/\/zecovalve.com\/tr\/wp-json\/wp\/v2\/product_cat?post=16247"},{"taxonomy":"product_tag","embeddable":true,"href":"https:\/\/zecovalve.com\/tr\/wp-json\/wp\/v2\/product_tag?post=16247"}],"curies":[{"name":"wp","href":"https:\/\/api.w.org\/{rel}","templated":true}]}}