{"id":16249,"date":"2022-06-20T09:15:39","date_gmt":"2022-06-20T09:15:39","guid":{"rendered":"https:\/\/zecovalve.com\/?post_type=product&#038;p=16249"},"modified":"2023-06-15T12:41:37","modified_gmt":"2023-06-15T12:41:37","slug":"pneumatic-gate-valve","status":"publish","type":"product","link":"https:\/\/zecovalve.com\/tr\/urun\/pneumatic-gate-valve","title":{"rendered":"Pn\u00f6matik S\u00fcrg\u00fcl\u00fc Vana"},"content":{"rendered":"<div class=\"wp-block-columns is-layout-flex wp-container-core-columns-is-layout-9d6595d7 wp-block-columns-is-layout-flex\">\r\n<div class=\"wp-block-column is-layout-flow wp-block-column-is-layout-flow\">\r\n<figure class=\"wp-block-image size-full\"><img loading=\"lazy\" decoding=\"async\" width=\"330\" height=\"300\" class=\"wp-image-16924\" src=\"https:\/\/zecovalve.com\/wp-content\/uploads\/2022\/06\/knife-gate-valve.jpg\" alt=\"B\u0131\u00e7ak S\u00fcrg\u00fcl\u00fc Vana\" srcset=\"https:\/\/zecovalve.com\/wp-content\/uploads\/2022\/06\/knife-gate-valve.jpg 330w, https:\/\/zecovalve.com\/wp-content\/uploads\/2022\/06\/knife-gate-valve-300x273.jpg 300w\" sizes=\"auto, (max-width: 330px) 100vw, 330px\" \/><\/figure>\r\n<\/div>\r\n<\/div>\r\n\r\n\r\n<div class=\"gb-button-wrapper gb-button-wrapper-6d8495a3\">\r\n\r\n\r\n<p><a class=\"gb-button gb-button-3d442e11 gb-button-text\" href=\"https:\/\/zecovalve.com\/tr\/contact\/\" target=\"_blank\" rel=\"noopener noreferrer\"><strong>PN\u00d6MAT\u0130K S\u00dcRG\u00dcL\u00dc VANA F\u0130YAT ALIN<\/strong><\/a><\/p>\r\n<\/div>\r\n\r\n\r\n\r\n\r\n<h2 class=\"wp-block-heading\" id=\"h-what-is-a-pneumatic-gate-valve\">Pn\u00f6matik S\u00fcrg\u00fcl\u00fc Vana Nedir?<\/h2>\r\n\r\n\r\n\r\n<p>ZECO pn\u00f6matik s\u00fcrg\u00fcl\u00fc vana, bas\u0131n\u00e7l\u0131 havayla \u00e7al\u0131\u015ft\u0131r\u0131lan bir s\u00fcrg\u00fcl\u00fc vanad\u0131r. ZECO pn\u00f6matik s\u00fcrg\u00fcl\u00fc vana istikrarl\u0131 performansa ve rahat \u00e7al\u0131\u015fmaya sahiptir. Petrol, do\u011fal gaz ve di\u011fer end\u00fcstriyel projelerde h\u0131zl\u0131 kesme vanas\u0131 olarak yayg\u0131n \u015fekilde kullan\u0131lmaktad\u0131r. Pn\u00f6matik akt\u00fcat\u00f6r, s\u0131radan tek silindirli akt\u00fcat\u00f6rle kar\u015f\u0131la\u015ft\u0131r\u0131ld\u0131\u011f\u0131nda \u00e7ift katmanl\u0131 bir silindir yap\u0131s\u0131n\u0131 benimser, kald\u0131rma kuvveti daha b\u00fcy\u00fckt\u00fcr, bu da b\u00fcy\u00fck bir s\u00fcrg\u00fcl\u00fc vanan\u0131n a\u00e7ma torkunun a\u00e7\u0131lamayacak kadar b\u00fcy\u00fck olmas\u0131 sorununu \u00e7\u00f6zer. Pn\u00f6matik akt\u00fcat\u00f6rler h\u0131zl\u0131 bir \u015fekilde a\u00e7\u0131l\u0131p kapand\u0131\u011f\u0131ndan ZECO, h\u0131zl\u0131 kapanma s\u0131ras\u0131nda s\u0131zd\u0131rmazl\u0131k y\u00fczeyinin ve kap\u0131n\u0131n a\u015f\u0131nmas\u0131n\u0131 azaltan yast\u0131klama mekanizmas\u0131yla donat\u0131lm\u0131\u015ft\u0131r.<\/p>\r\n\r\n\r\n\r\n<h2 class=\"wp-block-heading\">Pn\u00f6matik S\u00fcrg\u00fcl\u00fc Vana \u00c7e\u015fitleri<\/h2>\r\n\r\n\r\n\r\n\r\n\r\n<h3 class=\"wp-block-heading\">Pn\u00f6matik B\u0131\u00e7ak S\u00fcrg\u00fcl\u00fc Vana<\/h3>\r\n\r\n\r\n\r\n<p>Pn\u00f6matik B\u0131\u00e7ak S\u00fcrg\u00fcl\u00fc Vana, d\u00f6k\u00fcm g\u00f6vdeli, b\u0131\u00e7ak kap\u0131l\u0131, salmastral\u0131 salmastra kutusu ve b\u00fcy\u00fck boyutlu hava silindiri olan a\u011f\u0131r hizmet tipi bir \u00fcnitedir. Bu a\u011f\u0131r hizmet \u00fcniteleri 150 lbs&#039;lik c\u0131vata deli\u011fi d\u00fczenine sahiptir. Se\u00e7enekler aras\u0131nda bas\u0131nca veya vakuma kar\u015f\u0131 s\u0131zd\u0131rmazl\u0131k sa\u011flayan esnek bir koltuk; Solenoid valfler ve yak\u0131nl\u0131k sens\u00f6rleri.<\/p>\r\n\r\n\r\n\r\n<h4 class=\"wp-block-heading\">Pn\u00f6matik B\u0131\u00e7ak S\u00fcrg\u00fcl\u00fc Vanan\u0131n \u00d6zellikleri<\/h4>\r\n\r\n\r\n\r\n<ul class=\"wp-block-list\">\r\n<li>Tasar\u0131m Standard\u0131: MSS SP-81<\/li>\r\n<li>F&#039;den F&#039;ye: MSS SP-81&#039;e g\u00f6re<\/li>\r\n<li>Test Standard\u0131: MSS SP -81<\/li>\r\n<li>Boyut Aral\u0131\u011f\u0131: 50 mm&#039;den 600 mm&#039;ye<\/li>\r\n<li>Bas\u0131n\u00e7 De\u011feri: 50 mm ila 300 mm \u2013 150 psi \/ 400 mm ila 450 mm \u2013 75 psi \/ 500 mm ila 600 mm \u2013 50 psi<\/li>\r\n<li>U\u00e7 Stili: Tam Pabu\u00e7lu, Wafer Tipi, Flan\u015fs\u0131z \/ \u0130ki Pabu\u00e7lu, Wafer Tipi, Flan\u015fs\u0131z \/ Flan\u015fl\u0131 Tip, Wafer<\/li>\r\n<li>Pabucu Se\u00e7enekleri: a. BSP G\u00f6\u011f\u00fcs b\u00f6lgesindeki di\u015fli delik ve \u00e7\u0131k\u0131nt\u0131lar \/ b. BSP g\u00f6\u011f\u00fcs b\u00f6lgesinde ve Lugs&#039;taki bir delikten bir delik a\u00e7t\u0131.<\/li>\r\n<li>Delme: ANSI B 16.5 S\u0131n\u0131f 150, BS 10 Tablo &#039;D&#039; ve &#039;E&#039;, DIN, JIS, IS, vb.<\/li>\r\n<li>Valf \u00c7al\u0131\u015fmas\u0131: Silindir, Konik Di\u015fli, Elektrikli Motor, Zincir \u00c7ark, Kol<\/li>\r\n<li>G\u00f6vde Tasar\u0131m\u0131: Tam Yuvarlak Ba\u011flant\u0131 Noktas\u0131 \/ \u201cV\u201d \u00c7entik Ba\u011flant\u0131 Noktas\u0131 \/ Kare Ba\u011flant\u0131 Noktas\u0131<\/li>\r\n<\/ul>\r\n\r\n\r\n\r\n<h4 class=\"wp-block-heading\">Pn\u00f6matik B\u0131\u00e7akl\u0131 S\u00fcrg\u00fcl\u00fc Vanalar\u0131n \u00d6zellikleri<\/h4>\r\n\r\n\r\n\r\n<ul class=\"wp-block-list\">\r\n<li>A\u011f\u0131r Hizmet Tipi D\u00f6k\u00fcm \u0130n\u015faat<\/li>\r\n<li>ASA C\u0131vata Deli\u011fi Deseni<\/li>\r\n<li>Paslanmaz \u00c7elik Konstr\u00fcksiyon<\/li>\r\n<li>Kal\u0131n e\u011fimli kenar b\u0131\u00e7ak plakas\u0131<\/li>\r\n<li>Esnek kau\u00e7uk koltuklar bas\u0131nca ve vakuma kar\u015f\u0131 s\u0131zd\u0131rmazl\u0131k sa\u011flar<\/li>\r\n<li>Pn\u00f6matik veya manuel \u00e7al\u0131\u015ft\u0131rma<\/li>\r\n<li>Pn\u00f6matik \u00fcniteler i\u00e7in b\u00fcy\u00fck boyutlu hava silindiri<\/li>\r\n<\/ul>\r\n\r\n\r\n<div class=\"wp-block-image\">\r\n<figure class=\"alignright size-full is-resized\"><img loading=\"lazy\" decoding=\"async\" class=\"wp-image-16250\" src=\"https:\/\/zecovalve.com\/wp-content\/uploads\/2022\/06\/pneumatic-gate-valve.jpg\" alt=\"Pn\u00f6matik S\u00fcrg\u00fcl\u00fc Vana\" width=\"330\" height=\"248\" srcset=\"https:\/\/zecovalve.com\/wp-content\/uploads\/2022\/06\/pneumatic-gate-valve.jpg 800w, https:\/\/zecovalve.com\/wp-content\/uploads\/2022\/06\/pneumatic-gate-valve-300x225.jpg 300w, https:\/\/zecovalve.com\/wp-content\/uploads\/2022\/06\/pneumatic-gate-valve-768x576.jpg 768w, https:\/\/zecovalve.com\/wp-content\/uploads\/2022\/06\/pneumatic-gate-valve-600x450.jpg 600w\" sizes=\"auto, (max-width: 330px) 100vw, 330px\" \/><\/figure>\r\n<\/div>\r\n\r\n\r\n<h3 class=\"wp-block-heading\">Pn\u00f6matik Kamal\u0131 S\u00fcrg\u00fcl\u00fc Vana<\/h3>\r\n\r\n\r\n\r\n<p>Pn\u00f6matik kamal\u0131 s\u00fcrg\u00fcl\u00fc vana, hem vana g\u00f6vdesinin hem de kaman\u0131n s\u0131zd\u0131rmazl\u0131k y\u00fczeyleri aras\u0131ndaki kama hareketi yoluyla \u00e7al\u0131\u015ft\u0131r\u0131lan ve s\u0131k\u0131 bir s\u0131zd\u0131rmazl\u0131k etkisi sa\u011flayan, bas\u0131n\u00e7l\u0131 bir s\u0131zd\u0131rmazl\u0131k vanas\u0131d\u0131r.<\/p>\r\n\r\n\r\n\r\n<h4 class=\"wp-block-heading\" id=\"h-features-of-pneumatic-wedge-gate-valve\">Pn\u00f6matik Kamal\u0131 S\u00fcrg\u00fcl\u00fc Vanan\u0131n \u00d6zellikleri<\/h4>\r\n\r\n\r\n\r\n<ul class=\"wp-block-list\">\r\n<li>ZECO pn\u00f6matik s\u00fcrg\u00fcl\u00fc vana \u00e7ift silindirli bir yap\u0131ya sahiptir, a\u00e7ma kuvveti tek silindirli yap\u0131ya g\u00f6re iki kat daha b\u00fcy\u00fckt\u00fcr ve b\u00fcy\u00fck \u00e7apl\u0131 s\u00fcrg\u00fcl\u00fc vanan\u0131n b\u00fcy\u00fck a\u00e7\u0131lma torku veya y\u00fcksek olmas\u0131 nedeniyle a\u00e7\u0131lamayan tek silindirleri kolayca a\u00e7abilir. -valf g\u00f6vdesindeki bas\u0131n\u00e7 s\u00fcrg\u00fcl\u00fc valfi;<\/li>\r\n<li>Pn\u00f6matik ZECO pn\u00f6matik s\u00fcrg\u00fcl\u00fc vanan\u0131n pozitif ve negatif fonksiyonlar\u0131 vard\u0131r, bu da vanan\u0131n h\u0131zl\u0131 a\u00e7\u0131lma ve h\u0131zl\u0131 kapanma fonksiyonuna sahip olmas\u0131n\u0131 sa\u011flar. Ek olarak, s\u00fcrg\u00fcl\u00fc vanan\u0131n kama yap\u0131s\u0131 daha s\u0131k\u0131 bir \u015fekilde kapat\u0131ld\u0131\u011f\u0131 i\u00e7in pn\u00f6matik s\u00fcrg\u00fcl\u00fc vana, di\u011fer geleneksel vanalara g\u00f6re daha avantajl\u0131 olan m\u00fckemmel bir kesme fonksiyonuna sahiptir;<\/li>\r\n<li>Pn\u00f6matik ZECO pn\u00f6matik s\u00fcrg\u00fcl\u00fc vanan\u0131n bir tampon mekanizmas\u0131 vard\u0131r, \u00e7\u00fcnk\u00fc a\u00e7ma veya kapama h\u0131z\u0131 \u00e7ok h\u0131zl\u0131d\u0131r, hi\u00e7bir tamponlama mekanizmas\u0131 vana g\u00f6vdesi s\u0131zd\u0131rmazl\u0131k y\u00fczeyine ve kap\u0131 s\u0131zd\u0131rmazl\u0131k y\u00fczeyine zarar veremez ve vanan\u0131n s\u0131zd\u0131rmaz hale getirilememesine neden olamaz;<\/li>\r\n<li>ZECO pn\u00f6matik s\u00fcrg\u00fcl\u00fc vana, pn\u00f6matik akt\u00fcat\u00f6r\u00fcn kapa\u011f\u0131nda pn\u00f6matik bir de\u011fi\u015ftirme mekanizmas\u0131yla da donat\u0131labilir. Pn\u00f6matik akt\u00fcat\u00f6r\u00fcn kazara ar\u0131zalanmas\u0131 durumunda vana manuel \u00e7al\u0131\u015ft\u0131rmayla a\u00e7\u0131labilir veya kapat\u0131labilir.<\/li>\r\n<li>Pn\u00f6matik Akt\u00fcat\u00f6r, valfin pn\u00f6matik bas\u0131n\u00e7la a\u00e7\u0131l\u0131p kapanmas\u0131n\u0131 kontrol eden kaputun \u00fcst\u00fcne monte edilmi\u015ftir.<\/li>\r\n<li>G\u00f6vde ile Kaput Aras\u0131ndaki Metal Conta.<\/li>\r\n<li>G\u00f6vde ile kaput aras\u0131ndaki arka koltuk contas\u0131, bas\u0131n\u00e7 alt\u0131nda s\u0131zd\u0131rmazl\u0131k malzemelerinin de\u011fi\u015ftirilmesini kolayla\u015ft\u0131r\u0131r.<\/li>\r\n<li>S\u0131zd\u0131rmazl\u0131k y\u00fczeyi sert y\u00fczeylidir veya korozyon \u00f6nleyici ve a\u015f\u0131nma direnci performans\u0131na sahip QBQ&#039;dur.<\/li>\r\n<li>D\u00fc\u015f\u00fck \u00c7al\u0131\u015fma Torku<\/li>\r\n<\/ul>\r\n\r\n\r\n\r\n<h4 class=\"wp-block-heading\">Pn\u00f6matik Kamal\u0131 S\u00fcrg\u00fcl\u00fc Vanalar\u0131n \u00d6zellikleri<\/h4>\r\n\r\n\r\n\r\n<ul class=\"wp-block-list\">\r\n<li>Malzeme: karbon \u00e7eli\u011fi, paslanmaz \u00e7elik, ala\u015f\u0131ml\u0131 \u00e7elik vb.<\/li>\r\n<li>Nominal boyut: NPS 1\/2\u2033-NPS 48\u2033 (DN15-DN1200)<\/li>\r\n<li>Bas\u0131n\u00e7: CL150-CL2500 (PN10-PN420)<\/li>\r\n<li>S\u0131cakl\u0131k aral\u0131\u011f\u0131: -196\u00b0C ila +550\u00b0C<\/li>\r\n<\/ul>\r\n\r\n\r\n\r\n<h4 class=\"wp-block-heading\">Pn\u00f6matik Kamal\u0131 S\u00fcrg\u00fcl\u00fc Vanalar\u0131n \u00d6zellikleri<\/h4>\r\n\r\n\r\n\r\n<ul class=\"wp-block-list\">\r\n<li>S\u0131zd\u0131rmazl\u0131k y\u00fczeylerinde d\u00fczg\u00fcn ak\u0131\u015f yolu, d\u00fc\u015f\u00fck ak\u0131\u015f katsay\u0131s\u0131, erozyon ve korozyon olu\u015fma olas\u0131l\u0131\u011f\u0131 daha d\u00fc\u015f\u00fckt\u00fcr;<\/li>\r\n<li>S\u0131n\u0131rs\u0131z ak\u0131\u015f y\u00f6n\u00fc, bas\u0131n\u00e7 d\u00fc\u015f\u00fc\u015f\u00fc yok, basit yap\u0131, geni\u015f uygulama yelpazesi;<\/li>\r\n<li>Valf g\u00f6vdesi ile kapak aras\u0131ndaki ba\u011flant\u0131lar c\u0131vatal\u0131, di\u015fli ve kaynakl\u0131 ba\u011flant\u0131lar\u0131n yan\u0131 s\u0131ra bas\u0131n\u00e7l\u0131 ba\u011flant\u0131lar gibi bir\u00e7ok bi\u00e7imde mevcuttur.<\/li>\r\n<li>\u00e7e\u015fitli \u00e7al\u0131\u015fma durumlar\u0131na m\u00fckemmel uyum sa\u011flamak i\u00e7in kendili\u011finden s\u0131k\u0131lan s\u0131zd\u0131rmazl\u0131k yap\u0131s\u0131;<\/li>\r\n<li>Kompakt ve basit yap\u0131, kurulum i\u00e7in k\u00fc\u00e7\u00fck alan, h\u0131zl\u0131 a\u00e7ma\/kapama fonksiyonu, bak\u0131m\u0131 kolay;<\/li>\r\n<\/ul>","protected":false},"excerpt":{"rendered":"<p>Pn\u00f6matik S\u00fcrg\u00fcl\u00fc Vana Nedir? ZECO pn\u00f6matik s\u00fcrg\u00fcl\u00fc vana, bas\u0131n\u00e7l\u0131 havayla \u00e7al\u0131\u015ft\u0131r\u0131lan bir s\u00fcrg\u00fcl\u00fc vanad\u0131r. ZECO pn\u00f6matik s\u00fcrg\u00fcl\u00fc vana\u2026 <a title=\"Pn\u00f6matik S\u00fcrg\u00fcl\u00fc Vana\" class=\"read-more\" href=\"https:\/\/zecovalve.com\/tr\/urun\/pneumatic-gate-valve\" aria-label=\"Pn\u00f6matik S\u00fcrg\u00fcl\u00fc Vana hakk\u0131nda daha fazlas\u0131\">Daha fazla bilgi edinin<\/a><\/p>","protected":false},"featured_media":27882,"comment_status":"closed","ping_status":"closed","template":"","meta":{"_generate-full-width-content":"","kt_blocks_editor_width":""},"product_cat":[2052,2457],"product_tag":[],"class_list":["post-16249","product","type-product","status-publish","has-post-thumbnail","hentry","product_cat-gate-valve","product_cat-gate-valve-by-drive-mode","sales-flash-overlay","woocommerce-text-align-center","woocommerce-image-align-center","do-quantity-buttons"],"featured_image_src_large":["https:\/\/zecovalve.com\/wp-content\/uploads\/2022\/06\/Pneumatic-Gate-Valve-1.jpg",800,600,false],"author_info":[],"comment_info":0,"taxonomy_info":{"product_cat":[{"value":2052,"label":"Gate Valve"},{"value":2457,"label":"Gate Valve with Actuator"}]},"yoast_head":"<!-- This site is optimized with the Yoast SEO Premium plugin v15.4 - https:\/\/yoast.com\/wordpress\/plugins\/seo\/ -->\n<title>Pneumatic Gate Valve - Pneumatic Knife Gate Valve | ZECO Valve<\/title>\n<meta name=\"robots\" content=\"index, follow, max-snippet:-1, max-image-preview:large, max-video-preview:-1\" \/>\n<link rel=\"canonical\" href=\"https:\/\/zecovalve.com\/tr\/urun\/pneumatic-gate-valve\" \/>\n<meta property=\"og:locale\" content=\"tr_TR\" \/>\n<meta property=\"og:type\" content=\"article\" \/>\n<meta property=\"og:title\" content=\"Pneumatic Gate Valve - Pneumatic Knife Gate Valve | ZECO Valve\" \/>\n<meta property=\"og:description\" content=\"What is a Pneumatic Gate Valve? ZECO pneumatic gate valve is a gate valve driven by compressed air. ZECO pneumatic gate valve ... Read more\" \/>\n<meta property=\"og:url\" content=\"https:\/\/zecovalve.com\/tr\/urun\/pneumatic-gate-valve\" \/>\n<meta property=\"og:site_name\" content=\"ZECO Valve\" \/>\n<meta property=\"article:modified_time\" content=\"2023-06-15T12:41:37+00:00\" \/>\n<meta property=\"og:image\" content=\"https:\/\/zecovalve.com\/wp-content\/uploads\/2022\/06\/Pneumatic-Gate-Valve-1.jpg\" \/>\n\t<meta property=\"og:image:width\" content=\"800\" \/>\n\t<meta property=\"og:image:height\" content=\"600\" \/>\n<meta name=\"twitter:card\" content=\"summary_large_image\" \/>\n<meta name=\"twitter:label1\" content=\"Yazan:\">\n\t<meta name=\"twitter:data1\" content=\"Jerry\">\n\t<meta name=\"twitter:label2\" content=\"Tahmini okuma s\u00fcresi\">\n\t<meta name=\"twitter:data2\" content=\"3 dakika\">\n<script type=\"application\/ld+json\" class=\"yoast-schema-graph\">{\"@context\":\"https:\/\/schema.org\",\"@graph\":[{\"@type\":\"WebSite\",\"@id\":\"https:\/\/zecovalve.com\/#website\",\"url\":\"https:\/\/zecovalve.com\/\",\"name\":\"ZECO Valve\",\"description\":\"Industrial Ball Valve, Gate Valve and Globe Valve Manufacturer\",\"potentialAction\":[{\"@type\":\"SearchAction\",\"target\":\"https:\/\/zecovalve.com\/?s={search_term_string}\",\"query-input\":\"required name=search_term_string\"}],\"inLanguage\":\"tr\"},{\"@type\":\"ImageObject\",\"@id\":\"https:\/\/zecovalve.com\/product\/pneumatic-gate-valve#primaryimage\",\"inLanguage\":\"tr\",\"url\":\"https:\/\/zecovalve.com\/wp-content\/uploads\/2022\/06\/Pneumatic-Gate-Valve-1.jpg\",\"width\":800,\"height\":600,\"caption\":\"Pneumatic Gate Valve\"},{\"@type\":\"WebPage\",\"@id\":\"https:\/\/zecovalve.com\/product\/pneumatic-gate-valve#webpage\",\"url\":\"https:\/\/zecovalve.com\/product\/pneumatic-gate-valve\",\"name\":\"Pneumatic Gate Valve - Pneumatic Knife Gate Valve | ZECO Valve\",\"isPartOf\":{\"@id\":\"https:\/\/zecovalve.com\/#website\"},\"primaryImageOfPage\":{\"@id\":\"https:\/\/zecovalve.com\/product\/pneumatic-gate-valve#primaryimage\"},\"datePublished\":\"2022-06-20T09:15:39+00:00\",\"dateModified\":\"2023-06-15T12:41:37+00:00\",\"breadcrumb\":{\"@id\":\"https:\/\/zecovalve.com\/product\/pneumatic-gate-valve#breadcrumb\"},\"inLanguage\":\"tr\",\"potentialAction\":[{\"@type\":\"ReadAction\",\"target\":[\"https:\/\/zecovalve.com\/product\/pneumatic-gate-valve\"]}]},{\"@type\":\"BreadcrumbList\",\"@id\":\"https:\/\/zecovalve.com\/product\/pneumatic-gate-valve#breadcrumb\",\"itemListElement\":[{\"@type\":\"ListItem\",\"position\":1,\"item\":{\"@type\":\"WebPage\",\"@id\":\"https:\/\/zecovalve.com\/\",\"url\":\"https:\/\/zecovalve.com\/\",\"name\":\"Home\"}},{\"@type\":\"ListItem\",\"position\":2,\"item\":{\"@type\":\"WebPage\",\"@id\":\"https:\/\/zecovalve.com\/product-category\",\"url\":\"https:\/\/zecovalve.com\/product-category\",\"name\":\"Industrial Valve Manufacturer | Water Valve Manufacturer\"}},{\"@type\":\"ListItem\",\"position\":3,\"item\":{\"@type\":\"WebPage\",\"@id\":\"https:\/\/zecovalve.com\/product\/pneumatic-gate-valve\",\"url\":\"https:\/\/zecovalve.com\/product\/pneumatic-gate-valve\",\"name\":\"Pneumatic Gate Valve\"}}]}]}<\/script>\n<!-- \/ Yoast SEO Premium plugin. -->","_links":{"self":[{"href":"https:\/\/zecovalve.com\/tr\/wp-json\/wp\/v2\/product\/16249","targetHints":{"allow":["GET"]}}],"collection":[{"href":"https:\/\/zecovalve.com\/tr\/wp-json\/wp\/v2\/product"}],"about":[{"href":"https:\/\/zecovalve.com\/tr\/wp-json\/wp\/v2\/types\/product"}],"replies":[{"embeddable":true,"href":"https:\/\/zecovalve.com\/tr\/wp-json\/wp\/v2\/comments?post=16249"}],"wp:featuredmedia":[{"embeddable":true,"href":"https:\/\/zecovalve.com\/tr\/wp-json\/wp\/v2\/media\/27882"}],"wp:attachment":[{"href":"https:\/\/zecovalve.com\/tr\/wp-json\/wp\/v2\/media?parent=16249"}],"wp:term":[{"taxonomy":"product_cat","embeddable":true,"href":"https:\/\/zecovalve.com\/tr\/wp-json\/wp\/v2\/product_cat?post=16249"},{"taxonomy":"product_tag","embeddable":true,"href":"https:\/\/zecovalve.com\/tr\/wp-json\/wp\/v2\/product_tag?post=16249"}],"curies":[{"name":"wp","href":"https:\/\/api.w.org\/{rel}","templated":true}]}}