{"id":16257,"date":"2022-06-20T12:37:19","date_gmt":"2022-06-20T12:37:19","guid":{"rendered":"https:\/\/zecovalve.com\/?post_type=product&#038;p=16257"},"modified":"2023-06-07T07:04:04","modified_gmt":"2023-06-07T07:04:04","slug":"56-inch-ball-valve","status":"publish","type":"product","link":"https:\/\/zecovalve.com\/tr\/urun\/56-inch-ball-valve","title":{"rendered":"56 in\u00e7 K\u00fcresel Vana"},"content":{"rendered":"<p>ZECO Valve, 2016 y\u0131l\u0131ndan bu yana Global&#039;e b\u00fcy\u00fck \u00e7apl\u0131 k\u00fcresel vanalar getiriyor. ZECO Valve, petrol ve gaz i\u00e7in her uygulamada \u00e7al\u0131\u015facak vanalar tasarl\u0131yor. Teknik ekibimiz, m\u00fc\u015fterinin gereksinimlerine uyacak en iyi teknik \u00e7\u00f6z\u00fcm\u00fc sa\u011flamak ve m\u00fcmk\u00fcn oldu\u011funda hizmetinizi veya uygulaman\u0131z\u0131 kar\u015f\u0131layan daha iyi tasarlanm\u0131\u015f bir valf sa\u011flamak amac\u0131yla potansiyel iyile\u015ftirmeler \u00f6nermek amac\u0131yla t\u00fcm teknik \u00f6zellikleri dikkatlice de\u011ferlendirir.<\/p>\r\n\r\n\r\n\r\n<figure class=\"wp-block-image size-full is-resized\"><img loading=\"lazy\" decoding=\"async\" class=\"wp-image-26581\" src=\"https:\/\/zecovalve.com\/wp-content\/uploads\/2022\/08\/A105-\u5168\u710a\u63a5\u7403\u9600.jpg\" alt=\"\" width=\"400\" height=\"400\" srcset=\"https:\/\/zecovalve.com\/wp-content\/uploads\/2022\/08\/A105-\u5168\u710a\u63a5\u7403\u9600.jpg 800w, https:\/\/zecovalve.com\/wp-content\/uploads\/2022\/08\/A105-\u5168\u710a\u63a5\u7403\u9600-300x300.jpg 300w, https:\/\/zecovalve.com\/wp-content\/uploads\/2022\/08\/A105-\u5168\u710a\u63a5\u7403\u9600-150x150.jpg 150w, https:\/\/zecovalve.com\/wp-content\/uploads\/2022\/08\/A105-\u5168\u710a\u63a5\u7403\u9600-768x768.jpg 768w, https:\/\/zecovalve.com\/wp-content\/uploads\/2022\/08\/A105-\u5168\u710a\u63a5\u7403\u9600-400x400.jpg 400w, https:\/\/zecovalve.com\/wp-content\/uploads\/2022\/08\/A105-\u5168\u710a\u63a5\u7403\u9600-600x600.jpg 600w, https:\/\/zecovalve.com\/wp-content\/uploads\/2022\/08\/A105-\u5168\u710a\u63a5\u7403\u9600-100x100.jpg 100w\" sizes=\"auto, (max-width: 400px) 100vw, 400px\" \/><\/figure>\r\n\r\n\r\n<div class=\"gb-button-wrapper gb-button-wrapper-6d8495a3\">\r\n\r\n\r\n<p><a class=\"gb-button gb-button-3d442e11 gb-button-text\" href=\"https:\/\/zecovalve.com\/tr\/contact\/\" target=\"_blank\" rel=\"noopener noreferrer\"><strong>56 \u0130N\u00c7 K\u00dcRESEL VANA F\u0130YAT ALIN<\/strong><\/a><\/p>\r\n<\/div>\r\n\r\n\r\n\r\n\r\n<h2 class=\"wp-block-heading\">ZECO B\u00fcy\u00fck K\u00fcresel Vana Detaylar\u0131<\/h2>\r\n\r\n\r\n\r\n<ul class=\"wp-block-list\">\r\n<li>ZECO K\u00fcresel Vanalar 1\u00bd&#039;den 56\u201d&#039;e kadar (varsa) \u00fcretilebilir.<\/li>\r\n<li>150 ila 2500 ANSI aras\u0131ndaki bas\u0131n\u00e7 s\u0131n\u0131flar\u0131 (varsa)<\/li>\r\n<li>Y\u00fczer ve Muylu k\u00fcresel vanalar (DBB, DIB1 ve DIB2).<\/li>\r\n<li>Delik: Tam veya Azalt\u0131lm\u0131\u015f Delik<\/li>\r\n<li>Tasar\u0131m: API 6D, ASME B16.34<\/li>\r\n<li>Test edin: API 598<\/li>\r\n<\/ul>\r\n\r\n\r\n\r\n<h2 class=\"wp-block-heading\" id=\"h-what-is-a-56-inch-ball-valve\">56 \u0130n\u00e7 K\u00fcresel Vana Nedir?<\/h2>\r\n\r\n\r\n\r\n<p>ZECO&#039;nun \u00fcretti\u011fi en b\u00fcy\u00fck k\u00fcresel vana 56 in\u00e7 olup, kullan\u0131c\u0131lar\u0131n acil ihtiya\u00e7lar\u0131n\u0131 en h\u0131zl\u0131 teslimat h\u0131z\u0131 ve en kaliteli fiyatla kar\u015f\u0131layabilen ve maliyet kontrol\u00fc a\u00e7\u0131s\u0131ndan kullan\u0131c\u0131lar\u0131n gereksinimlerini kar\u015f\u0131layabilen kendi kal\u0131b\u0131na sahiptir. ZECO, yakla\u015f\u0131k 30 y\u0131ld\u0131r \u00c7in&#039;de k\u00fcresel vanalar \u00fcretmektedir ve \u00c7in&#039;de 3 \u00fcretim \u00fcss\u00fcne sahiptir; y\u00fcksek hassasiyetli CNC tak\u0131m tezgahlar\u0131 ve i\u015fleme merkezleri, geli\u015fmi\u015f ekipman ve denetim aletleri, ince teknikler ve s\u0131k\u0131 ve m\u00fckemmel bir kalite y\u00f6netim sistemine sahiptir. Ayr\u0131ca, \u00fcr\u00fcnlerin stabilitesini ve g\u00fcvenilirli\u011fini garanti alt\u0131na almak amac\u0131yla yeni teknolojilerden, yeni tekniklerden ve yeni malzemelerden tam olarak yararlanmak amac\u0131yla ileri d\u00fczey bilim adamlar\u0131 ve teknoloji uzmanlar\u0131ndan olu\u015fan bir ekip olu\u015fturmak i\u00e7in profesyonel se\u00e7kinleri bir araya getiriyoruz. \u00dcr\u00fcn kalitesi geli\u015fmi\u015f \u00fcretim ara\u00e7lar\u0131ndan, iyi \u00fcr\u00fcn konseptleri ise s\u00fcrekli inovasyondan kaynaklan\u0131r.<\/p>\r\n\r\n\r\n\r\n<h2 class=\"wp-block-heading\">56 \u0130n\u00e7 K\u00fcresel Vanalar\u0131n Boyutlar\u0131 ve A\u011f\u0131rl\u0131\u011f\u0131<\/h2>\r\n<table border=\"=1\" width=\"800\">\r\n<tbody>\r\n<tr>\r\n<td rowspan=\"2\">Bas\u0131n\u00e7 Derecesi<\/td>\r\n<td style=\"text-align: center;\">Delik<\/td>\r\n<td style=\"text-align: center;\" colspan=\"3\">\u00a0Y\u00fcz Y\u00fcze Boyut (mm cinsinden)<\/td>\r\n<td style=\"text-align: center;\">A\u011f\u0131rl\u0131k<\/td>\r\n<\/tr>\r\n<tr>\r\n<td style=\"text-align: center;\">(mm cinsinden)<\/td>\r\n<td style=\"text-align: center;\">RF<\/td>\r\n<td style=\"text-align: center;\">BW<\/td>\r\n<td style=\"text-align: center;\">RTJ<\/td>\r\n<td style=\"text-align: center;\">kg<\/td>\r\n<\/tr>\r\n<tr>\r\n<td>SINIF 150<\/td>\r\n<td style=\"text-align: center;\">1360<\/td>\r\n<td style=\"text-align: center;\">2400<\/td>\r\n<td style=\"text-align: center;\">2400<\/td>\r\n<td style=\"text-align: center;\">MFR<\/td>\r\n<td style=\"text-align: center;\">25000<\/td>\r\n<\/tr>\r\n<tr>\r\n<td>SINIF 300<\/td>\r\n<td style=\"text-align: center;\">1360<\/td>\r\n<td style=\"text-align: center;\">2500<\/td>\r\n<td style=\"text-align: center;\">2500<\/td>\r\n<td style=\"text-align: center;\">MFR<\/td>\r\n<td style=\"text-align: center;\">27000<\/td>\r\n<\/tr>\r\n<tr>\r\n<td>SINIF 600<\/td>\r\n<td style=\"text-align: center;\">1360<\/td>\r\n<td style=\"text-align: center;\">2700<\/td>\r\n<td style=\"text-align: center;\">2700<\/td>\r\n<td style=\"text-align: center;\">MFR<\/td>\r\n<td style=\"text-align: center;\">37000<\/td>\r\n<\/tr>\r\n<\/tbody>\r\n<\/table>\r\n\r\n\r\n\r\n<h2 class=\"wp-block-heading\" id=\"h-features-of-56-inch-ball-valves\">56 \u0130n\u00e7 K\u00fcresel Vanalar\u0131n \u00d6zellikleri<\/h2>\r\n\r\n\r\n\r\n<ol>\r\n<li>ZECO 56 in\u00e7 k\u00fcresel vana, patlamay\u0131 \u00f6nleyen bir g\u00f6vdeye sahiptir. Valf \u00e7ap\u0131 \u00e7ok b\u00fcy\u00fck oldu\u011fundan, salmastray\u0131 de\u011fi\u015ftirirken, g\u00f6vdenin patlamay\u0131 \u00f6nleyici yap\u0131s\u0131 yoksa, personel milin konumunu hi\u00e7bir \u015fekilde kontrol edemez ve g\u00f6vde, valf g\u00f6vdesinden d\u0131\u015far\u0131 itilir. boru hatt\u0131 sahas\u0131na \u00f6zg\u00fc m\u00fclk kay\u0131plar\u0131 ve personel g\u00fcvenli\u011fi tehditlerinin neden oldu\u011fu b\u00fcy\u00fck bask\u0131;<\/li>\r\n<li>ZECO 56 in\u00e7 k\u00fcresel vana, yang\u0131n sonras\u0131 b\u00fcy\u00fck kay\u0131plar\u0131 \u00f6nlemek i\u00e7in s\u00fcper yang\u0131na dayan\u0131kl\u0131 yap\u0131da tasarlanm\u0131\u015ft\u0131r. Esnek conta yap\u0131s\u0131 yang\u0131n nedeniyle hasar g\u00f6rd\u00fckten sonra, yang\u0131na dayan\u0131kl\u0131 yap\u0131 yoksa b\u00fcy\u00fck s\u0131z\u0131nt\u0131ya neden olur ve yang\u0131na dayan\u0131kl\u0131 yap\u0131dan sonra metal conta yap\u0131s\u0131, topla yak\u0131n i\u015fbirli\u011fini s\u00fcrd\u00fcrmek i\u00e7in esnek conta yap\u0131s\u0131n\u0131n yerini alacakt\u0131r. S\u0131z\u0131nt\u0131y\u0131 \u00f6nlemek ve daha b\u00fcy\u00fck kay\u0131plara neden olmak i\u00e7in;<\/li>\r\n<li>ZECO 56 in\u00e7 k\u00fcresel vana, g\u00f6vde ba\u011flant\u0131 alan\u0131ndan s\u0131z\u0131nt\u0131y\u0131 \u00f6nlemek i\u00e7in o-ring ve conta kombinasyonunda m\u00fckemmel tasar\u0131ma sahiptir;<\/li>\r\n<li>ZECO 56 in\u00e7 k\u00fcresel vana, d\u00fc\u015f\u00fck bas\u0131n\u00e7larda bile s\u0131zd\u0131rmazl\u0131k sa\u011flamak i\u00e7in y\u00fczer yayl\u0131 yuva tasar\u0131m\u0131na sahiptir.\r\n\r\n\r\n\r\n\r\n\r\n<\/li>\r\n<\/ol>\r\n\r\n\r\n\r\n<h2 class=\"wp-block-heading\" id=\"h-material-of-56-inch-ball-valve\">56 \u0130n\u00e7 K\u00fcresel Vana Malzemesi:<\/h2>\r\n\r\n\r\n\r\n<figure class=\"wp-block-table\">\r\n<table>\r\n<tbody>\r\n<tr>\r\n<td>Hay\u0131r<\/td>\r\n<td>Par\u00e7a<\/td>\r\n<td>Malzeme<\/td>\r\n<\/tr>\r\n<tr>\r\n<td>1<\/td>\r\n<td>V\u00fccut<\/td>\r\n<td>ASTM A105<\/td>\r\n<\/tr>\r\n<tr>\r\n<td>2<\/td>\r\n<td>Bone<\/td>\r\n<td>ASTM A2105<\/td>\r\n<\/tr>\r\n<tr>\r\n<td>3<\/td>\r\n<td>Top<\/td>\r\n<td>ASTM A105<\/td>\r\n<\/tr>\r\n<tr>\r\n<td>4<\/td>\r\n<td>Koltuk<\/td>\r\n<td>ASTM A105 + PTFE<\/td>\r\n<\/tr>\r\n<tr>\r\n<td>5<\/td>\r\n<td>K\u00f6k<\/td>\r\n<td>ASTM A182 F6a<\/td>\r\n<\/tr>\r\n<tr>\r\n<td>6<\/td>\r\n<td>Anti-statik Cihaz<\/td>\r\n<td>SS304<\/td>\r\n<\/tr>\r\n<tr>\r\n<td>7<\/td>\r\n<td>Conta<\/td>\r\n<td>Grafit + SS304<\/td>\r\n<\/tr>\r\n<tr>\r\n<td>8<\/td>\r\n<td>C\u0131vata<\/td>\r\n<td>ASTM A193 B7<\/td>\r\n<\/tr>\r\n<tr>\r\n<td>9<\/td>\r\n<td>F\u0131nd\u0131k<\/td>\r\n<td>ASTM A194 2H<\/td>\r\n<\/tr>\r\n<tr>\r\n<td>10<\/td>\r\n<td>O-ring<\/td>\r\n<td>Viton A<\/td>\r\n<\/tr>\r\n<tr>\r\n<td>11<\/td>\r\n<td>Di\u015fli Akt\u00fcat\u00f6r<\/td>\r\n<td>ASTM A216 WCB<\/td>\r\n<\/tr>\r\n<\/tbody>\r\n<\/table>\r\n<\/figure>\r\n\r\n\r\n\r\n<h2 class=\"wp-block-heading\">12 \u0130N\u00c7 K\u00dcRESEL VANA &amp; 5 \u0130N\u00c7 K\u00dcRESEL VANA BULUN<\/h2>\r\n\r\n\r\n\r\n<p>E\u011fer 12 in\u00e7 k\u00fcresel vana ve 5 in\u00e7 k\u00fcresel vana ar\u0131yorsan\u0131z l\u00fctfen a\u015fa\u011f\u0131daki linklere t\u0131klay\u0131n\u0131z.<\/p>\r\n\r\n\r\n\r\n<div class=\"wp-block-comments-query-loop\">\r\n<div class=\"wp-block-columns is-layout-flex wp-container-core-columns-is-layout-9d6595d7 wp-block-columns-is-layout-flex\">\r\n<div class=\"wp-block-column is-layout-flow wp-block-column-is-layout-flow\"><div class=\"gb-button-wrapper gb-button-wrapper-fb120fca\">\r\n\r\n <a class=\"gb-button gb-button-0e3f0a74 gb-button-text\" href=\"https:\/\/zecovalve.com\/tr\/urun\/12-inch-ball-valve\/\"><strong>12 \u0130N\u00c7 K\u00dcRESEL VANA F\u0130YAT ALIN<\/strong><\/a> <\/div><\/div>\r\n\r\n\r\n\r\n<div class=\"wp-block-column is-layout-flow wp-block-column-is-layout-flow\"><div class=\"gb-button-wrapper gb-button-wrapper-6882e6e1\">\r\n\r\n <a class=\"gb-button gb-button-b8472bb1 gb-button-text\" href=\"https:\/\/zecovalve.com\/tr\/urun-kategori%cc%87si%cc%87\/ball-valve\/\"><strong>5 \u0130N\u00c7 K\u00dcRESEL VANA F\u0130YAT ALIN<\/strong><\/a> <\/div><\/div>\r\n<\/div>\r\n<\/div>","protected":false},"excerpt":{"rendered":"<p>ZECO Valve, 2016&#039;dan bu yana Global&#039;e b\u00fcy\u00fck \u00e7apl\u0131 k\u00fcresel vanalar getiriyor. ZECO Valve, her ortamda \u00e7al\u0131\u015facak vanalar tasarl\u0131yor\u2026 <a title=\"56 in\u00e7 K\u00fcresel Vana\" class=\"read-more\" href=\"https:\/\/zecovalve.com\/tr\/urun\/56-inch-ball-valve\" aria-label=\"56 in\u00e7 K\u00fcresel Vana hakk\u0131nda daha fazlas\u0131\">Daha fazla bilgi edinin<\/a><\/p>","protected":false},"featured_media":27855,"comment_status":"closed","ping_status":"closed","template":"","meta":{"_generate-full-width-content":"","kt_blocks_editor_width":""},"product_cat":[2047,2462],"product_tag":[3913],"class_list":["post-16257","product","type-product","status-publish","has-post-thumbnail","hentry","product_cat-ball-valve","product_cat-ball-valve-by-size","product_tag-full-port-ball-valve","sales-flash-overlay","woocommerce-text-align-center","woocommerce-image-align-center","do-quantity-buttons"],"featured_image_src_large":["https:\/\/zecovalve.com\/wp-content\/uploads\/2022\/06\/56-inch-Ball-Valve-1.jpg",800,600,false],"author_info":[],"comment_info":0,"taxonomy_info":{"product_cat":[{"value":2047,"label":"Ball Valve"},{"value":2462,"label":"Ball Valve By Size"}],"product_tag":[{"value":3913,"label":"Full Port Ball Valve"}]},"yoast_head":"<!-- This site is optimized with the Yoast SEO Premium plugin v15.4 - https:\/\/yoast.com\/wordpress\/plugins\/seo\/ -->\n<title>Large Ball Valve- 56in | ZECO Valve - 12 inch Ball Valve &amp; 5 inch Ball Valve<\/title>\n<meta name=\"robots\" content=\"index, follow, max-snippet:-1, max-image-preview:large, max-video-preview:-1\" \/>\n<link rel=\"canonical\" href=\"https:\/\/zecovalve.com\/tr\/urun\/56-inch-ball-valve\" \/>\n<meta property=\"og:locale\" content=\"tr_TR\" \/>\n<meta property=\"og:type\" content=\"article\" \/>\n<meta property=\"og:title\" content=\"Large Ball Valve- 56in | ZECO Valve - 12 inch Ball Valve &amp; 5 inch Ball Valve\" \/>\n<meta property=\"og:description\" content=\"ZECO Valve is bringing large bore ball valves into Global since 2016. ZECO Valve is designing valves that will work in every ... Read more\" \/>\n<meta property=\"og:url\" content=\"https:\/\/zecovalve.com\/tr\/urun\/56-inch-ball-valve\" \/>\n<meta property=\"og:site_name\" content=\"ZECO Valve\" \/>\n<meta property=\"article:modified_time\" content=\"2023-06-07T07:04:04+00:00\" \/>\n<meta property=\"og:image\" content=\"https:\/\/zecovalve.com\/wp-content\/uploads\/2022\/06\/56-inch-Ball-Valve-1.jpg\" \/>\n\t<meta property=\"og:image:width\" content=\"800\" \/>\n\t<meta property=\"og:image:height\" content=\"600\" \/>\n<meta name=\"twitter:card\" content=\"summary_large_image\" \/>\n<meta name=\"twitter:label1\" content=\"Yazan:\">\n\t<meta name=\"twitter:data1\" content=\"Jerry\">\n\t<meta name=\"twitter:label2\" content=\"Tahmini okuma s\u00fcresi\">\n\t<meta name=\"twitter:data2\" content=\"2 dakika\">\n<script type=\"application\/ld+json\" class=\"yoast-schema-graph\">{\"@context\":\"https:\/\/schema.org\",\"@graph\":[{\"@type\":\"WebSite\",\"@id\":\"https:\/\/zecovalve.com\/#website\",\"url\":\"https:\/\/zecovalve.com\/\",\"name\":\"ZECO Valve\",\"description\":\"Industrial Ball Valve, Gate Valve and Globe Valve Manufacturer\",\"potentialAction\":[{\"@type\":\"SearchAction\",\"target\":\"https:\/\/zecovalve.com\/?s={search_term_string}\",\"query-input\":\"required name=search_term_string\"}],\"inLanguage\":\"tr\"},{\"@type\":\"ImageObject\",\"@id\":\"https:\/\/zecovalve.com\/product\/56-inch-ball-valve#primaryimage\",\"inLanguage\":\"tr\",\"url\":\"https:\/\/zecovalve.com\/wp-content\/uploads\/2022\/06\/56-inch-Ball-Valve-1.jpg\",\"width\":800,\"height\":600,\"caption\":\"56 inch Ball Valve\"},{\"@type\":\"WebPage\",\"@id\":\"https:\/\/zecovalve.com\/product\/56-inch-ball-valve#webpage\",\"url\":\"https:\/\/zecovalve.com\/product\/56-inch-ball-valve\",\"name\":\"Large Ball Valve- 56in | ZECO Valve - 12 inch Ball Valve & 5 inch Ball Valve\",\"isPartOf\":{\"@id\":\"https:\/\/zecovalve.com\/#website\"},\"primaryImageOfPage\":{\"@id\":\"https:\/\/zecovalve.com\/product\/56-inch-ball-valve#primaryimage\"},\"datePublished\":\"2022-06-20T12:37:19+00:00\",\"dateModified\":\"2023-06-07T07:04:04+00:00\",\"breadcrumb\":{\"@id\":\"https:\/\/zecovalve.com\/product\/56-inch-ball-valve#breadcrumb\"},\"inLanguage\":\"tr\",\"potentialAction\":[{\"@type\":\"ReadAction\",\"target\":[\"https:\/\/zecovalve.com\/product\/56-inch-ball-valve\"]}]},{\"@type\":\"BreadcrumbList\",\"@id\":\"https:\/\/zecovalve.com\/product\/56-inch-ball-valve#breadcrumb\",\"itemListElement\":[{\"@type\":\"ListItem\",\"position\":1,\"item\":{\"@type\":\"WebPage\",\"@id\":\"https:\/\/zecovalve.com\/\",\"url\":\"https:\/\/zecovalve.com\/\",\"name\":\"Home\"}},{\"@type\":\"ListItem\",\"position\":2,\"item\":{\"@type\":\"WebPage\",\"@id\":\"https:\/\/zecovalve.com\/product-category\",\"url\":\"https:\/\/zecovalve.com\/product-category\",\"name\":\"Industrial Valve Manufacturer | Water Valve Manufacturer\"}},{\"@type\":\"ListItem\",\"position\":3,\"item\":{\"@type\":\"WebPage\",\"@id\":\"https:\/\/zecovalve.com\/product\/56-inch-ball-valve\",\"url\":\"https:\/\/zecovalve.com\/product\/56-inch-ball-valve\",\"name\":\"56 inch Ball Valve\"}}]}]}<\/script>\n<!-- \/ Yoast SEO Premium plugin. -->","_links":{"self":[{"href":"https:\/\/zecovalve.com\/tr\/wp-json\/wp\/v2\/product\/16257","targetHints":{"allow":["GET"]}}],"collection":[{"href":"https:\/\/zecovalve.com\/tr\/wp-json\/wp\/v2\/product"}],"about":[{"href":"https:\/\/zecovalve.com\/tr\/wp-json\/wp\/v2\/types\/product"}],"replies":[{"embeddable":true,"href":"https:\/\/zecovalve.com\/tr\/wp-json\/wp\/v2\/comments?post=16257"}],"wp:featuredmedia":[{"embeddable":true,"href":"https:\/\/zecovalve.com\/tr\/wp-json\/wp\/v2\/media\/27855"}],"wp:attachment":[{"href":"https:\/\/zecovalve.com\/tr\/wp-json\/wp\/v2\/media?parent=16257"}],"wp:term":[{"taxonomy":"product_cat","embeddable":true,"href":"https:\/\/zecovalve.com\/tr\/wp-json\/wp\/v2\/product_cat?post=16257"},{"taxonomy":"product_tag","embeddable":true,"href":"https:\/\/zecovalve.com\/tr\/wp-json\/wp\/v2\/product_tag?post=16257"}],"curies":[{"name":"wp","href":"https:\/\/api.w.org\/{rel}","templated":true}]}}