{"id":16263,"date":"2022-06-20T12:56:16","date_gmt":"2022-06-20T12:56:16","guid":{"rendered":"https:\/\/zecovalve.com\/?post_type=product&#038;p=16263"},"modified":"2023-06-07T13:55:37","modified_gmt":"2023-06-07T13:55:37","slug":"electric-gate-valve","status":"publish","type":"product","link":"https:\/\/zecovalve.com\/tr\/urun\/electric-gate-valve","title":{"rendered":"Elektrikli Akt\u00fcat\u00f6rl\u00fc S\u00fcrg\u00fcl\u00fc Vana"},"content":{"rendered":"<figure class=\"wp-block-image alignnone size-medium wp-image-17921\"><img loading=\"lazy\" decoding=\"async\" width=\"300\" height=\"225\" class=\"wp-image-17921\" src=\"https:\/\/zecovalve.com\/wp-content\/uploads\/2022\/07\/Electric-Gate-Valve-300x225.jpg\" alt=\"Elektrikli S\u00fcrg\u00fcl\u00fc Vana\" srcset=\"https:\/\/zecovalve.com\/wp-content\/uploads\/2022\/07\/Electric-Gate-Valve-300x225.jpg 300w, https:\/\/zecovalve.com\/wp-content\/uploads\/2022\/07\/Electric-Gate-Valve-768x576.jpg 768w, https:\/\/zecovalve.com\/wp-content\/uploads\/2022\/07\/Electric-Gate-Valve-600x450.jpg 600w, https:\/\/zecovalve.com\/wp-content\/uploads\/2022\/07\/Electric-Gate-Valve.jpg 800w\" sizes=\"auto, (max-width: 300px) 100vw, 300px\" \/><\/figure>\r\n\r\n\r\n<div class=\"gb-button-wrapper gb-button-wrapper-6d8495a3\">\r\n\r\n\r\n<p><a class=\"gb-button gb-button-3d442e11 gb-button-text\" href=\"mailto:commercial@zecovalve.com\" target=\"_blank\" rel=\"noopener noreferrer\"><strong>ELEKTR\u0130KL\u0130 S\u00dcRG\u00dcL\u00dc VANA F\u0130YAT ALIN<\/strong><\/a><\/p>\r\n<\/div>\r\n\r\n\r\n\r\n\r\n<h2 class=\"wp-block-heading\" id=\"h-what-is-an-electric-actuated-gate-valve\">Elektrikle \u00c7al\u0131\u015ft\u0131r\u0131lan S\u00fcrg\u00fcl\u00fc Vana Nedir?<\/h2>\r\n\r\n\r\n\r\n<p>Elektrikle \u00e7al\u0131\u015ft\u0131r\u0131lan s\u00fcrg\u00fcl\u00fc vana, elektrikli s\u00fcrg\u00fcl\u00fc vana akt\u00fcat\u00f6r\u00fcn\u00fcn, s\u00fcrg\u00fcl\u00fc vanay\u0131 a\u00e7mak veya kapatmak i\u00e7in elektrik voltaj\u0131 ve sinyal kontrol\u00fc yoluyla do\u011frusal hareketini ifade eder. Elektrikli s\u00fcrg\u00fcl\u00fc vanalar, uzaktan kontrol\u00fcn amac\u0131na ula\u015fman\u0131za, i\u015f\u00e7ilik maliyetlerini azaltman\u0131za ve \u00fcretim verimlili\u011fini art\u0131rman\u0131za yard\u0131mc\u0131 olabilir.<\/p>\r\n\r\n\r\n\r\n<p>ZECO elektrikle \u00e7al\u0131\u015ft\u0131r\u0131lan s\u00fcrg\u00fcl\u00fc vana, elektrikli bir akt\u00fcat\u00f6r taraf\u0131ndan kontrol edilen bir s\u00fcrg\u00fcl\u00fc vanad\u0131r. S\u00fcrg\u00fcl\u00fc vanay\u0131, genellikle s\u00fcrg\u00fcl\u00fc vanan\u0131n \u00fcst k\u0131sm\u0131na monte edilen bir elektrikli cihaz arac\u0131l\u0131\u011f\u0131yla uzaktan \u00e7al\u0131\u015ft\u0131rabilir. Elektrikli akt\u00fcat\u00f6rler \u00fc\u00e7e ayr\u0131l\u0131r, biri d\u00fcz stroktur: vana a\u00e7\u0131kl\u0131\u011f\u0131n\u0131 kontrol etmek i\u00e7in vana yukar\u0131 ve a\u015fa\u011f\u0131 (tek yatakl\u0131 vana, \u00e7ift yatakl\u0131 vana, man\u015fonlu vana, Y vanas\u0131 vb.); Di\u011feri \u00e7eyrek turdur: Valf a\u00e7\u0131kl\u0131\u011f\u0131n\u0131 kontrol etmek i\u00e7in valfin tahrik a\u00e7\u0131s\u0131 0 ~ 90 \u00b0 d\u00f6n\u00fc\u015ftedir (eksantrik kelebek vana, k\u00fcresel vana, d\u00f6ner vana, plug vanalar vb.); Sonuncusu \u00e7ok turlu elektrikli akt\u00fcat\u00f6rlerdir (360 \u00b0 A\u00e7\u0131&gt;) s\u00fcrg\u00fcl\u00fc vanalar, k\u00fcresel vanalar vb. i\u00e7in uygundur. Elektrikli akt\u00fcat\u00f6r \u00e7\u0131k\u0131\u015f milinin d\u00f6n\u00fc\u015f\u00fc bir haftadan fazlad\u0131r, yani 360 \u00b0 &#039;den b\u00fcy\u00fckt\u00fcr, genellikle birden fazlas\u0131na ihtiya\u00e7 vard\u0131r ring vana a\u00e7ma kapama proses kontrol\u00fc sa\u011flanabilmektedir. ZECO profesyonel bir elektrikli s\u00fcrg\u00fcl\u00fc vana \u00fcreticisidir, y\u00fcksek kalite ZECO markas\u0131n\u0131 yarat\u0131r.<\/p>\r\n\r\n\r\n\r\n<h2 class=\"wp-block-heading\">Elektrikli Tahrikli S\u00fcrg\u00fcl\u00fc Vana nas\u0131l \u00e7al\u0131\u015f\u0131r?<\/h2>\r\n\r\n\r\n\r\n<p>Tork, bir akt\u00fcat\u00f6r\u00fcn d\u00f6ner bir valfi kapatmak i\u00e7in \u00fcretti\u011fi d\u00f6nme kuvvetidir. Elektrikli akt\u00fcat\u00f6rler bu kuvveti \u00e7\u0131k\u0131\u015f miline ve ard\u0131ndan valf g\u00f6vdesine ileterek \u00fcretebilir. Valf sap\u0131na bas\u0131n\u00e7 uyguland\u0131\u011f\u0131nda valfin orifisi a\u00e7\u0131l\u0131r veya kapan\u0131r.<\/p>\r\n\r\n\r\n\r\n<h2 class=\"wp-block-heading\">Elektrikli Tahrikli S\u00fcrg\u00fcl\u00fc Vana ne i\u00e7in kullan\u0131l\u0131r?<\/h2>\r\n\r\n\r\n\r\n<p>Elektrikle \u00e7al\u0131\u015ft\u0131r\u0131lan s\u00fcrg\u00fcl\u00fc vana, en yayg\u0131n kullan\u0131lan kesme vanalar\u0131ndan biridir; esas olarak boru hatt\u0131ndaki ortam\u0131 ba\u011flamak veya kesmek i\u00e7in kullan\u0131l\u0131r, ancak ortam\u0131n ak\u0131\u015f\u0131n\u0131 ayarlamak i\u00e7in uygun de\u011fildir. S\u00fcrg\u00fcl\u00fc vana, \u00f6zellikle orta ve b\u00fcy\u00fck \u00e7apl\u0131 boru hatlar\u0131 i\u00e7in uygun olan geni\u015f bir bas\u0131n\u00e7, s\u0131cakl\u0131k ve kalibre aral\u0131\u011f\u0131 i\u00e7in uygundur.<\/p>\r\n\r\n\r\n\r\n<h2 class=\"wp-block-heading\" id=\"h-features-of-electric-gate-valve\">Elektrikli S\u00fcrg\u00fcl\u00fc Vanan\u0131n \u00d6zellikleri:<\/h2>\r\n\r\n\r\n\r\n<ul class=\"wp-block-list\">\r\n<li>1. Ara halka, salmastra ile birlikte 300 s\u0131n\u0131f\u0131 ve \u00fczeri s\u00fcrg\u00fcl\u00fc vanalarda kullan\u0131l\u0131rken, 150 s\u0131n\u0131f\u0131 vana yaln\u0131zca salmastra ile donat\u0131lm\u0131\u015ft\u0131r; M\u00fc\u015fteri iste\u011fi \u00fczerine fener halkal\u0131 ambalaj mevcuttur;<\/li>\r\n<li>2. Esnek takoz, boru geriliminin neden oldu\u011fu koltuk y\u00fczeyi distorsiyonunu ve g\u00f6vde deformasyonunu telafi edebilir;<\/li>\r\n<li>3. P\u00fcsk\u00fcrtme tutma tasar\u0131m\u0131: konik arka koltuk y\u00fcz\u00fc, kaputun arka koltu\u011funa s\u0131k\u0131 bir \u015fekilde temas eder ve kaput-kama ba\u011flant\u0131s\u0131n\u0131n g\u00fcc\u00fc, kaput di\u015f k\u00f6k\u00fcn\u00fcnkini a\u015far;<\/li>\r\n<li>4. ZECO elektrikli s\u00fcrg\u00fcl\u00fc vana standart olarak AUMA elektrikli akt\u00fcat\u00f6rle donat\u0131lm\u0131\u015ft\u0131r. Di\u011fer markalar m\u00fc\u015fterilerin ihtiya\u00e7lar\u0131na g\u00f6re \u00f6zelle\u015ftirilebilir.<\/li>\r\n<\/ul>\r\n\r\n\r\n\r\n<h2 class=\"wp-block-heading\">Elektrik Akt\u00fcat\u00f6rl\u00fc S\u00fcrg\u00fcl\u00fc Vanalar\u0131n Uygulamalar\u0131<\/h2>\r\n\r\n\r\n\r\n<p>Elektrikle \u00e7al\u0131\u015ft\u0131r\u0131lan s\u00fcrg\u00fcl\u00fc vana su, ya\u011f, \u00e7imento, ka\u011f\u0131t hamuru ve di\u011fer ortamlar i\u00e7in uygundur ve ka\u011f\u0131t ve ka\u011f\u0131t hamuru, enerji santralleri, tersaneler, at\u0131k su ar\u0131t\u0131m\u0131nda vb. yayg\u0131n olarak kullan\u0131l\u0131r.<\/p>\r\n\r\n\r\n\r\n<h2 class=\"wp-block-heading\" id=\"h-material-of-electric-actuated-gate-valves\">Elektrik Akt\u00fcat\u00f6rl\u00fc S\u00fcrg\u00fcl\u00fc Vanalar\u0131n Malzemesi<\/h2>\r\n\r\n\r\n\r\n<ul class=\"wp-block-list\">\r\n<li>Akt\u00fcat\u00f6r Tipi: \u00c7ok Turlu Elektrikli S\u00fcrg\u00fcl\u00fc Vana Akt\u00fcat\u00f6r\u00fc<\/li>\r\n<li>G\u00f6vde Malzemesi: Karbon \u00c7elik, Paslanmaz \u00c7elik, D\u00f6vme \u00c7elik, vb.<\/li>\r\n<li>Bas\u0131n\u00e7: 10\/16\/20\/40\/64 bar (#150 \/ #300 \/ #400 \/ #600 \/ #900)<\/li>\r\n<li>Ortam\u0131n S\u0131cakl\u0131\u011f\u0131: -196 ila 585\u00b0C<\/li>\r\n<li>Uygun Ortamlar: Su, Hava, Petrol, Gaz, Ka\u011f\u0131t Hamuru, \u00c7imento vb.<\/li>\r\n<li>Gerilim: \u00dc\u00e7 fazl\u0131: 380V AC. Aral\u0131k: 380VAC ~ 420VAC; Tek fazl\u0131: 220V AC. Aral\u0131k: 200VAC ~ 240VAC<\/li>\r\n<\/ul>","protected":false},"excerpt":{"rendered":"<p>Elektrikle \u00c7al\u0131\u015ft\u0131r\u0131lan S\u00fcrg\u00fcl\u00fc Vana Nedir? Elektrikle \u00e7al\u0131\u015ft\u0131r\u0131lan s\u00fcrg\u00fcl\u00fc vana, elektrikli s\u00fcrg\u00fcl\u00fc vana akt\u00fcat\u00f6r\u00fcn\u00fcn do\u011frusal hareketini ifade eder\u2026 <a title=\"Elektrikli Akt\u00fcat\u00f6rl\u00fc S\u00fcrg\u00fcl\u00fc Vana\" class=\"read-more\" href=\"https:\/\/zecovalve.com\/tr\/urun\/electric-gate-valve\" aria-label=\"Elektrikli Tahrikli S\u00fcrg\u00fcl\u00fc Vana hakk\u0131nda daha fazlas\u0131\">Daha fazla bilgi edinin<\/a><\/p>","protected":false},"featured_media":27873,"comment_status":"closed","ping_status":"closed","template":"","meta":{"_generate-full-width-content":"","kt_blocks_editor_width":""},"product_cat":[2052,2457],"product_tag":[2766,2727,2798,2723],"class_list":["post-16263","product","type-product","status-publish","has-post-thumbnail","hentry","product_cat-gate-valve","product_cat-gate-valve-by-drive-mode","product_tag-motorised-valve","product_tag-motorized-valve","product_tag-osy-valve","product_tag-what-is-a-valve","sales-flash-overlay","woocommerce-text-align-center","woocommerce-image-align-center","do-quantity-buttons"],"featured_image_src_large":["https:\/\/zecovalve.com\/wp-content\/uploads\/2022\/06\/Electric-Actuated-Gate-Valve.jpg",800,600,false],"author_info":[],"comment_info":0,"taxonomy_info":{"product_cat":[{"value":2052,"label":"Gate Valve"},{"value":2457,"label":"Gate Valve with Actuator"}],"product_tag":[{"value":2766,"label":"Motorised Valve"},{"value":2727,"label":"Motorized Valve"},{"value":2798,"label":"OS&amp;Y Valve"},{"value":2723,"label":"What is a Valve"}]},"yoast_head":"<!-- This site is optimized with the Yoast SEO Premium plugin v15.4 - https:\/\/yoast.com\/wordpress\/plugins\/seo\/ -->\n<title>Electric Actuated Gate Valve - Actuated Gate Valve | ZECO Valve<\/title>\n<meta name=\"robots\" content=\"index, follow, max-snippet:-1, max-image-preview:large, max-video-preview:-1\" \/>\n<link rel=\"canonical\" href=\"https:\/\/zecovalve.com\/tr\/urun\/electric-gate-valve\" \/>\n<meta property=\"og:locale\" content=\"tr_TR\" \/>\n<meta property=\"og:type\" content=\"article\" \/>\n<meta property=\"og:title\" content=\"Electric Actuated Gate Valve - Actuated Gate Valve | ZECO Valve\" \/>\n<meta property=\"og:description\" content=\"What is an Electric Actuated Gate Valve? Electric actuated gate valve refers to the linear movement of the electric gate valve actuator ... Read more\" \/>\n<meta property=\"og:url\" content=\"https:\/\/zecovalve.com\/tr\/urun\/electric-gate-valve\" \/>\n<meta property=\"og:site_name\" content=\"ZECO Valve\" \/>\n<meta property=\"article:modified_time\" content=\"2023-06-07T13:55:37+00:00\" \/>\n<meta property=\"og:image\" content=\"https:\/\/zecovalve.com\/wp-content\/uploads\/2022\/06\/Electric-Actuated-Gate-Valve.jpg\" \/>\n\t<meta property=\"og:image:width\" content=\"800\" \/>\n\t<meta property=\"og:image:height\" content=\"600\" \/>\n<meta name=\"twitter:card\" content=\"summary_large_image\" \/>\n<meta name=\"twitter:label1\" content=\"Yazan:\">\n\t<meta name=\"twitter:data1\" content=\"Jerry\">\n\t<meta name=\"twitter:label2\" content=\"Tahmini okuma s\u00fcresi\">\n\t<meta name=\"twitter:data2\" content=\"2 dakika\">\n<script type=\"application\/ld+json\" class=\"yoast-schema-graph\">{\"@context\":\"https:\/\/schema.org\",\"@graph\":[{\"@type\":\"WebSite\",\"@id\":\"https:\/\/zecovalve.com\/#website\",\"url\":\"https:\/\/zecovalve.com\/\",\"name\":\"ZECO Valve\",\"description\":\"Industrial Ball Valve, Gate Valve and Globe Valve Manufacturer\",\"potentialAction\":[{\"@type\":\"SearchAction\",\"target\":\"https:\/\/zecovalve.com\/?s={search_term_string}\",\"query-input\":\"required name=search_term_string\"}],\"inLanguage\":\"tr\"},{\"@type\":\"ImageObject\",\"@id\":\"https:\/\/zecovalve.com\/product\/electric-gate-valve#primaryimage\",\"inLanguage\":\"tr\",\"url\":\"https:\/\/zecovalve.com\/wp-content\/uploads\/2022\/06\/Electric-Actuated-Gate-Valve.jpg\",\"width\":800,\"height\":600,\"caption\":\"Electric Actuated Gate Valve\"},{\"@type\":\"WebPage\",\"@id\":\"https:\/\/zecovalve.com\/product\/electric-gate-valve#webpage\",\"url\":\"https:\/\/zecovalve.com\/product\/electric-gate-valve\",\"name\":\"Electric Actuated Gate Valve - Actuated Gate Valve | ZECO Valve\",\"isPartOf\":{\"@id\":\"https:\/\/zecovalve.com\/#website\"},\"primaryImageOfPage\":{\"@id\":\"https:\/\/zecovalve.com\/product\/electric-gate-valve#primaryimage\"},\"datePublished\":\"2022-06-20T12:56:16+00:00\",\"dateModified\":\"2023-06-07T13:55:37+00:00\",\"breadcrumb\":{\"@id\":\"https:\/\/zecovalve.com\/product\/electric-gate-valve#breadcrumb\"},\"inLanguage\":\"tr\",\"potentialAction\":[{\"@type\":\"ReadAction\",\"target\":[\"https:\/\/zecovalve.com\/product\/electric-gate-valve\"]}]},{\"@type\":\"BreadcrumbList\",\"@id\":\"https:\/\/zecovalve.com\/product\/electric-gate-valve#breadcrumb\",\"itemListElement\":[{\"@type\":\"ListItem\",\"position\":1,\"item\":{\"@type\":\"WebPage\",\"@id\":\"https:\/\/zecovalve.com\/\",\"url\":\"https:\/\/zecovalve.com\/\",\"name\":\"Home\"}},{\"@type\":\"ListItem\",\"position\":2,\"item\":{\"@type\":\"WebPage\",\"@id\":\"https:\/\/zecovalve.com\/product-category\",\"url\":\"https:\/\/zecovalve.com\/product-category\",\"name\":\"Industrial Valve Manufacturer | Water Valve Manufacturer\"}},{\"@type\":\"ListItem\",\"position\":3,\"item\":{\"@type\":\"WebPage\",\"@id\":\"https:\/\/zecovalve.com\/product\/electric-gate-valve\",\"url\":\"https:\/\/zecovalve.com\/product\/electric-gate-valve\",\"name\":\"Electric Actuated Gate Valve\"}}]}]}<\/script>\n<!-- \/ Yoast SEO Premium plugin. -->","_links":{"self":[{"href":"https:\/\/zecovalve.com\/tr\/wp-json\/wp\/v2\/product\/16263","targetHints":{"allow":["GET"]}}],"collection":[{"href":"https:\/\/zecovalve.com\/tr\/wp-json\/wp\/v2\/product"}],"about":[{"href":"https:\/\/zecovalve.com\/tr\/wp-json\/wp\/v2\/types\/product"}],"replies":[{"embeddable":true,"href":"https:\/\/zecovalve.com\/tr\/wp-json\/wp\/v2\/comments?post=16263"}],"wp:featuredmedia":[{"embeddable":true,"href":"https:\/\/zecovalve.com\/tr\/wp-json\/wp\/v2\/media\/27873"}],"wp:attachment":[{"href":"https:\/\/zecovalve.com\/tr\/wp-json\/wp\/v2\/media?parent=16263"}],"wp:term":[{"taxonomy":"product_cat","embeddable":true,"href":"https:\/\/zecovalve.com\/tr\/wp-json\/wp\/v2\/product_cat?post=16263"},{"taxonomy":"product_tag","embeddable":true,"href":"https:\/\/zecovalve.com\/tr\/wp-json\/wp\/v2\/product_tag?post=16263"}],"curies":[{"name":"wp","href":"https:\/\/api.w.org\/{rel}","templated":true}]}}