{"id":16272,"date":"2022-06-20T13:06:39","date_gmt":"2022-06-20T13:06:39","guid":{"rendered":"https:\/\/zecovalve.com\/?post_type=product&#038;p=16272"},"modified":"2023-06-07T07:04:40","modified_gmt":"2023-06-07T07:04:40","slug":"forged-ball-valve","status":"publish","type":"product","link":"https:\/\/zecovalve.com\/tr\/urun\/forged-ball-valve","title":{"rendered":"D\u00f6vme K\u00fcresel Vana - Bronz K\u00fcresel Vana"},"content":{"rendered":"<p>D\u00f6vme bronz k\u00fcresel vanalar genellikle y\u00fcksek derecede korozif deniz suyu ko\u015fullar\u0131nda kullan\u0131l\u0131r.<\/p>\r\n\r\n\r\n\r\n<div class=\"wp-block-columns is-layout-flex wp-container-core-columns-is-layout-9d6595d7 wp-block-columns-is-layout-flex\">\r\n<div class=\"wp-block-column is-layout-flow wp-block-column-is-layout-flow\">\r\n<figure class=\"wp-block-image size-large\"><img decoding=\"async\" src=\"https:\/\/zecovalve.com\/wp-content\/uploads\/2022\/06\/14-forged-ball-valve-300x225.jpg\" alt=\"\" \/><\/figure>\r\n<\/div>\r\n\r\n\r\n\r\n<div class=\"wp-block-column is-layout-flow wp-block-column-is-layout-flow\">\r\n<figure class=\"wp-block-image size-large\"><img decoding=\"async\" src=\"https:\/\/zecovalve.com\/wp-content\/uploads\/2022\/06\/14-forged-ball-valve-1-300x225.jpg\" alt=\"\" \/><\/figure>\r\n<\/div>\r\n\r\n\r\n\r\n<div class=\"wp-block-column is-layout-flow wp-block-column-is-layout-flow\">\r\n<figure class=\"wp-block-image size-large\"><img decoding=\"async\" src=\"https:\/\/zecovalve.com\/wp-content\/uploads\/2022\/06\/14-forged-ball-valve-2-300x225.jpg\" alt=\"\" \/><\/figure>\r\n<\/div>\r\n<\/div>\r\n\r\n\r\n\r\n<div class=\"wp-block-columns is-layout-flex wp-container-core-columns-is-layout-9d6595d7 wp-block-columns-is-layout-flex\">\r\n<div class=\"wp-block-column is-layout-flow wp-block-column-is-layout-flow\">\r\n<figure class=\"wp-block-image size-large\"><img decoding=\"async\" src=\"https:\/\/zecovalve.com\/wp-content\/uploads\/2022\/06\/14-forged-ball-valve-3-300x225.jpg\" alt=\"\" \/><\/figure>\r\n<\/div>\r\n\r\n\r\n\r\n<div class=\"wp-block-column is-layout-flow wp-block-column-is-layout-flow\">\r\n<figure class=\"wp-block-image size-large\"><img decoding=\"async\" src=\"https:\/\/zecovalve.com\/wp-content\/uploads\/2022\/06\/14-forged-ball-valve-4-300x225.jpg\" alt=\"\" \/><\/figure>\r\n<\/div>\r\n\r\n\r\n\r\n<div class=\"wp-block-column is-layout-flow wp-block-column-is-layout-flow\">\r\n<figure class=\"wp-block-image size-large\"><img decoding=\"async\" src=\"https:\/\/zecovalve.com\/wp-content\/uploads\/2022\/06\/14-forged-ball-valve-5-300x225.jpg\" alt=\"\" \/><\/figure>\r\n<\/div>\r\n\r\n\r\n\r\n<div class=\"wp-block-column is-layout-flow wp-block-column-is-layout-flow\">\r\n<figure class=\"wp-block-image size-large\"><img decoding=\"async\" src=\"https:\/\/zecovalve.com\/wp-content\/uploads\/2022\/06\/forged-ball-valve-300x225.jpg\" alt=\"\" \/><\/figure>\r\n<\/div>\r\n<\/div>\r\n\r\n\r\n<div class=\"gb-button-wrapper gb-button-wrapper-6d8495a3\">\r\n\r\n\r\n<p><a class=\"gb-button gb-button-3d442e11 gb-button-text\" href=\"https:\/\/zecovalve.com\/tr\/contact\/\" target=\"_blank\" rel=\"noopener noreferrer\"><strong>VANA FI\u0307YATI ALIN<\/strong><\/a><\/p>\r\n<\/div>\r\n\r\n\r\n\r\n\r\n<h2 class=\"wp-block-heading\">Bronz K\u00fcresel Vana Nedir?<\/h2>\r\n\r\n\r\n\r\n<p>Bronz k\u00fcresel vana, g\u00f6vde, kapak ve bilya ile i\u00e7 k\u0131s\u0131mlar\u0131n bronzdan yap\u0131lm\u0131\u015f oldu\u011fu anlam\u0131na gelir. Genellikle deniz suyu ko\u015fullar\u0131 gibi korozyona dayan\u0131kl\u0131 ortamlarda kullan\u0131l\u0131r.<\/p>\r\n\r\n\r\n\r\n<h3 class=\"wp-block-heading\">Bronz Malzeme Nedir?<\/h3>\r\n\r\n\r\n\r\n<p>Bronz, tipik olarak yakla\u015f\u0131k 88% bak\u0131r ve 12% kalaydan olu\u015fan bak\u0131r bazl\u0131 bir ala\u015f\u0131md\u0131r. Ala\u015f\u0131mda eser miktarda al\u00fcminyum, manganez, fosfor ve silikon gibi di\u011fer metaller de mevcut olabilir.<\/p>\r\n\r\n\r\n\r\n<p>Bronz malzeme Al\u00fcminyum Bronz, Al\u00fcminyum-nikel Bronz, Al\u00fcminyum-silikon Bronz ve Manganez Bronz vb. olarak s\u0131n\u0131fland\u0131r\u0131labilir. En yayg\u0131n kullan\u0131lan kaliteler ASTM B148 C95800, ASTM B62 C83600, ASTM B283 C61900 vb.&#039;dir.<\/p>\r\n\r\n\r\n\r\n<h3 class=\"wp-block-heading\">Bronz Malzemenin Avantajlar\u0131<\/h3>\r\n\r\n\r\n\r\n<ul class=\"wp-block-list\">\r\n<li>M\u00fckemmel termal iletkenlik<\/li>\r\n<li>Tuzlu su korozyonuna kar\u015f\u0131 diren\u00e7<\/li>\r\n<li>Y\u00fcksek s\u00fcneklik<\/li>\r\n<\/ul>\r\n<h2>Bronz Vana Uygulamalar\u0131<\/h2>\r\n<p>Bronz vanalar, petrokimya end\u00fcstrisinde ve y\u00fcksek performansl\u0131 kullan\u0131m durumlar\u0131nda, \u00f6zellikle de d\u00fc\u015f\u00fck korozyon seviyelerinin gerekli oldu\u011fu deniz ortamlar\u0131nda yayg\u0131n olarak kullan\u0131lmaktad\u0131r.<\/p>\r\n\r\n\r\n\r\n<h2 class=\"wp-block-heading\" id=\"h-what-is-a-forged-ball-valve\">D\u00f6vme K\u00fcresel Vana Nedir?<\/h2>\r\n\r\n\r\n\r\n<p>ZECO d\u00f6vme k\u00fcresel vana, \u00e7e\u015fitli y\u00fcksek bas\u0131n\u00e7l\u0131 end\u00fcstriyel ko\u015fullarda yayg\u0131n olarak kullan\u0131lan d\u00f6vme iki par\u00e7al\u0131 k\u00fcresel vanalara ve d\u00f6vme \u00fc\u00e7 par\u00e7al\u0131 k\u00fcresel vanalara, ayr\u0131ca k\u00fc\u00e7\u00fck \u00e7apl\u0131 d\u00f6vme k\u00fcresel vanalara ve b\u00fcy\u00fck \u00e7apl\u0131 d\u00f6vme k\u00fcresel vanalara b\u00f6l\u00fcnm\u00fc\u015ft\u00fcr. Genellikle 600 lb, 800 lb, 900 lb, 1500 lb&#039;de bas\u0131n\u00e7, \u00e7e\u015fitli boru hatlar\u0131nda \u00e7al\u0131\u015fma s\u0131cakl\u0131\u011f\u0131 \u2013 46 \u00b0C ~ 425 \u00b0C. Elbette, kullan\u0131c\u0131 listesinde 150LB ve 300LB&#039;lik d\u00fc\u015f\u00fck bas\u0131n\u00e7 da s\u0131kl\u0131kla kullan\u0131l\u0131r. Malzemeleri ayr\u0131ca ASTM A105, ASTM A182 F304, ASTM A182 F316, ASTM B283 C61900, ASTM B148 C95800 ve di\u011fer d\u00f6vme malzemelerini i\u00e7erir.<\/p>\r\n\r\n\r\n\r\n<h2 class=\"wp-block-heading\" id=\"h-features-of-forged-ball-valve\">D\u00f6vme K\u00fcresel Vanan\u0131n \u00d6zellikleri:<\/h2>\r\n\r\n\r\n\r\n<ul class=\"wp-block-list\">\r\n<li>ZECO d\u00f6vme k\u00fcresel vanas\u0131, her iki y\u00f6nde de bas\u0131n\u00e7la enerjilendirilen \u00e7ift piston etkili yuvalara sahiptir. B\u00f6ylece yuva halkalar\u0131 her zaman yukar\u0131\/a\u015fa\u011f\u0131 y\u00f6nde veya bo\u015fluktan gelen bas\u0131n\u00e7la topa do\u011fru itilir. Yukar\u0131 ak\u0131\u015f koltu\u011fu ar\u0131zalan\u0131rsa alt ak\u0131\u015f koltu\u011fu yine de s\u0131k\u0131 bir s\u0131zd\u0131rmazl\u0131k sa\u011flayabilir. Belirli uygulamalarda veya baz\u0131 boru bas\u0131n\u00e7 testlerinde yayg\u0131n olarak kullan\u0131l\u0131r. \u00c7ift piston etkili valflerin kendi kendini tahliye etme i\u015flevi bulunmad\u0131\u011f\u0131ndan, aksi kararla\u015ft\u0131r\u0131lmad\u0131k\u00e7a, otomatik bo\u015fluk bas\u0131nc\u0131 tahliye valfi sa\u011flanacakt\u0131r;<\/li>\r\n<li>ZECO d\u00f6vme k\u00fcresel vanas\u0131n\u0131n bir adet kendinden tahliyeli yuvas\u0131 vard\u0131r. G\u00f6vde bo\u015flu\u011fu bas\u0131nc\u0131 taraf\u0131ndan olu\u015fturulan kuvvet, \u00f6nceden y\u00fcklenmi\u015f yay kuvveti art\u0131 boru hatt\u0131ndan gelen bas\u0131n\u00e7 taraf\u0131ndan olu\u015fturulan kuvvetten daha b\u00fcy\u00fckse, bo\u015fluk bas\u0131nc\u0131 kendi kendini tahliye eden yatak arac\u0131l\u0131\u011f\u0131yla serbest b\u0131rak\u0131l\u0131r, \u00e7ift piston etkili yatak hala s\u0131k\u0131 bir s\u0131zd\u0131rmazl\u0131k i\u015flevi g\u00f6r\u00fcr;<\/li>\r\n<li>ZECO d\u00f6vme k\u00fcresel vana, talep \u00fczerine ek konfig\u00fcrasyonlarda mevcuttur; Delta halka yuvas\u0131 tasar\u0131m\u0131 gibi, s\u0131zd\u0131rmazl\u0131\u011f\u0131 daha kolayd\u0131r;<\/li>\r\n<li>ZECO d\u00f6vme k\u00fcresel vana, istek \u00fczerine Lipseal tasar\u0131m\u0131 gibi ek konfig\u00fcrasyonlarda mevcuttur, korunmas\u0131 daha kolayd\u0131r.<\/li>\r\n<\/ul>\r\n\r\n\r\n\r\n<h2 class=\"wp-block-heading\" id=\"h-material-of-forged-ball-valve\">D\u00f6vme K\u00fcresel Vana Malzemesi:<\/h2>\r\n\r\n\r\n\r\n<figure class=\"wp-block-table\">\r\n<table>\r\n<tbody>\r\n<tr>\r\n<td>Hay\u0131r<\/td>\r\n<td>Par\u00e7a<\/td>\r\n<td>Malzeme<\/td>\r\n<\/tr>\r\n<tr>\r\n<td>1<\/td>\r\n<td>V\u00fccut<\/td>\r\n<td>ASTM B283 C61900<\/td>\r\n<\/tr>\r\n<tr>\r\n<td>2<\/td>\r\n<td>Bone<\/td>\r\n<td>ASTM B283 C61900<\/td>\r\n<\/tr>\r\n<tr>\r\n<td>3<\/td>\r\n<td>Top<\/td>\r\n<td>ASTM B283 C61900<\/td>\r\n<\/tr>\r\n<tr>\r\n<td>4<\/td>\r\n<td>Koltuk<\/td>\r\n<td>TEFLON<\/td>\r\n<\/tr>\r\n<tr>\r\n<td>5<\/td>\r\n<td>K\u00f6k<\/td>\r\n<td>ASTM B283 C61900<\/td>\r\n<\/tr>\r\n<tr>\r\n<td>6<\/td>\r\n<td>K\u00f6k Ambalaj<\/td>\r\n<td>Grafit<\/td>\r\n<\/tr>\r\n<tr>\r\n<td>7<\/td>\r\n<td>Conta<\/td>\r\n<td>Grafit<\/td>\r\n<\/tr>\r\n<tr>\r\n<td>8<\/td>\r\n<td>C\u0131vata<\/td>\r\n<td>ASTM A193 B8M<\/td>\r\n<\/tr>\r\n<tr>\r\n<td>9<\/td>\r\n<td>F\u0131nd\u0131k<\/td>\r\n<td>ASTM A194 8M<\/td>\r\n<\/tr>\r\n<tr>\r\n<td>10<\/td>\r\n<td>Durdurma Tasmas\u0131<\/td>\r\n<td>ASTM A1025<\/td>\r\n<\/tr>\r\n<tr>\r\n<td>11<\/td>\r\n<td>Kol<\/td>\r\n<td>ASTM A351 CF8<\/td>\r\n<\/tr>\r\n<\/tbody>\r\n<\/table>\r\n<\/figure>","protected":false},"excerpt":{"rendered":"<p>D\u00f6vme bronz k\u00fcresel vanalar genellikle y\u00fcksek derecede korozif deniz suyu ko\u015fullar\u0131nda kullan\u0131l\u0131r. Bronz K\u00fcresel Vana Nedir? Bronz k\u00fcresel vana\u2026 <a title=\"D\u00f6vme K\u00fcresel Vana \u2013 Bronz K\u00fcresel Vana\" class=\"read-more\" href=\"https:\/\/zecovalve.com\/tr\/urun\/forged-ball-valve\" aria-label=\"D\u00f6vme K\u00fcresel Vana \u2013 Bronz K\u00fcresel Vana hakk\u0131nda daha fazlas\u0131\">Daha fazla bilgi edinin<\/a><\/p>","protected":false},"featured_media":27856,"comment_status":"closed","ping_status":"closed","template":"","meta":{"_generate-full-width-content":"","kt_blocks_editor_width":""},"product_cat":[2047,2461,2465],"product_tag":[2655,2804,2656],"class_list":["post-16272","product","type-product","status-publish","has-post-thumbnail","hentry","product_cat-ball-valve","product_cat-ball-valve-by-material","product_cat-forged-steel-ball-valve","product_tag-1-2-ball-valve","product_tag-2-inch-ball-valve","product_tag-3-4-ball-valve","sales-flash-overlay","woocommerce-text-align-center","woocommerce-image-align-center","do-quantity-buttons"],"featured_image_src_large":["https:\/\/zecovalve.com\/wp-content\/uploads\/2022\/06\/Forged-Ball-Valve-Bronze-Ball-Valve.jpg",800,600,false],"author_info":[],"comment_info":0,"taxonomy_info":{"product_cat":[{"value":2047,"label":"Ball Valve"},{"value":2461,"label":"Ball Valve By Material"},{"value":2465,"label":"Forged Ball Valve"}],"product_tag":[{"value":2655,"label":"1 2 ball valve"},{"value":2804,"label":"2 inch Ball Valve"},{"value":2656,"label":"3 4 ball valve"}]},"yoast_head":"<!-- This site is optimized with the Yoast SEO Premium plugin v15.4 - https:\/\/yoast.com\/wordpress\/plugins\/seo\/ -->\n<title>Bronze Ball Valve - Forged Ball Valve Manufacturer | ZECO Valve<\/title>\n<meta name=\"robots\" content=\"index, follow, max-snippet:-1, max-image-preview:large, max-video-preview:-1\" \/>\n<link rel=\"canonical\" href=\"https:\/\/zecovalve.com\/tr\/urun\/forged-ball-valve\" \/>\n<meta property=\"og:locale\" content=\"tr_TR\" \/>\n<meta property=\"og:type\" content=\"article\" \/>\n<meta property=\"og:title\" content=\"Bronze Ball Valve - Forged Ball Valve Manufacturer | ZECO Valve\" \/>\n<meta property=\"og:description\" content=\"Forged bronze ball valves are commonly used in highly corrosive seawater conditions. What is a Bronze Ball Valve? The bronze ball valve ... Read more\" \/>\n<meta property=\"og:url\" content=\"https:\/\/zecovalve.com\/tr\/urun\/forged-ball-valve\" \/>\n<meta property=\"og:site_name\" content=\"ZECO Valve\" \/>\n<meta property=\"article:modified_time\" content=\"2023-06-07T07:04:40+00:00\" \/>\n<meta property=\"og:image\" content=\"https:\/\/zecovalve.com\/wp-content\/uploads\/2022\/06\/Forged-Ball-Valve-Bronze-Ball-Valve.jpg\" \/>\n\t<meta property=\"og:image:width\" content=\"800\" \/>\n\t<meta property=\"og:image:height\" content=\"600\" \/>\n<meta name=\"twitter:card\" content=\"summary_large_image\" \/>\n<meta name=\"twitter:label1\" content=\"Yazan:\">\n\t<meta name=\"twitter:data1\" content=\"Jerry\">\n\t<meta name=\"twitter:label2\" content=\"Tahmini okuma s\u00fcresi\">\n\t<meta name=\"twitter:data2\" content=\"2 dakika\">\n<script type=\"application\/ld+json\" class=\"yoast-schema-graph\">{\"@context\":\"https:\/\/schema.org\",\"@graph\":[{\"@type\":\"WebSite\",\"@id\":\"https:\/\/zecovalve.com\/#website\",\"url\":\"https:\/\/zecovalve.com\/\",\"name\":\"ZECO Valve\",\"description\":\"Industrial Ball Valve, Gate Valve and Globe Valve Manufacturer\",\"potentialAction\":[{\"@type\":\"SearchAction\",\"target\":\"https:\/\/zecovalve.com\/?s={search_term_string}\",\"query-input\":\"required name=search_term_string\"}],\"inLanguage\":\"tr\"},{\"@type\":\"ImageObject\",\"@id\":\"https:\/\/zecovalve.com\/product\/forged-ball-valve#primaryimage\",\"inLanguage\":\"tr\",\"url\":\"https:\/\/zecovalve.com\/wp-content\/uploads\/2022\/06\/Forged-Ball-Valve-Bronze-Ball-Valve.jpg\",\"width\":800,\"height\":600,\"caption\":\"Forged Ball Valve - Bronze Ball Valve\"},{\"@type\":\"WebPage\",\"@id\":\"https:\/\/zecovalve.com\/product\/forged-ball-valve#webpage\",\"url\":\"https:\/\/zecovalve.com\/product\/forged-ball-valve\",\"name\":\"Bronze Ball Valve - Forged Ball Valve Manufacturer | ZECO Valve\",\"isPartOf\":{\"@id\":\"https:\/\/zecovalve.com\/#website\"},\"primaryImageOfPage\":{\"@id\":\"https:\/\/zecovalve.com\/product\/forged-ball-valve#primaryimage\"},\"datePublished\":\"2022-06-20T13:06:39+00:00\",\"dateModified\":\"2023-06-07T07:04:40+00:00\",\"breadcrumb\":{\"@id\":\"https:\/\/zecovalve.com\/product\/forged-ball-valve#breadcrumb\"},\"inLanguage\":\"tr\",\"potentialAction\":[{\"@type\":\"ReadAction\",\"target\":[\"https:\/\/zecovalve.com\/product\/forged-ball-valve\"]}]},{\"@type\":\"BreadcrumbList\",\"@id\":\"https:\/\/zecovalve.com\/product\/forged-ball-valve#breadcrumb\",\"itemListElement\":[{\"@type\":\"ListItem\",\"position\":1,\"item\":{\"@type\":\"WebPage\",\"@id\":\"https:\/\/zecovalve.com\/\",\"url\":\"https:\/\/zecovalve.com\/\",\"name\":\"Home\"}},{\"@type\":\"ListItem\",\"position\":2,\"item\":{\"@type\":\"WebPage\",\"@id\":\"https:\/\/zecovalve.com\/product-category\",\"url\":\"https:\/\/zecovalve.com\/product-category\",\"name\":\"Industrial Valve Manufacturer | Water Valve Manufacturer\"}},{\"@type\":\"ListItem\",\"position\":3,\"item\":{\"@type\":\"WebPage\",\"@id\":\"https:\/\/zecovalve.com\/product\/forged-ball-valve\",\"url\":\"https:\/\/zecovalve.com\/product\/forged-ball-valve\",\"name\":\"Forged Ball Valve &#8211; Bronze Ball Valve\"}}]}]}<\/script>\n<!-- \/ Yoast SEO Premium plugin. -->","_links":{"self":[{"href":"https:\/\/zecovalve.com\/tr\/wp-json\/wp\/v2\/product\/16272","targetHints":{"allow":["GET"]}}],"collection":[{"href":"https:\/\/zecovalve.com\/tr\/wp-json\/wp\/v2\/product"}],"about":[{"href":"https:\/\/zecovalve.com\/tr\/wp-json\/wp\/v2\/types\/product"}],"replies":[{"embeddable":true,"href":"https:\/\/zecovalve.com\/tr\/wp-json\/wp\/v2\/comments?post=16272"}],"wp:featuredmedia":[{"embeddable":true,"href":"https:\/\/zecovalve.com\/tr\/wp-json\/wp\/v2\/media\/27856"}],"wp:attachment":[{"href":"https:\/\/zecovalve.com\/tr\/wp-json\/wp\/v2\/media?parent=16272"}],"wp:term":[{"taxonomy":"product_cat","embeddable":true,"href":"https:\/\/zecovalve.com\/tr\/wp-json\/wp\/v2\/product_cat?post=16272"},{"taxonomy":"product_tag","embeddable":true,"href":"https:\/\/zecovalve.com\/tr\/wp-json\/wp\/v2\/product_tag?post=16272"}],"curies":[{"name":"wp","href":"https:\/\/api.w.org\/{rel}","templated":true}]}}