{"id":16285,"date":"2022-06-20T13:13:37","date_gmt":"2022-06-20T13:13:37","guid":{"rendered":"https:\/\/zecovalve.com\/?post_type=product&#038;p=16285"},"modified":"2023-06-15T12:43:17","modified_gmt":"2023-06-15T12:43:17","slug":"4-inch-gate-valve","status":"publish","type":"product","link":"https:\/\/zecovalve.com\/tr\/urun\/4-inch-gate-valve","title":{"rendered":"4 in\u00e7 S\u00fcrg\u00fcl\u00fc Vana"},"content":{"rendered":"<p>S\u00fcrg\u00fcl\u00fc vana 4 in\u00e7, s\u00fcrg\u00fcl\u00fc vanan\u0131n boyutuna g\u00f6re ay\u0131rt edilir, DN&#039;li 4 in\u00e7 s\u00fcrg\u00fcl\u00fc vana DN100&#039;d\u00fcr.<\/p>\r\n\r\n\r\n\r\n<figure class=\"wp-block-image alignnone size-medium wp-image-16286\">\r\n<p><img loading=\"lazy\" decoding=\"async\" class=\"wp-image-27884 size-medium\" src=\"https:\/\/zecovalve.com\/wp-content\/uploads\/2022\/06\/4-inch-Gate-Valve-2-300x225.jpg\" alt=\"4 in\u00e7 S\u00fcrg\u00fcl\u00fc Vana\" width=\"300\" height=\"225\" srcset=\"https:\/\/zecovalve.com\/wp-content\/uploads\/2022\/06\/4-inch-Gate-Valve-2-300x225.jpg 300w, https:\/\/zecovalve.com\/wp-content\/uploads\/2022\/06\/4-inch-Gate-Valve-2-768x576.jpg 768w, https:\/\/zecovalve.com\/wp-content\/uploads\/2022\/06\/4-inch-Gate-Valve-2-600x450.jpg 600w, https:\/\/zecovalve.com\/wp-content\/uploads\/2022\/06\/4-inch-Gate-Valve-2.jpg 800w\" sizes=\"auto, (max-width: 300px) 100vw, 300px\" \/><\/p>\r\n<\/figure>\r\n\r\n\r\n<div class=\"gb-button-wrapper gb-button-wrapper-6d8495a3\">\r\n\r\n\r\n<p><a class=\"gb-button gb-button-3d442e11 gb-button-text\" href=\"mailto:commercial@zecovalve.com\" target=\"_blank\" rel=\"noopener noreferrer\"><strong>4 \u0130N\u00c7 S\u00dcRG\u00dcL\u00dc VANA F\u0130YATI ALIN<\/strong><\/a><\/p>\r\n<\/div>\r\n\r\n\r\n\r\n\r\n<h2 class=\"wp-block-heading\" id=\"h-what-is-a-4-inch-gate-valve\">4 \u0130n\u00e7 S\u00fcrg\u00fcl\u00fc Vana Nedir?<\/h2>\r\n\r\n\r\n\r\n<p>ZECO 4 in\u00e7 s\u00fcrg\u00fcl\u00fc vana en yayg\u0131n kullan\u0131lan boyutlardan biridir. Hattaki s\u00fcrg\u00fcl\u00fc vana sadece ge\u00e7i\u015f etkisi yarat\u0131r ve k\u00fc\u00e7\u00fck g\u00f6r\u00fcn\u00fcr, boru hatt\u0131n\u0131n korunmas\u0131na y\u00f6nelik ger\u00e7ekten k\u00fc\u00e7\u00fck kap\u0131 \u00e7ok \u00f6nemlidir, ancak s\u00fcrg\u00fcl\u00fc vana anahtar\u0131 uzun bir s\u00fcre olmas\u0131na ra\u011fmen, acil bir durumda s\u00fcrg\u00fcl\u00fc vana torkunun yanmas\u0131 gerekir. E\u011fer sadece bir ki\u015fi \u00e7evrimi\u00e7i ise, 4 in\u00e7lik bir k\u00fcresel vanay\u0131 kapatmaya giderse, insan\u0131 \u00e7ok b\u00fcy\u00fck alabilir, e\u011fer \u00fcretim s\u00fcrecinde k\u00fc\u00e7\u00fck bir ihmal a\u015f\u0131r\u0131 torka neden olursa, muhtemelen a\u00e7\u0131lmaz, ancak kap\u0131 el \u00e7ark\u0131 ile \u00e7al\u0131\u015ft\u0131r\u0131l\u0131r. , y\u00fckseltilmi\u015f sap\u0131 tahrik etmek i\u00e7in el \u00e7ark\u0131n\u0131 \u00e7evirin, bu ba\u015fl\u0131 ba\u015f\u0131na bir i\u015flemdir, a\u00e7\u0131k \u00e7ok hafiftir.<\/p>\r\n\r\n\r\n\r\n<h2 class=\"wp-block-heading\" id=\"h-features-of-4-gate-valve\">4 S\u00fcrg\u00fcl\u00fc Vanan\u0131n \u00d6zellikleri<\/h2>\r\n\r\n\r\n\r\n<ul class=\"wp-block-list\">\r\n<li>ZECO 4 in\u00e7 s\u00fcrg\u00fcl\u00fc vanan\u0131n g\u00f6vdesi, entegre olan T kafas\u0131n\u0131 benimser. Bu, di\u015fli veya kaynakl\u0131 bir g\u00f6vdeden \u00e7ok daha g\u00fc\u00e7l\u00fcd\u00fcr ve y\u00fcksek bas\u0131n\u00e7l\u0131 b\u00fck\u00fclmeye daha az e\u011filimlidir;<\/li>\r\n<li>ZECO 4 in\u00e7 s\u00fcrg\u00fcl\u00fc vanan\u0131n salmastra kutusu, g\u00f6vdeyi uzun s\u00fcre kapal\u0131 tutmak i\u00e7in yeterli salmastray\u0131 sa\u011flayacak kadar derindir. Standart tak\u0131l\u0131 salmastra kutusu tasar\u0131m gereklilikleri &lt; 100 ppm d\u00fczensiz emisyon gereksinimlerini kar\u015f\u0131lar, ZECO \u00e7evre koruma, kurumsal y\u00fck\u00fcml\u00fcl\u00fcklerin sosyal sorumluluk duygusu a\u00e7\u0131s\u0131ndan ISO 14001 sertifikas\u0131na sahiptir;<\/li>\r\n<li>ZECO 4 in\u00e7 s\u00fcrg\u00fcl\u00fc vanan\u0131n el \u00e7ark\u0131 tasar\u0131m\u0131, vanan\u0131n kullan\u0131m\u0131n\u0131 kolayla\u015ft\u0131r\u0131r, manuel \u00e7al\u0131\u015ft\u0131rma i\u015flemi g\u00fc\u00e7 sa\u011flamak i\u00e7in kullan\u0131l\u0131r. T\u00fcrbin tahrikleri ve elektrikli ve pn\u00f6matik cihazlar da mevcuttur;<\/li>\r\n<li>ZECO 4 in\u00e7 s\u00fcrg\u00fcl\u00fc vana d\u00fcnyan\u0131n her yerine g\u00f6nderilmi\u015f ve petrol \u015firketlerinin ve do\u011fal gaz \u015firketlerinin kullan\u0131c\u0131lar\u0131 taraf\u0131ndan iyi kar\u015f\u0131lanm\u0131\u015ft\u0131r. ZECO kalitesiyle d\u00fcnya \u00e7ap\u0131ndaki kullan\u0131c\u0131lar\u0131n be\u011fenisini ve uzun vadeli i\u015fbirli\u011fi f\u0131rsatlar\u0131n\u0131 kazanm\u0131\u015ft\u0131r.<\/li>\r\n<\/ul>\r\n\r\n\r\n\r\n<h2 class=\"wp-block-heading\">S\u00fcrg\u00fcl\u00fc Vanan\u0131n Boyutlar\u0131 ve A\u011f\u0131rl\u0131\u011f\u0131 4 \u0130n\u00e7<\/h2>\r\n\r\n\r\n\r\n<table border=\"=1\" width=\"800\">\r\n<tbody>\r\n<tr>\r\n<td rowspan=\"2\">Bas\u0131n\u00e7 Derecesi<\/td>\r\n<td style=\"text-align: center;\">Delik<\/td>\r\n<td style=\"text-align: center;\" colspan=\"3\">\u00a0Y\u00fcz Y\u00fcze Boyut (mm cinsinden)<\/td>\r\n<td style=\"text-align: center;\">A\u011f\u0131rl\u0131k<\/td>\r\n<\/tr>\r\n<tr>\r\n<td style=\"text-align: center;\">(mm cinsinden)<\/td>\r\n<td style=\"text-align: center;\">RF<\/td>\r\n<td style=\"text-align: center;\">BW<\/td>\r\n<td style=\"text-align: center;\">RTJ<\/td>\r\n<td style=\"text-align: center;\">kg<\/td>\r\n<\/tr>\r\n<tr>\r\n<td>SINIF 150<\/td>\r\n<td style=\"text-align: center;\">100<\/td>\r\n<td style=\"text-align: center;\">229<\/td>\r\n<td style=\"text-align: center;\">305<\/td>\r\n<td style=\"text-align: center;\">241<\/td>\r\n<td style=\"text-align: center;\">45<\/td>\r\n<\/tr>\r\n<tr>\r\n<td>SINIF 300<\/td>\r\n<td style=\"text-align: center;\">100<\/td>\r\n<td style=\"text-align: center;\">305<\/td>\r\n<td style=\"text-align: center;\">305<\/td>\r\n<td style=\"text-align: center;\">321<\/td>\r\n<td style=\"text-align: center;\">74<\/td>\r\n<\/tr>\r\n<tr>\r\n<td>SINIF 600<\/td>\r\n<td style=\"text-align: center;\">100<\/td>\r\n<td style=\"text-align: center;\">432<\/td>\r\n<td style=\"text-align: center;\">432<\/td>\r\n<td style=\"text-align: center;\">435<\/td>\r\n<td style=\"text-align: center;\">134<\/td>\r\n<\/tr>\r\n<tr>\r\n<td>SINIF 900<\/td>\r\n<td style=\"text-align: center;\">98<\/td>\r\n<td style=\"text-align: center;\">457<\/td>\r\n<td style=\"text-align: center;\">457<\/td>\r\n<td style=\"text-align: center;\">460<\/td>\r\n<td style=\"text-align: center;\">174<\/td>\r\n<\/tr>\r\n<tr>\r\n<td>SINIF 1500<\/td>\r\n<td style=\"text-align: center;\">92<\/td>\r\n<td style=\"text-align: center;\">546<\/td>\r\n<td style=\"text-align: center;\">546<\/td>\r\n<td style=\"text-align: center;\">549<\/td>\r\n<td style=\"text-align: center;\">260<\/td>\r\n<\/tr>\r\n<tr>\r\n<td>SINIF 2500<\/td>\r\n<td style=\"text-align: center;\">72<\/td>\r\n<td style=\"text-align: center;\">673<\/td>\r\n<td style=\"text-align: center;\">673<\/td>\r\n<td style=\"text-align: center;\">683<\/td>\r\n<td style=\"text-align: center;\">606<\/td>\r\n<\/tr>\r\n<\/tbody>\r\n<\/table>\r\n\r\n\r\n\r\n<h2 class=\"wp-block-heading\">4 S\u00fcrg\u00fcl\u00fc Vana Uygulamalar\u0131<\/h2>\r\n\r\n\r\n\r\n<p>4 S\u00fcrg\u00fcl\u00fc vanalar, petrol ve gaz end\u00fcstrisi, ila\u00e7, imalat, otomotiv ve denizcilik dahil olmak \u00fczere bir\u00e7ok end\u00fcstriyel uygulamada kullan\u0131lmaktad\u0131r.<\/p>\r\n\r\n\r\n\r\n<p>Y\u00fckselmeyen milli s\u00fcrg\u00fcl\u00fc vanalar, gemilerde, yer alt\u0131 uygulamalar\u0131nda veya fazladan yer kaplamad\u0131klar\u0131 i\u00e7in dikey alan\u0131n s\u0131n\u0131rl\u0131 oldu\u011fu yerlerde \u00e7ok pop\u00fclerdir.<\/p>\r\n\r\n\r\n\r\n<h2 class=\"wp-block-heading\" id=\"h-material-of-4-inch-gate-valve\">4 \u0130n\u00e7 S\u00fcrg\u00fcl\u00fc Vana Malzemesi<\/h2>\r\n\r\n\r\n\r\n<figure class=\"wp-block-table\">\r\n<table>\r\n<tbody>\r\n<tr>\r\n<td>Hay\u0131r<\/td>\r\n<td>Par\u00e7a<\/td>\r\n<td>Malzeme<\/td>\r\n<\/tr>\r\n<tr>\r\n<td>1<\/td>\r\n<td>V\u00fccut<\/td>\r\n<td>ASTM A351 CF8<\/td>\r\n<\/tr>\r\n<tr>\r\n<td>2<\/td>\r\n<td>Koltuk Halkas\u0131<\/td>\r\n<td>ASTM A182 F316 + STL<\/td>\r\n<\/tr>\r\n<tr>\r\n<td>3<\/td>\r\n<td>Kama<\/td>\r\n<td>ASTM A351 CF8M + STL<\/td>\r\n<\/tr>\r\n<tr>\r\n<td>4<\/td>\r\n<td>K\u00f6k<\/td>\r\n<td>ASTM A276 316<\/td>\r\n<\/tr>\r\n<tr>\r\n<td>5<\/td>\r\n<td>Kaput Contas\u0131<\/td>\r\n<td>Grafit + SS316<\/td>\r\n<\/tr>\r\n<tr>\r\n<td>6<\/td>\r\n<td>Kaput C\u0131vatas\u0131<\/td>\r\n<td>ASTM A193 B8<\/td>\r\n<\/tr>\r\n<tr>\r\n<td>7<\/td>\r\n<td>Kaput Somunu<\/td>\r\n<td>ASTM A194 8<\/td>\r\n<\/tr>\r\n<tr>\r\n<td>8<\/td>\r\n<td>Bone<\/td>\r\n<td>ASTM A351 CF8<\/td>\r\n<\/tr>\r\n<tr>\r\n<td>9<\/td>\r\n<td>Arka Koltuk<\/td>\r\n<td>ASTM A182 F316<\/td>\r\n<\/tr>\r\n<tr>\r\n<td>10<\/td>\r\n<td>K\u00f6k Ambalaj<\/td>\r\n<td>G\u00fc\u00e7lendirilmi\u015f Grafit<\/td>\r\n<\/tr>\r\n<tr>\r\n<td>11<\/td>\r\n<td>El \u00c7ark\u0131<\/td>\r\n<td>KTH330-08<\/td>\r\n<\/tr>\r\n<\/tbody>\r\n<\/table>\r\n<\/figure>\r\n\r\n\r\n\r\n<h2 class=\"wp-block-heading\">S\u00fcrg\u00fcl\u00fc Vana Fiyat\u0131<\/h2>\r\n\r\n\r\n\r\n<p>4 in\u00e7 s\u00fcrg\u00fcl\u00fc vana genellikle en kolay kar\u015f\u0131la\u015ft\u0131r\u0131labilir s\u00fcrg\u00fcl\u00fc vana boyutlar\u0131ndan biridir ve ZECO Valev bu \u00fcr\u00fcn i\u00e7in \u00e7ok rekabet\u00e7i fiyatlar sunabilir, ayr\u0131nt\u0131lar i\u00e7in l\u00fctfen ZECO Valve ile ileti\u015fime ge\u00e7in.<\/p>","protected":false},"excerpt":{"rendered":"<p>S\u00fcrg\u00fcl\u00fc vana 4 in\u00e7, s\u00fcrg\u00fcl\u00fc vanan\u0131n boyutuna g\u00f6re ay\u0131rt edilir, DN&#039;li 4 in\u00e7 s\u00fcrg\u00fcl\u00fc vana DN100&#039;d\u00fcr. \u2026 <a title=\"4 in\u00e7 S\u00fcrg\u00fcl\u00fc Vana\" class=\"read-more\" href=\"https:\/\/zecovalve.com\/tr\/urun\/4-inch-gate-valve\" aria-label=\"4 in\u00e7 S\u00fcrg\u00fcl\u00fc Vana hakk\u0131nda daha fazlas\u0131\">Daha fazla bilgi edinin<\/a><\/p>","protected":false},"featured_media":27884,"comment_status":"closed","ping_status":"closed","template":"","meta":{"_generate-full-width-content":"","kt_blocks_editor_width":""},"product_cat":[2052,2458],"product_tag":[],"class_list":["post-16285","product","type-product","status-publish","has-post-thumbnail","hentry","product_cat-gate-valve","product_cat-gate-valve-by-inch","sales-flash-overlay","woocommerce-text-align-center","woocommerce-image-align-center","do-quantity-buttons"],"featured_image_src_large":["https:\/\/zecovalve.com\/wp-content\/uploads\/2022\/06\/4-inch-Gate-Valve-2.jpg",800,600,false],"author_info":[],"comment_info":0,"taxonomy_info":{"product_cat":[{"value":2052,"label":"Gate Valve"},{"value":2458,"label":"Gate Valve By Inch"}]},"yoast_head":"<!-- This site is optimized with the Yoast SEO Premium plugin v15.4 - https:\/\/yoast.com\/wordpress\/plugins\/seo\/ -->\n<title>Gate Valve 4 inch - Competitive 4 inch Gate Valve Price | ZECO Valve<\/title>\n<meta name=\"robots\" content=\"index, follow, max-snippet:-1, max-image-preview:large, max-video-preview:-1\" \/>\n<link rel=\"canonical\" href=\"https:\/\/zecovalve.com\/tr\/urun\/4-inch-gate-valve\" \/>\n<meta property=\"og:locale\" content=\"tr_TR\" \/>\n<meta property=\"og:type\" content=\"article\" \/>\n<meta property=\"og:title\" content=\"Gate Valve 4 inch - Competitive 4 inch Gate Valve Price | ZECO Valve\" \/>\n<meta property=\"og:description\" content=\"Gate valve 4 inch is distinguished by the size of the gate valve, 4 inch gate valve with DN to say DN100. ... Read more\" \/>\n<meta property=\"og:url\" content=\"https:\/\/zecovalve.com\/tr\/urun\/4-inch-gate-valve\" \/>\n<meta property=\"og:site_name\" content=\"ZECO Valve\" \/>\n<meta property=\"article:modified_time\" content=\"2023-06-15T12:43:17+00:00\" \/>\n<meta property=\"og:image\" content=\"https:\/\/zecovalve.com\/wp-content\/uploads\/2022\/06\/4-inch-Gate-Valve-2.jpg\" \/>\n\t<meta property=\"og:image:width\" content=\"800\" \/>\n\t<meta property=\"og:image:height\" content=\"600\" \/>\n<meta name=\"twitter:card\" content=\"summary_large_image\" \/>\n<meta name=\"twitter:label1\" content=\"Yazan:\">\n\t<meta name=\"twitter:data1\" content=\"Jerry\">\n\t<meta name=\"twitter:label2\" content=\"Tahmini okuma s\u00fcresi\">\n\t<meta name=\"twitter:data2\" content=\"2 dakika\">\n<script type=\"application\/ld+json\" class=\"yoast-schema-graph\">{\"@context\":\"https:\/\/schema.org\",\"@graph\":[{\"@type\":\"WebSite\",\"@id\":\"https:\/\/zecovalve.com\/#website\",\"url\":\"https:\/\/zecovalve.com\/\",\"name\":\"ZECO Valve\",\"description\":\"Industrial Ball Valve, Gate Valve and Globe Valve Manufacturer\",\"potentialAction\":[{\"@type\":\"SearchAction\",\"target\":\"https:\/\/zecovalve.com\/?s={search_term_string}\",\"query-input\":\"required name=search_term_string\"}],\"inLanguage\":\"tr\"},{\"@type\":\"ImageObject\",\"@id\":\"https:\/\/zecovalve.com\/product\/4-inch-gate-valve#primaryimage\",\"inLanguage\":\"tr\",\"url\":\"https:\/\/zecovalve.com\/wp-content\/uploads\/2022\/06\/4-inch-Gate-Valve-2.jpg\",\"width\":800,\"height\":600,\"caption\":\"4 inch Gate Valve\"},{\"@type\":\"WebPage\",\"@id\":\"https:\/\/zecovalve.com\/product\/4-inch-gate-valve#webpage\",\"url\":\"https:\/\/zecovalve.com\/product\/4-inch-gate-valve\",\"name\":\"Gate Valve 4 inch - Competitive 4 inch Gate Valve Price | ZECO Valve\",\"isPartOf\":{\"@id\":\"https:\/\/zecovalve.com\/#website\"},\"primaryImageOfPage\":{\"@id\":\"https:\/\/zecovalve.com\/product\/4-inch-gate-valve#primaryimage\"},\"datePublished\":\"2022-06-20T13:13:37+00:00\",\"dateModified\":\"2023-06-15T12:43:17+00:00\",\"breadcrumb\":{\"@id\":\"https:\/\/zecovalve.com\/product\/4-inch-gate-valve#breadcrumb\"},\"inLanguage\":\"tr\",\"potentialAction\":[{\"@type\":\"ReadAction\",\"target\":[\"https:\/\/zecovalve.com\/product\/4-inch-gate-valve\"]}]},{\"@type\":\"BreadcrumbList\",\"@id\":\"https:\/\/zecovalve.com\/product\/4-inch-gate-valve#breadcrumb\",\"itemListElement\":[{\"@type\":\"ListItem\",\"position\":1,\"item\":{\"@type\":\"WebPage\",\"@id\":\"https:\/\/zecovalve.com\/\",\"url\":\"https:\/\/zecovalve.com\/\",\"name\":\"Home\"}},{\"@type\":\"ListItem\",\"position\":2,\"item\":{\"@type\":\"WebPage\",\"@id\":\"https:\/\/zecovalve.com\/product-category\",\"url\":\"https:\/\/zecovalve.com\/product-category\",\"name\":\"Industrial Valve Manufacturer | Water Valve Manufacturer\"}},{\"@type\":\"ListItem\",\"position\":3,\"item\":{\"@type\":\"WebPage\",\"@id\":\"https:\/\/zecovalve.com\/product\/4-inch-gate-valve\",\"url\":\"https:\/\/zecovalve.com\/product\/4-inch-gate-valve\",\"name\":\"4 inch Gate Valve\"}}]}]}<\/script>\n<!-- \/ Yoast SEO Premium plugin. -->","_links":{"self":[{"href":"https:\/\/zecovalve.com\/tr\/wp-json\/wp\/v2\/product\/16285","targetHints":{"allow":["GET"]}}],"collection":[{"href":"https:\/\/zecovalve.com\/tr\/wp-json\/wp\/v2\/product"}],"about":[{"href":"https:\/\/zecovalve.com\/tr\/wp-json\/wp\/v2\/types\/product"}],"replies":[{"embeddable":true,"href":"https:\/\/zecovalve.com\/tr\/wp-json\/wp\/v2\/comments?post=16285"}],"wp:featuredmedia":[{"embeddable":true,"href":"https:\/\/zecovalve.com\/tr\/wp-json\/wp\/v2\/media\/27884"}],"wp:attachment":[{"href":"https:\/\/zecovalve.com\/tr\/wp-json\/wp\/v2\/media?parent=16285"}],"wp:term":[{"taxonomy":"product_cat","embeddable":true,"href":"https:\/\/zecovalve.com\/tr\/wp-json\/wp\/v2\/product_cat?post=16285"},{"taxonomy":"product_tag","embeddable":true,"href":"https:\/\/zecovalve.com\/tr\/wp-json\/wp\/v2\/product_tag?post=16285"}],"curies":[{"name":"wp","href":"https:\/\/api.w.org\/{rel}","templated":true}]}}