{"id":16294,"date":"2022-06-20T13:21:05","date_gmt":"2022-06-20T13:21:05","guid":{"rendered":"https:\/\/zecovalve.com\/?post_type=product&#038;p=16294"},"modified":"2023-06-15T12:42:27","modified_gmt":"2023-06-15T12:42:27","slug":"forged-gate-valve","status":"publish","type":"product","link":"https:\/\/zecovalve.com\/tr\/urun\/forged-gate-valve","title":{"rendered":"D\u00f6vme S\u00fcrg\u00fcl\u00fc Vana"},"content":{"rendered":"<p>ZECO Valve, \u00e7ok \u00e7e\u015fitli K\u00fc\u00e7\u00fck \u00c7apl\u0131 D\u00f6vme \u00c7elik S\u00fcrg\u00fcl\u00fc, K\u00fcresel ve \u00c7ek Valfler \u00fcretmektedir. Portf\u00f6y, T-modelli ve Y-modelli vanalar\u0131n yan\u0131 s\u0131ra Kriyojenik ve K\u00f6r\u00fckl\u00fc s\u0131zd\u0131rmaz vanalardan olu\u015fmaktad\u0131r. D\u00f6vme \u00c7elik Kap\u0131, K\u00fcre ve \u00c7ek Valfler, m\u00fc\u015fteri gereksinimlerini kar\u015f\u0131lamak i\u00e7in \u00e7e\u015fitli malzeme ve u\u00e7 ba\u011flant\u0131larda mevcuttur.<\/p>\r\n\r\n\r\n\r\n<figure class=\"wp-block-image alignnone size-medium wp-image-16295\">\r\n<p><img loading=\"lazy\" decoding=\"async\" class=\"wp-image-27883 size-medium\" src=\"https:\/\/zecovalve.com\/wp-content\/uploads\/2022\/06\/Forged-Gate-Valve-1-300x225.jpg\" alt=\"D\u00f6vme S\u00fcrg\u00fcl\u00fc Vana\" width=\"300\" height=\"225\" srcset=\"https:\/\/zecovalve.com\/wp-content\/uploads\/2022\/06\/Forged-Gate-Valve-1-300x225.jpg 300w, https:\/\/zecovalve.com\/wp-content\/uploads\/2022\/06\/Forged-Gate-Valve-1-768x576.jpg 768w, https:\/\/zecovalve.com\/wp-content\/uploads\/2022\/06\/Forged-Gate-Valve-1-600x450.jpg 600w, https:\/\/zecovalve.com\/wp-content\/uploads\/2022\/06\/Forged-Gate-Valve-1.jpg 800w\" sizes=\"auto, (max-width: 300px) 100vw, 300px\" \/><\/p>\r\n<\/figure>\r\n\r\n\r\n\r\n\r\n<div class=\"gb-button-wrapper gb-button-wrapper-6d8495a3\">\r\n\r\n\r\n<p><a class=\"gb-button gb-button-3d442e11 gb-button-text\" href=\"mailto:commercial@zecovalve.com\" target=\"_blank\" rel=\"noopener noreferrer\"><strong>D\u00d6VME S\u00dcRG\u00dcL\u00dc VANA F\u0130YATI ALIN<\/strong><\/a><\/p>\r\n<\/div>\r\n\r\n\r\n<h2 class=\"wp-block-heading\" id=\"h-what-is-a-forged-gate-valve\">D\u00f6vme S\u00fcrg\u00fcl\u00fc Vana Nedir?<\/h2>\r\n\r\n\r\n\r\n<p>D\u00f6vme \u00e7elik s\u00fcrg\u00fcl\u00fc vana, par\u00e7alar\u0131 d\u00f6vme malzemeden yap\u0131lm\u0131\u015f bir t\u00fcr s\u00fcrg\u00fcl\u00fc vanad\u0131r. D\u00f6vme \u00e7elik s\u00fcrg\u00fcl\u00fc vanan\u0131n kap\u0131s\u0131, ge\u00e7idin merkez hatt\u0131n\u0131n dikey y\u00f6n\u00fc boyunca hareket eder. Esas olarak boru hatt\u0131ndaki kapatma fonksiyonlar\u0131 i\u00e7in kullan\u0131l\u0131r. D\u00f6vme \u00e7elik s\u00fcrg\u00fcl\u00fc vana yayg\u0131n olarak kullan\u0131lan bir vanad\u0131r. Genellikle \u22642\u201d boyutunda kapatma cihaz\u0131 i\u00e7in kullan\u0131l\u0131r.<\/p>\r\n\r\n\r\n\r\n<p>ZECO d\u00f6vme s\u00fcrg\u00fcl\u00fc vana \u00fcreticisidir. D\u00f6vme s\u00fcrg\u00fcl\u00fc vanalar \u00e7e\u015fitli end\u00fcstriyel ko\u015fullara uygundur ve yer alt\u0131 boru hatlar\u0131n\u0131n ve yer alt\u0131 boru hatlar\u0131n\u0131n kurulumunda kullan\u0131labilir. D\u00f6vme vanalar, d\u00f6k\u00fcm vanalara g\u00f6re daha iyi korozyon direncine sahip oldu\u011fundan, korozyondan kaynaklanan s\u0131k s\u0131k de\u011fi\u015ftirme maliyetinin y\u00fcksek olmas\u0131n\u0131 \u00f6nleyebilirler. Ba\u011flant\u0131 moduna g\u00f6re d\u00f6vme s\u00fcrg\u00fcl\u00fc vana d\u00f6rt tipe ayr\u0131labilir: di\u015fli ba\u011flant\u0131, soket kaynak ba\u011flant\u0131s\u0131, al\u0131n kayna\u011f\u0131 ba\u011flant\u0131s\u0131 ve flan\u015f ba\u011flant\u0131s\u0131. Di\u015fli ba\u011flant\u0131 bunlardan biridir ve esas olarak i\u00e7 di\u015fli ba\u011flant\u0131lar veya d\u0131\u015f di\u015fli ba\u011flant\u0131lar ve boru hatt\u0131 di\u015fli ba\u011flant\u0131lar\u0131 i\u00e7in kullan\u0131labilir. Di\u015fli ba\u011flant\u0131 genellikle orta ve al\u00e7ak bas\u0131n\u00e7l\u0131 boru hatlar\u0131 i\u00e7in kullan\u0131l\u0131r; Soket kaynakl\u0131 ba\u011flant\u0131lar, genellikle 2 in\u00e7ten k\u00fc\u00e7\u00fck k\u00fc\u00e7\u00fck \u00e7apl\u0131 d\u00f6vme s\u00fcrg\u00fcl\u00fc vanalarda bulunan y\u00fcksek bas\u0131n\u00e7l\u0131 boru hatlar\u0131 i\u00e7in uygundur; Al\u0131n kayna\u011f\u0131 ayn\u0131 zamanda y\u00fcksek bas\u0131n\u00e7l\u0131 boru hatlar\u0131 i\u00e7in de uygundur, ancak genellikle 2 in\u00e7ten b\u00fcy\u00fck, b\u00fcy\u00fck \u00e7apl\u0131 d\u00f6vme s\u00fcrg\u00fcl\u00fc vanalarda meydana gelir; Flan\u015f ba\u011flant\u0131s\u0131, kullan\u0131c\u0131lar\u0131n se\u00e7ece\u011fi \u00f6zel \u00e7al\u0131\u015fma ko\u015fullar\u0131na g\u00f6re entegre flan\u015f ve kaynak flan\u015f\u0131 iki t\u00fcre ayr\u0131labilir; D\u00f6vme s\u00fcrg\u00fcl\u00fc vana esas olarak kesmek i\u00e7in kullan\u0131l\u0131r, bu nedenle ortam\u0131n \u00e7ift y\u00f6nl\u00fc ak\u0131\u015f\u0131yla boru hatt\u0131na uygulanabilir.<\/p>\r\n\r\n\r\n\r\n<h2 class=\"wp-block-heading\">D\u00f6vme S\u00fcrg\u00fcl\u00fc Vanan\u0131n \u00d6zellikleri<\/h2>\r\n\r\n\r\n\r\n<ul class=\"wp-block-list\">\r\n<li>Temel Tasar\u0131m: API 602, ANSI B16.34<\/li>\r\n<li>U\u00e7tan Uca: DHV Standard\u0131<\/li>\r\n<li>Test ve Muayene: API-598<\/li>\r\n<li>ANSI\/ASME B1.20.1&#039;e g\u00f6re Vidal\u0131 U\u00e7lar (NPT)<\/li>\r\n<li>Soket kayna\u011f\u0131 ASME B16.11&#039;e g\u00f6re biter<\/li>\r\n<li>Al\u0131n kayna\u011f\u0131 ASME B16.25&#039;e g\u00f6re biter<\/li>\r\n<li>U\u00e7 Flan\u015f\u0131: ANSI B16.5<\/li>\r\n<\/ul>\r\n\r\n\r\n\r\n<h2 class=\"wp-block-heading\" id=\"h-features-of-forged-steel-gate-valve\">D\u00f6vme \u00c7elik S\u00fcrg\u00fcl\u00fc Vanan\u0131n \u00d6zellikleri<\/h2>\r\n\r\n\r\n\r\n<ul class=\"wp-block-list\">\r\n<li>ZECO d\u00f6vme s\u00fcrg\u00fcl\u00fc vana, ters s\u0131zd\u0131rmazl\u0131k tasar\u0131m\u0131n\u0131 benimser. Uzun s\u00fcreli kullan\u0131mda, salmastran\u0131n de\u011fi\u015ftirilmesi gerekiyorsa, valf tamamen a\u00e7\u0131k oldu\u011fu s\u00fcrece salmastra, valfte s\u0131z\u0131nt\u0131 olmadan \u00e7evrimi\u00e7i olarak de\u011fi\u015ftirilebilir;<\/li>\r\n<li>ZECO d\u00f6vme s\u00fcrg\u00fcl\u00fc vanan\u0131n T ba\u015fl\u0131 g\u00f6vde tasar\u0131m\u0131, g\u00f6vde ba\u011flant\u0131s\u0131na pozitif bir disk sa\u011flar ve etkili oturma i\u015flemi sa\u011flar;<\/li>\r\n<li>ZECO d\u00f6vme s\u00fcrg\u00fcl\u00fc vanan\u0131n tamamen y\u00f6nlendirilen kat\u0131 takozu, oturma y\u00fczeylerindeki a\u015f\u0131nmay\u0131 azalt\u0131r;<\/li>\r\n<li>ZECO d\u00f6vme s\u00fcrg\u00fcl\u00fc vanan\u0131n saplama ve c\u0131vata d\u00fczeni salmastra bak\u0131m\u0131n\u0131 kolayla\u015ft\u0131r\u0131r.<\/li>\r\n<li>D\u0131\u015f Vida ve Boyunduruk (OS&amp;Y)<\/li>\r\n<li>\u0130ki Par\u00e7al\u0131 kendinden hizalamal\u0131 salmastra bilezi\u011fi<\/li>\r\n<li>Spiral sarg\u0131l\u0131 contal\u0131 c\u0131vatal\u0131 kaput<\/li>\r\n<li>Entegre arka koltuk<\/li>\r\n<\/ul>\r\n\r\n\r\n\r\n<h2 class=\"wp-block-heading\" id=\"h-material-of-forged-gate-valve\">D\u00f6vme S\u00fcrg\u00fcl\u00fc Vana Malzemesi<\/h2>\r\n\r\n\r\n\r\n<figure class=\"wp-block-table\">\r\n<table>\r\n<tbody>\r\n<tr>\r\n<td>Hay\u0131r<\/td>\r\n<td>Par\u00e7a<\/td>\r\n<td>Malzeme<\/td>\r\n<\/tr>\r\n<tr>\r\n<td>1<\/td>\r\n<td>V\u00fccut<\/td>\r\n<td>ASTM A105<\/td>\r\n<\/tr>\r\n<tr>\r\n<td>2<\/td>\r\n<td>Koltuk Halkas\u0131<\/td>\r\n<td>ASTM A276 410<\/td>\r\n<\/tr>\r\n<tr>\r\n<td>3<\/td>\r\n<td>Kama<\/td>\r\n<td>ASTM A276 420<\/td>\r\n<\/tr>\r\n<tr>\r\n<td>4<\/td>\r\n<td>Conta<\/td>\r\n<td>Grafit + SS304<\/td>\r\n<\/tr>\r\n<tr>\r\n<td>5<\/td>\r\n<td>K\u00f6k<\/td>\r\n<td>ASTM A276 420<\/td>\r\n<\/tr>\r\n<tr>\r\n<td>6<\/td>\r\n<td>Bone<\/td>\r\n<td>ASTM A105<\/td>\r\n<\/tr>\r\n<tr>\r\n<td>7<\/td>\r\n<td>Kaput C\u0131vatas\u0131<\/td>\r\n<td>ASTM A193 B7<\/td>\r\n<\/tr>\r\n<tr>\r\n<td>8<\/td>\r\n<td>K\u00f6k Ambalaj<\/td>\r\n<td>G\u00fc\u00e7lendirilmi\u015f Grafit<\/td>\r\n<\/tr>\r\n<tr>\r\n<td>9<\/td>\r\n<td>Bez<\/td>\r\n<td>ASTM A276 410<\/td>\r\n<\/tr>\r\n<tr>\r\n<td>10<\/td>\r\n<td>Bezi Flan\u015f\u0131<\/td>\r\n<td>ASTM A105<\/td>\r\n<\/tr>\r\n<tr>\r\n<td>11<\/td>\r\n<td>El \u00c7ark\u0131<\/td>\r\n<td>ASTM A197<\/td>\r\n<\/tr>\r\n<\/tbody>\r\n<\/table>\r\n<\/figure>","protected":false},"excerpt":{"rendered":"<p>ZECO Valve, \u00e7ok \u00e7e\u015fitli K\u00fc\u00e7\u00fck \u00c7apl\u0131 D\u00f6vme \u00c7elik S\u00fcrg\u00fcl\u00fc, K\u00fcresel ve \u00c7ek Valfler \u00fcretmektedir. Portf\u00f6y, T-tipli vanalardan olu\u015fmaktad\u0131r\u2026 <a title=\"D\u00f6vme S\u00fcrg\u00fcl\u00fc Vana\" class=\"read-more\" href=\"https:\/\/zecovalve.com\/tr\/urun\/forged-gate-valve\" aria-label=\"D\u00f6vme S\u00fcrg\u00fcl\u00fc Vana hakk\u0131nda daha fazlas\u0131\">Daha fazla bilgi edinin<\/a><\/p>","protected":false},"featured_media":27883,"comment_status":"closed","ping_status":"closed","template":"","meta":{"_generate-full-width-content":"","kt_blocks_editor_width":""},"product_cat":[2464,2052],"product_tag":[2798],"class_list":["post-16294","product","type-product","status-publish","has-post-thumbnail","hentry","product_cat-forged-steel-gate-valve","product_cat-gate-valve","product_tag-osy-valve","sales-flash-overlay","woocommerce-text-align-center","woocommerce-image-align-center","do-quantity-buttons"],"featured_image_src_large":["https:\/\/zecovalve.com\/wp-content\/uploads\/2022\/06\/Forged-Gate-Valve-1.jpg",800,600,false],"author_info":[],"comment_info":0,"taxonomy_info":{"product_cat":[{"value":2464,"label":"Forged Steel Gate Valve"},{"value":2052,"label":"Gate Valve"}],"product_tag":[{"value":2798,"label":"OS&amp;Y Valve"}]},"yoast_head":"<!-- This site is optimized with the Yoast SEO Premium plugin v15.4 - https:\/\/yoast.com\/wordpress\/plugins\/seo\/ -->\n<title>Forged Gate Valve - Forged Steel Gate Valve Manufacturers | ZECO Valve<\/title>\n<meta name=\"robots\" content=\"index, follow, max-snippet:-1, max-image-preview:large, max-video-preview:-1\" \/>\n<link rel=\"canonical\" href=\"https:\/\/zecovalve.com\/tr\/urun\/forged-gate-valve\" \/>\n<meta property=\"og:locale\" content=\"tr_TR\" \/>\n<meta property=\"og:type\" content=\"article\" \/>\n<meta property=\"og:title\" content=\"Forged Gate Valve - Forged Steel Gate Valve Manufacturers | ZECO Valve\" \/>\n<meta property=\"og:description\" content=\"ZECO Valve manufactures a versatile range of Small Bore Forged Steel Gate, Globe, and Check Valves. The portfolio comprises valves in T-pattern ... Read more\" \/>\n<meta property=\"og:url\" content=\"https:\/\/zecovalve.com\/tr\/urun\/forged-gate-valve\" \/>\n<meta property=\"og:site_name\" content=\"ZECO Valve\" \/>\n<meta property=\"article:modified_time\" content=\"2023-06-15T12:42:27+00:00\" \/>\n<meta property=\"og:image\" content=\"https:\/\/zecovalve.com\/wp-content\/uploads\/2022\/06\/Forged-Gate-Valve-1.jpg\" \/>\n\t<meta property=\"og:image:width\" content=\"800\" \/>\n\t<meta property=\"og:image:height\" content=\"600\" \/>\n<meta name=\"twitter:card\" content=\"summary_large_image\" \/>\n<meta name=\"twitter:label1\" content=\"Yazan:\">\n\t<meta name=\"twitter:data1\" content=\"Jerry\">\n\t<meta name=\"twitter:label2\" content=\"Tahmini okuma s\u00fcresi\">\n\t<meta name=\"twitter:data2\" content=\"2 dakika\">\n<script type=\"application\/ld+json\" class=\"yoast-schema-graph\">{\"@context\":\"https:\/\/schema.org\",\"@graph\":[{\"@type\":\"WebSite\",\"@id\":\"https:\/\/zecovalve.com\/#website\",\"url\":\"https:\/\/zecovalve.com\/\",\"name\":\"ZECO Valve\",\"description\":\"Industrial Ball Valve, Gate Valve and Globe Valve Manufacturer\",\"potentialAction\":[{\"@type\":\"SearchAction\",\"target\":\"https:\/\/zecovalve.com\/?s={search_term_string}\",\"query-input\":\"required name=search_term_string\"}],\"inLanguage\":\"tr\"},{\"@type\":\"ImageObject\",\"@id\":\"https:\/\/zecovalve.com\/product\/forged-gate-valve#primaryimage\",\"inLanguage\":\"tr\",\"url\":\"https:\/\/zecovalve.com\/wp-content\/uploads\/2022\/06\/Forged-Gate-Valve-1.jpg\",\"width\":800,\"height\":600,\"caption\":\"Forged Gate Valve\"},{\"@type\":\"WebPage\",\"@id\":\"https:\/\/zecovalve.com\/product\/forged-gate-valve#webpage\",\"url\":\"https:\/\/zecovalve.com\/product\/forged-gate-valve\",\"name\":\"Forged Gate Valve - Forged Steel Gate Valve Manufacturers | ZECO Valve\",\"isPartOf\":{\"@id\":\"https:\/\/zecovalve.com\/#website\"},\"primaryImageOfPage\":{\"@id\":\"https:\/\/zecovalve.com\/product\/forged-gate-valve#primaryimage\"},\"datePublished\":\"2022-06-20T13:21:05+00:00\",\"dateModified\":\"2023-06-15T12:42:27+00:00\",\"breadcrumb\":{\"@id\":\"https:\/\/zecovalve.com\/product\/forged-gate-valve#breadcrumb\"},\"inLanguage\":\"tr\",\"potentialAction\":[{\"@type\":\"ReadAction\",\"target\":[\"https:\/\/zecovalve.com\/product\/forged-gate-valve\"]}]},{\"@type\":\"BreadcrumbList\",\"@id\":\"https:\/\/zecovalve.com\/product\/forged-gate-valve#breadcrumb\",\"itemListElement\":[{\"@type\":\"ListItem\",\"position\":1,\"item\":{\"@type\":\"WebPage\",\"@id\":\"https:\/\/zecovalve.com\/\",\"url\":\"https:\/\/zecovalve.com\/\",\"name\":\"Home\"}},{\"@type\":\"ListItem\",\"position\":2,\"item\":{\"@type\":\"WebPage\",\"@id\":\"https:\/\/zecovalve.com\/product-category\",\"url\":\"https:\/\/zecovalve.com\/product-category\",\"name\":\"Industrial Valve Manufacturer | Water Valve Manufacturer\"}},{\"@type\":\"ListItem\",\"position\":3,\"item\":{\"@type\":\"WebPage\",\"@id\":\"https:\/\/zecovalve.com\/product\/forged-gate-valve\",\"url\":\"https:\/\/zecovalve.com\/product\/forged-gate-valve\",\"name\":\"Forged Gate Valve\"}}]}]}<\/script>\n<!-- \/ Yoast SEO Premium plugin. -->","_links":{"self":[{"href":"https:\/\/zecovalve.com\/tr\/wp-json\/wp\/v2\/product\/16294","targetHints":{"allow":["GET"]}}],"collection":[{"href":"https:\/\/zecovalve.com\/tr\/wp-json\/wp\/v2\/product"}],"about":[{"href":"https:\/\/zecovalve.com\/tr\/wp-json\/wp\/v2\/types\/product"}],"replies":[{"embeddable":true,"href":"https:\/\/zecovalve.com\/tr\/wp-json\/wp\/v2\/comments?post=16294"}],"wp:featuredmedia":[{"embeddable":true,"href":"https:\/\/zecovalve.com\/tr\/wp-json\/wp\/v2\/media\/27883"}],"wp:attachment":[{"href":"https:\/\/zecovalve.com\/tr\/wp-json\/wp\/v2\/media?parent=16294"}],"wp:term":[{"taxonomy":"product_cat","embeddable":true,"href":"https:\/\/zecovalve.com\/tr\/wp-json\/wp\/v2\/product_cat?post=16294"},{"taxonomy":"product_tag","embeddable":true,"href":"https:\/\/zecovalve.com\/tr\/wp-json\/wp\/v2\/product_tag?post=16294"}],"curies":[{"name":"wp","href":"https:\/\/api.w.org\/{rel}","templated":true}]}}