{"id":16301,"date":"2022-06-20T13:29:11","date_gmt":"2022-06-20T13:29:11","guid":{"rendered":"https:\/\/zecovalve.com\/?post_type=product&#038;p=16301"},"modified":"2022-06-28T03:25:38","modified_gmt":"2022-06-28T03:25:38","slug":"pneumatic-butterfly-valve","status":"publish","type":"product","link":"https:\/\/zecovalve.com\/tr\/urun\/pneumatic-butterfly-valve","title":{"rendered":"Pn\u00f6matik Kelebek Vana"},"content":{"rendered":"<h1 class=\"sep-title\">Pn\u00f6matik Kelebek Vana<\/h1>\n<div class=\"sep-box-detail clearfix\">\n<div class=\"box-lf\">\n<div class=\"thumb\">\n<figure id=\"attachment_16302\" aria-describedby=\"caption-attachment-16302\" style=\"width: 290px\" class=\"wp-caption alignnone\"><img loading=\"lazy\" decoding=\"async\" class=\"size-medium wp-image-16302\" src=\"https:\/\/zecovalve.com\/wp-content\/uploads\/2022\/06\/pneumatic-butterfly-valve-300x225.jpg\" alt=\"Pn\u00f6matik Kelebek Vana\" width=\"300\" height=\"225\" srcset=\"https:\/\/zecovalve.com\/wp-content\/uploads\/2022\/06\/pneumatic-butterfly-valve-300x225.jpg 300w, https:\/\/zecovalve.com\/wp-content\/uploads\/2022\/06\/pneumatic-butterfly-valve-768x576.jpg 768w, https:\/\/zecovalve.com\/wp-content\/uploads\/2022\/06\/pneumatic-butterfly-valve-600x450.jpg 600w, https:\/\/zecovalve.com\/wp-content\/uploads\/2022\/06\/pneumatic-butterfly-valve.jpg 800w\" sizes=\"auto, (max-width: 300px) 100vw, 300px\" \/><figcaption id=\"caption-attachment-16302\" class=\"wp-caption-text\">Pn\u00f6matik Kelebek Vana<\/figcaption><\/figure>\n<\/div>\n<div class=\"info\"><a href=\"https:\/\/zecovalve.com\/tr\/products\/pneumatic-butterfly-valve.html\/#form\"><i class=\"fa fa-commenting-o\" aria-hidden=\"true\"><\/i>\u00a0VANA FI\u0307YATI ALIN<\/a><\/div>\n<\/div>\n<div class=\"box-rt\">\n<div class=\"gg\">\n<div class=\"swiper-container swiper-container-initialized swiper-container-vertical\">\n<div class=\"swiper-wrapper\"><\/div>\n<\/div>\n<\/div>\n<\/div>\n<\/div>\n<div class=\"richtext\">\n<h2>Pn\u00f6matik Kelebek Vana A\u00e7\u0131klamas\u0131:<\/h2>\n<p>ZECO pn\u00f6matik kelebek vana, esas olarak boru hatt\u0131nda bir kesme i\u015flevi olarak, kesme veya a\u00e7\u0131k orta ak\u0131\u015f etkisini elde etmek i\u00e7in valf g\u00f6vdesi d\u00f6nen kelebek diski a\u00e7ma ve kapama eylemini s\u00fcrmek i\u00e7in pn\u00f6matik cihazlar kullanmakt\u0131r. \u015eu anda d\u00fc\u015f\u00fck bas\u0131n\u00e7l\u0131 b\u00fcy\u00fck \u00e7apl\u0131 veya orta \u00e7apl\u0131 kelebek vana, daha \u00e7ok kullan\u0131lan bir boru hatt\u0131d\u0131r. Pn\u00f6matik kelebek vana temel olarak y\u00fcksek irtifada borulan\u0131r, solenoid valf kontrol\u00fc arac\u0131l\u0131\u011f\u0131yla vanan\u0131n a\u00e7\u0131l\u0131p kapanmas\u0131, ayn\u0131 zamanda ortam ak\u0131\u015f\u0131n\u0131 d\u00fczenleme etkisine sahiptir, kelebek vana s\u0131v\u0131 direnci k\u00fc\u00e7\u00fck, b\u00fcy\u00fck \u00e7apl\u0131 ve pn\u00f6matik kelebek vanan\u0131n \u00e7ap\u0131 a\u00e7\u0131l\u0131r t\u00fcm etkili sirk\u00fclasyon alan\u0131 b\u00fcy\u00fckt\u00fcr, \u00e7\u00fcnk\u00fc pn\u00f6matik cihaz\u0131n a\u00e7\u0131l\u0131p kapanma nedenleri \u00e7ok h\u0131zl\u0131d\u0131r ve tasarruf sa\u011flar. Valf g\u00f6vdesinin her iki taraf\u0131ndaki disk plakas\u0131 ortamdan neredeyse e\u015fit kuvvet ald\u0131\u011f\u0131ndan, ancak z\u0131t y\u00f6nlerde tork \u00fcretti\u011finden, a\u00e7ma ve kapama torku k\u00fc\u00e7\u00fckt\u00fcr ve a\u00e7\u0131lmas\u0131 kolayd\u0131r. D\u00fc\u015f\u00fck bas\u0131n\u00e7 alt\u0131nda, kelebek vana da iyi bir s\u0131zd\u0131rmazl\u0131k sa\u011flayabilir. Kelebek vanan\u0131n s\u0131zd\u0131rmazl\u0131k malzemeleri NBR, VITON, Teflon astar vb. ve metal s\u0131zd\u0131rmazl\u0131k malzemeleri metal ve esnek lamine metal levhalard\u0131r. Bu t\u00fcr malzemeler ayr\u0131ca d\u00fc\u015f\u00fck s\u0131cakl\u0131kta m\u00fckemmel bir s\u0131zd\u0131rmazl\u0131k performans\u0131na sahiptir.<\/p>\n<h2>Pn\u00f6matik Kelebek Vana \u00d6zellikleri:<\/h2>\n<p>1. ZECO pn\u00f6matik kelebek vanan\u0131n yata\u011f\u0131 uzat\u0131lm\u0131\u015ft\u0131r. Uzat\u0131lm\u0131\u015f yatak, mil s\u00fcrt\u00fcnmesini azaltabilir ve daha d\u00fc\u015f\u00fck torku koruyabilir;<\/p>\n<p>2. ZECO pn\u00f6matik kelebek vanan\u0131n g\u00f6vdesi patlamaya kar\u015f\u0131 tasarlanm\u0131\u015ft\u0131r. Bu tasar\u0131m, bak\u0131m gerekti\u011finde bak\u0131mc\u0131lar\u0131 korur;<\/p>\n<p>3. ZECO pn\u00f6matik kelebek vanan\u0131n contas\u0131 lamine bir conta kullan\u0131r. Bu lamine conta, vanan\u0131n tam kapal\u0131 durumda s\u0131f\u0131r s\u0131z\u0131nt\u0131 tutmas\u0131na yard\u0131mc\u0131 olabilir;<\/p>\n<p>4. ZECO pn\u00f6matik kelebek vanan\u0131n yata\u011f\u0131, ta\u015flanm\u0131\u015f bir yatak se\u00e7ebilir. Metal y\u00fczl\u00fc entegre yuva, vanan\u0131n bak\u0131m\u0131 azaltmas\u0131na ve uzun vana \u00f6mr\u00fcn\u00fc uzatmas\u0131na yard\u0131mc\u0131 olabilir.<\/p>\n<h2>Pn\u00f6matik Kelebek Vana Malzemesi:<\/h2>\n<table>\n<tbody>\n<tr class=\"firstRow\">\n<td valign=\"center\">Hay\u0131r<\/td>\n<td valign=\"center\">Par\u00e7a<\/td>\n<td valign=\"center\">Malzeme<\/td>\n<\/tr>\n<tr>\n<td valign=\"center\">1<\/td>\n<td valign=\"center\">V\u00fccut<\/td>\n<td valign=\"center\">ASTM A351 CF8<\/td>\n<\/tr>\n<tr>\n<td valign=\"center\">2<\/td>\n<td valign=\"center\">Conta Halkas\u0131<\/td>\n<td valign=\"center\">Grafit + SS304<\/td>\n<\/tr>\n<tr>\n<td valign=\"center\">3<\/td>\n<td valign=\"center\">Tutucu Flan\u015f<\/td>\n<td valign=\"center\">ASTM A182 F304<\/td>\n<\/tr>\n<tr>\n<td valign=\"center\">4<\/td>\n<td valign=\"center\">Pim<\/td>\n<td valign=\"center\">ASTM A276 304<\/td>\n<\/tr>\n<tr>\n<td valign=\"center\">5<\/td>\n<td valign=\"center\">Disk<\/td>\n<td valign=\"center\">ASTM A351 CF8<\/td>\n<\/tr>\n<tr>\n<td valign=\"center\">6<\/td>\n<td valign=\"center\">K\u00f6k<\/td>\n<td valign=\"center\">ASTM A276 304<\/td>\n<\/tr>\n<tr>\n<td valign=\"center\">7<\/td>\n<td valign=\"center\">K\u00f6k Ambalaj<\/td>\n<td valign=\"center\">Grafit<\/td>\n<\/tr>\n<tr>\n<td valign=\"center\">8<\/td>\n<td valign=\"center\">K\u00f6k Daya\u011f\u0131<\/td>\n<td valign=\"center\">SS304 + PTFE<\/td>\n<\/tr>\n<tr>\n<td valign=\"center\">9<\/td>\n<td valign=\"center\">C\u0131vata<\/td>\n<td valign=\"center\">ASTM A193 B8<\/td>\n<\/tr>\n<tr>\n<td valign=\"center\">10<\/td>\n<td valign=\"center\">F\u0131nd\u0131k<\/td>\n<td valign=\"center\">ASTM A194 8<\/td>\n<\/tr>\n<tr>\n<td valign=\"center\">11<\/td>\n<td valign=\"center\">Boyunduruk<\/td>\n<td valign=\"center\">ASTM A216 WCB<\/td>\n<\/tr>\n<\/tbody>\n<\/table>\n<\/div>","protected":false},"excerpt":{"rendered":"<p>Pn\u00f6matik Kelebek Vana VANA F\u0130YATI ALIN Pn\u00f6matik Kelebek Vanan\u0131n A\u00e7\u0131klamas\u0131: ZECO pn\u00f6matik kelebek vana esas olarak boru hatt\u0131nda bir kesme olarak\u2026 <a title=\"Pn\u00f6matik Kelebek Vana\" class=\"read-more\" href=\"https:\/\/zecovalve.com\/tr\/urun\/pneumatic-butterfly-valve\" aria-label=\"Pn\u00f6matik Kelebek Vana hakk\u0131nda daha fazla bilgi\">Daha fazla bilgi edinin<\/a><\/p>","protected":false},"featured_media":16302,"comment_status":"closed","ping_status":"closed","template":"","meta":{"_generate-full-width-content":"","kt_blocks_editor_width":""},"product_cat":[2044,2468,2604],"product_tag":[],"class_list":["post-16301","product","type-product","status-publish","has-post-thumbnail","hentry","product_cat-butterfly-valve","product_cat-butterfly-valve-by-drive-mode","product_cat-triple-offset-butterfly-valve","sales-flash-overlay","woocommerce-text-align-center","woocommerce-image-align-center","do-quantity-buttons"],"featured_image_src_large":["https:\/\/zecovalve.com\/wp-content\/uploads\/2022\/06\/pneumatic-butterfly-valve.jpg",800,600,false],"author_info":[],"comment_info":0,"taxonomy_info":{"product_cat":[{"value":2044,"label":"Butterfly Valve"},{"value":2468,"label":"Butterfly Valve By Drive Mode"},{"value":2604,"label":"Triple Offset Butterfly Valve"}]},"yoast_head":"<!-- This site is optimized with the Yoast SEO Premium plugin v15.4 - https:\/\/yoast.com\/wordpress\/plugins\/seo\/ -->\n<title>Pneumatic Butterfly Valve - ZECO Valve<\/title>\n<meta name=\"robots\" content=\"index, follow, max-snippet:-1, max-image-preview:large, max-video-preview:-1\" \/>\n<link rel=\"canonical\" href=\"https:\/\/zecovalve.com\/tr\/urun\/pneumatic-butterfly-valve\" \/>\n<meta property=\"og:locale\" content=\"tr_TR\" \/>\n<meta property=\"og:type\" content=\"article\" \/>\n<meta property=\"og:title\" content=\"Pneumatic Butterfly Valve - ZECO Valve\" \/>\n<meta property=\"og:description\" content=\"Pneumatic Butterfly Valve \u00a0GET VALVE PRICE Description of Pneumatic Butterfly Valve: ZECO pneumatic butterfly valve mainly in the pipeline as a truncation ... Read more\" \/>\n<meta property=\"og:url\" content=\"https:\/\/zecovalve.com\/tr\/urun\/pneumatic-butterfly-valve\" \/>\n<meta property=\"og:site_name\" content=\"ZECO Valve\" \/>\n<meta property=\"article:modified_time\" content=\"2022-06-28T03:25:38+00:00\" \/>\n<meta property=\"og:image\" content=\"https:\/\/zecovalve.com\/wp-content\/uploads\/2022\/06\/pneumatic-butterfly-valve.jpg\" \/>\n\t<meta property=\"og:image:width\" content=\"800\" \/>\n\t<meta property=\"og:image:height\" content=\"600\" \/>\n<meta name=\"twitter:card\" content=\"summary_large_image\" \/>\n<meta name=\"twitter:label1\" content=\"Yazan:\">\n\t<meta name=\"twitter:data1\" content=\"Jerry\">\n\t<meta name=\"twitter:label2\" content=\"Tahmini okuma s\u00fcresi\">\n\t<meta name=\"twitter:data2\" content=\"1 dakika\">\n<script type=\"application\/ld+json\" class=\"yoast-schema-graph\">{\"@context\":\"https:\/\/schema.org\",\"@graph\":[{\"@type\":\"WebSite\",\"@id\":\"https:\/\/zecovalve.com\/#website\",\"url\":\"https:\/\/zecovalve.com\/\",\"name\":\"ZECO Valve\",\"description\":\"Industrial Ball Valve, Gate Valve and Globe Valve Manufacturer\",\"potentialAction\":[{\"@type\":\"SearchAction\",\"target\":\"https:\/\/zecovalve.com\/?s={search_term_string}\",\"query-input\":\"required name=search_term_string\"}],\"inLanguage\":\"tr\"},{\"@type\":\"ImageObject\",\"@id\":\"https:\/\/zecovalve.com\/product\/pneumatic-butterfly-valve#primaryimage\",\"inLanguage\":\"tr\",\"url\":\"https:\/\/zecovalve.com\/wp-content\/uploads\/2022\/06\/pneumatic-butterfly-valve.jpg\",\"width\":800,\"height\":600,\"caption\":\"Pneumatic Butterfly Valve\"},{\"@type\":\"WebPage\",\"@id\":\"https:\/\/zecovalve.com\/product\/pneumatic-butterfly-valve#webpage\",\"url\":\"https:\/\/zecovalve.com\/product\/pneumatic-butterfly-valve\",\"name\":\"Pneumatic Butterfly Valve - ZECO Valve\",\"isPartOf\":{\"@id\":\"https:\/\/zecovalve.com\/#website\"},\"primaryImageOfPage\":{\"@id\":\"https:\/\/zecovalve.com\/product\/pneumatic-butterfly-valve#primaryimage\"},\"datePublished\":\"2022-06-20T13:29:11+00:00\",\"dateModified\":\"2022-06-28T03:25:38+00:00\",\"breadcrumb\":{\"@id\":\"https:\/\/zecovalve.com\/product\/pneumatic-butterfly-valve#breadcrumb\"},\"inLanguage\":\"tr\",\"potentialAction\":[{\"@type\":\"ReadAction\",\"target\":[\"https:\/\/zecovalve.com\/product\/pneumatic-butterfly-valve\"]}]},{\"@type\":\"BreadcrumbList\",\"@id\":\"https:\/\/zecovalve.com\/product\/pneumatic-butterfly-valve#breadcrumb\",\"itemListElement\":[{\"@type\":\"ListItem\",\"position\":1,\"item\":{\"@type\":\"WebPage\",\"@id\":\"https:\/\/zecovalve.com\/\",\"url\":\"https:\/\/zecovalve.com\/\",\"name\":\"Home\"}},{\"@type\":\"ListItem\",\"position\":2,\"item\":{\"@type\":\"WebPage\",\"@id\":\"https:\/\/zecovalve.com\/product-category\",\"url\":\"https:\/\/zecovalve.com\/product-category\",\"name\":\"Industrial Valve Manufacturer | Water Valve Manufacturer\"}},{\"@type\":\"ListItem\",\"position\":3,\"item\":{\"@type\":\"WebPage\",\"@id\":\"https:\/\/zecovalve.com\/product\/pneumatic-butterfly-valve\",\"url\":\"https:\/\/zecovalve.com\/product\/pneumatic-butterfly-valve\",\"name\":\"Pneumatic Butterfly Valve\"}}]}]}<\/script>\n<!-- \/ Yoast SEO Premium plugin. -->","_links":{"self":[{"href":"https:\/\/zecovalve.com\/tr\/wp-json\/wp\/v2\/product\/16301","targetHints":{"allow":["GET"]}}],"collection":[{"href":"https:\/\/zecovalve.com\/tr\/wp-json\/wp\/v2\/product"}],"about":[{"href":"https:\/\/zecovalve.com\/tr\/wp-json\/wp\/v2\/types\/product"}],"replies":[{"embeddable":true,"href":"https:\/\/zecovalve.com\/tr\/wp-json\/wp\/v2\/comments?post=16301"}],"wp:featuredmedia":[{"embeddable":true,"href":"https:\/\/zecovalve.com\/tr\/wp-json\/wp\/v2\/media\/16302"}],"wp:attachment":[{"href":"https:\/\/zecovalve.com\/tr\/wp-json\/wp\/v2\/media?parent=16301"}],"wp:term":[{"taxonomy":"product_cat","embeddable":true,"href":"https:\/\/zecovalve.com\/tr\/wp-json\/wp\/v2\/product_cat?post=16301"},{"taxonomy":"product_tag","embeddable":true,"href":"https:\/\/zecovalve.com\/tr\/wp-json\/wp\/v2\/product_tag?post=16301"}],"curies":[{"name":"wp","href":"https:\/\/api.w.org\/{rel}","templated":true}]}}