{"id":16303,"date":"2022-06-20T13:31:28","date_gmt":"2022-06-20T13:31:28","guid":{"rendered":"https:\/\/zecovalve.com\/?post_type=product&#038;p=16303"},"modified":"2023-06-07T07:04:57","modified_gmt":"2023-06-07T07:04:57","slug":"three-piece-ball-valve","status":"publish","type":"product","link":"https:\/\/zecovalve.com\/tr\/urun\/three-piece-ball-valve","title":{"rendered":"\u00dc\u00e7 Par\u00e7al\u0131 K\u00fcresel Vana"},"content":{"rendered":"<p>K\u00fcresel vana \u015fu anda en yayg\u0131n kullan\u0131lan vanad\u0131r ve farkl\u0131 end\u00fcstrilere uygun olacak \u015fekilde farkl\u0131 tiplerde yap\u0131labilir. \u00d6rne\u011fin paslanmaz \u00e7elik, plastik, pirin\u00e7 vb. malzemelerden yap\u0131labilir.<\/p>\r\n\r\n\r\n\r\n<div class=\"wp-block-columns is-layout-flex wp-container-core-columns-is-layout-9d6595d7 wp-block-columns-is-layout-flex\">\r\n<div class=\"wp-block-column is-layout-flow wp-block-column-is-layout-flow\"><div class=\"wp-block-image\">\r\n<figure class=\"aligncenter size-large\"><img decoding=\"async\" src=\"https:\/\/zecovalve.com\/wp-content\/uploads\/2022\/06\/three-piece-ball-valve-1-300x225.jpg\" alt=\"\" \/><\/figure>\r\n<\/div><\/div>\r\n\r\n\r\n\r\n<div class=\"wp-block-column is-layout-flow wp-block-column-is-layout-flow\"><div class=\"wp-block-image\">\r\n<figure class=\"aligncenter size-large\"><img decoding=\"async\" src=\"https:\/\/zecovalve.com\/wp-content\/uploads\/2022\/06\/three-piece-ball-valve-2-300x225.jpg\" alt=\"\" \/><\/figure>\r\n<\/div><\/div>\r\n\r\n\r\n\r\n<div class=\"wp-block-column is-layout-flow wp-block-column-is-layout-flow\"><div class=\"wp-block-image\">\r\n<figure class=\"aligncenter size-large\"><img decoding=\"async\" src=\"https:\/\/zecovalve.com\/wp-content\/uploads\/2022\/06\/three-piece-ball-valve-3-300x225.jpg\" alt=\"\" \/><\/figure>\r\n<\/div><\/div>\r\n<\/div>\r\n\r\n\r\n\r\n<div class=\"wp-block-columns is-layout-flex wp-container-core-columns-is-layout-9d6595d7 wp-block-columns-is-layout-flex\">\r\n<div class=\"wp-block-column is-layout-flow wp-block-column-is-layout-flow\">\r\n<figure class=\"wp-block-image size-large\"><img decoding=\"async\" src=\"https:\/\/zecovalve.com\/wp-content\/uploads\/2022\/06\/three-piece-ball-valve-4-300x225.jpg\" alt=\"\" \/><\/figure>\r\n<\/div>\r\n\r\n\r\n\r\n<div class=\"wp-block-column is-layout-flow wp-block-column-is-layout-flow\">\r\n<figure class=\"wp-block-image size-large\"><img decoding=\"async\" src=\"https:\/\/zecovalve.com\/wp-content\/uploads\/2022\/06\/three-piece-ball-valve-5-300x225.jpg\" alt=\"\" \/><\/figure>\r\n<\/div>\r\n\r\n\r\n\r\n<div class=\"wp-block-column is-layout-flow wp-block-column-is-layout-flow\">\r\n<figure class=\"wp-block-image size-large\"><img decoding=\"async\" src=\"https:\/\/zecovalve.com\/wp-content\/uploads\/2022\/06\/three-piece-ball-valve-6-300x225.jpg\" alt=\"\" \/><\/figure>\r\n<\/div>\r\n\r\n\r\n\r\n<div class=\"wp-block-column is-layout-flow wp-block-column-is-layout-flow\">\r\n<figure class=\"wp-block-image size-large\"><img decoding=\"async\" src=\"https:\/\/zecovalve.com\/wp-content\/uploads\/2022\/06\/three-piece-ball-valve-7-300x225.jpg\" alt=\"\" \/><\/figure>\r\n<\/div>\r\n<\/div>\r\n\r\n\r\n<div class=\"gb-button-wrapper gb-button-wrapper-6d8495a3\">\r\n\r\n\r\n<p><a class=\"gb-button gb-button-3d442e11 gb-button-text\" href=\"https:\/\/zecovalve.com\/tr\/contact\/\" target=\"_blank\" rel=\"noopener noreferrer\"><strong>\u00dc\u00c7 PAR\u00c7ALI K\u00dcRESEL VANA F\u0130YAT ALIN<\/strong><\/a><\/p>\r\n<\/div>\r\n\r\n\r\n\r\n\r\n<h2 class=\"wp-block-heading\" id=\"h-what-is-a-three-piece-ball-valve\">\u00dc\u00e7 Par\u00e7al\u0131 K\u00fcresel Vana Nedir?<\/h2>\r\n\r\n\r\n\r\n<p>Yine ad\u0131ndan da anla\u015f\u0131laca\u011f\u0131 gibi \u00fc\u00e7 par\u00e7al\u0131 k\u00fcresel vanalar iki u\u00e7 kapak ve bir g\u00f6vde olmak \u00fczere \u00fc\u00e7 par\u00e7adan olu\u015fur. U\u00e7 kapaklar\u0131 tipik olarak boruya vidalan\u0131r veya kaynaklan\u0131r ve ana g\u00f6vde b\u00f6l\u00fcm\u00fc, u\u00e7 kapaklar\u0131 \u00e7\u0131kar\u0131lmadan temizlik veya onar\u0131m i\u00e7in kolayca \u00e7\u0131kar\u0131labilir. Bu \u00e7ok de\u011ferli bir se\u00e7enek olabilir \u00e7\u00fcnk\u00fc bak\u0131m gerekti\u011finde hatt\u0131n kapanmas\u0131n\u0131 \u00f6nler.<\/p>\r\n\r\n\r\n\r\n<h2 class=\"wp-block-heading\" id=\"h-features-of-three-piece-ball-valves\">\u00dc\u00e7 Par\u00e7al\u0131 K\u00fcresel Vanalar\u0131n \u00d6zellikleri<\/h2>\r\n\r\n\r\n\r\n<p>\u00dc\u00e7 par\u00e7al\u0131 k\u00fcresel vana, \u00e7ok \u00e7e\u015fitli hizmetler i\u00e7in ideal, y\u00fcksek performansl\u0131 bir k\u00fcresel vanad\u0131r. Basit, hat i\u00e7i bak\u0131m ve uzun, g\u00fcvenilir hizmet \u00f6mr\u00fc i\u00e7in tasarlanan bu esnek oturmal\u0131 k\u00fcresel vana, ekonomik bir maliyetle \u00fcst\u00fcn performans sa\u011flayan geli\u015fmi\u015f teknik \u00f6zellikler sunar.<\/p>\r\n\r\n\r\n\r\n<p>\u00dc\u00e7 par\u00e7al\u0131 k\u00fcresel vanan\u0131n avantaj\u0131 s\u00f6k\u00fclmesinin kolay olmas\u0131d\u0131r. B\u00f6ylece t\u00fcm boru hatt\u0131n\u0131 etkilemeden merkezi g\u00f6vdenin bak\u0131m\u0131 ve temizli\u011fi yap\u0131labilir. \u00d6rne\u011fin, vana g\u00f6vdesi t\u0131kand\u0131\u011f\u0131nda, k\u00fcresel vanan\u0131n c\u0131vatalar\u0131n\u0131 \u00e7\u00f6zmemiz, akt\u00fcat\u00f6r\u00fc ve merkez g\u00f6vdeyi \u00e7\u0131karmam\u0131z ve ard\u0131ndan temizlememiz ve bak\u0131m\u0131n\u0131 yapmam\u0131z yeterlidir. Temizledikten sonra orta g\u00f6vdeyi ve u\u00e7 kapa\u011f\u0131n\u0131 c\u0131vatalarla bir araya getirebiliriz. Vanan\u0131n tamam\u0131n\u0131 boru hatt\u0131ndan s\u00f6kmemize gerek kalm\u0131yor, bu da bak\u0131m maliyetlerimizi b\u00fcy\u00fck \u00f6l\u00e7\u00fcde azalt\u0131yor. \u0130kinci olarak, \u00fc\u00e7 par\u00e7al\u0131 k\u00fcresel vanalar\u0131n \u00e7o\u011fu, daha fazla ak\u0131\u015f\u0131n ta\u015f\u0131nmas\u0131na olanak tan\u0131yan tam ge\u00e7i\u015fli tasar\u0131mlard\u0131r.<\/p>\r\n\r\n\r\n\r\n<h2 class=\"wp-block-heading\" id=\"h-material-of-three-piece-ball-valves\">\u00dc\u00e7 Par\u00e7al\u0131 K\u00fcresel Vanan\u0131n Malzemesi<\/h2>\r\n\r\n\r\n\r\n<figure class=\"wp-block-table\">\r\n<table>\r\n<tbody>\r\n<tr>\r\n<td>Hay\u0131r<\/td>\r\n<td>Par\u00e7a<\/td>\r\n<td>Malzeme<\/td>\r\n<\/tr>\r\n<tr>\r\n<td>1<\/td>\r\n<td>V\u00fccut<\/td>\r\n<td>D\u00f6vme \u00c7elik, Paslanmaz \u00c7elik<\/td>\r\n<\/tr>\r\n<tr>\r\n<td>2<\/td>\r\n<td>Bone<\/td>\r\n<td>D\u00f6vme \u00c7elik, Paslanmaz \u00c7elik<\/td>\r\n<\/tr>\r\n<tr>\r\n<td>3<\/td>\r\n<td>Kaput C\u0131vatas\u0131<\/td>\r\n<td>ASTM A193 B7 \/ B8 \/B8M<\/td>\r\n<\/tr>\r\n<tr>\r\n<td>4<\/td>\r\n<td>Kaput Somunu<\/td>\r\n<td>ASTM A194 2H \/ 8 \/ 8M<\/td>\r\n<\/tr>\r\n<tr>\r\n<td>5<\/td>\r\n<td>Kaput Contas\u0131<\/td>\r\n<td>Grafit +SS316<\/td>\r\n<\/tr>\r\n<tr>\r\n<td>6<\/td>\r\n<td>Koltuk Halkas\u0131<\/td>\r\n<td>V\u0130TON<\/td>\r\n<\/tr>\r\n<tr>\r\n<td>7<\/td>\r\n<td>Top<\/td>\r\n<td>D\u00f6vme \u00c7elik<\/td>\r\n<\/tr>\r\n<tr>\r\n<td>8<\/td>\r\n<td>K\u00f6k<\/td>\r\n<td>ASTM A276 304 \/ 316<\/td>\r\n<\/tr>\r\n<tr>\r\n<td>9<\/td>\r\n<td>K\u00f6k Ambalaj<\/td>\r\n<td>Grafit<\/td>\r\n<\/tr>\r\n<tr>\r\n<td>10<\/td>\r\n<td>Bez<\/td>\r\n<td>Paslanmaz \u00c7elik<\/td>\r\n<\/tr>\r\n<tr>\r\n<td>11<\/td>\r\n<td>Durdurma Tasmas\u0131<\/td>\r\n<td>ANSI 1025<\/td>\r\n<\/tr>\r\n<\/tbody>\r\n<\/table>\r\n<\/figure>","protected":false},"excerpt":{"rendered":"<p>K\u00fcresel vana \u015fu anda en yayg\u0131n kullan\u0131lan vanad\u0131r ve farkl\u0131 end\u00fcstrilere uygun olacak \u015fekilde farkl\u0131 tiplerde yap\u0131labilir. \u2026 <a title=\"\u00dc\u00e7 Par\u00e7al\u0131 K\u00fcresel Vana\" class=\"read-more\" href=\"https:\/\/zecovalve.com\/tr\/urun\/three-piece-ball-valve\" aria-label=\"\u00dc\u00e7 Par\u00e7al\u0131 K\u00fcresel Vana hakk\u0131nda daha fazlas\u0131\">Daha fazla bilgi edinin<\/a><\/p>","protected":false},"featured_media":27857,"comment_status":"closed","ping_status":"closed","template":"","meta":{"_generate-full-width-content":"","kt_blocks_editor_width":""},"product_cat":[2047,2465],"product_tag":[3089],"class_list":["post-16303","product","type-product","status-publish","has-post-thumbnail","hentry","product_cat-ball-valve","product_cat-forged-steel-ball-valve","product_tag-3-piece-ball-valve","sales-flash-overlay","woocommerce-text-align-center","woocommerce-image-align-center","do-quantity-buttons"],"featured_image_src_large":["https:\/\/zecovalve.com\/wp-content\/uploads\/2022\/06\/Three-Piece-Ball-Valve-8.jpg",800,600,false],"author_info":[],"comment_info":0,"taxonomy_info":{"product_cat":[{"value":2047,"label":"Ball Valve"},{"value":2465,"label":"Forged Ball Valve"}],"product_tag":[{"value":3089,"label":"3 Piece Ball Valve"}]},"yoast_head":"<!-- This site is optimized with the Yoast SEO Premium plugin v15.4 - https:\/\/yoast.com\/wordpress\/plugins\/seo\/ -->\n<title>Three Piece Ball Valve - 3 Piece Ball Valve Manufacturer | ZECO Valve<\/title>\n<meta name=\"robots\" content=\"index, follow, max-snippet:-1, max-image-preview:large, max-video-preview:-1\" \/>\n<link rel=\"canonical\" href=\"https:\/\/zecovalve.com\/tr\/urun\/three-piece-ball-valve\" \/>\n<meta property=\"og:locale\" content=\"tr_TR\" \/>\n<meta property=\"og:type\" content=\"article\" \/>\n<meta property=\"og:title\" content=\"Three Piece Ball Valve - 3 Piece Ball Valve Manufacturer | ZECO Valve\" \/>\n<meta property=\"og:description\" content=\"Ball valve is currently the most widely used valve, it can be made into different types to be suitable for different industries. ... Read more\" \/>\n<meta property=\"og:url\" content=\"https:\/\/zecovalve.com\/tr\/urun\/three-piece-ball-valve\" \/>\n<meta property=\"og:site_name\" content=\"ZECO Valve\" \/>\n<meta property=\"article:modified_time\" content=\"2023-06-07T07:04:57+00:00\" \/>\n<meta property=\"og:image\" content=\"https:\/\/zecovalve.com\/wp-content\/uploads\/2022\/06\/Three-Piece-Ball-Valve-8.jpg\" \/>\n\t<meta property=\"og:image:width\" content=\"800\" \/>\n\t<meta property=\"og:image:height\" content=\"600\" \/>\n<meta name=\"twitter:card\" content=\"summary_large_image\" \/>\n<meta name=\"twitter:label1\" content=\"Yazan:\">\n\t<meta name=\"twitter:data1\" content=\"Jerry\">\n\t<meta name=\"twitter:label2\" content=\"Tahmini okuma s\u00fcresi\">\n\t<meta name=\"twitter:data2\" content=\"1 dakika\">\n<script type=\"application\/ld+json\" class=\"yoast-schema-graph\">{\"@context\":\"https:\/\/schema.org\",\"@graph\":[{\"@type\":\"WebSite\",\"@id\":\"https:\/\/zecovalve.com\/#website\",\"url\":\"https:\/\/zecovalve.com\/\",\"name\":\"ZECO Valve\",\"description\":\"Industrial Ball Valve, Gate Valve and Globe Valve Manufacturer\",\"potentialAction\":[{\"@type\":\"SearchAction\",\"target\":\"https:\/\/zecovalve.com\/?s={search_term_string}\",\"query-input\":\"required name=search_term_string\"}],\"inLanguage\":\"tr\"},{\"@type\":\"ImageObject\",\"@id\":\"https:\/\/zecovalve.com\/product\/three-piece-ball-valve#primaryimage\",\"inLanguage\":\"tr\",\"url\":\"https:\/\/zecovalve.com\/wp-content\/uploads\/2022\/06\/Three-Piece-Ball-Valve-8.jpg\",\"width\":800,\"height\":600,\"caption\":\"Three Piece Ball Valve\"},{\"@type\":\"WebPage\",\"@id\":\"https:\/\/zecovalve.com\/product\/three-piece-ball-valve#webpage\",\"url\":\"https:\/\/zecovalve.com\/product\/three-piece-ball-valve\",\"name\":\"Three Piece Ball Valve - 3 Piece Ball Valve Manufacturer | ZECO Valve\",\"isPartOf\":{\"@id\":\"https:\/\/zecovalve.com\/#website\"},\"primaryImageOfPage\":{\"@id\":\"https:\/\/zecovalve.com\/product\/three-piece-ball-valve#primaryimage\"},\"datePublished\":\"2022-06-20T13:31:28+00:00\",\"dateModified\":\"2023-06-07T07:04:57+00:00\",\"breadcrumb\":{\"@id\":\"https:\/\/zecovalve.com\/product\/three-piece-ball-valve#breadcrumb\"},\"inLanguage\":\"tr\",\"potentialAction\":[{\"@type\":\"ReadAction\",\"target\":[\"https:\/\/zecovalve.com\/product\/three-piece-ball-valve\"]}]},{\"@type\":\"BreadcrumbList\",\"@id\":\"https:\/\/zecovalve.com\/product\/three-piece-ball-valve#breadcrumb\",\"itemListElement\":[{\"@type\":\"ListItem\",\"position\":1,\"item\":{\"@type\":\"WebPage\",\"@id\":\"https:\/\/zecovalve.com\/\",\"url\":\"https:\/\/zecovalve.com\/\",\"name\":\"Home\"}},{\"@type\":\"ListItem\",\"position\":2,\"item\":{\"@type\":\"WebPage\",\"@id\":\"https:\/\/zecovalve.com\/product-category\",\"url\":\"https:\/\/zecovalve.com\/product-category\",\"name\":\"Industrial Valve Manufacturer | Water Valve Manufacturer\"}},{\"@type\":\"ListItem\",\"position\":3,\"item\":{\"@type\":\"WebPage\",\"@id\":\"https:\/\/zecovalve.com\/product\/three-piece-ball-valve\",\"url\":\"https:\/\/zecovalve.com\/product\/three-piece-ball-valve\",\"name\":\"Three Piece Ball Valve\"}}]}]}<\/script>\n<!-- \/ Yoast SEO Premium plugin. -->","_links":{"self":[{"href":"https:\/\/zecovalve.com\/tr\/wp-json\/wp\/v2\/product\/16303","targetHints":{"allow":["GET"]}}],"collection":[{"href":"https:\/\/zecovalve.com\/tr\/wp-json\/wp\/v2\/product"}],"about":[{"href":"https:\/\/zecovalve.com\/tr\/wp-json\/wp\/v2\/types\/product"}],"replies":[{"embeddable":true,"href":"https:\/\/zecovalve.com\/tr\/wp-json\/wp\/v2\/comments?post=16303"}],"wp:featuredmedia":[{"embeddable":true,"href":"https:\/\/zecovalve.com\/tr\/wp-json\/wp\/v2\/media\/27857"}],"wp:attachment":[{"href":"https:\/\/zecovalve.com\/tr\/wp-json\/wp\/v2\/media?parent=16303"}],"wp:term":[{"taxonomy":"product_cat","embeddable":true,"href":"https:\/\/zecovalve.com\/tr\/wp-json\/wp\/v2\/product_cat?post=16303"},{"taxonomy":"product_tag","embeddable":true,"href":"https:\/\/zecovalve.com\/tr\/wp-json\/wp\/v2\/product_tag?post=16303"}],"curies":[{"name":"wp","href":"https:\/\/api.w.org\/{rel}","templated":true}]}}