{"id":16316,"date":"2022-06-20T13:36:19","date_gmt":"2022-06-20T13:36:19","guid":{"rendered":"https:\/\/zecovalve.com\/?post_type=product&#038;p=16316"},"modified":"2022-09-01T00:40:15","modified_gmt":"2022-09-01T00:40:15","slug":"8-inch-butterfly-valve","status":"publish","type":"product","link":"https:\/\/zecovalve.com\/tr\/urun\/8-inch-butterfly-valve","title":{"rendered":"8\u2033 Kelebek Vana"},"content":{"rendered":"<p>ZECO Valve, rekabet\u00e7i bir kelebek vana fiyat\u0131 sa\u011flayan profesyonel bir kelebek vana \u00fcreticisidir.<\/p>\r\n\r\n\r\n\r\n<figure class=\"wp-block-image size-full\"><img loading=\"lazy\" decoding=\"async\" class=\"alignnone size-medium wp-image-16949\" src=\"https:\/\/zecovalve.com\/wp-content\/uploads\/2022\/06\/butterfly-valve-1-300x200.jpg\" alt=\"\" width=\"300\" height=\"200\" srcset=\"https:\/\/zecovalve.com\/wp-content\/uploads\/2022\/06\/butterfly-valve-1-300x200.jpg 300w, https:\/\/zecovalve.com\/wp-content\/uploads\/2022\/06\/butterfly-valve-1.jpg 600w\" sizes=\"auto, (max-width: 300px) 100vw, 300px\" \/><\/figure>\r\n\r\n\r\n<div class=\"gb-button-wrapper gb-button-wrapper-6d8495a3\">\r\n\r\n\r\n<p><a class=\"gb-button gb-button-3d442e11 gb-button-text\" href=\"mailto:commercial@zecovalve.com\" target=\"_blank\" rel=\"noopener noreferrer\"><strong>8 IN\u00c7 KELEBEK VANA FIYATI ALIN<\/strong><\/a><\/p>\r\n<\/div>\r\n\r\n\r\n\r\n\r\n<h2 class=\"wp-block-heading\">8 \u0130n\u00e7 Kelebek Vana Nedir?<\/h2>\r\n\r\n\r\n\r\n<p>Kelebek vanalar y\u00fcksek performansl\u0131 yang\u0131ndan korunma sistemlerine hizmet eder ve gofret pabu\u00e7lu, yivli veya pres u\u00e7lu ba\u011flant\u0131lara sahip geni\u015f bir boyut aral\u0131\u011f\u0131nda mevcuttur. Kelebek vanalar ticari ve end\u00fcstriyel hizmetlerde \u00e7ift y\u00f6nl\u00fc \u00f6l\u00fc u\u00e7 hizmeti sa\u011flar ve bir\u00e7ok bak\u0131m gerektirmeyen d\u00f6ng\u00fc sa\u011flayabilir ve yine de \"kabarc\u0131k ge\u00e7irmez\" kapatmay\u0131 bar\u0131nd\u0131rabilir.<\/p>\r\n\r\n\r\n\r\n<p>ZECO 8 in\u00e7 kelebek vana, s\u0131zd\u0131rmazl\u0131k y\u00fczeyi olarak kau\u00e7uk veya Teflon malzemeyi benimser, bu yap\u0131 azaltabilir. Kelebek vana, bir\u00e7ok avantaj\u0131 payla\u015fan \u00e7e\u015fitli borularda kullan\u0131labilir: yap\u0131s\u0131 kompakt, kapatma h\u0131zl\u0131, s\u0131zd\u0131rmazl\u0131k kapasitesi s\u0131k\u0131la\u015ft\u0131r\u0131lm\u0131\u015f, kullan\u0131m\u0131 kolay ve kullan\u0131m \u00f6mr\u00fc uzundur. Kapatma i\u015flemi s\u0131ras\u0131nda a\u015f\u0131nma azd\u0131r. Vana \u00e7ift ofset yap\u0131sal olarak tasarland\u0131\u011f\u0131ndan, vana tamamen a\u00e7\u0131k oldu\u011funda, disk s\u0131zd\u0131rmazl\u0131\u011f\u0131 gev\u015feme durumundad\u0131r. Vana tamamen kapand\u0131\u011f\u0131nda, s\u0131zd\u0131rmazl\u0131k halkas\u0131 g\u00f6vde ve disk taraf\u0131ndan s\u0131k\u0131\u015ft\u0131r\u0131l\u0131r, b\u00f6ylece deformasyona neden olur, bu t\u00fcr esnek s\u0131zd\u0131rmazl\u0131k, s\u0131zd\u0131rmazl\u0131k kapasitesini en \u00fcst d\u00fczeye \u00e7\u0131kar\u0131r. S\u0131zd\u0131rmazl\u0131k y\u00fczeyi g\u00f6vde ile hassas bir \u015fekilde i\u015fbirli\u011fi yapar, ortam\u0131n y\u0131kanmas\u0131n\u0131 yeterince \u00f6nler ve vanan\u0131n \u00f6mr\u00fcn\u00fc uzat\u0131r. Vana, bir bas\u0131n\u00e7l\u0131 kap ve operasyonel makine i\u00e7in karma\u015f\u0131k bir yap\u0131ya sahiptir, vanan\u0131n bak\u0131m\u0131, ara s\u0131ra a\u00e7ma \/ kapama dikkate al\u0131nmal\u0131d\u0131r; Ayn\u0131 zamanda, esas olarak vanan\u0131n statik bas\u0131n\u00e7 durumu da dikkate al\u0131nmal\u0131d\u0131r. Vanan\u0131n belirli bir konumda tutulmas\u0131, vanan\u0131n \u00e7al\u0131\u015fma kapasitesini azaltabilir, bu durum hareketli par\u00e7alar \u00fczerinde a\u015f\u0131nd\u0131r\u0131c\u0131 maddelerin birikmesinden kaynaklan\u0131r. Baz\u0131 durumlarda, vana periyodik olarak a\u00e7\u0131k\/kapal\u0131 sirk\u00fcle edilmelidir. Bas\u0131n\u00e7 s\u0131n\u0131r\u0131n\u0131n sa\u011flaml\u0131\u011f\u0131, bas\u0131n\u00e7 ta\u015f\u0131yan par\u00e7alar\u0131n sa\u011flaml\u0131\u011f\u0131n\u0131 gerektirir, bas\u0131n\u00e7 ta\u015f\u0131yan par\u00e7alar d\u00fczenli olarak kontrol edilmelidir.<\/p>\r\n\r\n\r\n\r\n<h2 class=\"wp-block-heading\">8\u2033 Kelebek Vana Standartlar\u0131<\/h2>\r\n\r\n\r\n\r\n<figure class=\"wp-block-table\">\r\n<table>\r\n<tbody>\r\n<tr>\r\n<td>Tasar\u0131m Standard\u0131<\/td>\r\n<td>API 609, ASME B16.34, JIS B2064, GB\/T 12238<\/td>\r\n<\/tr>\r\n<tr>\r\n<td>Y\u00fcz Y\u00fcze<\/td>\r\n<td>API 609, DIN 3202, ISO 5752, BS 5155<\/td>\r\n<\/tr>\r\n<tr>\r\n<td>Flan\u015f Ucu<\/td>\r\n<td>DIN 2501, ASME B16.5, BS 4504, JIS 10K<\/td>\r\n<\/tr>\r\n<tr>\r\n<td>\u00dcst Flan\u015f<\/td>\r\n<td>ISO 5211<\/td>\r\n<\/tr>\r\n<tr>\r\n<td>Test Denetimi<\/td>\r\n<td>API 598, EN 12266-1<\/td>\r\n<\/tr>\r\n<\/tbody>\r\n<\/table>\r\n<\/figure>\r\n\r\n\r\n\r\n<h2 class=\"wp-block-heading\">Kelebek Vana 8 \u0130n\u00e7 Boyutlar\u0131 ve A\u011f\u0131rl\u0131\u011f\u0131<\/h2>\r\n\r\n\r\n\r\n<table border=\"=1\" width=\"800\">\r\n<tbody>\r\n<tr>\r\n<td rowspan=\"2\">Bas\u0131n\u00e7 Derecesi<\/td>\r\n<td style=\"text-align: center;\">Delik<\/td>\r\n<td style=\"text-align: center;\" colspan=\"3\">\u00a0Y\u00fcz Y\u00fcze Boyut (mm cinsinden)<\/td>\r\n<td style=\"text-align: center;\">A\u011f\u0131rl\u0131k<\/td>\r\n<\/tr>\r\n<tr>\r\n<td style=\"text-align: center;\">(mm cinsinden)<\/td>\r\n<td style=\"text-align: center;\">RF<\/td>\r\n<td style=\"text-align: center;\">Gofret<\/td>\r\n<td style=\"text-align: center;\">Lug<\/td>\r\n<td style=\"text-align: center;\">kg<\/td>\r\n<\/tr>\r\n<tr>\r\n<td>SINIF 150<\/td>\r\n<td style=\"text-align: center;\">201<\/td>\r\n<td style=\"text-align: center;\">292\/152<\/td>\r\n<td style=\"text-align: center;\">60\/64<\/td>\r\n<td style=\"text-align: center;\">60\/64<\/td>\r\n<td style=\"text-align: center;\">20<\/td>\r\n<\/tr>\r\n<tr>\r\n<td>SINIF 300<\/td>\r\n<td style=\"text-align: center;\">201<\/td>\r\n<td style=\"text-align: center;\">418\/230<\/td>\r\n<td style=\"text-align: center;\">73<\/td>\r\n<td style=\"text-align: center;\">73<\/td>\r\n<td style=\"text-align: center;\">35<\/td>\r\n<\/tr>\r\n<tr>\r\n<td>SINIF 600<\/td>\r\n<td style=\"text-align: center;\">201<\/td>\r\n<td style=\"text-align: center;\">660\/230<\/td>\r\n<td style=\"text-align: center;\">102<\/td>\r\n<td style=\"text-align: center;\">102<\/td>\r\n<td style=\"text-align: center;\">60<\/td>\r\n<\/tr>\r\n<\/tbody>\r\n<\/table>\r\n\r\n\r\n\r\n<h2 class=\"wp-block-heading\">8 \u0130n\u00e7 Kelebek Vana Malzemesi:<\/h2>\r\n\r\n\r\n\r\n<figure class=\"wp-block-table\">\r\n<table>\r\n<tbody>\r\n<tr>\r\n<td>Hay\u0131r<\/td>\r\n<td>Par\u00e7a<\/td>\r\n<td>Malzeme<\/td>\r\n<\/tr>\r\n<tr>\r\n<td>1<\/td>\r\n<td>V\u00fccut<\/td>\r\n<td>D\u00f6kme Demir \/ Sfero D\u00f6k\u00fcm \/ Karbon \u00c7elik \/ Paslanmaz \u00c7elik<\/td>\r\n<\/tr>\r\n<tr>\r\n<td>2<\/td>\r\n<td>Disk<\/td>\r\n<td>D\u00f6kme Demir \/ Sfero D\u00f6k\u00fcm \/ Karbon \u00c7elik \/ Paslanmaz \u00c7elik<\/td>\r\n<\/tr>\r\n<tr>\r\n<td>3<\/td>\r\n<td>K\u00f6k<\/td>\r\n<td>Paslanmaz \u00c7elik<\/td>\r\n<\/tr>\r\n<tr>\r\n<td>4<\/td>\r\n<td>Koltuk<\/td>\r\n<td>EPDM \/ NBR \/ PTFE \/ VITON \/ HYPALON \/ SS304 \/ SS304 +Grafit<\/td>\r\n<\/tr>\r\n<tr>\r\n<td>5<\/td>\r\n<td>K\u00f6k Ambalaj<\/td>\r\n<td>EPDM \/ NBR \/ Grafit<\/td>\r\n<\/tr>\r\n<\/tbody>\r\n<\/table>\r\n<\/figure>\r\n\r\n\r\n\r\n<h2 class=\"wp-block-heading\">Kelebek Vana 8 \u0130n\u00e7 \u00d6zellikleri<\/h2>\r\n\r\n\r\n\r\n<ul class=\"wp-block-list\">\r\n<li>ZECO 8 in\u00e7 kelebek vana, metalden metale koltuk halkas\u0131 veya esnek koltuk halkas\u0131 se\u00e7ebilir;<\/li>\r\n<li>ZECO 8 in\u00e7 kelebek vanan\u0131n boyunduru\u011fu ISO 5211 standard\u0131na g\u00f6re tasarlanm\u0131\u015ft\u0131r ve bir elektrikli akt\u00fcat\u00f6r, pn\u00f6matik akt\u00fcat\u00f6r, hidrolik akt\u00fcat\u00f6r ile ba\u011flan\u0131r ve manuel olarak \u00e7al\u0131\u015ft\u0131r\u0131l\u0131r;<\/li>\r\n<li>ZECO 8 in\u00e7 kelebek vana, de\u011fi\u015ftirilebilir bir s\u0131zd\u0131rmazl\u0131k halkas\u0131 tasar\u0131m\u0131na sahiptir;<\/li>\r\n<li>ZECO 8 in\u00e7 kelebek vana metal yap\u0131ya metal se\u00e7erse, yang\u0131n g\u00fcvenli\u011fi tasar\u0131m\u0131na ve yap\u0131s\u0131na sahip olabilir, metal oturma yap\u0131s\u0131 vanay\u0131 yang\u0131na kar\u015f\u0131 g\u00fcvenli hale getirir ve API 607'deki gereksinimi kar\u015f\u0131lar.<\/li>\r\n<li>Minimum bas\u0131n\u00e7 kayb\u0131<\/li>\r\n<li>Kolay a\u00e7\u0131l\u0131r ve kapan\u0131r<\/li>\r\n<li>\u0130yi s\u0131zd\u0131rmazl\u0131k<\/li>\r\n<li>Kompakt tasar\u0131m<\/li>\r\n<li>Montaj s\u0131ras\u0131nda diskin kolay hareketi kontrol edilmelidir<\/li>\r\n<\/ul>\r\n\r\n\r\n\r\n<h2 class=\"wp-block-heading\">8\u2033 Kelebek Vana Uygulamalar\u0131<\/h2>\r\n\r\n\r\n\r\n<ul class=\"wp-block-list\">\r\n<li>Is\u0131tma ve iklimlendirme sistemleri<\/li>\r\n<li>Su ar\u0131tma sistemi<\/li>\r\n<li>Madencilik end\u00fcstrisi<\/li>\r\n<li>Gemi \u0130n\u015faat\u0131<\/li>\r\n<li>Kimya end\u00fcstrisi<\/li>\r\n<li>G\u0131da end\u00fcstrisi<\/li>\r\n<li>Petrol ve gaz end\u00fcstrisi<\/li>\r\n<li>Yang\u0131n s\u00f6nd\u00fcrme sistemi<\/li>\r\n<\/ul>","protected":false},"excerpt":{"rendered":"<p>ZECO Vana, rekabet\u00e7i bir kelebek vana fiyat\u0131 sa\u011flayan profesyonel bir kelebek vana \u00fcreticisidir. 8 \u0130n\u00e7 Kelebek Vana Nedir? Kelebek vana \u2026 <a title=\"8\u2033 Kelebek Vana\" class=\"read-more\" href=\"https:\/\/zecovalve.com\/tr\/urun\/8-inch-butterfly-valve\" aria-label=\"8\u2033 Kelebek Vana hakk\u0131nda daha fazla bilgi\">Daha fazla bilgi edinin<\/a><\/p>","protected":false},"featured_media":16949,"comment_status":"closed","ping_status":"closed","template":"","meta":{"_generate-full-width-content":"","kt_blocks_editor_width":""},"product_cat":[2044,2470],"product_tag":[2806,2801],"class_list":["post-16316","product","type-product","status-publish","has-post-thumbnail","hentry","product_cat-butterfly-valve","product_cat-butterfly-valve-by-inch","product_tag-butterfly-valve-wafer-type","product_tag-wafer-type-butterfly-valve","sales-flash-overlay","woocommerce-text-align-center","woocommerce-image-align-center","do-quantity-buttons"],"featured_image_src_large":["https:\/\/zecovalve.com\/wp-content\/uploads\/2022\/06\/butterfly-valve-1.jpg",600,400,false],"author_info":[],"comment_info":0,"taxonomy_info":{"product_cat":[{"value":2044,"label":"Butterfly Valve"},{"value":2470,"label":"Butterfly Valve By Inch"}],"product_tag":[{"value":2806,"label":"Butterfly Valve Wafer Type"},{"value":2801,"label":"Wafer Type Butterfly Valve"}]},"yoast_head":"<!-- This site is optimized with the Yoast SEO Premium plugin v15.4 - https:\/\/yoast.com\/wordpress\/plugins\/seo\/ -->\n<title>8&quot; Butterfly Valve - Butterfly Valve 8 Inch | 8 Inch Butterfly Valve Price | ZECO<\/title>\n<meta name=\"robots\" content=\"index, follow, max-snippet:-1, max-image-preview:large, max-video-preview:-1\" \/>\n<link rel=\"canonical\" href=\"https:\/\/zecovalve.com\/tr\/urun\/8-inch-butterfly-valve\" \/>\n<meta property=\"og:locale\" content=\"tr_TR\" \/>\n<meta property=\"og:type\" content=\"article\" \/>\n<meta property=\"og:title\" content=\"8&quot; Butterfly Valve - Butterfly Valve 8 Inch | 8 Inch Butterfly Valve Price | ZECO\" \/>\n<meta property=\"og:description\" content=\"ZECO Valve is a professional butterfly valve manufacturer, providing a competitive butterfly valve price. What is 8 Inch Butterfly Valve? Butterfly valves ... Read more\" \/>\n<meta property=\"og:url\" content=\"https:\/\/zecovalve.com\/tr\/urun\/8-inch-butterfly-valve\" \/>\n<meta property=\"og:site_name\" content=\"ZECO Valve\" \/>\n<meta property=\"article:modified_time\" content=\"2022-09-01T00:40:15+00:00\" \/>\n<meta property=\"og:image\" content=\"https:\/\/zecovalve.com\/wp-content\/uploads\/2022\/06\/butterfly-valve-1.jpg\" \/>\n\t<meta property=\"og:image:width\" content=\"600\" \/>\n\t<meta property=\"og:image:height\" content=\"400\" \/>\n<meta name=\"twitter:card\" content=\"summary_large_image\" \/>\n<meta name=\"twitter:label1\" content=\"Yazan:\">\n\t<meta name=\"twitter:data1\" content=\"Jerry\">\n\t<meta name=\"twitter:label2\" content=\"Tahmini okuma s\u00fcresi\">\n\t<meta name=\"twitter:data2\" content=\"2 dakika\">\n<script type=\"application\/ld+json\" class=\"yoast-schema-graph\">{\"@context\":\"https:\/\/schema.org\",\"@graph\":[{\"@type\":\"WebSite\",\"@id\":\"https:\/\/zecovalve.com\/#website\",\"url\":\"https:\/\/zecovalve.com\/\",\"name\":\"ZECO Valve\",\"description\":\"Industrial Ball Valve, Gate Valve and Globe Valve Manufacturer\",\"potentialAction\":[{\"@type\":\"SearchAction\",\"target\":\"https:\/\/zecovalve.com\/?s={search_term_string}\",\"query-input\":\"required name=search_term_string\"}],\"inLanguage\":\"tr\"},{\"@type\":\"ImageObject\",\"@id\":\"https:\/\/zecovalve.com\/product\/8-inch-butterfly-valve#primaryimage\",\"inLanguage\":\"tr\",\"url\":\"https:\/\/zecovalve.com\/wp-content\/uploads\/2022\/06\/butterfly-valve-1.jpg\",\"width\":600,\"height\":400},{\"@type\":\"WebPage\",\"@id\":\"https:\/\/zecovalve.com\/product\/8-inch-butterfly-valve#webpage\",\"url\":\"https:\/\/zecovalve.com\/product\/8-inch-butterfly-valve\",\"name\":\"8\\\" Butterfly Valve - Butterfly Valve 8 Inch | 8 Inch Butterfly Valve Price | ZECO\",\"isPartOf\":{\"@id\":\"https:\/\/zecovalve.com\/#website\"},\"primaryImageOfPage\":{\"@id\":\"https:\/\/zecovalve.com\/product\/8-inch-butterfly-valve#primaryimage\"},\"datePublished\":\"2022-06-20T13:36:19+00:00\",\"dateModified\":\"2022-09-01T00:40:15+00:00\",\"breadcrumb\":{\"@id\":\"https:\/\/zecovalve.com\/product\/8-inch-butterfly-valve#breadcrumb\"},\"inLanguage\":\"tr\",\"potentialAction\":[{\"@type\":\"ReadAction\",\"target\":[\"https:\/\/zecovalve.com\/product\/8-inch-butterfly-valve\"]}]},{\"@type\":\"BreadcrumbList\",\"@id\":\"https:\/\/zecovalve.com\/product\/8-inch-butterfly-valve#breadcrumb\",\"itemListElement\":[{\"@type\":\"ListItem\",\"position\":1,\"item\":{\"@type\":\"WebPage\",\"@id\":\"https:\/\/zecovalve.com\/\",\"url\":\"https:\/\/zecovalve.com\/\",\"name\":\"Home\"}},{\"@type\":\"ListItem\",\"position\":2,\"item\":{\"@type\":\"WebPage\",\"@id\":\"https:\/\/zecovalve.com\/product-category\",\"url\":\"https:\/\/zecovalve.com\/product-category\",\"name\":\"Industrial Valve Manufacturer | Water Valve Manufacturer\"}},{\"@type\":\"ListItem\",\"position\":3,\"item\":{\"@type\":\"WebPage\",\"@id\":\"https:\/\/zecovalve.com\/product\/8-inch-butterfly-valve\",\"url\":\"https:\/\/zecovalve.com\/product\/8-inch-butterfly-valve\",\"name\":\"8&#8243; Butterfly Valve\"}}]}]}<\/script>\n<!-- \/ Yoast SEO Premium plugin. -->","_links":{"self":[{"href":"https:\/\/zecovalve.com\/tr\/wp-json\/wp\/v2\/product\/16316","targetHints":{"allow":["GET"]}}],"collection":[{"href":"https:\/\/zecovalve.com\/tr\/wp-json\/wp\/v2\/product"}],"about":[{"href":"https:\/\/zecovalve.com\/tr\/wp-json\/wp\/v2\/types\/product"}],"replies":[{"embeddable":true,"href":"https:\/\/zecovalve.com\/tr\/wp-json\/wp\/v2\/comments?post=16316"}],"wp:featuredmedia":[{"embeddable":true,"href":"https:\/\/zecovalve.com\/tr\/wp-json\/wp\/v2\/media\/16949"}],"wp:attachment":[{"href":"https:\/\/zecovalve.com\/tr\/wp-json\/wp\/v2\/media?parent=16316"}],"wp:term":[{"taxonomy":"product_cat","embeddable":true,"href":"https:\/\/zecovalve.com\/tr\/wp-json\/wp\/v2\/product_cat?post=16316"},{"taxonomy":"product_tag","embeddable":true,"href":"https:\/\/zecovalve.com\/tr\/wp-json\/wp\/v2\/product_tag?post=16316"}],"curies":[{"name":"wp","href":"https:\/\/api.w.org\/{rel}","templated":true}]}}